
{"id":19839,"date":"2019-02-05T15:58:08","date_gmt":"2019-02-05T15:58:08","guid":{"rendered":"https:\/\/prograin.ca\/entreprise\/a-propos-de-nous-2\/"},"modified":"2019-07-19T17:22:55","modified_gmt":"2019-07-19T17:22:55","slug":"about-us","status":"publish","type":"page","link":"https:\/\/prograin.ca\/ca-west\/en\/company\/about-us\/","title":{"rendered":"About Us"},"content":{"rendered":"\n<div class=\"wp-block-balise-section-block alignfull _sectionblock has-1-columns\">\n<div class=\" verticalbg\" style=\"color:#ffffff;background-image:url(https:\/\/prograin.ca\/app\/uploads\/2018\/12\/a_propos_de_nous.jpg);background-size:cover;padding-top:60px;padding-bottom:100px;padding-left:10px;padding-right:10px\"><div class=\"verticalbg\" style=\"background-image:url(https:\/\/prograin.ca\/app\/uploads\/2019\/02\/bg_club_quali-pro.jpg);background-size:cover\"><\/div><div class=\"inside\" style=\"margin:0 auto\">\n<div class=\"wp-block-balise-section-block _sectionblock has-1-columns\">\n<div class=\"\" style=\"background-size:cover;padding-top:30px;padding-bottom:60px\"><div class=\"verticalbg\" style=\"background-size:cover\"><\/div><div class=\"inside\" style=\"margin:0 auto\">\n<h3 id=\"mce_19\">Our values shape our identity and guide all our decisions.<\/h3>\n<\/div><\/div>\n<\/div>\n\n\n\n<div class=\"wp-container-3 wp-block-columns has-2-columns\">\n<div class=\"wp-container-1 wp-block-column\">\n<h3 class=\"is-style-orange\">Commitment to excellence<\/h3>\n\n\n\n<p>The constant desire to excel and to offer superior quality products and services is in our genes. Each member of our team works with passion and rigour and makes a point of being thorough.<\/p>\n<\/div>\n\n\n\n<div class=\"wp-container-2 wp-block-column\">\n<h3 class=\"is-style-orange\">Integrity<\/h3>\n\n\n\n<p>Integrity is one of our fundamental values. The transparency and honesty of our team are the keys to the enviable reputation we have established, and they have allowed us to become internationally recognized.<\/p>\n<\/div>\n<\/div>\n<\/div><\/div>\n<\/div>\n\n\n\n<div class=\"wp-block-balise-section-block alignfull _sectionblock has-1-columns\">\n<div class=\"\" style=\"background-size:cover;padding-top:60px;padding-bottom:60px;padding-left:10px;padding-right:10px\"><div class=\"verticalbg\" style=\"background-size:cover\"><\/div><div class=\"inside\" style=\"margin:0 auto\">\n<figure class=\"wp-block-embed-vimeo alignfull wp-block-embed is-type-video is-provider-vimeo wp-embed-aspect-16-9 wp-has-aspect-ratio, hide-mobile wp-has-aspect-ratio\"><div class=\"wp-block-embed__wrapper\">\n<iframe loading=\"lazy\" src=\"https:\/\/player.vimeo.com\/video\/323484533?dnt=1&#038;app_id=122963\" width=\"500\" height=\"281\" frameborder=\"0\" title=\"PROGRAIN _ ANGLAIS_originale\" allow=\"autoplay; fullscreen\" allowfullscreen><\/iframe>\n<\/div><\/figure>\n<\/div><\/div>\n<\/div>\n\n\n\n<div class=\"wp-block-balise-section-block alignwide _sectionblock has-1-columns\">\n<div class=\"\" style=\"background-size:cover;padding-top:50px;padding-bottom:60px;padding-left:10px;padding-right:10px\"><div class=\"verticalbg\" style=\"background-size:cover\"><\/div><div class=\"inside\" style=\"margin:0 auto\">\n<div class=\"wp-container-6 wp-block-columns has-2-columns\">\n<div class=\"wp-container-4 wp-block-column\">\n<h3 class=\"is-style-orange\">Respect<\/h3>\n\n\n\n<p>Respect comes in many forms at Prograin: respect for people (employees, suppliers, customers, and partners), nature, our raw materials, our products, standards, or simply for the commitments we make every day.<\/p>\n<\/div>\n\n\n\n<div class=\"wp-container-5 wp-block-column\">\n<h3 class=\"is-style-orange\">Vitality<\/h3>\n\n\n\n<p>Vitality is the cornerstone of our success. In fact, the energy that our team constantly deploys to push back boundaries, innovate, and ensure the highest quality of its work enables us to achieve our ultimate objective, which is to offer what is best and always make it better.<\/p>\n<\/div>\n<\/div>\n\n\n\n<div style=\"height:50px\" aria-hidden=\"true\" class=\"wp-block-spacer\"><\/div>\n\n\n\n<div class=\"wp-container-9 wp-block-columns has-2-columns\">\n<div class=\"wp-container-7 wp-block-column\">\n<h3 class=\"is-style-orange\">Customer loyalty<\/h3>\n\n\n\n<p>Exceed our customer\u2019s expectations, be attentive and proactive regarding their needs, and ensure that we support and advise them properly. These are the key ingredients that we cultivate in order to consolidate our business relations and ensure our customers are fully satisfied!<\/p>\n<\/div>\n\n\n\n<div class=\"wp-container-8 wp-block-column\">\n<div class=\"wp-block-balise-section-block _sectionblock has-1-columns\">\n<div class=\"\" style=\"background-size:cover;padding-left:10px;padding-right:10px\"><div class=\"verticalbg\" style=\"background-size:cover\"><\/div><div class=\"inside\" style=\"margin:0 auto\">\n<h2> <\/h2>\n\n\n\n<p><\/p>\n<\/div><\/div>\n<\/div>\n<\/div>\n<\/div>\n<\/div><\/div>\n<\/div>\n\n\n\n<div class=\"wp-block-balise-section-block alignfull _sectionblock has-1-columns\">\n<div class=\"\" style=\"color:#ffffff;background-image:url(https:\/\/prograin.ca\/app\/uploads\/2018\/12\/qui_nous_sommes.jpg);background-size:cover;padding-top:150px;padding-bottom:150px;padding-left:10px;padding-right:10px\"><div class=\"verticalbg\" style=\"background-size:cover\"><\/div><div class=\"inside\" style=\"margin:0 auto\">\n<h2>Who we are<\/h2>\n\n\n\n<div class=\"wp-container-12 wp-block-columns has-2-columns\">\n<div class=\"wp-container-10 wp-block-column\">\n<p>Prograin is the largest private value-added soybean company in Canada. Our outstanding expertise and advanced technologies have made us a world leader in the development, conditioning  and marketing of superior quality soybeans.<\/p>\n<\/div>\n\n\n\n<div class=\"wp-container-11 wp-block-column\">\n<p>Our activities are centred in Saint-C\u00e9saire, in the heart of the province of Quebec, not far from the Port of Montr\u00e9al. Our <a href=\"https:\/\/prograin.ca\/ca-west\/research-and-development\/\">research centre<\/a> and <a href=\"https:\/\/prograin.ca\/ca-west\/food-grade-soybeans\/conditioning\/\">conditioning centre<\/a>  are among the world\u2019s most modern.<\/p>\n<\/div>\n<\/div>\n<\/div><\/div>\n<\/div>\n\n\n\n<div class=\"wp-block-balise-section-block _sectionblock has-1-columns\">\n<div class=\"\" style=\"background-size:cover;padding-top:50px;padding-bottom:60px;padding-left:10px;padding-right:10px\"><div class=\"verticalbg\" style=\"background-size:cover\"><\/div><div class=\"inside\" style=\"margin:0 auto\">\n<h2 class=\"is-style-orange\">Our seeds. Our pride.<\/h2>\n\n\n\n<div class=\"wp-container-15 wp-block-columns has-2-columns\">\n<div class=\"wp-container-13 wp-block-column\">\n<p>What sets us apart is our varieties of early maturing soybeans, which are adapted to the climatic conditions of short season growing areas (groups 000 to 1).<\/p>\n<\/div>\n\n\n\n<div class=\"wp-container-14 wp-block-column\">\n<p>With more than 100 varieties developed and continually improved at our state-of-the-art research centre, we are positioning ourselves as a key player in Canada and abroad, with the ultimate goal of offering the best varieties and the best seed quality to our customers.<\/p>\n<\/div>\n<\/div>\n\n\n\n<div style=\"height:100px\" aria-hidden=\"true\" class=\"wp-block-spacer\"><\/div>\n\n\n\n<div class=\"wp-container-18 wp-block-columns has-2-columns\">\n<div class=\"wp-container-16 wp-block-column\">\n<div style=\"height:100px\" aria-hidden=\"true\" class=\"wp-block-spacer\"><\/div>\n\n\n\n<h2 class=\"is-style-orange\">Soybeans, our reason for being<\/h2>\n\n\n\n<p>The soybean varieties we develop at our <a href=\"https:\/\/prograin.ca\/ca-west\/research-and-development\/\">research centre<\/a> allow us to offer high-quality food-grade soybeans with properties specifically sought after in the local and international markets.<br><\/p>\n\n\n\n<p>Our activities are fully integrated to provide listening, service and ongoing support to all our customers.<\/p>\n<\/div>\n\n\n\n<div class=\"wp-container-17 wp-block-column\">\n<figure class=\"wp-block-image hide-mobile\"><img loading=\"lazy\" width=\"719\" height=\"580\" src=\"https:\/\/prograin.ca\/app\/uploads\/2019\/02\/PG-cercle-int-2019-eng.jpg\" alt=\"\" class=\"wp-image-19937\" srcset=\"https:\/\/prograin.ca\/app\/uploads\/sites\/4\/2019\/02\/PG-cercle-int-2019-eng.jpg 719w, https:\/\/prograin.ca\/app\/uploads\/sites\/4\/2019\/02\/PG-cercle-int-2019-eng-300x242.jpg 300w\" sizes=\"(max-width: 719px) 100vw, 719px\" \/><\/figure>\n<\/div>\n<\/div>\n<\/div><\/div>\n<\/div>\n\n\n\n<div class=\"wp-block-balise-section-block alignfull _sectionblock has-1-columns\">\n<div class=\"\" style=\"color:#ffffff;background-image:url(https:\/\/prograin.ca\/app\/uploads\/2018\/12\/rayonnement.jpg);background-size:cover;padding-top:40px;padding-bottom:100px;padding-left:10px;padding-right:10px\"><div class=\"verticalbg\" style=\"background-size:cover\"><\/div><div class=\"inside\" style=\"margin:0 auto\">\n<h2>International reputation<\/h2>\n\n\n\n<h3>We are proud to export Canadian producers\u2019 harvests all over the world!<\/h3>\n\n\n\n<div class=\"wp-container-21 wp-block-columns has-2-columns\">\n<div class=\"wp-container-19 wp-block-column\">\n<p>In Europe and Asia, our soybeans are valued as much for their nutritional characteristics as they are for our team\u2019s human and passionate approach.<\/p>\n<\/div>\n\n\n\n<div class=\"wp-container-20 wp-block-column\">\n<p>Chance has nothing to do with the strength, durability, and authenticity of the relationships we have been and are still building with our clients around the world. We truly believe in their success and make every effort to contribute to it.<\/p>\n<\/div>\n<\/div>\n<\/div><\/div>\n<\/div>\n\n\n\n<div class=\"wp-block-balise-section-block alignfull _sectionblock has-1-columns hide-mobile, hide-tablet\">\n<div class=\"\" style=\"background-image:url(https:\/\/prograin.ca\/app\/uploads\/2018\/12\/carte-2.jpg);background-size:cover;padding-left:10px;padding-right:10px\"><div class=\"verticalbg\" style=\"background-size:cover\"><\/div><div class=\"inside\" style=\"margin:0 auto\">\n<div style=\"height:100px\" aria-hidden=\"true\" class=\"wp-block-spacer\"><\/div>\n\n\n\n<h2 class=\"is-style-orange\">We are internationally renowned, and the company feeds the regional economy as well as millions of people worldwide.<\/h2>\n\n\n\n<p>Our soybeans around the world<\/p>\n\n\n\n<div class=\"wp-container-25 wp-block-columns has-3-columns\">\n<div class=\"wp-container-22 wp-block-column\">\n<p style=\"text-align:left\"><img loading=\"lazy\" width=\"66\" height=\"40\" class=\"wp-image-19249\" style=\"width: 66px;\" src=\"https:\/\/prograin.ca\/app\/uploads\/2018\/12\/CANADA_1_@2x.png\" alt=\"\"> CANADA<\/p>\n\n\n\n<p><img class=\"wp-image-19250\" style=\"width: 53px;\" src=\"https:\/\/prograin.ca\/app\/uploads\/2018\/12\/USA_1_@2x.png\" alt=\"\" height=\"32\">&nbsp;UNITED STATES<\/p>\n\n\n\n<p><img loading=\"lazy\" width=\"66\" height=\"40\" class=\"wp-image-19258\" style=\"width: 66px;\" src=\"https:\/\/prograin.ca\/app\/uploads\/2018\/12\/MALAYSIA_1_@2x.png\" alt=\"\">MALAYSIA<\/p>\n\n\n\n<p><img loading=\"lazy\" width=\"66\" height=\"40\" class=\"wp-image-19259\" style=\"width: 66px;\" src=\"https:\/\/prograin.ca\/app\/uploads\/2018\/12\/JAPAN_1_2x.png\" alt=\"\">JAPAN&nbsp;<\/p>\n\n\n\n<p><img loading=\"lazy\" width=\"66\" height=\"40\" class=\"wp-image-19262\" style=\"width: 66px;\" src=\"https:\/\/prograin.ca\/app\/uploads\/2018\/12\/THAILANDE2x.png\" alt=\"\">THAILAND<\/p>\n\n\n\n<p><img loading=\"lazy\" width=\"66\" height=\"44\" class=\"wp-image-19260\" style=\"width: 66px;\" src=\"https:\/\/prograin.ca\/app\/uploads\/2018\/12\/TAIWAN2x.png\" alt=\"\">TAIWAN<\/p>\n<\/div>\n\n\n\n<div class=\"wp-container-23 wp-block-column\">\n<p><img loading=\"lazy\" width=\"68\" height=\"40\" class=\"wp-image-19270\" style=\"width: 68px;\" src=\"https:\/\/prograin.ca\/app\/uploads\/2018\/12\/FRANCE_1_2x.png\" alt=\"\">FRANCE<\/p>\n\n\n\n<p><img loading=\"lazy\" width=\"68\" height=\"40\" class=\"wp-image-19271\" style=\"width: 68px;\" src=\"https:\/\/prograin.ca\/app\/uploads\/2018\/12\/SPAIN_1_2x.png\" alt=\"\">SPAIN<\/p>\n\n\n\n<p><img loading=\"lazy\" width=\"66\" height=\"40\" class=\"wp-image-19272\" style=\"width: 66px;\" src=\"https:\/\/prograin.ca\/app\/uploads\/2018\/12\/GERMANY_2x.png\" alt=\"\">GERMANY<\/p>\n\n\n\n<p><img loading=\"lazy\" width=\"68\" height=\"40\" class=\"wp-image-19273\" style=\"width: 68px;\" src=\"https:\/\/prograin.ca\/app\/uploads\/2018\/12\/AUSTRIA_1_2x.png\" alt=\"\">AUSTRIA<\/p>\n\n\n\n<p><img loading=\"lazy\" width=\"68\" height=\"40\" class=\"wp-image-19274\" style=\"width: 68px;\" src=\"https:\/\/prograin.ca\/app\/uploads\/2018\/12\/CZECH_REPUBLIC_1_2x.png\" alt=\"\">CZECH REPUBLIC<\/p>\n\n\n\n<p><img loading=\"lazy\" width=\"68\" height=\"40\" class=\"wp-image-19275\" style=\"width: 68px;\" src=\"https:\/\/prograin.ca\/app\/uploads\/2018\/12\/SLOVAKIA_1_2x.png\" alt=\"\">SLOVAKIA <br><\/p>\n<\/div>\n\n\n\n<div class=\"wp-container-24 wp-block-column\">\n<p><img loading=\"lazy\" width=\"68\" height=\"40\" class=\"wp-image-19276\" style=\"width: 68px;\" src=\"https:\/\/prograin.ca\/app\/uploads\/2018\/12\/BELGIUM_1_2x.png\" alt=\"\">BELGIUM<\/p>\n\n\n\n<p><img loading=\"lazy\" width=\"68\" height=\"40\" class=\"wp-image-19277\" style=\"width: 68px;\" src=\"https:\/\/prograin.ca\/app\/uploads\/2018\/12\/UKRAINE_1_2x.png\" alt=\"\">UKRAINE<\/p>\n\n\n\n<p><img loading=\"lazy\" width=\"68\" height=\"40\" class=\"wp-image-19278\" style=\"width: 68px;\" src=\"https:\/\/prograin.ca\/app\/uploads\/2018\/12\/CHINA_1_2x.png\" alt=\"\">CHINA<\/p>\n\n\n\n<p><img loading=\"lazy\" width=\"68\" height=\"40\" class=\"wp-image-19279\" style=\"width: 68px;\" src=\"https:\/\/prograin.ca\/app\/uploads\/2018\/12\/RUSSIA_1_2x.png\" alt=\"\">RUSSIA<\/p>\n\n\n\n<p><img loading=\"lazy\" width=\"68\" height=\"40\" class=\"wp-image-19284\" style=\"width: 68px;\" src=\"https:\/\/prograin.ca\/app\/uploads\/2018\/12\/KOREA_SOUTH_1_2x.png\" alt=\"\">SOUTH KOREA<\/p>\n<\/div>\n<\/div>\n<\/div><\/div>\n<\/div>\n","protected":false},"excerpt":{"rendered":"","protected":false},"author":1,"featured_media":0,"parent":19835,"menu_order":0,"comment_status":"closed","ping_status":"closed","template":"","meta":{"advgb_blocks_editor_width":"","advgb_blocks_columns_visual_guide":""},"yoast_head":"<!-- This site is optimized with the Yoast SEO plugin v19.11 - https:\/\/yoast.com\/wordpress\/plugins\/seo\/ -->\n<title>Prograin | Located in Saint-C\u00e9saire, in the heart of the province of Quebec, not far from the Port of Montr\u00e9al<\/title>\n<meta name=\"description\" content=\"With more than 100 soybean varieties developed at our state-of-the-art research centre, we are positioning ourselves as a key player in the Canadian and foreign soybean markets.\" \/>\n<meta name=\"robots\" content=\"index, follow, max-snippet:-1, max-image-preview:large, max-video-preview:-1\" \/>\n<link rel=\"canonical\" href=\"https:\/\/prograin.ca\/ca-west\/en\/company\/about-us\/\" \/>\n<meta property=\"og:locale\" content=\"fr_CA\" \/>\n<meta property=\"og:type\" content=\"article\" \/>\n<meta property=\"og:title\" content=\"Prograin | Located in Saint-C\u00e9saire, in the heart of the province of Quebec, not far from the Port of Montr\u00e9al\" \/>\n<meta property=\"og:description\" content=\"With more than 100 soybean varieties developed at our state-of-the-art research centre, we are positioning ourselves as a key player in the Canadian and foreign soybean markets.\" \/>\n<meta property=\"og:url\" content=\"https:\/\/prograin.ca\/ca-west\/en\/company\/about-us\/\" \/>\n<meta property=\"og:site_name\" content=\"Western Canada\" \/>\n<meta property=\"article:modified_time\" content=\"2019-07-19T17:22:55+00:00\" \/>\n<meta property=\"og:image\" content=\"https:\/\/prograin.ca\/app\/uploads\/2019\/02\/PG-cercle-int-2019-eng.jpg\" \/>\n<meta name=\"twitter:card\" content=\"summary_large_image\" \/>\n<meta name=\"twitter:label1\" content=\"Estimation du temps de lecture\" \/>\n\t<meta name=\"twitter:data1\" content=\"3 minutes\" \/>\n<script type=\"application\/ld+json\" class=\"yoast-schema-graph\">{\"@context\":\"https:\/\/schema.org\",\"@graph\":[{\"@type\":\"WebPage\",\"@id\":\"https:\/\/prograin.ca\/ca-west\/en\/company\/about-us\/\",\"url\":\"https:\/\/prograin.ca\/ca-west\/en\/company\/about-us\/\",\"name\":\"Prograin | Located in Saint-C\u00e9saire, in the heart of the province of Quebec, not far from the Port of Montr\u00e9al\",\"isPartOf\":{\"@id\":\"https:\/\/prograin.ca\/ca-west\/#website\"},\"datePublished\":\"2019-02-05T15:58:08+00:00\",\"dateModified\":\"2019-07-19T17:22:55+00:00\",\"description\":\"With more than 100 soybean varieties developed at our state-of-the-art research centre, we are positioning ourselves as a key player in the Canadian and foreign soybean markets.\",\"breadcrumb\":{\"@id\":\"https:\/\/prograin.ca\/ca-west\/en\/company\/about-us\/#breadcrumb\"},\"inLanguage\":\"fr-CA\",\"potentialAction\":[{\"@type\":\"ReadAction\",\"target\":[\"https:\/\/prograin.ca\/ca-west\/en\/company\/about-us\/\"]}]},{\"@type\":\"BreadcrumbList\",\"@id\":\"https:\/\/prograin.ca\/ca-west\/en\/company\/about-us\/#breadcrumb\",\"itemListElement\":[{\"@type\":\"ListItem\",\"position\":1,\"name\":\"Home\",\"item\":\"https:\/\/prograin.ca\/ca-west\/en\/\"},{\"@type\":\"ListItem\",\"position\":2,\"name\":\"The Company\",\"item\":\"https:\/\/prograin.ca\/ca-west\/en\/company\/\"},{\"@type\":\"ListItem\",\"position\":3,\"name\":\"About Us\"}]},{\"@type\":\"WebSite\",\"@id\":\"https:\/\/prograin.ca\/ca-west\/#website\",\"url\":\"https:\/\/prograin.ca\/ca-west\/\",\"name\":\"Western Canada\",\"description\":\"Un site utilisant WordPress\",\"publisher\":{\"@id\":\"https:\/\/prograin.ca\/ca-west\/#organization\"},\"potentialAction\":[{\"@type\":\"SearchAction\",\"target\":{\"@type\":\"EntryPoint\",\"urlTemplate\":\"https:\/\/prograin.ca\/ca-west\/?s={search_term_string}\"},\"query-input\":\"required name=search_term_string\"}],\"inLanguage\":\"fr-CA\"},{\"@type\":\"Organization\",\"@id\":\"https:\/\/prograin.ca\/ca-west\/#organization\",\"name\":\"Western Canada\",\"url\":\"https:\/\/prograin.ca\/ca-west\/\",\"logo\":{\"@type\":\"ImageObject\",\"inLanguage\":\"fr-CA\",\"@id\":\"https:\/\/prograin.ca\/ca-west\/#\/schema\/logo\/image\/\",\"url\":\"https:\/\/prograin.ca\/app\/uploads\/sites\/4\/2018\/11\/Prograin-logo-1.png\",\"contentUrl\":\"https:\/\/prograin.ca\/app\/uploads\/sites\/4\/2018\/11\/Prograin-logo-1.png\",\"width\":352,\"height\":85,\"caption\":\"Western Canada\"},\"image\":{\"@id\":\"https:\/\/prograin.ca\/ca-west\/#\/schema\/logo\/image\/\"}}]}<\/script>\n<!-- \/ Yoast SEO plugin. -->","yoast_head_json":{"title":"Prograin | Located in Saint-C\u00e9saire, in the heart of the province of Quebec, not far from the Port of Montr\u00e9al","description":"With more than 100 soybean varieties developed at our state-of-the-art research centre, we are positioning ourselves as a key player in the Canadian and foreign soybean markets.","robots":{"index":"index","follow":"follow","max-snippet":"max-snippet:-1","max-image-preview":"max-image-preview:large","max-video-preview":"max-video-preview:-1"},"canonical":"https:\/\/prograin.ca\/ca-west\/en\/company\/about-us\/","og_locale":"fr_CA","og_type":"article","og_title":"Prograin | Located in Saint-C\u00e9saire, in the heart of the province of Quebec, not far from the Port of Montr\u00e9al","og_description":"With more than 100 soybean varieties developed at our state-of-the-art research centre, we are positioning ourselves as a key player in the Canadian and foreign soybean markets.","og_url":"https:\/\/prograin.ca\/ca-west\/en\/company\/about-us\/","og_site_name":"Western Canada","article_modified_time":"2019-07-19T17:22:55+00:00","og_image":[{"url":"https:\/\/prograin.ca\/app\/uploads\/2019\/02\/PG-cercle-int-2019-eng.jpg"}],"twitter_card":"summary_large_image","twitter_misc":{"Estimation du temps de lecture":"3 minutes"},"schema":{"@context":"https:\/\/schema.org","@graph":[{"@type":"WebPage","@id":"https:\/\/prograin.ca\/ca-west\/en\/company\/about-us\/","url":"https:\/\/prograin.ca\/ca-west\/en\/company\/about-us\/","name":"Prograin | Located in Saint-C\u00e9saire, in the heart of the province of Quebec, not far from the Port of Montr\u00e9al","isPartOf":{"@id":"https:\/\/prograin.ca\/ca-west\/#website"},"datePublished":"2019-02-05T15:58:08+00:00","dateModified":"2019-07-19T17:22:55+00:00","description":"With more than 100 soybean varieties developed at our state-of-the-art research centre, we are positioning ourselves as a key player in the Canadian and foreign soybean markets.","breadcrumb":{"@id":"https:\/\/prograin.ca\/ca-west\/en\/company\/about-us\/#breadcrumb"},"inLanguage":"fr-CA","potentialAction":[{"@type":"ReadAction","target":["https:\/\/prograin.ca\/ca-west\/en\/company\/about-us\/"]}]},{"@type":"BreadcrumbList","@id":"https:\/\/prograin.ca\/ca-west\/en\/company\/about-us\/#breadcrumb","itemListElement":[{"@type":"ListItem","position":1,"name":"Home","item":"https:\/\/prograin.ca\/ca-west\/en\/"},{"@type":"ListItem","position":2,"name":"The Company","item":"https:\/\/prograin.ca\/ca-west\/en\/company\/"},{"@type":"ListItem","position":3,"name":"About Us"}]},{"@type":"WebSite","@id":"https:\/\/prograin.ca\/ca-west\/#website","url":"https:\/\/prograin.ca\/ca-west\/","name":"Western Canada","description":"Un site utilisant WordPress","publisher":{"@id":"https:\/\/prograin.ca\/ca-west\/#organization"},"potentialAction":[{"@type":"SearchAction","target":{"@type":"EntryPoint","urlTemplate":"https:\/\/prograin.ca\/ca-west\/?s={search_term_string}"},"query-input":"required name=search_term_string"}],"inLanguage":"fr-CA"},{"@type":"Organization","@id":"https:\/\/prograin.ca\/ca-west\/#organization","name":"Western Canada","url":"https:\/\/prograin.ca\/ca-west\/","logo":{"@type":"ImageObject","inLanguage":"fr-CA","@id":"https:\/\/prograin.ca\/ca-west\/#\/schema\/logo\/image\/","url":"https:\/\/prograin.ca\/app\/uploads\/sites\/4\/2018\/11\/Prograin-logo-1.png","contentUrl":"https:\/\/prograin.ca\/app\/uploads\/sites\/4\/2018\/11\/Prograin-logo-1.png","width":352,"height":85,"caption":"Western Canada"},"image":{"@id":"https:\/\/prograin.ca\/ca-west\/#\/schema\/logo\/image\/"}}]}},"featured_image_urls":{"full":"","thumbnail":"","medium":"","medium_large":"","large":"","1536x1536":"","2048x2048":"","menu-24x24":"","menu-36x36":"","menu-48x48":""},"post_excerpt_stackable":"<p>Our values shape our identity and guide all our decisions. Commitment to excellence The constant desire to excel and to offer superior quality products and services is in our genes. Each member of our team works with passion and rigour and makes a point of being thorough. Integrity Integrity is one of our fundamental values. The transparency and honesty of our team are the keys to the enviable reputation we have established, and they have allowed us to become internationally recognized. Respect Respect comes in many forms at Prograin: respect for people (employees, suppliers, customers, and partners), nature, our raw&hellip;<\/p>\n","category_list":"","author_info":{"name":"developpe","url":"https:\/\/prograin.ca\/ca-west\/author\/developpe\/"},"comments_num":"0 comments","featured_image_urls_v2":{"full":"","thumbnail":"","medium":"","medium_large":"","large":"","1536x1536":"","2048x2048":"","menu-24x24":"","menu-36x36":"","menu-48x48":""},"post_excerpt_stackable_v2":"<p>Our values shape our identity and guide all our decisions. Commitment to excellence The constant desire to excel and to offer superior quality products and services is in our genes. Each member of our team works with passion and rigour and makes a point of being thorough. Integrity Integrity is one of our fundamental values. The transparency and honesty of our team are the keys to the enviable reputation we have established, and they have allowed us to become internationally recognized. Respect Respect comes in many forms at Prograin: respect for people (employees, suppliers, customers, and partners), nature, our raw&hellip;<\/p>\n","category_list_v2":"","author_info_v2":{"name":"developpe","url":"https:\/\/prograin.ca\/ca-west\/author\/developpe\/"},"comments_num_v2":"0 comments","coauthors":[],"author_meta":{"author_link":"https:\/\/prograin.ca\/ca-west\/author\/developpe\/","display_name":"developpe"},"relative_dates":{"created":"Posted 7 ann\u00e9es ago","modified":"Updated 7 ann\u00e9es ago"},"absolute_dates":{"created":"Posted on 5 f\u00e9vrier 2019","modified":"Updated on 19 juillet 2019"},"absolute_dates_time":{"created":"Posted on 5 f\u00e9vrier 2019 15 h 58 min","modified":"Updated on 19 juillet 2019 17 h 22 min"},"featured_img_caption":"","featured_img":false,"series_order":"","_links":{"self":[{"href":"https:\/\/prograin.ca\/ca-west\/wp-json\/wp\/v2\/pages\/19839"}],"collection":[{"href":"https:\/\/prograin.ca\/ca-west\/wp-json\/wp\/v2\/pages"}],"about":[{"href":"https:\/\/prograin.ca\/ca-west\/wp-json\/wp\/v2\/types\/page"}],"author":[{"embeddable":true,"href":"https:\/\/prograin.ca\/ca-west\/wp-json\/wp\/v2\/users\/1"}],"replies":[{"embeddable":true,"href":"https:\/\/prograin.ca\/ca-west\/wp-json\/wp\/v2\/comments?post=19839"}],"version-history":[{"count":21,"href":"https:\/\/prograin.ca\/ca-west\/wp-json\/wp\/v2\/pages\/19839\/revisions"}],"predecessor-version":[{"id":22932,"href":"https:\/\/prograin.ca\/ca-west\/wp-json\/wp\/v2\/pages\/19839\/revisions\/22932"}],"up":[{"embeddable":true,"href":"https:\/\/prograin.ca\/ca-west\/wp-json\/wp\/v2\/pages\/19835"}],"wp:attachment":[{"href":"https:\/\/prograin.ca\/ca-west\/wp-json\/wp\/v2\/media?parent=19839"}],"curies":[{"name":"wp","href":"https:\/\/api.w.org\/{rel}","templated":true}]}}