
{"id":19846,"date":"2019-02-05T16:09:25","date_gmt":"2019-02-05T16:09:25","guid":{"rendered":"https:\/\/prograin.ca\/recherche_et_developpement-2\/"},"modified":"2021-01-29T15:20:11","modified_gmt":"2021-01-29T15:20:11","slug":"research-and-development","status":"publish","type":"page","link":"https:\/\/prograin.ca\/ca-west\/en\/research-and-development\/","title":{"rendered":"Research &#038; development"},"content":{"rendered":"\n<p><\/p>\n\n\n\n<div class=\"wp-block-prograin-section-block alignfull prograin-home\"><ul class=\"subsection\">\n<li class=\"PageTitle\"><h1>Research &#038; development<\/h1><div class=\"prograin-home-slide dark\" style=\"color:#eeeeee;background-image:url(https:\/\/prograin.ca\/app\/uploads\/2018\/11\/Prograin_recherche_final_2311.jpg);background-size:cover;background-position:13.360323886639677&nbsp;% 91.29554655870446&nbsp;%\"><div class=\"verticalbg\" style=\"background-size:cover\"><\/div><div class=\"inside\" style=\"padding-right:50&nbsp;%\">\n<h2>Research and development<\/h2>\n\n\n\n<p style=\"font-size:28px\">We have a unique research department, staffed by a team of experts whose know-how has been recognized. Our research is focused on the development of varieties intended for human consumption that are adapted to the needs of producers and processors.<\/p>\n\n\n\n<div style=\"height:20px\" aria-hidden=\"true\" class=\"wp-block-spacer\"><\/div>\n\n\n\n<div class=\"wp-block-button\"><a class=\"wp-block-button__link has-luminous-vivid-orange-background-color has-background\" href=\"https:\/\/prograin.ca\/ca-west\/en\/research-and-development\/soybean-seed-research-and-development\/\" style=\"border-radius:50px\">LEARN MORE ABOUT SEED RESEARCH<br><\/a><\/div>\n\n\n\n<div style=\"height:20px\" aria-hidden=\"true\" class=\"wp-block-spacer\"><\/div>\n\n\n\n<div class=\"wp-block-button\"><a class=\"wp-block-button__link has-luminous-vivid-orange-background-color has-background\" href=\"https:\/\/prograin.ca\/ca-west\/en\/research-and-development\/food-grade-soybean-research-and-development\/\" style=\"border-radius:50px\">LEARN MORE ABOUT FOOD-GRADE SOYBEAN RESEARCH<br><\/a><\/div>\n<\/div><\/div><\/li>\n\n\n\n<li><a href=\"https:\/\/prograin.ca\/ca-west\/en\/research-and-development\/soybean-seed-research-and-development\/\">Seed research<\/a><div class=\"prograin-home-slide dark\" style=\"color:#eeeeee;background-image:url(https:\/\/prograin.ca\/app\/uploads\/2018\/11\/recherche_et_developpement_semences.jpg);background-size:cover;background-position:21.86234817813765&nbsp;% 62.75303643724696&nbsp;%\"><div class=\"verticalbg\" style=\"background-size:cover\"><\/div><div class=\"inside\" style=\"padding-right:\">\n<h2>Research is at the heart of our business<\/h2>\n\n\n\n<p style=\"font-size:28px\">We believe that technology means added value for farmers, and we are doing everything we can to make it work for them.<\/p>\n\n\n\n<div style=\"height:20px\" aria-hidden=\"true\" class=\"wp-block-spacer\"><\/div>\n\n\n\n<div class=\"wp-block-button\"><a class=\"wp-block-button__link has-luminous-vivid-orange-background-color has-background no-border-radius\" href=\"https:\/\/prograin.ca\/ca-west\/research-and-development\/soybean-seed-research-and-development\/\">LEARN MORE ABOUT OUR RESEARCH AND DEVELOPMENT COMMITMENTS<br><\/a><\/div>\n<\/div><\/div><\/li>\n\n\n\n<li><a href=\"https:\/\/prograin.ca\/ca-west\/en\/research-and-development\/food-grade-soybean-research-and-development\/\">Food-grade soybean research<\/a><div class=\"prograin-home-slide dark\" style=\"color:#eeeeee;background-image:url(https:\/\/prograin.ca\/app\/uploads\/2018\/11\/recherche_et_developpement_soyas.jpg);background-size:cover;background-position:16.59919028340081&nbsp;% 67.61133603238866&nbsp;%\"><div class=\"verticalbg\" style=\"background-size:cover\"><\/div><div class=\"inside\" style=\"padding-right:\">\n<h2>Develop the best varieties to meet customer needs<\/h2>\n\n\n\n<p style=\"font-size:28px\">The quality of the end product is of utmost importance to Prograin. For this reason, we have implemented a unique research protocol that allows us to meet our customers\u2019 most specific demands.<\/p>\n\n\n\n<div style=\"height:20px\" aria-hidden=\"true\" class=\"wp-block-spacer\"><\/div>\n\n\n\n<div class=\"wp-block-button\"><a class=\"wp-block-button__link has-luminous-vivid-orange-background-color has-background no-border-radius\" href=\"https:\/\/prograin.ca\/ca-west\/research-and-development\/food-grade-soybean-research-and-development\/\">LEARN MORE ABOUT OUR RESEARCH AND DEVELOPMENT COMMITMENTS<br><\/a><\/div>\n<\/div><\/div><\/li>\n<\/ul><\/div>\n","protected":false},"excerpt":{"rendered":"","protected":false},"author":1,"featured_media":0,"parent":0,"menu_order":5,"comment_status":"closed","ping_status":"closed","template":"accueil","meta":{"advgb_blocks_editor_width":"","advgb_blocks_columns_visual_guide":""},"yoast_head":"<!-- This site is optimized with the Yoast SEO plugin v19.11 - https:\/\/yoast.com\/wordpress\/plugins\/seo\/ -->\n<title>Prograin | Research and development<\/title>\n<meta name=\"description\" content=\"For nearly more than 30 years, research and development has been an integral part of Prograin\u2019s activities. Discover the work and ambition of our researchers, which make Prograin a leader in its field.\" \/>\n<meta name=\"robots\" content=\"index, follow, max-snippet:-1, max-image-preview:large, max-video-preview:-1\" \/>\n<link rel=\"canonical\" href=\"https:\/\/prograin.ca\/ca-west\/en\/research-and-development\/\" \/>\n<meta property=\"og:locale\" content=\"fr_CA\" \/>\n<meta property=\"og:type\" content=\"article\" \/>\n<meta property=\"og:title\" content=\"Prograin | Research and development\" \/>\n<meta property=\"og:description\" content=\"For nearly more than 30 years, research and development has been an integral part of Prograin\u2019s activities. Discover the work and ambition of our researchers, which make Prograin a leader in its field.\" \/>\n<meta property=\"og:url\" content=\"https:\/\/prograin.ca\/ca-west\/en\/research-and-development\/\" \/>\n<meta property=\"og:site_name\" content=\"Western Canada\" \/>\n<meta property=\"article:modified_time\" content=\"2021-01-29T15:20:11+00:00\" \/>\n<meta name=\"twitter:card\" content=\"summary_large_image\" \/>\n<meta name=\"twitter:label1\" content=\"Estimation du temps de lecture\" \/>\n\t<meta name=\"twitter:data1\" content=\"1 minute\" \/>\n<script type=\"application\/ld+json\" class=\"yoast-schema-graph\">{\"@context\":\"https:\/\/schema.org\",\"@graph\":[{\"@type\":\"WebPage\",\"@id\":\"https:\/\/prograin.ca\/ca-west\/en\/research-and-development\/\",\"url\":\"https:\/\/prograin.ca\/ca-west\/en\/research-and-development\/\",\"name\":\"Prograin | Research and development\",\"isPartOf\":{\"@id\":\"https:\/\/prograin.ca\/ca-west\/#website\"},\"datePublished\":\"2019-02-05T16:09:25+00:00\",\"dateModified\":\"2021-01-29T15:20:11+00:00\",\"description\":\"For nearly more than 30 years, research and development has been an integral part of Prograin\u2019s activities. Discover the work and ambition of our researchers, which make Prograin a leader in its field.\",\"breadcrumb\":{\"@id\":\"https:\/\/prograin.ca\/ca-west\/en\/research-and-development\/#breadcrumb\"},\"inLanguage\":\"fr-CA\",\"potentialAction\":[{\"@type\":\"ReadAction\",\"target\":[\"https:\/\/prograin.ca\/ca-west\/en\/research-and-development\/\"]}]},{\"@type\":\"BreadcrumbList\",\"@id\":\"https:\/\/prograin.ca\/ca-west\/en\/research-and-development\/#breadcrumb\",\"itemListElement\":[{\"@type\":\"ListItem\",\"position\":1,\"name\":\"Home\",\"item\":\"https:\/\/prograin.ca\/ca-west\/en\/\"},{\"@type\":\"ListItem\",\"position\":2,\"name\":\"Research &#038; development\"}]},{\"@type\":\"WebSite\",\"@id\":\"https:\/\/prograin.ca\/ca-west\/#website\",\"url\":\"https:\/\/prograin.ca\/ca-west\/\",\"name\":\"Western Canada\",\"description\":\"Un site utilisant WordPress\",\"publisher\":{\"@id\":\"https:\/\/prograin.ca\/ca-west\/#organization\"},\"potentialAction\":[{\"@type\":\"SearchAction\",\"target\":{\"@type\":\"EntryPoint\",\"urlTemplate\":\"https:\/\/prograin.ca\/ca-west\/?s={search_term_string}\"},\"query-input\":\"required name=search_term_string\"}],\"inLanguage\":\"fr-CA\"},{\"@type\":\"Organization\",\"@id\":\"https:\/\/prograin.ca\/ca-west\/#organization\",\"name\":\"Western Canada\",\"url\":\"https:\/\/prograin.ca\/ca-west\/\",\"logo\":{\"@type\":\"ImageObject\",\"inLanguage\":\"fr-CA\",\"@id\":\"https:\/\/prograin.ca\/ca-west\/#\/schema\/logo\/image\/\",\"url\":\"https:\/\/prograin.ca\/app\/uploads\/sites\/4\/2018\/11\/Prograin-logo-1.png\",\"contentUrl\":\"https:\/\/prograin.ca\/app\/uploads\/sites\/4\/2018\/11\/Prograin-logo-1.png\",\"width\":352,\"height\":85,\"caption\":\"Western Canada\"},\"image\":{\"@id\":\"https:\/\/prograin.ca\/ca-west\/#\/schema\/logo\/image\/\"}}]}<\/script>\n<!-- \/ Yoast SEO plugin. -->","yoast_head_json":{"title":"Prograin | Research and development","description":"For nearly more than 30 years, research and development has been an integral part of Prograin\u2019s activities. Discover the work and ambition of our researchers, which make Prograin a leader in its field.","robots":{"index":"index","follow":"follow","max-snippet":"max-snippet:-1","max-image-preview":"max-image-preview:large","max-video-preview":"max-video-preview:-1"},"canonical":"https:\/\/prograin.ca\/ca-west\/en\/research-and-development\/","og_locale":"fr_CA","og_type":"article","og_title":"Prograin | Research and development","og_description":"For nearly more than 30 years, research and development has been an integral part of Prograin\u2019s activities. Discover the work and ambition of our researchers, which make Prograin a leader in its field.","og_url":"https:\/\/prograin.ca\/ca-west\/en\/research-and-development\/","og_site_name":"Western Canada","article_modified_time":"2021-01-29T15:20:11+00:00","twitter_card":"summary_large_image","twitter_misc":{"Estimation du temps de lecture":"1 minute"},"schema":{"@context":"https:\/\/schema.org","@graph":[{"@type":"WebPage","@id":"https:\/\/prograin.ca\/ca-west\/en\/research-and-development\/","url":"https:\/\/prograin.ca\/ca-west\/en\/research-and-development\/","name":"Prograin | Research and development","isPartOf":{"@id":"https:\/\/prograin.ca\/ca-west\/#website"},"datePublished":"2019-02-05T16:09:25+00:00","dateModified":"2021-01-29T15:20:11+00:00","description":"For nearly more than 30 years, research and development has been an integral part of Prograin\u2019s activities. Discover the work and ambition of our researchers, which make Prograin a leader in its field.","breadcrumb":{"@id":"https:\/\/prograin.ca\/ca-west\/en\/research-and-development\/#breadcrumb"},"inLanguage":"fr-CA","potentialAction":[{"@type":"ReadAction","target":["https:\/\/prograin.ca\/ca-west\/en\/research-and-development\/"]}]},{"@type":"BreadcrumbList","@id":"https:\/\/prograin.ca\/ca-west\/en\/research-and-development\/#breadcrumb","itemListElement":[{"@type":"ListItem","position":1,"name":"Home","item":"https:\/\/prograin.ca\/ca-west\/en\/"},{"@type":"ListItem","position":2,"name":"Research &#038; development"}]},{"@type":"WebSite","@id":"https:\/\/prograin.ca\/ca-west\/#website","url":"https:\/\/prograin.ca\/ca-west\/","name":"Western Canada","description":"Un site utilisant WordPress","publisher":{"@id":"https:\/\/prograin.ca\/ca-west\/#organization"},"potentialAction":[{"@type":"SearchAction","target":{"@type":"EntryPoint","urlTemplate":"https:\/\/prograin.ca\/ca-west\/?s={search_term_string}"},"query-input":"required name=search_term_string"}],"inLanguage":"fr-CA"},{"@type":"Organization","@id":"https:\/\/prograin.ca\/ca-west\/#organization","name":"Western Canada","url":"https:\/\/prograin.ca\/ca-west\/","logo":{"@type":"ImageObject","inLanguage":"fr-CA","@id":"https:\/\/prograin.ca\/ca-west\/#\/schema\/logo\/image\/","url":"https:\/\/prograin.ca\/app\/uploads\/sites\/4\/2018\/11\/Prograin-logo-1.png","contentUrl":"https:\/\/prograin.ca\/app\/uploads\/sites\/4\/2018\/11\/Prograin-logo-1.png","width":352,"height":85,"caption":"Western Canada"},"image":{"@id":"https:\/\/prograin.ca\/ca-west\/#\/schema\/logo\/image\/"}}]}},"featured_image_urls":{"full":"","thumbnail":"","medium":"","medium_large":"","large":"","1536x1536":"","2048x2048":"","menu-24x24":"","menu-36x36":"","menu-48x48":""},"post_excerpt_stackable":"<p>Research &#038; development Research and development We have a unique research department, staffed by a team of experts whose know-how has been recognized. Our research is focused on the development of varieties intended for human consumption that are adapted to the needs of producers and processors. LEARN MORE ABOUT SEED RESEARCH LEARN MORE ABOUT FOOD-GRADE SOYBEAN RESEARCH Seed research Research is at the heart of our business We believe that technology means added value for farmers, and we are doing everything we can to make it work for them. LEARN MORE ABOUT OUR RESEARCH AND DEVELOPMENT COMMITMENTS Food-grade soybean research&hellip;<\/p>\n","category_list":"","author_info":{"name":"developpe","url":"https:\/\/prograin.ca\/ca-west\/author\/developpe\/"},"comments_num":"0 comments","featured_image_urls_v2":{"full":"","thumbnail":"","medium":"","medium_large":"","large":"","1536x1536":"","2048x2048":"","menu-24x24":"","menu-36x36":"","menu-48x48":""},"post_excerpt_stackable_v2":"<p>Research &#038; development Research and development We have a unique research department, staffed by a team of experts whose know-how has been recognized. Our research is focused on the development of varieties intended for human consumption that are adapted to the needs of producers and processors. LEARN MORE ABOUT SEED RESEARCH LEARN MORE ABOUT FOOD-GRADE SOYBEAN RESEARCH Seed research Research is at the heart of our business We believe that technology means added value for farmers, and we are doing everything we can to make it work for them. LEARN MORE ABOUT OUR RESEARCH AND DEVELOPMENT COMMITMENTS Food-grade soybean research&hellip;<\/p>\n","category_list_v2":"","author_info_v2":{"name":"developpe","url":"https:\/\/prograin.ca\/ca-west\/author\/developpe\/"},"comments_num_v2":"0 comments","coauthors":[],"author_meta":{"author_link":"https:\/\/prograin.ca\/ca-west\/author\/developpe\/","display_name":"developpe"},"relative_dates":{"created":"Posted 7 ann\u00e9es ago","modified":"Updated 5 ann\u00e9es ago"},"absolute_dates":{"created":"Posted on 5 f\u00e9vrier 2019","modified":"Updated on 29 janvier 2021"},"absolute_dates_time":{"created":"Posted on 5 f\u00e9vrier 2019 16 h 09 min","modified":"Updated on 29 janvier 2021 15 h 20 min"},"featured_img_caption":"","featured_img":false,"series_order":"","_links":{"self":[{"href":"https:\/\/prograin.ca\/ca-west\/wp-json\/wp\/v2\/pages\/19846"}],"collection":[{"href":"https:\/\/prograin.ca\/ca-west\/wp-json\/wp\/v2\/pages"}],"about":[{"href":"https:\/\/prograin.ca\/ca-west\/wp-json\/wp\/v2\/types\/page"}],"author":[{"embeddable":true,"href":"https:\/\/prograin.ca\/ca-west\/wp-json\/wp\/v2\/users\/1"}],"replies":[{"embeddable":true,"href":"https:\/\/prograin.ca\/ca-west\/wp-json\/wp\/v2\/comments?post=19846"}],"version-history":[{"count":17,"href":"https:\/\/prograin.ca\/ca-west\/wp-json\/wp\/v2\/pages\/19846\/revisions"}],"predecessor-version":[{"id":23165,"href":"https:\/\/prograin.ca\/ca-west\/wp-json\/wp\/v2\/pages\/19846\/revisions\/23165"}],"wp:attachment":[{"href":"https:\/\/prograin.ca\/ca-west\/wp-json\/wp\/v2\/media?parent=19846"}],"curies":[{"name":"wp","href":"https:\/\/api.w.org\/{rel}","templated":true}]}}