
{"id":19849,"date":"2019-02-05T16:25:04","date_gmt":"2019-02-05T16:25:04","guid":{"rendered":"https:\/\/prograin.ca\/recherche_et_developpement\/recherche-et-developpement-semences-2\/"},"modified":"2019-03-26T18:56:51","modified_gmt":"2019-03-26T18:56:51","slug":"soybean-seed-research-and-development","status":"publish","type":"page","link":"https:\/\/prograin.ca\/ca-west\/en\/research-and-development\/soybean-seed-research-and-development\/","title":{"rendered":"Field research"},"content":{"rendered":"\n<div class=\"wp-block-balise-section-block alignfull _sectionblock has-1-columns\">\n<div class=\" verticalbg\" style=\"color:#ffffff;background-image:url(https:\/\/prograin.ca\/app\/uploads\/sites\/3\/2019\/03\/323773112.jpg);background-size:cover;padding-top:60px;padding-bottom:160px;padding-left:10px;padding-right:10px\"><div class=\"verticalbg\" style=\"background-image:url(https:\/\/prograin.ca\/app\/uploads\/2018\/12\/semences_header.jpg);background-size:cover\"><\/div><iframe class=\"videobg\" src=\"https:\/\/player.vimeo.com\/video\/323773112?background=1&amp;autoplay=1&amp;byline=0&amp;title=0&amp;muted=1\" frameborder=\"0\" allowfullscreen><\/iframe><div class=\"inside\" style=\"margin:0 auto\">\n<h3>Offer what is best and always make it better<\/h3>\n\n\n\n<div style=\"height:100px\" aria-hidden=\"true\" class=\"wp-block-spacer\"><\/div>\n\n\n\n<div class=\"wp-container-3 wp-block-columns has-2-columns\">\n<div class=\"wp-container-1 wp-block-column\">\n<p>The development of new high-performance cultivars is one of the company\u2019s fundamental goals.<br> We have implemented a soybean genetic improvement program that has enabled us to develop our own private soybean varieties since 1986. This program has been one of the top performers in Canada, with more than a hundred registered varieties in the country and throughout the world.<\/p>\n\n\n\n<div style=\"height:20px\" aria-hidden=\"true\" class=\"wp-block-spacer\"><\/div>\n\n\n\n<div class=\"wp-block-button is-style-squared\"><a class=\"wp-block-button__link\" href=\"https:\/\/prograin.ca\/ca-west\/seeds\/conventional\/\">DISCOVER PROGRAIN SEEDS<\/a><\/div>\n<\/div>\n\n\n\n<div class=\"wp-container-2 wp-block-column\">\n<p>As part of our research and development program, we focus our efforts on highly specialized soybean seeds that have the desired characteristics in terms of agronomy and human consumption. Our strength mainly lies in the development of high-performing early maturing varieties with high protein levels.<\/p>\n<\/div>\n<\/div>\n<\/div><\/div>\n<\/div>\n\n\n\n<div class=\"wp-block-balise-section-block alignfull _sectionblock has-1-columns\">\n<div class=\"\" style=\"background-image:url(https:\/\/prograin.ca\/app\/uploads\/2018\/12\/Map.jpg);background-size:100&nbsp;%;background-repeat:no-repeat;background-position:61.30434782608695&nbsp;% 0&nbsp;%;padding-top:80px;padding-bottom:80px;padding-left:10px;padding-right:10px\"><div class=\"verticalbg\"><\/div><div class=\"inside\" style=\"margin:0 auto\">\n<h4 class=\"is-style-orange\">Thanks to our team of experts, we are developing the best genetics for early maturing soybeans.<\/h4>\n\n\n\n<hr class=\"wp-block-separator is-style-default\"\/>\n\n\n\n<div class=\"wp-container-6 wp-block-columns has-2-columns\">\n<div class=\"wp-container-4 wp-block-column\">\n<p>Every year, we evaluate tens of thousands of varieties across 175 hectares of land dedicated to research at our farm located in the heart of Quebec\u2019s most productive farmland.<\/p>\n\n\n\n<p>For the past 15 years, we have been using a breeding nursery in South America (Chile and Argentina) to develop our cultivars as quickly as possible.<\/p>\n<\/div>\n\n\n\n<div class=\"wp-container-5 wp-block-column\">\n<p>Prograin evaluates the genetic material of these varieties at some thirty sites throughout the world, including Eastern and Western Canada and Eastern and Western Europe.<\/p>\n\n\n\n<p>Through strategic partnerships that offer us access to biotechnological advances, we apply the most recent discoveries to our high-performance soybean line.<\/p>\n<\/div>\n<\/div>\n<\/div><\/div>\n<\/div>\n\n\n\n<div class=\"wp-block-balise-section-block alignfull _sectionblock has-1-columns\">\n<div class=\"\" style=\"color:#ffffff;background-image:url(https:\/\/prograin.ca\/app\/uploads\/2019\/01\/recherche_terrain_labo.jpg);background-size:cover;padding-top:80px;padding-bottom:80px;padding-left:10px;padding-right:10px\"><div class=\"verticalbg\" style=\"background-size:cover\"><\/div><div class=\"inside\" style=\"margin:0 auto\">\n<h2>Laboratory research<\/h2>\n\n\n\n<h3>Advanced research using state-of-the-art equipment<\/h3>\n\n\n\n<div style=\"height:100px\" aria-hidden=\"true\" class=\"wp-block-spacer\"><\/div>\n\n\n\n<div class=\"wp-container-9 wp-block-columns has-2-columns\">\n<div class=\"wp-container-7 wp-block-column\">\n<p style=\"color:#ffffff\" class=\"has-text-color\">Each year, we evaluate tens of thousands of soybean varieties. For this purpose, we have a molecular genetics laboratory that features the same equipment and meets the same standards as those of the largest multinational companies.<\/p>\n\n\n\n<p>We believe that technology means added value for farmers, and we are doing everything we can to make it work for them.<br><\/p>\n<\/div>\n\n\n\n<div class=\"wp-container-8 wp-block-column\">\n<p style=\"color:#ffffff\" class=\"has-text-color\">Genotyping allows us to track soybean genes of interest. This exceptional tool allows us to develop new cultivars with the desired traits more quickly and more efficiently, which in turn allows us to make them available to farmers more quickly.<\/p>\n<\/div>\n<\/div>\n<\/div><\/div>\n<\/div>\n\n\n\n<div class=\"wp-block-balise-section-block alignfull _sectionblock has-1-columns\">\n<div class=\"\" style=\"background-size:cover;padding-top:80px;padding-bottom:80px;padding-left:10px;padding-right:10px\"><div class=\"verticalbg\" style=\"background-size:cover\"><\/div><div class=\"inside\" style=\"margin:0 auto\">\n<div class=\"wp-container-12 wp-block-columns has-2-columns\">\n<div class=\"wp-container-10 wp-block-column\">\n<p>In 2011, we opened our state-of-the-art research centre, in which we invested 1.3 million dollars for the construction of a genotyping laboratory, a food quality laboratory, a dry laboratory, and two interior growth chambers.<\/p>\n<\/div>\n\n\n\n<div class=\"wp-container-11 wp-block-column\">\n<p>With our team of genetic improvement experts, we are ready and committed to developing the best genetics for soybeans, including early maturing soybean varieties.<\/p>\n<\/div>\n<\/div>\n<\/div><\/div>\n<\/div>\n","protected":false},"excerpt":{"rendered":"","protected":false},"author":1,"featured_media":0,"parent":19846,"menu_order":0,"comment_status":"closed","ping_status":"closed","template":"","meta":{"advgb_blocks_editor_width":"","advgb_blocks_columns_visual_guide":""},"yoast_head":"<!-- This site is optimized with the Yoast SEO plugin v19.11 - https:\/\/yoast.com\/wordpress\/plugins\/seo\/ -->\n<title>Prograin | Soybean seed research and development<\/title>\n<meta name=\"description\" content=\"The development of new high-performance soybean varieties is one of Prograin\u2019s fundamental goals. Discover our commitments.\" \/>\n<meta name=\"robots\" content=\"index, follow, max-snippet:-1, max-image-preview:large, max-video-preview:-1\" \/>\n<link rel=\"canonical\" href=\"https:\/\/prograin.ca\/ca-west\/en\/research-and-development\/soybean-seed-research-and-development\/\" \/>\n<meta property=\"og:locale\" content=\"fr_CA\" \/>\n<meta property=\"og:type\" content=\"article\" \/>\n<meta property=\"og:title\" content=\"Prograin | Soybean seed research and development\" \/>\n<meta property=\"og:description\" content=\"The development of new high-performance soybean varieties is one of Prograin\u2019s fundamental goals. Discover our commitments.\" \/>\n<meta property=\"og:url\" content=\"https:\/\/prograin.ca\/ca-west\/en\/research-and-development\/soybean-seed-research-and-development\/\" \/>\n<meta property=\"og:site_name\" content=\"Western Canada\" \/>\n<meta property=\"article:modified_time\" content=\"2019-03-26T18:56:51+00:00\" \/>\n<meta name=\"twitter:card\" content=\"summary_large_image\" \/>\n<meta name=\"twitter:label1\" content=\"Estimation du temps de lecture\" \/>\n\t<meta name=\"twitter:data1\" content=\"2 minutes\" \/>\n<script type=\"application\/ld+json\" class=\"yoast-schema-graph\">{\"@context\":\"https:\/\/schema.org\",\"@graph\":[{\"@type\":\"WebPage\",\"@id\":\"https:\/\/prograin.ca\/ca-west\/en\/research-and-development\/soybean-seed-research-and-development\/\",\"url\":\"https:\/\/prograin.ca\/ca-west\/en\/research-and-development\/soybean-seed-research-and-development\/\",\"name\":\"Prograin | Soybean seed research and development\",\"isPartOf\":{\"@id\":\"https:\/\/prograin.ca\/ca-west\/#website\"},\"datePublished\":\"2019-02-05T16:25:04+00:00\",\"dateModified\":\"2019-03-26T18:56:51+00:00\",\"description\":\"The development of new high-performance soybean varieties is one of Prograin\u2019s fundamental goals. Discover our commitments.\",\"breadcrumb\":{\"@id\":\"https:\/\/prograin.ca\/ca-west\/en\/research-and-development\/soybean-seed-research-and-development\/#breadcrumb\"},\"inLanguage\":\"fr-CA\",\"potentialAction\":[{\"@type\":\"ReadAction\",\"target\":[\"https:\/\/prograin.ca\/ca-west\/en\/research-and-development\/soybean-seed-research-and-development\/\"]}]},{\"@type\":\"BreadcrumbList\",\"@id\":\"https:\/\/prograin.ca\/ca-west\/en\/research-and-development\/soybean-seed-research-and-development\/#breadcrumb\",\"itemListElement\":[{\"@type\":\"ListItem\",\"position\":1,\"name\":\"Home\",\"item\":\"https:\/\/prograin.ca\/ca-west\/en\/\"},{\"@type\":\"ListItem\",\"position\":2,\"name\":\"Research &#038; development\",\"item\":\"https:\/\/prograin.ca\/ca-west\/en\/research-and-development\/\"},{\"@type\":\"ListItem\",\"position\":3,\"name\":\"Field research\"}]},{\"@type\":\"WebSite\",\"@id\":\"https:\/\/prograin.ca\/ca-west\/#website\",\"url\":\"https:\/\/prograin.ca\/ca-west\/\",\"name\":\"Western Canada\",\"description\":\"Un site utilisant WordPress\",\"publisher\":{\"@id\":\"https:\/\/prograin.ca\/ca-west\/#organization\"},\"potentialAction\":[{\"@type\":\"SearchAction\",\"target\":{\"@type\":\"EntryPoint\",\"urlTemplate\":\"https:\/\/prograin.ca\/ca-west\/?s={search_term_string}\"},\"query-input\":\"required name=search_term_string\"}],\"inLanguage\":\"fr-CA\"},{\"@type\":\"Organization\",\"@id\":\"https:\/\/prograin.ca\/ca-west\/#organization\",\"name\":\"Western Canada\",\"url\":\"https:\/\/prograin.ca\/ca-west\/\",\"logo\":{\"@type\":\"ImageObject\",\"inLanguage\":\"fr-CA\",\"@id\":\"https:\/\/prograin.ca\/ca-west\/#\/schema\/logo\/image\/\",\"url\":\"https:\/\/prograin.ca\/app\/uploads\/sites\/4\/2018\/11\/Prograin-logo-1.png\",\"contentUrl\":\"https:\/\/prograin.ca\/app\/uploads\/sites\/4\/2018\/11\/Prograin-logo-1.png\",\"width\":352,\"height\":85,\"caption\":\"Western Canada\"},\"image\":{\"@id\":\"https:\/\/prograin.ca\/ca-west\/#\/schema\/logo\/image\/\"}}]}<\/script>\n<!-- \/ Yoast SEO plugin. -->","yoast_head_json":{"title":"Prograin | Soybean seed research and development","description":"The development of new high-performance soybean varieties is one of Prograin\u2019s fundamental goals. Discover our commitments.","robots":{"index":"index","follow":"follow","max-snippet":"max-snippet:-1","max-image-preview":"max-image-preview:large","max-video-preview":"max-video-preview:-1"},"canonical":"https:\/\/prograin.ca\/ca-west\/en\/research-and-development\/soybean-seed-research-and-development\/","og_locale":"fr_CA","og_type":"article","og_title":"Prograin | Soybean seed research and development","og_description":"The development of new high-performance soybean varieties is one of Prograin\u2019s fundamental goals. Discover our commitments.","og_url":"https:\/\/prograin.ca\/ca-west\/en\/research-and-development\/soybean-seed-research-and-development\/","og_site_name":"Western Canada","article_modified_time":"2019-03-26T18:56:51+00:00","twitter_card":"summary_large_image","twitter_misc":{"Estimation du temps de lecture":"2 minutes"},"schema":{"@context":"https:\/\/schema.org","@graph":[{"@type":"WebPage","@id":"https:\/\/prograin.ca\/ca-west\/en\/research-and-development\/soybean-seed-research-and-development\/","url":"https:\/\/prograin.ca\/ca-west\/en\/research-and-development\/soybean-seed-research-and-development\/","name":"Prograin | Soybean seed research and development","isPartOf":{"@id":"https:\/\/prograin.ca\/ca-west\/#website"},"datePublished":"2019-02-05T16:25:04+00:00","dateModified":"2019-03-26T18:56:51+00:00","description":"The development of new high-performance soybean varieties is one of Prograin\u2019s fundamental goals. Discover our commitments.","breadcrumb":{"@id":"https:\/\/prograin.ca\/ca-west\/en\/research-and-development\/soybean-seed-research-and-development\/#breadcrumb"},"inLanguage":"fr-CA","potentialAction":[{"@type":"ReadAction","target":["https:\/\/prograin.ca\/ca-west\/en\/research-and-development\/soybean-seed-research-and-development\/"]}]},{"@type":"BreadcrumbList","@id":"https:\/\/prograin.ca\/ca-west\/en\/research-and-development\/soybean-seed-research-and-development\/#breadcrumb","itemListElement":[{"@type":"ListItem","position":1,"name":"Home","item":"https:\/\/prograin.ca\/ca-west\/en\/"},{"@type":"ListItem","position":2,"name":"Research &#038; development","item":"https:\/\/prograin.ca\/ca-west\/en\/research-and-development\/"},{"@type":"ListItem","position":3,"name":"Field research"}]},{"@type":"WebSite","@id":"https:\/\/prograin.ca\/ca-west\/#website","url":"https:\/\/prograin.ca\/ca-west\/","name":"Western Canada","description":"Un site utilisant WordPress","publisher":{"@id":"https:\/\/prograin.ca\/ca-west\/#organization"},"potentialAction":[{"@type":"SearchAction","target":{"@type":"EntryPoint","urlTemplate":"https:\/\/prograin.ca\/ca-west\/?s={search_term_string}"},"query-input":"required name=search_term_string"}],"inLanguage":"fr-CA"},{"@type":"Organization","@id":"https:\/\/prograin.ca\/ca-west\/#organization","name":"Western Canada","url":"https:\/\/prograin.ca\/ca-west\/","logo":{"@type":"ImageObject","inLanguage":"fr-CA","@id":"https:\/\/prograin.ca\/ca-west\/#\/schema\/logo\/image\/","url":"https:\/\/prograin.ca\/app\/uploads\/sites\/4\/2018\/11\/Prograin-logo-1.png","contentUrl":"https:\/\/prograin.ca\/app\/uploads\/sites\/4\/2018\/11\/Prograin-logo-1.png","width":352,"height":85,"caption":"Western Canada"},"image":{"@id":"https:\/\/prograin.ca\/ca-west\/#\/schema\/logo\/image\/"}}]}},"featured_image_urls":{"full":"","thumbnail":"","medium":"","medium_large":"","large":"","1536x1536":"","2048x2048":"","menu-24x24":"","menu-36x36":"","menu-48x48":""},"post_excerpt_stackable":"<p>Offer what is best and always make it better The development of new high-performance cultivars is one of the company\u2019s fundamental goals. We have implemented a soybean genetic improvement program that has enabled us to develop our own private soybean varieties since 1986. This program has been one of the top performers in Canada, with more than a hundred registered varieties in the country and throughout the world. DISCOVER PROGRAIN SEEDS As part of our research and development program, we focus our efforts on highly specialized soybean seeds that have the desired characteristics in terms of agronomy and human consumption.&hellip;<\/p>\n","category_list":"","author_info":{"name":"developpe","url":"https:\/\/prograin.ca\/ca-west\/author\/developpe\/"},"comments_num":"0 comments","featured_image_urls_v2":{"full":"","thumbnail":"","medium":"","medium_large":"","large":"","1536x1536":"","2048x2048":"","menu-24x24":"","menu-36x36":"","menu-48x48":""},"post_excerpt_stackable_v2":"<p>Offer what is best and always make it better The development of new high-performance cultivars is one of the company\u2019s fundamental goals. We have implemented a soybean genetic improvement program that has enabled us to develop our own private soybean varieties since 1986. This program has been one of the top performers in Canada, with more than a hundred registered varieties in the country and throughout the world. DISCOVER PROGRAIN SEEDS As part of our research and development program, we focus our efforts on highly specialized soybean seeds that have the desired characteristics in terms of agronomy and human consumption.&hellip;<\/p>\n","category_list_v2":"","author_info_v2":{"name":"developpe","url":"https:\/\/prograin.ca\/ca-west\/author\/developpe\/"},"comments_num_v2":"0 comments","coauthors":[],"author_meta":{"author_link":"https:\/\/prograin.ca\/ca-west\/author\/developpe\/","display_name":"developpe"},"relative_dates":{"created":"Posted 7 ann\u00e9es ago","modified":"Updated 7 ann\u00e9es ago"},"absolute_dates":{"created":"Posted on 5 f\u00e9vrier 2019","modified":"Updated on 26 mars 2019"},"absolute_dates_time":{"created":"Posted on 5 f\u00e9vrier 2019 16 h 25 min","modified":"Updated on 26 mars 2019 18 h 56 min"},"featured_img_caption":"","featured_img":false,"series_order":"","_links":{"self":[{"href":"https:\/\/prograin.ca\/ca-west\/wp-json\/wp\/v2\/pages\/19849"}],"collection":[{"href":"https:\/\/prograin.ca\/ca-west\/wp-json\/wp\/v2\/pages"}],"about":[{"href":"https:\/\/prograin.ca\/ca-west\/wp-json\/wp\/v2\/types\/page"}],"author":[{"embeddable":true,"href":"https:\/\/prograin.ca\/ca-west\/wp-json\/wp\/v2\/users\/1"}],"replies":[{"embeddable":true,"href":"https:\/\/prograin.ca\/ca-west\/wp-json\/wp\/v2\/comments?post=19849"}],"version-history":[{"count":15,"href":"https:\/\/prograin.ca\/ca-west\/wp-json\/wp\/v2\/pages\/19849\/revisions"}],"predecessor-version":[{"id":22751,"href":"https:\/\/prograin.ca\/ca-west\/wp-json\/wp\/v2\/pages\/19849\/revisions\/22751"}],"up":[{"embeddable":true,"href":"https:\/\/prograin.ca\/ca-west\/wp-json\/wp\/v2\/pages\/19846"}],"wp:attachment":[{"href":"https:\/\/prograin.ca\/ca-west\/wp-json\/wp\/v2\/media?parent=19849"}],"curies":[{"name":"wp","href":"https:\/\/api.w.org\/{rel}","templated":true}]}}