
{"id":19856,"date":"2019-02-05T18:15:50","date_gmt":"2019-02-05T18:15:50","guid":{"rendered":"https:\/\/prograin.ca\/semences-2\/"},"modified":"2025-09-22T12:59:06","modified_gmt":"2025-09-22T12:59:06","slug":"seeds","status":"publish","type":"page","link":"https:\/\/prograin.ca\/ca-west\/en\/seeds\/","title":{"rendered":"Seeds"},"content":{"rendered":"\n<div class=\"wp-block-prograin-section-block alignfull prograin-home\"><ul class=\"subsection\">\n<li class=\"PageTitle\"><h1>Seeds<\/h1><div class=\"prograin-home-slide dark verticalbg\" style=\"color:#eeeeee;background-image:url(https:\/\/prograin.ca\/app\/uploads\/sites\/3\/2019\/03\/323773366.jpg);background-size:cover;background-position:55.87044534412956&nbsp;% 68.62348178137651&nbsp;%\"><div class=\"verticalbg\" style=\"background-image:url(https:\/\/prograin.ca\/app\/uploads\/2018\/12\/Header.jpg);background-size:cover\"><\/div><iframe class=\"videobg\" src=\"https:\/\/player.vimeo.com\/video\/323773366?background=1&amp;autoplay=1&amp;byline=0&amp;title=0&amp;muted=1\" frameborder=\"0\" allowfullscreen><\/iframe><div class=\"inside\" style=\"padding-right:30\">\n<h2>Prograin has been the leader in the soybean market since 1980<\/h2>\n\n\n\n<p class=\"has-very-light-gray-color has-text-color\">By choosing to grow Prograin soybeans, you choose quality, exclusivity, innovation, as well as guaranteed benefits. Our varieties are perfectly adapted to your region. <\/p>\n\n\n\n<div style=\"height:20px\" aria-hidden=\"true\" class=\"wp-block-spacer\"><\/div>\n\n\n\n<div class=\"wp-block-button\"><a class=\"wp-block-button__link\" href=\"https:\/\/prograin.ca\/ca-west\/food-grade-soybeans\/non-gmo-soybeans-our-varieties\/\">DISCOVER ALL OUR SEED VARIETIES<br><\/a><\/div>\n\n\n\n<div style=\"height:20px\" aria-hidden=\"true\" class=\"wp-block-spacer\"><\/div>\n\n\n\n<div class=\"wp-block-button\"><a class=\"wp-block-button__link\" href=\"https:\/\/prograin.ca\/app\/uploads\/sites\/4\/2025\/08\/GuideOuest_2026_ang.pdf\" target=\"_blank\" rel=\"noreferrer noopener\">DOWNLOAD OUR 2026 SEED GUIDE<br><\/a><\/div>\n<\/div><\/div><\/li>\n\n\n\n<li><a href=\"https:\/\/prograin.ca\/ca-west\/en\/seeds\/plot-results\/\">Plot results<\/a><div class=\"prograin-home-slide dark\" style=\"color:#eeeeee;background-image:url(https:\/\/prograin.ca\/app\/uploads\/sites\/4\/2018\/11\/resultats_de_parcel_semences.jpg);background-size:cover\"><div class=\"verticalbg\" style=\"background-size:cover\"><\/div><div class=\"inside\" style=\"padding-right:\">\n<h2 id=\"mce_20\">The importance of proving ourselves in the field with our test plots<\/h2>\n\n\n\n<p> Regulatory trials are a critical step in our research program and allow us to evaluate the performance of our most promising varieties!<\/p>\n\n\n\n<div style=\"height:20px\" aria-hidden=\"true\" class=\"wp-block-spacer\"><\/div>\n\n\n\n<div class=\"wp-block-button\"><a class=\"wp-block-button__link\" href=\"https:\/\/prograin.ca\/ca-west\/en\/seeds\/plot-results\/\">SEE OUR RESULTS <\/a><\/div>\n<\/div><\/div><\/li>\n\n\n\n<li><a href=\"https:\/\/prograin.ca\/ca-west\/en\/seeds\/conventional\/\">Conventional<\/a><div class=\"prograin-home-slide dark\" style=\"color:#eeeeee;background-image:url(https:\/\/prograin.ca\/app\/uploads\/2018\/11\/semences_sans_ogm_semences.jpg);background-size:cover\"><div class=\"verticalbg\" style=\"background-size:cover\"><\/div><div class=\"inside\" style=\"padding-right:\">\n<table class=\"wp-block-advgb-table advgb-table-frontend\" style=\"max-width:277px\"><tbody><tr><td style=\"border-width:1px;border-style:none;text-align:left\"><img loading=\"lazy\" width=\"115\" height=\"98\" class=\"wp-image-20881\" style=\"width: 115px;\" src=\"https:\/\/prograin.ca\/app\/uploads\/2019\/02\/IP-1.png\" alt=\"\" srcset=\"https:\/\/prograin.ca\/app\/uploads\/sites\/4\/2019\/02\/IP-1.png 115w, https:\/\/prograin.ca\/app\/uploads\/sites\/4\/2019\/02\/IP-1-24x20.png 24w, https:\/\/prograin.ca\/app\/uploads\/sites\/4\/2019\/02\/IP-1-36x31.png 36w, https:\/\/prograin.ca\/app\/uploads\/sites\/4\/2019\/02\/IP-1-48x41.png 48w\" sizes=\"(max-width: 115px) 100vw, 115px\" \/><\/td><td style=\"border-width:1px;border-style:none;text-align:left\"><\/td><\/tr><\/tbody><\/table>\n\n\n\n<h2>Conventional<\/h2>\n\n\n\n<p>Our non-GMO seeds are exclusive to Prograin and are developed in our research centre in St-C\u00e9saire, Quebec. To meet all your needs, we offer a large spectrum of soybean varieties, all available with a buyback program that gives you competitive advantages and unparalleled profitability. <\/p>\n\n\n\n<div style=\"height:20px\" aria-hidden=\"true\" class=\"wp-block-spacer\"><\/div>\n\n\n\n<div class=\"wp-block-button\"><a class=\"wp-block-button__link\" href=\"https:\/\/prograin.ca\/seeds\/conventional\/\">SEE THE DETAILED LIST OF OUR SEEDS<br><\/a><\/div>\n\n\n\n<div style=\"height:20px\" aria-hidden=\"true\" class=\"wp-block-spacer\"><\/div>\n\n\n\n<div class=\"wp-block-button\"><a class=\"wp-block-button__link\" href=\"https:\/\/prograin.ca\/app\/uploads\/sites\/4\/2025\/08\/GuideOuest_2026_ang.pdf\" target=\"_blank\" rel=\"noreferrer noopener\">DOWNLOAD OUR 2026 SEED GUIDE<\/a><\/div>\n<\/div><\/div><\/li>\n\n\n\n<li><a href=\"https:\/\/prograin.ca\/ca-west\/en\/seeds\/gmo\/\">GMO<\/a><div class=\"prograin-home-slide dark\" style=\"color:#eeeeee;background-image:url(https:\/\/prograin.ca\/app\/uploads\/2018\/11\/semences_ogm_semences.jpg);background-size:cover\"><div class=\"verticalbg\" style=\"background-size:cover\"><\/div><div class=\"inside\" style=\"padding-right:\">\n<h2>Prograin is your profitability partner<\/h2>\n\n\n\n<p>Our GMO soybean portfolio is characterized by outstanding agronomic yield.  <\/p>\n\n\n\n<div style=\"height:20px\" aria-hidden=\"true\" class=\"wp-block-spacer\"><\/div>\n\n\n\n<div class=\"wp-block-button\"><a class=\"wp-block-button__link\" href=\"https:\/\/prograin.ca\/ca-west\/seeds\/gmo\/\">DISCOVER OUR GMO SEEDS<br><\/a><\/div>\n\n\n\n<div style=\"height:20px\" aria-hidden=\"true\" class=\"wp-block-spacer\"><\/div>\n\n\n\n<div class=\"wp-block-button\"><a class=\"wp-block-button__link\" href=\"https:\/\/prograin.ca\/app\/uploads\/sites\/4\/2025\/08\/GuideOuest_2026_ang.pdf\" target=\"_blank\" rel=\"noreferrer noopener\">DOWNLOAD OUR 2026 SEED GUIDE<\/a><\/div>\n\n\n\n<p><\/p>\n<\/div><\/div><\/li>\n\n\n\n<li><a href=\"https:\/\/prograin.ca\/ca-west\/en\/seeds\/our-distributors\/\">Our distributors<\/a><div class=\"prograin-home-slide light\" style=\"background-image:url(https:\/\/prograin.ca\/app\/uploads\/sites\/4\/2019\/04\/bg_dist_can_west.jpg);background-size:cover\"><div class=\"verticalbg\" style=\"background-size:cover\"><\/div><div class=\"inside\" style=\"padding-right:\">\n<h2><span style=\"color:#313131\" class=\"color\">Our soybean seed distributors<\/span><\/h2>\n\n\n\n<p><span style=\"color:#313131\" class=\"color\">We are fortunate to have an extensive and reliable network of distributors.<\/span><\/p>\n\n\n\n<div style=\"height:20px\" aria-hidden=\"true\" class=\"wp-block-spacer\"><\/div>\n\n\n\n<div class=\"wp-block-button\"><a class=\"wp-block-button__link\" href=\"https:\/\/prograin.ca\/ca-west\/seeds\/our-distributors\/\">FIND A DISTRIBUTOR NEAR YOU<br><\/a><\/div>\n<\/div><\/div><\/li>\n\n\n\n<li><a href=\"https:\/\/prograin.ca\/ca-west\/en\/seeds\/buyback-program\/\">Buyback program<\/a><div class=\"prograin-home-slide dark verticalbg\" style=\"color:#eeeeee;background-image:url(https:\/\/prograin.ca\/app\/uploads\/sites\/3\/2019\/03\/323772737.jpg);background-size:cover\"><div class=\"verticalbg\" style=\"background-image:url(https:\/\/prograin.ca\/app\/uploads\/2019\/03\/bg_prog_rachat.jpg);background-size:cover\"><\/div><iframe class=\"videobg\" src=\"https:\/\/player.vimeo.com\/video\/323772737?background=1&amp;autoplay=1&amp;byline=0&amp;title=0&amp;muted=1\" frameborder=\"0\" allowfullscreen><\/iframe><div class=\"inside\" style=\"padding-right:\">\n<h2>A buyback program based on the quality of your harvest<\/h2>\n\n\n\n<p>The crops you deliver to our facilities feed more than 17 million people around the world through various products. Your soybean crops are essential to meet growing market needs!<\/p>\n\n\n\n<div style=\"height:20px\" aria-hidden=\"true\" class=\"wp-block-spacer\"><\/div>\n\n\n\n<div class=\"wp-block-button\"><a class=\"wp-block-button__link\" href=\"https:\/\/prograin.ca\/ca-west\/seeds\/buyback-program\/\">LEARN MORE ABOUT OUR BUYBACK PROGRAM<br><\/a><\/div>\n<\/div><\/div><\/li>\n\n\n\n<li><a href=\"https:\/\/prograin.ca\/ca-west\/en\/seeds\/tips\/\">Tips<\/a><div class=\"prograin-home-slide dark\" style=\"color:#eeeeee;background-image:url(https:\/\/prograin.ca\/app\/uploads\/2019\/01\/conseils_header.jpg);background-size:cover\"><div class=\"verticalbg\" style=\"background-size:cover\"><\/div><div class=\"inside\" style=\"padding-right:\">\n<h2>Take advantage of our resources<\/h2>\n\n\n\n<p>Our Prograin experts can provide advice at any stage of your production, from seeding to harvest. We are happy to help you maximize your revenue.<\/p>\n\n\n\n<div style=\"height:20px\" aria-hidden=\"true\" class=\"wp-block-spacer\"><\/div>\n\n\n\n<div class=\"wp-block-button\"><a class=\"wp-block-button__link\" href=\"https:\/\/prograin.ca\/ca-west\/seeds\/tips\/\">READ OUR TIPS<br><\/a><\/div>\n<\/div><\/div><\/li>\n\n\n\n<li><a href=\"https:\/\/prograin.ca\/ca-west\/en\/seeds\/articles\/\">Article<\/a><div class=\"prograin-home-slide dark\" style=\"color:#ffffff;background-image:url(https:\/\/prograin.ca\/app\/uploads\/2019\/03\/bg_articles_en.jpg);background-size:cover\"><div class=\"verticalbg\" style=\"background-size:cover\"><\/div><div class=\"inside\" style=\"padding-right:\">\n<h2 class=\"is-style-blanc\">Article<\/h2>\n\n\n\n<p> A source of information to guide your soybean purchases <\/p>\n\n\n\n<div style=\"height:20px\" aria-hidden=\"true\" class=\"wp-block-spacer\"><\/div>\n\n\n\n<div class=\"wp-block-button\"><a class=\"wp-block-button__link\" href=\"https:\/\/prograin.ca\/ca-west\/en\/seeds\/articles\/\">READ MORE<\/a><\/div>\n<\/div><\/div><\/li>\n\n\n\n<li><a href=\"https:\/\/prograin.ca\/ca-west\/en\/seeds\/faq-en\/\">FAQ<\/a><div class=\"prograin-home-slide dark\" style=\"color:#ffffff;background-image:url(https:\/\/prograin.ca\/app\/uploads\/2019\/02\/bg_conseils-1.jpg);background-size:cover\"><div class=\"verticalbg\" style=\"background-size:cover\"><\/div><div class=\"inside\" style=\"padding-right:\">\n<h2 class=\"is-style-blanc\">FAQ<\/h2>\n\n\n\n<p>Do you have any questions?<br>Here is a list of frequently discussed topics.<\/p>\n\n\n\n<div style=\"height:20px\" aria-hidden=\"true\" class=\"wp-block-spacer\"><\/div>\n\n\n\n<div class=\"wp-block-button\"><a class=\"wp-block-button__link\" href=\"https:\/\/prograin.ca\/ca-west\/en\/seeds\/faq-en\/\">YOU HAVE A QUESTION?<\/a><\/div>\n<\/div><\/div><\/li>\n<\/ul><\/div>\n","protected":false},"excerpt":{"rendered":"","protected":false},"author":1,"featured_media":0,"parent":0,"menu_order":6,"comment_status":"closed","ping_status":"closed","template":"accueil","meta":{"advgb_blocks_editor_width":"","advgb_blocks_columns_visual_guide":""},"yoast_head":"<!-- This site is optimized with the Yoast SEO plugin v19.11 - https:\/\/yoast.com\/wordpress\/plugins\/seo\/ -->\n<title>Prograin | Exclusive soybean seeds for higher profitability<\/title>\n<meta name=\"description\" content=\"By choosing to grow Prograin soybeans, you choose quality, exclusivity, innovation, as well as guaranteed benefits!\" \/>\n<meta name=\"robots\" content=\"index, follow, max-snippet:-1, max-image-preview:large, max-video-preview:-1\" \/>\n<link rel=\"canonical\" href=\"https:\/\/prograin.ca\/ca-west\/en\/seeds\/\" \/>\n<meta property=\"og:locale\" content=\"fr_CA\" \/>\n<meta property=\"og:type\" content=\"article\" \/>\n<meta property=\"og:title\" content=\"Prograin | Exclusive soybean seeds for higher profitability\" \/>\n<meta property=\"og:description\" content=\"By choosing to grow Prograin soybeans, you choose quality, exclusivity, innovation, as well as guaranteed benefits!\" \/>\n<meta property=\"og:url\" content=\"https:\/\/prograin.ca\/ca-west\/en\/seeds\/\" \/>\n<meta property=\"og:site_name\" content=\"Western Canada\" \/>\n<meta property=\"article:modified_time\" content=\"2025-09-22T12:59:06+00:00\" \/>\n<meta property=\"og:image\" content=\"https:\/\/prograin.ca\/app\/uploads\/2019\/02\/IP-1.png\" \/>\n<meta name=\"twitter:card\" content=\"summary_large_image\" \/>\n<meta name=\"twitter:label1\" content=\"Estimation du temps de lecture\" \/>\n\t<meta name=\"twitter:data1\" content=\"2 minutes\" \/>\n<script type=\"application\/ld+json\" class=\"yoast-schema-graph\">{\"@context\":\"https:\/\/schema.org\",\"@graph\":[{\"@type\":\"WebPage\",\"@id\":\"https:\/\/prograin.ca\/ca-west\/en\/seeds\/\",\"url\":\"https:\/\/prograin.ca\/ca-west\/en\/seeds\/\",\"name\":\"Prograin | Exclusive soybean seeds for higher profitability\",\"isPartOf\":{\"@id\":\"https:\/\/prograin.ca\/ca-west\/#website\"},\"datePublished\":\"2019-02-05T18:15:50+00:00\",\"dateModified\":\"2025-09-22T12:59:06+00:00\",\"description\":\"By choosing to grow Prograin soybeans, you choose quality, exclusivity, innovation, as well as guaranteed benefits!\",\"breadcrumb\":{\"@id\":\"https:\/\/prograin.ca\/ca-west\/en\/seeds\/#breadcrumb\"},\"inLanguage\":\"fr-CA\",\"potentialAction\":[{\"@type\":\"ReadAction\",\"target\":[\"https:\/\/prograin.ca\/ca-west\/en\/seeds\/\"]}]},{\"@type\":\"BreadcrumbList\",\"@id\":\"https:\/\/prograin.ca\/ca-west\/en\/seeds\/#breadcrumb\",\"itemListElement\":[{\"@type\":\"ListItem\",\"position\":1,\"name\":\"Home\",\"item\":\"https:\/\/prograin.ca\/ca-west\/en\/\"},{\"@type\":\"ListItem\",\"position\":2,\"name\":\"Seeds\"}]},{\"@type\":\"WebSite\",\"@id\":\"https:\/\/prograin.ca\/ca-west\/#website\",\"url\":\"https:\/\/prograin.ca\/ca-west\/\",\"name\":\"Western Canada\",\"description\":\"Un site utilisant WordPress\",\"publisher\":{\"@id\":\"https:\/\/prograin.ca\/ca-west\/#organization\"},\"potentialAction\":[{\"@type\":\"SearchAction\",\"target\":{\"@type\":\"EntryPoint\",\"urlTemplate\":\"https:\/\/prograin.ca\/ca-west\/?s={search_term_string}\"},\"query-input\":\"required name=search_term_string\"}],\"inLanguage\":\"fr-CA\"},{\"@type\":\"Organization\",\"@id\":\"https:\/\/prograin.ca\/ca-west\/#organization\",\"name\":\"Western Canada\",\"url\":\"https:\/\/prograin.ca\/ca-west\/\",\"logo\":{\"@type\":\"ImageObject\",\"inLanguage\":\"fr-CA\",\"@id\":\"https:\/\/prograin.ca\/ca-west\/#\/schema\/logo\/image\/\",\"url\":\"https:\/\/prograin.ca\/app\/uploads\/sites\/4\/2018\/11\/Prograin-logo-1.png\",\"contentUrl\":\"https:\/\/prograin.ca\/app\/uploads\/sites\/4\/2018\/11\/Prograin-logo-1.png\",\"width\":352,\"height\":85,\"caption\":\"Western Canada\"},\"image\":{\"@id\":\"https:\/\/prograin.ca\/ca-west\/#\/schema\/logo\/image\/\"}}]}<\/script>\n<!-- \/ Yoast SEO plugin. -->","yoast_head_json":{"title":"Prograin | Exclusive soybean seeds for higher profitability","description":"By choosing to grow Prograin soybeans, you choose quality, exclusivity, innovation, as well as guaranteed benefits!","robots":{"index":"index","follow":"follow","max-snippet":"max-snippet:-1","max-image-preview":"max-image-preview:large","max-video-preview":"max-video-preview:-1"},"canonical":"https:\/\/prograin.ca\/ca-west\/en\/seeds\/","og_locale":"fr_CA","og_type":"article","og_title":"Prograin | Exclusive soybean seeds for higher profitability","og_description":"By choosing to grow Prograin soybeans, you choose quality, exclusivity, innovation, as well as guaranteed benefits!","og_url":"https:\/\/prograin.ca\/ca-west\/en\/seeds\/","og_site_name":"Western Canada","article_modified_time":"2025-09-22T12:59:06+00:00","og_image":[{"url":"https:\/\/prograin.ca\/app\/uploads\/2019\/02\/IP-1.png"}],"twitter_card":"summary_large_image","twitter_misc":{"Estimation du temps de lecture":"2 minutes"},"schema":{"@context":"https:\/\/schema.org","@graph":[{"@type":"WebPage","@id":"https:\/\/prograin.ca\/ca-west\/en\/seeds\/","url":"https:\/\/prograin.ca\/ca-west\/en\/seeds\/","name":"Prograin | Exclusive soybean seeds for higher profitability","isPartOf":{"@id":"https:\/\/prograin.ca\/ca-west\/#website"},"datePublished":"2019-02-05T18:15:50+00:00","dateModified":"2025-09-22T12:59:06+00:00","description":"By choosing to grow Prograin soybeans, you choose quality, exclusivity, innovation, as well as guaranteed benefits!","breadcrumb":{"@id":"https:\/\/prograin.ca\/ca-west\/en\/seeds\/#breadcrumb"},"inLanguage":"fr-CA","potentialAction":[{"@type":"ReadAction","target":["https:\/\/prograin.ca\/ca-west\/en\/seeds\/"]}]},{"@type":"BreadcrumbList","@id":"https:\/\/prograin.ca\/ca-west\/en\/seeds\/#breadcrumb","itemListElement":[{"@type":"ListItem","position":1,"name":"Home","item":"https:\/\/prograin.ca\/ca-west\/en\/"},{"@type":"ListItem","position":2,"name":"Seeds"}]},{"@type":"WebSite","@id":"https:\/\/prograin.ca\/ca-west\/#website","url":"https:\/\/prograin.ca\/ca-west\/","name":"Western Canada","description":"Un site utilisant WordPress","publisher":{"@id":"https:\/\/prograin.ca\/ca-west\/#organization"},"potentialAction":[{"@type":"SearchAction","target":{"@type":"EntryPoint","urlTemplate":"https:\/\/prograin.ca\/ca-west\/?s={search_term_string}"},"query-input":"required name=search_term_string"}],"inLanguage":"fr-CA"},{"@type":"Organization","@id":"https:\/\/prograin.ca\/ca-west\/#organization","name":"Western Canada","url":"https:\/\/prograin.ca\/ca-west\/","logo":{"@type":"ImageObject","inLanguage":"fr-CA","@id":"https:\/\/prograin.ca\/ca-west\/#\/schema\/logo\/image\/","url":"https:\/\/prograin.ca\/app\/uploads\/sites\/4\/2018\/11\/Prograin-logo-1.png","contentUrl":"https:\/\/prograin.ca\/app\/uploads\/sites\/4\/2018\/11\/Prograin-logo-1.png","width":352,"height":85,"caption":"Western Canada"},"image":{"@id":"https:\/\/prograin.ca\/ca-west\/#\/schema\/logo\/image\/"}}]}},"featured_image_urls":{"full":"","thumbnail":"","medium":"","medium_large":"","large":"","1536x1536":"","2048x2048":"","menu-24x24":"","menu-36x36":"","menu-48x48":""},"post_excerpt_stackable":"<p>Seeds Prograin has been the leader in the soybean market since 1980 By choosing to grow Prograin soybeans, you choose quality, exclusivity, innovation, as well as guaranteed benefits. Our varieties are perfectly adapted to your region. DISCOVER ALL OUR SEED VARIETIES DOWNLOAD OUR 2026 SEED GUIDE Plot results The importance of proving ourselves in the field with our test plots Regulatory trials are a critical step in our research program and allow us to evaluate the performance of our most promising varieties! SEE OUR RESULTS Conventional Conventional Our non-GMO seeds are exclusive to Prograin and are developed in our research&hellip;<\/p>\n","category_list":"","author_info":{"name":"developpe","url":"https:\/\/prograin.ca\/ca-west\/author\/developpe\/"},"comments_num":"0 comments","featured_image_urls_v2":{"full":"","thumbnail":"","medium":"","medium_large":"","large":"","1536x1536":"","2048x2048":"","menu-24x24":"","menu-36x36":"","menu-48x48":""},"post_excerpt_stackable_v2":"<p>Seeds Prograin has been the leader in the soybean market since 1980 By choosing to grow Prograin soybeans, you choose quality, exclusivity, innovation, as well as guaranteed benefits. Our varieties are perfectly adapted to your region. DISCOVER ALL OUR SEED VARIETIES DOWNLOAD OUR 2026 SEED GUIDE Plot results The importance of proving ourselves in the field with our test plots Regulatory trials are a critical step in our research program and allow us to evaluate the performance of our most promising varieties! SEE OUR RESULTS Conventional Conventional Our non-GMO seeds are exclusive to Prograin and are developed in our research&hellip;<\/p>\n","category_list_v2":"","author_info_v2":{"name":"developpe","url":"https:\/\/prograin.ca\/ca-west\/author\/developpe\/"},"comments_num_v2":"0 comments","coauthors":[],"author_meta":{"author_link":"https:\/\/prograin.ca\/ca-west\/author\/developpe\/","display_name":"developpe"},"relative_dates":{"created":"Posted 7 ann\u00e9es ago","modified":"Updated 7 mois ago"},"absolute_dates":{"created":"Posted on 5 f\u00e9vrier 2019","modified":"Updated on 22 septembre 2025"},"absolute_dates_time":{"created":"Posted on 5 f\u00e9vrier 2019 18 h 15 min","modified":"Updated on 22 septembre 2025 12 h 59 min"},"featured_img_caption":"","featured_img":false,"series_order":"","_links":{"self":[{"href":"https:\/\/prograin.ca\/ca-west\/wp-json\/wp\/v2\/pages\/19856"}],"collection":[{"href":"https:\/\/prograin.ca\/ca-west\/wp-json\/wp\/v2\/pages"}],"about":[{"href":"https:\/\/prograin.ca\/ca-west\/wp-json\/wp\/v2\/types\/page"}],"author":[{"embeddable":true,"href":"https:\/\/prograin.ca\/ca-west\/wp-json\/wp\/v2\/users\/1"}],"replies":[{"embeddable":true,"href":"https:\/\/prograin.ca\/ca-west\/wp-json\/wp\/v2\/comments?post=19856"}],"version-history":[{"count":83,"href":"https:\/\/prograin.ca\/ca-west\/wp-json\/wp\/v2\/pages\/19856\/revisions"}],"predecessor-version":[{"id":23731,"href":"https:\/\/prograin.ca\/ca-west\/wp-json\/wp\/v2\/pages\/19856\/revisions\/23731"}],"wp:attachment":[{"href":"https:\/\/prograin.ca\/ca-west\/wp-json\/wp\/v2\/media?parent=19856"}],"curies":[{"name":"wp","href":"https:\/\/api.w.org\/{rel}","templated":true}]}}