
{"id":19878,"date":"2019-02-05T20:18:27","date_gmt":"2019-02-05T20:18:27","guid":{"rendered":"https:\/\/prograin.ca\/semences\/programme-de-rachat-2\/"},"modified":"2019-04-01T15:53:35","modified_gmt":"2019-04-01T15:53:35","slug":"buyback-program","status":"publish","type":"page","link":"https:\/\/prograin.ca\/ca-west\/en\/seeds\/buyback-program\/","title":{"rendered":"Buyback program"},"content":{"rendered":"\n<div class=\"wp-block-balise-section-block alignfull _sectionblock has-1-columns\">\n<div class=\" verticalbg\" style=\"color:#ffffff;background-image:url(https:\/\/prograin.ca\/app\/uploads\/sites\/3\/2019\/03\/323773366.jpg);background-size:cover;padding-top:60px;padding-bottom:80px;padding-left:10px;padding-right:10px\"><div class=\"verticalbg\" style=\"background-image:url(https:\/\/prograin.ca\/app\/uploads\/2018\/11\/section_semences.jpg);background-size:cover\"><\/div><iframe class=\"videobg\" src=\"https:\/\/player.vimeo.com\/video\/323773366?background=1&amp;autoplay=1&amp;byline=0&amp;title=0&amp;muted=1\" frameborder=\"0\" allowfullscreen><\/iframe><div class=\"inside\" style=\"margin:0 30&nbsp;% 0 0 \">\n<div style=\"height:30px\" aria-hidden=\"true\" class=\"wp-block-spacer\"><\/div>\n\n\n\n<h3>Our buyback program is a must for your profitability. Prograin has been marketing your soybeans in various highly specialized markets for over 30 years.<\/h3>\n<\/div><\/div>\n<\/div>\n\n\n\n<div class=\"wp-block-balise-section-block alignfull _sectionblock has-1-columns\">\n<div class=\"\" style=\"background-size:cover;padding-top:60px;padding-bottom:60px;padding-left:10px;padding-right:10px\"><div class=\"verticalbg\" style=\"background-size:cover\"><\/div><div class=\"inside\" style=\"margin:0 auto\">\n<h3 class=\"is-style-orange\">Our program includes many benefits:<\/h3>\n\n\n\n<div style=\"height:20px\" aria-hidden=\"true\" class=\"wp-block-spacer\"><\/div>\n\n\n\n<div class=\"wp-container-3 wp-block-columns has-2-columns\">\n<div class=\"wp-container-1 wp-block-column\">\n<p>Advantageous premiums, well above industry standards<\/p>\n\n\n\n<p>Guaranteed income<\/p>\n\n\n\n<p>Flexibility to set prices whenever you want<\/p>\n<\/div>\n\n\n\n<div class=\"wp-container-2 wp-block-column\">\n<p>Peace of mind when marketing your crop<\/p>\n\n\n\n<p>Pride in producing quality soybeans for human consumption exported around the world<br><\/p>\n<\/div>\n<\/div>\n<\/div><\/div>\n<\/div>\n\n\n\n<div class=\"wp-block-balise-section-block alignfull _sectionblock has-1-columns\">\n<div class=\"\" style=\"color:#ffffff;background-image:url(https:\/\/prograin.ca\/app\/uploads\/2018\/12\/Entreposage.jpg);background-size:cover;padding-top:35px;padding-bottom:35px;padding-left:10px;padding-right:10px\"><div class=\"verticalbg\" style=\"background-size:cover\"><\/div><div class=\"inside\" style=\"margin:0 auto\">\n<h3>Storage <\/h3>\n\n\n\n<div class=\"wp-container-6 wp-block-columns has-2-columns\">\n<div class=\"wp-container-4 wp-block-column\">\n<h4>Delivering your soybeans this in the winter months?<\/h4>\n\n\n\n<p>Storage is a crucial step that deserves special attention in order to maximize your profitability.<\/p>\n<\/div>\n\n\n\n<div class=\"wp-container-5 wp-block-column\">\n<h4 class=\"is-style-orange\">Here is a list of key points to check before loading your truck:<\/h4>\n\n\n\n<ol><li> Have a valid order number on hand. The number you get is valid for one week; after that time, contact us so that we can reactivate it. <\/li><li>Check our opening hours.<\/li><li>Check the humidity level of your silo.<\/li><li> Check in your silo to see if there is\/are: <ul><li>Snow accumulation <\/li><li>Water infiltration <\/li><li>Heated or moldy grains <\/li><\/ul><\/li><\/ol>\n<\/div>\n<\/div>\n<\/div><\/div>\n<\/div>\n\n\n\n<div class=\"wp-block-balise-section-block alignfull _sectionblock has-1-columns\">\n<div class=\"\" style=\"background-color:#ff6900;color:#ffffff;background-size:cover;padding-top:60px;padding-bottom:60px;padding-left:10px;padding-right:10px\"><div class=\"verticalbg\" style=\"background-size:cover\"><\/div><div class=\"inside\" style=\"margin:0 auto\">\n<p>If you observe any of these situations, please remove the affected grains before loading the truck.<br>These simple checks will help you avoid any unpleasant surprises when your load arrives at the plant!<\/p>\n<\/div><\/div>\n<\/div>\n","protected":false},"excerpt":{"rendered":"","protected":false},"author":1,"featured_media":0,"parent":19856,"menu_order":4,"comment_status":"closed","ping_status":"closed","template":"","meta":{"advgb_blocks_editor_width":"","advgb_blocks_columns_visual_guide":""},"yoast_head":"<!-- This site is optimized with the Yoast SEO plugin v19.11 - https:\/\/yoast.com\/wordpress\/plugins\/seo\/ -->\n<title>Prograin | Benefits related to our crop buyback program<\/title>\n<meta name=\"description\" content=\"Prograin\u2019s soybean buyback program is a must for your profitability. Your harvest quality is recognized and rewarded.\" \/>\n<meta name=\"robots\" content=\"index, follow, max-snippet:-1, max-image-preview:large, max-video-preview:-1\" \/>\n<link rel=\"canonical\" href=\"https:\/\/prograin.ca\/ca-west\/en\/seeds\/buyback-program\/\" \/>\n<meta property=\"og:locale\" content=\"fr_CA\" \/>\n<meta property=\"og:type\" content=\"article\" \/>\n<meta property=\"og:title\" content=\"Prograin | Benefits related to our crop buyback program\" \/>\n<meta property=\"og:description\" content=\"Prograin\u2019s soybean buyback program is a must for your profitability. Your harvest quality is recognized and rewarded.\" \/>\n<meta property=\"og:url\" content=\"https:\/\/prograin.ca\/ca-west\/en\/seeds\/buyback-program\/\" \/>\n<meta property=\"og:site_name\" content=\"Western Canada\" \/>\n<meta property=\"article:modified_time\" content=\"2019-04-01T15:53:35+00:00\" \/>\n<meta name=\"twitter:card\" content=\"summary_large_image\" \/>\n<meta name=\"twitter:label1\" content=\"Estimation du temps de lecture\" \/>\n\t<meta name=\"twitter:data1\" content=\"1 minute\" \/>\n<script type=\"application\/ld+json\" class=\"yoast-schema-graph\">{\"@context\":\"https:\/\/schema.org\",\"@graph\":[{\"@type\":\"WebPage\",\"@id\":\"https:\/\/prograin.ca\/ca-west\/en\/seeds\/buyback-program\/\",\"url\":\"https:\/\/prograin.ca\/ca-west\/en\/seeds\/buyback-program\/\",\"name\":\"Prograin | Benefits related to our crop buyback program\",\"isPartOf\":{\"@id\":\"https:\/\/prograin.ca\/ca-west\/#website\"},\"datePublished\":\"2019-02-05T20:18:27+00:00\",\"dateModified\":\"2019-04-01T15:53:35+00:00\",\"description\":\"Prograin\u2019s soybean buyback program is a must for your profitability. Your harvest quality is recognized and rewarded.\",\"breadcrumb\":{\"@id\":\"https:\/\/prograin.ca\/ca-west\/en\/seeds\/buyback-program\/#breadcrumb\"},\"inLanguage\":\"fr-CA\",\"potentialAction\":[{\"@type\":\"ReadAction\",\"target\":[\"https:\/\/prograin.ca\/ca-west\/en\/seeds\/buyback-program\/\"]}]},{\"@type\":\"BreadcrumbList\",\"@id\":\"https:\/\/prograin.ca\/ca-west\/en\/seeds\/buyback-program\/#breadcrumb\",\"itemListElement\":[{\"@type\":\"ListItem\",\"position\":1,\"name\":\"Home\",\"item\":\"https:\/\/prograin.ca\/ca-west\/en\/\"},{\"@type\":\"ListItem\",\"position\":2,\"name\":\"Seeds\",\"item\":\"https:\/\/prograin.ca\/ca-west\/en\/seeds\/\"},{\"@type\":\"ListItem\",\"position\":3,\"name\":\"Buyback program\"}]},{\"@type\":\"WebSite\",\"@id\":\"https:\/\/prograin.ca\/ca-west\/#website\",\"url\":\"https:\/\/prograin.ca\/ca-west\/\",\"name\":\"Western Canada\",\"description\":\"Un site utilisant WordPress\",\"publisher\":{\"@id\":\"https:\/\/prograin.ca\/ca-west\/#organization\"},\"potentialAction\":[{\"@type\":\"SearchAction\",\"target\":{\"@type\":\"EntryPoint\",\"urlTemplate\":\"https:\/\/prograin.ca\/ca-west\/?s={search_term_string}\"},\"query-input\":\"required name=search_term_string\"}],\"inLanguage\":\"fr-CA\"},{\"@type\":\"Organization\",\"@id\":\"https:\/\/prograin.ca\/ca-west\/#organization\",\"name\":\"Western Canada\",\"url\":\"https:\/\/prograin.ca\/ca-west\/\",\"logo\":{\"@type\":\"ImageObject\",\"inLanguage\":\"fr-CA\",\"@id\":\"https:\/\/prograin.ca\/ca-west\/#\/schema\/logo\/image\/\",\"url\":\"https:\/\/prograin.ca\/app\/uploads\/sites\/4\/2018\/11\/Prograin-logo-1.png\",\"contentUrl\":\"https:\/\/prograin.ca\/app\/uploads\/sites\/4\/2018\/11\/Prograin-logo-1.png\",\"width\":352,\"height\":85,\"caption\":\"Western Canada\"},\"image\":{\"@id\":\"https:\/\/prograin.ca\/ca-west\/#\/schema\/logo\/image\/\"}}]}<\/script>\n<!-- \/ Yoast SEO plugin. -->","yoast_head_json":{"title":"Prograin | Benefits related to our crop buyback program","description":"Prograin\u2019s soybean buyback program is a must for your profitability. Your harvest quality is recognized and rewarded.","robots":{"index":"index","follow":"follow","max-snippet":"max-snippet:-1","max-image-preview":"max-image-preview:large","max-video-preview":"max-video-preview:-1"},"canonical":"https:\/\/prograin.ca\/ca-west\/en\/seeds\/buyback-program\/","og_locale":"fr_CA","og_type":"article","og_title":"Prograin | Benefits related to our crop buyback program","og_description":"Prograin\u2019s soybean buyback program is a must for your profitability. Your harvest quality is recognized and rewarded.","og_url":"https:\/\/prograin.ca\/ca-west\/en\/seeds\/buyback-program\/","og_site_name":"Western Canada","article_modified_time":"2019-04-01T15:53:35+00:00","twitter_card":"summary_large_image","twitter_misc":{"Estimation du temps de lecture":"1 minute"},"schema":{"@context":"https:\/\/schema.org","@graph":[{"@type":"WebPage","@id":"https:\/\/prograin.ca\/ca-west\/en\/seeds\/buyback-program\/","url":"https:\/\/prograin.ca\/ca-west\/en\/seeds\/buyback-program\/","name":"Prograin | Benefits related to our crop buyback program","isPartOf":{"@id":"https:\/\/prograin.ca\/ca-west\/#website"},"datePublished":"2019-02-05T20:18:27+00:00","dateModified":"2019-04-01T15:53:35+00:00","description":"Prograin\u2019s soybean buyback program is a must for your profitability. Your harvest quality is recognized and rewarded.","breadcrumb":{"@id":"https:\/\/prograin.ca\/ca-west\/en\/seeds\/buyback-program\/#breadcrumb"},"inLanguage":"fr-CA","potentialAction":[{"@type":"ReadAction","target":["https:\/\/prograin.ca\/ca-west\/en\/seeds\/buyback-program\/"]}]},{"@type":"BreadcrumbList","@id":"https:\/\/prograin.ca\/ca-west\/en\/seeds\/buyback-program\/#breadcrumb","itemListElement":[{"@type":"ListItem","position":1,"name":"Home","item":"https:\/\/prograin.ca\/ca-west\/en\/"},{"@type":"ListItem","position":2,"name":"Seeds","item":"https:\/\/prograin.ca\/ca-west\/en\/seeds\/"},{"@type":"ListItem","position":3,"name":"Buyback program"}]},{"@type":"WebSite","@id":"https:\/\/prograin.ca\/ca-west\/#website","url":"https:\/\/prograin.ca\/ca-west\/","name":"Western Canada","description":"Un site utilisant WordPress","publisher":{"@id":"https:\/\/prograin.ca\/ca-west\/#organization"},"potentialAction":[{"@type":"SearchAction","target":{"@type":"EntryPoint","urlTemplate":"https:\/\/prograin.ca\/ca-west\/?s={search_term_string}"},"query-input":"required name=search_term_string"}],"inLanguage":"fr-CA"},{"@type":"Organization","@id":"https:\/\/prograin.ca\/ca-west\/#organization","name":"Western Canada","url":"https:\/\/prograin.ca\/ca-west\/","logo":{"@type":"ImageObject","inLanguage":"fr-CA","@id":"https:\/\/prograin.ca\/ca-west\/#\/schema\/logo\/image\/","url":"https:\/\/prograin.ca\/app\/uploads\/sites\/4\/2018\/11\/Prograin-logo-1.png","contentUrl":"https:\/\/prograin.ca\/app\/uploads\/sites\/4\/2018\/11\/Prograin-logo-1.png","width":352,"height":85,"caption":"Western Canada"},"image":{"@id":"https:\/\/prograin.ca\/ca-west\/#\/schema\/logo\/image\/"}}]}},"featured_image_urls":{"full":"","thumbnail":"","medium":"","medium_large":"","large":"","1536x1536":"","2048x2048":"","menu-24x24":"","menu-36x36":"","menu-48x48":""},"post_excerpt_stackable":"<p>Our buyback program is a must for your profitability. Prograin has been marketing your soybeans in various highly specialized markets for over 30 years. Our program includes many benefits: Advantageous premiums, well above industry standards Guaranteed income Flexibility to set prices whenever you want Peace of mind when marketing your crop Pride in producing quality soybeans for human consumption exported around the world Storage Delivering your soybeans this in the winter months? Storage is a crucial step that deserves special attention in order to maximize your profitability. Here is a list of key points to check before loading your truck:&hellip;<\/p>\n","category_list":"","author_info":{"name":"developpe","url":"https:\/\/prograin.ca\/ca-west\/author\/developpe\/"},"comments_num":"0 comments","featured_image_urls_v2":{"full":"","thumbnail":"","medium":"","medium_large":"","large":"","1536x1536":"","2048x2048":"","menu-24x24":"","menu-36x36":"","menu-48x48":""},"post_excerpt_stackable_v2":"<p>Our buyback program is a must for your profitability. Prograin has been marketing your soybeans in various highly specialized markets for over 30 years. Our program includes many benefits: Advantageous premiums, well above industry standards Guaranteed income Flexibility to set prices whenever you want Peace of mind when marketing your crop Pride in producing quality soybeans for human consumption exported around the world Storage Delivering your soybeans this in the winter months? Storage is a crucial step that deserves special attention in order to maximize your profitability. Here is a list of key points to check before loading your truck:&hellip;<\/p>\n","category_list_v2":"","author_info_v2":{"name":"developpe","url":"https:\/\/prograin.ca\/ca-west\/author\/developpe\/"},"comments_num_v2":"0 comments","coauthors":[],"author_meta":{"author_link":"https:\/\/prograin.ca\/ca-west\/author\/developpe\/","display_name":"developpe"},"relative_dates":{"created":"Posted 7 ann\u00e9es ago","modified":"Updated 7 ann\u00e9es ago"},"absolute_dates":{"created":"Posted on 5 f\u00e9vrier 2019","modified":"Updated on 1 avril 2019"},"absolute_dates_time":{"created":"Posted on 5 f\u00e9vrier 2019 20 h 18 min","modified":"Updated on 1 avril 2019 15 h 53 min"},"featured_img_caption":"","featured_img":false,"series_order":"","_links":{"self":[{"href":"https:\/\/prograin.ca\/ca-west\/wp-json\/wp\/v2\/pages\/19878"}],"collection":[{"href":"https:\/\/prograin.ca\/ca-west\/wp-json\/wp\/v2\/pages"}],"about":[{"href":"https:\/\/prograin.ca\/ca-west\/wp-json\/wp\/v2\/types\/page"}],"author":[{"embeddable":true,"href":"https:\/\/prograin.ca\/ca-west\/wp-json\/wp\/v2\/users\/1"}],"replies":[{"embeddable":true,"href":"https:\/\/prograin.ca\/ca-west\/wp-json\/wp\/v2\/comments?post=19878"}],"version-history":[{"count":17,"href":"https:\/\/prograin.ca\/ca-west\/wp-json\/wp\/v2\/pages\/19878\/revisions"}],"predecessor-version":[{"id":22854,"href":"https:\/\/prograin.ca\/ca-west\/wp-json\/wp\/v2\/pages\/19878\/revisions\/22854"}],"up":[{"embeddable":true,"href":"https:\/\/prograin.ca\/ca-west\/wp-json\/wp\/v2\/pages\/19856"}],"wp:attachment":[{"href":"https:\/\/prograin.ca\/ca-west\/wp-json\/wp\/v2\/media?parent=19878"}],"curies":[{"name":"wp","href":"https:\/\/api.w.org\/{rel}","templated":true}]}}