
{"id":19887,"date":"2019-02-05T20:56:18","date_gmt":"2019-02-05T20:56:18","guid":{"rendered":"https:\/\/prograin.ca\/semences\/conseils-2\/"},"modified":"2019-04-29T15:11:53","modified_gmt":"2019-04-29T15:11:53","slug":"tips","status":"publish","type":"page","link":"https:\/\/prograin.ca\/ca-west\/en\/seeds\/tips\/","title":{"rendered":"Prograin experts"},"content":{"rendered":"\n<div class=\"wp-block-balise-section-block alignfull _sectionblock has-1-columns\">\n<div class=\"\" style=\"color:#ffffff;background-image:url(https:\/\/prograin.ca\/app\/uploads\/2019\/01\/conseils_header.jpg);background-size:cover;padding-top:60px;padding-bottom:60px;padding-left:10px;padding-right:10px\"><div class=\"verticalbg\" style=\"background-size:cover\"><\/div><div class=\"inside\" style=\"margin:0 auto\">\n<div class=\"wp-container-3 wp-block-columns has-2-columns\">\n<div class=\"wp-container-1 wp-block-column\">\n<p>Our seed sales team relies on experienced specialists and agronomists to support our company\u2019s distribution network.<\/p>\n\n\n\n<p>Feel free to contact a member of our team at any stage of your production, from seeding to harvest. We\u2019ll be happy to help you!<\/p>\n<\/div>\n\n\n\n<div class=\"wp-container-2 wp-block-column\"><\/div>\n<\/div>\n<\/div><\/div>\n<\/div>\n\n\n\n<div class=\"wp-block-balise-section-block alignfull _sectionblock has-1-columns\">\n<div class=\"\" style=\"background-size:cover;padding-top:30px;padding-bottom:10px;padding-left:10px;padding-right:10px\"><div class=\"verticalbg\" style=\"background-size:cover\"><\/div><div class=\"inside\" style=\"margin:0 auto\">\n<h3 class=\"is-style-orange\">1. SEEDING<\/h3>\n\n\n\n<hr class=\"wp-block-separator\"\/>\n\n\n\n<div class=\"wp-container-6 wp-block-columns has-2-columns\">\n<div class=\"wp-container-4 wp-block-column\">\n<p>Field preparation, planting depth, seeder calibration, recommended varieties, seeding density, etc.<\/p>\n<\/div>\n\n\n\n<div class=\"wp-container-5 wp-block-column\"><\/div>\n<\/div>\n<\/div><\/div>\n<\/div>\n\n\n\n<div class=\"wp-block-balise-section-block alignfull _sectionblock has-1-columns\">\n<div class=\"\" style=\"background-size:cover;padding-top:10px;padding-bottom:10px;padding-left:10px;padding-right:10px\"><div class=\"verticalbg\" style=\"background-size:cover\"><\/div><div class=\"inside\" style=\"margin:0 auto\">\n<h3 class=\"is-style-orange\">2. CROP PROTECTION<\/h3>\n\n\n\n<hr class=\"wp-block-separator\"\/>\n\n\n\n<div class=\"wp-container-9 wp-block-columns has-2-columns\">\n<div class=\"wp-container-7 wp-block-column\">\n<p>We can help you properly identify and control pathogens and disrupting elements, such as the most common soybean diseases, harmful insects, and weeds.<\/p>\n<\/div>\n\n\n\n<div class=\"wp-container-8 wp-block-column\">\n<p>Our team will be pleased to guide you so that you can better understand the factors that contribute to their development and discover the various ways to control them or reduce their impact.<\/p>\n<\/div>\n<\/div>\n<\/div><\/div>\n<\/div>\n\n\n\n<div class=\"wp-block-balise-section-block alignfull _sectionblock has-1-columns\">\n<div class=\"\" style=\"background-size:cover;padding-top:10px;padding-bottom:10px;padding-left:10px;padding-right:10px\"><div class=\"verticalbg\" style=\"background-size:cover\"><\/div><div class=\"inside\" style=\"margin:0 auto\">\n<h3 class=\"is-style-orange\">3. HARVESTING QUALITY<\/h3>\n\n\n\n<hr class=\"wp-block-separator\"\/>\n\n\n\n<div class=\"wp-container-12 wp-block-columns has-2-columns\">\n<div class=\"wp-container-10 wp-block-column\">\n<p>The quality and appearance of the harvest are paramount for buyers of soybeans intended for human consumption. Harvesting is one of the most crucial steps that need to be monitored to obtain grade #1 soybeans.<\/p>\n<\/div>\n\n\n\n<div class=\"wp-container-11 wp-block-column\">\n<p>We make available documents containing relevant information on soybean harvesting. <a href=\"https:\/\/prograin.ca\/ca-west\/contact\/\">Feel free to contact us to obtain them.<\/a><\/p>\n<\/div>\n<\/div>\n<\/div><\/div>\n<\/div>\n\n\n\n<div class=\"wp-block-balise-section-block alignfull _sectionblock has-1-columns\">\n<div class=\"\" style=\"background-size:cover;padding-top:10px;padding-bottom:30px;padding-left:10px;padding-right:10px\"><div class=\"verticalbg\" style=\"background-size:cover\"><\/div><div class=\"inside\" style=\"margin:0 auto\">\n<h3 class=\"is-style-orange\">4. SOYBEAN STORAGE<\/h3>\n\n\n\n<hr class=\"wp-block-separator\"\/>\n\n\n\n<div class=\"wp-container-15 wp-block-columns has-2-columns\">\n<div class=\"wp-container-13 wp-block-column\">\n<p>Storage of soybean crops brings benefits for producers. However, to obtain and maintain the quality of the soybeans even after several months in silos, several essential criteria must be met.  <\/p>\n<\/div>\n\n\n\n<div class=\"wp-container-14 wp-block-column\">\n<p>Our team can help you to understand the ventilation and drying processes.<\/p>\n<\/div>\n<\/div>\n<\/div><\/div>\n<\/div>\n","protected":false},"excerpt":{"rendered":"","protected":false},"author":1,"featured_media":0,"parent":19856,"menu_order":5,"comment_status":"closed","ping_status":"closed","template":"","meta":{"advgb_blocks_editor_width":"","advgb_blocks_columns_visual_guide":""},"yoast_head":"<!-- This site is optimized with the Yoast SEO plugin v19.11 - https:\/\/yoast.com\/wordpress\/plugins\/seo\/ -->\n<title>Prograin | Tips from our soybean experts<\/title>\n<meta name=\"description\" content=\"Prograin experts can assist you at all stages of your production. Specific advice to help you maximize your revenue.\" \/>\n<meta name=\"robots\" content=\"index, follow, max-snippet:-1, max-image-preview:large, max-video-preview:-1\" \/>\n<link rel=\"canonical\" href=\"https:\/\/prograin.ca\/ca-west\/en\/seeds\/tips\/\" \/>\n<meta property=\"og:locale\" content=\"fr_CA\" \/>\n<meta property=\"og:type\" content=\"article\" \/>\n<meta property=\"og:title\" content=\"Prograin | Tips from our soybean experts\" \/>\n<meta property=\"og:description\" content=\"Prograin experts can assist you at all stages of your production. Specific advice to help you maximize your revenue.\" \/>\n<meta property=\"og:url\" content=\"https:\/\/prograin.ca\/ca-west\/en\/seeds\/tips\/\" \/>\n<meta property=\"og:site_name\" content=\"Western Canada\" \/>\n<meta property=\"article:modified_time\" content=\"2019-04-29T15:11:53+00:00\" \/>\n<meta name=\"twitter:card\" content=\"summary_large_image\" \/>\n<meta name=\"twitter:label1\" content=\"Estimation du temps de lecture\" \/>\n\t<meta name=\"twitter:data1\" content=\"1 minute\" \/>\n<script type=\"application\/ld+json\" class=\"yoast-schema-graph\">{\"@context\":\"https:\/\/schema.org\",\"@graph\":[{\"@type\":\"WebPage\",\"@id\":\"https:\/\/prograin.ca\/ca-west\/en\/seeds\/tips\/\",\"url\":\"https:\/\/prograin.ca\/ca-west\/en\/seeds\/tips\/\",\"name\":\"Prograin | Tips from our soybean experts\",\"isPartOf\":{\"@id\":\"https:\/\/prograin.ca\/ca-west\/#website\"},\"datePublished\":\"2019-02-05T20:56:18+00:00\",\"dateModified\":\"2019-04-29T15:11:53+00:00\",\"description\":\"Prograin experts can assist you at all stages of your production. Specific advice to help you maximize your revenue.\",\"breadcrumb\":{\"@id\":\"https:\/\/prograin.ca\/ca-west\/en\/seeds\/tips\/#breadcrumb\"},\"inLanguage\":\"fr-CA\",\"potentialAction\":[{\"@type\":\"ReadAction\",\"target\":[\"https:\/\/prograin.ca\/ca-west\/en\/seeds\/tips\/\"]}]},{\"@type\":\"BreadcrumbList\",\"@id\":\"https:\/\/prograin.ca\/ca-west\/en\/seeds\/tips\/#breadcrumb\",\"itemListElement\":[{\"@type\":\"ListItem\",\"position\":1,\"name\":\"Home\",\"item\":\"https:\/\/prograin.ca\/ca-west\/en\/\"},{\"@type\":\"ListItem\",\"position\":2,\"name\":\"Seeds\",\"item\":\"https:\/\/prograin.ca\/ca-west\/en\/seeds\/\"},{\"@type\":\"ListItem\",\"position\":3,\"name\":\"Prograin experts\"}]},{\"@type\":\"WebSite\",\"@id\":\"https:\/\/prograin.ca\/ca-west\/#website\",\"url\":\"https:\/\/prograin.ca\/ca-west\/\",\"name\":\"Western Canada\",\"description\":\"Un site utilisant WordPress\",\"publisher\":{\"@id\":\"https:\/\/prograin.ca\/ca-west\/#organization\"},\"potentialAction\":[{\"@type\":\"SearchAction\",\"target\":{\"@type\":\"EntryPoint\",\"urlTemplate\":\"https:\/\/prograin.ca\/ca-west\/?s={search_term_string}\"},\"query-input\":\"required name=search_term_string\"}],\"inLanguage\":\"fr-CA\"},{\"@type\":\"Organization\",\"@id\":\"https:\/\/prograin.ca\/ca-west\/#organization\",\"name\":\"Western Canada\",\"url\":\"https:\/\/prograin.ca\/ca-west\/\",\"logo\":{\"@type\":\"ImageObject\",\"inLanguage\":\"fr-CA\",\"@id\":\"https:\/\/prograin.ca\/ca-west\/#\/schema\/logo\/image\/\",\"url\":\"https:\/\/prograin.ca\/app\/uploads\/sites\/4\/2018\/11\/Prograin-logo-1.png\",\"contentUrl\":\"https:\/\/prograin.ca\/app\/uploads\/sites\/4\/2018\/11\/Prograin-logo-1.png\",\"width\":352,\"height\":85,\"caption\":\"Western Canada\"},\"image\":{\"@id\":\"https:\/\/prograin.ca\/ca-west\/#\/schema\/logo\/image\/\"}}]}<\/script>\n<!-- \/ Yoast SEO plugin. -->","yoast_head_json":{"title":"Prograin | Tips from our soybean experts","description":"Prograin experts can assist you at all stages of your production. Specific advice to help you maximize your revenue.","robots":{"index":"index","follow":"follow","max-snippet":"max-snippet:-1","max-image-preview":"max-image-preview:large","max-video-preview":"max-video-preview:-1"},"canonical":"https:\/\/prograin.ca\/ca-west\/en\/seeds\/tips\/","og_locale":"fr_CA","og_type":"article","og_title":"Prograin | Tips from our soybean experts","og_description":"Prograin experts can assist you at all stages of your production. Specific advice to help you maximize your revenue.","og_url":"https:\/\/prograin.ca\/ca-west\/en\/seeds\/tips\/","og_site_name":"Western Canada","article_modified_time":"2019-04-29T15:11:53+00:00","twitter_card":"summary_large_image","twitter_misc":{"Estimation du temps de lecture":"1 minute"},"schema":{"@context":"https:\/\/schema.org","@graph":[{"@type":"WebPage","@id":"https:\/\/prograin.ca\/ca-west\/en\/seeds\/tips\/","url":"https:\/\/prograin.ca\/ca-west\/en\/seeds\/tips\/","name":"Prograin | Tips from our soybean experts","isPartOf":{"@id":"https:\/\/prograin.ca\/ca-west\/#website"},"datePublished":"2019-02-05T20:56:18+00:00","dateModified":"2019-04-29T15:11:53+00:00","description":"Prograin experts can assist you at all stages of your production. Specific advice to help you maximize your revenue.","breadcrumb":{"@id":"https:\/\/prograin.ca\/ca-west\/en\/seeds\/tips\/#breadcrumb"},"inLanguage":"fr-CA","potentialAction":[{"@type":"ReadAction","target":["https:\/\/prograin.ca\/ca-west\/en\/seeds\/tips\/"]}]},{"@type":"BreadcrumbList","@id":"https:\/\/prograin.ca\/ca-west\/en\/seeds\/tips\/#breadcrumb","itemListElement":[{"@type":"ListItem","position":1,"name":"Home","item":"https:\/\/prograin.ca\/ca-west\/en\/"},{"@type":"ListItem","position":2,"name":"Seeds","item":"https:\/\/prograin.ca\/ca-west\/en\/seeds\/"},{"@type":"ListItem","position":3,"name":"Prograin experts"}]},{"@type":"WebSite","@id":"https:\/\/prograin.ca\/ca-west\/#website","url":"https:\/\/prograin.ca\/ca-west\/","name":"Western Canada","description":"Un site utilisant WordPress","publisher":{"@id":"https:\/\/prograin.ca\/ca-west\/#organization"},"potentialAction":[{"@type":"SearchAction","target":{"@type":"EntryPoint","urlTemplate":"https:\/\/prograin.ca\/ca-west\/?s={search_term_string}"},"query-input":"required name=search_term_string"}],"inLanguage":"fr-CA"},{"@type":"Organization","@id":"https:\/\/prograin.ca\/ca-west\/#organization","name":"Western Canada","url":"https:\/\/prograin.ca\/ca-west\/","logo":{"@type":"ImageObject","inLanguage":"fr-CA","@id":"https:\/\/prograin.ca\/ca-west\/#\/schema\/logo\/image\/","url":"https:\/\/prograin.ca\/app\/uploads\/sites\/4\/2018\/11\/Prograin-logo-1.png","contentUrl":"https:\/\/prograin.ca\/app\/uploads\/sites\/4\/2018\/11\/Prograin-logo-1.png","width":352,"height":85,"caption":"Western Canada"},"image":{"@id":"https:\/\/prograin.ca\/ca-west\/#\/schema\/logo\/image\/"}}]}},"featured_image_urls":{"full":"","thumbnail":"","medium":"","medium_large":"","large":"","1536x1536":"","2048x2048":"","menu-24x24":"","menu-36x36":"","menu-48x48":""},"post_excerpt_stackable":"<p>Our seed sales team relies on experienced specialists and agronomists to support our company\u2019s distribution network. Feel free to contact a member of our team at any stage of your production, from seeding to harvest. We\u2019ll be happy to help you! 1. SEEDING Field preparation, planting depth, seeder calibration, recommended varieties, seeding density, etc. 2. CROP PROTECTION We can help you properly identify and control pathogens and disrupting elements, such as the most common soybean diseases, harmful insects, and weeds. Our team will be pleased to guide you so that you can better understand the factors that contribute to their&hellip;<\/p>\n","category_list":"","author_info":{"name":"developpe","url":"https:\/\/prograin.ca\/ca-west\/author\/developpe\/"},"comments_num":"0 comments","featured_image_urls_v2":{"full":"","thumbnail":"","medium":"","medium_large":"","large":"","1536x1536":"","2048x2048":"","menu-24x24":"","menu-36x36":"","menu-48x48":""},"post_excerpt_stackable_v2":"<p>Our seed sales team relies on experienced specialists and agronomists to support our company\u2019s distribution network. Feel free to contact a member of our team at any stage of your production, from seeding to harvest. We\u2019ll be happy to help you! 1. SEEDING Field preparation, planting depth, seeder calibration, recommended varieties, seeding density, etc. 2. CROP PROTECTION We can help you properly identify and control pathogens and disrupting elements, such as the most common soybean diseases, harmful insects, and weeds. Our team will be pleased to guide you so that you can better understand the factors that contribute to their&hellip;<\/p>\n","category_list_v2":"","author_info_v2":{"name":"developpe","url":"https:\/\/prograin.ca\/ca-west\/author\/developpe\/"},"comments_num_v2":"0 comments","coauthors":[],"author_meta":{"author_link":"https:\/\/prograin.ca\/ca-west\/author\/developpe\/","display_name":"developpe"},"relative_dates":{"created":"Posted 7 ann\u00e9es ago","modified":"Updated 7 ann\u00e9es ago"},"absolute_dates":{"created":"Posted on 5 f\u00e9vrier 2019","modified":"Updated on 29 avril 2019"},"absolute_dates_time":{"created":"Posted on 5 f\u00e9vrier 2019 20 h 56 min","modified":"Updated on 29 avril 2019 15 h 11 min"},"featured_img_caption":"","featured_img":false,"series_order":"","_links":{"self":[{"href":"https:\/\/prograin.ca\/ca-west\/wp-json\/wp\/v2\/pages\/19887"}],"collection":[{"href":"https:\/\/prograin.ca\/ca-west\/wp-json\/wp\/v2\/pages"}],"about":[{"href":"https:\/\/prograin.ca\/ca-west\/wp-json\/wp\/v2\/types\/page"}],"author":[{"embeddable":true,"href":"https:\/\/prograin.ca\/ca-west\/wp-json\/wp\/v2\/users\/1"}],"replies":[{"embeddable":true,"href":"https:\/\/prograin.ca\/ca-west\/wp-json\/wp\/v2\/comments?post=19887"}],"version-history":[{"count":7,"href":"https:\/\/prograin.ca\/ca-west\/wp-json\/wp\/v2\/pages\/19887\/revisions"}],"predecessor-version":[{"id":22917,"href":"https:\/\/prograin.ca\/ca-west\/wp-json\/wp\/v2\/pages\/19887\/revisions\/22917"}],"up":[{"embeddable":true,"href":"https:\/\/prograin.ca\/ca-west\/wp-json\/wp\/v2\/pages\/19856"}],"wp:attachment":[{"href":"https:\/\/prograin.ca\/ca-west\/wp-json\/wp\/v2\/media?parent=19887"}],"curies":[{"name":"wp","href":"https:\/\/api.w.org\/{rel}","templated":true}]}}