
{"id":19914,"date":"2019-02-06T18:07:11","date_gmt":"2019-02-06T18:07:11","guid":{"rendered":"https:\/\/prograin.ca\/soyas\/approvisionnement-2\/"},"modified":"2019-03-26T18:57:45","modified_gmt":"2019-03-26T18:57:45","slug":"procurement","status":"publish","type":"page","link":"https:\/\/prograin.ca\/ca-west\/en\/food-grade-soybeans\/procurement\/","title":{"rendered":"Procurement"},"content":{"rendered":"\n<div class=\"wp-block-balise-section-block alignfull _sectionblock has-1-columns\">\n<div class=\" verticalbg\" style=\"color:#ffffff;background-image:url(https:\/\/prograin.ca\/app\/uploads\/sites\/3\/2019\/03\/323772825.jpg);background-size:cover;padding-top:60px;padding-bottom:60px;padding-left:10px;padding-right:10px\"><div class=\"verticalbg\" style=\"background-image:url(https:\/\/prograin.ca\/app\/uploads\/2018\/12\/Avantages.jpg);background-size:cover\"><\/div><iframe class=\"videobg\" src=\"https:\/\/player.vimeo.com\/video\/323772825?background=1&amp;autoplay=1&amp;byline=0&amp;title=0&amp;muted=1\" frameborder=\"0\" allowfullscreen><\/iframe><div class=\"inside\" style=\"margin:0 auto\">\n<p>Our success is closely tied to that of producers who choose to grow our soybean varieties<\/p>\n<\/div><\/div>\n<\/div>\n\n\n\n<div style=\"height:100px\" aria-hidden=\"true\" class=\"wp-block-spacer\"><\/div>\n\n\n\n<div class=\"wp-container-3 wp-block-columns has-2-columns\">\n<div class=\"wp-container-1 wp-block-column\">\n<p>That is why we have established a buyback program with competitive advantages and unparalleled compensation. <\/p>\n\n\n\n<p>Through our partnerships with farmers, our supplies are always guaranteed. You are always getting the highest level of quality control.   <\/p>\n<\/div>\n\n\n\n<div class=\"wp-container-2 wp-block-column\">\n<p>\n\nOur soybean varieties benefit from rigorous field production processes and meticulous quality control during supply. We target the highest quality crops to provide soybeans with the nutritional characteristics that are the most sought-after in international markets.\n\n<\/p>\n<\/div>\n<\/div>\n","protected":false},"excerpt":{"rendered":"<p>That is why we have established a buyback program with competitive advantages and unparalleled compensation. Through our partnerships with farmers, our supplies are always guaranteed. You are always getting the highest level of quality control. Our soybean varieties benefit from rigorous field production processes and meticulous quality control during supply. We target the highest quality [&hellip;]<\/p>\n","protected":false},"author":1,"featured_media":0,"parent":19894,"menu_order":3,"comment_status":"closed","ping_status":"closed","template":"","meta":{"advgb_blocks_editor_width":"","advgb_blocks_columns_visual_guide":""},"yoast_head":"<!-- This site is optimized with the Yoast SEO plugin v19.11 - https:\/\/yoast.com\/wordpress\/plugins\/seo\/ -->\n<title>Prograin | Quality control in soybean procurement<\/title>\n<meta name=\"description\" content=\"Through our partnerships with farmers, our supplies are always guaranteed. You are always getting the highest level of quality control.\" \/>\n<meta name=\"robots\" content=\"index, follow, max-snippet:-1, max-image-preview:large, max-video-preview:-1\" \/>\n<link rel=\"canonical\" href=\"https:\/\/prograin.ca\/ca-west\/en\/food-grade-soybeans\/procurement\/\" \/>\n<meta property=\"og:locale\" content=\"fr_CA\" \/>\n<meta property=\"og:type\" content=\"article\" \/>\n<meta property=\"og:title\" content=\"Prograin | Quality control in soybean procurement\" \/>\n<meta property=\"og:description\" content=\"Through our partnerships with farmers, our supplies are always guaranteed. You are always getting the highest level of quality control.\" \/>\n<meta property=\"og:url\" content=\"https:\/\/prograin.ca\/ca-west\/en\/food-grade-soybeans\/procurement\/\" \/>\n<meta property=\"og:site_name\" content=\"Western Canada\" \/>\n<meta property=\"article:modified_time\" content=\"2019-03-26T18:57:45+00:00\" \/>\n<meta name=\"twitter:card\" content=\"summary_large_image\" \/>\n<script type=\"application\/ld+json\" class=\"yoast-schema-graph\">{\"@context\":\"https:\/\/schema.org\",\"@graph\":[{\"@type\":\"WebPage\",\"@id\":\"https:\/\/prograin.ca\/ca-west\/en\/food-grade-soybeans\/procurement\/\",\"url\":\"https:\/\/prograin.ca\/ca-west\/en\/food-grade-soybeans\/procurement\/\",\"name\":\"Prograin | Quality control in soybean procurement\",\"isPartOf\":{\"@id\":\"https:\/\/prograin.ca\/ca-west\/#website\"},\"datePublished\":\"2019-02-06T18:07:11+00:00\",\"dateModified\":\"2019-03-26T18:57:45+00:00\",\"description\":\"Through our partnerships with farmers, our supplies are always guaranteed. You are always getting the highest level of quality control.\",\"breadcrumb\":{\"@id\":\"https:\/\/prograin.ca\/ca-west\/en\/food-grade-soybeans\/procurement\/#breadcrumb\"},\"inLanguage\":\"fr-CA\",\"potentialAction\":[{\"@type\":\"ReadAction\",\"target\":[\"https:\/\/prograin.ca\/ca-west\/en\/food-grade-soybeans\/procurement\/\"]}]},{\"@type\":\"BreadcrumbList\",\"@id\":\"https:\/\/prograin.ca\/ca-west\/en\/food-grade-soybeans\/procurement\/#breadcrumb\",\"itemListElement\":[{\"@type\":\"ListItem\",\"position\":1,\"name\":\"Home\",\"item\":\"https:\/\/prograin.ca\/ca-west\/en\/\"},{\"@type\":\"ListItem\",\"position\":2,\"name\":\"Food-grade soybeans\",\"item\":\"https:\/\/prograin.ca\/ca-west\/en\/food-grade-soybeans\/\"},{\"@type\":\"ListItem\",\"position\":3,\"name\":\"Procurement\"}]},{\"@type\":\"WebSite\",\"@id\":\"https:\/\/prograin.ca\/ca-west\/#website\",\"url\":\"https:\/\/prograin.ca\/ca-west\/\",\"name\":\"Western Canada\",\"description\":\"Un site utilisant WordPress\",\"publisher\":{\"@id\":\"https:\/\/prograin.ca\/ca-west\/#organization\"},\"potentialAction\":[{\"@type\":\"SearchAction\",\"target\":{\"@type\":\"EntryPoint\",\"urlTemplate\":\"https:\/\/prograin.ca\/ca-west\/?s={search_term_string}\"},\"query-input\":\"required name=search_term_string\"}],\"inLanguage\":\"fr-CA\"},{\"@type\":\"Organization\",\"@id\":\"https:\/\/prograin.ca\/ca-west\/#organization\",\"name\":\"Western Canada\",\"url\":\"https:\/\/prograin.ca\/ca-west\/\",\"logo\":{\"@type\":\"ImageObject\",\"inLanguage\":\"fr-CA\",\"@id\":\"https:\/\/prograin.ca\/ca-west\/#\/schema\/logo\/image\/\",\"url\":\"https:\/\/prograin.ca\/app\/uploads\/sites\/4\/2018\/11\/Prograin-logo-1.png\",\"contentUrl\":\"https:\/\/prograin.ca\/app\/uploads\/sites\/4\/2018\/11\/Prograin-logo-1.png\",\"width\":352,\"height\":85,\"caption\":\"Western Canada\"},\"image\":{\"@id\":\"https:\/\/prograin.ca\/ca-west\/#\/schema\/logo\/image\/\"}}]}<\/script>\n<!-- \/ Yoast SEO plugin. -->","yoast_head_json":{"title":"Prograin | Quality control in soybean procurement","description":"Through our partnerships with farmers, our supplies are always guaranteed. You are always getting the highest level of quality control.","robots":{"index":"index","follow":"follow","max-snippet":"max-snippet:-1","max-image-preview":"max-image-preview:large","max-video-preview":"max-video-preview:-1"},"canonical":"https:\/\/prograin.ca\/ca-west\/en\/food-grade-soybeans\/procurement\/","og_locale":"fr_CA","og_type":"article","og_title":"Prograin | Quality control in soybean procurement","og_description":"Through our partnerships with farmers, our supplies are always guaranteed. You are always getting the highest level of quality control.","og_url":"https:\/\/prograin.ca\/ca-west\/en\/food-grade-soybeans\/procurement\/","og_site_name":"Western Canada","article_modified_time":"2019-03-26T18:57:45+00:00","twitter_card":"summary_large_image","schema":{"@context":"https:\/\/schema.org","@graph":[{"@type":"WebPage","@id":"https:\/\/prograin.ca\/ca-west\/en\/food-grade-soybeans\/procurement\/","url":"https:\/\/prograin.ca\/ca-west\/en\/food-grade-soybeans\/procurement\/","name":"Prograin | Quality control in soybean procurement","isPartOf":{"@id":"https:\/\/prograin.ca\/ca-west\/#website"},"datePublished":"2019-02-06T18:07:11+00:00","dateModified":"2019-03-26T18:57:45+00:00","description":"Through our partnerships with farmers, our supplies are always guaranteed. You are always getting the highest level of quality control.","breadcrumb":{"@id":"https:\/\/prograin.ca\/ca-west\/en\/food-grade-soybeans\/procurement\/#breadcrumb"},"inLanguage":"fr-CA","potentialAction":[{"@type":"ReadAction","target":["https:\/\/prograin.ca\/ca-west\/en\/food-grade-soybeans\/procurement\/"]}]},{"@type":"BreadcrumbList","@id":"https:\/\/prograin.ca\/ca-west\/en\/food-grade-soybeans\/procurement\/#breadcrumb","itemListElement":[{"@type":"ListItem","position":1,"name":"Home","item":"https:\/\/prograin.ca\/ca-west\/en\/"},{"@type":"ListItem","position":2,"name":"Food-grade soybeans","item":"https:\/\/prograin.ca\/ca-west\/en\/food-grade-soybeans\/"},{"@type":"ListItem","position":3,"name":"Procurement"}]},{"@type":"WebSite","@id":"https:\/\/prograin.ca\/ca-west\/#website","url":"https:\/\/prograin.ca\/ca-west\/","name":"Western Canada","description":"Un site utilisant WordPress","publisher":{"@id":"https:\/\/prograin.ca\/ca-west\/#organization"},"potentialAction":[{"@type":"SearchAction","target":{"@type":"EntryPoint","urlTemplate":"https:\/\/prograin.ca\/ca-west\/?s={search_term_string}"},"query-input":"required name=search_term_string"}],"inLanguage":"fr-CA"},{"@type":"Organization","@id":"https:\/\/prograin.ca\/ca-west\/#organization","name":"Western Canada","url":"https:\/\/prograin.ca\/ca-west\/","logo":{"@type":"ImageObject","inLanguage":"fr-CA","@id":"https:\/\/prograin.ca\/ca-west\/#\/schema\/logo\/image\/","url":"https:\/\/prograin.ca\/app\/uploads\/sites\/4\/2018\/11\/Prograin-logo-1.png","contentUrl":"https:\/\/prograin.ca\/app\/uploads\/sites\/4\/2018\/11\/Prograin-logo-1.png","width":352,"height":85,"caption":"Western Canada"},"image":{"@id":"https:\/\/prograin.ca\/ca-west\/#\/schema\/logo\/image\/"}}]}},"featured_image_urls":{"full":"","thumbnail":"","medium":"","medium_large":"","large":"","1536x1536":"","2048x2048":"","menu-24x24":"","menu-36x36":"","menu-48x48":""},"post_excerpt_stackable":"<p>Our success is closely tied to that of producers who choose to grow our soybean varieties That is why we have established a buyback program with competitive advantages and unparalleled compensation. Through our partnerships with farmers, our supplies are always guaranteed. You are always getting the highest level of quality control. Our soybean varieties benefit from rigorous field production processes and meticulous quality control during supply. We target the highest quality crops to provide soybeans with the nutritional characteristics that are the most sought-after in international markets.<\/p>\n","category_list":"","author_info":{"name":"developpe","url":"https:\/\/prograin.ca\/ca-west\/author\/developpe\/"},"comments_num":"0 comments","featured_image_urls_v2":{"full":"","thumbnail":"","medium":"","medium_large":"","large":"","1536x1536":"","2048x2048":"","menu-24x24":"","menu-36x36":"","menu-48x48":""},"post_excerpt_stackable_v2":"<p>Our success is closely tied to that of producers who choose to grow our soybean varieties That is why we have established a buyback program with competitive advantages and unparalleled compensation. Through our partnerships with farmers, our supplies are always guaranteed. You are always getting the highest level of quality control. Our soybean varieties benefit from rigorous field production processes and meticulous quality control during supply. We target the highest quality crops to provide soybeans with the nutritional characteristics that are the most sought-after in international markets.<\/p>\n","category_list_v2":"","author_info_v2":{"name":"developpe","url":"https:\/\/prograin.ca\/ca-west\/author\/developpe\/"},"comments_num_v2":"0 comments","coauthors":[],"author_meta":{"author_link":"https:\/\/prograin.ca\/ca-west\/author\/developpe\/","display_name":"developpe"},"relative_dates":{"created":"Posted 7 ann\u00e9es ago","modified":"Updated 7 ann\u00e9es ago"},"absolute_dates":{"created":"Posted on 6 f\u00e9vrier 2019","modified":"Updated on 26 mars 2019"},"absolute_dates_time":{"created":"Posted on 6 f\u00e9vrier 2019 18 h 07 min","modified":"Updated on 26 mars 2019 18 h 57 min"},"featured_img_caption":"","featured_img":false,"series_order":"","_links":{"self":[{"href":"https:\/\/prograin.ca\/ca-west\/wp-json\/wp\/v2\/pages\/19914"}],"collection":[{"href":"https:\/\/prograin.ca\/ca-west\/wp-json\/wp\/v2\/pages"}],"about":[{"href":"https:\/\/prograin.ca\/ca-west\/wp-json\/wp\/v2\/types\/page"}],"author":[{"embeddable":true,"href":"https:\/\/prograin.ca\/ca-west\/wp-json\/wp\/v2\/users\/1"}],"replies":[{"embeddable":true,"href":"https:\/\/prograin.ca\/ca-west\/wp-json\/wp\/v2\/comments?post=19914"}],"version-history":[{"count":10,"href":"https:\/\/prograin.ca\/ca-west\/wp-json\/wp\/v2\/pages\/19914\/revisions"}],"predecessor-version":[{"id":22752,"href":"https:\/\/prograin.ca\/ca-west\/wp-json\/wp\/v2\/pages\/19914\/revisions\/22752"}],"up":[{"embeddable":true,"href":"https:\/\/prograin.ca\/ca-west\/wp-json\/wp\/v2\/pages\/19894"}],"wp:attachment":[{"href":"https:\/\/prograin.ca\/ca-west\/wp-json\/wp\/v2\/media?parent=19914"}],"curies":[{"name":"wp","href":"https:\/\/api.w.org\/{rel}","templated":true}]}}