
{"id":19087,"date":"2018-12-11T17:10:51","date_gmt":"2018-12-11T17:10:51","guid":{"rendered":"https:\/\/prograin.ca\/?page_id=19087"},"modified":"2025-04-22T19:20:04","modified_gmt":"2025-04-22T19:20:04","slug":"programme-de-rachat","status":"publish","type":"page","link":"https:\/\/prograin.ca\/ca\/fr\/semences\/programme-de-rachat\/","title":{"rendered":"Programme de rachat"},"content":{"rendered":"\n<div class=\"wp-block-balise-section-block alignfull _sectionblock has-1-columns\">\n<div class=\" verticalbg\" style=\"color:#ffffff;background-image:url(https:\/\/prograin.ca\/app\/uploads\/sites\/3\/2019\/03\/323773366.jpg);background-size:cover;padding-top:60px;padding-bottom:80px;padding-left:10px;padding-right:10px\"><div class=\"verticalbg\" style=\"background-image:url(https:\/\/prograin.ca\/app\/uploads\/2018\/11\/fond-semence.jpg);background-size:cover\"><\/div><iframe class=\"videobg\" src=\"https:\/\/player.vimeo.com\/video\/323773366?background=1&amp;autoplay=1&amp;byline=0&amp;title=0&amp;muted=1\" frameborder=\"0\" allowfullscreen><\/iframe><div class=\"inside\" style=\"margin:0 30&nbsp;% 0 0\">\n<div style=\"height:30px\" aria-hidden=\"true\" class=\"wp-block-spacer\"><\/div>\n\n\n\n<h3>Notre programme de rachat est un atout incontournable pour votre rentabilit\u00e9. Prograin commercialise votre soya dans diff\u00e9rents march\u00e9s tr\u00e8s sp\u00e9cialis\u00e9s depuis plus de 30 ans. <\/h3>\n<\/div><\/div>\n<\/div>\n\n\n\n<div class=\"wp-block-balise-section-block alignfull _sectionblock has-1-columns\">\n<div class=\"\" style=\"background-size:cover;padding-top:60px;padding-bottom:60px;padding-left:10px;padding-right:10px\"><div class=\"verticalbg\" style=\"background-size:cover\"><\/div><div class=\"inside\" style=\"margin:0 auto\">\n<h3 class=\"is-style-orange\">De nombreux avantages sont associ\u00e9s \u00e0 notre programme.<\/h3>\n\n\n\n<div style=\"height:20px\" aria-hidden=\"true\" class=\"wp-block-spacer\"><\/div>\n\n\n\n<div class=\"wp-container-3 wp-block-columns has-2-columns\">\n<div class=\"wp-container-1 wp-block-column\">\n<ul><li>Des primes de vari\u00e9t\u00e9s avantageuses tr\u00e8s comp\u00e9titives dans l\u2019industrie ; <\/li><li>Un revenu assur\u00e9 ; <\/li><li>Une flexibilit\u00e9 permettant de fixer des prix quand vous le voulez ; <\/li><\/ul>\n<\/div>\n\n\n\n<div class=\"wp-container-2 wp-block-column\">\n<ul><li>Une tranquillit\u00e9 d\u2019esprit quant \u00e0 la mise en march\u00e9 de votre r\u00e9colte ;<\/li><li>Une fiert\u00e9 de produire un soya de qualit\u00e9 pour l\u2019alimentation humaine export\u00e9 \u00e0 travers le monde. <\/li><\/ul>\n<\/div>\n<\/div>\n<\/div><\/div>\n<\/div>\n\n\n\n<div class=\"wp-block-balise-section-block alignfull _sectionblock has-1-columns\">\n<div class=\" verticalbg\" style=\"color:#ffffff;background-image:url(https:\/\/prograin.ca\/app\/uploads\/2019\/01\/Group-1454.jpg);background-size:cover;padding-top:60px;padding-bottom:60px;padding-left:10px;padding-right:10px\"><div class=\"verticalbg\" style=\"background-image:url(https:\/\/prograin.ca\/app\/uploads\/2019\/02\/bg_club_quali-pro.jpg);background-size:cover\"><\/div><div class=\"inside\" style=\"margin:0 auto\">\n<div class=\"wp-container-6 wp-block-columns has-2-columns\">\n<div class=\"wp-container-4 wp-block-column\">\n<h3 id=\"mce_45\">Des avantages sont \u00e9galement exclusifs aux producteurs de soya QUALI-PRO<\/h3>\n\n\n\n<p><\/p>\n<\/div>\n\n\n\n<div class=\"wp-container-5 wp-block-column\"><div class=\"wp-block-image hide-mobile, hide-tablet\">\n<figure class=\"alignright\"><img loading=\"lazy\" width=\"528\" height=\"131\" src=\"https:\/\/prograin.ca\/app\/uploads\/2018\/12\/qp_logo.png\" alt=\"\" class=\"wp-image-19089\" srcset=\"https:\/\/prograin.ca\/app\/uploads\/sites\/3\/2018\/12\/qp_logo.png 528w, https:\/\/prograin.ca\/app\/uploads\/sites\/3\/2018\/12\/qp_logo-300x74.png 300w\" sizes=\"(max-width: 528px) 100vw, 528px\" \/><\/figure><\/div>\n\n\n<p><\/p>\n<\/div>\n<\/div>\n\n\n\n<div class=\"wp-block-balise-section-block _sectionblock has-1-columns\">\n<div class=\"\" style=\"background-size:cover\"><div class=\"verticalbg\" style=\"background-size:cover\"><\/div><div class=\"inside\" style=\"margin:0 15&nbsp;% 0 0\">\n<h4>Les semences de la gamme <a href=\"https:\/\/prograin.ca\/ca\/fr\/semences\/sans-ogm\/\">Quali-Pro <\/a>ont \u00e9t\u00e9 d\u00e9velopp\u00e9es en fonction des besoins tr\u00e8s sp\u00e9cifiques de nos clients. C\u2019est pourquoi ces soyas b\u00e9n\u00e9ficient des primes les plus \u00e9lev\u00e9es sur le march\u00e9. Ces primes sup\u00e9rieures sont associ\u00e9es aux crit\u00e8res de qualit\u00e9 et \u00e0 la sp\u00e9cialit\u00e9 des march\u00e9s auxquels ils sont destin\u00e9s.<\/h4>\n<\/div><\/div>\n<\/div>\n\n\n\n<div class=\"wp-container-9 wp-block-columns has-2-columns hide-mobile, hide-tablet\">\n<div class=\"wp-container-7 wp-block-column\">\n<p class=\"hide-mobile, hide-tablet\">Allocation de transport*<br><\/p>\n\n\n\n<p class=\"hide-mobile, hide-tablet\">Entreposage r\u00e9mun\u00e9r\u00e9<\/p>\n\n\n\n<p class=\"hide-mobile, hide-tablet\">Une prime de grain de qualit\u00e9<\/p>\n\n\n\n<p class=\"hide-mobile, hide-tablet has-small-font-size\">*Jusqu\u2019\u00e0 un maximum de 20 $\/TM.<\/p>\n<\/div>\n\n\n\n<div class=\"wp-container-8 wp-block-column\">\n<p class=\"hide-mobile, hide-tablet has-text-color\" style=\"color:#ff671a\"><a href=\"https:\/\/prograin.ca\/ca\/fr\/semences\/club-quali-pro\/\">Invitation au club select Quali-Pro<\/a><\/p>\n\n\n\n<p class=\"hide-mobile, hide-tablet\">Service technique hors pair<br><\/p>\n<\/div>\n<\/div>\n<\/div><\/div>\n<\/div>\n\n\n\n<div class=\"wp-block-balise-section-block alignfull _sectionblock has-1-columns\">\n<div class=\"\" style=\"background-size:cover;padding-top:60px;padding-bottom:50px;padding-left:10px;padding-right:10px\"><div class=\"verticalbg\" style=\"background-size:cover\"><\/div><div class=\"inside\" style=\"margin:0 auto\">\n<h3 class=\"is-style-orange\">Choisir la production de soya Prograin pour votre prochaine saison, c\u2019est profiter de nombreux avantages en toute tranquillit\u00e9 d\u2019esprit.<\/h3>\n\n\n\n<div style=\"height:50px\" aria-hidden=\"true\" class=\"wp-block-spacer\"><\/div>\n\n\n\n<div class=\"wp-container-12 wp-block-columns has-2-columns\">\n<div class=\"wp-container-10 wp-block-column\">\n<p>Fermeture de prix bas\u00e9e sur la Bourse de Chicago<\/p>\n\n\n\n<p>Heures flexibles de livraison pendant la p\u00e9riode des r\u00e9coltes<\/p>\n\n\n\n<p>D\u00e9chargement rapide des camions avec plusieurs puits de r\u00e9ception<br><\/p>\n<\/div>\n\n\n\n<div class=\"wp-container-11 wp-block-column\">\n<p>Paiement rapide et s\u00e9curitaire<\/p>\n\n\n\n<p>Transport disponible avec horaire pr\u00e9\u00e9tabli<\/p>\n\n\n\n<p>Service courtois et exp\u00e9riment\u00e9 de nos professionnels \u00e0 l\u2019approvisionnement<br><\/p>\n<\/div>\n<\/div>\n<\/div><\/div>\n<\/div>\n\n\n\n<div class=\"wp-block-balise-section-block alignfull _sectionblock has-1-columns\">\n<div class=\" verticalbg\" style=\"color:#ffffff;background-image:url(https:\/\/prograin.ca\/app\/uploads\/sites\/3\/2019\/03\/323772533.jpg);background-size:cover;padding-top:35px;padding-bottom:35px;padding-left:10px;padding-right:10px\"><div class=\"verticalbg\" style=\"background-image:url(https:\/\/prograin.ca\/app\/uploads\/2019\/02\/bg_avantages@2x.png);background-size:cover\"><\/div><iframe class=\"videobg\" src=\"https:\/\/player.vimeo.com\/video\/323532062?background=1&amp;autoplay=1&amp;byline=0&amp;title=0&amp;muted=1\" frameborder=\"0\" allowfullscreen><\/iframe><div class=\"inside\" style=\"margin:0 auto\">\n<h2 class=\"is-style-blanc\">La protection &#171;&nbsp;Tranquillit\u00e9 d\u2019esprit&nbsp;&#187;<\/h2>\n\n\n\n<div style=\"height:30px\" aria-hidden=\"true\" class=\"wp-block-spacer\"><\/div>\n\n\n\n<div class=\"wp-block-balise-section-block _sectionblock has-1-columns\">\n<div class=\"\" style=\"background-size:cover\"><div class=\"verticalbg\" style=\"background-size:cover\"><\/div><div class=\"inside\" style=\"margin:0 30&nbsp;% 0 0\">\n<h4>Le plan unique de protection de prime de vari\u00e9t\u00e9 de Prograin vous prot\u00e8ge avant m\u00eame le d\u00e9but de vos semis!<\/h4>\n\n\n\n<p><\/p>\n<\/div><\/div>\n<\/div>\n\n\n\n<div class=\"wp-container-15 wp-block-columns has-2-columns\">\n<div class=\"wp-container-13 wp-block-column\">\n<p>Il peut arriver qu\u2019un impr\u00e9vu survienne au moment des r\u00e9coltes et compromette vos chances d\u2019avoir la pleine prime de vari\u00e9t\u00e9 sur votre r\u00e9colte.<\/p>\n\n\n\n<p>Le cas \u00e9ch\u00e9ant, nul besoin de vous inqui\u00e9ter. Avec la protection &#171;&nbsp;Tranquillit\u00e9 d\u2019esprit&nbsp;&#187; exclusive \u00e0 Prograin, vous pouvez assurer 100&nbsp;% de votre r\u00e9colte et nous  le livrer le tout en toute qui\u00e9tude.<\/p>\n<\/div>\n\n\n\n<div class=\"wp-container-14 wp-block-column\"><\/div>\n<\/div>\n<\/div><\/div>\n<\/div>\n\n\n\n<div class=\"wp-block-balise-section-block alignfull _sectionblock has-1-columns\">\n<div class=\"\" style=\"background-size:cover;padding-left:10px;padding-right:10px\"><div class=\"verticalbg\" style=\"background-size:cover\"><\/div><div class=\"inside\" style=\"margin:0 auto\">\n<div class=\"wp-container-17 wp-block-columns alignfull has-2-columns\">\n<div class=\"wp-container-16 wp-block-column\">\n<p><\/p>\n\n\n\n<h3><span style=\"color: #ff6900;\" class=\"stk-highlight\">Le producteur peut souscrire \u00e0 une prime de protection de grade #1 pour la r\u00e9colte 2025, disponible pour toutes les vari\u00e9t\u00e9s IP\/QP, \u00e0 l&#8217;exception des suivantes&nbsp;: Alynatto, Soya Noir, Ezra et Quenatto.<\/span> <\/h3>\n\n\n\n<p><\/p>\n\n\n\n<h3>Fonctionnement&nbsp;: <\/h3>\n\n\n\n<ul><li>Co\u00fbt de la prime&nbsp;: 10 $\/TM\u200b\u200b ; <\/li><li>Non applicable sur la production biologique ; <\/li><li><span style=\"color: #000000;\" class=\"stk-highlight\">Aucune discrimination sur le volume&nbsp;et couvre 100&nbsp;% de la r\u00e9colte<\/span> ; <\/li><li>L&#8217;achat de la prime doit \u00eatre effectu\u00e9 lors de la signature de l\u2019entente de production, avant les semis ; <\/li><li>Une fois l\u2019achat effectu\u00e9, la prime est d\u00e9finitive et non remboursable \u00e0 partir du moment des semis ; <\/li><li>La prime est non transf\u00e9rable. <\/li><\/ul>\n\n\n\n<h3 class=\"is-style-orange\"><span style=\"color: #000000;\" class=\"stk-highlight\">La protection &#171;&nbsp;Tranquillit\u00e9 d\u2019esprit&nbsp;&#187; couvre&nbsp;: <\/span><\/h3>\n\n\n\n<ul><li>Grains l\u00e9g\u00e8rement tach\u00e9s (apparence jusqu\u2019\u00e0 grade #2) ;<\/li><li>Fendus\/cass\u00e9s (jusqu\u2019\u00e0 15&nbsp;%) ; <\/li><li>Humidit\u00e9 (jusqu\u2019\u00e0 15,5&nbsp;%). <\/li><\/ul>\n\n\n\n<h3 class=\"is-style-orange\">Si vous \u00eates en mesure de livrer une r\u00e9colte qui respecte un grade #1 \u00e0 95&nbsp;% et plus, Prograin vous remettra 50&nbsp;% de la valeur de votre prime de protection. <\/h3>\n<\/div>\n<\/div>\n<\/div><\/div>\n<\/div>\n\n\n\n<div class=\"wp-block-balise-section-block alignfull _sectionblock has-1-columns\">\n<div class=\"\" style=\"background-size:cover;padding-left:10px;padding-right:10px\"><div class=\"verticalbg\" style=\"background-size:cover\"><\/div><div class=\"inside\" style=\"margin:0 auto\">\n<div class=\"wp-block-balise-section-block _sectionblock has-2-columns\">\n<div class=\"\" style=\"background-size:cover;padding-top:15px;padding-bottom:60px\"><div class=\"verticalbg\" style=\"background-size:cover\"><\/div><div class=\"inside\" style=\"margin:0 auto\">\n<h3><span style=\"color: #000000;\" class=\"stk-highlight\">La protection &#171;&nbsp;Tranquillit\u00e9 d\u2019esprit&nbsp;&#187; ne couvre pas&nbsp;: <\/span><\/h3>\n\n\n\n<div class=\"wp-block-balise-section-block _sectionblock has-1-columns\">\n<div class=\"\" style=\"background-color:#ffffff;background-size:cover;padding-top:15px;padding-bottom:15px;padding-left:15px;padding-right:15px\"><div class=\"verticalbg\" style=\"background-size:cover\"><\/div><div class=\"inside\" style=\"margin:0 auto\">\n<ul><li>Grains tach\u00e9s (apparence grade #3 et plus) ;<\/li><li>Grains chauff\u00e9s \/ rancis \/ moisis ;<\/li><li>Contamination OGM ; <\/li><li>Morelle humide. <\/li><\/ul>\n<\/div><\/div>\n<\/div>\n<\/div><\/div>\n\n\n\n<div class=\"\" style=\"background-size:cover;padding-top:45px;padding-bottom:22px\"><div class=\"verticalbg\" style=\"background-size:cover\"><\/div><div class=\"inside\" style=\"margin:0 auto\"><div class=\"wp-block-image hide-mobile, hide-tablet\">\n<figure class=\"aligncenter is-resized\"><img loading=\"lazy\" src=\"https:\/\/prograin.ca\/app\/uploads\/2019\/02\/tranquillite@2x.png\" alt=\"\" class=\"wp-image-21386\" width=\"179\" height=\"181\" srcset=\"https:\/\/prograin.ca\/app\/uploads\/sites\/3\/2019\/02\/tranquillite@2x.png 715w, https:\/\/prograin.ca\/app\/uploads\/sites\/3\/2019\/02\/tranquillite@2x-296x300.png 296w, https:\/\/prograin.ca\/app\/uploads\/sites\/3\/2019\/02\/tranquillite@2x-24x24.png 24w, https:\/\/prograin.ca\/app\/uploads\/sites\/3\/2019\/02\/tranquillite@2x-36x36.png 36w, https:\/\/prograin.ca\/app\/uploads\/sites\/3\/2019\/02\/tranquillite@2x-48x48.png 48w\" sizes=\"(max-width: 179px) 100vw, 179px\" \/><\/figure><\/div><\/div><\/div>\n<\/div>\n<\/div><\/div>\n<\/div>\n\n\n\n<div class=\"wp-block-balise-section-block alignfull _sectionblock has-1-columns\">\n<div class=\"\" style=\"color:#ffffff;background-image:url(https:\/\/prograin.ca\/app\/uploads\/2018\/12\/Entreposage.jpg);background-size:cover;padding-top:35px;padding-bottom:35px;padding-left:10px;padding-right:10px\"><div class=\"verticalbg\" style=\"background-size:cover\"><\/div><div class=\"inside\" style=\"margin:0 auto\">\n<h3>Entreposage<\/h3>\n\n\n\n<div style=\"height:30px\" aria-hidden=\"true\" class=\"wp-block-spacer\"><\/div>\n\n\n\n<div class=\"wp-container-20 wp-block-columns has-2-columns\">\n<div class=\"wp-container-18 wp-block-column\">\n<h4>Vous livrez votre soya cet hiver?<\/h4>\n\n\n\n<p>L\u2019entreposage est une \u00e9tape cruciale qui m\u00e9rite une attention particuli\u00e8re afin de maximiser votre rentabilit\u00e9.<\/p>\n<\/div>\n\n\n\n<div class=\"wp-container-19 wp-block-column\">\n<h4 class=\"is-style-orange\"><strong>Voici une liste des points cruciaux \u00e0 surveiller avant le chargement de votre camion&nbsp;:<\/strong><\/h4>\n\n\n\n<ol><li>Avoir en main un num\u00e9ro d\u2019ordre valide. Le num\u00e9ro que vous obtenez est bon pour une semaine, apr\u00e8s ce d\u00e9lai contactez-nous afin que nous le r\u00e9activions<\/li><li>V\u00e9rifier nos heures d\u2019ouverture<\/li><li>Valider l\u2019humidit\u00e9 de votre silo de fa\u00e7on repr\u00e9sentative (v\u00e9rifiez \u00e0 plusieurs endroits)<\/li><li>Monter dans votre silo afin de v\u00e9rifier s\u2019il y a&nbsp;:<ul><li>Accumulation de neige<\/li><li>Infiltration d\u2019eau<\/li><li>Pr\u00e9sences de grains chauff\u00e9s et\/ou moisis<\/li><\/ul><\/li><\/ol>\n<\/div>\n<\/div>\n<\/div><\/div>\n<\/div>\n\n\n\n<div class=\"wp-block-balise-section-block alignfull _sectionblock has-1-columns\">\n<div class=\"\" style=\"background-color:#ff6900;color:#ffffff;background-size:cover;padding-top:30px;padding-bottom:30px;padding-left:10px;padding-right:10px\"><div class=\"verticalbg\" style=\"background-size:cover\"><\/div><div class=\"inside\" style=\"margin:0 auto\">\n<p>Si vous observez une de ces situations, veuillez retirer ces grains avant de charger le camion.<br>Ces v\u00e9rifications simples vous \u00e9viteront de mauvaises surprises lors de l\u2019arriv\u00e9e de votre chargement \u00e0 l\u2019usine! <\/p>\n<\/div><\/div>\n<\/div>\n\n\n\n<p><\/p>\n","protected":false},"excerpt":{"rendered":"","protected":false},"author":2,"featured_media":0,"parent":539,"menu_order":4,"comment_status":"closed","ping_status":"closed","template":"","meta":{"advgb_blocks_editor_width":"","advgb_blocks_columns_visual_guide":""},"yoast_head":"<!-- This site is optimized with the Yoast SEO plugin v19.11 - https:\/\/yoast.com\/wordpress\/plugins\/seo\/ -->\n<title>Prograin | Avantages li\u00e9s \u00e0 notre programme de rachat de r\u00e9coltes<\/title>\n<meta name=\"description\" content=\"Le programme de rachat de soya de Prograin est un atout incontournable pour votre rentabilit\u00e9. La qualit\u00e9 de votre r\u00e9colte est reconnue et r\u00e9compens\u00e9e.\" \/>\n<meta name=\"robots\" content=\"index, follow, max-snippet:-1, max-image-preview:large, max-video-preview:-1\" \/>\n<link rel=\"canonical\" href=\"https:\/\/prograin.ca\/ca\/fr\/semences\/programme-de-rachat\/\" \/>\n<meta property=\"og:locale\" content=\"fr_CA\" \/>\n<meta property=\"og:type\" content=\"article\" \/>\n<meta property=\"og:title\" content=\"Prograin | Avantages li\u00e9s \u00e0 notre programme de rachat de r\u00e9coltes\" \/>\n<meta property=\"og:description\" content=\"Le programme de rachat de soya de Prograin est un atout incontournable pour votre rentabilit\u00e9. La qualit\u00e9 de votre r\u00e9colte est reconnue et r\u00e9compens\u00e9e.\" \/>\n<meta property=\"og:url\" content=\"https:\/\/prograin.ca\/ca\/fr\/semences\/programme-de-rachat\/\" \/>\n<meta property=\"og:site_name\" content=\"Prograin - Canada\" \/>\n<meta property=\"article:modified_time\" content=\"2025-04-22T19:20:04+00:00\" \/>\n<meta property=\"og:image\" content=\"https:\/\/prograin.ca\/app\/uploads\/2018\/12\/qp_logo.png\" \/>\n<meta name=\"twitter:card\" content=\"summary_large_image\" \/>\n<meta name=\"twitter:label1\" content=\"Estimation du temps de lecture\" \/>\n\t<meta name=\"twitter:data1\" content=\"4 minutes\" \/>\n<script type=\"application\/ld+json\" class=\"yoast-schema-graph\">{\"@context\":\"https:\/\/schema.org\",\"@graph\":[{\"@type\":\"WebPage\",\"@id\":\"https:\/\/prograin.ca\/ca\/fr\/semences\/programme-de-rachat\/\",\"url\":\"https:\/\/prograin.ca\/ca\/fr\/semences\/programme-de-rachat\/\",\"name\":\"Prograin | Avantages li\u00e9s \u00e0 notre programme de rachat de r\u00e9coltes\",\"isPartOf\":{\"@id\":\"https:\/\/prograin.ca\/ca\/#website\"},\"datePublished\":\"2018-12-11T17:10:51+00:00\",\"dateModified\":\"2025-04-22T19:20:04+00:00\",\"description\":\"Le programme de rachat de soya de Prograin est un atout incontournable pour votre rentabilit\u00e9. La qualit\u00e9 de votre r\u00e9colte est reconnue et r\u00e9compens\u00e9e.\",\"breadcrumb\":{\"@id\":\"https:\/\/prograin.ca\/ca\/fr\/semences\/programme-de-rachat\/#breadcrumb\"},\"inLanguage\":\"fr-CA\",\"potentialAction\":[{\"@type\":\"ReadAction\",\"target\":[\"https:\/\/prograin.ca\/ca\/fr\/semences\/programme-de-rachat\/\"]}]},{\"@type\":\"BreadcrumbList\",\"@id\":\"https:\/\/prograin.ca\/ca\/fr\/semences\/programme-de-rachat\/#breadcrumb\",\"itemListElement\":[{\"@type\":\"ListItem\",\"position\":1,\"name\":\"Home\",\"item\":\"https:\/\/prograin.ca\/ca\/fr\/\"},{\"@type\":\"ListItem\",\"position\":2,\"name\":\"Semences\",\"item\":\"https:\/\/prograin.ca\/ca\/fr\/semences\/\"},{\"@type\":\"ListItem\",\"position\":3,\"name\":\"Programme de rachat\"}]},{\"@type\":\"WebSite\",\"@id\":\"https:\/\/prograin.ca\/ca\/#website\",\"url\":\"https:\/\/prograin.ca\/ca\/\",\"name\":\"Prograin - Canada\",\"description\":\"Un site utilisant WordPress\",\"publisher\":{\"@id\":\"https:\/\/prograin.ca\/ca\/#organization\"},\"potentialAction\":[{\"@type\":\"SearchAction\",\"target\":{\"@type\":\"EntryPoint\",\"urlTemplate\":\"https:\/\/prograin.ca\/ca\/?s={search_term_string}\"},\"query-input\":\"required name=search_term_string\"}],\"inLanguage\":\"fr-CA\"},{\"@type\":\"Organization\",\"@id\":\"https:\/\/prograin.ca\/ca\/#organization\",\"name\":\"Prograin - Canada\",\"url\":\"https:\/\/prograin.ca\/ca\/\",\"logo\":{\"@type\":\"ImageObject\",\"inLanguage\":\"fr-CA\",\"@id\":\"https:\/\/prograin.ca\/ca\/#\/schema\/logo\/image\/\",\"url\":\"https:\/\/prograin.ca\/app\/uploads\/sites\/3\/2018\/11\/Prograin-logo-1.png\",\"contentUrl\":\"https:\/\/prograin.ca\/app\/uploads\/sites\/3\/2018\/11\/Prograin-logo-1.png\",\"width\":352,\"height\":85,\"caption\":\"Prograin - Canada\"},\"image\":{\"@id\":\"https:\/\/prograin.ca\/ca\/#\/schema\/logo\/image\/\"}}]}<\/script>\n<!-- \/ Yoast SEO plugin. -->","yoast_head_json":{"title":"Prograin | Avantages li\u00e9s \u00e0 notre programme de rachat de r\u00e9coltes","description":"Le programme de rachat de soya de Prograin est un atout incontournable pour votre rentabilit\u00e9. La qualit\u00e9 de votre r\u00e9colte est reconnue et r\u00e9compens\u00e9e.","robots":{"index":"index","follow":"follow","max-snippet":"max-snippet:-1","max-image-preview":"max-image-preview:large","max-video-preview":"max-video-preview:-1"},"canonical":"https:\/\/prograin.ca\/ca\/fr\/semences\/programme-de-rachat\/","og_locale":"fr_CA","og_type":"article","og_title":"Prograin | Avantages li\u00e9s \u00e0 notre programme de rachat de r\u00e9coltes","og_description":"Le programme de rachat de soya de Prograin est un atout incontournable pour votre rentabilit\u00e9. La qualit\u00e9 de votre r\u00e9colte est reconnue et r\u00e9compens\u00e9e.","og_url":"https:\/\/prograin.ca\/ca\/fr\/semences\/programme-de-rachat\/","og_site_name":"Prograin - Canada","article_modified_time":"2025-04-22T19:20:04+00:00","og_image":[{"url":"https:\/\/prograin.ca\/app\/uploads\/2018\/12\/qp_logo.png"}],"twitter_card":"summary_large_image","twitter_misc":{"Estimation du temps de lecture":"4 minutes"},"schema":{"@context":"https:\/\/schema.org","@graph":[{"@type":"WebPage","@id":"https:\/\/prograin.ca\/ca\/fr\/semences\/programme-de-rachat\/","url":"https:\/\/prograin.ca\/ca\/fr\/semences\/programme-de-rachat\/","name":"Prograin | Avantages li\u00e9s \u00e0 notre programme de rachat de r\u00e9coltes","isPartOf":{"@id":"https:\/\/prograin.ca\/ca\/#website"},"datePublished":"2018-12-11T17:10:51+00:00","dateModified":"2025-04-22T19:20:04+00:00","description":"Le programme de rachat de soya de Prograin est un atout incontournable pour votre rentabilit\u00e9. La qualit\u00e9 de votre r\u00e9colte est reconnue et r\u00e9compens\u00e9e.","breadcrumb":{"@id":"https:\/\/prograin.ca\/ca\/fr\/semences\/programme-de-rachat\/#breadcrumb"},"inLanguage":"fr-CA","potentialAction":[{"@type":"ReadAction","target":["https:\/\/prograin.ca\/ca\/fr\/semences\/programme-de-rachat\/"]}]},{"@type":"BreadcrumbList","@id":"https:\/\/prograin.ca\/ca\/fr\/semences\/programme-de-rachat\/#breadcrumb","itemListElement":[{"@type":"ListItem","position":1,"name":"Home","item":"https:\/\/prograin.ca\/ca\/fr\/"},{"@type":"ListItem","position":2,"name":"Semences","item":"https:\/\/prograin.ca\/ca\/fr\/semences\/"},{"@type":"ListItem","position":3,"name":"Programme de rachat"}]},{"@type":"WebSite","@id":"https:\/\/prograin.ca\/ca\/#website","url":"https:\/\/prograin.ca\/ca\/","name":"Prograin - Canada","description":"Un site utilisant WordPress","publisher":{"@id":"https:\/\/prograin.ca\/ca\/#organization"},"potentialAction":[{"@type":"SearchAction","target":{"@type":"EntryPoint","urlTemplate":"https:\/\/prograin.ca\/ca\/?s={search_term_string}"},"query-input":"required name=search_term_string"}],"inLanguage":"fr-CA"},{"@type":"Organization","@id":"https:\/\/prograin.ca\/ca\/#organization","name":"Prograin - Canada","url":"https:\/\/prograin.ca\/ca\/","logo":{"@type":"ImageObject","inLanguage":"fr-CA","@id":"https:\/\/prograin.ca\/ca\/#\/schema\/logo\/image\/","url":"https:\/\/prograin.ca\/app\/uploads\/sites\/3\/2018\/11\/Prograin-logo-1.png","contentUrl":"https:\/\/prograin.ca\/app\/uploads\/sites\/3\/2018\/11\/Prograin-logo-1.png","width":352,"height":85,"caption":"Prograin - Canada"},"image":{"@id":"https:\/\/prograin.ca\/ca\/#\/schema\/logo\/image\/"}}]}},"featured_image_urls":{"full":"","thumbnail":"","medium":"","medium_large":"","large":"","1536x1536":"","2048x2048":"","menu-24x24":"","menu-36x36":"","menu-48x48":""},"post_excerpt_stackable":"<p>Notre programme de rachat est un atout incontournable pour votre rentabilit\u00e9. Prograin commercialise votre soya dans diff\u00e9rents march\u00e9s tr\u00e8s sp\u00e9cialis\u00e9s depuis plus de 30 ans. De nombreux avantages sont associ\u00e9s \u00e0 notre programme. Des primes de vari\u00e9t\u00e9s avantageuses tr\u00e8s comp\u00e9titives dans l\u2019industrie ; Un revenu assur\u00e9 ; Une flexibilit\u00e9 permettant de fixer des prix quand vous le voulez ; Une tranquillit\u00e9 d\u2019esprit quant \u00e0 la mise en march\u00e9 de votre r\u00e9colte ;Une fiert\u00e9 de produire un soya de qualit\u00e9 pour l\u2019alimentation humaine export\u00e9 \u00e0 travers le monde. Des avantages sont \u00e9galement exclusifs aux producteurs de soya QUALI-PRO Les semences de&hellip;<\/p>\n","category_list":"","author_info":{"name":"Jean Trudel","url":"https:\/\/prograin.ca\/ca\/author\/amazone\/"},"comments_num":"0 comments","featured_image_urls_v2":{"full":"","thumbnail":"","medium":"","medium_large":"","large":"","1536x1536":"","2048x2048":"","menu-24x24":"","menu-36x36":"","menu-48x48":""},"post_excerpt_stackable_v2":"<p>Notre programme de rachat est un atout incontournable pour votre rentabilit\u00e9. Prograin commercialise votre soya dans diff\u00e9rents march\u00e9s tr\u00e8s sp\u00e9cialis\u00e9s depuis plus de 30 ans. De nombreux avantages sont associ\u00e9s \u00e0 notre programme. Des primes de vari\u00e9t\u00e9s avantageuses tr\u00e8s comp\u00e9titives dans l\u2019industrie ; Un revenu assur\u00e9 ; Une flexibilit\u00e9 permettant de fixer des prix quand vous le voulez ; Une tranquillit\u00e9 d\u2019esprit quant \u00e0 la mise en march\u00e9 de votre r\u00e9colte ;Une fiert\u00e9 de produire un soya de qualit\u00e9 pour l\u2019alimentation humaine export\u00e9 \u00e0 travers le monde. Des avantages sont \u00e9galement exclusifs aux producteurs de soya QUALI-PRO Les semences de&hellip;<\/p>\n","category_list_v2":"","author_info_v2":{"name":"Jean Trudel","url":"https:\/\/prograin.ca\/ca\/author\/amazone\/"},"comments_num_v2":"0 comments","coauthors":[],"author_meta":{"author_link":"https:\/\/prograin.ca\/ca\/author\/amazone\/","display_name":"Jean Trudel"},"relative_dates":{"created":"Posted 7 ann\u00e9es ago","modified":"Updated 12 mois ago"},"absolute_dates":{"created":"Posted on 11 d\u00e9cembre 2018","modified":"Updated on 22 avril 2025"},"absolute_dates_time":{"created":"Posted on 11 d\u00e9cembre 2018 17 h 10 min","modified":"Updated on 22 avril 2025 19 h 20 min"},"featured_img_caption":"","featured_img":false,"series_order":"","_links":{"self":[{"href":"https:\/\/prograin.ca\/ca\/wp-json\/wp\/v2\/pages\/19087"}],"collection":[{"href":"https:\/\/prograin.ca\/ca\/wp-json\/wp\/v2\/pages"}],"about":[{"href":"https:\/\/prograin.ca\/ca\/wp-json\/wp\/v2\/types\/page"}],"author":[{"embeddable":true,"href":"https:\/\/prograin.ca\/ca\/wp-json\/wp\/v2\/users\/2"}],"replies":[{"embeddable":true,"href":"https:\/\/prograin.ca\/ca\/wp-json\/wp\/v2\/comments?post=19087"}],"version-history":[{"count":201,"href":"https:\/\/prograin.ca\/ca\/wp-json\/wp\/v2\/pages\/19087\/revisions"}],"predecessor-version":[{"id":27491,"href":"https:\/\/prograin.ca\/ca\/wp-json\/wp\/v2\/pages\/19087\/revisions\/27491"}],"up":[{"embeddable":true,"href":"https:\/\/prograin.ca\/ca\/wp-json\/wp\/v2\/pages\/539"}],"wp:attachment":[{"href":"https:\/\/prograin.ca\/ca\/wp-json\/wp\/v2\/media?parent=19087"}],"curies":[{"name":"wp","href":"https:\/\/api.w.org\/{rel}","templated":true}]}}