
{"id":19293,"date":"2018-12-21T14:37:47","date_gmt":"2018-12-21T14:37:47","guid":{"rendered":"https:\/\/prograin.ca\/?page_id=19293"},"modified":"2019-04-07T23:52:58","modified_gmt":"2019-04-07T23:52:58","slug":"club-quali-pro","status":"publish","type":"page","link":"https:\/\/prograin.ca\/ca\/fr\/semences\/club-quali-pro\/","title":{"rendered":"Club Quali-Pro"},"content":{"rendered":"\n<div class=\"wp-block-balise-section-block alignfull _sectionblock has-1-columns no-title\">\n<div class=\"\" style=\"color:#ffffff;background-image:url(https:\/\/prograin.ca\/app\/uploads\/2018\/12\/Header-1.jpg);background-size:cover;padding-top:60px;padding-bottom:100px;padding-left:10px;padding-right:10px\"><div class=\"verticalbg\" style=\"background-size:cover\"><\/div><div class=\"inside\" style=\"margin:0 auto\">\n<figure class=\"wp-block-image is-resized\"><img loading=\"lazy\" src=\"https:\/\/prograin.ca\/app\/uploads\/2019\/02\/club_quali-pro.png\" alt=\"\" class=\"wp-image-20614\" width=\"294\" height=\"52\" srcset=\"https:\/\/prograin.ca\/app\/uploads\/sites\/3\/2019\/02\/club_quali-pro.png 410w, https:\/\/prograin.ca\/app\/uploads\/sites\/3\/2019\/02\/club_quali-pro-300x53.png 300w, https:\/\/prograin.ca\/app\/uploads\/sites\/3\/2019\/02\/club_quali-pro-24x4.png 24w, https:\/\/prograin.ca\/app\/uploads\/sites\/3\/2019\/02\/club_quali-pro-36x6.png 36w, https:\/\/prograin.ca\/app\/uploads\/sites\/3\/2019\/02\/club_quali-pro-48x9.png 48w\" sizes=\"(max-width: 294px) 100vw, 294px\" \/><\/figure>\n\n\n\n<h3>Le Club Quali-Pro&nbsp;: le travail bien fait n\u2019aura jamais \u00e9t\u00e9 aussi profitable!<\/h3>\n\n\n\n<div class=\"wp-container-3 wp-block-columns has-2-columns\">\n<div class=\"wp-container-1 wp-block-column\">\n<p>Le Club Quali-Pro a \u00e9t\u00e9 cr\u00e9\u00e9 en 2014. Il vous permet de partager les connaissances sur les meilleures pratiques en mati\u00e8re de production de soya conventionnel et de devenir un ambassadeur de la marque tout en promouvant le d\u00e9veloppement du soya de demain.<\/p>\n<\/div>\n\n\n\n<div class=\"wp-container-2 wp-block-column\"><\/div>\n<\/div>\n<\/div><\/div>\n<\/div>\n\n\n\n<div class=\"wp-block-balise-section-block _sectionblock has-1-columns\">\n<div class=\"\" style=\"background-size:cover;padding-top:60px;padding-bottom:40px;padding-left:10px;padding-right:10px\"><div class=\"verticalbg\" style=\"background-size:cover\"><\/div><div class=\"inside\" style=\"margin:0 auto\">\n<div style=\"height:80px\" aria-hidden=\"true\" class=\"wp-block-spacer\"><\/div>\n\n\n\n<h3 class=\"is-style-orange\">De nombreux privil\u00e8ges associ\u00e9s au Club Quali-Pro<\/h3>\n\n\n\n<div style=\"height:80px\" aria-hidden=\"true\" class=\"wp-block-spacer\"><\/div>\n\n\n\n<div class=\"wp-container-6 wp-block-columns has-2-columns\">\n<div class=\"wp-container-4 wp-block-column\">\n<ul><li> Bonification de la prime de grain de qualit\u00e9 des vari\u00e9t\u00e9s <a href=\"https:\/\/prograin.ca\/ca\/fr\/semences\/sans-ogm\/\">Quali-Pro<\/a> <\/li><\/ul>\n\n\n\n<ul><li> Acc\u00e8s privil\u00e9gi\u00e9 \u00e0 certains \u00e9v\u00e9nements Prograin&nbsp;: <\/li><\/ul>\n\n\n\n<ul><li>Visites de nos clients du march\u00e9 asiatique sur votre ferme<\/li><\/ul>\n\n\n\n<p style=\"background-color:#f7f7f7\" class=\"has-background\">Soir\u00e9e reconnaissance <br><br>Visite de l\u2019entreprise <br><br>Cocktail et souper <br><br>Remise d\u2019un certificat et d\u2019un autocollant pour la batteuse identifiant l\u2019appartenance au Club<br> <br>V\u00eatement exclusif \u2013 Ambassadeur de la marque<\/p>\n\n\n\n<div style=\"height:10px\" aria-hidden=\"true\" class=\"wp-block-spacer\"><\/div>\n<\/div>\n\n\n\n<div class=\"wp-container-5 wp-block-column\">\n<p style=\"background-color:#f7f7f7\" class=\"has-background\">Test de nouvelles vari\u00e9t\u00e9s et essais sp\u00e9ciaux en champs <br><br>Exercice de rentabilit\u00e9 ax\u00e9 sur la profitabilit\u00e9 des vari\u00e9t\u00e9s Quali-Pro<\/p>\n\n\n\n<ul><li>Formation technique et participation \u00e0 des groupes de discussions sur les meilleures pratiques de production du soya et sur le d\u00e9veloppement de nouveaux produits<\/li><\/ul>\n\n\n\n<ul><li>Acc\u00e8s prioritaire aux nouvelles vari\u00e9t\u00e9s d\u00e9velopp\u00e9es par Prograin, incluant une visite des parcelles de d\u00e9monstration en priorit\u00e9<\/li><\/ul>\n\n\n\n<ul><li>Diff\u00e9rents tests sur une base volontaire&nbsp;:<\/li><\/ul>\n<\/div>\n<\/div>\n<\/div><\/div>\n<\/div>\n\n\n\n<div class=\"wp-block-balise-section-block alignfull _sectionblock has-1-columns\">\n<div class=\"\" style=\"color:#ffffff;background-image:url(https:\/\/prograin.ca\/app\/uploads\/2018\/12\/pourquoi_faire_partie.jpg);background-size:cover;padding-top:60px;padding-bottom:60px;padding-left:10px;padding-right:10px\"><div class=\"verticalbg\" style=\"background-size:cover\"><\/div><div class=\"inside\" style=\"margin:0 auto\">\n<h3>Pourquoi faire partie du Club \u00e0 long terme?<\/h3>\n\n\n\n<div class=\"wp-container-9 wp-block-columns has-2-columns\">\n<div class=\"wp-container-7 wp-block-column\">\n<p>Apr\u00e8s plus de 10 ans au Club Quali-Pro, le membre recevra un ch\u00e8que cadeau de 5 000 $ \u00e9changeable pour un prochain \u00e9v\u00e9nement organis\u00e9 par Prograin.<\/p>\n<\/div>\n\n\n\n<div class=\"wp-container-8 wp-block-column\"><\/div>\n<\/div>\n\n\n\n<h3>Quels sont les crit\u00e8res pour faire partie du Club Quali-Pro ?<\/h3>\n\n\n\n<div class=\"wp-container-12 wp-block-columns has-2-columns\">\n<div class=\"wp-container-10 wp-block-column\">\n<p>100&nbsp;% des r\u00e9coltes livr\u00e9es ont class\u00e9 grade n\u00b0 1 <\/p>\n\n\n\n<p>Les agriculteurs qui ont les plus grandes superficies de soya cultiv\u00e9<\/p>\n<\/div>\n\n\n\n<div class=\"wp-container-11 wp-block-column\"><\/div>\n<\/div>\n\n\n\n<p class=\"has-small-font-size\">Remarque&nbsp;: Un producteur ou un forfaitaire doit se classer pour chaque ann\u00e9e de r\u00e9f\u00e9rence.<\/p>\n<\/div><\/div>\n<\/div>\n","protected":false},"excerpt":{"rendered":"","protected":false},"author":2,"featured_media":0,"parent":539,"menu_order":5,"comment_status":"closed","ping_status":"closed","template":"","meta":{"advgb_blocks_editor_width":"","advgb_blocks_columns_visual_guide":""},"yoast_head":"<!-- This site is optimized with the Yoast SEO plugin v19.11 - https:\/\/yoast.com\/wordpress\/plugins\/seo\/ -->\n<title>Prograin | Le Club Quali-Pro<\/title>\n<meta name=\"description\" content=\"Le Club Quali-Pro, cr\u00e9\u00e9 en 2014, vous permet de devenir un ambassadeur de la marque. D\u00e9couvrez les nombreux privil\u00e8ges qui y sont associ\u00e9s.\" \/>\n<meta name=\"robots\" content=\"index, follow, max-snippet:-1, max-image-preview:large, max-video-preview:-1\" \/>\n<link rel=\"canonical\" href=\"https:\/\/prograin.ca\/ca\/fr\/semences\/club-quali-pro\/\" \/>\n<meta property=\"og:locale\" content=\"fr_CA\" \/>\n<meta property=\"og:type\" content=\"article\" \/>\n<meta property=\"og:title\" content=\"Prograin | Le Club Quali-Pro\" \/>\n<meta property=\"og:description\" content=\"Le Club Quali-Pro, cr\u00e9\u00e9 en 2014, vous permet de devenir un ambassadeur de la marque. D\u00e9couvrez les nombreux privil\u00e8ges qui y sont associ\u00e9s.\" \/>\n<meta property=\"og:url\" content=\"https:\/\/prograin.ca\/ca\/fr\/semences\/club-quali-pro\/\" \/>\n<meta property=\"og:site_name\" content=\"Prograin - Canada\" \/>\n<meta property=\"article:modified_time\" content=\"2019-04-07T23:52:58+00:00\" \/>\n<meta property=\"og:image\" content=\"https:\/\/prograin.ca\/app\/uploads\/2019\/02\/club_quali-pro.png\" \/>\n<meta name=\"twitter:card\" content=\"summary_large_image\" \/>\n<meta name=\"twitter:label1\" content=\"Estimation du temps de lecture\" \/>\n\t<meta name=\"twitter:data1\" content=\"1 minute\" \/>\n<script type=\"application\/ld+json\" class=\"yoast-schema-graph\">{\"@context\":\"https:\/\/schema.org\",\"@graph\":[{\"@type\":\"WebPage\",\"@id\":\"https:\/\/prograin.ca\/ca\/fr\/semences\/club-quali-pro\/\",\"url\":\"https:\/\/prograin.ca\/ca\/fr\/semences\/club-quali-pro\/\",\"name\":\"Prograin | Le Club Quali-Pro\",\"isPartOf\":{\"@id\":\"https:\/\/prograin.ca\/ca\/#website\"},\"datePublished\":\"2018-12-21T14:37:47+00:00\",\"dateModified\":\"2019-04-07T23:52:58+00:00\",\"description\":\"Le Club Quali-Pro, cr\u00e9\u00e9 en 2014, vous permet de devenir un ambassadeur de la marque. D\u00e9couvrez les nombreux privil\u00e8ges qui y sont associ\u00e9s.\",\"breadcrumb\":{\"@id\":\"https:\/\/prograin.ca\/ca\/fr\/semences\/club-quali-pro\/#breadcrumb\"},\"inLanguage\":\"fr-CA\",\"potentialAction\":[{\"@type\":\"ReadAction\",\"target\":[\"https:\/\/prograin.ca\/ca\/fr\/semences\/club-quali-pro\/\"]}]},{\"@type\":\"BreadcrumbList\",\"@id\":\"https:\/\/prograin.ca\/ca\/fr\/semences\/club-quali-pro\/#breadcrumb\",\"itemListElement\":[{\"@type\":\"ListItem\",\"position\":1,\"name\":\"Home\",\"item\":\"https:\/\/prograin.ca\/ca\/fr\/\"},{\"@type\":\"ListItem\",\"position\":2,\"name\":\"Semences\",\"item\":\"https:\/\/prograin.ca\/ca\/fr\/semences\/\"},{\"@type\":\"ListItem\",\"position\":3,\"name\":\"Club Quali-Pro\"}]},{\"@type\":\"WebSite\",\"@id\":\"https:\/\/prograin.ca\/ca\/#website\",\"url\":\"https:\/\/prograin.ca\/ca\/\",\"name\":\"Prograin - Canada\",\"description\":\"Un site utilisant WordPress\",\"publisher\":{\"@id\":\"https:\/\/prograin.ca\/ca\/#organization\"},\"potentialAction\":[{\"@type\":\"SearchAction\",\"target\":{\"@type\":\"EntryPoint\",\"urlTemplate\":\"https:\/\/prograin.ca\/ca\/?s={search_term_string}\"},\"query-input\":\"required name=search_term_string\"}],\"inLanguage\":\"fr-CA\"},{\"@type\":\"Organization\",\"@id\":\"https:\/\/prograin.ca\/ca\/#organization\",\"name\":\"Prograin - Canada\",\"url\":\"https:\/\/prograin.ca\/ca\/\",\"logo\":{\"@type\":\"ImageObject\",\"inLanguage\":\"fr-CA\",\"@id\":\"https:\/\/prograin.ca\/ca\/#\/schema\/logo\/image\/\",\"url\":\"https:\/\/prograin.ca\/app\/uploads\/sites\/3\/2018\/11\/Prograin-logo-1.png\",\"contentUrl\":\"https:\/\/prograin.ca\/app\/uploads\/sites\/3\/2018\/11\/Prograin-logo-1.png\",\"width\":352,\"height\":85,\"caption\":\"Prograin - Canada\"},\"image\":{\"@id\":\"https:\/\/prograin.ca\/ca\/#\/schema\/logo\/image\/\"}}]}<\/script>\n<!-- \/ Yoast SEO plugin. -->","yoast_head_json":{"title":"Prograin | Le Club Quali-Pro","description":"Le Club Quali-Pro, cr\u00e9\u00e9 en 2014, vous permet de devenir un ambassadeur de la marque. D\u00e9couvrez les nombreux privil\u00e8ges qui y sont associ\u00e9s.","robots":{"index":"index","follow":"follow","max-snippet":"max-snippet:-1","max-image-preview":"max-image-preview:large","max-video-preview":"max-video-preview:-1"},"canonical":"https:\/\/prograin.ca\/ca\/fr\/semences\/club-quali-pro\/","og_locale":"fr_CA","og_type":"article","og_title":"Prograin | Le Club Quali-Pro","og_description":"Le Club Quali-Pro, cr\u00e9\u00e9 en 2014, vous permet de devenir un ambassadeur de la marque. D\u00e9couvrez les nombreux privil\u00e8ges qui y sont associ\u00e9s.","og_url":"https:\/\/prograin.ca\/ca\/fr\/semences\/club-quali-pro\/","og_site_name":"Prograin - Canada","article_modified_time":"2019-04-07T23:52:58+00:00","og_image":[{"url":"https:\/\/prograin.ca\/app\/uploads\/2019\/02\/club_quali-pro.png"}],"twitter_card":"summary_large_image","twitter_misc":{"Estimation du temps de lecture":"1 minute"},"schema":{"@context":"https:\/\/schema.org","@graph":[{"@type":"WebPage","@id":"https:\/\/prograin.ca\/ca\/fr\/semences\/club-quali-pro\/","url":"https:\/\/prograin.ca\/ca\/fr\/semences\/club-quali-pro\/","name":"Prograin | Le Club Quali-Pro","isPartOf":{"@id":"https:\/\/prograin.ca\/ca\/#website"},"datePublished":"2018-12-21T14:37:47+00:00","dateModified":"2019-04-07T23:52:58+00:00","description":"Le Club Quali-Pro, cr\u00e9\u00e9 en 2014, vous permet de devenir un ambassadeur de la marque. D\u00e9couvrez les nombreux privil\u00e8ges qui y sont associ\u00e9s.","breadcrumb":{"@id":"https:\/\/prograin.ca\/ca\/fr\/semences\/club-quali-pro\/#breadcrumb"},"inLanguage":"fr-CA","potentialAction":[{"@type":"ReadAction","target":["https:\/\/prograin.ca\/ca\/fr\/semences\/club-quali-pro\/"]}]},{"@type":"BreadcrumbList","@id":"https:\/\/prograin.ca\/ca\/fr\/semences\/club-quali-pro\/#breadcrumb","itemListElement":[{"@type":"ListItem","position":1,"name":"Home","item":"https:\/\/prograin.ca\/ca\/fr\/"},{"@type":"ListItem","position":2,"name":"Semences","item":"https:\/\/prograin.ca\/ca\/fr\/semences\/"},{"@type":"ListItem","position":3,"name":"Club Quali-Pro"}]},{"@type":"WebSite","@id":"https:\/\/prograin.ca\/ca\/#website","url":"https:\/\/prograin.ca\/ca\/","name":"Prograin - Canada","description":"Un site utilisant WordPress","publisher":{"@id":"https:\/\/prograin.ca\/ca\/#organization"},"potentialAction":[{"@type":"SearchAction","target":{"@type":"EntryPoint","urlTemplate":"https:\/\/prograin.ca\/ca\/?s={search_term_string}"},"query-input":"required name=search_term_string"}],"inLanguage":"fr-CA"},{"@type":"Organization","@id":"https:\/\/prograin.ca\/ca\/#organization","name":"Prograin - Canada","url":"https:\/\/prograin.ca\/ca\/","logo":{"@type":"ImageObject","inLanguage":"fr-CA","@id":"https:\/\/prograin.ca\/ca\/#\/schema\/logo\/image\/","url":"https:\/\/prograin.ca\/app\/uploads\/sites\/3\/2018\/11\/Prograin-logo-1.png","contentUrl":"https:\/\/prograin.ca\/app\/uploads\/sites\/3\/2018\/11\/Prograin-logo-1.png","width":352,"height":85,"caption":"Prograin - Canada"},"image":{"@id":"https:\/\/prograin.ca\/ca\/#\/schema\/logo\/image\/"}}]}},"featured_image_urls":{"full":"","thumbnail":"","medium":"","medium_large":"","large":"","1536x1536":"","2048x2048":"","menu-24x24":"","menu-36x36":"","menu-48x48":""},"post_excerpt_stackable":"<p>Le Club Quali-Pro&nbsp;: le travail bien fait n\u2019aura jamais \u00e9t\u00e9 aussi profitable! Le Club Quali-Pro a \u00e9t\u00e9 cr\u00e9\u00e9 en 2014. Il vous permet de partager les connaissances sur les meilleures pratiques en mati\u00e8re de production de soya conventionnel et de devenir un ambassadeur de la marque tout en promouvant le d\u00e9veloppement du soya de demain. De nombreux privil\u00e8ges associ\u00e9s au Club Quali-Pro Bonification de la prime de grain de qualit\u00e9 des vari\u00e9t\u00e9s Quali-Pro Acc\u00e8s privil\u00e9gi\u00e9 \u00e0 certains \u00e9v\u00e9nements Prograin&nbsp;: Visites de nos clients du march\u00e9 asiatique sur votre ferme Soir\u00e9e reconnaissance Visite de l\u2019entreprise Cocktail et souper Remise d\u2019un certificat&hellip;<\/p>\n","category_list":"","author_info":{"name":"Jean Trudel","url":"https:\/\/prograin.ca\/ca\/author\/amazone\/"},"comments_num":"0 comments","featured_image_urls_v2":{"full":"","thumbnail":"","medium":"","medium_large":"","large":"","1536x1536":"","2048x2048":"","menu-24x24":"","menu-36x36":"","menu-48x48":""},"post_excerpt_stackable_v2":"<p>Le Club Quali-Pro&nbsp;: le travail bien fait n\u2019aura jamais \u00e9t\u00e9 aussi profitable! Le Club Quali-Pro a \u00e9t\u00e9 cr\u00e9\u00e9 en 2014. Il vous permet de partager les connaissances sur les meilleures pratiques en mati\u00e8re de production de soya conventionnel et de devenir un ambassadeur de la marque tout en promouvant le d\u00e9veloppement du soya de demain. De nombreux privil\u00e8ges associ\u00e9s au Club Quali-Pro Bonification de la prime de grain de qualit\u00e9 des vari\u00e9t\u00e9s Quali-Pro Acc\u00e8s privil\u00e9gi\u00e9 \u00e0 certains \u00e9v\u00e9nements Prograin&nbsp;: Visites de nos clients du march\u00e9 asiatique sur votre ferme Soir\u00e9e reconnaissance Visite de l\u2019entreprise Cocktail et souper Remise d\u2019un certificat&hellip;<\/p>\n","category_list_v2":"","author_info_v2":{"name":"Jean Trudel","url":"https:\/\/prograin.ca\/ca\/author\/amazone\/"},"comments_num_v2":"0 comments","coauthors":[],"author_meta":{"author_link":"https:\/\/prograin.ca\/ca\/author\/amazone\/","display_name":"Jean Trudel"},"relative_dates":{"created":"Posted 7 ann\u00e9es ago","modified":"Updated 7 ann\u00e9es ago"},"absolute_dates":{"created":"Posted on 21 d\u00e9cembre 2018","modified":"Updated on 7 avril 2019"},"absolute_dates_time":{"created":"Posted on 21 d\u00e9cembre 2018 14 h 37 min","modified":"Updated on 7 avril 2019 23 h 52 min"},"featured_img_caption":"","featured_img":false,"series_order":"","_links":{"self":[{"href":"https:\/\/prograin.ca\/ca\/wp-json\/wp\/v2\/pages\/19293"}],"collection":[{"href":"https:\/\/prograin.ca\/ca\/wp-json\/wp\/v2\/pages"}],"about":[{"href":"https:\/\/prograin.ca\/ca\/wp-json\/wp\/v2\/types\/page"}],"author":[{"embeddable":true,"href":"https:\/\/prograin.ca\/ca\/wp-json\/wp\/v2\/users\/2"}],"replies":[{"embeddable":true,"href":"https:\/\/prograin.ca\/ca\/wp-json\/wp\/v2\/comments?post=19293"}],"version-history":[{"count":71,"href":"https:\/\/prograin.ca\/ca\/wp-json\/wp\/v2\/pages\/19293\/revisions"}],"predecessor-version":[{"id":22651,"href":"https:\/\/prograin.ca\/ca\/wp-json\/wp\/v2\/pages\/19293\/revisions\/22651"}],"up":[{"embeddable":true,"href":"https:\/\/prograin.ca\/ca\/wp-json\/wp\/v2\/pages\/539"}],"wp:attachment":[{"href":"https:\/\/prograin.ca\/ca\/wp-json\/wp\/v2\/media?parent=19293"}],"curies":[{"name":"wp","href":"https:\/\/api.w.org\/{rel}","templated":true}]}}