
{"id":19482,"date":"2019-01-31T15:25:42","date_gmt":"2019-01-31T15:25:42","guid":{"rendered":"https:\/\/prograin.ca\/?page_id=19482"},"modified":"2019-04-07T23:44:42","modified_gmt":"2019-04-07T23:44:42","slug":"approvisionnement","status":"publish","type":"page","link":"https:\/\/prograin.ca\/ca\/fr\/soyas\/approvisionnement\/","title":{"rendered":"Approvisionnement"},"content":{"rendered":"\n<div class=\"wp-block-balise-section-block alignfull _sectionblock has-1-columns\">\n<div class=\" verticalbg\" style=\"color:#ffffff;background-image:url(https:\/\/prograin.ca\/app\/uploads\/sites\/3\/2019\/03\/323772825.jpg);background-size:cover;padding-top:60px;padding-bottom:60px\"><div class=\"verticalbg\" style=\"background-image:url(https:\/\/prograin.ca\/app\/uploads\/2018\/12\/Avantages.jpg);background-size:cover\"><\/div><iframe class=\"videobg\" src=\"https:\/\/player.vimeo.com\/video\/323772825?background=1&amp;autoplay=1&amp;byline=0&amp;title=0&amp;muted=1\" frameborder=\"0\" allowfullscreen><\/iframe><div class=\"inside\" style=\"margin:0 30&nbsp;% 0 0\">\n<h3>Notre succ\u00e8s est \u00e9troitement li\u00e9 \u00e0 celui des producteurs qui choisissent de cultiver nos semences <\/h3>\n<\/div><\/div>\n<\/div>\n\n\n\n<div class=\"wp-block-balise-section-block alignfull _sectionblock has-1-columns\">\n<div class=\"\" style=\"background-size:cover;padding-top:60px;padding-bottom:60px;padding-left:10px;padding-right:10px\"><div class=\"verticalbg\" style=\"background-size:cover\"><\/div><div class=\"inside\" style=\"margin:0 auto\">\n<div class=\"wp-container-3 wp-block-columns has-2-columns\">\n<div class=\"wp-container-1 wp-block-column\">\n<p> C\u2019est pourquoi nous avons b\u00e2ti un programme de rachat conf\u00e9rant des avantages concurrentiels et une r\u00e9mun\u00e9ration sans \u00e9gale.   <\/p>\n\n\n\n<p>\n\nGr\u00e2ce \u00e0 notre partenariat avec les agriculteurs, nos approvisionnements sont toujours garantis. Vous b\u00e9n\u00e9ficiez d\u2019un contr\u00f4le de la qualit\u00e9 en tout temps. \n\n<\/p>\n<\/div>\n\n\n\n<div class=\"wp-container-2 wp-block-column\">\n<p>\n\nNos vari\u00e9t\u00e9s de soya int\u00e8grent la rigueur de la production de soya en champ et un contr\u00f4le minutieux de qualit\u00e9 \u00e0 l\u2019approvisionnement. Nous ciblons les lots de qualit\u00e9 sup\u00e9rieure pour vous offrir les caract\u00e9ristiques alimentaires les plus recherch\u00e9es sur les march\u00e9s internationaux.\n\n<\/p>\n<\/div>\n<\/div>\n<\/div><\/div>\n<\/div>\n","protected":false},"excerpt":{"rendered":"","protected":false},"author":2,"featured_media":0,"parent":569,"menu_order":3,"comment_status":"closed","ping_status":"closed","template":"","meta":{"advgb_blocks_editor_width":"","advgb_blocks_columns_visual_guide":""},"yoast_head":"<!-- This site is optimized with the Yoast SEO plugin v19.11 - https:\/\/yoast.com\/wordpress\/plugins\/seo\/ -->\n<title>Prograin | Contr\u00f4le de la qualit\u00e9 \u00e0 l\u2019approvisionnement du soya<\/title>\n<meta name=\"description\" content=\"Gr\u00e2ce \u00e0 un partenariat avec les agriculteurs, nos approvisionnements sont toujours garantis. Vous b\u00e9n\u00e9ficiez d\u2019un contr\u00f4le de la qualit\u00e9 en tout temps.\" \/>\n<meta name=\"robots\" content=\"index, follow, max-snippet:-1, max-image-preview:large, max-video-preview:-1\" \/>\n<link rel=\"canonical\" href=\"https:\/\/prograin.ca\/ca\/fr\/soyas\/approvisionnement\/\" \/>\n<meta property=\"og:locale\" content=\"fr_CA\" \/>\n<meta property=\"og:type\" content=\"article\" \/>\n<meta property=\"og:title\" content=\"Prograin | Contr\u00f4le de la qualit\u00e9 \u00e0 l\u2019approvisionnement du soya\" \/>\n<meta property=\"og:description\" content=\"Gr\u00e2ce \u00e0 un partenariat avec les agriculteurs, nos approvisionnements sont toujours garantis. Vous b\u00e9n\u00e9ficiez d\u2019un contr\u00f4le de la qualit\u00e9 en tout temps.\" \/>\n<meta property=\"og:url\" content=\"https:\/\/prograin.ca\/ca\/fr\/soyas\/approvisionnement\/\" \/>\n<meta property=\"og:site_name\" content=\"Prograin - Canada\" \/>\n<meta property=\"article:modified_time\" content=\"2019-04-07T23:44:42+00:00\" \/>\n<meta name=\"twitter:card\" content=\"summary_large_image\" \/>\n<meta name=\"twitter:label1\" content=\"Estimation du temps de lecture\" \/>\n\t<meta name=\"twitter:data1\" content=\"1 minute\" \/>\n<script type=\"application\/ld+json\" class=\"yoast-schema-graph\">{\"@context\":\"https:\/\/schema.org\",\"@graph\":[{\"@type\":\"WebPage\",\"@id\":\"https:\/\/prograin.ca\/ca\/fr\/soyas\/approvisionnement\/\",\"url\":\"https:\/\/prograin.ca\/ca\/fr\/soyas\/approvisionnement\/\",\"name\":\"Prograin | Contr\u00f4le de la qualit\u00e9 \u00e0 l\u2019approvisionnement du soya\",\"isPartOf\":{\"@id\":\"https:\/\/prograin.ca\/ca\/#website\"},\"datePublished\":\"2019-01-31T15:25:42+00:00\",\"dateModified\":\"2019-04-07T23:44:42+00:00\",\"description\":\"Gr\u00e2ce \u00e0 un partenariat avec les agriculteurs, nos approvisionnements sont toujours garantis. Vous b\u00e9n\u00e9ficiez d\u2019un contr\u00f4le de la qualit\u00e9 en tout temps.\",\"breadcrumb\":{\"@id\":\"https:\/\/prograin.ca\/ca\/fr\/soyas\/approvisionnement\/#breadcrumb\"},\"inLanguage\":\"fr-CA\",\"potentialAction\":[{\"@type\":\"ReadAction\",\"target\":[\"https:\/\/prograin.ca\/ca\/fr\/soyas\/approvisionnement\/\"]}]},{\"@type\":\"BreadcrumbList\",\"@id\":\"https:\/\/prograin.ca\/ca\/fr\/soyas\/approvisionnement\/#breadcrumb\",\"itemListElement\":[{\"@type\":\"ListItem\",\"position\":1,\"name\":\"Home\",\"item\":\"https:\/\/prograin.ca\/ca\/fr\/\"},{\"@type\":\"ListItem\",\"position\":2,\"name\":\"Soya\",\"item\":\"https:\/\/prograin.ca\/ca\/fr\/soyas\/\"},{\"@type\":\"ListItem\",\"position\":3,\"name\":\"Approvisionnement\"}]},{\"@type\":\"WebSite\",\"@id\":\"https:\/\/prograin.ca\/ca\/#website\",\"url\":\"https:\/\/prograin.ca\/ca\/\",\"name\":\"Prograin - Canada\",\"description\":\"Un site utilisant WordPress\",\"publisher\":{\"@id\":\"https:\/\/prograin.ca\/ca\/#organization\"},\"potentialAction\":[{\"@type\":\"SearchAction\",\"target\":{\"@type\":\"EntryPoint\",\"urlTemplate\":\"https:\/\/prograin.ca\/ca\/?s={search_term_string}\"},\"query-input\":\"required name=search_term_string\"}],\"inLanguage\":\"fr-CA\"},{\"@type\":\"Organization\",\"@id\":\"https:\/\/prograin.ca\/ca\/#organization\",\"name\":\"Prograin - Canada\",\"url\":\"https:\/\/prograin.ca\/ca\/\",\"logo\":{\"@type\":\"ImageObject\",\"inLanguage\":\"fr-CA\",\"@id\":\"https:\/\/prograin.ca\/ca\/#\/schema\/logo\/image\/\",\"url\":\"https:\/\/prograin.ca\/app\/uploads\/sites\/3\/2018\/11\/Prograin-logo-1.png\",\"contentUrl\":\"https:\/\/prograin.ca\/app\/uploads\/sites\/3\/2018\/11\/Prograin-logo-1.png\",\"width\":352,\"height\":85,\"caption\":\"Prograin - Canada\"},\"image\":{\"@id\":\"https:\/\/prograin.ca\/ca\/#\/schema\/logo\/image\/\"}}]}<\/script>\n<!-- \/ Yoast SEO plugin. -->","yoast_head_json":{"title":"Prograin | Contr\u00f4le de la qualit\u00e9 \u00e0 l\u2019approvisionnement du soya","description":"Gr\u00e2ce \u00e0 un partenariat avec les agriculteurs, nos approvisionnements sont toujours garantis. Vous b\u00e9n\u00e9ficiez d\u2019un contr\u00f4le de la qualit\u00e9 en tout temps.","robots":{"index":"index","follow":"follow","max-snippet":"max-snippet:-1","max-image-preview":"max-image-preview:large","max-video-preview":"max-video-preview:-1"},"canonical":"https:\/\/prograin.ca\/ca\/fr\/soyas\/approvisionnement\/","og_locale":"fr_CA","og_type":"article","og_title":"Prograin | Contr\u00f4le de la qualit\u00e9 \u00e0 l\u2019approvisionnement du soya","og_description":"Gr\u00e2ce \u00e0 un partenariat avec les agriculteurs, nos approvisionnements sont toujours garantis. Vous b\u00e9n\u00e9ficiez d\u2019un contr\u00f4le de la qualit\u00e9 en tout temps.","og_url":"https:\/\/prograin.ca\/ca\/fr\/soyas\/approvisionnement\/","og_site_name":"Prograin - Canada","article_modified_time":"2019-04-07T23:44:42+00:00","twitter_card":"summary_large_image","twitter_misc":{"Estimation du temps de lecture":"1 minute"},"schema":{"@context":"https:\/\/schema.org","@graph":[{"@type":"WebPage","@id":"https:\/\/prograin.ca\/ca\/fr\/soyas\/approvisionnement\/","url":"https:\/\/prograin.ca\/ca\/fr\/soyas\/approvisionnement\/","name":"Prograin | Contr\u00f4le de la qualit\u00e9 \u00e0 l\u2019approvisionnement du soya","isPartOf":{"@id":"https:\/\/prograin.ca\/ca\/#website"},"datePublished":"2019-01-31T15:25:42+00:00","dateModified":"2019-04-07T23:44:42+00:00","description":"Gr\u00e2ce \u00e0 un partenariat avec les agriculteurs, nos approvisionnements sont toujours garantis. Vous b\u00e9n\u00e9ficiez d\u2019un contr\u00f4le de la qualit\u00e9 en tout temps.","breadcrumb":{"@id":"https:\/\/prograin.ca\/ca\/fr\/soyas\/approvisionnement\/#breadcrumb"},"inLanguage":"fr-CA","potentialAction":[{"@type":"ReadAction","target":["https:\/\/prograin.ca\/ca\/fr\/soyas\/approvisionnement\/"]}]},{"@type":"BreadcrumbList","@id":"https:\/\/prograin.ca\/ca\/fr\/soyas\/approvisionnement\/#breadcrumb","itemListElement":[{"@type":"ListItem","position":1,"name":"Home","item":"https:\/\/prograin.ca\/ca\/fr\/"},{"@type":"ListItem","position":2,"name":"Soya","item":"https:\/\/prograin.ca\/ca\/fr\/soyas\/"},{"@type":"ListItem","position":3,"name":"Approvisionnement"}]},{"@type":"WebSite","@id":"https:\/\/prograin.ca\/ca\/#website","url":"https:\/\/prograin.ca\/ca\/","name":"Prograin - Canada","description":"Un site utilisant WordPress","publisher":{"@id":"https:\/\/prograin.ca\/ca\/#organization"},"potentialAction":[{"@type":"SearchAction","target":{"@type":"EntryPoint","urlTemplate":"https:\/\/prograin.ca\/ca\/?s={search_term_string}"},"query-input":"required name=search_term_string"}],"inLanguage":"fr-CA"},{"@type":"Organization","@id":"https:\/\/prograin.ca\/ca\/#organization","name":"Prograin - Canada","url":"https:\/\/prograin.ca\/ca\/","logo":{"@type":"ImageObject","inLanguage":"fr-CA","@id":"https:\/\/prograin.ca\/ca\/#\/schema\/logo\/image\/","url":"https:\/\/prograin.ca\/app\/uploads\/sites\/3\/2018\/11\/Prograin-logo-1.png","contentUrl":"https:\/\/prograin.ca\/app\/uploads\/sites\/3\/2018\/11\/Prograin-logo-1.png","width":352,"height":85,"caption":"Prograin - Canada"},"image":{"@id":"https:\/\/prograin.ca\/ca\/#\/schema\/logo\/image\/"}}]}},"featured_image_urls":{"full":"","thumbnail":"","medium":"","medium_large":"","large":"","1536x1536":"","2048x2048":"","menu-24x24":"","menu-36x36":"","menu-48x48":""},"post_excerpt_stackable":"<p>Notre succ\u00e8s est \u00e9troitement li\u00e9 \u00e0 celui des producteurs qui choisissent de cultiver nos semences C\u2019est pourquoi nous avons b\u00e2ti un programme de rachat conf\u00e9rant des avantages concurrentiels et une r\u00e9mun\u00e9ration sans \u00e9gale. Gr\u00e2ce \u00e0 notre partenariat avec les agriculteurs, nos approvisionnements sont toujours garantis. Vous b\u00e9n\u00e9ficiez d\u2019un contr\u00f4le de la qualit\u00e9 en tout temps. Nos vari\u00e9t\u00e9s de soya int\u00e8grent la rigueur de la production de soya en champ et un contr\u00f4le minutieux de qualit\u00e9 \u00e0 l\u2019approvisionnement. Nous ciblons les lots de qualit\u00e9 sup\u00e9rieure pour vous offrir les caract\u00e9ristiques alimentaires les plus recherch\u00e9es sur les march\u00e9s internationaux.<\/p>\n","category_list":"","author_info":{"name":"Jean Trudel","url":"https:\/\/prograin.ca\/ca\/author\/amazone\/"},"comments_num":"0 comments","featured_image_urls_v2":{"full":"","thumbnail":"","medium":"","medium_large":"","large":"","1536x1536":"","2048x2048":"","menu-24x24":"","menu-36x36":"","menu-48x48":""},"post_excerpt_stackable_v2":"<p>Notre succ\u00e8s est \u00e9troitement li\u00e9 \u00e0 celui des producteurs qui choisissent de cultiver nos semences C\u2019est pourquoi nous avons b\u00e2ti un programme de rachat conf\u00e9rant des avantages concurrentiels et une r\u00e9mun\u00e9ration sans \u00e9gale. Gr\u00e2ce \u00e0 notre partenariat avec les agriculteurs, nos approvisionnements sont toujours garantis. Vous b\u00e9n\u00e9ficiez d\u2019un contr\u00f4le de la qualit\u00e9 en tout temps. Nos vari\u00e9t\u00e9s de soya int\u00e8grent la rigueur de la production de soya en champ et un contr\u00f4le minutieux de qualit\u00e9 \u00e0 l\u2019approvisionnement. Nous ciblons les lots de qualit\u00e9 sup\u00e9rieure pour vous offrir les caract\u00e9ristiques alimentaires les plus recherch\u00e9es sur les march\u00e9s internationaux.<\/p>\n","category_list_v2":"","author_info_v2":{"name":"Jean Trudel","url":"https:\/\/prograin.ca\/ca\/author\/amazone\/"},"comments_num_v2":"0 comments","coauthors":[],"author_meta":{"author_link":"https:\/\/prograin.ca\/ca\/author\/amazone\/","display_name":"Jean Trudel"},"relative_dates":{"created":"Posted 7 ann\u00e9es ago","modified":"Updated 7 ann\u00e9es ago"},"absolute_dates":{"created":"Posted on 31 janvier 2019","modified":"Updated on 7 avril 2019"},"absolute_dates_time":{"created":"Posted on 31 janvier 2019 15 h 25 min","modified":"Updated on 7 avril 2019 23 h 44 min"},"featured_img_caption":"","featured_img":false,"series_order":"","_links":{"self":[{"href":"https:\/\/prograin.ca\/ca\/wp-json\/wp\/v2\/pages\/19482"}],"collection":[{"href":"https:\/\/prograin.ca\/ca\/wp-json\/wp\/v2\/pages"}],"about":[{"href":"https:\/\/prograin.ca\/ca\/wp-json\/wp\/v2\/types\/page"}],"author":[{"embeddable":true,"href":"https:\/\/prograin.ca\/ca\/wp-json\/wp\/v2\/users\/2"}],"replies":[{"embeddable":true,"href":"https:\/\/prograin.ca\/ca\/wp-json\/wp\/v2\/comments?post=19482"}],"version-history":[{"count":11,"href":"https:\/\/prograin.ca\/ca\/wp-json\/wp\/v2\/pages\/19482\/revisions"}],"predecessor-version":[{"id":22746,"href":"https:\/\/prograin.ca\/ca\/wp-json\/wp\/v2\/pages\/19482\/revisions\/22746"}],"up":[{"embeddable":true,"href":"https:\/\/prograin.ca\/ca\/wp-json\/wp\/v2\/pages\/569"}],"wp:attachment":[{"href":"https:\/\/prograin.ca\/ca\/wp-json\/wp\/v2\/media?parent=19482"}],"curies":[{"name":"wp","href":"https:\/\/api.w.org\/{rel}","templated":true}]}}