
{"id":19492,"date":"2019-01-31T15:48:10","date_gmt":"2019-01-31T15:48:10","guid":{"rendered":"https:\/\/prograin.ca\/?page_id=19492"},"modified":"2019-04-07T23:44:42","modified_gmt":"2019-04-07T23:44:42","slug":"tracabilite","status":"publish","type":"page","link":"https:\/\/prograin.ca\/ca\/fr\/soyas\/tracabilite\/","title":{"rendered":"Tra\u00e7abilit\u00e9"},"content":{"rendered":"\n<div class=\"wp-block-balise-section-block alignfull _sectionblock has-1-columns\">\n<div class=\"\" style=\"color:#ffffff;background-image:url(https:\/\/prograin.ca\/app\/uploads\/2019\/01\/tracabilite_header.jpg);background-size:cover;padding-top:60px;padding-bottom:60px;padding-left:10px;padding-right:10px\"><div class=\"verticalbg\" style=\"background-size:cover\"><\/div><div class=\"inside\" style=\"margin:0 auto\">\n<h3>Les producteurs avec lesquels nous collaborons se ressemblent. Ils sont tous habit\u00e9s par une r\u00e9elle passion pour la terre, le professionnalisme et la qualit\u00e9.<\/h3>\n\n\n\n<div class=\"wp-container-3 wp-block-columns has-2-columns\">\n<div class=\"wp-container-1 wp-block-column\">\n<p>Au moment de la vente de semences \u00e0 l\u2019agriculteur, une entente de production est sign\u00e9e pour \u00e9tablir la r\u00e9mun\u00e9ration en fonction de la production de vari\u00e9t\u00e9s de <a href=\"https:\/\/prograin.ca\/ca\/soyas\/soya-sans-ogm-nos-varietes\/\">soya sans OGM.<\/a> De plus, des primes et des r\u00e9compenses sont attribu\u00e9es en fonction du respect des normes de qualit\u00e9 \u00e9tablies.<\/p>\n<\/div>\n\n\n\n<div class=\"wp-container-2 wp-block-column\"><\/div>\n<\/div>\n<\/div><\/div>\n<\/div>\n\n\n\n<div class=\"wp-block-balise-section-block alignfull _sectionblock has-1-columns\">\n<div class=\"\" style=\"background-size:cover;padding-top:60px;padding-bottom:60px;padding-left:10px;padding-right:10px\"><div class=\"verticalbg\" style=\"background-size:cover\"><\/div><div class=\"inside\" style=\"margin:0 auto\">\n<h3 class=\"is-style-orange\">Un encadrement \u00e9troit des agriculteurs pour une qualit\u00e9 irr\u00e9prochable<\/h3>\n\n\n\n<hr class=\"wp-block-separator is-style-wide\"\/>\n\n\n\n<div class=\"wp-container-6 wp-block-columns has-2-columns\">\n<div class=\"wp-container-4 wp-block-column\">\n<p>Les agriculteurs avec lesquels nous travaillons sont li\u00e9s par des ententes de production et encadr\u00e9s par de nombreuses certifications. <\/p>\n\n\n\n<figure class=\"wp-block-image is-resized\"><img loading=\"lazy\" src=\"https:\/\/prograin.ca\/app\/uploads\/2019\/01\/tracabilite_logo_csi@2x.jpg\" alt=\"\" class=\"wp-image-19508\" width=\"409\" height=\"163\" srcset=\"https:\/\/prograin.ca\/app\/uploads\/sites\/3\/2019\/01\/tracabilite_logo_csi@2x.jpg 817w, https:\/\/prograin.ca\/app\/uploads\/sites\/3\/2019\/01\/tracabilite_logo_csi@2x-300x119.jpg 300w, https:\/\/prograin.ca\/app\/uploads\/sites\/3\/2019\/01\/tracabilite_logo_csi@2x-768x306.jpg 768w\" sizes=\"(max-width: 409px) 100vw, 409px\" \/><\/figure>\n<\/div>\n\n\n\n<div class=\"wp-container-5 wp-block-column\">\n<p>Qu\u2019il soit question de production de semences, de culture de soya \u00e0 identit\u00e9 pr\u00e9serv\u00e9e ou bien d\u2019agriculture biologique, un suivi rigoureux ob\u00e9issant \u00e0 des standards pr\u00e9cis est effectu\u00e9 \u00e0 plusieurs moments, du semis \u00e0 la r\u00e9colte. La qualit\u00e9 Prograin est toujours au rendez-vous! <\/p>\n<\/div>\n<\/div>\n<\/div><\/div>\n<\/div>\n","protected":false},"excerpt":{"rendered":"","protected":false},"author":2,"featured_media":0,"parent":569,"menu_order":4,"comment_status":"closed","ping_status":"closed","template":"","meta":{"advgb_blocks_editor_width":"","advgb_blocks_columns_visual_guide":""},"yoast_head":"<!-- This site is optimized with the Yoast SEO plugin v19.11 - https:\/\/yoast.com\/wordpress\/plugins\/seo\/ -->\n<title>Prograin | Suivi rigoureux des agriculteurs pour une qualit\u00e9 sup\u00e9rieure<\/title>\n<meta name=\"description\" content=\"Le programme de tra\u00e7abilit\u00e9 complet est assur\u00e9 tout au long du cycle de production des vari\u00e9t\u00e9s de soya pour une qualit\u00e9 irr\u00e9prochable.\" \/>\n<meta name=\"robots\" content=\"index, follow, max-snippet:-1, max-image-preview:large, max-video-preview:-1\" \/>\n<link rel=\"canonical\" href=\"https:\/\/prograin.ca\/ca\/fr\/soyas\/tracabilite\/\" \/>\n<meta property=\"og:locale\" content=\"fr_CA\" \/>\n<meta property=\"og:type\" content=\"article\" \/>\n<meta property=\"og:title\" content=\"Prograin | Suivi rigoureux des agriculteurs pour une qualit\u00e9 sup\u00e9rieure\" \/>\n<meta property=\"og:description\" content=\"Le programme de tra\u00e7abilit\u00e9 complet est assur\u00e9 tout au long du cycle de production des vari\u00e9t\u00e9s de soya pour une qualit\u00e9 irr\u00e9prochable.\" \/>\n<meta property=\"og:url\" content=\"https:\/\/prograin.ca\/ca\/fr\/soyas\/tracabilite\/\" \/>\n<meta property=\"og:site_name\" content=\"Prograin - Canada\" \/>\n<meta property=\"article:modified_time\" content=\"2019-04-07T23:44:42+00:00\" \/>\n<meta property=\"og:image\" content=\"https:\/\/prograin.ca\/app\/uploads\/2019\/01\/tracabilite_logo_csi@2x.jpg\" \/>\n<meta name=\"twitter:card\" content=\"summary_large_image\" \/>\n<meta name=\"twitter:label1\" content=\"Estimation du temps de lecture\" \/>\n\t<meta name=\"twitter:data1\" content=\"1 minute\" \/>\n<script type=\"application\/ld+json\" class=\"yoast-schema-graph\">{\"@context\":\"https:\/\/schema.org\",\"@graph\":[{\"@type\":\"WebPage\",\"@id\":\"https:\/\/prograin.ca\/ca\/fr\/soyas\/tracabilite\/\",\"url\":\"https:\/\/prograin.ca\/ca\/fr\/soyas\/tracabilite\/\",\"name\":\"Prograin | Suivi rigoureux des agriculteurs pour une qualit\u00e9 sup\u00e9rieure\",\"isPartOf\":{\"@id\":\"https:\/\/prograin.ca\/ca\/#website\"},\"datePublished\":\"2019-01-31T15:48:10+00:00\",\"dateModified\":\"2019-04-07T23:44:42+00:00\",\"description\":\"Le programme de tra\u00e7abilit\u00e9 complet est assur\u00e9 tout au long du cycle de production des vari\u00e9t\u00e9s de soya pour une qualit\u00e9 irr\u00e9prochable.\",\"breadcrumb\":{\"@id\":\"https:\/\/prograin.ca\/ca\/fr\/soyas\/tracabilite\/#breadcrumb\"},\"inLanguage\":\"fr-CA\",\"potentialAction\":[{\"@type\":\"ReadAction\",\"target\":[\"https:\/\/prograin.ca\/ca\/fr\/soyas\/tracabilite\/\"]}]},{\"@type\":\"BreadcrumbList\",\"@id\":\"https:\/\/prograin.ca\/ca\/fr\/soyas\/tracabilite\/#breadcrumb\",\"itemListElement\":[{\"@type\":\"ListItem\",\"position\":1,\"name\":\"Home\",\"item\":\"https:\/\/prograin.ca\/ca\/fr\/\"},{\"@type\":\"ListItem\",\"position\":2,\"name\":\"Soya\",\"item\":\"https:\/\/prograin.ca\/ca\/fr\/soyas\/\"},{\"@type\":\"ListItem\",\"position\":3,\"name\":\"Tra\u00e7abilit\u00e9\"}]},{\"@type\":\"WebSite\",\"@id\":\"https:\/\/prograin.ca\/ca\/#website\",\"url\":\"https:\/\/prograin.ca\/ca\/\",\"name\":\"Prograin - Canada\",\"description\":\"Un site utilisant WordPress\",\"publisher\":{\"@id\":\"https:\/\/prograin.ca\/ca\/#organization\"},\"potentialAction\":[{\"@type\":\"SearchAction\",\"target\":{\"@type\":\"EntryPoint\",\"urlTemplate\":\"https:\/\/prograin.ca\/ca\/?s={search_term_string}\"},\"query-input\":\"required name=search_term_string\"}],\"inLanguage\":\"fr-CA\"},{\"@type\":\"Organization\",\"@id\":\"https:\/\/prograin.ca\/ca\/#organization\",\"name\":\"Prograin - Canada\",\"url\":\"https:\/\/prograin.ca\/ca\/\",\"logo\":{\"@type\":\"ImageObject\",\"inLanguage\":\"fr-CA\",\"@id\":\"https:\/\/prograin.ca\/ca\/#\/schema\/logo\/image\/\",\"url\":\"https:\/\/prograin.ca\/app\/uploads\/sites\/3\/2018\/11\/Prograin-logo-1.png\",\"contentUrl\":\"https:\/\/prograin.ca\/app\/uploads\/sites\/3\/2018\/11\/Prograin-logo-1.png\",\"width\":352,\"height\":85,\"caption\":\"Prograin - Canada\"},\"image\":{\"@id\":\"https:\/\/prograin.ca\/ca\/#\/schema\/logo\/image\/\"}}]}<\/script>\n<!-- \/ Yoast SEO plugin. -->","yoast_head_json":{"title":"Prograin | Suivi rigoureux des agriculteurs pour une qualit\u00e9 sup\u00e9rieure","description":"Le programme de tra\u00e7abilit\u00e9 complet est assur\u00e9 tout au long du cycle de production des vari\u00e9t\u00e9s de soya pour une qualit\u00e9 irr\u00e9prochable.","robots":{"index":"index","follow":"follow","max-snippet":"max-snippet:-1","max-image-preview":"max-image-preview:large","max-video-preview":"max-video-preview:-1"},"canonical":"https:\/\/prograin.ca\/ca\/fr\/soyas\/tracabilite\/","og_locale":"fr_CA","og_type":"article","og_title":"Prograin | Suivi rigoureux des agriculteurs pour une qualit\u00e9 sup\u00e9rieure","og_description":"Le programme de tra\u00e7abilit\u00e9 complet est assur\u00e9 tout au long du cycle de production des vari\u00e9t\u00e9s de soya pour une qualit\u00e9 irr\u00e9prochable.","og_url":"https:\/\/prograin.ca\/ca\/fr\/soyas\/tracabilite\/","og_site_name":"Prograin - Canada","article_modified_time":"2019-04-07T23:44:42+00:00","og_image":[{"url":"https:\/\/prograin.ca\/app\/uploads\/2019\/01\/tracabilite_logo_csi@2x.jpg"}],"twitter_card":"summary_large_image","twitter_misc":{"Estimation du temps de lecture":"1 minute"},"schema":{"@context":"https:\/\/schema.org","@graph":[{"@type":"WebPage","@id":"https:\/\/prograin.ca\/ca\/fr\/soyas\/tracabilite\/","url":"https:\/\/prograin.ca\/ca\/fr\/soyas\/tracabilite\/","name":"Prograin | Suivi rigoureux des agriculteurs pour une qualit\u00e9 sup\u00e9rieure","isPartOf":{"@id":"https:\/\/prograin.ca\/ca\/#website"},"datePublished":"2019-01-31T15:48:10+00:00","dateModified":"2019-04-07T23:44:42+00:00","description":"Le programme de tra\u00e7abilit\u00e9 complet est assur\u00e9 tout au long du cycle de production des vari\u00e9t\u00e9s de soya pour une qualit\u00e9 irr\u00e9prochable.","breadcrumb":{"@id":"https:\/\/prograin.ca\/ca\/fr\/soyas\/tracabilite\/#breadcrumb"},"inLanguage":"fr-CA","potentialAction":[{"@type":"ReadAction","target":["https:\/\/prograin.ca\/ca\/fr\/soyas\/tracabilite\/"]}]},{"@type":"BreadcrumbList","@id":"https:\/\/prograin.ca\/ca\/fr\/soyas\/tracabilite\/#breadcrumb","itemListElement":[{"@type":"ListItem","position":1,"name":"Home","item":"https:\/\/prograin.ca\/ca\/fr\/"},{"@type":"ListItem","position":2,"name":"Soya","item":"https:\/\/prograin.ca\/ca\/fr\/soyas\/"},{"@type":"ListItem","position":3,"name":"Tra\u00e7abilit\u00e9"}]},{"@type":"WebSite","@id":"https:\/\/prograin.ca\/ca\/#website","url":"https:\/\/prograin.ca\/ca\/","name":"Prograin - Canada","description":"Un site utilisant WordPress","publisher":{"@id":"https:\/\/prograin.ca\/ca\/#organization"},"potentialAction":[{"@type":"SearchAction","target":{"@type":"EntryPoint","urlTemplate":"https:\/\/prograin.ca\/ca\/?s={search_term_string}"},"query-input":"required name=search_term_string"}],"inLanguage":"fr-CA"},{"@type":"Organization","@id":"https:\/\/prograin.ca\/ca\/#organization","name":"Prograin - Canada","url":"https:\/\/prograin.ca\/ca\/","logo":{"@type":"ImageObject","inLanguage":"fr-CA","@id":"https:\/\/prograin.ca\/ca\/#\/schema\/logo\/image\/","url":"https:\/\/prograin.ca\/app\/uploads\/sites\/3\/2018\/11\/Prograin-logo-1.png","contentUrl":"https:\/\/prograin.ca\/app\/uploads\/sites\/3\/2018\/11\/Prograin-logo-1.png","width":352,"height":85,"caption":"Prograin - Canada"},"image":{"@id":"https:\/\/prograin.ca\/ca\/#\/schema\/logo\/image\/"}}]}},"featured_image_urls":{"full":"","thumbnail":"","medium":"","medium_large":"","large":"","1536x1536":"","2048x2048":"","menu-24x24":"","menu-36x36":"","menu-48x48":""},"post_excerpt_stackable":"<p>Les producteurs avec lesquels nous collaborons se ressemblent. Ils sont tous habit\u00e9s par une r\u00e9elle passion pour la terre, le professionnalisme et la qualit\u00e9. Au moment de la vente de semences \u00e0 l\u2019agriculteur, une entente de production est sign\u00e9e pour \u00e9tablir la r\u00e9mun\u00e9ration en fonction de la production de vari\u00e9t\u00e9s de soya sans OGM. De plus, des primes et des r\u00e9compenses sont attribu\u00e9es en fonction du respect des normes de qualit\u00e9 \u00e9tablies. Un encadrement \u00e9troit des agriculteurs pour une qualit\u00e9 irr\u00e9prochable Les agriculteurs avec lesquels nous travaillons sont li\u00e9s par des ententes de production et encadr\u00e9s par de nombreuses certifications.&hellip;<\/p>\n","category_list":"","author_info":{"name":"Jean Trudel","url":"https:\/\/prograin.ca\/ca\/author\/amazone\/"},"comments_num":"0 comments","featured_image_urls_v2":{"full":"","thumbnail":"","medium":"","medium_large":"","large":"","1536x1536":"","2048x2048":"","menu-24x24":"","menu-36x36":"","menu-48x48":""},"post_excerpt_stackable_v2":"<p>Les producteurs avec lesquels nous collaborons se ressemblent. Ils sont tous habit\u00e9s par une r\u00e9elle passion pour la terre, le professionnalisme et la qualit\u00e9. Au moment de la vente de semences \u00e0 l\u2019agriculteur, une entente de production est sign\u00e9e pour \u00e9tablir la r\u00e9mun\u00e9ration en fonction de la production de vari\u00e9t\u00e9s de soya sans OGM. De plus, des primes et des r\u00e9compenses sont attribu\u00e9es en fonction du respect des normes de qualit\u00e9 \u00e9tablies. Un encadrement \u00e9troit des agriculteurs pour une qualit\u00e9 irr\u00e9prochable Les agriculteurs avec lesquels nous travaillons sont li\u00e9s par des ententes de production et encadr\u00e9s par de nombreuses certifications.&hellip;<\/p>\n","category_list_v2":"","author_info_v2":{"name":"Jean Trudel","url":"https:\/\/prograin.ca\/ca\/author\/amazone\/"},"comments_num_v2":"0 comments","coauthors":[],"author_meta":{"author_link":"https:\/\/prograin.ca\/ca\/author\/amazone\/","display_name":"Jean Trudel"},"relative_dates":{"created":"Posted 7 ann\u00e9es ago","modified":"Updated 7 ann\u00e9es ago"},"absolute_dates":{"created":"Posted on 31 janvier 2019","modified":"Updated on 7 avril 2019"},"absolute_dates_time":{"created":"Posted on 31 janvier 2019 15 h 48 min","modified":"Updated on 7 avril 2019 23 h 44 min"},"featured_img_caption":"","featured_img":false,"series_order":"","_links":{"self":[{"href":"https:\/\/prograin.ca\/ca\/wp-json\/wp\/v2\/pages\/19492"}],"collection":[{"href":"https:\/\/prograin.ca\/ca\/wp-json\/wp\/v2\/pages"}],"about":[{"href":"https:\/\/prograin.ca\/ca\/wp-json\/wp\/v2\/types\/page"}],"author":[{"embeddable":true,"href":"https:\/\/prograin.ca\/ca\/wp-json\/wp\/v2\/users\/2"}],"replies":[{"embeddable":true,"href":"https:\/\/prograin.ca\/ca\/wp-json\/wp\/v2\/comments?post=19492"}],"version-history":[{"count":14,"href":"https:\/\/prograin.ca\/ca\/wp-json\/wp\/v2\/pages\/19492\/revisions"}],"predecessor-version":[{"id":22644,"href":"https:\/\/prograin.ca\/ca\/wp-json\/wp\/v2\/pages\/19492\/revisions\/22644"}],"up":[{"embeddable":true,"href":"https:\/\/prograin.ca\/ca\/wp-json\/wp\/v2\/pages\/569"}],"wp:attachment":[{"href":"https:\/\/prograin.ca\/ca\/wp-json\/wp\/v2\/media?parent=19492"}],"curies":[{"name":"wp","href":"https:\/\/api.w.org\/{rel}","templated":true}]}}