
{"id":19617,"date":"2019-01-31T19:37:21","date_gmt":"2019-01-31T19:37:21","guid":{"rendered":"https:\/\/prograin.ca\/soyas-2\/"},"modified":"2019-10-29T12:56:43","modified_gmt":"2019-10-29T12:56:43","slug":"carrieres","status":"publish","type":"page","link":"https:\/\/prograin.ca\/ca\/fr\/carrieres\/","title":{"rendered":"Carri\u00e8res"},"content":{"rendered":"\n<div class=\"wp-block-prograin-section-block alignfull prograin-home\"><ul class=\"subsection\">\n<li class=\"PageTitle\"><h1>Carri\u00e8res<\/h1><div class=\"prograin-home-slide dark verticalbg\" style=\"color:#eeeeee;background-image:url(https:\/\/prograin.ca\/app\/uploads\/2019\/01\/carrieres_accueil.jpg);background-size:cover\"><div class=\"verticalbg\" style=\"background-image:url(https:\/\/prograin.ca\/app\/uploads\/sites\/3\/2019\/01\/accueil_entreprise.jpg);background-size:cover\"><\/div><div class=\"inside\" style=\"padding-right:\">\n<h2>Carri\u00e8res<\/h2>\n\n\n\n<p>R\u00e9alisez votre plein potentiel dans une entreprise en croissance et dans un environnement convivial.<\/p>\n\n\n\n<div class=\"wp-block-button is-style-squared\"><a class=\"wp-block-button__link\" href=\"https:\/\/prograin.ca\/ca\/carrieres\/candidature-spontanee\/\">POSTULEZ MAINTENANT<\/a><\/div>\n\n\n\n<div style=\"height:30px\" aria-hidden=\"true\" class=\"wp-block-spacer\"><\/div>\n\n\n\n<div class=\"wp-block-button is-style-squared\"><a class=\"wp-block-button__link\" href=\"https:\/\/prograin.ca\/ca\/carrieres\/postes-a-combler\/\">VOIR LES POSTES DISPONIBLES<\/a><\/div>\n<\/div><\/div><\/li>\n\n\n\n<li><a href=\"https:\/\/prograin.ca\/ca\/fr\/carrieres\/avantages-prograin\/\">Avantages Prograin<\/a><div class=\"prograin-home-slide dark\" style=\"color:#eeeeee;background-image:url(https:\/\/prograin.ca\/app\/uploads\/sites\/3\/2019\/10\/Prograin-07463WEB.jpg);background-size:cover\"><div class=\"verticalbg\" style=\"background-size:cover\"><\/div><div class=\"inside\" style=\"padding-right:50&nbsp;%\">\n<h2>Avantages Prograin<\/h2>\n\n\n\n<p>Faire carri\u00e8re chez Prograin signifie que vous pouvez apporter votre contribution pour nourrir des millions de personnes sur la plan\u00e8te!<\/p>\n\n\n\n<div style=\"height:20px\" aria-hidden=\"true\" class=\"wp-block-spacer\"><\/div>\n\n\n\n<div class=\"wp-block-button is-style-squared\"><a class=\"wp-block-button__link\" href=\"https:\/\/prograin.ca\/ca\/carrieres\/avantages-prograin\/\">Pour en savoir plus sur nos engagements employeur<\/a><\/div>\n<\/div><\/div><\/li>\n\n\n\n<li><a href=\"https:\/\/prograin.ca\/ca\/fr\/carrieres\/postes-a-combler\/\">Postes \u00e0 combler<\/a><div class=\"prograin-home-slide dark\" style=\"color:#eeeeee;background-image:url(https:\/\/prograin.ca\/app\/uploads\/2019\/01\/carrieres_postes.jpg);background-size:cover\"><div class=\"verticalbg\" style=\"background-size:cover\"><\/div><div class=\"inside\" style=\"padding-right:50&nbsp;%\">\n<h2>Postes \u00e0 combler<\/h2>\n\n\n\n<p>Vous \u00eates pr\u00eats \u00e0 relever des d\u00e9fis? <\/p>\n\n\n\n<p>Vous partagez nos valeurs?<\/p>\n\n\n\n<div style=\"height:20px\" aria-hidden=\"true\" class=\"wp-block-spacer\"><\/div>\n\n\n\n<div class=\"wp-block-button is-style-squared\"><a class=\"wp-block-button__link\" href=\"https:\/\/prograin.ca\/ca\/carrieres\/postes-a-combler\/\">Venez d\u00e9couvrir les postes offerts<\/a><\/div>\n<\/div><\/div><\/li>\n<\/ul><\/div>\n","protected":false},"excerpt":{"rendered":"","protected":false},"author":1,"featured_media":0,"parent":0,"menu_order":11,"comment_status":"closed","ping_status":"closed","template":"accueil","meta":{"advgb_blocks_editor_width":"","advgb_blocks_columns_visual_guide":""},"yoast_head":"<!-- This site is optimized with the Yoast SEO plugin v19.11 - https:\/\/yoast.com\/wordpress\/plugins\/seo\/ -->\n<title>Prograin | Travailler chez Prograin c\u2019est exprimer sa passion !<\/title>\n<meta name=\"description\" content=\"Par vos multiples talents, contribuez \u00e0 nourrir des millions de personnes sur la plan\u00e8te !\" \/>\n<meta name=\"robots\" content=\"index, follow, max-snippet:-1, max-image-preview:large, max-video-preview:-1\" \/>\n<link rel=\"canonical\" href=\"https:\/\/prograin.ca\/ca\/fr\/carrieres\/\" \/>\n<meta property=\"og:locale\" content=\"fr_CA\" \/>\n<meta property=\"og:type\" content=\"article\" \/>\n<meta property=\"og:title\" content=\"Prograin | Travailler chez Prograin c\u2019est exprimer sa passion !\" \/>\n<meta property=\"og:description\" content=\"Par vos multiples talents, contribuez \u00e0 nourrir des millions de personnes sur la plan\u00e8te !\" \/>\n<meta property=\"og:url\" content=\"https:\/\/prograin.ca\/ca\/fr\/carrieres\/\" \/>\n<meta property=\"og:site_name\" content=\"Prograin - Canada\" \/>\n<meta property=\"article:modified_time\" content=\"2019-10-29T12:56:43+00:00\" \/>\n<meta name=\"twitter:card\" content=\"summary_large_image\" \/>\n<script type=\"application\/ld+json\" class=\"yoast-schema-graph\">{\"@context\":\"https:\/\/schema.org\",\"@graph\":[{\"@type\":\"WebPage\",\"@id\":\"https:\/\/prograin.ca\/ca\/fr\/carrieres\/\",\"url\":\"https:\/\/prograin.ca\/ca\/fr\/carrieres\/\",\"name\":\"Prograin | Travailler chez Prograin c\u2019est exprimer sa passion !\",\"isPartOf\":{\"@id\":\"https:\/\/prograin.ca\/ca\/#website\"},\"datePublished\":\"2019-01-31T19:37:21+00:00\",\"dateModified\":\"2019-10-29T12:56:43+00:00\",\"description\":\"Par vos multiples talents, contribuez \u00e0 nourrir des millions de personnes sur la plan\u00e8te !\",\"breadcrumb\":{\"@id\":\"https:\/\/prograin.ca\/ca\/fr\/carrieres\/#breadcrumb\"},\"inLanguage\":\"fr-CA\",\"potentialAction\":[{\"@type\":\"ReadAction\",\"target\":[\"https:\/\/prograin.ca\/ca\/fr\/carrieres\/\"]}]},{\"@type\":\"BreadcrumbList\",\"@id\":\"https:\/\/prograin.ca\/ca\/fr\/carrieres\/#breadcrumb\",\"itemListElement\":[{\"@type\":\"ListItem\",\"position\":1,\"name\":\"Home\",\"item\":\"https:\/\/prograin.ca\/ca\/fr\/\"},{\"@type\":\"ListItem\",\"position\":2,\"name\":\"Carri\u00e8res\"}]},{\"@type\":\"WebSite\",\"@id\":\"https:\/\/prograin.ca\/ca\/#website\",\"url\":\"https:\/\/prograin.ca\/ca\/\",\"name\":\"Prograin - Canada\",\"description\":\"Un site utilisant WordPress\",\"publisher\":{\"@id\":\"https:\/\/prograin.ca\/ca\/#organization\"},\"potentialAction\":[{\"@type\":\"SearchAction\",\"target\":{\"@type\":\"EntryPoint\",\"urlTemplate\":\"https:\/\/prograin.ca\/ca\/?s={search_term_string}\"},\"query-input\":\"required name=search_term_string\"}],\"inLanguage\":\"fr-CA\"},{\"@type\":\"Organization\",\"@id\":\"https:\/\/prograin.ca\/ca\/#organization\",\"name\":\"Prograin - Canada\",\"url\":\"https:\/\/prograin.ca\/ca\/\",\"logo\":{\"@type\":\"ImageObject\",\"inLanguage\":\"fr-CA\",\"@id\":\"https:\/\/prograin.ca\/ca\/#\/schema\/logo\/image\/\",\"url\":\"https:\/\/prograin.ca\/app\/uploads\/sites\/3\/2018\/11\/Prograin-logo-1.png\",\"contentUrl\":\"https:\/\/prograin.ca\/app\/uploads\/sites\/3\/2018\/11\/Prograin-logo-1.png\",\"width\":352,\"height\":85,\"caption\":\"Prograin - Canada\"},\"image\":{\"@id\":\"https:\/\/prograin.ca\/ca\/#\/schema\/logo\/image\/\"}}]}<\/script>\n<!-- \/ Yoast SEO plugin. -->","yoast_head_json":{"title":"Prograin | Travailler chez Prograin c\u2019est exprimer sa passion !","description":"Par vos multiples talents, contribuez \u00e0 nourrir des millions de personnes sur la plan\u00e8te !","robots":{"index":"index","follow":"follow","max-snippet":"max-snippet:-1","max-image-preview":"max-image-preview:large","max-video-preview":"max-video-preview:-1"},"canonical":"https:\/\/prograin.ca\/ca\/fr\/carrieres\/","og_locale":"fr_CA","og_type":"article","og_title":"Prograin | Travailler chez Prograin c\u2019est exprimer sa passion !","og_description":"Par vos multiples talents, contribuez \u00e0 nourrir des millions de personnes sur la plan\u00e8te !","og_url":"https:\/\/prograin.ca\/ca\/fr\/carrieres\/","og_site_name":"Prograin - Canada","article_modified_time":"2019-10-29T12:56:43+00:00","twitter_card":"summary_large_image","schema":{"@context":"https:\/\/schema.org","@graph":[{"@type":"WebPage","@id":"https:\/\/prograin.ca\/ca\/fr\/carrieres\/","url":"https:\/\/prograin.ca\/ca\/fr\/carrieres\/","name":"Prograin | Travailler chez Prograin c\u2019est exprimer sa passion !","isPartOf":{"@id":"https:\/\/prograin.ca\/ca\/#website"},"datePublished":"2019-01-31T19:37:21+00:00","dateModified":"2019-10-29T12:56:43+00:00","description":"Par vos multiples talents, contribuez \u00e0 nourrir des millions de personnes sur la plan\u00e8te !","breadcrumb":{"@id":"https:\/\/prograin.ca\/ca\/fr\/carrieres\/#breadcrumb"},"inLanguage":"fr-CA","potentialAction":[{"@type":"ReadAction","target":["https:\/\/prograin.ca\/ca\/fr\/carrieres\/"]}]},{"@type":"BreadcrumbList","@id":"https:\/\/prograin.ca\/ca\/fr\/carrieres\/#breadcrumb","itemListElement":[{"@type":"ListItem","position":1,"name":"Home","item":"https:\/\/prograin.ca\/ca\/fr\/"},{"@type":"ListItem","position":2,"name":"Carri\u00e8res"}]},{"@type":"WebSite","@id":"https:\/\/prograin.ca\/ca\/#website","url":"https:\/\/prograin.ca\/ca\/","name":"Prograin - Canada","description":"Un site utilisant WordPress","publisher":{"@id":"https:\/\/prograin.ca\/ca\/#organization"},"potentialAction":[{"@type":"SearchAction","target":{"@type":"EntryPoint","urlTemplate":"https:\/\/prograin.ca\/ca\/?s={search_term_string}"},"query-input":"required name=search_term_string"}],"inLanguage":"fr-CA"},{"@type":"Organization","@id":"https:\/\/prograin.ca\/ca\/#organization","name":"Prograin - Canada","url":"https:\/\/prograin.ca\/ca\/","logo":{"@type":"ImageObject","inLanguage":"fr-CA","@id":"https:\/\/prograin.ca\/ca\/#\/schema\/logo\/image\/","url":"https:\/\/prograin.ca\/app\/uploads\/sites\/3\/2018\/11\/Prograin-logo-1.png","contentUrl":"https:\/\/prograin.ca\/app\/uploads\/sites\/3\/2018\/11\/Prograin-logo-1.png","width":352,"height":85,"caption":"Prograin - Canada"},"image":{"@id":"https:\/\/prograin.ca\/ca\/#\/schema\/logo\/image\/"}}]}},"featured_image_urls":{"full":"","thumbnail":"","medium":"","medium_large":"","large":"","1536x1536":"","2048x2048":"","menu-24x24":"","menu-36x36":"","menu-48x48":""},"post_excerpt_stackable":"<p>Carri\u00e8res Carri\u00e8res R\u00e9alisez votre plein potentiel dans une entreprise en croissance et dans un environnement convivial. POSTULEZ MAINTENANT VOIR LES POSTES DISPONIBLES Avantages Prograin Avantages Prograin Faire carri\u00e8re chez Prograin signifie que vous pouvez apporter votre contribution pour nourrir des millions de personnes sur la plan\u00e8te! Pour en savoir plus sur nos engagements employeur Postes \u00e0 combler Postes \u00e0 combler Vous \u00eates pr\u00eats \u00e0 relever des d\u00e9fis? Vous partagez nos valeurs? Venez d\u00e9couvrir les postes offerts<\/p>\n","category_list":"","author_info":{"name":"developpe","url":"https:\/\/prograin.ca\/ca\/author\/developpe\/"},"comments_num":"0 comments","featured_image_urls_v2":{"full":"","thumbnail":"","medium":"","medium_large":"","large":"","1536x1536":"","2048x2048":"","menu-24x24":"","menu-36x36":"","menu-48x48":""},"post_excerpt_stackable_v2":"<p>Carri\u00e8res Carri\u00e8res R\u00e9alisez votre plein potentiel dans une entreprise en croissance et dans un environnement convivial. POSTULEZ MAINTENANT VOIR LES POSTES DISPONIBLES Avantages Prograin Avantages Prograin Faire carri\u00e8re chez Prograin signifie que vous pouvez apporter votre contribution pour nourrir des millions de personnes sur la plan\u00e8te! Pour en savoir plus sur nos engagements employeur Postes \u00e0 combler Postes \u00e0 combler Vous \u00eates pr\u00eats \u00e0 relever des d\u00e9fis? Vous partagez nos valeurs? Venez d\u00e9couvrir les postes offerts<\/p>\n","category_list_v2":"","author_info_v2":{"name":"developpe","url":"https:\/\/prograin.ca\/ca\/author\/developpe\/"},"comments_num_v2":"0 comments","coauthors":[],"author_meta":{"author_link":"https:\/\/prograin.ca\/ca\/author\/developpe\/","display_name":"developpe"},"relative_dates":{"created":"Posted 7 ann\u00e9es ago","modified":"Updated 6 ann\u00e9es ago"},"absolute_dates":{"created":"Posted on 31 janvier 2019","modified":"Updated on 29 octobre 2019"},"absolute_dates_time":{"created":"Posted on 31 janvier 2019 19 h 37 min","modified":"Updated on 29 octobre 2019 12 h 56 min"},"featured_img_caption":"","featured_img":false,"series_order":"","_links":{"self":[{"href":"https:\/\/prograin.ca\/ca\/wp-json\/wp\/v2\/pages\/19617"}],"collection":[{"href":"https:\/\/prograin.ca\/ca\/wp-json\/wp\/v2\/pages"}],"about":[{"href":"https:\/\/prograin.ca\/ca\/wp-json\/wp\/v2\/types\/page"}],"author":[{"embeddable":true,"href":"https:\/\/prograin.ca\/ca\/wp-json\/wp\/v2\/users\/1"}],"replies":[{"embeddable":true,"href":"https:\/\/prograin.ca\/ca\/wp-json\/wp\/v2\/comments?post=19617"}],"version-history":[{"count":27,"href":"https:\/\/prograin.ca\/ca\/wp-json\/wp\/v2\/pages\/19617\/revisions"}],"predecessor-version":[{"id":23233,"href":"https:\/\/prograin.ca\/ca\/wp-json\/wp\/v2\/pages\/19617\/revisions\/23233"}],"wp:attachment":[{"href":"https:\/\/prograin.ca\/ca\/wp-json\/wp\/v2\/media?parent=19617"}],"curies":[{"name":"wp","href":"https:\/\/api.w.org\/{rel}","templated":true}]}}