
{"id":19633,"date":"2019-01-31T20:01:59","date_gmt":"2019-01-31T20:01:59","guid":{"rendered":"https:\/\/prograin.ca\/?page_id=19633"},"modified":"2019-04-07T23:46:48","modified_gmt":"2019-04-07T23:46:48","slug":"avantages-prograin","status":"publish","type":"page","link":"https:\/\/prograin.ca\/ca\/fr\/carrieres\/avantages-prograin\/","title":{"rendered":"Avantages Prograin"},"content":{"rendered":"\n<div class=\"wp-block-balise-section-block alignfull _sectionblock has-1-columns\">\n<div class=\"\" style=\"color:#ffffff;background-image:url(https:\/\/prograin.ca\/app\/uploads\/2019\/01\/avantages_header.jpg);background-size:cover;padding-top:60px;padding-bottom:60px;padding-left:10px;padding-right:10px\"><div class=\"verticalbg\" style=\"background-size:cover\"><\/div><div class=\"inside\" style=\"margin:0 auto\">\n<div class=\"wp-container-3 wp-block-columns has-2-columns\">\n<div class=\"wp-container-1 wp-block-column\">\n<h3>Nos valeurs forgent notre identit\u00e9 et guident toutes nos d\u00e9cisions<\/h3>\n\n\n\n<p>Nous offrons \u00e0 nos employ\u00e9s des conditions favorisant leur \u00e9panouissement professionnel et personnel<\/p>\n<\/div>\n\n\n\n<div class=\"wp-container-2 wp-block-column\"><\/div>\n<\/div>\n<\/div><\/div>\n<\/div>\n\n\n\n<div class=\"wp-block-balise-section-block alignfull _sectionblock has-1-columns\">\n<div class=\"\" style=\"background-size:cover;padding-top:60px;padding-bottom:60px;padding-left:10px;padding-right:10px\"><div class=\"verticalbg\" style=\"background-size:cover\"><\/div><div class=\"inside\" style=\"margin:0 auto\">\n<h3 class=\"is-style-orange\">Avantages de travailler avec nous<\/h3>\n\n\n\n<div class=\"wp-container-6 wp-block-columns has-2-columns\">\n<div class=\"wp-container-4 wp-block-column\">\n<p>Notre entreprise est en croissance constante et nous offrons des d\u00e9fis \u00e0 la mesure de votre talent!<\/p>\n\n\n\n<p>Voici ce que nous proposons&nbsp;:<\/p>\n<\/div>\n\n\n\n<div class=\"wp-container-5 wp-block-column\"><\/div>\n<\/div>\n\n\n\n<div class=\"wp-container-9 wp-block-columns has-2-columns\">\n<div class=\"wp-container-7 wp-block-column\">\n<div class=\"wp-block-balise-section-block _sectionblock has-1-columns\">\n<div class=\"\" style=\"background-color:#f7f7f7;background-size:cover\"><div class=\"verticalbg\" style=\"background-size:cover\"><\/div><div class=\"inside\" style=\"margin:0 auto\">\n<ul><li> Un environnement de travail convivial<\/li><li>Des activit\u00e9s sociales r\u00e9guli\u00e8res dans l\u2019ann\u00e9e<\/li><li>De la formation continue<\/li><li>Un manuel de l\u2019employ\u00e9 <\/li><\/ul>\n<\/div><\/div>\n<\/div>\n<\/div>\n\n\n\n<div class=\"wp-container-8 wp-block-column\">\n<div class=\"wp-block-balise-section-block _sectionblock has-1-columns\">\n<div class=\"\" style=\"background-image:url(https:\/\/prograin.ca\/app\/uploads\/2019\/02\/bg_avantages@2x.png);background-size:cover;background-position:0&nbsp;% 100&nbsp;%;padding-top:40px;padding-bottom:40px;padding-left:50px;padding-right:30px\"><div class=\"verticalbg\" style=\"background-size:cover\"><\/div><div class=\"inside\" style=\"margin:0 auto\">\n<p><span style=\"color:#ffffff\" class=\"color\"> Nous sommes situ\u00e9s pr\u00e8s des activit\u00e9s de plein air (montagnes pour le ski et la randonn\u00e9e; pistes cyclables; vignobles; vergers; etc.) et \u00e0 40 minutes de Montr\u00e9al et 25 minutes de Granby. <\/span><\/p>\n<\/div><\/div>\n<\/div>\n<\/div>\n<\/div>\n<\/div><\/div>\n<\/div>\n\n\n\n<div class=\"wp-block-balise-section-block alignfull _sectionblock has-1-columns\">\n<div class=\"\" style=\"background-size:cover;padding-top:60px;padding-bottom:60px;padding-left:10px;padding-right:10px\"><div class=\"verticalbg\" style=\"background-size:cover\"><\/div><div class=\"inside\" style=\"margin:0 auto\">\n<h3 class=\"is-style-orange\">R\u00e9mun\u00e9ration globale offerte par Prograin<\/h3>\n\n\n\n<div class=\"wp-container-12 wp-block-columns has-2-columns\">\n<div class=\"wp-container-10 wp-block-column\">\n<p>En plus des salaires comp\u00e9titifs offerts pour notre secteur d\u2019activit\u00e9, nous offrons d\u2019autres avantages&nbsp;:<\/p>\n<\/div>\n\n\n\n<div class=\"wp-container-11 wp-block-column\"><\/div>\n<\/div>\n\n\n\n<div class=\"wp-container-15 wp-block-columns has-2-columns\">\n<div class=\"wp-container-13 wp-block-column\">\n<div class=\"wp-block-balise-section-block _sectionblock has-1-columns\">\n<div class=\"\" style=\"background-color:#f7f7f7;background-size:cover\"><div class=\"verticalbg\" style=\"background-size:cover\"><\/div><div class=\"inside\" style=\"margin:0 auto\">\n<ul><li>Assurances m\u00e9dicales, y compris les soins dentaires<\/li><li>Fonds de pension avec cotisation de la part employeur<\/li><li>Montant annuel pour activit\u00e9s physiques<\/li><li>Budget annuel pour des v\u00eatements (travailleurs de production et personnel administratif)<\/li><li>Programme d\u2019aide aux employ\u00e9s  <\/li><\/ul>\n<\/div><\/div>\n<\/div>\n<\/div>\n\n\n\n<div class=\"wp-container-14 wp-block-column\">\n<ul><li>Primes pour recommandations d\u2019employ\u00e9s <\/li><li>Remboursement des cotisations professionnelles selon le poste occup\u00e9<\/li><li>Bourses d\u2019\u00e9tudes pour les enfants dipl\u00f4m\u00e9s des employ\u00e9s<\/li><li>Activit\u00e9s sociales pay\u00e9es par l\u2019employeur<\/li><\/ul>\n<\/div>\n<\/div>\n<\/div><\/div>\n<\/div>\n","protected":false},"excerpt":{"rendered":"","protected":false},"author":2,"featured_media":0,"parent":19617,"menu_order":0,"comment_status":"closed","ping_status":"closed","template":"","meta":{"advgb_blocks_editor_width":"","advgb_blocks_columns_visual_guide":""},"yoast_head":"<!-- This site is optimized with the Yoast SEO plugin v19.11 - https:\/\/yoast.com\/wordpress\/plugins\/seo\/ -->\n<title>Prograin | Plusieurs avantages de travailler avec nous !<\/title>\n<meta name=\"description\" content=\"Nous offrons \u00e0 nos employ\u00e9s des conditions favorisant leur \u00e9panouissement professionnel et personnel.\" \/>\n<meta name=\"robots\" content=\"index, follow, max-snippet:-1, max-image-preview:large, max-video-preview:-1\" \/>\n<link rel=\"canonical\" href=\"https:\/\/prograin.ca\/ca\/fr\/carrieres\/avantages-prograin\/\" \/>\n<meta property=\"og:locale\" content=\"fr_CA\" \/>\n<meta property=\"og:type\" content=\"article\" \/>\n<meta property=\"og:title\" content=\"Prograin | Plusieurs avantages de travailler avec nous !\" \/>\n<meta property=\"og:description\" content=\"Nous offrons \u00e0 nos employ\u00e9s des conditions favorisant leur \u00e9panouissement professionnel et personnel.\" \/>\n<meta property=\"og:url\" content=\"https:\/\/prograin.ca\/ca\/fr\/carrieres\/avantages-prograin\/\" \/>\n<meta property=\"og:site_name\" content=\"Prograin - Canada\" \/>\n<meta property=\"article:modified_time\" content=\"2019-04-07T23:46:48+00:00\" \/>\n<meta name=\"twitter:card\" content=\"summary_large_image\" \/>\n<meta name=\"twitter:label1\" content=\"Estimation du temps de lecture\" \/>\n\t<meta name=\"twitter:data1\" content=\"1 minute\" \/>\n<script type=\"application\/ld+json\" class=\"yoast-schema-graph\">{\"@context\":\"https:\/\/schema.org\",\"@graph\":[{\"@type\":\"WebPage\",\"@id\":\"https:\/\/prograin.ca\/ca\/fr\/carrieres\/avantages-prograin\/\",\"url\":\"https:\/\/prograin.ca\/ca\/fr\/carrieres\/avantages-prograin\/\",\"name\":\"Prograin | Plusieurs avantages de travailler avec nous !\",\"isPartOf\":{\"@id\":\"https:\/\/prograin.ca\/ca\/#website\"},\"datePublished\":\"2019-01-31T20:01:59+00:00\",\"dateModified\":\"2019-04-07T23:46:48+00:00\",\"description\":\"Nous offrons \u00e0 nos employ\u00e9s des conditions favorisant leur \u00e9panouissement professionnel et personnel.\",\"breadcrumb\":{\"@id\":\"https:\/\/prograin.ca\/ca\/fr\/carrieres\/avantages-prograin\/#breadcrumb\"},\"inLanguage\":\"fr-CA\",\"potentialAction\":[{\"@type\":\"ReadAction\",\"target\":[\"https:\/\/prograin.ca\/ca\/fr\/carrieres\/avantages-prograin\/\"]}]},{\"@type\":\"BreadcrumbList\",\"@id\":\"https:\/\/prograin.ca\/ca\/fr\/carrieres\/avantages-prograin\/#breadcrumb\",\"itemListElement\":[{\"@type\":\"ListItem\",\"position\":1,\"name\":\"Home\",\"item\":\"https:\/\/prograin.ca\/ca\/fr\/\"},{\"@type\":\"ListItem\",\"position\":2,\"name\":\"Carri\u00e8res\",\"item\":\"https:\/\/prograin.ca\/ca\/fr\/carrieres\/\"},{\"@type\":\"ListItem\",\"position\":3,\"name\":\"Avantages Prograin\"}]},{\"@type\":\"WebSite\",\"@id\":\"https:\/\/prograin.ca\/ca\/#website\",\"url\":\"https:\/\/prograin.ca\/ca\/\",\"name\":\"Prograin - Canada\",\"description\":\"Un site utilisant WordPress\",\"publisher\":{\"@id\":\"https:\/\/prograin.ca\/ca\/#organization\"},\"potentialAction\":[{\"@type\":\"SearchAction\",\"target\":{\"@type\":\"EntryPoint\",\"urlTemplate\":\"https:\/\/prograin.ca\/ca\/?s={search_term_string}\"},\"query-input\":\"required name=search_term_string\"}],\"inLanguage\":\"fr-CA\"},{\"@type\":\"Organization\",\"@id\":\"https:\/\/prograin.ca\/ca\/#organization\",\"name\":\"Prograin - Canada\",\"url\":\"https:\/\/prograin.ca\/ca\/\",\"logo\":{\"@type\":\"ImageObject\",\"inLanguage\":\"fr-CA\",\"@id\":\"https:\/\/prograin.ca\/ca\/#\/schema\/logo\/image\/\",\"url\":\"https:\/\/prograin.ca\/app\/uploads\/sites\/3\/2018\/11\/Prograin-logo-1.png\",\"contentUrl\":\"https:\/\/prograin.ca\/app\/uploads\/sites\/3\/2018\/11\/Prograin-logo-1.png\",\"width\":352,\"height\":85,\"caption\":\"Prograin - Canada\"},\"image\":{\"@id\":\"https:\/\/prograin.ca\/ca\/#\/schema\/logo\/image\/\"}}]}<\/script>\n<!-- \/ Yoast SEO plugin. -->","yoast_head_json":{"title":"Prograin | Plusieurs avantages de travailler avec nous !","description":"Nous offrons \u00e0 nos employ\u00e9s des conditions favorisant leur \u00e9panouissement professionnel et personnel.","robots":{"index":"index","follow":"follow","max-snippet":"max-snippet:-1","max-image-preview":"max-image-preview:large","max-video-preview":"max-video-preview:-1"},"canonical":"https:\/\/prograin.ca\/ca\/fr\/carrieres\/avantages-prograin\/","og_locale":"fr_CA","og_type":"article","og_title":"Prograin | Plusieurs avantages de travailler avec nous !","og_description":"Nous offrons \u00e0 nos employ\u00e9s des conditions favorisant leur \u00e9panouissement professionnel et personnel.","og_url":"https:\/\/prograin.ca\/ca\/fr\/carrieres\/avantages-prograin\/","og_site_name":"Prograin - Canada","article_modified_time":"2019-04-07T23:46:48+00:00","twitter_card":"summary_large_image","twitter_misc":{"Estimation du temps de lecture":"1 minute"},"schema":{"@context":"https:\/\/schema.org","@graph":[{"@type":"WebPage","@id":"https:\/\/prograin.ca\/ca\/fr\/carrieres\/avantages-prograin\/","url":"https:\/\/prograin.ca\/ca\/fr\/carrieres\/avantages-prograin\/","name":"Prograin | Plusieurs avantages de travailler avec nous !","isPartOf":{"@id":"https:\/\/prograin.ca\/ca\/#website"},"datePublished":"2019-01-31T20:01:59+00:00","dateModified":"2019-04-07T23:46:48+00:00","description":"Nous offrons \u00e0 nos employ\u00e9s des conditions favorisant leur \u00e9panouissement professionnel et personnel.","breadcrumb":{"@id":"https:\/\/prograin.ca\/ca\/fr\/carrieres\/avantages-prograin\/#breadcrumb"},"inLanguage":"fr-CA","potentialAction":[{"@type":"ReadAction","target":["https:\/\/prograin.ca\/ca\/fr\/carrieres\/avantages-prograin\/"]}]},{"@type":"BreadcrumbList","@id":"https:\/\/prograin.ca\/ca\/fr\/carrieres\/avantages-prograin\/#breadcrumb","itemListElement":[{"@type":"ListItem","position":1,"name":"Home","item":"https:\/\/prograin.ca\/ca\/fr\/"},{"@type":"ListItem","position":2,"name":"Carri\u00e8res","item":"https:\/\/prograin.ca\/ca\/fr\/carrieres\/"},{"@type":"ListItem","position":3,"name":"Avantages Prograin"}]},{"@type":"WebSite","@id":"https:\/\/prograin.ca\/ca\/#website","url":"https:\/\/prograin.ca\/ca\/","name":"Prograin - Canada","description":"Un site utilisant WordPress","publisher":{"@id":"https:\/\/prograin.ca\/ca\/#organization"},"potentialAction":[{"@type":"SearchAction","target":{"@type":"EntryPoint","urlTemplate":"https:\/\/prograin.ca\/ca\/?s={search_term_string}"},"query-input":"required name=search_term_string"}],"inLanguage":"fr-CA"},{"@type":"Organization","@id":"https:\/\/prograin.ca\/ca\/#organization","name":"Prograin - Canada","url":"https:\/\/prograin.ca\/ca\/","logo":{"@type":"ImageObject","inLanguage":"fr-CA","@id":"https:\/\/prograin.ca\/ca\/#\/schema\/logo\/image\/","url":"https:\/\/prograin.ca\/app\/uploads\/sites\/3\/2018\/11\/Prograin-logo-1.png","contentUrl":"https:\/\/prograin.ca\/app\/uploads\/sites\/3\/2018\/11\/Prograin-logo-1.png","width":352,"height":85,"caption":"Prograin - Canada"},"image":{"@id":"https:\/\/prograin.ca\/ca\/#\/schema\/logo\/image\/"}}]}},"featured_image_urls":{"full":"","thumbnail":"","medium":"","medium_large":"","large":"","1536x1536":"","2048x2048":"","menu-24x24":"","menu-36x36":"","menu-48x48":""},"post_excerpt_stackable":"<p>Nos valeurs forgent notre identit\u00e9 et guident toutes nos d\u00e9cisions Nous offrons \u00e0 nos employ\u00e9s des conditions favorisant leur \u00e9panouissement professionnel et personnel Avantages de travailler avec nous Notre entreprise est en croissance constante et nous offrons des d\u00e9fis \u00e0 la mesure de votre talent! Voici ce que nous proposons&nbsp;: Un environnement de travail convivialDes activit\u00e9s sociales r\u00e9guli\u00e8res dans l\u2019ann\u00e9eDe la formation continueUn manuel de l\u2019employ\u00e9 Nous sommes situ\u00e9s pr\u00e8s des activit\u00e9s de plein air (montagnes pour le ski et la randonn\u00e9e; pistes cyclables; vignobles; vergers; etc.) et \u00e0 40 minutes de Montr\u00e9al et 25 minutes de Granby. R\u00e9mun\u00e9ration globale&hellip;<\/p>\n","category_list":"","author_info":{"name":"Jean Trudel","url":"https:\/\/prograin.ca\/ca\/author\/amazone\/"},"comments_num":"0 comments","featured_image_urls_v2":{"full":"","thumbnail":"","medium":"","medium_large":"","large":"","1536x1536":"","2048x2048":"","menu-24x24":"","menu-36x36":"","menu-48x48":""},"post_excerpt_stackable_v2":"<p>Nos valeurs forgent notre identit\u00e9 et guident toutes nos d\u00e9cisions Nous offrons \u00e0 nos employ\u00e9s des conditions favorisant leur \u00e9panouissement professionnel et personnel Avantages de travailler avec nous Notre entreprise est en croissance constante et nous offrons des d\u00e9fis \u00e0 la mesure de votre talent! Voici ce que nous proposons&nbsp;: Un environnement de travail convivialDes activit\u00e9s sociales r\u00e9guli\u00e8res dans l\u2019ann\u00e9eDe la formation continueUn manuel de l\u2019employ\u00e9 Nous sommes situ\u00e9s pr\u00e8s des activit\u00e9s de plein air (montagnes pour le ski et la randonn\u00e9e; pistes cyclables; vignobles; vergers; etc.) et \u00e0 40 minutes de Montr\u00e9al et 25 minutes de Granby. R\u00e9mun\u00e9ration globale&hellip;<\/p>\n","category_list_v2":"","author_info_v2":{"name":"Jean Trudel","url":"https:\/\/prograin.ca\/ca\/author\/amazone\/"},"comments_num_v2":"0 comments","coauthors":[],"author_meta":{"author_link":"https:\/\/prograin.ca\/ca\/author\/amazone\/","display_name":"Jean Trudel"},"relative_dates":{"created":"Posted 7 ann\u00e9es ago","modified":"Updated 7 ann\u00e9es ago"},"absolute_dates":{"created":"Posted on 31 janvier 2019","modified":"Updated on 7 avril 2019"},"absolute_dates_time":{"created":"Posted on 31 janvier 2019 20 h 01 min","modified":"Updated on 7 avril 2019 23 h 46 min"},"featured_img_caption":"","featured_img":false,"series_order":"","_links":{"self":[{"href":"https:\/\/prograin.ca\/ca\/wp-json\/wp\/v2\/pages\/19633"}],"collection":[{"href":"https:\/\/prograin.ca\/ca\/wp-json\/wp\/v2\/pages"}],"about":[{"href":"https:\/\/prograin.ca\/ca\/wp-json\/wp\/v2\/types\/page"}],"author":[{"embeddable":true,"href":"https:\/\/prograin.ca\/ca\/wp-json\/wp\/v2\/users\/2"}],"replies":[{"embeddable":true,"href":"https:\/\/prograin.ca\/ca\/wp-json\/wp\/v2\/comments?post=19633"}],"version-history":[{"count":17,"href":"https:\/\/prograin.ca\/ca\/wp-json\/wp\/v2\/pages\/19633\/revisions"}],"predecessor-version":[{"id":22799,"href":"https:\/\/prograin.ca\/ca\/wp-json\/wp\/v2\/pages\/19633\/revisions\/22799"}],"up":[{"embeddable":true,"href":"https:\/\/prograin.ca\/ca\/wp-json\/wp\/v2\/pages\/19617"}],"wp:attachment":[{"href":"https:\/\/prograin.ca\/ca\/wp-json\/wp\/v2\/media?parent=19633"}],"curies":[{"name":"wp","href":"https:\/\/api.w.org\/{rel}","templated":true}]}}