
{"id":19665,"date":"2019-01-31T20:52:48","date_gmt":"2019-01-31T20:52:48","guid":{"rendered":"https:\/\/prograin.ca\/?page_id=19665"},"modified":"2019-10-29T13:21:37","modified_gmt":"2019-10-29T13:21:37","slug":"postes-a-combler","status":"publish","type":"page","link":"https:\/\/prograin.ca\/ca\/fr\/carrieres\/postes-a-combler\/","title":{"rendered":"Postes \u00e0 combler"},"content":{"rendered":"\n<div class=\"wp-block-balise-section-block alignfull _sectionblock has-1-columns\">\n<div class=\"\" style=\"color:#ffffff;background-image:url(https:\/\/prograin.ca\/app\/uploads\/sites\/3\/2019\/10\/Prograin-0067WEB.jpg);background-size:cover;padding-top:60px;padding-bottom:60px;padding-left:10px;padding-right:10px\"><div class=\"verticalbg\" style=\"background-size:cover\"><\/div><div class=\"inside\" style=\"margin:0 auto\">\n<h3>Nos carri\u00e8res au si\u00e8ge social<\/h3>\n\n\n\n<div class=\"wp-container-3 wp-block-columns has-2-columns\">\n<div class=\"wp-container-1 wp-block-column\">\n<p><strong>Faire carri\u00e8re au si\u00e8ge social, c\u2019est pouvoir contribuer aux nombreux projets li\u00e9s \u00e0 la croissance, tout en assumant des fonctions qui permettent la stabilit\u00e9 et la p\u00e9rennit\u00e9 de l\u2019entreprise.<\/strong><\/p>\n<\/div>\n\n\n\n<div class=\"wp-container-2 wp-block-column\"><\/div>\n<\/div>\n\n\n\n<div style=\"height:40px\" aria-hidden=\"true\" class=\"wp-block-spacer\"><\/div>\n<\/div><\/div>\n<\/div>\n\n\n\n<div class=\"wp-block-balise-section-block alignfull _sectionblock has-1-columns\">\n<div class=\"\" style=\"background-size:cover;padding-top:60px;padding-bottom:60px;padding-left:10px;padding-right:10px\"><div class=\"verticalbg\" style=\"background-size:cover\"><\/div><div class=\"inside\" style=\"margin:0 auto\">\n<div class=\"wp-block-balise-carriere\"><div>\n<div class=\"carriere-item\">\n\n<h3 class=\"is-style-orange\">Coordonnateur(trice) \u00e0 l\u2019Approvisionnement<\/h3>\n<div class=\"row gap\">\n<div class=\"col-md-6\">\n<p>\nSous la supervision de la Directrice \u00e0 l\u2019approvisionnement le coordonnateur(trice) \u00e0 l\u2019approvisionnement est responsable de planifier, organiser et assurer l\u2019approvisionnement de mati\u00e8res brutes afin de r\u00e9pondre aux besoins de l\u2019entreprise.\n<\/p>\n\n<\/div>\n<div class=\"col-md-6\">\n            <\/div>\n<\/div>\n<a href=\"https:\/\/prograin.ca\/ca\/fr\/carrieres-prograin\/coordonnateurtrice-a-lapprovisionnement\/\" class=\"btn\">Postuler<\/a>\n<\/div>\n<div class=\"carriere-item\">\n\n<h3 class=\"is-style-orange\">Agent(e) \u00e0 l&#039;Approvisionnement<\/h3>\n<div class=\"row gap\">\n<div class=\"col-md-6\">\n<p>\nPrograin recrute son(a) futur(e) Agent(e) \u00e0 l\u2019Approvisionnement, qui jouera un r\u00f4le de soutien op\u00e9rationnel et administratif des activit\u00e9s d\u2019achats et d\u2019approvisionnement de l\u2019organisation.\n<\/p>\n\n<\/div>\n<div class=\"col-md-6\">\n            <\/div>\n<\/div>\n<a href=\"https:\/\/prograin.ca\/ca\/fr\/carrieres-prograin\/agente-a-lapprovisionnement\/\" class=\"btn\">Postuler<\/a>\n<\/div>\n<div class=\"carriere-item\">\n\n<h3 class=\"is-style-orange\">Directeur(trice) Finances et Administration<\/h3>\n<div class=\"row gap\">\n<div class=\"col-md-6\">\n<p>\nPrograin, cherche son(a) futur(e) Directeur(trice) Finances et Administration qui jouera un r\u00f4le d\u00e9terminant dans la structure et la gouvernance du groupe, tout en demeurant activement impliqu\u00e9 dans le soutien op\u00e9rationnel&hellip;\n<\/p>\n\n<\/div>\n<div class=\"col-md-6\">\n            <\/div>\n<\/div>\n<a href=\"https:\/\/prograin.ca\/ca\/fr\/carrieres-prograin\/directeurtrice-finances-et-administration\/\" class=\"btn\">Postuler<\/a>\n<\/div>\n<\/div><\/div>\n<\/div><\/div>\n<\/div>\n\n\n\n<div class=\"wp-block-balise-section-block alignfull _sectionblock has-1-columns\">\n<div class=\"\" style=\"color:#ffffff;background-image:url(https:\/\/prograin.ca\/app\/uploads\/sites\/3\/2019\/10\/Prograin-07331WEB_recadre.jpg);background-size:cover;padding-top:60px;padding-bottom:60px;padding-left:10px;padding-right:10px\"><div class=\"verticalbg\" style=\"background-size:cover\"><\/div><div class=\"inside\" style=\"margin:0 auto\">\n<h3 class=\"is-style-blanc\">Nos carri\u00e8res dans le secteur de la production<\/h3>\n\n\n\n<div class=\"wp-container-6 wp-block-columns has-2-columns\">\n<div class=\"wp-container-4 wp-block-column\">\n<p>Travailler dans le secteur de la production, c\u2019est \u00eatre au c\u0153ur des d\u00e9fis. C\u2019est aussi un environnement dynamique et de type &#171;&nbsp;&nbsp;juste \u00e0 temps&nbsp;&nbsp;&#187; pour assurer des livraisons de qualit\u00e9 \u00e0 nos clients qui sont partout sur la plan\u00e8te. <\/p>\n\n\n\n<div style=\"height:40px\" aria-hidden=\"true\" class=\"wp-block-spacer\"><\/div>\n<\/div>\n\n\n\n<div class=\"wp-container-5 wp-block-column\"><\/div>\n<\/div>\n<\/div><\/div>\n<\/div>\n\n\n\n<div class=\"wp-block-balise-section-block alignfull _sectionblock has-1-columns\">\n<div class=\"\" style=\"background-size:cover;padding-top:60px;padding-bottom:60px;padding-left:10px;padding-right:10px\"><div class=\"verticalbg\" style=\"background-size:cover\"><\/div><div class=\"inside\" style=\"margin:0 auto\">\n<div class=\"wp-block-balise-carriere\"><div>\n<div class=\"carriere-item\">\n\n<h3 class=\"is-style-orange\">Chauffeur-Livreur<\/h3>\n<div class=\"row gap\">\n<div class=\"col-md-6\">\n<p>\nEffectuer la livraison de semences de soya chez nos diff\u00e9rents d\u00e9taillants Offrir un service courtois et professionnel lors des livraisons Respecter les consignes de s\u00e9curit\u00e9 et assurer une bonne manutention&hellip;\n<\/p>\n\n<\/div>\n<div class=\"col-md-6\">\n    <p>Horaire de travail : Horaire sur appel, variant de 5 \u00e0 40 heures par semaine<\/p>        <p>Statut d'emploi\u00a0: <\/p><\/div>\n<\/div>\n<a href=\"https:\/\/prograin.ca\/ca\/fr\/carrieres-prograin\/chauffeur-livreur\/\" class=\"btn\">Postuler<\/a>\n<\/div>\n<div class=\"carriere-item\">\n\n<h3 class=\"is-style-orange\">Cariste Saisonnier<\/h3>\n<div class=\"row gap\">\n<div class=\"col-md-6\">\n<p>\nPrograin est la plus importante entreprise priv\u00e9e de soya \u00e0 valeur ajout\u00e9e au Canada. Notre expertise exceptionnelle et nos techniques de pointe ont fait de nous une r\u00e9f\u00e9rence mondiale dans&hellip;\n<\/p>\n\n<\/div>\n<div class=\"col-md-6\">\n    <p>Horaire de travail : Jour : lundi au vendredi 6h30 \u00e0 15h00 ou Soir :  lundi au vendredi 15h00 \u00e0 23h30<\/p>    <p>P\u00e9riode : Jour ou soir <\/p>    <p>Statut d'emploi\u00a0: Temporaire <\/p><\/div>\n<\/div>\n<a href=\"https:\/\/prograin.ca\/ca\/fr\/carrieres-prograin\/cariste-saisonnier\/\" class=\"btn\">Postuler<\/a>\n<\/div>\n<div class=\"carriere-item\">\n\n<h3 class=\"is-style-orange\">Op\u00e9rateur Cribleur<\/h3>\n<div class=\"row gap\">\n<div class=\"col-md-6\">\n<p>\nOp\u00e9rer tous les \u00e9quipements du d\u00e9partement du crible. Responsable de la qualit\u00e9 de son produit en effectuant les tests de qualit\u00e9 et remplir le livre de bord. Ajuster les machines&hellip;\n<\/p>\n\n<\/div>\n<div class=\"col-md-6\">\n    <p>Horaire de travail : Dimanche au jeudi de 23h00 \u00e0 7h00 <\/p>    <p>P\u00e9riode : Nuit<\/p>    <p>Statut d'emploi\u00a0: Permanent <\/p><\/div>\n<\/div>\n<a href=\"https:\/\/prograin.ca\/ca\/fr\/carrieres-prograin\/operateur-cribleur\/\" class=\"btn\">Postuler<\/a>\n<\/div>\n<div class=\"carriere-item\">\n\n<h3 class=\"is-style-orange\">Op\u00e9rateur Statec<\/h3>\n<div class=\"row gap\">\n<div class=\"col-md-6\">\n<p>\nOp\u00e9rer le robot d\u2019ensachage. Ajuster le robot lors des changements de vari\u00e9t\u00e9s. Peser les sacs et remplir les documents de contr\u00f4le de qualit\u00e9. Effectuer des tests de qualit\u00e9. Ensacher le&hellip;\n<\/p>\n\n<\/div>\n<div class=\"col-md-6\">\n    <p>Horaire de travail : Lundi au vendredi de 14h30 \u00e0 23h00<\/p>    <p>P\u00e9riode : Soir<\/p>    <p>Statut d'emploi\u00a0: Permanent <\/p><\/div>\n<\/div>\n<a href=\"https:\/\/prograin.ca\/ca\/fr\/carrieres-prograin\/operateur-statec\/\" class=\"btn\">Postuler<\/a>\n<\/div>\n<\/div><\/div>\n<\/div><\/div>\n<\/div>\n\n\n\n<div class=\"wp-block-balise-section-block alignfull _sectionblock has-1-columns\">\n<div class=\"\" style=\"color:#ffffff;background-image:url(https:\/\/prograin.ca\/app\/uploads\/sites\/3\/2019\/01\/recherche_terrain_labo.jpg);background-size:cover;padding-top:60px;padding-bottom:60px;padding-left:10px;padding-right:10px\"><div class=\"verticalbg\" style=\"background-size:cover\"><\/div><div class=\"inside\" style=\"margin:0 auto\">\n<h3 class=\"is-style-blanc\">Nos carri\u00e8res en recherche et d\u00e9veloppement<\/h3>\n\n\n\n<div class=\"wp-container-9 wp-block-columns has-2-columns\">\n<div class=\"wp-container-7 wp-block-column\">\n<p>La recherche est au c\u0153ur de notre entreprise. <\/p>\n\n\n\n<p>Prograin poss\u00e8de un d\u00e9partement de recherche unique,\nrelevant d\u2019une \u00e9quipe d\u2019experts au savoir-faire reconnu mondialement. <\/p>\n\n\n\n<p>Nous sommes pr\u00eats et d\u00e9termin\u00e9s \u00e0 d\u00e9velopper la meilleure\ng\u00e9n\u00e9tique en mati\u00e8re de soya h\u00e2tif.<\/p>\n<\/div>\n\n\n\n<div class=\"wp-container-8 wp-block-column\"><\/div>\n<\/div>\n\n\n\n<div style=\"height:40px\" aria-hidden=\"true\" class=\"wp-block-spacer\"><\/div>\n<\/div><\/div>\n<\/div>\n\n\n\n<div class=\"wp-block-balise-section-block alignfull _sectionblock has-1-columns\">\n<div class=\"\" style=\"background-size:cover;padding-top:60px;padding-bottom:60px;padding-left:10px;padding-right:10px\"><div class=\"verticalbg\" style=\"background-size:cover\"><\/div><div class=\"inside\" style=\"margin:0 auto\">\n<div class=\"wp-block-balise-carriere\"><div>\n<p>Aucune offre d&#039;emploi pour le moment<\/p>\n<\/div><\/div>\n<\/div><\/div>\n<\/div>\n\n\n\n<p><\/p>\n","protected":false},"excerpt":{"rendered":"","protected":false},"author":2,"featured_media":0,"parent":19617,"menu_order":1,"comment_status":"closed","ping_status":"closed","template":"","meta":{"advgb_blocks_editor_width":"","advgb_blocks_columns_visual_guide":""},"yoast_head":"<!-- This site is optimized with the Yoast SEO plugin v19.11 - https:\/\/yoast.com\/wordpress\/plugins\/seo\/ -->\n<title>Prograin | Vous \u00eates pr\u00eats \u00e0 relever des d\u00e9fis?<\/title>\n<meta name=\"description\" content=\"Nous offrons diverses opportunit\u00e9s de carri\u00e8re dans un environnement dynamique, tant dans le secteur de la production qu\u2019au si\u00e8ge social.\" \/>\n<meta name=\"robots\" content=\"index, follow, max-snippet:-1, max-image-preview:large, max-video-preview:-1\" \/>\n<link rel=\"canonical\" href=\"https:\/\/prograin.ca\/ca\/fr\/carrieres\/postes-a-combler\/\" \/>\n<meta property=\"og:locale\" content=\"fr_CA\" \/>\n<meta property=\"og:type\" content=\"article\" \/>\n<meta property=\"og:title\" content=\"Prograin | Vous \u00eates pr\u00eats \u00e0 relever des d\u00e9fis?\" \/>\n<meta property=\"og:description\" content=\"Nous offrons diverses opportunit\u00e9s de carri\u00e8re dans un environnement dynamique, tant dans le secteur de la production qu\u2019au si\u00e8ge social.\" \/>\n<meta property=\"og:url\" content=\"https:\/\/prograin.ca\/ca\/fr\/carrieres\/postes-a-combler\/\" \/>\n<meta property=\"og:site_name\" content=\"Prograin - Canada\" \/>\n<meta property=\"article:modified_time\" content=\"2019-10-29T13:21:37+00:00\" \/>\n<meta name=\"twitter:card\" content=\"summary_large_image\" \/>\n<meta name=\"twitter:label1\" content=\"Estimation du temps de lecture\" \/>\n\t<meta name=\"twitter:data1\" content=\"1 minute\" \/>\n<script type=\"application\/ld+json\" class=\"yoast-schema-graph\">{\"@context\":\"https:\/\/schema.org\",\"@graph\":[{\"@type\":\"WebPage\",\"@id\":\"https:\/\/prograin.ca\/ca\/fr\/carrieres\/postes-a-combler\/\",\"url\":\"https:\/\/prograin.ca\/ca\/fr\/carrieres\/postes-a-combler\/\",\"name\":\"Prograin | Vous \u00eates pr\u00eats \u00e0 relever des d\u00e9fis?\",\"isPartOf\":{\"@id\":\"https:\/\/prograin.ca\/ca\/#website\"},\"datePublished\":\"2019-01-31T20:52:48+00:00\",\"dateModified\":\"2019-10-29T13:21:37+00:00\",\"description\":\"Nous offrons diverses opportunit\u00e9s de carri\u00e8re dans un environnement dynamique, tant dans le secteur de la production qu\u2019au si\u00e8ge social.\",\"breadcrumb\":{\"@id\":\"https:\/\/prograin.ca\/ca\/fr\/carrieres\/postes-a-combler\/#breadcrumb\"},\"inLanguage\":\"fr-CA\",\"potentialAction\":[{\"@type\":\"ReadAction\",\"target\":[\"https:\/\/prograin.ca\/ca\/fr\/carrieres\/postes-a-combler\/\"]}]},{\"@type\":\"BreadcrumbList\",\"@id\":\"https:\/\/prograin.ca\/ca\/fr\/carrieres\/postes-a-combler\/#breadcrumb\",\"itemListElement\":[{\"@type\":\"ListItem\",\"position\":1,\"name\":\"Home\",\"item\":\"https:\/\/prograin.ca\/ca\/fr\/\"},{\"@type\":\"ListItem\",\"position\":2,\"name\":\"Carri\u00e8res\",\"item\":\"https:\/\/prograin.ca\/ca\/fr\/carrieres\/\"},{\"@type\":\"ListItem\",\"position\":3,\"name\":\"Postes \u00e0 combler\"}]},{\"@type\":\"WebSite\",\"@id\":\"https:\/\/prograin.ca\/ca\/#website\",\"url\":\"https:\/\/prograin.ca\/ca\/\",\"name\":\"Prograin - Canada\",\"description\":\"Un site utilisant WordPress\",\"publisher\":{\"@id\":\"https:\/\/prograin.ca\/ca\/#organization\"},\"potentialAction\":[{\"@type\":\"SearchAction\",\"target\":{\"@type\":\"EntryPoint\",\"urlTemplate\":\"https:\/\/prograin.ca\/ca\/?s={search_term_string}\"},\"query-input\":\"required name=search_term_string\"}],\"inLanguage\":\"fr-CA\"},{\"@type\":\"Organization\",\"@id\":\"https:\/\/prograin.ca\/ca\/#organization\",\"name\":\"Prograin - Canada\",\"url\":\"https:\/\/prograin.ca\/ca\/\",\"logo\":{\"@type\":\"ImageObject\",\"inLanguage\":\"fr-CA\",\"@id\":\"https:\/\/prograin.ca\/ca\/#\/schema\/logo\/image\/\",\"url\":\"https:\/\/prograin.ca\/app\/uploads\/sites\/3\/2018\/11\/Prograin-logo-1.png\",\"contentUrl\":\"https:\/\/prograin.ca\/app\/uploads\/sites\/3\/2018\/11\/Prograin-logo-1.png\",\"width\":352,\"height\":85,\"caption\":\"Prograin - Canada\"},\"image\":{\"@id\":\"https:\/\/prograin.ca\/ca\/#\/schema\/logo\/image\/\"}}]}<\/script>\n<!-- \/ Yoast SEO plugin. -->","yoast_head_json":{"title":"Prograin | Vous \u00eates pr\u00eats \u00e0 relever des d\u00e9fis?","description":"Nous offrons diverses opportunit\u00e9s de carri\u00e8re dans un environnement dynamique, tant dans le secteur de la production qu\u2019au si\u00e8ge social.","robots":{"index":"index","follow":"follow","max-snippet":"max-snippet:-1","max-image-preview":"max-image-preview:large","max-video-preview":"max-video-preview:-1"},"canonical":"https:\/\/prograin.ca\/ca\/fr\/carrieres\/postes-a-combler\/","og_locale":"fr_CA","og_type":"article","og_title":"Prograin | Vous \u00eates pr\u00eats \u00e0 relever des d\u00e9fis?","og_description":"Nous offrons diverses opportunit\u00e9s de carri\u00e8re dans un environnement dynamique, tant dans le secteur de la production qu\u2019au si\u00e8ge social.","og_url":"https:\/\/prograin.ca\/ca\/fr\/carrieres\/postes-a-combler\/","og_site_name":"Prograin - Canada","article_modified_time":"2019-10-29T13:21:37+00:00","twitter_card":"summary_large_image","twitter_misc":{"Estimation du temps de lecture":"1 minute"},"schema":{"@context":"https:\/\/schema.org","@graph":[{"@type":"WebPage","@id":"https:\/\/prograin.ca\/ca\/fr\/carrieres\/postes-a-combler\/","url":"https:\/\/prograin.ca\/ca\/fr\/carrieres\/postes-a-combler\/","name":"Prograin | Vous \u00eates pr\u00eats \u00e0 relever des d\u00e9fis?","isPartOf":{"@id":"https:\/\/prograin.ca\/ca\/#website"},"datePublished":"2019-01-31T20:52:48+00:00","dateModified":"2019-10-29T13:21:37+00:00","description":"Nous offrons diverses opportunit\u00e9s de carri\u00e8re dans un environnement dynamique, tant dans le secteur de la production qu\u2019au si\u00e8ge social.","breadcrumb":{"@id":"https:\/\/prograin.ca\/ca\/fr\/carrieres\/postes-a-combler\/#breadcrumb"},"inLanguage":"fr-CA","potentialAction":[{"@type":"ReadAction","target":["https:\/\/prograin.ca\/ca\/fr\/carrieres\/postes-a-combler\/"]}]},{"@type":"BreadcrumbList","@id":"https:\/\/prograin.ca\/ca\/fr\/carrieres\/postes-a-combler\/#breadcrumb","itemListElement":[{"@type":"ListItem","position":1,"name":"Home","item":"https:\/\/prograin.ca\/ca\/fr\/"},{"@type":"ListItem","position":2,"name":"Carri\u00e8res","item":"https:\/\/prograin.ca\/ca\/fr\/carrieres\/"},{"@type":"ListItem","position":3,"name":"Postes \u00e0 combler"}]},{"@type":"WebSite","@id":"https:\/\/prograin.ca\/ca\/#website","url":"https:\/\/prograin.ca\/ca\/","name":"Prograin - Canada","description":"Un site utilisant WordPress","publisher":{"@id":"https:\/\/prograin.ca\/ca\/#organization"},"potentialAction":[{"@type":"SearchAction","target":{"@type":"EntryPoint","urlTemplate":"https:\/\/prograin.ca\/ca\/?s={search_term_string}"},"query-input":"required name=search_term_string"}],"inLanguage":"fr-CA"},{"@type":"Organization","@id":"https:\/\/prograin.ca\/ca\/#organization","name":"Prograin - Canada","url":"https:\/\/prograin.ca\/ca\/","logo":{"@type":"ImageObject","inLanguage":"fr-CA","@id":"https:\/\/prograin.ca\/ca\/#\/schema\/logo\/image\/","url":"https:\/\/prograin.ca\/app\/uploads\/sites\/3\/2018\/11\/Prograin-logo-1.png","contentUrl":"https:\/\/prograin.ca\/app\/uploads\/sites\/3\/2018\/11\/Prograin-logo-1.png","width":352,"height":85,"caption":"Prograin - Canada"},"image":{"@id":"https:\/\/prograin.ca\/ca\/#\/schema\/logo\/image\/"}}]}},"featured_image_urls":{"full":"","thumbnail":"","medium":"","medium_large":"","large":"","1536x1536":"","2048x2048":"","menu-24x24":"","menu-36x36":"","menu-48x48":""},"post_excerpt_stackable":"<p>Nos carri\u00e8res au si\u00e8ge social Faire carri\u00e8re au si\u00e8ge social, c\u2019est pouvoir contribuer aux nombreux projets li\u00e9s \u00e0 la croissance, tout en assumant des fonctions qui permettent la stabilit\u00e9 et la p\u00e9rennit\u00e9 de l\u2019entreprise. Coordonnateur(trice) \u00e0 l\u2019Approvisionnement Sous la supervision de la Directrice \u00e0 l\u2019approvisionnement le coordonnateur(trice) \u00e0 l\u2019approvisionnement est responsable de planifier, organiser et assurer l\u2019approvisionnement de mati\u00e8res brutes afin de r\u00e9pondre aux besoins de l\u2019entreprise. Postuler Agent(e) \u00e0 l&#039;Approvisionnement Prograin recrute son(a) futur(e) Agent(e) \u00e0 l\u2019Approvisionnement, qui jouera un r\u00f4le de soutien op\u00e9rationnel et administratif des activit\u00e9s d\u2019achats et d\u2019approvisionnement de l\u2019organisation. Postuler Directeur(trice) Finances et Administration Prograin,&hellip;<\/p>\n","category_list":"","author_info":{"name":"Jean Trudel","url":"https:\/\/prograin.ca\/ca\/author\/amazone\/"},"comments_num":"0 comments","featured_image_urls_v2":{"full":"","thumbnail":"","medium":"","medium_large":"","large":"","1536x1536":"","2048x2048":"","menu-24x24":"","menu-36x36":"","menu-48x48":""},"post_excerpt_stackable_v2":"<p>Nos carri\u00e8res au si\u00e8ge social Faire carri\u00e8re au si\u00e8ge social, c\u2019est pouvoir contribuer aux nombreux projets li\u00e9s \u00e0 la croissance, tout en assumant des fonctions qui permettent la stabilit\u00e9 et la p\u00e9rennit\u00e9 de l\u2019entreprise. Coordonnateur(trice) \u00e0 l\u2019Approvisionnement Sous la supervision de la Directrice \u00e0 l\u2019approvisionnement le coordonnateur(trice) \u00e0 l\u2019approvisionnement est responsable de planifier, organiser et assurer l\u2019approvisionnement de mati\u00e8res brutes afin de r\u00e9pondre aux besoins de l\u2019entreprise. Postuler Agent(e) \u00e0 l&#039;Approvisionnement Prograin recrute son(a) futur(e) Agent(e) \u00e0 l\u2019Approvisionnement, qui jouera un r\u00f4le de soutien op\u00e9rationnel et administratif des activit\u00e9s d\u2019achats et d\u2019approvisionnement de l\u2019organisation. Postuler Directeur(trice) Finances et Administration Prograin,&hellip;<\/p>\n","category_list_v2":"","author_info_v2":{"name":"Jean Trudel","url":"https:\/\/prograin.ca\/ca\/author\/amazone\/"},"comments_num_v2":"0 comments","coauthors":[],"author_meta":{"author_link":"https:\/\/prograin.ca\/ca\/author\/amazone\/","display_name":"Jean Trudel"},"relative_dates":{"created":"Posted 7 ann\u00e9es ago","modified":"Updated 6 ann\u00e9es ago"},"absolute_dates":{"created":"Posted on 31 janvier 2019","modified":"Updated on 29 octobre 2019"},"absolute_dates_time":{"created":"Posted on 31 janvier 2019 20 h 52 min","modified":"Updated on 29 octobre 2019 13 h 21 min"},"featured_img_caption":"","featured_img":false,"series_order":"","_links":{"self":[{"href":"https:\/\/prograin.ca\/ca\/wp-json\/wp\/v2\/pages\/19665"}],"collection":[{"href":"https:\/\/prograin.ca\/ca\/wp-json\/wp\/v2\/pages"}],"about":[{"href":"https:\/\/prograin.ca\/ca\/wp-json\/wp\/v2\/types\/page"}],"author":[{"embeddable":true,"href":"https:\/\/prograin.ca\/ca\/wp-json\/wp\/v2\/users\/2"}],"replies":[{"embeddable":true,"href":"https:\/\/prograin.ca\/ca\/wp-json\/wp\/v2\/comments?post=19665"}],"version-history":[{"count":38,"href":"https:\/\/prograin.ca\/ca\/wp-json\/wp\/v2\/pages\/19665\/revisions"}],"predecessor-version":[{"id":23249,"href":"https:\/\/prograin.ca\/ca\/wp-json\/wp\/v2\/pages\/19665\/revisions\/23249"}],"up":[{"embeddable":true,"href":"https:\/\/prograin.ca\/ca\/wp-json\/wp\/v2\/pages\/19617"}],"wp:attachment":[{"href":"https:\/\/prograin.ca\/ca\/wp-json\/wp\/v2\/media?parent=19665"}],"curies":[{"name":"wp","href":"https:\/\/api.w.org\/{rel}","templated":true}]}}