
{"id":19716,"date":"2019-01-31T21:35:21","date_gmt":"2019-01-31T21:35:21","guid":{"rendered":"https:\/\/prograin.ca\/?page_id=19716"},"modified":"2023-05-15T11:04:08","modified_gmt":"2023-05-15T11:04:08","slug":"conseils","status":"publish","type":"page","link":"https:\/\/prograin.ca\/ca\/fr\/semences\/conseils\/","title":{"rendered":"Les experts Prograin"},"content":{"rendered":"\n<div class=\"wp-block-balise-section-block alignfull _sectionblock has-1-columns\">\n<div class=\"\" style=\"color:#ffffff;background-image:url(https:\/\/prograin.ca\/app\/uploads\/2019\/01\/conseils_header.jpg);background-size:cover;padding-top:60px;padding-bottom:60px;padding-left:10px;padding-right:10px\"><div class=\"verticalbg\" style=\"background-size:cover\"><\/div><div class=\"inside\" style=\"margin:0 auto\">\n<div class=\"wp-container-3 wp-block-columns has-2-columns\">\n<div class=\"wp-container-1 wp-block-column\">\n<p>Notre \u00e9quipe des ventes de semences compte sur des sp\u00e9cialistes et des agronomes d\u2019exp\u00e9rience pour appuyer le r\u00e9seau de distribution de notre entreprise.<\/p>\n\n\n\n<p>N\u2019h\u00e9sitez pas \u00e0 communiquer avec un membre de notre \u00e9quipe, et ce, \u00e0 toutes les \u00e9tapes de production, du semis \u00e0 la r\u00e9colte. Nous serons heureux de pouvoir vous aider ! <\/p>\n<\/div>\n\n\n\n<div class=\"wp-container-2 wp-block-column\"><\/div>\n<\/div>\n<\/div><\/div>\n<\/div>\n\n\n\n<div class=\"wp-block-balise-section-block alignfull _sectionblock has-1-columns\">\n<div class=\"\" style=\"background-size:cover;padding-top:30px;padding-bottom:10px;padding-left:10px;padding-right:10px\"><div class=\"verticalbg\" style=\"background-size:cover\"><\/div><div class=\"inside\" style=\"margin:0 auto\">\n<h3 class=\"is-style-orange\">1. AU SEMIS<\/h3>\n\n\n\n<hr class=\"wp-block-separator has-css-opacity\"\/>\n\n\n\n<div class=\"wp-container-6 wp-block-columns has-2-columns\">\n<div class=\"wp-container-4 wp-block-column\">\n<p>Pr\u00e9paration de terrain, profondeur de semis, calibration de semoir, population recommand\u00e9e, espacement au semis, etc.<\/p>\n<\/div>\n\n\n\n<div class=\"wp-container-5 wp-block-column\">\n<p><\/p>\n<\/div>\n<\/div>\n<\/div><\/div>\n<\/div>\n\n\n\n<div class=\"wp-block-balise-section-block alignfull _sectionblock has-1-columns\">\n<div class=\"\" style=\"background-size:cover;padding-top:10px;padding-bottom:10px;padding-left:10px;padding-right:10px\"><div class=\"verticalbg\" style=\"background-size:cover\"><\/div><div class=\"inside\" style=\"margin:0 auto\">\n<h3 class=\"is-style-orange\">2. PHYTOPROTECTION<\/h3>\n\n\n\n<hr class=\"wp-block-separator has-css-opacity\"\/>\n\n\n\n<div class=\"wp-container-9 wp-block-columns has-2-columns\">\n<div class=\"wp-container-7 wp-block-column\">\n<p>Que ce soit \u00e0 propos des maladies les plus souvent rencontr\u00e9es dans le soya, des insectes nuisibles ou du contr\u00f4le des mauvaises herbes, nous sommes en mesure de vous aider \u00e0 bien identifier les pathog\u00e8nes.<\/p>\n<\/div>\n\n\n\n<div class=\"wp-container-8 wp-block-column\">\n<p>C\u2019est avec plaisir que notre \u00e9quipe vous guidera pour mieux conna\u00eetre les facteurs favorisant leur d\u00e9veloppement et pour d\u00e9couvrir les diverses fa\u00e7ons de les contr\u00f4ler ou d\u2019en diminuer l\u2019impact.<\/p>\n<\/div>\n<\/div>\n<\/div><\/div>\n<\/div>\n\n\n\n<div class=\"wp-block-balise-section-block alignfull _sectionblock has-1-columns\">\n<div class=\"\" style=\"background-size:cover;padding-top:10px;padding-bottom:10px;padding-left:10px;padding-right:10px\"><div class=\"verticalbg\" style=\"background-size:cover\"><\/div><div class=\"inside\" style=\"margin:0 auto\">\n<h3 class=\"is-style-orange\">3. R\u00c9COLTER DE LA QUALIT\u00c9<\/h3>\n\n\n\n<hr class=\"wp-block-separator has-css-opacity\"\/>\n\n\n\n<div class=\"wp-container-12 wp-block-columns has-2-columns\">\n<div class=\"wp-container-10 wp-block-column\">\n<p>La qualit\u00e9 et l\u2019apparence des grains sont des crit\u00e8res primordiaux pour les acheteurs de soya destin\u00e9 \u00e0 l\u2019alimentation humaine. La r\u00e9colte est un des points les plus importants \u00e0 surveiller pour obtenir du soya de grade n<sup>o<\/sup>&nbsp;1.<\/p>\n<\/div>\n\n\n\n<div class=\"wp-container-11 wp-block-column\">\n<p>Nous mettons \u00e0 votre disposition des documents contenant de l\u2019information pertinente sur la r\u00e9colte du soya. <a href=\"https:\/\/prograin.ca\/ca\/fr\/nous-joindre\/\">N\u2019h\u00e9sitez pas \u00e0 communiquer avec nous pour vous les procurer.<\/a><\/p>\n<\/div>\n<\/div>\n<\/div><\/div>\n<\/div>\n\n\n\n<div class=\"wp-block-balise-section-block alignfull _sectionblock has-1-columns\">\n<div class=\"\" style=\"background-size:cover;padding-top:10px;padding-bottom:30px;padding-left:10px;padding-right:10px\"><div class=\"verticalbg\" style=\"background-size:cover\"><\/div><div class=\"inside\" style=\"margin:0 auto\">\n<h3 class=\"is-style-orange\">4. CONSERVATION DU SOYA<\/h3>\n\n\n\n<hr class=\"wp-block-separator has-css-opacity\"\/>\n\n\n\n<div class=\"wp-container-15 wp-block-columns has-2-columns\">\n<div class=\"wp-container-13 wp-block-column\">\n<p>L\u2019entreposage des r\u00e9coltes est avantageux pour les producteurs. Mais pour obtenir et conserver des grains de qualit\u00e9, m\u00eame apr\u00e8s plusieurs mois dans le silo, il y a plusieurs crit\u00e8res essentiels \u00e0 respecter.<\/p>\n<\/div>\n\n\n\n<div class=\"wp-container-14 wp-block-column\">\n<p>Notre \u00e9quipe est pr\u00e9sente pour vous aider \u00e0 bien comprendre et distinguer les proc\u00e9d\u00e9s de ventilation et de s\u00e9chage.<\/p>\n<\/div>\n<\/div>\n<\/div><\/div>\n<\/div>\n","protected":false},"excerpt":{"rendered":"","protected":false},"author":2,"featured_media":0,"parent":539,"menu_order":6,"comment_status":"closed","ping_status":"closed","template":"","meta":{"advgb_blocks_editor_width":"","advgb_blocks_columns_visual_guide":""},"yoast_head":"<!-- This site is optimized with the Yoast SEO plugin v19.11 - https:\/\/yoast.com\/wordpress\/plugins\/seo\/ -->\n<title>Prograin | Les conseils des experts en soya<\/title>\n<meta name=\"description\" content=\"Les experts Prograin sont l\u00e0 pour vous appuyer \u00e0 toutes les \u00e9tapes de votre production. Des conseils adapt\u00e9s, pour vous aider \u00e0 maximiser vos revenus.\" \/>\n<meta name=\"robots\" content=\"index, follow, max-snippet:-1, max-image-preview:large, max-video-preview:-1\" \/>\n<link rel=\"canonical\" href=\"https:\/\/prograin.ca\/ca\/fr\/semences\/conseils\/\" \/>\n<meta property=\"og:locale\" content=\"fr_CA\" \/>\n<meta property=\"og:type\" content=\"article\" \/>\n<meta property=\"og:title\" content=\"Prograin | Les conseils des experts en soya\" \/>\n<meta property=\"og:description\" content=\"Les experts Prograin sont l\u00e0 pour vous appuyer \u00e0 toutes les \u00e9tapes de votre production. Des conseils adapt\u00e9s, pour vous aider \u00e0 maximiser vos revenus.\" \/>\n<meta property=\"og:url\" content=\"https:\/\/prograin.ca\/ca\/fr\/semences\/conseils\/\" \/>\n<meta property=\"og:site_name\" content=\"Prograin - Canada\" \/>\n<meta property=\"article:modified_time\" content=\"2023-05-15T11:04:08+00:00\" \/>\n<meta name=\"twitter:card\" content=\"summary_large_image\" \/>\n<meta name=\"twitter:label1\" content=\"Estimation du temps de lecture\" \/>\n\t<meta name=\"twitter:data1\" content=\"2 minutes\" \/>\n<script type=\"application\/ld+json\" class=\"yoast-schema-graph\">{\"@context\":\"https:\/\/schema.org\",\"@graph\":[{\"@type\":\"WebPage\",\"@id\":\"https:\/\/prograin.ca\/ca\/fr\/semences\/conseils\/\",\"url\":\"https:\/\/prograin.ca\/ca\/fr\/semences\/conseils\/\",\"name\":\"Prograin | Les conseils des experts en soya\",\"isPartOf\":{\"@id\":\"https:\/\/prograin.ca\/ca\/#website\"},\"datePublished\":\"2019-01-31T21:35:21+00:00\",\"dateModified\":\"2023-05-15T11:04:08+00:00\",\"description\":\"Les experts Prograin sont l\u00e0 pour vous appuyer \u00e0 toutes les \u00e9tapes de votre production. Des conseils adapt\u00e9s, pour vous aider \u00e0 maximiser vos revenus.\",\"breadcrumb\":{\"@id\":\"https:\/\/prograin.ca\/ca\/fr\/semences\/conseils\/#breadcrumb\"},\"inLanguage\":\"fr-CA\",\"potentialAction\":[{\"@type\":\"ReadAction\",\"target\":[\"https:\/\/prograin.ca\/ca\/fr\/semences\/conseils\/\"]}]},{\"@type\":\"BreadcrumbList\",\"@id\":\"https:\/\/prograin.ca\/ca\/fr\/semences\/conseils\/#breadcrumb\",\"itemListElement\":[{\"@type\":\"ListItem\",\"position\":1,\"name\":\"Home\",\"item\":\"https:\/\/prograin.ca\/ca\/fr\/\"},{\"@type\":\"ListItem\",\"position\":2,\"name\":\"Semences\",\"item\":\"https:\/\/prograin.ca\/ca\/fr\/semences\/\"},{\"@type\":\"ListItem\",\"position\":3,\"name\":\"Les experts Prograin\"}]},{\"@type\":\"WebSite\",\"@id\":\"https:\/\/prograin.ca\/ca\/#website\",\"url\":\"https:\/\/prograin.ca\/ca\/\",\"name\":\"Prograin - Canada\",\"description\":\"Un site utilisant WordPress\",\"publisher\":{\"@id\":\"https:\/\/prograin.ca\/ca\/#organization\"},\"potentialAction\":[{\"@type\":\"SearchAction\",\"target\":{\"@type\":\"EntryPoint\",\"urlTemplate\":\"https:\/\/prograin.ca\/ca\/?s={search_term_string}\"},\"query-input\":\"required name=search_term_string\"}],\"inLanguage\":\"fr-CA\"},{\"@type\":\"Organization\",\"@id\":\"https:\/\/prograin.ca\/ca\/#organization\",\"name\":\"Prograin - Canada\",\"url\":\"https:\/\/prograin.ca\/ca\/\",\"logo\":{\"@type\":\"ImageObject\",\"inLanguage\":\"fr-CA\",\"@id\":\"https:\/\/prograin.ca\/ca\/#\/schema\/logo\/image\/\",\"url\":\"https:\/\/prograin.ca\/app\/uploads\/sites\/3\/2018\/11\/Prograin-logo-1.png\",\"contentUrl\":\"https:\/\/prograin.ca\/app\/uploads\/sites\/3\/2018\/11\/Prograin-logo-1.png\",\"width\":352,\"height\":85,\"caption\":\"Prograin - Canada\"},\"image\":{\"@id\":\"https:\/\/prograin.ca\/ca\/#\/schema\/logo\/image\/\"}}]}<\/script>\n<!-- \/ Yoast SEO plugin. -->","yoast_head_json":{"title":"Prograin | Les conseils des experts en soya","description":"Les experts Prograin sont l\u00e0 pour vous appuyer \u00e0 toutes les \u00e9tapes de votre production. Des conseils adapt\u00e9s, pour vous aider \u00e0 maximiser vos revenus.","robots":{"index":"index","follow":"follow","max-snippet":"max-snippet:-1","max-image-preview":"max-image-preview:large","max-video-preview":"max-video-preview:-1"},"canonical":"https:\/\/prograin.ca\/ca\/fr\/semences\/conseils\/","og_locale":"fr_CA","og_type":"article","og_title":"Prograin | Les conseils des experts en soya","og_description":"Les experts Prograin sont l\u00e0 pour vous appuyer \u00e0 toutes les \u00e9tapes de votre production. Des conseils adapt\u00e9s, pour vous aider \u00e0 maximiser vos revenus.","og_url":"https:\/\/prograin.ca\/ca\/fr\/semences\/conseils\/","og_site_name":"Prograin - Canada","article_modified_time":"2023-05-15T11:04:08+00:00","twitter_card":"summary_large_image","twitter_misc":{"Estimation du temps de lecture":"2 minutes"},"schema":{"@context":"https:\/\/schema.org","@graph":[{"@type":"WebPage","@id":"https:\/\/prograin.ca\/ca\/fr\/semences\/conseils\/","url":"https:\/\/prograin.ca\/ca\/fr\/semences\/conseils\/","name":"Prograin | Les conseils des experts en soya","isPartOf":{"@id":"https:\/\/prograin.ca\/ca\/#website"},"datePublished":"2019-01-31T21:35:21+00:00","dateModified":"2023-05-15T11:04:08+00:00","description":"Les experts Prograin sont l\u00e0 pour vous appuyer \u00e0 toutes les \u00e9tapes de votre production. Des conseils adapt\u00e9s, pour vous aider \u00e0 maximiser vos revenus.","breadcrumb":{"@id":"https:\/\/prograin.ca\/ca\/fr\/semences\/conseils\/#breadcrumb"},"inLanguage":"fr-CA","potentialAction":[{"@type":"ReadAction","target":["https:\/\/prograin.ca\/ca\/fr\/semences\/conseils\/"]}]},{"@type":"BreadcrumbList","@id":"https:\/\/prograin.ca\/ca\/fr\/semences\/conseils\/#breadcrumb","itemListElement":[{"@type":"ListItem","position":1,"name":"Home","item":"https:\/\/prograin.ca\/ca\/fr\/"},{"@type":"ListItem","position":2,"name":"Semences","item":"https:\/\/prograin.ca\/ca\/fr\/semences\/"},{"@type":"ListItem","position":3,"name":"Les experts Prograin"}]},{"@type":"WebSite","@id":"https:\/\/prograin.ca\/ca\/#website","url":"https:\/\/prograin.ca\/ca\/","name":"Prograin - Canada","description":"Un site utilisant WordPress","publisher":{"@id":"https:\/\/prograin.ca\/ca\/#organization"},"potentialAction":[{"@type":"SearchAction","target":{"@type":"EntryPoint","urlTemplate":"https:\/\/prograin.ca\/ca\/?s={search_term_string}"},"query-input":"required name=search_term_string"}],"inLanguage":"fr-CA"},{"@type":"Organization","@id":"https:\/\/prograin.ca\/ca\/#organization","name":"Prograin - Canada","url":"https:\/\/prograin.ca\/ca\/","logo":{"@type":"ImageObject","inLanguage":"fr-CA","@id":"https:\/\/prograin.ca\/ca\/#\/schema\/logo\/image\/","url":"https:\/\/prograin.ca\/app\/uploads\/sites\/3\/2018\/11\/Prograin-logo-1.png","contentUrl":"https:\/\/prograin.ca\/app\/uploads\/sites\/3\/2018\/11\/Prograin-logo-1.png","width":352,"height":85,"caption":"Prograin - Canada"},"image":{"@id":"https:\/\/prograin.ca\/ca\/#\/schema\/logo\/image\/"}}]}},"featured_image_urls":{"full":"","thumbnail":"","medium":"","medium_large":"","large":"","1536x1536":"","2048x2048":"","menu-24x24":"","menu-36x36":"","menu-48x48":""},"post_excerpt_stackable":"<p>Notre \u00e9quipe des ventes de semences compte sur des sp\u00e9cialistes et des agronomes d\u2019exp\u00e9rience pour appuyer le r\u00e9seau de distribution de notre entreprise. N\u2019h\u00e9sitez pas \u00e0 communiquer avec un membre de notre \u00e9quipe, et ce, \u00e0 toutes les \u00e9tapes de production, du semis \u00e0 la r\u00e9colte. Nous serons heureux de pouvoir vous aider ! 1. AU SEMIS Pr\u00e9paration de terrain, profondeur de semis, calibration de semoir, population recommand\u00e9e, espacement au semis, etc. 2. PHYTOPROTECTION Que ce soit \u00e0 propos des maladies les plus souvent rencontr\u00e9es dans le soya, des insectes nuisibles ou du contr\u00f4le des mauvaises herbes, nous sommes en&hellip;<\/p>\n","category_list":"","author_info":{"name":"Jean Trudel","url":"https:\/\/prograin.ca\/ca\/author\/amazone\/"},"comments_num":"0 comments","featured_image_urls_v2":{"full":"","thumbnail":"","medium":"","medium_large":"","large":"","1536x1536":"","2048x2048":"","menu-24x24":"","menu-36x36":"","menu-48x48":""},"post_excerpt_stackable_v2":"<p>Notre \u00e9quipe des ventes de semences compte sur des sp\u00e9cialistes et des agronomes d\u2019exp\u00e9rience pour appuyer le r\u00e9seau de distribution de notre entreprise. N\u2019h\u00e9sitez pas \u00e0 communiquer avec un membre de notre \u00e9quipe, et ce, \u00e0 toutes les \u00e9tapes de production, du semis \u00e0 la r\u00e9colte. Nous serons heureux de pouvoir vous aider ! 1. AU SEMIS Pr\u00e9paration de terrain, profondeur de semis, calibration de semoir, population recommand\u00e9e, espacement au semis, etc. 2. PHYTOPROTECTION Que ce soit \u00e0 propos des maladies les plus souvent rencontr\u00e9es dans le soya, des insectes nuisibles ou du contr\u00f4le des mauvaises herbes, nous sommes en&hellip;<\/p>\n","category_list_v2":"","author_info_v2":{"name":"Jean Trudel","url":"https:\/\/prograin.ca\/ca\/author\/amazone\/"},"comments_num_v2":"0 comments","coauthors":[],"author_meta":{"author_link":"https:\/\/prograin.ca\/ca\/author\/amazone\/","display_name":"Jean Trudel"},"relative_dates":{"created":"Posted 7 ann\u00e9es ago","modified":"Updated 3 ann\u00e9es ago"},"absolute_dates":{"created":"Posted on 31 janvier 2019","modified":"Updated on 15 mai 2023"},"absolute_dates_time":{"created":"Posted on 31 janvier 2019 21 h 35 min","modified":"Updated on 15 mai 2023 11 h 04 min"},"featured_img_caption":"","featured_img":false,"series_order":"","_links":{"self":[{"href":"https:\/\/prograin.ca\/ca\/wp-json\/wp\/v2\/pages\/19716"}],"collection":[{"href":"https:\/\/prograin.ca\/ca\/wp-json\/wp\/v2\/pages"}],"about":[{"href":"https:\/\/prograin.ca\/ca\/wp-json\/wp\/v2\/types\/page"}],"author":[{"embeddable":true,"href":"https:\/\/prograin.ca\/ca\/wp-json\/wp\/v2\/users\/2"}],"replies":[{"embeddable":true,"href":"https:\/\/prograin.ca\/ca\/wp-json\/wp\/v2\/comments?post=19716"}],"version-history":[{"count":21,"href":"https:\/\/prograin.ca\/ca\/wp-json\/wp\/v2\/pages\/19716\/revisions"}],"predecessor-version":[{"id":25545,"href":"https:\/\/prograin.ca\/ca\/wp-json\/wp\/v2\/pages\/19716\/revisions\/25545"}],"up":[{"embeddable":true,"href":"https:\/\/prograin.ca\/ca\/wp-json\/wp\/v2\/pages\/539"}],"wp:attachment":[{"href":"https:\/\/prograin.ca\/ca\/wp-json\/wp\/v2\/media?parent=19716"}],"curies":[{"name":"wp","href":"https:\/\/api.w.org\/{rel}","templated":true}]}}