
{"id":19740,"date":"2019-02-01T13:48:27","date_gmt":"2019-02-01T13:48:27","guid":{"rendered":"https:\/\/prograin.ca\/?page_id=19740"},"modified":"2019-04-07T23:51:54","modified_gmt":"2019-04-07T23:51:54","slug":"resultats-de-parcelles","status":"publish","type":"page","link":"https:\/\/prograin.ca\/ca\/fr\/semences\/resultats-de-parcelles\/","title":{"rendered":"R\u00e9sultats de parcelles"},"content":{"rendered":"\n<div class=\"wp-block-balise-section-block alignfull _sectionblock has-1-columns\">\n<div class=\"\" style=\"color:#ffffff;background-image:url(https:\/\/prograin.ca\/app\/uploads\/2019\/02\/resultats_header.jpg);background-size:cover;padding-bottom:60px\"><div class=\"verticalbg\" style=\"background-size:cover\"><\/div><div class=\"inside\" style=\"margin:0 40&nbsp;% 0 0\">\n<h3>Ann\u00e9e apr\u00e8s ann\u00e9e, nos r\u00e9sultats sur le terrain parlent d\u2019eux-m\u00eames  <\/h3>\n<\/div><\/div>\n<\/div>\n","protected":false},"excerpt":{"rendered":"","protected":false},"author":1,"featured_media":0,"parent":539,"menu_order":0,"comment_status":"closed","ping_status":"closed","template":"resultats","meta":{"advgb_blocks_editor_width":"","advgb_blocks_columns_visual_guide":""},"yoast_head":"<!-- This site is optimized with the Yoast SEO plugin v19.11 - https:\/\/yoast.com\/wordpress\/plugins\/seo\/ -->\n<title>Prograin | Les r\u00e9sultats des parcelles d\u2019essais<\/title>\n<meta name=\"description\" content=\"Ann\u00e9e apr\u00e8s ann\u00e9e, les r\u00e9sultats sur le terrain parlent d\u2019eux-m\u00eames. Vous pouvez v\u00e9rifier le bilan des parcelles d\u2019essais gr\u00e2ce \u00e0 notre outil en ligne.\" \/>\n<meta name=\"robots\" content=\"index, follow, max-snippet:-1, max-image-preview:large, max-video-preview:-1\" \/>\n<link rel=\"canonical\" href=\"https:\/\/prograin.ca\/ca\/fr\/semences\/resultats-de-parcelles\/\" \/>\n<meta property=\"og:locale\" content=\"fr_CA\" \/>\n<meta property=\"og:type\" content=\"article\" \/>\n<meta property=\"og:title\" content=\"Prograin | Les r\u00e9sultats des parcelles d\u2019essais\" \/>\n<meta property=\"og:description\" content=\"Ann\u00e9e apr\u00e8s ann\u00e9e, les r\u00e9sultats sur le terrain parlent d\u2019eux-m\u00eames. Vous pouvez v\u00e9rifier le bilan des parcelles d\u2019essais gr\u00e2ce \u00e0 notre outil en ligne.\" \/>\n<meta property=\"og:url\" content=\"https:\/\/prograin.ca\/ca\/fr\/semences\/resultats-de-parcelles\/\" \/>\n<meta property=\"og:site_name\" content=\"Prograin - Canada\" \/>\n<meta property=\"article:modified_time\" content=\"2019-04-07T23:51:54+00:00\" \/>\n<meta name=\"twitter:card\" content=\"summary_large_image\" \/>\n<script type=\"application\/ld+json\" class=\"yoast-schema-graph\">{\"@context\":\"https:\/\/schema.org\",\"@graph\":[{\"@type\":\"WebPage\",\"@id\":\"https:\/\/prograin.ca\/ca\/fr\/semences\/resultats-de-parcelles\/\",\"url\":\"https:\/\/prograin.ca\/ca\/fr\/semences\/resultats-de-parcelles\/\",\"name\":\"Prograin | Les r\u00e9sultats des parcelles d\u2019essais\",\"isPartOf\":{\"@id\":\"https:\/\/prograin.ca\/ca\/#website\"},\"datePublished\":\"2019-02-01T13:48:27+00:00\",\"dateModified\":\"2019-04-07T23:51:54+00:00\",\"description\":\"Ann\u00e9e apr\u00e8s ann\u00e9e, les r\u00e9sultats sur le terrain parlent d\u2019eux-m\u00eames. Vous pouvez v\u00e9rifier le bilan des parcelles d\u2019essais gr\u00e2ce \u00e0 notre outil en ligne.\",\"breadcrumb\":{\"@id\":\"https:\/\/prograin.ca\/ca\/fr\/semences\/resultats-de-parcelles\/#breadcrumb\"},\"inLanguage\":\"fr-CA\",\"potentialAction\":[{\"@type\":\"ReadAction\",\"target\":[\"https:\/\/prograin.ca\/ca\/fr\/semences\/resultats-de-parcelles\/\"]}]},{\"@type\":\"BreadcrumbList\",\"@id\":\"https:\/\/prograin.ca\/ca\/fr\/semences\/resultats-de-parcelles\/#breadcrumb\",\"itemListElement\":[{\"@type\":\"ListItem\",\"position\":1,\"name\":\"Home\",\"item\":\"https:\/\/prograin.ca\/ca\/fr\/\"},{\"@type\":\"ListItem\",\"position\":2,\"name\":\"Semences\",\"item\":\"https:\/\/prograin.ca\/ca\/fr\/semences\/\"},{\"@type\":\"ListItem\",\"position\":3,\"name\":\"R\u00e9sultats de parcelles\"}]},{\"@type\":\"WebSite\",\"@id\":\"https:\/\/prograin.ca\/ca\/#website\",\"url\":\"https:\/\/prograin.ca\/ca\/\",\"name\":\"Prograin - Canada\",\"description\":\"Un site utilisant WordPress\",\"publisher\":{\"@id\":\"https:\/\/prograin.ca\/ca\/#organization\"},\"potentialAction\":[{\"@type\":\"SearchAction\",\"target\":{\"@type\":\"EntryPoint\",\"urlTemplate\":\"https:\/\/prograin.ca\/ca\/?s={search_term_string}\"},\"query-input\":\"required name=search_term_string\"}],\"inLanguage\":\"fr-CA\"},{\"@type\":\"Organization\",\"@id\":\"https:\/\/prograin.ca\/ca\/#organization\",\"name\":\"Prograin - Canada\",\"url\":\"https:\/\/prograin.ca\/ca\/\",\"logo\":{\"@type\":\"ImageObject\",\"inLanguage\":\"fr-CA\",\"@id\":\"https:\/\/prograin.ca\/ca\/#\/schema\/logo\/image\/\",\"url\":\"https:\/\/prograin.ca\/app\/uploads\/sites\/3\/2018\/11\/Prograin-logo-1.png\",\"contentUrl\":\"https:\/\/prograin.ca\/app\/uploads\/sites\/3\/2018\/11\/Prograin-logo-1.png\",\"width\":352,\"height\":85,\"caption\":\"Prograin - Canada\"},\"image\":{\"@id\":\"https:\/\/prograin.ca\/ca\/#\/schema\/logo\/image\/\"}}]}<\/script>\n<!-- \/ Yoast SEO plugin. -->","yoast_head_json":{"title":"Prograin | Les r\u00e9sultats des parcelles d\u2019essais","description":"Ann\u00e9e apr\u00e8s ann\u00e9e, les r\u00e9sultats sur le terrain parlent d\u2019eux-m\u00eames. Vous pouvez v\u00e9rifier le bilan des parcelles d\u2019essais gr\u00e2ce \u00e0 notre outil en ligne.","robots":{"index":"index","follow":"follow","max-snippet":"max-snippet:-1","max-image-preview":"max-image-preview:large","max-video-preview":"max-video-preview:-1"},"canonical":"https:\/\/prograin.ca\/ca\/fr\/semences\/resultats-de-parcelles\/","og_locale":"fr_CA","og_type":"article","og_title":"Prograin | Les r\u00e9sultats des parcelles d\u2019essais","og_description":"Ann\u00e9e apr\u00e8s ann\u00e9e, les r\u00e9sultats sur le terrain parlent d\u2019eux-m\u00eames. Vous pouvez v\u00e9rifier le bilan des parcelles d\u2019essais gr\u00e2ce \u00e0 notre outil en ligne.","og_url":"https:\/\/prograin.ca\/ca\/fr\/semences\/resultats-de-parcelles\/","og_site_name":"Prograin - Canada","article_modified_time":"2019-04-07T23:51:54+00:00","twitter_card":"summary_large_image","schema":{"@context":"https:\/\/schema.org","@graph":[{"@type":"WebPage","@id":"https:\/\/prograin.ca\/ca\/fr\/semences\/resultats-de-parcelles\/","url":"https:\/\/prograin.ca\/ca\/fr\/semences\/resultats-de-parcelles\/","name":"Prograin | Les r\u00e9sultats des parcelles d\u2019essais","isPartOf":{"@id":"https:\/\/prograin.ca\/ca\/#website"},"datePublished":"2019-02-01T13:48:27+00:00","dateModified":"2019-04-07T23:51:54+00:00","description":"Ann\u00e9e apr\u00e8s ann\u00e9e, les r\u00e9sultats sur le terrain parlent d\u2019eux-m\u00eames. Vous pouvez v\u00e9rifier le bilan des parcelles d\u2019essais gr\u00e2ce \u00e0 notre outil en ligne.","breadcrumb":{"@id":"https:\/\/prograin.ca\/ca\/fr\/semences\/resultats-de-parcelles\/#breadcrumb"},"inLanguage":"fr-CA","potentialAction":[{"@type":"ReadAction","target":["https:\/\/prograin.ca\/ca\/fr\/semences\/resultats-de-parcelles\/"]}]},{"@type":"BreadcrumbList","@id":"https:\/\/prograin.ca\/ca\/fr\/semences\/resultats-de-parcelles\/#breadcrumb","itemListElement":[{"@type":"ListItem","position":1,"name":"Home","item":"https:\/\/prograin.ca\/ca\/fr\/"},{"@type":"ListItem","position":2,"name":"Semences","item":"https:\/\/prograin.ca\/ca\/fr\/semences\/"},{"@type":"ListItem","position":3,"name":"R\u00e9sultats de parcelles"}]},{"@type":"WebSite","@id":"https:\/\/prograin.ca\/ca\/#website","url":"https:\/\/prograin.ca\/ca\/","name":"Prograin - Canada","description":"Un site utilisant WordPress","publisher":{"@id":"https:\/\/prograin.ca\/ca\/#organization"},"potentialAction":[{"@type":"SearchAction","target":{"@type":"EntryPoint","urlTemplate":"https:\/\/prograin.ca\/ca\/?s={search_term_string}"},"query-input":"required name=search_term_string"}],"inLanguage":"fr-CA"},{"@type":"Organization","@id":"https:\/\/prograin.ca\/ca\/#organization","name":"Prograin - Canada","url":"https:\/\/prograin.ca\/ca\/","logo":{"@type":"ImageObject","inLanguage":"fr-CA","@id":"https:\/\/prograin.ca\/ca\/#\/schema\/logo\/image\/","url":"https:\/\/prograin.ca\/app\/uploads\/sites\/3\/2018\/11\/Prograin-logo-1.png","contentUrl":"https:\/\/prograin.ca\/app\/uploads\/sites\/3\/2018\/11\/Prograin-logo-1.png","width":352,"height":85,"caption":"Prograin - Canada"},"image":{"@id":"https:\/\/prograin.ca\/ca\/#\/schema\/logo\/image\/"}}]}},"featured_image_urls":{"full":"","thumbnail":"","medium":"","medium_large":"","large":"","1536x1536":"","2048x2048":"","menu-24x24":"","menu-36x36":"","menu-48x48":""},"post_excerpt_stackable":"<p>Ann\u00e9e apr\u00e8s ann\u00e9e, nos r\u00e9sultats sur le terrain parlent d\u2019eux-m\u00eames<\/p>\n","category_list":"","author_info":{"name":"developpe","url":"https:\/\/prograin.ca\/ca\/author\/developpe\/"},"comments_num":"0 comments","featured_image_urls_v2":{"full":"","thumbnail":"","medium":"","medium_large":"","large":"","1536x1536":"","2048x2048":"","menu-24x24":"","menu-36x36":"","menu-48x48":""},"post_excerpt_stackable_v2":"<p>Ann\u00e9e apr\u00e8s ann\u00e9e, nos r\u00e9sultats sur le terrain parlent d\u2019eux-m\u00eames<\/p>\n","category_list_v2":"","author_info_v2":{"name":"developpe","url":"https:\/\/prograin.ca\/ca\/author\/developpe\/"},"comments_num_v2":"0 comments","coauthors":[],"author_meta":{"author_link":"https:\/\/prograin.ca\/ca\/author\/developpe\/","display_name":"developpe"},"relative_dates":{"created":"Posted 7 ann\u00e9es ago","modified":"Updated 7 ann\u00e9es ago"},"absolute_dates":{"created":"Posted on 1 f\u00e9vrier 2019","modified":"Updated on 7 avril 2019"},"absolute_dates_time":{"created":"Posted on 1 f\u00e9vrier 2019 13 h 48 min","modified":"Updated on 7 avril 2019 23 h 51 min"},"featured_img_caption":"","featured_img":false,"series_order":"","_links":{"self":[{"href":"https:\/\/prograin.ca\/ca\/wp-json\/wp\/v2\/pages\/19740"}],"collection":[{"href":"https:\/\/prograin.ca\/ca\/wp-json\/wp\/v2\/pages"}],"about":[{"href":"https:\/\/prograin.ca\/ca\/wp-json\/wp\/v2\/types\/page"}],"author":[{"embeddable":true,"href":"https:\/\/prograin.ca\/ca\/wp-json\/wp\/v2\/users\/1"}],"replies":[{"embeddable":true,"href":"https:\/\/prograin.ca\/ca\/wp-json\/wp\/v2\/comments?post=19740"}],"version-history":[{"count":19,"href":"https:\/\/prograin.ca\/ca\/wp-json\/wp\/v2\/pages\/19740\/revisions"}],"predecessor-version":[{"id":26522,"href":"https:\/\/prograin.ca\/ca\/wp-json\/wp\/v2\/pages\/19740\/revisions\/26522"}],"up":[{"embeddable":true,"href":"https:\/\/prograin.ca\/ca\/wp-json\/wp\/v2\/pages\/539"}],"wp:attachment":[{"href":"https:\/\/prograin.ca\/ca\/wp-json\/wp\/v2\/media?parent=19740"}],"curies":[{"name":"wp","href":"https:\/\/api.w.org\/{rel}","templated":true}]}}