
{"id":19780,"date":"2019-02-01T18:56:35","date_gmt":"2019-02-01T18:56:35","guid":{"rendered":"https:\/\/prograin.ca\/?page_id=19780"},"modified":"2019-04-09T15:11:29","modified_gmt":"2019-04-09T15:11:29","slug":"soya-biologique-nos-varietes","status":"publish","type":"page","link":"https:\/\/prograin.ca\/ca\/fr\/soyas\/soya-biologique-nos-varietes\/","title":{"rendered":"Soya biologique \u2014 nos vari\u00e9t\u00e9s"},"content":{"rendered":"\n<div class=\"wp-block-balise-section-block alignfull _sectionblock has-1-columns\">\n<div class=\"\" style=\"color:#ffffff;background-image:url(https:\/\/prograin.ca\/app\/uploads\/2019\/02\/soya_bio_header.jpg);background-size:cover;padding-top:60px;padding-bottom:60px;padding-left:10px;padding-right:10px\"><div class=\"verticalbg\" style=\"background-size:cover\"><\/div><div class=\"inside\" style=\"margin:0 auto\">\n<div class=\"wp-container-3 wp-block-columns has-2-columns\">\n<div class=\"wp-container-1 wp-block-column\">\n<p>Nous assurons un contr\u00f4le de qualit\u00e9 tout au long du cycle de production du soya et nous garantissons le respect des normes des diff\u00e9rentes certifications. Ces derni\u00e8res ann\u00e9es, nous nous sommes positionn\u00e9s comme un acteur important sur le march\u00e9 du soya bio en Am\u00e9rique du Nord.<\/p>\n<\/div>\n\n\n\n<div class=\"wp-container-2 wp-block-column\">\n<p>Gr\u00e2ce \u00e0 notre entente de production bio, combin\u00e9e \u00e0 l\u2019excellente performance de nos vari\u00e9t\u00e9s, nous avons b\u00e2ti un r\u00e9seau de clients fiables \u00e0 l\u2019\u00e9tranger qui aiment les vari\u00e9t\u00e9s de soya biologique Prograin. Nos certifications d\u00e9montrent le respect des normes sp\u00e9cifiques \u00e0 la production, \u00e0 la pr\u00e9paration et \u00e0 la distribution d\u2019aliments biologiques.<\/p>\n<\/div>\n<\/div>\n<\/div><\/div>\n<\/div>\n\n\n\n<div class=\"wp-block-balise-section-block alignfull _sectionblock has-1-columns hide-mobile, hide-tablet\">\n<div class=\"\" style=\"background-size:cover;padding-top:60px;padding-bottom:60px;padding-left:10px;padding-right:10px\"><div class=\"verticalbg\" style=\"background-size:cover\"><\/div><div class=\"inside\" style=\"margin:0 auto\">\n<div class=\"wp-container-9 wp-block-columns has-5-columns\">\n<div class=\"wp-container-4 wp-block-column\">\n<figure class=\"wp-block-image is-resized hide-mobile, hide-tablet\"><img loading=\"lazy\" src=\"https:\/\/prograin.ca\/app\/uploads\/2019\/02\/PG-priv-bio-2.jpg\" alt=\"\" class=\"wp-image-19784\" width=\"116\" height=\"52\"\/><\/figure>\n<\/div>\n\n\n\n<div class=\"wp-container-5 wp-block-column\">\n<figure class=\"wp-block-image hide-mobile, hide-tablet\"><img loading=\"lazy\" width=\"145\" height=\"100\" src=\"https:\/\/prograin.ca\/app\/uploads\/2019\/02\/ECOCERT-rouge.jpg\" alt=\"\" class=\"wp-image-19785\"\/><\/figure>\n<\/div>\n\n\n\n<div class=\"wp-container-6 wp-block-column\">\n<figure class=\"wp-block-image hide-mobile, hide-tablet\"><img loading=\"lazy\" width=\"143\" height=\"147\" src=\"https:\/\/prograin.ca\/app\/uploads\/2019\/02\/09142_Logo_Apr21-Jpeg.jpg\" alt=\"\" class=\"wp-image-19786\"\/><\/figure>\n<\/div>\n\n\n\n<div class=\"wp-container-7 wp-block-column\">\n<figure class=\"wp-block-image hide-mobile, hide-tablet\"><img loading=\"lazy\" width=\"193\" height=\"132\" src=\"https:\/\/prograin.ca\/app\/uploads\/2019\/02\/USDA-color-org-seal.jpg\" alt=\"\" class=\"wp-image-19788\"\/><\/figure>\n<\/div>\n\n\n\n<div class=\"wp-container-8 wp-block-column\">\n<figure class=\"wp-block-image hide-mobile, hide-tablet\"><img loading=\"lazy\" width=\"196\" height=\"129\" src=\"https:\/\/prograin.ca\/app\/uploads\/2019\/02\/DCOK-LOGO.jpg\" alt=\"\" class=\"wp-image-19787\"\/><\/figure>\n<\/div>\n<\/div>\n<\/div><\/div>\n<\/div>\n\n\n\n<div class=\"wp-block-prograin-list-soya\"><div class=\"soya-archive\">\n        <div class=\"soya-archive-item\">\n<div class=\"goodfor\">\n           <span>Do fu pi<\/span>\n       <span>Tofu<\/span>\n       <span>Yuba<\/span>\n     \n        \n<\/div>\n\n        <div class=\"col1\">\n            <h2>HANA<\/h2>\n\n            \n\n            <div class=\"sorte\">Quali-Pro<\/div>\n\n                 \n                                <img src=\"https:\/\/prograin.ca\/app\/uploads\/sites\/3\/2015\/08\/HANA-1.png\" alt=\" Grain picture \"> \n                                <img src=\"https:\/\/prograin.ca\/app\/uploads\/sites\/3\/2019\/02\/bio_semences_150.png\" class=\"category\" \/>                 <img src=\"https:\/\/prograin.ca\/app\/uploads\/sites\/3\/2019\/02\/quali-pro_semences.png\" class=\"category\" \/> \n        <\/div>\n        <div class=\"col2\">\n                        <img src=\"https:\/\/prograin.ca\/app\/uploads\/sites\/3\/2015\/08\/HANA-1.png\" alt=\" Grain picture \">         <\/div>\n        <div class=\"col3\">\n            <div class=\"row gap\">\n\n                <div class=\"col-xl-6\">\n                    <h3>Caract\u00e9ristiques<\/h3>\n                    <table>\n                        <tbody>\n                            <tr>\n                                <th>Nombre de graines<\/th>\n                                <td>4700 - 5500<\/td>\n                            <\/tr>\n                            <tr>\n                                <th>Largeur de grains\u00a0:<\/th>\n                                <td>6,80<\/td>\n                            <\/tr>\n                            <tr>\n                                <th>Hauteur des grains\u00a0:<\/th>\n                                <td>5,80<\/td>\n                            <\/tr>\n                            <tr>\n                                <th>Couleur du hile<\/th>\n                                <td>Jaune <\/td>\n                            <\/tr>                           \n                        <\/tbody>\n                    <\/table>\n                <\/div>\n                <div class=\"col-xl-6\">\n                    <h3>Composition<\/h3>\n                    <table>\n                        <tbody>\n                            <tr>\n                                <th>Prot\u00e9ine BS<\/th>\n                                <td  class=\"protein-data\">43,5%<\/td>\n                            <\/tr>\n                            <tr>\n                                <th>Huile<\/th>\n                                <td>20,5%<\/td>\n                            <\/tr>\n                            <tr>\n                                <th>Sucre total<\/th>\n                                <td>9,8%<\/td>\n                            <\/tr>\n                            <tr>\n                                <th>Stachyose<\/th>\n                                <td>3,5%<\/td>\n                            <\/tr>\n                        <\/tbody>\n                    <\/table>\n                <\/div>\n            <\/div>\n\n        <\/div>\n        <div class=\"col4 \">\n            <div class=\"terms\">\n                 \n                                        \n                                                <img src=\"https:\/\/prograin.ca\/app\/uploads\/sites\/3\/2019\/02\/bio_semences_150.png\" alt=\"Biologique\" \/> \n                                                                \n                                                <img src=\"https:\/\/prograin.ca\/app\/uploads\/sites\/3\/2019\/02\/quali-pro_semences.png\" alt=\"Quali-Pro\" \/> \n                                             \n\n                                        <span>Biologique  <\/span> \n                                        <span>Quali-Pro  <\/span> \n                     \n                            <\/div>\n\n            <a href=\"https:\/\/prograin.ca\/ca\/fr\/soya\/hana\/\" class=\"btn\">En savoir plus <\/a>\n        <\/div>\n\n    <\/div>\n        <div class=\"soya-archive-item\">\n<div class=\"goodfor\">\n           <span>Bean curds<\/span>\n       <span>Soy beverages<\/span>\n       <span>Tofu<\/span>\n     \n        \n<\/div>\n\n        <div class=\"col1\">\n            <h2>MARULA<\/h2>\n\n            \n\n            <div class=\"sorte\">IP<\/div>\n\n                 \n                                <img src=\"https:\/\/prograin.ca\/app\/uploads\/sites\/3\/2016\/09\/HAKATA-1.png\" alt=\" Grain picture \"> \n                                <img src=\"https:\/\/prograin.ca\/app\/uploads\/sites\/3\/2019\/02\/IP-1.png\" class=\"category\" \/>                 <img src=\"https:\/\/prograin.ca\/app\/uploads\/sites\/3\/2019\/02\/Organic.png\" class=\"category\" \/> \n        <\/div>\n        <div class=\"col2\">\n                        <img src=\"https:\/\/prograin.ca\/app\/uploads\/sites\/3\/2016\/09\/HAKATA-1.png\" alt=\" Grain picture \">         <\/div>\n        <div class=\"col3\">\n            <div class=\"row gap\">\n\n                <div class=\"col-xl-6\">\n                    <h3>Caract\u00e9ristiques<\/h3>\n                    <table>\n                        <tbody>\n                            <tr>\n                                <th>Nombre de graines<\/th>\n                                <td>4000 - 5500<\/td>\n                            <\/tr>\n                            <tr>\n                                <th>Largeur de grains\u00a0:<\/th>\n                                <td>-<\/td>\n                            <\/tr>\n                            <tr>\n                                <th>Hauteur des grains\u00a0:<\/th>\n                                <td>-<\/td>\n                            <\/tr>\n                            <tr>\n                                <th>Couleur du hile<\/th>\n                                <td>Yellow<\/td>\n                            <\/tr>                           \n                        <\/tbody>\n                    <\/table>\n                <\/div>\n                <div class=\"col-xl-6\">\n                    <h3>Composition<\/h3>\n                    <table>\n                        <tbody>\n                            <tr>\n                                <th>Prot\u00e9ine BS<\/th>\n                                <td  class=\"protein-data\">-<\/td>\n                            <\/tr>\n                            <tr>\n                                <th>Huile<\/th>\n                                <td>-<\/td>\n                            <\/tr>\n                            <tr>\n                                <th>Sucre total<\/th>\n                                <td>-<\/td>\n                            <\/tr>\n                            <tr>\n                                <th>Stachyose<\/th>\n                                <td>-<\/td>\n                            <\/tr>\n                        <\/tbody>\n                    <\/table>\n                <\/div>\n            <\/div>\n\n        <\/div>\n        <div class=\"col4 \">\n            <div class=\"terms\">\n                 \n                                        \n                                                <img src=\"https:\/\/prograin.ca\/app\/uploads\/sites\/3\/2019\/02\/IP-1.png\" alt=\"IP\" \/> \n                                                                \n                                                <img src=\"https:\/\/prograin.ca\/app\/uploads\/sites\/3\/2019\/02\/Organic.png\" alt=\"Organic\" \/> \n                                             \n\n                                        <span>IP  <\/span> \n                                        <span>Organic  <\/span> \n                     \n                            <\/div>\n\n            <a href=\"https:\/\/prograin.ca\/ca\/en\/soya\/marula\/\" class=\"btn\">En savoir plus <\/a>\n        <\/div>\n\n    <\/div>\n        <div class=\"soya-archive-item\">\n<div class=\"goodfor\">\n           <span>B\u00e2tonnets de tofu<\/span>\n       <span>Breuvage de soya<\/span>\n       <span>Tofu<\/span>\n     \n        \n<\/div>\n\n        <div class=\"col1\">\n            <h2>MARULA<\/h2>\n\n            \n\n            <div class=\"sorte\">Biologique<\/div>\n\n                 \n                                <img src=\"https:\/\/prograin.ca\/app\/uploads\/sites\/3\/2016\/09\/HAKATA-1.png\" alt=\" Grain picture \"> \n                                <img src=\"https:\/\/prograin.ca\/app\/uploads\/sites\/3\/2019\/02\/bio_semences_150.png\" class=\"category\" \/>                 <img src=\"https:\/\/prograin.ca\/app\/uploads\/sites\/3\/2019\/02\/IP-1.png\" class=\"category\" \/> \n        <\/div>\n        <div class=\"col2\">\n                        <img src=\"https:\/\/prograin.ca\/app\/uploads\/sites\/3\/2016\/09\/HAKATA-1.png\" alt=\" Grain picture \">         <\/div>\n        <div class=\"col3\">\n            <div class=\"row gap\">\n\n                <div class=\"col-xl-6\">\n                    <h3>Caract\u00e9ristiques<\/h3>\n                    <table>\n                        <tbody>\n                            <tr>\n                                <th>Nombre de graines<\/th>\n                                <td>4000 - 5500<\/td>\n                            <\/tr>\n                            <tr>\n                                <th>Largeur de grains\u00a0:<\/th>\n                                <td>-<\/td>\n                            <\/tr>\n                            <tr>\n                                <th>Hauteur des grains\u00a0:<\/th>\n                                <td>-<\/td>\n                            <\/tr>\n                            <tr>\n                                <th>Couleur du hile<\/th>\n                                <td>Jaune <\/td>\n                            <\/tr>                           \n                        <\/tbody>\n                    <\/table>\n                <\/div>\n                <div class=\"col-xl-6\">\n                    <h3>Composition<\/h3>\n                    <table>\n                        <tbody>\n                            <tr>\n                                <th>Prot\u00e9ine BS<\/th>\n                                <td  class=\"protein-data\">-<\/td>\n                            <\/tr>\n                            <tr>\n                                <th>Huile<\/th>\n                                <td>-<\/td>\n                            <\/tr>\n                            <tr>\n                                <th>Sucre total<\/th>\n                                <td>-<\/td>\n                            <\/tr>\n                            <tr>\n                                <th>Stachyose<\/th>\n                                <td>-<\/td>\n                            <\/tr>\n                        <\/tbody>\n                    <\/table>\n                <\/div>\n            <\/div>\n\n        <\/div>\n        <div class=\"col4 \">\n            <div class=\"terms\">\n                 \n                                        \n                                                <img src=\"https:\/\/prograin.ca\/app\/uploads\/sites\/3\/2019\/02\/bio_semences_150.png\" alt=\"Biologique\" \/> \n                                                                \n                                                <img src=\"https:\/\/prograin.ca\/app\/uploads\/sites\/3\/2019\/02\/IP-1.png\" alt=\"IP\" \/> \n                                             \n\n                                        <span>Biologique  <\/span> \n                                        <span>IP  <\/span> \n                     \n                            <\/div>\n\n            <a href=\"https:\/\/prograin.ca\/ca\/fr\/soya\/marula\/\" class=\"btn\">En savoir plus <\/a>\n        <\/div>\n\n    <\/div>\n    <\/div> <\/div>\n","protected":false},"excerpt":{"rendered":"","protected":false},"author":2,"featured_media":0,"parent":569,"menu_order":1,"comment_status":"closed","ping_status":"closed","template":"","meta":{"advgb_blocks_editor_width":"","advgb_blocks_columns_visual_guide":""},"yoast_head":"<!-- This site is optimized with the Yoast SEO plugin v19.11 - https:\/\/yoast.com\/wordpress\/plugins\/seo\/ -->\n<title>Prograin | Vari\u00e9t\u00e9s de soya alimentaire biologique de qualit\u00e9 sup\u00e9rieure<\/title>\n<meta name=\"description\" content=\"Prograin est un acteur de premier plan du soya biologique au Canada. Le contr\u00f4le de qualit\u00e9 et le respect des normes sont garantis tout au long du cycle de production.\" \/>\n<meta name=\"robots\" content=\"index, follow, max-snippet:-1, max-image-preview:large, max-video-preview:-1\" \/>\n<link rel=\"canonical\" href=\"https:\/\/prograin.ca\/ca\/fr\/soyas\/soya-biologique-nos-varietes\/\" \/>\n<meta property=\"og:locale\" content=\"fr_CA\" \/>\n<meta property=\"og:type\" content=\"article\" \/>\n<meta property=\"og:title\" content=\"Prograin | Vari\u00e9t\u00e9s de soya alimentaire biologique de qualit\u00e9 sup\u00e9rieure\" \/>\n<meta property=\"og:description\" content=\"Prograin est un acteur de premier plan du soya biologique au Canada. Le contr\u00f4le de qualit\u00e9 et le respect des normes sont garantis tout au long du cycle de production.\" \/>\n<meta property=\"og:url\" content=\"https:\/\/prograin.ca\/ca\/fr\/soyas\/soya-biologique-nos-varietes\/\" \/>\n<meta property=\"og:site_name\" content=\"Prograin - Canada\" \/>\n<meta property=\"article:modified_time\" content=\"2019-04-09T15:11:29+00:00\" \/>\n<meta property=\"og:image\" content=\"https:\/\/prograin.ca\/app\/uploads\/2019\/02\/PG-priv-bio-2.jpg\" \/>\n<meta name=\"twitter:card\" content=\"summary_large_image\" \/>\n<meta name=\"twitter:label1\" content=\"Estimation du temps de lecture\" \/>\n\t<meta name=\"twitter:data1\" content=\"1 minute\" \/>\n<script type=\"application\/ld+json\" class=\"yoast-schema-graph\">{\"@context\":\"https:\/\/schema.org\",\"@graph\":[{\"@type\":\"WebPage\",\"@id\":\"https:\/\/prograin.ca\/ca\/fr\/soyas\/soya-biologique-nos-varietes\/\",\"url\":\"https:\/\/prograin.ca\/ca\/fr\/soyas\/soya-biologique-nos-varietes\/\",\"name\":\"Prograin | Vari\u00e9t\u00e9s de soya alimentaire biologique de qualit\u00e9 sup\u00e9rieure\",\"isPartOf\":{\"@id\":\"https:\/\/prograin.ca\/ca\/#website\"},\"datePublished\":\"2019-02-01T18:56:35+00:00\",\"dateModified\":\"2019-04-09T15:11:29+00:00\",\"description\":\"Prograin est un acteur de premier plan du soya biologique au Canada. Le contr\u00f4le de qualit\u00e9 et le respect des normes sont garantis tout au long du cycle de production.\",\"breadcrumb\":{\"@id\":\"https:\/\/prograin.ca\/ca\/fr\/soyas\/soya-biologique-nos-varietes\/#breadcrumb\"},\"inLanguage\":\"fr-CA\",\"potentialAction\":[{\"@type\":\"ReadAction\",\"target\":[\"https:\/\/prograin.ca\/ca\/fr\/soyas\/soya-biologique-nos-varietes\/\"]}]},{\"@type\":\"BreadcrumbList\",\"@id\":\"https:\/\/prograin.ca\/ca\/fr\/soyas\/soya-biologique-nos-varietes\/#breadcrumb\",\"itemListElement\":[{\"@type\":\"ListItem\",\"position\":1,\"name\":\"Home\",\"item\":\"https:\/\/prograin.ca\/ca\/fr\/\"},{\"@type\":\"ListItem\",\"position\":2,\"name\":\"Soya\",\"item\":\"https:\/\/prograin.ca\/ca\/fr\/soyas\/\"},{\"@type\":\"ListItem\",\"position\":3,\"name\":\"Soya biologique \u2014 nos vari\u00e9t\u00e9s\"}]},{\"@type\":\"WebSite\",\"@id\":\"https:\/\/prograin.ca\/ca\/#website\",\"url\":\"https:\/\/prograin.ca\/ca\/\",\"name\":\"Prograin - Canada\",\"description\":\"Un site utilisant WordPress\",\"publisher\":{\"@id\":\"https:\/\/prograin.ca\/ca\/#organization\"},\"potentialAction\":[{\"@type\":\"SearchAction\",\"target\":{\"@type\":\"EntryPoint\",\"urlTemplate\":\"https:\/\/prograin.ca\/ca\/?s={search_term_string}\"},\"query-input\":\"required name=search_term_string\"}],\"inLanguage\":\"fr-CA\"},{\"@type\":\"Organization\",\"@id\":\"https:\/\/prograin.ca\/ca\/#organization\",\"name\":\"Prograin - Canada\",\"url\":\"https:\/\/prograin.ca\/ca\/\",\"logo\":{\"@type\":\"ImageObject\",\"inLanguage\":\"fr-CA\",\"@id\":\"https:\/\/prograin.ca\/ca\/#\/schema\/logo\/image\/\",\"url\":\"https:\/\/prograin.ca\/app\/uploads\/sites\/3\/2018\/11\/Prograin-logo-1.png\",\"contentUrl\":\"https:\/\/prograin.ca\/app\/uploads\/sites\/3\/2018\/11\/Prograin-logo-1.png\",\"width\":352,\"height\":85,\"caption\":\"Prograin - Canada\"},\"image\":{\"@id\":\"https:\/\/prograin.ca\/ca\/#\/schema\/logo\/image\/\"}}]}<\/script>\n<!-- \/ Yoast SEO plugin. -->","yoast_head_json":{"title":"Prograin | Vari\u00e9t\u00e9s de soya alimentaire biologique de qualit\u00e9 sup\u00e9rieure","description":"Prograin est un acteur de premier plan du soya biologique au Canada. Le contr\u00f4le de qualit\u00e9 et le respect des normes sont garantis tout au long du cycle de production.","robots":{"index":"index","follow":"follow","max-snippet":"max-snippet:-1","max-image-preview":"max-image-preview:large","max-video-preview":"max-video-preview:-1"},"canonical":"https:\/\/prograin.ca\/ca\/fr\/soyas\/soya-biologique-nos-varietes\/","og_locale":"fr_CA","og_type":"article","og_title":"Prograin | Vari\u00e9t\u00e9s de soya alimentaire biologique de qualit\u00e9 sup\u00e9rieure","og_description":"Prograin est un acteur de premier plan du soya biologique au Canada. Le contr\u00f4le de qualit\u00e9 et le respect des normes sont garantis tout au long du cycle de production.","og_url":"https:\/\/prograin.ca\/ca\/fr\/soyas\/soya-biologique-nos-varietes\/","og_site_name":"Prograin - Canada","article_modified_time":"2019-04-09T15:11:29+00:00","og_image":[{"url":"https:\/\/prograin.ca\/app\/uploads\/2019\/02\/PG-priv-bio-2.jpg"}],"twitter_card":"summary_large_image","twitter_misc":{"Estimation du temps de lecture":"1 minute"},"schema":{"@context":"https:\/\/schema.org","@graph":[{"@type":"WebPage","@id":"https:\/\/prograin.ca\/ca\/fr\/soyas\/soya-biologique-nos-varietes\/","url":"https:\/\/prograin.ca\/ca\/fr\/soyas\/soya-biologique-nos-varietes\/","name":"Prograin | Vari\u00e9t\u00e9s de soya alimentaire biologique de qualit\u00e9 sup\u00e9rieure","isPartOf":{"@id":"https:\/\/prograin.ca\/ca\/#website"},"datePublished":"2019-02-01T18:56:35+00:00","dateModified":"2019-04-09T15:11:29+00:00","description":"Prograin est un acteur de premier plan du soya biologique au Canada. Le contr\u00f4le de qualit\u00e9 et le respect des normes sont garantis tout au long du cycle de production.","breadcrumb":{"@id":"https:\/\/prograin.ca\/ca\/fr\/soyas\/soya-biologique-nos-varietes\/#breadcrumb"},"inLanguage":"fr-CA","potentialAction":[{"@type":"ReadAction","target":["https:\/\/prograin.ca\/ca\/fr\/soyas\/soya-biologique-nos-varietes\/"]}]},{"@type":"BreadcrumbList","@id":"https:\/\/prograin.ca\/ca\/fr\/soyas\/soya-biologique-nos-varietes\/#breadcrumb","itemListElement":[{"@type":"ListItem","position":1,"name":"Home","item":"https:\/\/prograin.ca\/ca\/fr\/"},{"@type":"ListItem","position":2,"name":"Soya","item":"https:\/\/prograin.ca\/ca\/fr\/soyas\/"},{"@type":"ListItem","position":3,"name":"Soya biologique \u2014 nos vari\u00e9t\u00e9s"}]},{"@type":"WebSite","@id":"https:\/\/prograin.ca\/ca\/#website","url":"https:\/\/prograin.ca\/ca\/","name":"Prograin - Canada","description":"Un site utilisant WordPress","publisher":{"@id":"https:\/\/prograin.ca\/ca\/#organization"},"potentialAction":[{"@type":"SearchAction","target":{"@type":"EntryPoint","urlTemplate":"https:\/\/prograin.ca\/ca\/?s={search_term_string}"},"query-input":"required name=search_term_string"}],"inLanguage":"fr-CA"},{"@type":"Organization","@id":"https:\/\/prograin.ca\/ca\/#organization","name":"Prograin - Canada","url":"https:\/\/prograin.ca\/ca\/","logo":{"@type":"ImageObject","inLanguage":"fr-CA","@id":"https:\/\/prograin.ca\/ca\/#\/schema\/logo\/image\/","url":"https:\/\/prograin.ca\/app\/uploads\/sites\/3\/2018\/11\/Prograin-logo-1.png","contentUrl":"https:\/\/prograin.ca\/app\/uploads\/sites\/3\/2018\/11\/Prograin-logo-1.png","width":352,"height":85,"caption":"Prograin - Canada"},"image":{"@id":"https:\/\/prograin.ca\/ca\/#\/schema\/logo\/image\/"}}]}},"featured_image_urls":{"full":"","thumbnail":"","medium":"","medium_large":"","large":"","1536x1536":"","2048x2048":"","menu-24x24":"","menu-36x36":"","menu-48x48":""},"post_excerpt_stackable":"<p>Nous assurons un contr\u00f4le de qualit\u00e9 tout au long du cycle de production du soya et nous garantissons le respect des normes des diff\u00e9rentes certifications. Ces derni\u00e8res ann\u00e9es, nous nous sommes positionn\u00e9s comme un acteur important sur le march\u00e9 du soya bio en Am\u00e9rique du Nord. Gr\u00e2ce \u00e0 notre entente de production bio, combin\u00e9e \u00e0 l\u2019excellente performance de nos vari\u00e9t\u00e9s, nous avons b\u00e2ti un r\u00e9seau de clients fiables \u00e0 l\u2019\u00e9tranger qui aiment les vari\u00e9t\u00e9s de soya biologique Prograin. Nos certifications d\u00e9montrent le respect des normes sp\u00e9cifiques \u00e0 la production, \u00e0 la pr\u00e9paration et \u00e0 la distribution d\u2019aliments biologiques. Do fu&hellip;<\/p>\n","category_list":"","author_info":{"name":"Jean Trudel","url":"https:\/\/prograin.ca\/ca\/author\/amazone\/"},"comments_num":"0 comments","featured_image_urls_v2":{"full":"","thumbnail":"","medium":"","medium_large":"","large":"","1536x1536":"","2048x2048":"","menu-24x24":"","menu-36x36":"","menu-48x48":""},"post_excerpt_stackable_v2":"<p>Nous assurons un contr\u00f4le de qualit\u00e9 tout au long du cycle de production du soya et nous garantissons le respect des normes des diff\u00e9rentes certifications. Ces derni\u00e8res ann\u00e9es, nous nous sommes positionn\u00e9s comme un acteur important sur le march\u00e9 du soya bio en Am\u00e9rique du Nord. Gr\u00e2ce \u00e0 notre entente de production bio, combin\u00e9e \u00e0 l\u2019excellente performance de nos vari\u00e9t\u00e9s, nous avons b\u00e2ti un r\u00e9seau de clients fiables \u00e0 l\u2019\u00e9tranger qui aiment les vari\u00e9t\u00e9s de soya biologique Prograin. Nos certifications d\u00e9montrent le respect des normes sp\u00e9cifiques \u00e0 la production, \u00e0 la pr\u00e9paration et \u00e0 la distribution d\u2019aliments biologiques. Do fu&hellip;<\/p>\n","category_list_v2":"","author_info_v2":{"name":"Jean Trudel","url":"https:\/\/prograin.ca\/ca\/author\/amazone\/"},"comments_num_v2":"0 comments","coauthors":[],"author_meta":{"author_link":"https:\/\/prograin.ca\/ca\/author\/amazone\/","display_name":"Jean Trudel"},"relative_dates":{"created":"Posted 7 ann\u00e9es ago","modified":"Updated 7 ann\u00e9es ago"},"absolute_dates":{"created":"Posted on 1 f\u00e9vrier 2019","modified":"Updated on 9 avril 2019"},"absolute_dates_time":{"created":"Posted on 1 f\u00e9vrier 2019 18 h 56 min","modified":"Updated on 9 avril 2019 15 h 11 min"},"featured_img_caption":"","featured_img":false,"series_order":"","_links":{"self":[{"href":"https:\/\/prograin.ca\/ca\/wp-json\/wp\/v2\/pages\/19780"}],"collection":[{"href":"https:\/\/prograin.ca\/ca\/wp-json\/wp\/v2\/pages"}],"about":[{"href":"https:\/\/prograin.ca\/ca\/wp-json\/wp\/v2\/types\/page"}],"author":[{"embeddable":true,"href":"https:\/\/prograin.ca\/ca\/wp-json\/wp\/v2\/users\/2"}],"replies":[{"embeddable":true,"href":"https:\/\/prograin.ca\/ca\/wp-json\/wp\/v2\/comments?post=19780"}],"version-history":[{"count":9,"href":"https:\/\/prograin.ca\/ca\/wp-json\/wp\/v2\/pages\/19780\/revisions"}],"predecessor-version":[{"id":22932,"href":"https:\/\/prograin.ca\/ca\/wp-json\/wp\/v2\/pages\/19780\/revisions\/22932"}],"up":[{"embeddable":true,"href":"https:\/\/prograin.ca\/ca\/wp-json\/wp\/v2\/pages\/569"}],"wp:attachment":[{"href":"https:\/\/prograin.ca\/ca\/wp-json\/wp\/v2\/media?parent=19780"}],"curies":[{"name":"wp","href":"https:\/\/api.w.org\/{rel}","templated":true}]}}