
{"id":19883,"date":"2019-02-05T20:51:37","date_gmt":"2019-02-05T20:51:37","guid":{"rendered":"https:\/\/prograin.ca\/semences\/club-quali-pro-2\/"},"modified":"2019-03-15T19:48:57","modified_gmt":"2019-03-15T19:48:57","slug":"quali-pro-club","status":"publish","type":"page","link":"https:\/\/prograin.ca\/ca\/en\/seeds\/quali-pro-club\/","title":{"rendered":"Quali-Pro Club"},"content":{"rendered":"\n<div class=\"wp-block-balise-section-block alignfull _sectionblock has-1-columns no-title\">\n<div class=\"\" style=\"color:#ffffff;background-image:url(https:\/\/prograin.ca\/app\/uploads\/2018\/12\/Header-1.jpg);padding-bottom:100px\"><div class=\"verticalbg\"><\/div><div class=\"inside\" style=\"margin:0 auto\">\n<figure class=\"wp-block-image is-resized\"><img loading=\"lazy\" src=\"https:\/\/prograin.ca\/app\/uploads\/2019\/02\/club-qp-en.png\" alt=\"\" class=\"wp-image-19862\" width=\"294\" height=\"52\"\/><\/figure>\n\n\n\n<h3>Quali-Pro Club \u2013 Work well done will never have been so profitable!<\/h3>\n\n\n\n<div class=\"wp-container-3 wp-block-columns has-2-columns\">\n<div class=\"wp-container-1 wp-block-column\">\n<p>The Quali-Pro Club was created in 2014. It allows you to share knowledge about best practices related to conventional soybean production and to become a brand ambassador while promoting the development of tomorrow\u2019s soybeans.<\/p>\n<\/div>\n\n\n\n<div class=\"wp-container-2 wp-block-column\"><\/div>\n<\/div>\n<\/div><\/div>\n<\/div>\n\n\n\n<div class=\"wp-block-balise-section-block _sectionblock has-1-columns\">\n<div class=\"\" style=\"padding-bottom:40px\"><div class=\"verticalbg\"><\/div><div class=\"inside\" style=\"margin:0 auto\">\n<div style=\"height:80px\" aria-hidden=\"true\" class=\"wp-block-spacer\"><\/div>\n\n\n\n<h3 class=\"is-style-orange\">Many privileges associated with the Quali-Pro Club<\/h3>\n\n\n\n<div class=\"wp-container-6 wp-block-columns has-2-columns\">\n<div class=\"wp-container-4 wp-block-column\">\n<ul><li>Higher grain quality premium for <a href=\"https:\/\/prograin.ca\/seeds\/conventional\/\">Quali-Pro varieties<\/a> (lien vers les semences Quali-pro)<\/li><li>Privileged access to some Prograin events:<\/li><\/ul>\n\n\n\n<p style=\"background-color:#f7f7f7\" class=\"has-background\">Recognition evening<br>Plant visit<br>Certificate and Quali-Pro Club sticker for the combine<br>Exclusive clothing \u2013 Brand ambassador<\/p>\n\n\n\n<ul><li>Visits of our Asian market customers to your farm<\/li><\/ul>\n<\/div>\n\n\n\n<div class=\"wp-container-5 wp-block-column\">\n<ul><li>Technical training and focus group discussions on best soybean production practices and product development<\/li><li>Priority access to the new varieties developed by Prograin, including a privileged visit of our demonstration plots<\/li><li>Various tests on a voluntary basis:<\/li><\/ul>\n\n\n\n<p style=\"background-color:#f7f7f7\" class=\"has-background\">Testing of new varieties and special field trials<br>Profitability exercise with Quali-Pro varieties<\/p>\n<\/div>\n<\/div>\n<\/div><\/div>\n<\/div>\n\n\n\n<div class=\"wp-block-balise-section-block alignfull _sectionblock has-1-columns\">\n<div class=\"\" style=\"color:#ffffff;background-image:url(https:\/\/prograin.ca\/app\/uploads\/2018\/12\/pourquoi_faire_partie.jpg);background-size:cover;padding-top:60px;padding-bottom:60px;padding-left:10px;padding-right:10px\"><div class=\"verticalbg\" style=\"background-size:cover\"><\/div><div class=\"inside\" style=\"margin:0 auto\">\n<h3>What are the long-term advantages of joining the Club?<\/h3>\n\n\n\n<div class=\"wp-container-9 wp-block-columns has-2-columns\">\n<div class=\"wp-container-7 wp-block-column\">\n<p>Members who have belonged to the Quali-Pro Club for 10 years or longer will receive a $5,000 gift certificate redeemable for an event organized by Prograin.<\/p>\n<\/div>\n\n\n\n<div class=\"wp-container-8 wp-block-column\"><\/div>\n<\/div>\n\n\n\n<h3>What are the criteria to become a member of the Quali-Pro Club?<\/h3>\n\n\n\n<div class=\"wp-container-12 wp-block-columns has-2-columns\">\n<div class=\"wp-container-10 wp-block-column\">\n<p>All delivered harvest that grade as #1. <\/p>\n\n\n\n<p>Growers and\/or custom combine operators with the largest harvested acreage of Quali-Pro soybeans <\/p>\n<\/div>\n\n\n\n<div class=\"wp-container-11 wp-block-column\"><\/div>\n<\/div>\n\n\n\n<p class=\"has-small-font-size\">Notes: Producers and combine operators must meet the criteria every single year in order to continue to be part of the Quali-Pro Club.<\/p>\n<\/div><\/div>\n<\/div>\n","protected":false},"excerpt":{"rendered":"","protected":false},"author":1,"featured_media":0,"parent":19856,"menu_order":5,"comment_status":"closed","ping_status":"closed","template":"","meta":{"advgb_blocks_editor_width":"","advgb_blocks_columns_visual_guide":""},"yoast_head":"<!-- This site is optimized with the Yoast SEO plugin v19.11 - https:\/\/yoast.com\/wordpress\/plugins\/seo\/ -->\n<title>Prograin | Quali-Pro Club<\/title>\n<meta name=\"description\" content=\"The Quali-Pro Club created in 2014 allows you to become a brand ambassador. Discover the many privileges associated with it.\" \/>\n<meta name=\"robots\" content=\"index, follow, max-snippet:-1, max-image-preview:large, max-video-preview:-1\" \/>\n<link rel=\"canonical\" href=\"https:\/\/prograin.ca\/ca\/en\/seeds\/quali-pro-club\/\" \/>\n<meta property=\"og:locale\" content=\"fr_CA\" \/>\n<meta property=\"og:type\" content=\"article\" \/>\n<meta property=\"og:title\" content=\"Prograin | Quali-Pro Club\" \/>\n<meta property=\"og:description\" content=\"The Quali-Pro Club created in 2014 allows you to become a brand ambassador. Discover the many privileges associated with it.\" \/>\n<meta property=\"og:url\" content=\"https:\/\/prograin.ca\/ca\/en\/seeds\/quali-pro-club\/\" \/>\n<meta property=\"og:site_name\" content=\"Prograin - Canada\" \/>\n<meta property=\"article:modified_time\" content=\"2019-03-15T19:48:57+00:00\" \/>\n<meta property=\"og:image\" content=\"https:\/\/prograin.ca\/app\/uploads\/2019\/02\/club-qp-en.png\" \/>\n<meta name=\"twitter:card\" content=\"summary_large_image\" \/>\n<meta name=\"twitter:label1\" content=\"Estimation du temps de lecture\" \/>\n\t<meta name=\"twitter:data1\" content=\"1 minute\" \/>\n<script type=\"application\/ld+json\" class=\"yoast-schema-graph\">{\"@context\":\"https:\/\/schema.org\",\"@graph\":[{\"@type\":\"WebPage\",\"@id\":\"https:\/\/prograin.ca\/ca\/en\/seeds\/quali-pro-club\/\",\"url\":\"https:\/\/prograin.ca\/ca\/en\/seeds\/quali-pro-club\/\",\"name\":\"Prograin | Quali-Pro Club\",\"isPartOf\":{\"@id\":\"https:\/\/prograin.ca\/ca\/#website\"},\"datePublished\":\"2019-02-05T20:51:37+00:00\",\"dateModified\":\"2019-03-15T19:48:57+00:00\",\"description\":\"The Quali-Pro Club created in 2014 allows you to become a brand ambassador. Discover the many privileges associated with it.\",\"breadcrumb\":{\"@id\":\"https:\/\/prograin.ca\/ca\/en\/seeds\/quali-pro-club\/#breadcrumb\"},\"inLanguage\":\"fr-CA\",\"potentialAction\":[{\"@type\":\"ReadAction\",\"target\":[\"https:\/\/prograin.ca\/ca\/en\/seeds\/quali-pro-club\/\"]}]},{\"@type\":\"BreadcrumbList\",\"@id\":\"https:\/\/prograin.ca\/ca\/en\/seeds\/quali-pro-club\/#breadcrumb\",\"itemListElement\":[{\"@type\":\"ListItem\",\"position\":1,\"name\":\"Home\",\"item\":\"https:\/\/prograin.ca\/ca\/fr\/\"},{\"@type\":\"ListItem\",\"position\":2,\"name\":\"Seeds\",\"item\":\"https:\/\/prograin.ca\/ca\/en\/seeds\/\"},{\"@type\":\"ListItem\",\"position\":3,\"name\":\"Quali-Pro Club\"}]},{\"@type\":\"WebSite\",\"@id\":\"https:\/\/prograin.ca\/ca\/#website\",\"url\":\"https:\/\/prograin.ca\/ca\/\",\"name\":\"Prograin - Canada\",\"description\":\"Un site utilisant WordPress\",\"publisher\":{\"@id\":\"https:\/\/prograin.ca\/ca\/#organization\"},\"potentialAction\":[{\"@type\":\"SearchAction\",\"target\":{\"@type\":\"EntryPoint\",\"urlTemplate\":\"https:\/\/prograin.ca\/ca\/?s={search_term_string}\"},\"query-input\":\"required name=search_term_string\"}],\"inLanguage\":\"fr-CA\"},{\"@type\":\"Organization\",\"@id\":\"https:\/\/prograin.ca\/ca\/#organization\",\"name\":\"Prograin - Canada\",\"url\":\"https:\/\/prograin.ca\/ca\/\",\"logo\":{\"@type\":\"ImageObject\",\"inLanguage\":\"fr-CA\",\"@id\":\"https:\/\/prograin.ca\/ca\/#\/schema\/logo\/image\/\",\"url\":\"https:\/\/prograin.ca\/app\/uploads\/sites\/3\/2018\/11\/Prograin-logo-1.png\",\"contentUrl\":\"https:\/\/prograin.ca\/app\/uploads\/sites\/3\/2018\/11\/Prograin-logo-1.png\",\"width\":352,\"height\":85,\"caption\":\"Prograin - Canada\"},\"image\":{\"@id\":\"https:\/\/prograin.ca\/ca\/#\/schema\/logo\/image\/\"}}]}<\/script>\n<!-- \/ Yoast SEO plugin. -->","yoast_head_json":{"title":"Prograin | Quali-Pro Club","description":"The Quali-Pro Club created in 2014 allows you to become a brand ambassador. Discover the many privileges associated with it.","robots":{"index":"index","follow":"follow","max-snippet":"max-snippet:-1","max-image-preview":"max-image-preview:large","max-video-preview":"max-video-preview:-1"},"canonical":"https:\/\/prograin.ca\/ca\/en\/seeds\/quali-pro-club\/","og_locale":"fr_CA","og_type":"article","og_title":"Prograin | Quali-Pro Club","og_description":"The Quali-Pro Club created in 2014 allows you to become a brand ambassador. Discover the many privileges associated with it.","og_url":"https:\/\/prograin.ca\/ca\/en\/seeds\/quali-pro-club\/","og_site_name":"Prograin - Canada","article_modified_time":"2019-03-15T19:48:57+00:00","og_image":[{"url":"https:\/\/prograin.ca\/app\/uploads\/2019\/02\/club-qp-en.png"}],"twitter_card":"summary_large_image","twitter_misc":{"Estimation du temps de lecture":"1 minute"},"schema":{"@context":"https:\/\/schema.org","@graph":[{"@type":"WebPage","@id":"https:\/\/prograin.ca\/ca\/en\/seeds\/quali-pro-club\/","url":"https:\/\/prograin.ca\/ca\/en\/seeds\/quali-pro-club\/","name":"Prograin | Quali-Pro Club","isPartOf":{"@id":"https:\/\/prograin.ca\/ca\/#website"},"datePublished":"2019-02-05T20:51:37+00:00","dateModified":"2019-03-15T19:48:57+00:00","description":"The Quali-Pro Club created in 2014 allows you to become a brand ambassador. Discover the many privileges associated with it.","breadcrumb":{"@id":"https:\/\/prograin.ca\/ca\/en\/seeds\/quali-pro-club\/#breadcrumb"},"inLanguage":"fr-CA","potentialAction":[{"@type":"ReadAction","target":["https:\/\/prograin.ca\/ca\/en\/seeds\/quali-pro-club\/"]}]},{"@type":"BreadcrumbList","@id":"https:\/\/prograin.ca\/ca\/en\/seeds\/quali-pro-club\/#breadcrumb","itemListElement":[{"@type":"ListItem","position":1,"name":"Home","item":"https:\/\/prograin.ca\/ca\/fr\/"},{"@type":"ListItem","position":2,"name":"Seeds","item":"https:\/\/prograin.ca\/ca\/en\/seeds\/"},{"@type":"ListItem","position":3,"name":"Quali-Pro Club"}]},{"@type":"WebSite","@id":"https:\/\/prograin.ca\/ca\/#website","url":"https:\/\/prograin.ca\/ca\/","name":"Prograin - Canada","description":"Un site utilisant WordPress","publisher":{"@id":"https:\/\/prograin.ca\/ca\/#organization"},"potentialAction":[{"@type":"SearchAction","target":{"@type":"EntryPoint","urlTemplate":"https:\/\/prograin.ca\/ca\/?s={search_term_string}"},"query-input":"required name=search_term_string"}],"inLanguage":"fr-CA"},{"@type":"Organization","@id":"https:\/\/prograin.ca\/ca\/#organization","name":"Prograin - Canada","url":"https:\/\/prograin.ca\/ca\/","logo":{"@type":"ImageObject","inLanguage":"fr-CA","@id":"https:\/\/prograin.ca\/ca\/#\/schema\/logo\/image\/","url":"https:\/\/prograin.ca\/app\/uploads\/sites\/3\/2018\/11\/Prograin-logo-1.png","contentUrl":"https:\/\/prograin.ca\/app\/uploads\/sites\/3\/2018\/11\/Prograin-logo-1.png","width":352,"height":85,"caption":"Prograin - Canada"},"image":{"@id":"https:\/\/prograin.ca\/ca\/#\/schema\/logo\/image\/"}}]}},"featured_image_urls":{"full":"","thumbnail":"","medium":"","medium_large":"","large":"","1536x1536":"","2048x2048":"","menu-24x24":"","menu-36x36":"","menu-48x48":""},"post_excerpt_stackable":"<p>Quali-Pro Club \u2013 Work well done will never have been so profitable! The Quali-Pro Club was created in 2014. It allows you to share knowledge about best practices related to conventional soybean production and to become a brand ambassador while promoting the development of tomorrow\u2019s soybeans. Many privileges associated with the Quali-Pro Club Higher grain quality premium for Quali-Pro varieties (lien vers les semences Quali-pro)Privileged access to some Prograin events: Recognition eveningPlant visitCertificate and Quali-Pro Club sticker for the combineExclusive clothing \u2013 Brand ambassador Visits of our Asian market customers to your farm Technical training and focus group discussions on&hellip;<\/p>\n","category_list":"","author_info":{"name":"developpe","url":"https:\/\/prograin.ca\/ca\/author\/developpe\/"},"comments_num":"0 comments","featured_image_urls_v2":{"full":"","thumbnail":"","medium":"","medium_large":"","large":"","1536x1536":"","2048x2048":"","menu-24x24":"","menu-36x36":"","menu-48x48":""},"post_excerpt_stackable_v2":"<p>Quali-Pro Club \u2013 Work well done will never have been so profitable! The Quali-Pro Club was created in 2014. It allows you to share knowledge about best practices related to conventional soybean production and to become a brand ambassador while promoting the development of tomorrow\u2019s soybeans. Many privileges associated with the Quali-Pro Club Higher grain quality premium for Quali-Pro varieties (lien vers les semences Quali-pro)Privileged access to some Prograin events: Recognition eveningPlant visitCertificate and Quali-Pro Club sticker for the combineExclusive clothing \u2013 Brand ambassador Visits of our Asian market customers to your farm Technical training and focus group discussions on&hellip;<\/p>\n","category_list_v2":"","author_info_v2":{"name":"developpe","url":"https:\/\/prograin.ca\/ca\/author\/developpe\/"},"comments_num_v2":"0 comments","coauthors":[],"author_meta":{"author_link":"https:\/\/prograin.ca\/ca\/author\/developpe\/","display_name":"developpe"},"relative_dates":{"created":"Posted 7 ann\u00e9es ago","modified":"Updated 7 ann\u00e9es ago"},"absolute_dates":{"created":"Posted on 5 f\u00e9vrier 2019","modified":"Updated on 15 mars 2019"},"absolute_dates_time":{"created":"Posted on 5 f\u00e9vrier 2019 20 h 51 min","modified":"Updated on 15 mars 2019 19 h 48 min"},"featured_img_caption":"","featured_img":false,"series_order":"","_links":{"self":[{"href":"https:\/\/prograin.ca\/ca\/wp-json\/wp\/v2\/pages\/19883"}],"collection":[{"href":"https:\/\/prograin.ca\/ca\/wp-json\/wp\/v2\/pages"}],"about":[{"href":"https:\/\/prograin.ca\/ca\/wp-json\/wp\/v2\/types\/page"}],"author":[{"embeddable":true,"href":"https:\/\/prograin.ca\/ca\/wp-json\/wp\/v2\/users\/1"}],"replies":[{"embeddable":true,"href":"https:\/\/prograin.ca\/ca\/wp-json\/wp\/v2\/comments?post=19883"}],"version-history":[{"count":8,"href":"https:\/\/prograin.ca\/ca\/wp-json\/wp\/v2\/pages\/19883\/revisions"}],"predecessor-version":[{"id":22480,"href":"https:\/\/prograin.ca\/ca\/wp-json\/wp\/v2\/pages\/19883\/revisions\/22480"}],"up":[{"embeddable":true,"href":"https:\/\/prograin.ca\/ca\/wp-json\/wp\/v2\/pages\/19856"}],"wp:attachment":[{"href":"https:\/\/prograin.ca\/ca\/wp-json\/wp\/v2\/media?parent=19883"}],"curies":[{"name":"wp","href":"https:\/\/api.w.org\/{rel}","templated":true}]}}