
{"id":19903,"date":"2019-02-06T17:51:08","date_gmt":"2019-02-06T17:51:08","guid":{"rendered":"https:\/\/prograin.ca\/soyas\/soya-biologique-nos-varietes-2\/"},"modified":"2019-04-08T20:07:10","modified_gmt":"2019-04-08T20:07:10","slug":"organic-soybeans","status":"publish","type":"page","link":"https:\/\/prograin.ca\/ca\/en\/food-grade-soybeans\/organic-soybeans\/","title":{"rendered":"Organic soybeans \u2013 Our varieties"},"content":{"rendered":"\n<div class=\"wp-block-balise-section-block alignfull _sectionblock has-1-columns\">\n<div class=\"\" style=\"color:#ffffff;background-image:url(https:\/\/prograin.ca\/app\/uploads\/2019\/02\/soya_bio_header.jpg);background-size:cover;padding-top:60px;padding-bottom:60px;padding-left:10px;padding-right:10px\"><div class=\"verticalbg\" style=\"background-size:cover\"><\/div><div class=\"inside\" style=\"margin:0 auto\">\n<div class=\"wp-container-3 wp-block-columns has-2-columns\">\n<div class=\"wp-container-1 wp-block-column\">\n<p>We ensure quality control throughout the soybean production cycle, and we guarantee compliance with the standards of various certifications. In recent years, we have positioned ourselves as a major player in the organic soybean market in North America.<\/p>\n<\/div>\n\n\n\n<div class=\"wp-container-2 wp-block-column\">\n<p>Thanks to our organic production agreement and our varieties\u2019 excellent performance, we have built a network of reliable customers abroad who appreciate Prograin\u2019s organic soybean varieties. Our certifications demonstrate Prograin\u2019s compliance with standards specific to the production, preparation, and distribution of organic food.<\/p>\n<\/div>\n<\/div>\n<\/div><\/div>\n<\/div>\n\n\n\n<div class=\"wp-block-balise-section-block alignfull _sectionblock has-1-columns hide-mobile, hide-tablet\">\n<div class=\"\" style=\"background-size:cover;padding-top:60px;padding-bottom:60px;padding-left:10px;padding-right:10px\"><div class=\"verticalbg\" style=\"background-size:cover\"><\/div><div class=\"inside\" style=\"margin:0 auto\">\n<div class=\"wp-container-9 wp-block-columns has-5-columns\">\n<div class=\"wp-container-4 wp-block-column\">\n<div class=\"wp-block-image\"><figure class=\"aligncenter is-resized\"><img loading=\"lazy\" src=\"https:\/\/prograin.ca\/app\/uploads\/2019\/02\/PG-organ-pref-1.jpg\" alt=\"\" class=\"wp-image-19905\" width=\"226\" height=\"118\" srcset=\"https:\/\/prograin.ca\/app\/uploads\/sites\/3\/2019\/02\/PG-organ-pref-1.jpg 452w, https:\/\/prograin.ca\/app\/uploads\/sites\/3\/2019\/02\/PG-organ-pref-1-300x157.jpg 300w\" sizes=\"(max-width: 226px) 100vw, 226px\" \/><\/figure><\/div>\n<\/div>\n\n\n\n<div class=\"wp-container-5 wp-block-column\">\n<div class=\"wp-block-image\"><figure class=\"aligncenter\"><img loading=\"lazy\" width=\"145\" height=\"100\" src=\"https:\/\/prograin.ca\/app\/uploads\/2019\/02\/ECOCERT-rouge.jpg\" alt=\"\" class=\"wp-image-19785\"\/><\/figure><\/div>\n<\/div>\n\n\n\n<div class=\"wp-container-6 wp-block-column\">\n<div class=\"wp-block-image\"><figure class=\"aligncenter\"><img loading=\"lazy\" width=\"143\" height=\"147\" src=\"https:\/\/prograin.ca\/app\/uploads\/2019\/02\/09142_Logo_Apr21-Jpeg.jpg\" alt=\"\" class=\"wp-image-19786\"\/><\/figure><\/div>\n<\/div>\n\n\n\n<div class=\"wp-container-7 wp-block-column\">\n<div class=\"wp-block-image\"><figure class=\"aligncenter\"><img loading=\"lazy\" width=\"193\" height=\"132\" src=\"https:\/\/prograin.ca\/app\/uploads\/2019\/02\/USDA-color-org-seal.jpg\" alt=\"\" class=\"wp-image-19788\"\/><\/figure><\/div>\n<\/div>\n\n\n\n<div class=\"wp-container-8 wp-block-column\">\n<div class=\"wp-block-image\"><figure class=\"aligncenter\"><img loading=\"lazy\" width=\"196\" height=\"129\" src=\"https:\/\/prograin.ca\/app\/uploads\/2019\/02\/DCOK-LOGO.jpg\" alt=\"\" class=\"wp-image-19787\"\/><\/figure><\/div>\n<\/div>\n<\/div>\n<\/div><\/div>\n<\/div>\n\n\n\n<div class=\"wp-block-prograin-list-soya\"><div class=\"soya-archive\">\n        <div class=\"soya-archive-item\">\n<div class=\"goodfor\">\n           <span>Do fu pi<\/span>\n       <span>Tofu<\/span>\n       <span>Yuba<\/span>\n     \n        \n<\/div>\n\n        <div class=\"col1\">\n            <h2>HANA<\/h2>\n\n            \n\n            <div class=\"sorte\">Quali-Pro<\/div>\n\n                 \n                                <img src=\"https:\/\/prograin.ca\/app\/uploads\/sites\/3\/2015\/08\/HANA-1.png\" alt=\" Grain picture \"> \n                                <img src=\"https:\/\/prograin.ca\/app\/uploads\/sites\/3\/2019\/02\/bio_semences_150.png\" class=\"category\" \/>                 <img src=\"https:\/\/prograin.ca\/app\/uploads\/sites\/3\/2019\/02\/quali-pro_semences.png\" class=\"category\" \/> \n        <\/div>\n        <div class=\"col2\">\n                        <img src=\"https:\/\/prograin.ca\/app\/uploads\/sites\/3\/2015\/08\/HANA-1.png\" alt=\" Grain picture \">         <\/div>\n        <div class=\"col3\">\n            <div class=\"row gap\">\n\n                <div class=\"col-xl-6\">\n                    <h3>Caract\u00e9ristiques<\/h3>\n                    <table>\n                        <tbody>\n                            <tr>\n                                <th>Nombre de graines<\/th>\n                                <td>4700 - 5500<\/td>\n                            <\/tr>\n                            <tr>\n                                <th>Largeur de grains\u00a0:<\/th>\n                                <td>6,80<\/td>\n                            <\/tr>\n                            <tr>\n                                <th>Hauteur des grains\u00a0:<\/th>\n                                <td>5,80<\/td>\n                            <\/tr>\n                            <tr>\n                                <th>Couleur du hile<\/th>\n                                <td>Jaune <\/td>\n                            <\/tr>                           \n                        <\/tbody>\n                    <\/table>\n                <\/div>\n                <div class=\"col-xl-6\">\n                    <h3>Composition<\/h3>\n                    <table>\n                        <tbody>\n                            <tr>\n                                <th>Prot\u00e9ine BS<\/th>\n                                <td  class=\"protein-data\">43,5%<\/td>\n                            <\/tr>\n                            <tr>\n                                <th>Huile<\/th>\n                                <td>20,5%<\/td>\n                            <\/tr>\n                            <tr>\n                                <th>Sucre total<\/th>\n                                <td>9,8%<\/td>\n                            <\/tr>\n                            <tr>\n                                <th>Stachyose<\/th>\n                                <td>3,5%<\/td>\n                            <\/tr>\n                        <\/tbody>\n                    <\/table>\n                <\/div>\n            <\/div>\n\n        <\/div>\n        <div class=\"col4 \">\n            <div class=\"terms\">\n                 \n                                        \n                                                <img src=\"https:\/\/prograin.ca\/app\/uploads\/sites\/3\/2019\/02\/bio_semences_150.png\" alt=\"Biologique\" \/> \n                                                                \n                                                <img src=\"https:\/\/prograin.ca\/app\/uploads\/sites\/3\/2019\/02\/quali-pro_semences.png\" alt=\"Quali-Pro\" \/> \n                                             \n\n                                        <span>Biologique  <\/span> \n                                        <span>Quali-Pro  <\/span> \n                     \n                            <\/div>\n\n            <a href=\"https:\/\/prograin.ca\/ca\/fr\/soya\/hana\/\" class=\"btn\">En savoir plus <\/a>\n        <\/div>\n\n    <\/div>\n        <div class=\"soya-archive-item\">\n<div class=\"goodfor\">\n           <span>Bean curds<\/span>\n       <span>Soy beverages<\/span>\n       <span>Tofu<\/span>\n     \n        \n<\/div>\n\n        <div class=\"col1\">\n            <h2>MARULA<\/h2>\n\n            \n\n            <div class=\"sorte\">IP<\/div>\n\n                 \n                                <img src=\"https:\/\/prograin.ca\/app\/uploads\/sites\/3\/2016\/09\/HAKATA-1.png\" alt=\" Grain picture \"> \n                                <img src=\"https:\/\/prograin.ca\/app\/uploads\/sites\/3\/2019\/02\/IP-1.png\" class=\"category\" \/>                 <img src=\"https:\/\/prograin.ca\/app\/uploads\/sites\/3\/2019\/02\/Organic.png\" class=\"category\" \/> \n        <\/div>\n        <div class=\"col2\">\n                        <img src=\"https:\/\/prograin.ca\/app\/uploads\/sites\/3\/2016\/09\/HAKATA-1.png\" alt=\" Grain picture \">         <\/div>\n        <div class=\"col3\">\n            <div class=\"row gap\">\n\n                <div class=\"col-xl-6\">\n                    <h3>Caract\u00e9ristiques<\/h3>\n                    <table>\n                        <tbody>\n                            <tr>\n                                <th>Nombre de graines<\/th>\n                                <td>4000 - 5500<\/td>\n                            <\/tr>\n                            <tr>\n                                <th>Largeur de grains\u00a0:<\/th>\n                                <td>-<\/td>\n                            <\/tr>\n                            <tr>\n                                <th>Hauteur des grains\u00a0:<\/th>\n                                <td>-<\/td>\n                            <\/tr>\n                            <tr>\n                                <th>Couleur du hile<\/th>\n                                <td>Yellow<\/td>\n                            <\/tr>                           \n                        <\/tbody>\n                    <\/table>\n                <\/div>\n                <div class=\"col-xl-6\">\n                    <h3>Composition<\/h3>\n                    <table>\n                        <tbody>\n                            <tr>\n                                <th>Prot\u00e9ine BS<\/th>\n                                <td  class=\"protein-data\">-<\/td>\n                            <\/tr>\n                            <tr>\n                                <th>Huile<\/th>\n                                <td>-<\/td>\n                            <\/tr>\n                            <tr>\n                                <th>Sucre total<\/th>\n                                <td>-<\/td>\n                            <\/tr>\n                            <tr>\n                                <th>Stachyose<\/th>\n                                <td>-<\/td>\n                            <\/tr>\n                        <\/tbody>\n                    <\/table>\n                <\/div>\n            <\/div>\n\n        <\/div>\n        <div class=\"col4 \">\n            <div class=\"terms\">\n                 \n                                        \n                                                <img src=\"https:\/\/prograin.ca\/app\/uploads\/sites\/3\/2019\/02\/IP-1.png\" alt=\"IP\" \/> \n                                                                \n                                                <img src=\"https:\/\/prograin.ca\/app\/uploads\/sites\/3\/2019\/02\/Organic.png\" alt=\"Organic\" \/> \n                                             \n\n                                        <span>IP  <\/span> \n                                        <span>Organic  <\/span> \n                     \n                            <\/div>\n\n            <a href=\"https:\/\/prograin.ca\/ca\/en\/soya\/marula\/\" class=\"btn\">En savoir plus <\/a>\n        <\/div>\n\n    <\/div>\n        <div class=\"soya-archive-item\">\n<div class=\"goodfor\">\n           <span>B\u00e2tonnets de tofu<\/span>\n       <span>Breuvage de soya<\/span>\n       <span>Tofu<\/span>\n     \n        \n<\/div>\n\n        <div class=\"col1\">\n            <h2>MARULA<\/h2>\n\n            \n\n            <div class=\"sorte\">Biologique<\/div>\n\n                 \n                                <img src=\"https:\/\/prograin.ca\/app\/uploads\/sites\/3\/2016\/09\/HAKATA-1.png\" alt=\" Grain picture \"> \n                                <img src=\"https:\/\/prograin.ca\/app\/uploads\/sites\/3\/2019\/02\/bio_semences_150.png\" class=\"category\" \/>                 <img src=\"https:\/\/prograin.ca\/app\/uploads\/sites\/3\/2019\/02\/IP-1.png\" class=\"category\" \/> \n        <\/div>\n        <div class=\"col2\">\n                        <img src=\"https:\/\/prograin.ca\/app\/uploads\/sites\/3\/2016\/09\/HAKATA-1.png\" alt=\" Grain picture \">         <\/div>\n        <div class=\"col3\">\n            <div class=\"row gap\">\n\n                <div class=\"col-xl-6\">\n                    <h3>Caract\u00e9ristiques<\/h3>\n                    <table>\n                        <tbody>\n                            <tr>\n                                <th>Nombre de graines<\/th>\n                                <td>4000 - 5500<\/td>\n                            <\/tr>\n                            <tr>\n                                <th>Largeur de grains\u00a0:<\/th>\n                                <td>-<\/td>\n                            <\/tr>\n                            <tr>\n                                <th>Hauteur des grains\u00a0:<\/th>\n                                <td>-<\/td>\n                            <\/tr>\n                            <tr>\n                                <th>Couleur du hile<\/th>\n                                <td>Jaune <\/td>\n                            <\/tr>                           \n                        <\/tbody>\n                    <\/table>\n                <\/div>\n                <div class=\"col-xl-6\">\n                    <h3>Composition<\/h3>\n                    <table>\n                        <tbody>\n                            <tr>\n                                <th>Prot\u00e9ine BS<\/th>\n                                <td  class=\"protein-data\">-<\/td>\n                            <\/tr>\n                            <tr>\n                                <th>Huile<\/th>\n                                <td>-<\/td>\n                            <\/tr>\n                            <tr>\n                                <th>Sucre total<\/th>\n                                <td>-<\/td>\n                            <\/tr>\n                            <tr>\n                                <th>Stachyose<\/th>\n                                <td>-<\/td>\n                            <\/tr>\n                        <\/tbody>\n                    <\/table>\n                <\/div>\n            <\/div>\n\n        <\/div>\n        <div class=\"col4 \">\n            <div class=\"terms\">\n                 \n                                        \n                                                <img src=\"https:\/\/prograin.ca\/app\/uploads\/sites\/3\/2019\/02\/bio_semences_150.png\" alt=\"Biologique\" \/> \n                                                                \n                                                <img src=\"https:\/\/prograin.ca\/app\/uploads\/sites\/3\/2019\/02\/IP-1.png\" alt=\"IP\" \/> \n                                             \n\n                                        <span>Biologique  <\/span> \n                                        <span>IP  <\/span> \n                     \n                            <\/div>\n\n            <a href=\"https:\/\/prograin.ca\/ca\/fr\/soya\/marula\/\" class=\"btn\">En savoir plus <\/a>\n        <\/div>\n\n    <\/div>\n    <\/div> <\/div>\n","protected":false},"excerpt":{"rendered":"","protected":false},"author":1,"featured_media":0,"parent":19894,"menu_order":1,"comment_status":"closed","ping_status":"closed","template":"","meta":{"advgb_blocks_editor_width":"","advgb_blocks_columns_visual_guide":""},"yoast_head":"<!-- This site is optimized with the Yoast SEO plugin v19.11 - https:\/\/yoast.com\/wordpress\/plugins\/seo\/ -->\n<title>Prograin | High quality organic food-grade soybean varieties<\/title>\n<meta name=\"description\" content=\"Prograin is a major player in the Canadian organic soybeans market. Quality control and compliance with standards are guaranteed throughout the production cycle.\" \/>\n<meta name=\"robots\" content=\"index, follow, max-snippet:-1, max-image-preview:large, max-video-preview:-1\" \/>\n<link rel=\"canonical\" href=\"https:\/\/prograin.ca\/ca\/en\/food-grade-soybeans\/organic-soybeans\/\" \/>\n<meta property=\"og:locale\" content=\"fr_CA\" \/>\n<meta property=\"og:type\" content=\"article\" \/>\n<meta property=\"og:title\" content=\"Prograin | High quality organic food-grade soybean varieties\" \/>\n<meta property=\"og:description\" content=\"Prograin is a major player in the Canadian organic soybeans market. Quality control and compliance with standards are guaranteed throughout the production cycle.\" \/>\n<meta property=\"og:url\" content=\"https:\/\/prograin.ca\/ca\/en\/food-grade-soybeans\/organic-soybeans\/\" \/>\n<meta property=\"og:site_name\" content=\"Prograin - Canada\" \/>\n<meta property=\"article:modified_time\" content=\"2019-04-08T20:07:10+00:00\" \/>\n<meta property=\"og:image\" content=\"https:\/\/prograin.ca\/app\/uploads\/2019\/02\/PG-organ-pref-1.jpg\" \/>\n<meta name=\"twitter:card\" content=\"summary_large_image\" \/>\n<script type=\"application\/ld+json\" class=\"yoast-schema-graph\">{\"@context\":\"https:\/\/schema.org\",\"@graph\":[{\"@type\":\"WebPage\",\"@id\":\"https:\/\/prograin.ca\/ca\/en\/food-grade-soybeans\/organic-soybeans\/\",\"url\":\"https:\/\/prograin.ca\/ca\/en\/food-grade-soybeans\/organic-soybeans\/\",\"name\":\"Prograin | High quality organic food-grade soybean varieties\",\"isPartOf\":{\"@id\":\"https:\/\/prograin.ca\/ca\/#website\"},\"datePublished\":\"2019-02-06T17:51:08+00:00\",\"dateModified\":\"2019-04-08T20:07:10+00:00\",\"description\":\"Prograin is a major player in the Canadian organic soybeans market. Quality control and compliance with standards are guaranteed throughout the production cycle.\",\"breadcrumb\":{\"@id\":\"https:\/\/prograin.ca\/ca\/en\/food-grade-soybeans\/organic-soybeans\/#breadcrumb\"},\"inLanguage\":\"fr-CA\",\"potentialAction\":[{\"@type\":\"ReadAction\",\"target\":[\"https:\/\/prograin.ca\/ca\/en\/food-grade-soybeans\/organic-soybeans\/\"]}]},{\"@type\":\"BreadcrumbList\",\"@id\":\"https:\/\/prograin.ca\/ca\/en\/food-grade-soybeans\/organic-soybeans\/#breadcrumb\",\"itemListElement\":[{\"@type\":\"ListItem\",\"position\":1,\"name\":\"Home\",\"item\":\"https:\/\/prograin.ca\/ca\/fr\/\"},{\"@type\":\"ListItem\",\"position\":2,\"name\":\"Food-grade soybeans\",\"item\":\"https:\/\/prograin.ca\/ca\/en\/food-grade-soybeans\/\"},{\"@type\":\"ListItem\",\"position\":3,\"name\":\"Organic soybeans \u2013 Our varieties\"}]},{\"@type\":\"WebSite\",\"@id\":\"https:\/\/prograin.ca\/ca\/#website\",\"url\":\"https:\/\/prograin.ca\/ca\/\",\"name\":\"Prograin - Canada\",\"description\":\"Un site utilisant WordPress\",\"publisher\":{\"@id\":\"https:\/\/prograin.ca\/ca\/#organization\"},\"potentialAction\":[{\"@type\":\"SearchAction\",\"target\":{\"@type\":\"EntryPoint\",\"urlTemplate\":\"https:\/\/prograin.ca\/ca\/?s={search_term_string}\"},\"query-input\":\"required name=search_term_string\"}],\"inLanguage\":\"fr-CA\"},{\"@type\":\"Organization\",\"@id\":\"https:\/\/prograin.ca\/ca\/#organization\",\"name\":\"Prograin - Canada\",\"url\":\"https:\/\/prograin.ca\/ca\/\",\"logo\":{\"@type\":\"ImageObject\",\"inLanguage\":\"fr-CA\",\"@id\":\"https:\/\/prograin.ca\/ca\/#\/schema\/logo\/image\/\",\"url\":\"https:\/\/prograin.ca\/app\/uploads\/sites\/3\/2018\/11\/Prograin-logo-1.png\",\"contentUrl\":\"https:\/\/prograin.ca\/app\/uploads\/sites\/3\/2018\/11\/Prograin-logo-1.png\",\"width\":352,\"height\":85,\"caption\":\"Prograin - Canada\"},\"image\":{\"@id\":\"https:\/\/prograin.ca\/ca\/#\/schema\/logo\/image\/\"}}]}<\/script>\n<!-- \/ Yoast SEO plugin. -->","yoast_head_json":{"title":"Prograin | High quality organic food-grade soybean varieties","description":"Prograin is a major player in the Canadian organic soybeans market. Quality control and compliance with standards are guaranteed throughout the production cycle.","robots":{"index":"index","follow":"follow","max-snippet":"max-snippet:-1","max-image-preview":"max-image-preview:large","max-video-preview":"max-video-preview:-1"},"canonical":"https:\/\/prograin.ca\/ca\/en\/food-grade-soybeans\/organic-soybeans\/","og_locale":"fr_CA","og_type":"article","og_title":"Prograin | High quality organic food-grade soybean varieties","og_description":"Prograin is a major player in the Canadian organic soybeans market. Quality control and compliance with standards are guaranteed throughout the production cycle.","og_url":"https:\/\/prograin.ca\/ca\/en\/food-grade-soybeans\/organic-soybeans\/","og_site_name":"Prograin - Canada","article_modified_time":"2019-04-08T20:07:10+00:00","og_image":[{"url":"https:\/\/prograin.ca\/app\/uploads\/2019\/02\/PG-organ-pref-1.jpg"}],"twitter_card":"summary_large_image","schema":{"@context":"https:\/\/schema.org","@graph":[{"@type":"WebPage","@id":"https:\/\/prograin.ca\/ca\/en\/food-grade-soybeans\/organic-soybeans\/","url":"https:\/\/prograin.ca\/ca\/en\/food-grade-soybeans\/organic-soybeans\/","name":"Prograin | High quality organic food-grade soybean varieties","isPartOf":{"@id":"https:\/\/prograin.ca\/ca\/#website"},"datePublished":"2019-02-06T17:51:08+00:00","dateModified":"2019-04-08T20:07:10+00:00","description":"Prograin is a major player in the Canadian organic soybeans market. Quality control and compliance with standards are guaranteed throughout the production cycle.","breadcrumb":{"@id":"https:\/\/prograin.ca\/ca\/en\/food-grade-soybeans\/organic-soybeans\/#breadcrumb"},"inLanguage":"fr-CA","potentialAction":[{"@type":"ReadAction","target":["https:\/\/prograin.ca\/ca\/en\/food-grade-soybeans\/organic-soybeans\/"]}]},{"@type":"BreadcrumbList","@id":"https:\/\/prograin.ca\/ca\/en\/food-grade-soybeans\/organic-soybeans\/#breadcrumb","itemListElement":[{"@type":"ListItem","position":1,"name":"Home","item":"https:\/\/prograin.ca\/ca\/fr\/"},{"@type":"ListItem","position":2,"name":"Food-grade soybeans","item":"https:\/\/prograin.ca\/ca\/en\/food-grade-soybeans\/"},{"@type":"ListItem","position":3,"name":"Organic soybeans \u2013 Our varieties"}]},{"@type":"WebSite","@id":"https:\/\/prograin.ca\/ca\/#website","url":"https:\/\/prograin.ca\/ca\/","name":"Prograin - Canada","description":"Un site utilisant WordPress","publisher":{"@id":"https:\/\/prograin.ca\/ca\/#organization"},"potentialAction":[{"@type":"SearchAction","target":{"@type":"EntryPoint","urlTemplate":"https:\/\/prograin.ca\/ca\/?s={search_term_string}"},"query-input":"required name=search_term_string"}],"inLanguage":"fr-CA"},{"@type":"Organization","@id":"https:\/\/prograin.ca\/ca\/#organization","name":"Prograin - Canada","url":"https:\/\/prograin.ca\/ca\/","logo":{"@type":"ImageObject","inLanguage":"fr-CA","@id":"https:\/\/prograin.ca\/ca\/#\/schema\/logo\/image\/","url":"https:\/\/prograin.ca\/app\/uploads\/sites\/3\/2018\/11\/Prograin-logo-1.png","contentUrl":"https:\/\/prograin.ca\/app\/uploads\/sites\/3\/2018\/11\/Prograin-logo-1.png","width":352,"height":85,"caption":"Prograin - Canada"},"image":{"@id":"https:\/\/prograin.ca\/ca\/#\/schema\/logo\/image\/"}}]}},"featured_image_urls":{"full":"","thumbnail":"","medium":"","medium_large":"","large":"","1536x1536":"","2048x2048":"","menu-24x24":"","menu-36x36":"","menu-48x48":""},"post_excerpt_stackable":"<p>We ensure quality control throughout the soybean production cycle, and we guarantee compliance with the standards of various certifications. In recent years, we have positioned ourselves as a major player in the organic soybean market in North America. Thanks to our organic production agreement and our varieties\u2019 excellent performance, we have built a network of reliable customers abroad who appreciate Prograin\u2019s organic soybean varieties. Our certifications demonstrate Prograin\u2019s compliance with standards specific to the production, preparation, and distribution of organic food. Do fu pi Tofu Yuba HANA Quali-Pro Caract\u00e9ristiques Nombre de graines 4700 &#8211; 5500 Largeur de grains\u00a0: 6,80 Hauteur&hellip;<\/p>\n","category_list":"","author_info":{"name":"developpe","url":"https:\/\/prograin.ca\/ca\/author\/developpe\/"},"comments_num":"0 comments","featured_image_urls_v2":{"full":"","thumbnail":"","medium":"","medium_large":"","large":"","1536x1536":"","2048x2048":"","menu-24x24":"","menu-36x36":"","menu-48x48":""},"post_excerpt_stackable_v2":"<p>We ensure quality control throughout the soybean production cycle, and we guarantee compliance with the standards of various certifications. In recent years, we have positioned ourselves as a major player in the organic soybean market in North America. Thanks to our organic production agreement and our varieties\u2019 excellent performance, we have built a network of reliable customers abroad who appreciate Prograin\u2019s organic soybean varieties. Our certifications demonstrate Prograin\u2019s compliance with standards specific to the production, preparation, and distribution of organic food. Do fu pi Tofu Yuba HANA Quali-Pro Caract\u00e9ristiques Nombre de graines 4700 &#8211; 5500 Largeur de grains\u00a0: 6,80 Hauteur&hellip;<\/p>\n","category_list_v2":"","author_info_v2":{"name":"developpe","url":"https:\/\/prograin.ca\/ca\/author\/developpe\/"},"comments_num_v2":"0 comments","coauthors":[],"author_meta":{"author_link":"https:\/\/prograin.ca\/ca\/author\/developpe\/","display_name":"developpe"},"relative_dates":{"created":"Posted 7 ann\u00e9es ago","modified":"Updated 7 ann\u00e9es ago"},"absolute_dates":{"created":"Posted on 6 f\u00e9vrier 2019","modified":"Updated on 8 avril 2019"},"absolute_dates_time":{"created":"Posted on 6 f\u00e9vrier 2019 17 h 51 min","modified":"Updated on 8 avril 2019 20 h 07 min"},"featured_img_caption":"","featured_img":false,"series_order":"","_links":{"self":[{"href":"https:\/\/prograin.ca\/ca\/wp-json\/wp\/v2\/pages\/19903"}],"collection":[{"href":"https:\/\/prograin.ca\/ca\/wp-json\/wp\/v2\/pages"}],"about":[{"href":"https:\/\/prograin.ca\/ca\/wp-json\/wp\/v2\/types\/page"}],"author":[{"embeddable":true,"href":"https:\/\/prograin.ca\/ca\/wp-json\/wp\/v2\/users\/1"}],"replies":[{"embeddable":true,"href":"https:\/\/prograin.ca\/ca\/wp-json\/wp\/v2\/comments?post=19903"}],"version-history":[{"count":4,"href":"https:\/\/prograin.ca\/ca\/wp-json\/wp\/v2\/pages\/19903\/revisions"}],"predecessor-version":[{"id":22911,"href":"https:\/\/prograin.ca\/ca\/wp-json\/wp\/v2\/pages\/19903\/revisions\/22911"}],"up":[{"embeddable":true,"href":"https:\/\/prograin.ca\/ca\/wp-json\/wp\/v2\/pages\/19894"}],"wp:attachment":[{"href":"https:\/\/prograin.ca\/ca\/wp-json\/wp\/v2\/media?parent=19903"}],"curies":[{"name":"wp","href":"https:\/\/api.w.org\/{rel}","templated":true}]}}