
{"id":19923,"date":"2019-02-06T18:11:12","date_gmt":"2019-02-06T18:11:12","guid":{"rendered":"https:\/\/prograin.ca\/carrieres-2\/"},"modified":"2021-02-04T12:52:35","modified_gmt":"2021-02-04T12:52:35","slug":"careers","status":"publish","type":"page","link":"https:\/\/prograin.ca\/ca\/en\/careers\/","title":{"rendered":"Careers"},"content":{"rendered":"\n<div class=\"wp-block-prograin-section-block alignfull prograin-home\"><ul class=\"subsection\">\n<li class=\"PageTitle\"><h1>Careers<\/h1><div class=\"prograin-home-slide dark verticalbg\" style=\"color:#eeeeee;background-image:url(https:\/\/prograin.ca\/app\/uploads\/2019\/01\/carrieres_accueil.jpg);background-size:cover\"><div class=\"verticalbg\" style=\"background-image:url(https:\/\/prograin.ca\/app\/uploads\/sites\/3\/2019\/01\/accueil_entreprise.jpg);background-size:cover\"><\/div><div class=\"inside\" style=\"padding-right:\">\n<h2>Careers<\/h2>\n\n\n\n<p>Achieve your full potential working in a growing business and friendly environment.<\/p>\n\n\n\n<div class=\"wp-block-button\"><a class=\"wp-block-button__link no-border-radius\" href=\"https:\/\/prograin.ca\/ca\/en\/careers\/spontaneous-application\/\">APPLY NOW<\/a><\/div>\n\n\n\n<div style=\"height:30px\" aria-hidden=\"true\" class=\"wp-block-spacer\"><\/div>\n\n\n\n<div class=\"wp-block-button\"><a class=\"wp-block-button__link no-border-radius\" href=\"https:\/\/prograin.ca\/ca\/careers\/job-opening\/\">SEE AVAILABLE POSITIONS<\/a><\/div>\n<\/div><\/div><\/li>\n\n\n\n<li><a href=\"https:\/\/prograin.ca\/ca\/en\/careers\/prograin-benefits\/\">Prograin Benefits<\/a><div class=\"prograin-home-slide dark\" style=\"color:#eeeeee;background-image:url(https:\/\/prograin.ca\/app\/uploads\/sites\/3\/2019\/10\/Prograin-07463WEB.jpg);background-size:cover\"><div class=\"verticalbg\" style=\"background-size:cover\"><\/div><div class=\"inside\" style=\"padding-right:50&nbsp;%\">\n<h2>Prograin Benefits<\/h2>\n\n\n\n<p>A career with Prograin means you can contribute to feeding millions of people around the world!<\/p>\n\n\n\n<div style=\"height:20px\" aria-hidden=\"true\" class=\"wp-block-spacer\"><\/div>\n\n\n\n<div class=\"wp-block-button\"><a class=\"wp-block-button__link no-border-radius\" href=\"https:\/\/prograin.ca\/ca\/careers\/prograin-benefits\/\">To find out more about our commitments as an employer<\/a><\/div>\n<\/div><\/div><\/li>\n\n\n\n<li><a href=\"https:\/\/prograin.ca\/ca\/en\/careers\/job-opening\/\">Job openings<\/a><div class=\"prograin-home-slide dark\" style=\"color:#eeeeee;background-image:url(https:\/\/prograin.ca\/app\/uploads\/2019\/01\/carrieres_postes.jpg);background-size:cover\"><div class=\"verticalbg\" style=\"background-size:cover\"><\/div><div class=\"inside\" style=\"padding-right:50&nbsp;%\">\n<h2>Job openings<\/h2>\n\n\n\n<p>Are you ready to take on challenges?<\/p>\n\n\n\n<p>Do you share our values?<\/p>\n\n\n\n<div style=\"height:20px\" aria-hidden=\"true\" class=\"wp-block-spacer\"><\/div>\n\n\n\n<div class=\"wp-block-button\"><a class=\"wp-block-button__link no-border-radius\" href=\"https:\/\/prograin.ca\/ca\/careers\/job-opening\/\">Find out the available positions<\/a><\/div>\n<\/div><\/div><\/li>\n<\/ul><\/div>\n","protected":false},"excerpt":{"rendered":"","protected":false},"author":1,"featured_media":0,"parent":0,"menu_order":9,"comment_status":"closed","ping_status":"closed","template":"accueil","meta":{"advgb_blocks_editor_width":"","advgb_blocks_columns_visual_guide":""},"yoast_head":"<!-- This site is optimized with the Yoast SEO plugin v19.11 - https:\/\/yoast.com\/wordpress\/plugins\/seo\/ -->\n<title>Prograin | Working at Prograin means expressing your passion!<\/title>\n<meta name=\"description\" content=\"Use your numerous talents to contribute to feeding millions of people around the world!\" \/>\n<meta name=\"robots\" content=\"index, follow, max-snippet:-1, max-image-preview:large, max-video-preview:-1\" \/>\n<link rel=\"canonical\" href=\"https:\/\/prograin.ca\/ca\/en\/careers\/\" \/>\n<meta property=\"og:locale\" content=\"fr_CA\" \/>\n<meta property=\"og:type\" content=\"article\" \/>\n<meta property=\"og:title\" content=\"Prograin | Working at Prograin means expressing your passion!\" \/>\n<meta property=\"og:description\" content=\"Use your numerous talents to contribute to feeding millions of people around the world!\" \/>\n<meta property=\"og:url\" content=\"https:\/\/prograin.ca\/ca\/en\/careers\/\" \/>\n<meta property=\"og:site_name\" content=\"Prograin - Canada\" \/>\n<meta property=\"article:modified_time\" content=\"2021-02-04T12:52:35+00:00\" \/>\n<meta name=\"twitter:card\" content=\"summary_large_image\" \/>\n<meta name=\"twitter:label1\" content=\"Estimation du temps de lecture\" \/>\n\t<meta name=\"twitter:data1\" content=\"1 minute\" \/>\n<script type=\"application\/ld+json\" class=\"yoast-schema-graph\">{\"@context\":\"https:\/\/schema.org\",\"@graph\":[{\"@type\":\"WebPage\",\"@id\":\"https:\/\/prograin.ca\/ca\/en\/careers\/\",\"url\":\"https:\/\/prograin.ca\/ca\/en\/careers\/\",\"name\":\"Prograin | Working at Prograin means expressing your passion!\",\"isPartOf\":{\"@id\":\"https:\/\/prograin.ca\/ca\/#website\"},\"datePublished\":\"2019-02-06T18:11:12+00:00\",\"dateModified\":\"2021-02-04T12:52:35+00:00\",\"description\":\"Use your numerous talents to contribute to feeding millions of people around the world!\",\"breadcrumb\":{\"@id\":\"https:\/\/prograin.ca\/ca\/en\/careers\/#breadcrumb\"},\"inLanguage\":\"fr-CA\",\"potentialAction\":[{\"@type\":\"ReadAction\",\"target\":[\"https:\/\/prograin.ca\/ca\/en\/careers\/\"]}]},{\"@type\":\"BreadcrumbList\",\"@id\":\"https:\/\/prograin.ca\/ca\/en\/careers\/#breadcrumb\",\"itemListElement\":[{\"@type\":\"ListItem\",\"position\":1,\"name\":\"Home\",\"item\":\"https:\/\/prograin.ca\/ca\/fr\/\"},{\"@type\":\"ListItem\",\"position\":2,\"name\":\"Careers\"}]},{\"@type\":\"WebSite\",\"@id\":\"https:\/\/prograin.ca\/ca\/#website\",\"url\":\"https:\/\/prograin.ca\/ca\/\",\"name\":\"Prograin - Canada\",\"description\":\"Un site utilisant WordPress\",\"publisher\":{\"@id\":\"https:\/\/prograin.ca\/ca\/#organization\"},\"potentialAction\":[{\"@type\":\"SearchAction\",\"target\":{\"@type\":\"EntryPoint\",\"urlTemplate\":\"https:\/\/prograin.ca\/ca\/?s={search_term_string}\"},\"query-input\":\"required name=search_term_string\"}],\"inLanguage\":\"fr-CA\"},{\"@type\":\"Organization\",\"@id\":\"https:\/\/prograin.ca\/ca\/#organization\",\"name\":\"Prograin - Canada\",\"url\":\"https:\/\/prograin.ca\/ca\/\",\"logo\":{\"@type\":\"ImageObject\",\"inLanguage\":\"fr-CA\",\"@id\":\"https:\/\/prograin.ca\/ca\/#\/schema\/logo\/image\/\",\"url\":\"https:\/\/prograin.ca\/app\/uploads\/sites\/3\/2018\/11\/Prograin-logo-1.png\",\"contentUrl\":\"https:\/\/prograin.ca\/app\/uploads\/sites\/3\/2018\/11\/Prograin-logo-1.png\",\"width\":352,\"height\":85,\"caption\":\"Prograin - Canada\"},\"image\":{\"@id\":\"https:\/\/prograin.ca\/ca\/#\/schema\/logo\/image\/\"}}]}<\/script>\n<!-- \/ Yoast SEO plugin. -->","yoast_head_json":{"title":"Prograin | Working at Prograin means expressing your passion!","description":"Use your numerous talents to contribute to feeding millions of people around the world!","robots":{"index":"index","follow":"follow","max-snippet":"max-snippet:-1","max-image-preview":"max-image-preview:large","max-video-preview":"max-video-preview:-1"},"canonical":"https:\/\/prograin.ca\/ca\/en\/careers\/","og_locale":"fr_CA","og_type":"article","og_title":"Prograin | Working at Prograin means expressing your passion!","og_description":"Use your numerous talents to contribute to feeding millions of people around the world!","og_url":"https:\/\/prograin.ca\/ca\/en\/careers\/","og_site_name":"Prograin - Canada","article_modified_time":"2021-02-04T12:52:35+00:00","twitter_card":"summary_large_image","twitter_misc":{"Estimation du temps de lecture":"1 minute"},"schema":{"@context":"https:\/\/schema.org","@graph":[{"@type":"WebPage","@id":"https:\/\/prograin.ca\/ca\/en\/careers\/","url":"https:\/\/prograin.ca\/ca\/en\/careers\/","name":"Prograin | Working at Prograin means expressing your passion!","isPartOf":{"@id":"https:\/\/prograin.ca\/ca\/#website"},"datePublished":"2019-02-06T18:11:12+00:00","dateModified":"2021-02-04T12:52:35+00:00","description":"Use your numerous talents to contribute to feeding millions of people around the world!","breadcrumb":{"@id":"https:\/\/prograin.ca\/ca\/en\/careers\/#breadcrumb"},"inLanguage":"fr-CA","potentialAction":[{"@type":"ReadAction","target":["https:\/\/prograin.ca\/ca\/en\/careers\/"]}]},{"@type":"BreadcrumbList","@id":"https:\/\/prograin.ca\/ca\/en\/careers\/#breadcrumb","itemListElement":[{"@type":"ListItem","position":1,"name":"Home","item":"https:\/\/prograin.ca\/ca\/fr\/"},{"@type":"ListItem","position":2,"name":"Careers"}]},{"@type":"WebSite","@id":"https:\/\/prograin.ca\/ca\/#website","url":"https:\/\/prograin.ca\/ca\/","name":"Prograin - Canada","description":"Un site utilisant WordPress","publisher":{"@id":"https:\/\/prograin.ca\/ca\/#organization"},"potentialAction":[{"@type":"SearchAction","target":{"@type":"EntryPoint","urlTemplate":"https:\/\/prograin.ca\/ca\/?s={search_term_string}"},"query-input":"required name=search_term_string"}],"inLanguage":"fr-CA"},{"@type":"Organization","@id":"https:\/\/prograin.ca\/ca\/#organization","name":"Prograin - Canada","url":"https:\/\/prograin.ca\/ca\/","logo":{"@type":"ImageObject","inLanguage":"fr-CA","@id":"https:\/\/prograin.ca\/ca\/#\/schema\/logo\/image\/","url":"https:\/\/prograin.ca\/app\/uploads\/sites\/3\/2018\/11\/Prograin-logo-1.png","contentUrl":"https:\/\/prograin.ca\/app\/uploads\/sites\/3\/2018\/11\/Prograin-logo-1.png","width":352,"height":85,"caption":"Prograin - Canada"},"image":{"@id":"https:\/\/prograin.ca\/ca\/#\/schema\/logo\/image\/"}}]}},"featured_image_urls":{"full":"","thumbnail":"","medium":"","medium_large":"","large":"","1536x1536":"","2048x2048":"","menu-24x24":"","menu-36x36":"","menu-48x48":""},"post_excerpt_stackable":"<p>Careers Careers Achieve your full potential working in a growing business and friendly environment. APPLY NOW SEE AVAILABLE POSITIONS Prograin Benefits Prograin Benefits A career with Prograin means you can contribute to feeding millions of people around the world! To find out more about our commitments as an employer Job openings Job openings Are you ready to take on challenges? Do you share our values? Find out the available positions<\/p>\n","category_list":"","author_info":{"name":"developpe","url":"https:\/\/prograin.ca\/ca\/author\/developpe\/"},"comments_num":"0 comments","featured_image_urls_v2":{"full":"","thumbnail":"","medium":"","medium_large":"","large":"","1536x1536":"","2048x2048":"","menu-24x24":"","menu-36x36":"","menu-48x48":""},"post_excerpt_stackable_v2":"<p>Careers Careers Achieve your full potential working in a growing business and friendly environment. APPLY NOW SEE AVAILABLE POSITIONS Prograin Benefits Prograin Benefits A career with Prograin means you can contribute to feeding millions of people around the world! To find out more about our commitments as an employer Job openings Job openings Are you ready to take on challenges? Do you share our values? Find out the available positions<\/p>\n","category_list_v2":"","author_info_v2":{"name":"developpe","url":"https:\/\/prograin.ca\/ca\/author\/developpe\/"},"comments_num_v2":"0 comments","coauthors":[],"author_meta":{"author_link":"https:\/\/prograin.ca\/ca\/author\/developpe\/","display_name":"developpe"},"relative_dates":{"created":"Posted 7 ann\u00e9es ago","modified":"Updated 5 ann\u00e9es ago"},"absolute_dates":{"created":"Posted on 6 f\u00e9vrier 2019","modified":"Updated on 4 f\u00e9vrier 2021"},"absolute_dates_time":{"created":"Posted on 6 f\u00e9vrier 2019 18 h 11 min","modified":"Updated on 4 f\u00e9vrier 2021 12 h 52 min"},"featured_img_caption":"","featured_img":false,"series_order":"","_links":{"self":[{"href":"https:\/\/prograin.ca\/ca\/wp-json\/wp\/v2\/pages\/19923"}],"collection":[{"href":"https:\/\/prograin.ca\/ca\/wp-json\/wp\/v2\/pages"}],"about":[{"href":"https:\/\/prograin.ca\/ca\/wp-json\/wp\/v2\/types\/page"}],"author":[{"embeddable":true,"href":"https:\/\/prograin.ca\/ca\/wp-json\/wp\/v2\/users\/1"}],"replies":[{"embeddable":true,"href":"https:\/\/prograin.ca\/ca\/wp-json\/wp\/v2\/comments?post=19923"}],"version-history":[{"count":13,"href":"https:\/\/prograin.ca\/ca\/wp-json\/wp\/v2\/pages\/19923\/revisions"}],"predecessor-version":[{"id":24096,"href":"https:\/\/prograin.ca\/ca\/wp-json\/wp\/v2\/pages\/19923\/revisions\/24096"}],"wp:attachment":[{"href":"https:\/\/prograin.ca\/ca\/wp-json\/wp\/v2\/media?parent=19923"}],"curies":[{"name":"wp","href":"https:\/\/api.w.org\/{rel}","templated":true}]}}