
{"id":19929,"date":"2019-02-06T18:14:53","date_gmt":"2019-02-06T18:14:53","guid":{"rendered":"https:\/\/prograin.ca\/carrieres\/avantages-prograin-2\/"},"modified":"2019-03-04T16:56:33","modified_gmt":"2019-03-04T16:56:33","slug":"prograin-benefits","status":"publish","type":"page","link":"https:\/\/prograin.ca\/ca\/en\/careers\/prograin-benefits\/","title":{"rendered":"Prograin benefits"},"content":{"rendered":"\n<div class=\"wp-block-balise-section-block alignfull _sectionblock has-1-columns\">\n<div style=\"color:#ffffff;background-image:url(https:\/\/prograin.ca\/app\/uploads\/2019\/01\/avantages_header.jpg);background-size:cover;padding-top:60px;padding-bottom:60px;padding-left:10px;padding-right:10px\"><div class=\"inside\" style=\"margin:0 auto\">\n<div class=\"wp-container-3 wp-block-columns has-2-columns\">\n<div class=\"wp-container-1 wp-block-column\">\n<h3>Our values shape our identity and guide all our decisions<\/h3>\n\n\n\n<p>We offer work conditions that foster our employees\u2019 professional and personal growth.<\/p>\n<\/div>\n\n\n\n<div class=\"wp-container-2 wp-block-column\"><\/div>\n<\/div>\n<\/div><\/div>\n<\/div>\n\n\n\n<div class=\"wp-block-balise-section-block alignfull _sectionblock has-1-columns\">\n<div style=\"background-size:cover;padding-top:60px;padding-bottom:60px;padding-left:10px;padding-right:10px\"><div class=\"inside\" style=\"margin:0 auto\">\n<h3 class=\"is-style-orange\">Benefits of working with us<\/h3>\n\n\n\n<div class=\"wp-container-6 wp-block-columns has-2-columns\">\n<div class=\"wp-container-4 wp-block-column\">\n<p>Our company is constantly growing, and we offer challenges that match your talents! <\/p>\n\n\n\n<p>Here is what we offer:<\/p>\n<\/div>\n\n\n\n<div class=\"wp-container-5 wp-block-column\"><\/div>\n<\/div>\n\n\n\n<div class=\"wp-container-9 wp-block-columns has-2-columns\">\n<div class=\"wp-container-7 wp-block-column\">\n<ul><li>A friendly work environment<\/li><li>Regular social events throughout the year<\/li><li>Continuing education<\/li><li>An employee manual<\/li><\/ul>\n<\/div>\n\n\n\n<div class=\"wp-container-8 wp-block-column\">\n<div class=\"wp-block-balise-section-block _sectionblock has-1-columns\">\n<div style=\"color:#ffffff;background-image:url(https:\/\/prograin.ca\/app\/uploads\/2019\/02\/bg_avantages@2x.png);background-size:cover;background-position:0&nbsp;% 60.72874493927125&nbsp;%;padding-top:40px;padding-bottom:40px;padding-left:50px;padding-right:30px\"><div class=\"inside\" style=\"margin:0 auto\">\n<p>We are located 40 minutes from Montr\u00e9al and 25 minutes from Granby, and there are many outdoor points of interest in the area: mountains for skiing and hiking, bike paths, vineyards, orchards, etc.<\/p>\n<\/div><\/div>\n<\/div>\n<\/div>\n<\/div>\n<\/div><\/div>\n<\/div>\n\n\n\n<div class=\"wp-block-balise-section-block alignfull _sectionblock has-1-columns\">\n<div style=\"background-size:cover;padding-top:60px;padding-bottom:60px;padding-left:10px;padding-right:10px\"><div class=\"inside\" style=\"margin:0 auto\">\n<h3 class=\"is-style-orange\">Compensation package offered by Prograin<\/h3>\n\n\n\n<div class=\"wp-container-12 wp-block-columns has-2-columns\">\n<div class=\"wp-container-10 wp-block-column\">\n<p>In addition to competitive salaries, we offer the following benefits:<\/p>\n<\/div>\n\n\n\n<div class=\"wp-container-11 wp-block-column\"><\/div>\n<\/div>\n\n\n\n<div class=\"wp-container-15 wp-block-columns has-2-columns\">\n<div class=\"wp-container-13 wp-block-column\">\n<div class=\"wp-block-balise-section-block _sectionblock has-1-columns\">\n<div style=\"background-color:#f7f7f7;background-size:cover;padding-top:60px;padding-bottom:60px;padding-left:10px;padding-right:10px\"><div class=\"inside\" style=\"margin:0 auto\">\n<ul><li>Medical insurance, including dental care<\/li><li>Pension fund with employer contribution<\/li><li>Financial support (annual) for physical activities<\/li><li>Annual budget for clothing (production workers and administrative staff)<\/li><li>Employee assistance program<\/li><\/ul>\n<\/div><\/div>\n<\/div>\n<\/div>\n\n\n\n<div class=\"wp-container-14 wp-block-column\">\n<ul><li>Bonuses for employee referrals<\/li><li>Reimbursement of professional dues according to the position\nheld<\/li><li>Scholarships for employees\u2019 children<\/li><li>Social activities paid by the employer<\/li><\/ul>\n<\/div>\n<\/div>\n<\/div><\/div>\n<\/div>\n","protected":false},"excerpt":{"rendered":"","protected":false},"author":1,"featured_media":0,"parent":19923,"menu_order":1,"comment_status":"closed","ping_status":"closed","template":"","meta":{"advgb_blocks_editor_width":"","advgb_blocks_columns_visual_guide":""},"yoast_head":"<!-- This site is optimized with the Yoast SEO plugin v19.11 - https:\/\/yoast.com\/wordpress\/plugins\/seo\/ -->\n<title>Prograin | The many benefits of working with us!<\/title>\n<meta name=\"description\" content=\"We offer work conditions that foster our employees\u2019 professional and personal growth.\" \/>\n<meta name=\"robots\" content=\"index, follow, max-snippet:-1, max-image-preview:large, max-video-preview:-1\" \/>\n<link rel=\"canonical\" href=\"https:\/\/prograin.ca\/ca\/en\/careers\/prograin-benefits\/\" \/>\n<meta property=\"og:locale\" content=\"fr_CA\" \/>\n<meta property=\"og:type\" content=\"article\" \/>\n<meta property=\"og:title\" content=\"Prograin | The many benefits of working with us!\" \/>\n<meta property=\"og:description\" content=\"We offer work conditions that foster our employees\u2019 professional and personal growth.\" \/>\n<meta property=\"og:url\" content=\"https:\/\/prograin.ca\/ca\/en\/careers\/prograin-benefits\/\" \/>\n<meta property=\"og:site_name\" content=\"Prograin - Canada\" \/>\n<meta property=\"article:modified_time\" content=\"2019-03-04T16:56:33+00:00\" \/>\n<meta name=\"twitter:card\" content=\"summary_large_image\" \/>\n<meta name=\"twitter:label1\" content=\"Estimation du temps de lecture\" \/>\n\t<meta name=\"twitter:data1\" content=\"1 minute\" \/>\n<script type=\"application\/ld+json\" class=\"yoast-schema-graph\">{\"@context\":\"https:\/\/schema.org\",\"@graph\":[{\"@type\":\"WebPage\",\"@id\":\"https:\/\/prograin.ca\/ca\/en\/careers\/prograin-benefits\/\",\"url\":\"https:\/\/prograin.ca\/ca\/en\/careers\/prograin-benefits\/\",\"name\":\"Prograin | The many benefits of working with us!\",\"isPartOf\":{\"@id\":\"https:\/\/prograin.ca\/ca\/#website\"},\"datePublished\":\"2019-02-06T18:14:53+00:00\",\"dateModified\":\"2019-03-04T16:56:33+00:00\",\"description\":\"We offer work conditions that foster our employees\u2019 professional and personal growth.\",\"breadcrumb\":{\"@id\":\"https:\/\/prograin.ca\/ca\/en\/careers\/prograin-benefits\/#breadcrumb\"},\"inLanguage\":\"fr-CA\",\"potentialAction\":[{\"@type\":\"ReadAction\",\"target\":[\"https:\/\/prograin.ca\/ca\/en\/careers\/prograin-benefits\/\"]}]},{\"@type\":\"BreadcrumbList\",\"@id\":\"https:\/\/prograin.ca\/ca\/en\/careers\/prograin-benefits\/#breadcrumb\",\"itemListElement\":[{\"@type\":\"ListItem\",\"position\":1,\"name\":\"Home\",\"item\":\"https:\/\/prograin.ca\/ca\/fr\/\"},{\"@type\":\"ListItem\",\"position\":2,\"name\":\"Careers\",\"item\":\"https:\/\/prograin.ca\/ca\/en\/careers\/\"},{\"@type\":\"ListItem\",\"position\":3,\"name\":\"Prograin benefits\"}]},{\"@type\":\"WebSite\",\"@id\":\"https:\/\/prograin.ca\/ca\/#website\",\"url\":\"https:\/\/prograin.ca\/ca\/\",\"name\":\"Prograin - Canada\",\"description\":\"Un site utilisant WordPress\",\"publisher\":{\"@id\":\"https:\/\/prograin.ca\/ca\/#organization\"},\"potentialAction\":[{\"@type\":\"SearchAction\",\"target\":{\"@type\":\"EntryPoint\",\"urlTemplate\":\"https:\/\/prograin.ca\/ca\/?s={search_term_string}\"},\"query-input\":\"required name=search_term_string\"}],\"inLanguage\":\"fr-CA\"},{\"@type\":\"Organization\",\"@id\":\"https:\/\/prograin.ca\/ca\/#organization\",\"name\":\"Prograin - Canada\",\"url\":\"https:\/\/prograin.ca\/ca\/\",\"logo\":{\"@type\":\"ImageObject\",\"inLanguage\":\"fr-CA\",\"@id\":\"https:\/\/prograin.ca\/ca\/#\/schema\/logo\/image\/\",\"url\":\"https:\/\/prograin.ca\/app\/uploads\/sites\/3\/2018\/11\/Prograin-logo-1.png\",\"contentUrl\":\"https:\/\/prograin.ca\/app\/uploads\/sites\/3\/2018\/11\/Prograin-logo-1.png\",\"width\":352,\"height\":85,\"caption\":\"Prograin - Canada\"},\"image\":{\"@id\":\"https:\/\/prograin.ca\/ca\/#\/schema\/logo\/image\/\"}}]}<\/script>\n<!-- \/ Yoast SEO plugin. -->","yoast_head_json":{"title":"Prograin | The many benefits of working with us!","description":"We offer work conditions that foster our employees\u2019 professional and personal growth.","robots":{"index":"index","follow":"follow","max-snippet":"max-snippet:-1","max-image-preview":"max-image-preview:large","max-video-preview":"max-video-preview:-1"},"canonical":"https:\/\/prograin.ca\/ca\/en\/careers\/prograin-benefits\/","og_locale":"fr_CA","og_type":"article","og_title":"Prograin | The many benefits of working with us!","og_description":"We offer work conditions that foster our employees\u2019 professional and personal growth.","og_url":"https:\/\/prograin.ca\/ca\/en\/careers\/prograin-benefits\/","og_site_name":"Prograin - Canada","article_modified_time":"2019-03-04T16:56:33+00:00","twitter_card":"summary_large_image","twitter_misc":{"Estimation du temps de lecture":"1 minute"},"schema":{"@context":"https:\/\/schema.org","@graph":[{"@type":"WebPage","@id":"https:\/\/prograin.ca\/ca\/en\/careers\/prograin-benefits\/","url":"https:\/\/prograin.ca\/ca\/en\/careers\/prograin-benefits\/","name":"Prograin | The many benefits of working with us!","isPartOf":{"@id":"https:\/\/prograin.ca\/ca\/#website"},"datePublished":"2019-02-06T18:14:53+00:00","dateModified":"2019-03-04T16:56:33+00:00","description":"We offer work conditions that foster our employees\u2019 professional and personal growth.","breadcrumb":{"@id":"https:\/\/prograin.ca\/ca\/en\/careers\/prograin-benefits\/#breadcrumb"},"inLanguage":"fr-CA","potentialAction":[{"@type":"ReadAction","target":["https:\/\/prograin.ca\/ca\/en\/careers\/prograin-benefits\/"]}]},{"@type":"BreadcrumbList","@id":"https:\/\/prograin.ca\/ca\/en\/careers\/prograin-benefits\/#breadcrumb","itemListElement":[{"@type":"ListItem","position":1,"name":"Home","item":"https:\/\/prograin.ca\/ca\/fr\/"},{"@type":"ListItem","position":2,"name":"Careers","item":"https:\/\/prograin.ca\/ca\/en\/careers\/"},{"@type":"ListItem","position":3,"name":"Prograin benefits"}]},{"@type":"WebSite","@id":"https:\/\/prograin.ca\/ca\/#website","url":"https:\/\/prograin.ca\/ca\/","name":"Prograin - Canada","description":"Un site utilisant WordPress","publisher":{"@id":"https:\/\/prograin.ca\/ca\/#organization"},"potentialAction":[{"@type":"SearchAction","target":{"@type":"EntryPoint","urlTemplate":"https:\/\/prograin.ca\/ca\/?s={search_term_string}"},"query-input":"required name=search_term_string"}],"inLanguage":"fr-CA"},{"@type":"Organization","@id":"https:\/\/prograin.ca\/ca\/#organization","name":"Prograin - Canada","url":"https:\/\/prograin.ca\/ca\/","logo":{"@type":"ImageObject","inLanguage":"fr-CA","@id":"https:\/\/prograin.ca\/ca\/#\/schema\/logo\/image\/","url":"https:\/\/prograin.ca\/app\/uploads\/sites\/3\/2018\/11\/Prograin-logo-1.png","contentUrl":"https:\/\/prograin.ca\/app\/uploads\/sites\/3\/2018\/11\/Prograin-logo-1.png","width":352,"height":85,"caption":"Prograin - Canada"},"image":{"@id":"https:\/\/prograin.ca\/ca\/#\/schema\/logo\/image\/"}}]}},"featured_image_urls":{"full":"","thumbnail":"","medium":"","medium_large":"","large":"","1536x1536":"","2048x2048":"","menu-24x24":"","menu-36x36":"","menu-48x48":""},"post_excerpt_stackable":"<p>Our values shape our identity and guide all our decisions We offer work conditions that foster our employees\u2019 professional and personal growth. Benefits of working with us Our company is constantly growing, and we offer challenges that match your talents! Here is what we offer: A friendly work environmentRegular social events throughout the yearContinuing educationAn employee manual We are located 40 minutes from Montr\u00e9al and 25 minutes from Granby, and there are many outdoor points of interest in the area: mountains for skiing and hiking, bike paths, vineyards, orchards, etc. Compensation package offered by Prograin In addition to competitive salaries,&hellip;<\/p>\n","category_list":"","author_info":{"name":"developpe","url":"https:\/\/prograin.ca\/ca\/author\/developpe\/"},"comments_num":"0 comments","featured_image_urls_v2":{"full":"","thumbnail":"","medium":"","medium_large":"","large":"","1536x1536":"","2048x2048":"","menu-24x24":"","menu-36x36":"","menu-48x48":""},"post_excerpt_stackable_v2":"<p>Our values shape our identity and guide all our decisions We offer work conditions that foster our employees\u2019 professional and personal growth. Benefits of working with us Our company is constantly growing, and we offer challenges that match your talents! Here is what we offer: A friendly work environmentRegular social events throughout the yearContinuing educationAn employee manual We are located 40 minutes from Montr\u00e9al and 25 minutes from Granby, and there are many outdoor points of interest in the area: mountains for skiing and hiking, bike paths, vineyards, orchards, etc. Compensation package offered by Prograin In addition to competitive salaries,&hellip;<\/p>\n","category_list_v2":"","author_info_v2":{"name":"developpe","url":"https:\/\/prograin.ca\/ca\/author\/developpe\/"},"comments_num_v2":"0 comments","coauthors":[],"author_meta":{"author_link":"https:\/\/prograin.ca\/ca\/author\/developpe\/","display_name":"developpe"},"relative_dates":{"created":"Posted 7 ann\u00e9es ago","modified":"Updated 7 ann\u00e9es ago"},"absolute_dates":{"created":"Posted on 6 f\u00e9vrier 2019","modified":"Updated on 4 mars 2019"},"absolute_dates_time":{"created":"Posted on 6 f\u00e9vrier 2019 18 h 14 min","modified":"Updated on 4 mars 2019 16 h 56 min"},"featured_img_caption":"","featured_img":false,"series_order":"","_links":{"self":[{"href":"https:\/\/prograin.ca\/ca\/wp-json\/wp\/v2\/pages\/19929"}],"collection":[{"href":"https:\/\/prograin.ca\/ca\/wp-json\/wp\/v2\/pages"}],"about":[{"href":"https:\/\/prograin.ca\/ca\/wp-json\/wp\/v2\/types\/page"}],"author":[{"embeddable":true,"href":"https:\/\/prograin.ca\/ca\/wp-json\/wp\/v2\/users\/1"}],"replies":[{"embeddable":true,"href":"https:\/\/prograin.ca\/ca\/wp-json\/wp\/v2\/comments?post=19929"}],"version-history":[{"count":5,"href":"https:\/\/prograin.ca\/ca\/wp-json\/wp\/v2\/pages\/19929\/revisions"}],"predecessor-version":[{"id":22061,"href":"https:\/\/prograin.ca\/ca\/wp-json\/wp\/v2\/pages\/19929\/revisions\/22061"}],"up":[{"embeddable":true,"href":"https:\/\/prograin.ca\/ca\/wp-json\/wp\/v2\/pages\/19923"}],"wp:attachment":[{"href":"https:\/\/prograin.ca\/ca\/wp-json\/wp\/v2\/media?parent=19929"}],"curies":[{"name":"wp","href":"https:\/\/api.w.org\/{rel}","templated":true}]}}