
{"id":19933,"date":"2019-02-06T18:32:19","date_gmt":"2019-02-06T18:32:19","guid":{"rendered":"https:\/\/prograin.ca\/carrieres\/postes-a-combler-2\/"},"modified":"2021-02-04T12:48:34","modified_gmt":"2021-02-04T12:48:34","slug":"job-opening","status":"publish","type":"page","link":"https:\/\/prograin.ca\/ca\/en\/careers\/job-opening\/","title":{"rendered":"Job openings"},"content":{"rendered":"\n<div class=\"wp-block-balise-section-block alignfull _sectionblock has-1-columns\">\n<div class=\"\" style=\"color:#ffffff;background-image:url(https:\/\/prograin.ca\/app\/uploads\/sites\/3\/2019\/10\/Prograin-0067WEB.jpg);background-size:cover;padding-top:60px;padding-bottom:60px;padding-left:10px;padding-right:10px\"><div class=\"verticalbg\" style=\"background-size:cover\"><\/div><div class=\"inside\" style=\"margin:0 auto\">\n<h3>Careers at the head office<\/h3>\n\n\n\n<div class=\"wp-container-3 wp-block-columns has-2-columns\">\n<div class=\"wp-container-1 wp-block-column\">\n<p><strong>A career at our head office means being able to contribute to many projects related to the company\u2019s growth while assuming functions that ensure its stability and sustainability.<\/strong><\/p>\n<\/div>\n\n\n\n<div class=\"wp-container-2 wp-block-column\"><\/div>\n<\/div>\n\n\n\n<div style=\"height:40px\" aria-hidden=\"true\" class=\"wp-block-spacer\"><\/div>\n<\/div><\/div>\n<\/div>\n\n\n\n<div class=\"wp-block-balise-section-block alignfull _sectionblock has-1-columns\">\n<div class=\"\" style=\"background-size:cover;padding-top:60px;padding-bottom:60px;padding-left:10px;padding-right:10px\"><div class=\"verticalbg\" style=\"background-size:cover\"><\/div><div class=\"inside\" style=\"margin:0 auto\">\n<div class=\"wp-block-balise-carriere\"><div>\n<div class=\"carriere-item\">\n\n<h3 class=\"is-style-orange\">Coordonnateur(trice) \u00e0 l\u2019approvisionnement<\/h3>\n<div class=\"row gap\">\n<div class=\"col-md-6\">\n<p>\nSous la supervision de la Directrice \u00e0 l\u2019approvisionnement le coordonnateur(trice) \u00e0 l\u2019approvisionnement est responsable de planifier, organiser et assurer l\u2019approvisionnement de mati\u00e8res brutes afin de r\u00e9pondre aux besoins de l\u2019entreprise.\n<\/p>\n\n<\/div>\n<div class=\"col-md-6\">\n            <\/div>\n<\/div>\n<a href=\"https:\/\/prograin.ca\/ca\/fr\/carrieres-prograin\/coordonnateurtrice-a-lapprovisionnement\/\" class=\"btn\">Postuler<\/a>\n<\/div>\n<div class=\"carriere-item\">\n\n<h3 class=\"is-style-orange\">Agent(e) \u00e0 l&#039;approvisionnement<\/h3>\n<div class=\"row gap\">\n<div class=\"col-md-6\">\n<p>\nPrograin recrute son(a) futur(e) Agent(e) \u00e0 l\u2019Approvisionnement, qui jouera un r\u00f4le de soutien op\u00e9rationnel et administratif des activit\u00e9s d\u2019achats et d\u2019approvisionnement de l\u2019organisation.\n<\/p>\n\n<\/div>\n<div class=\"col-md-6\">\n            <\/div>\n<\/div>\n<a href=\"https:\/\/prograin.ca\/ca\/fr\/carrieres-prograin\/agente-a-lapprovisionnement\/\" class=\"btn\">Postuler<\/a>\n<\/div>\n<div class=\"carriere-item\">\n\n<h3 class=\"is-style-orange\">Directeur(trice) Finances et Administration<\/h3>\n<div class=\"row gap\">\n<div class=\"col-md-6\">\n<p>\nPrograin, cherche son(a) futur(e) Directeur(trice) Finances et Administration qui jouera un r\u00f4le d\u00e9terminant dans la structure et la gouvernance du groupe, tout en demeurant activement impliqu\u00e9 dans le soutien op\u00e9rationnel&hellip;\n<\/p>\n\n<\/div>\n<div class=\"col-md-6\">\n            <\/div>\n<\/div>\n<a href=\"https:\/\/prograin.ca\/ca\/fr\/carrieres-prograin\/directeurtrice-finances-et-administration\/\" class=\"btn\">Postuler<\/a>\n<\/div>\n<\/div><\/div>\n\n\n\n<p><\/p>\n<\/div><\/div>\n<\/div>\n\n\n\n<div class=\"wp-block-balise-section-block alignfull _sectionblock has-1-columns\">\n<div class=\"\" style=\"color:#ffffff;background-image:url(https:\/\/prograin.ca\/app\/uploads\/sites\/3\/2019\/10\/Prograin-07331WEB_recadre.jpg);background-size:cover;padding-top:60px;padding-bottom:60px;padding-left:10px;padding-right:10px\"><div class=\"verticalbg\" style=\"background-size:cover\"><\/div><div class=\"inside\" style=\"margin:0 auto\">\n<h3 class=\"is-style-blanc\">Careers in the production sector<\/h3>\n\n\n\n<div class=\"wp-container-6 wp-block-columns has-2-columns\">\n<div class=\"wp-container-4 wp-block-column\">\n<p>Working in the production sector means being at the forefront of our challenges. It is also a dynamic environment where timing is everything in order to guarantee quality deliveries to our customers around the world.<\/p>\n\n\n\n<div style=\"height:40px\" aria-hidden=\"true\" class=\"wp-block-spacer\"><\/div>\n<\/div>\n\n\n\n<div class=\"wp-container-5 wp-block-column\"><\/div>\n<\/div>\n<\/div><\/div>\n<\/div>\n\n\n\n<div class=\"wp-block-balise-section-block alignfull _sectionblock has-1-columns\">\n<div class=\"\" style=\"background-size:cover;padding-top:60px;padding-bottom:60px;padding-left:10px;padding-right:10px\"><div class=\"verticalbg\" style=\"background-size:cover\"><\/div><div class=\"inside\" style=\"margin:0 auto\">\n<div class=\"wp-block-balise-carriere\"><div>\n<div class=\"carriere-item\">\n\n<h3 class=\"is-style-orange\">Cariste saisonnier<\/h3>\n<div class=\"row gap\">\n<div class=\"col-md-6\">\n<p>\nPrograin est la plus importante entreprise priv\u00e9e de soya \u00e0 valeur ajout\u00e9e au Canada. Notre expertise exceptionnelle et nos techniques de pointe ont fait de nous une r\u00e9f\u00e9rence mondiale dans&hellip;\n<\/p>\n\n<\/div>\n<div class=\"col-md-6\">\n    <p>Horaire de travail : Jour : lundi au vendredi 6h30 \u00e0 15h00 ou Soir :  lundi au vendredi 15h00 \u00e0 23h30<\/p>    <p>P\u00e9riode : Jour ou soir <\/p>    <p>Statut d'emploi\u00a0: Temporaire <\/p><\/div>\n<\/div>\n<a href=\"https:\/\/prograin.ca\/ca\/fr\/carrieres-prograin\/cariste-saisonnier\/\" class=\"btn\">Postuler<\/a>\n<\/div>\n<div class=\"carriere-item\">\n\n<h3 class=\"is-style-orange\">Op\u00e9rateur cribleur<\/h3>\n<div class=\"row gap\">\n<div class=\"col-md-6\">\n<p>\nOp\u00e9rer tous les \u00e9quipements du d\u00e9partement du crible. Responsable de la qualit\u00e9 de son produit en effectuant les tests de qualit\u00e9 et remplir le livre de bord. Ajuster les machines&hellip;\n<\/p>\n\n<\/div>\n<div class=\"col-md-6\">\n    <p>Horaire de travail : Dimanche au jeudi de 23h00 \u00e0 7h00 <\/p>    <p>P\u00e9riode : Nuit<\/p>    <p>Statut d'emploi\u00a0: Permanent <\/p><\/div>\n<\/div>\n<a href=\"https:\/\/prograin.ca\/ca\/fr\/carrieres-prograin\/operateur-cribleur\/\" class=\"btn\">Postuler<\/a>\n<\/div>\n<div class=\"carriere-item\">\n\n<h3 class=\"is-style-orange\">Op\u00e9rateur statec<\/h3>\n<div class=\"row gap\">\n<div class=\"col-md-6\">\n<p>\nOp\u00e9rer le robot d\u2019ensachage. Ajuster le robot lors des changements de vari\u00e9t\u00e9s. Peser les sacs et remplir les documents de contr\u00f4le de qualit\u00e9. Effectuer des tests de qualit\u00e9. Ensacher le&hellip;\n<\/p>\n\n<\/div>\n<div class=\"col-md-6\">\n    <p>Horaire de travail : Lundi au vendredi de 14h30 \u00e0 23h00<\/p>    <p>P\u00e9riode : Soir<\/p>    <p>Statut d'emploi\u00a0: Permanent <\/p><\/div>\n<\/div>\n<a href=\"https:\/\/prograin.ca\/ca\/fr\/carrieres-prograin\/operateur-statec\/\" class=\"btn\">Postuler<\/a>\n<\/div>\n<\/div><\/div>\n<\/div><\/div>\n<\/div>\n\n\n\n<div class=\"wp-block-balise-section-block alignfull _sectionblock has-1-columns\">\n<div class=\"\" style=\"color:#ffffff;background-image:url(https:\/\/prograin.ca\/app\/uploads\/sites\/3\/2019\/01\/recherche_terrain_labo.jpg);background-size:cover;padding-top:60px;padding-bottom:60px;padding-left:10px;padding-right:10px\"><div class=\"verticalbg\" style=\"background-size:cover\"><\/div><div class=\"inside\" style=\"margin:0 auto\">\n<h3 class=\"is-style-blanc\">Careers in research and development<\/h3>\n\n\n\n<div class=\"wp-container-9 wp-block-columns has-2-columns\">\n<div class=\"wp-container-7 wp-block-column\">\n<p>Research is at the heart of our business.<\/p>\n\n\n\n<p>Prograin has a unique research department,\n                        reporting to a team of experts with world-renowned know-how.<\/p>\n\n\n\n<p>We are ready and determined to develop the best\n                        genetics for early soybeans.<\/p>\n<\/div>\n\n\n\n<div class=\"wp-container-8 wp-block-column\"><\/div>\n<\/div>\n\n\n\n<div style=\"height:40px\" aria-hidden=\"true\" class=\"wp-block-spacer\"><\/div>\n<\/div><\/div>\n<\/div>\n\n\n\n<div class=\"wp-block-balise-section-block alignfull _sectionblock has-1-columns\">\n<div class=\"\" style=\"background-size:cover;padding-top:60px;padding-bottom:60px;padding-left:10px;padding-right:10px\"><div class=\"verticalbg\" style=\"background-size:cover\"><\/div><div class=\"inside\" style=\"margin:0 auto\">\n<div class=\"wp-block-balise-carriere\"><div>\n<p>Aucune offre d&#039;emploi pour le moment<\/p>\n<\/div><\/div>\n<\/div><\/div>\n<\/div>\n\n\n\n<p><\/p>\n","protected":false},"excerpt":{"rendered":"","protected":false},"author":1,"featured_media":0,"parent":19923,"menu_order":0,"comment_status":"closed","ping_status":"closed","template":"","meta":{"advgb_blocks_editor_width":"","advgb_blocks_columns_visual_guide":""},"yoast_head":"<!-- This site is optimized with the Yoast SEO plugin v19.11 - https:\/\/yoast.com\/wordpress\/plugins\/seo\/ -->\n<title>Prograin | Are you ready to take on challenges?<\/title>\n<meta name=\"description\" content=\"We offer a variety of career opportunities in a dynamic environment, both in the production sector as well as at the head office.\" \/>\n<meta name=\"robots\" content=\"index, follow, max-snippet:-1, max-image-preview:large, max-video-preview:-1\" \/>\n<link rel=\"canonical\" href=\"https:\/\/prograin.ca\/ca\/en\/careers\/job-opening\/\" \/>\n<meta property=\"og:locale\" content=\"fr_CA\" \/>\n<meta property=\"og:type\" content=\"article\" \/>\n<meta property=\"og:title\" content=\"Prograin | Are you ready to take on challenges?\" \/>\n<meta property=\"og:description\" content=\"We offer a variety of career opportunities in a dynamic environment, both in the production sector as well as at the head office.\" \/>\n<meta property=\"og:url\" content=\"https:\/\/prograin.ca\/ca\/en\/careers\/job-opening\/\" \/>\n<meta property=\"og:site_name\" content=\"Prograin - Canada\" \/>\n<meta property=\"article:modified_time\" content=\"2021-02-04T12:48:34+00:00\" \/>\n<meta name=\"twitter:card\" content=\"summary_large_image\" \/>\n<meta name=\"twitter:label1\" content=\"Estimation du temps de lecture\" \/>\n\t<meta name=\"twitter:data1\" content=\"1 minute\" \/>\n<script type=\"application\/ld+json\" class=\"yoast-schema-graph\">{\"@context\":\"https:\/\/schema.org\",\"@graph\":[{\"@type\":\"WebPage\",\"@id\":\"https:\/\/prograin.ca\/ca\/en\/careers\/job-opening\/\",\"url\":\"https:\/\/prograin.ca\/ca\/en\/careers\/job-opening\/\",\"name\":\"Prograin | Are you ready to take on challenges?\",\"isPartOf\":{\"@id\":\"https:\/\/prograin.ca\/ca\/#website\"},\"datePublished\":\"2019-02-06T18:32:19+00:00\",\"dateModified\":\"2021-02-04T12:48:34+00:00\",\"description\":\"We offer a variety of career opportunities in a dynamic environment, both in the production sector as well as at the head office.\",\"breadcrumb\":{\"@id\":\"https:\/\/prograin.ca\/ca\/en\/careers\/job-opening\/#breadcrumb\"},\"inLanguage\":\"fr-CA\",\"potentialAction\":[{\"@type\":\"ReadAction\",\"target\":[\"https:\/\/prograin.ca\/ca\/en\/careers\/job-opening\/\"]}]},{\"@type\":\"BreadcrumbList\",\"@id\":\"https:\/\/prograin.ca\/ca\/en\/careers\/job-opening\/#breadcrumb\",\"itemListElement\":[{\"@type\":\"ListItem\",\"position\":1,\"name\":\"Home\",\"item\":\"https:\/\/prograin.ca\/ca\/fr\/\"},{\"@type\":\"ListItem\",\"position\":2,\"name\":\"Careers\",\"item\":\"https:\/\/prograin.ca\/ca\/en\/careers\/\"},{\"@type\":\"ListItem\",\"position\":3,\"name\":\"Job openings\"}]},{\"@type\":\"WebSite\",\"@id\":\"https:\/\/prograin.ca\/ca\/#website\",\"url\":\"https:\/\/prograin.ca\/ca\/\",\"name\":\"Prograin - Canada\",\"description\":\"Un site utilisant WordPress\",\"publisher\":{\"@id\":\"https:\/\/prograin.ca\/ca\/#organization\"},\"potentialAction\":[{\"@type\":\"SearchAction\",\"target\":{\"@type\":\"EntryPoint\",\"urlTemplate\":\"https:\/\/prograin.ca\/ca\/?s={search_term_string}\"},\"query-input\":\"required name=search_term_string\"}],\"inLanguage\":\"fr-CA\"},{\"@type\":\"Organization\",\"@id\":\"https:\/\/prograin.ca\/ca\/#organization\",\"name\":\"Prograin - Canada\",\"url\":\"https:\/\/prograin.ca\/ca\/\",\"logo\":{\"@type\":\"ImageObject\",\"inLanguage\":\"fr-CA\",\"@id\":\"https:\/\/prograin.ca\/ca\/#\/schema\/logo\/image\/\",\"url\":\"https:\/\/prograin.ca\/app\/uploads\/sites\/3\/2018\/11\/Prograin-logo-1.png\",\"contentUrl\":\"https:\/\/prograin.ca\/app\/uploads\/sites\/3\/2018\/11\/Prograin-logo-1.png\",\"width\":352,\"height\":85,\"caption\":\"Prograin - Canada\"},\"image\":{\"@id\":\"https:\/\/prograin.ca\/ca\/#\/schema\/logo\/image\/\"}}]}<\/script>\n<!-- \/ Yoast SEO plugin. -->","yoast_head_json":{"title":"Prograin | Are you ready to take on challenges?","description":"We offer a variety of career opportunities in a dynamic environment, both in the production sector as well as at the head office.","robots":{"index":"index","follow":"follow","max-snippet":"max-snippet:-1","max-image-preview":"max-image-preview:large","max-video-preview":"max-video-preview:-1"},"canonical":"https:\/\/prograin.ca\/ca\/en\/careers\/job-opening\/","og_locale":"fr_CA","og_type":"article","og_title":"Prograin | Are you ready to take on challenges?","og_description":"We offer a variety of career opportunities in a dynamic environment, both in the production sector as well as at the head office.","og_url":"https:\/\/prograin.ca\/ca\/en\/careers\/job-opening\/","og_site_name":"Prograin - Canada","article_modified_time":"2021-02-04T12:48:34+00:00","twitter_card":"summary_large_image","twitter_misc":{"Estimation du temps de lecture":"1 minute"},"schema":{"@context":"https:\/\/schema.org","@graph":[{"@type":"WebPage","@id":"https:\/\/prograin.ca\/ca\/en\/careers\/job-opening\/","url":"https:\/\/prograin.ca\/ca\/en\/careers\/job-opening\/","name":"Prograin | Are you ready to take on challenges?","isPartOf":{"@id":"https:\/\/prograin.ca\/ca\/#website"},"datePublished":"2019-02-06T18:32:19+00:00","dateModified":"2021-02-04T12:48:34+00:00","description":"We offer a variety of career opportunities in a dynamic environment, both in the production sector as well as at the head office.","breadcrumb":{"@id":"https:\/\/prograin.ca\/ca\/en\/careers\/job-opening\/#breadcrumb"},"inLanguage":"fr-CA","potentialAction":[{"@type":"ReadAction","target":["https:\/\/prograin.ca\/ca\/en\/careers\/job-opening\/"]}]},{"@type":"BreadcrumbList","@id":"https:\/\/prograin.ca\/ca\/en\/careers\/job-opening\/#breadcrumb","itemListElement":[{"@type":"ListItem","position":1,"name":"Home","item":"https:\/\/prograin.ca\/ca\/fr\/"},{"@type":"ListItem","position":2,"name":"Careers","item":"https:\/\/prograin.ca\/ca\/en\/careers\/"},{"@type":"ListItem","position":3,"name":"Job openings"}]},{"@type":"WebSite","@id":"https:\/\/prograin.ca\/ca\/#website","url":"https:\/\/prograin.ca\/ca\/","name":"Prograin - Canada","description":"Un site utilisant WordPress","publisher":{"@id":"https:\/\/prograin.ca\/ca\/#organization"},"potentialAction":[{"@type":"SearchAction","target":{"@type":"EntryPoint","urlTemplate":"https:\/\/prograin.ca\/ca\/?s={search_term_string}"},"query-input":"required name=search_term_string"}],"inLanguage":"fr-CA"},{"@type":"Organization","@id":"https:\/\/prograin.ca\/ca\/#organization","name":"Prograin - Canada","url":"https:\/\/prograin.ca\/ca\/","logo":{"@type":"ImageObject","inLanguage":"fr-CA","@id":"https:\/\/prograin.ca\/ca\/#\/schema\/logo\/image\/","url":"https:\/\/prograin.ca\/app\/uploads\/sites\/3\/2018\/11\/Prograin-logo-1.png","contentUrl":"https:\/\/prograin.ca\/app\/uploads\/sites\/3\/2018\/11\/Prograin-logo-1.png","width":352,"height":85,"caption":"Prograin - Canada"},"image":{"@id":"https:\/\/prograin.ca\/ca\/#\/schema\/logo\/image\/"}}]}},"featured_image_urls":{"full":"","thumbnail":"","medium":"","medium_large":"","large":"","1536x1536":"","2048x2048":"","menu-24x24":"","menu-36x36":"","menu-48x48":""},"post_excerpt_stackable":"<p>Careers at the head office A career at our head office means being able to contribute to many projects related to the company\u2019s growth while assuming functions that ensure its stability and sustainability. Coordonnateur(trice) \u00e0 l\u2019approvisionnement Sous la supervision de la Directrice \u00e0 l\u2019approvisionnement le coordonnateur(trice) \u00e0 l\u2019approvisionnement est responsable de planifier, organiser et assurer l\u2019approvisionnement de mati\u00e8res brutes afin de r\u00e9pondre aux besoins de l\u2019entreprise. Postuler Agent(e) \u00e0 l&#039;approvisionnement Prograin recrute son(a) futur(e) Agent(e) \u00e0 l\u2019Approvisionnement, qui jouera un r\u00f4le de soutien op\u00e9rationnel et administratif des activit\u00e9s d\u2019achats et d\u2019approvisionnement de l\u2019organisation. Postuler Directeur(trice) Finances et Administration Prograin, cherche&hellip;<\/p>\n","category_list":"","author_info":{"name":"developpe","url":"https:\/\/prograin.ca\/ca\/author\/developpe\/"},"comments_num":"0 comments","featured_image_urls_v2":{"full":"","thumbnail":"","medium":"","medium_large":"","large":"","1536x1536":"","2048x2048":"","menu-24x24":"","menu-36x36":"","menu-48x48":""},"post_excerpt_stackable_v2":"<p>Careers at the head office A career at our head office means being able to contribute to many projects related to the company\u2019s growth while assuming functions that ensure its stability and sustainability. Coordonnateur(trice) \u00e0 l\u2019approvisionnement Sous la supervision de la Directrice \u00e0 l\u2019approvisionnement le coordonnateur(trice) \u00e0 l\u2019approvisionnement est responsable de planifier, organiser et assurer l\u2019approvisionnement de mati\u00e8res brutes afin de r\u00e9pondre aux besoins de l\u2019entreprise. Postuler Agent(e) \u00e0 l&#039;approvisionnement Prograin recrute son(a) futur(e) Agent(e) \u00e0 l\u2019Approvisionnement, qui jouera un r\u00f4le de soutien op\u00e9rationnel et administratif des activit\u00e9s d\u2019achats et d\u2019approvisionnement de l\u2019organisation. Postuler Directeur(trice) Finances et Administration Prograin, cherche&hellip;<\/p>\n","category_list_v2":"","author_info_v2":{"name":"developpe","url":"https:\/\/prograin.ca\/ca\/author\/developpe\/"},"comments_num_v2":"0 comments","coauthors":[],"author_meta":{"author_link":"https:\/\/prograin.ca\/ca\/author\/developpe\/","display_name":"developpe"},"relative_dates":{"created":"Posted 7 ann\u00e9es ago","modified":"Updated 5 ann\u00e9es ago"},"absolute_dates":{"created":"Posted on 6 f\u00e9vrier 2019","modified":"Updated on 4 f\u00e9vrier 2021"},"absolute_dates_time":{"created":"Posted on 6 f\u00e9vrier 2019 18 h 32 min","modified":"Updated on 4 f\u00e9vrier 2021 12 h 48 min"},"featured_img_caption":"","featured_img":false,"series_order":"","_links":{"self":[{"href":"https:\/\/prograin.ca\/ca\/wp-json\/wp\/v2\/pages\/19933"}],"collection":[{"href":"https:\/\/prograin.ca\/ca\/wp-json\/wp\/v2\/pages"}],"about":[{"href":"https:\/\/prograin.ca\/ca\/wp-json\/wp\/v2\/types\/page"}],"author":[{"embeddable":true,"href":"https:\/\/prograin.ca\/ca\/wp-json\/wp\/v2\/users\/1"}],"replies":[{"embeddable":true,"href":"https:\/\/prograin.ca\/ca\/wp-json\/wp\/v2\/comments?post=19933"}],"version-history":[{"count":9,"href":"https:\/\/prograin.ca\/ca\/wp-json\/wp\/v2\/pages\/19933\/revisions"}],"predecessor-version":[{"id":24095,"href":"https:\/\/prograin.ca\/ca\/wp-json\/wp\/v2\/pages\/19933\/revisions\/24095"}],"up":[{"embeddable":true,"href":"https:\/\/prograin.ca\/ca\/wp-json\/wp\/v2\/pages\/19923"}],"wp:attachment":[{"href":"https:\/\/prograin.ca\/ca\/wp-json\/wp\/v2\/media?parent=19933"}],"curies":[{"name":"wp","href":"https:\/\/api.w.org\/{rel}","templated":true}]}}