
{"id":21789,"date":"2019-02-26T17:36:03","date_gmt":"2019-02-26T17:36:03","guid":{"rendered":"https:\/\/prograin.ca\/semences\/nos-distributeurs-2\/"},"modified":"2025-11-11T13:26:24","modified_gmt":"2025-11-11T13:26:24","slug":"nos-distributeurs","status":"publish","type":"page","link":"https:\/\/prograin.ca\/ca\/fr\/semences\/nos-distributeurs\/","title":{"rendered":"Nos distributeurs"},"content":{"rendered":"","protected":false},"excerpt":{"rendered":"","protected":false},"author":1,"featured_media":0,"parent":539,"menu_order":3,"comment_status":"closed","ping_status":"closed","template":"distributeurs","meta":{"advgb_blocks_editor_width":"","advgb_blocks_columns_visual_guide":""},"yoast_head":"<!-- This site is optimized with the Yoast SEO plugin v19.11 - https:\/\/yoast.com\/wordpress\/plugins\/seo\/ -->\n<title>Prograin | Les distributeurs de semences de soya<\/title>\n<meta name=\"description\" content=\"Nous avons la chance de compter sur un r\u00e9seau \u00e9tendu et fiable de distributeurs. Trouvez un distributeur pr\u00e8s de chez vous.\" \/>\n<meta name=\"robots\" content=\"index, follow, max-snippet:-1, max-image-preview:large, max-video-preview:-1\" \/>\n<link rel=\"canonical\" href=\"https:\/\/prograin.ca\/ca\/fr\/semences\/nos-distributeurs\/\" \/>\n<meta property=\"og:locale\" content=\"fr_CA\" \/>\n<meta property=\"og:type\" content=\"article\" \/>\n<meta property=\"og:title\" content=\"Prograin | Les distributeurs de semences de soya\" \/>\n<meta property=\"og:description\" content=\"Nous avons la chance de compter sur un r\u00e9seau \u00e9tendu et fiable de distributeurs. Trouvez un distributeur pr\u00e8s de chez vous.\" \/>\n<meta property=\"og:url\" content=\"https:\/\/prograin.ca\/ca\/fr\/semences\/nos-distributeurs\/\" \/>\n<meta property=\"og:site_name\" content=\"Prograin - Canada\" \/>\n<meta property=\"article:modified_time\" content=\"2025-11-11T13:26:24+00:00\" \/>\n<meta name=\"twitter:card\" content=\"summary_large_image\" \/>\n<script type=\"application\/ld+json\" class=\"yoast-schema-graph\">{\"@context\":\"https:\/\/schema.org\",\"@graph\":[{\"@type\":\"WebPage\",\"@id\":\"https:\/\/prograin.ca\/ca\/fr\/semences\/nos-distributeurs\/\",\"url\":\"https:\/\/prograin.ca\/ca\/fr\/semences\/nos-distributeurs\/\",\"name\":\"Prograin | Les distributeurs de semences de soya\",\"isPartOf\":{\"@id\":\"https:\/\/prograin.ca\/ca\/#website\"},\"datePublished\":\"2019-02-26T17:36:03+00:00\",\"dateModified\":\"2025-11-11T13:26:24+00:00\",\"description\":\"Nous avons la chance de compter sur un r\u00e9seau \u00e9tendu et fiable de distributeurs. Trouvez un distributeur pr\u00e8s de chez vous.\",\"breadcrumb\":{\"@id\":\"https:\/\/prograin.ca\/ca\/fr\/semences\/nos-distributeurs\/#breadcrumb\"},\"inLanguage\":\"fr-CA\",\"potentialAction\":[{\"@type\":\"ReadAction\",\"target\":[\"https:\/\/prograin.ca\/ca\/fr\/semences\/nos-distributeurs\/\"]}]},{\"@type\":\"BreadcrumbList\",\"@id\":\"https:\/\/prograin.ca\/ca\/fr\/semences\/nos-distributeurs\/#breadcrumb\",\"itemListElement\":[{\"@type\":\"ListItem\",\"position\":1,\"name\":\"Home\",\"item\":\"https:\/\/prograin.ca\/ca\/fr\/\"},{\"@type\":\"ListItem\",\"position\":2,\"name\":\"Semences\",\"item\":\"https:\/\/prograin.ca\/ca\/fr\/semences\/\"},{\"@type\":\"ListItem\",\"position\":3,\"name\":\"Nos distributeurs\"}]},{\"@type\":\"WebSite\",\"@id\":\"https:\/\/prograin.ca\/ca\/#website\",\"url\":\"https:\/\/prograin.ca\/ca\/\",\"name\":\"Prograin - Canada\",\"description\":\"Un site utilisant WordPress\",\"publisher\":{\"@id\":\"https:\/\/prograin.ca\/ca\/#organization\"},\"potentialAction\":[{\"@type\":\"SearchAction\",\"target\":{\"@type\":\"EntryPoint\",\"urlTemplate\":\"https:\/\/prograin.ca\/ca\/?s={search_term_string}\"},\"query-input\":\"required name=search_term_string\"}],\"inLanguage\":\"fr-CA\"},{\"@type\":\"Organization\",\"@id\":\"https:\/\/prograin.ca\/ca\/#organization\",\"name\":\"Prograin - Canada\",\"url\":\"https:\/\/prograin.ca\/ca\/\",\"logo\":{\"@type\":\"ImageObject\",\"inLanguage\":\"fr-CA\",\"@id\":\"https:\/\/prograin.ca\/ca\/#\/schema\/logo\/image\/\",\"url\":\"https:\/\/prograin.ca\/app\/uploads\/sites\/3\/2018\/11\/Prograin-logo-1.png\",\"contentUrl\":\"https:\/\/prograin.ca\/app\/uploads\/sites\/3\/2018\/11\/Prograin-logo-1.png\",\"width\":352,\"height\":85,\"caption\":\"Prograin - Canada\"},\"image\":{\"@id\":\"https:\/\/prograin.ca\/ca\/#\/schema\/logo\/image\/\"}}]}<\/script>\n<!-- \/ Yoast SEO plugin. -->","yoast_head_json":{"title":"Prograin | Les distributeurs de semences de soya","description":"Nous avons la chance de compter sur un r\u00e9seau \u00e9tendu et fiable de distributeurs. Trouvez un distributeur pr\u00e8s de chez vous.","robots":{"index":"index","follow":"follow","max-snippet":"max-snippet:-1","max-image-preview":"max-image-preview:large","max-video-preview":"max-video-preview:-1"},"canonical":"https:\/\/prograin.ca\/ca\/fr\/semences\/nos-distributeurs\/","og_locale":"fr_CA","og_type":"article","og_title":"Prograin | Les distributeurs de semences de soya","og_description":"Nous avons la chance de compter sur un r\u00e9seau \u00e9tendu et fiable de distributeurs. Trouvez un distributeur pr\u00e8s de chez vous.","og_url":"https:\/\/prograin.ca\/ca\/fr\/semences\/nos-distributeurs\/","og_site_name":"Prograin - Canada","article_modified_time":"2025-11-11T13:26:24+00:00","twitter_card":"summary_large_image","schema":{"@context":"https:\/\/schema.org","@graph":[{"@type":"WebPage","@id":"https:\/\/prograin.ca\/ca\/fr\/semences\/nos-distributeurs\/","url":"https:\/\/prograin.ca\/ca\/fr\/semences\/nos-distributeurs\/","name":"Prograin | Les distributeurs de semences de soya","isPartOf":{"@id":"https:\/\/prograin.ca\/ca\/#website"},"datePublished":"2019-02-26T17:36:03+00:00","dateModified":"2025-11-11T13:26:24+00:00","description":"Nous avons la chance de compter sur un r\u00e9seau \u00e9tendu et fiable de distributeurs. Trouvez un distributeur pr\u00e8s de chez vous.","breadcrumb":{"@id":"https:\/\/prograin.ca\/ca\/fr\/semences\/nos-distributeurs\/#breadcrumb"},"inLanguage":"fr-CA","potentialAction":[{"@type":"ReadAction","target":["https:\/\/prograin.ca\/ca\/fr\/semences\/nos-distributeurs\/"]}]},{"@type":"BreadcrumbList","@id":"https:\/\/prograin.ca\/ca\/fr\/semences\/nos-distributeurs\/#breadcrumb","itemListElement":[{"@type":"ListItem","position":1,"name":"Home","item":"https:\/\/prograin.ca\/ca\/fr\/"},{"@type":"ListItem","position":2,"name":"Semences","item":"https:\/\/prograin.ca\/ca\/fr\/semences\/"},{"@type":"ListItem","position":3,"name":"Nos distributeurs"}]},{"@type":"WebSite","@id":"https:\/\/prograin.ca\/ca\/#website","url":"https:\/\/prograin.ca\/ca\/","name":"Prograin - Canada","description":"Un site utilisant WordPress","publisher":{"@id":"https:\/\/prograin.ca\/ca\/#organization"},"potentialAction":[{"@type":"SearchAction","target":{"@type":"EntryPoint","urlTemplate":"https:\/\/prograin.ca\/ca\/?s={search_term_string}"},"query-input":"required name=search_term_string"}],"inLanguage":"fr-CA"},{"@type":"Organization","@id":"https:\/\/prograin.ca\/ca\/#organization","name":"Prograin - Canada","url":"https:\/\/prograin.ca\/ca\/","logo":{"@type":"ImageObject","inLanguage":"fr-CA","@id":"https:\/\/prograin.ca\/ca\/#\/schema\/logo\/image\/","url":"https:\/\/prograin.ca\/app\/uploads\/sites\/3\/2018\/11\/Prograin-logo-1.png","contentUrl":"https:\/\/prograin.ca\/app\/uploads\/sites\/3\/2018\/11\/Prograin-logo-1.png","width":352,"height":85,"caption":"Prograin - Canada"},"image":{"@id":"https:\/\/prograin.ca\/ca\/#\/schema\/logo\/image\/"}}]}},"featured_image_urls":{"full":"","thumbnail":"","medium":"","medium_large":"","large":"","1536x1536":"","2048x2048":"","menu-24x24":"","menu-36x36":"","menu-48x48":""},"post_excerpt_stackable":"","category_list":"","author_info":{"name":"developpe","url":"https:\/\/prograin.ca\/ca\/author\/developpe\/"},"comments_num":"0 comments","featured_image_urls_v2":{"full":"","thumbnail":"","medium":"","medium_large":"","large":"","1536x1536":"","2048x2048":"","menu-24x24":"","menu-36x36":"","menu-48x48":""},"post_excerpt_stackable_v2":"","category_list_v2":"","author_info_v2":{"name":"developpe","url":"https:\/\/prograin.ca\/ca\/author\/developpe\/"},"comments_num_v2":"0 comments","coauthors":[],"author_meta":{"author_link":"https:\/\/prograin.ca\/ca\/author\/developpe\/","display_name":"developpe"},"relative_dates":{"created":"Posted 7 ann\u00e9es ago","modified":"Updated 5 mois ago"},"absolute_dates":{"created":"Posted on 26 f\u00e9vrier 2019","modified":"Updated on 11 novembre 2025"},"absolute_dates_time":{"created":"Posted on 26 f\u00e9vrier 2019 17 h 36 min","modified":"Updated on 11 novembre 2025 13 h 26 min"},"featured_img_caption":"","featured_img":false,"series_order":"","_links":{"self":[{"href":"https:\/\/prograin.ca\/ca\/wp-json\/wp\/v2\/pages\/21789"}],"collection":[{"href":"https:\/\/prograin.ca\/ca\/wp-json\/wp\/v2\/pages"}],"about":[{"href":"https:\/\/prograin.ca\/ca\/wp-json\/wp\/v2\/types\/page"}],"author":[{"embeddable":true,"href":"https:\/\/prograin.ca\/ca\/wp-json\/wp\/v2\/users\/1"}],"replies":[{"embeddable":true,"href":"https:\/\/prograin.ca\/ca\/wp-json\/wp\/v2\/comments?post=21789"}],"version-history":[{"count":2,"href":"https:\/\/prograin.ca\/ca\/wp-json\/wp\/v2\/pages\/21789\/revisions"}],"predecessor-version":[{"id":22169,"href":"https:\/\/prograin.ca\/ca\/wp-json\/wp\/v2\/pages\/21789\/revisions\/22169"}],"up":[{"embeddable":true,"href":"https:\/\/prograin.ca\/ca\/wp-json\/wp\/v2\/pages\/539"}],"wp:attachment":[{"href":"https:\/\/prograin.ca\/ca\/wp-json\/wp\/v2\/media?parent=21789"}],"curies":[{"name":"wp","href":"https:\/\/api.w.org\/{rel}","templated":true}]}}