
{"id":21921,"date":"2019-03-04T14:01:03","date_gmt":"2019-03-04T14:01:11","guid":{"rendered":"https:\/\/prograin.ca\/carrieres\/postes-a-combler-2\/"},"modified":"2019-04-07T23:44:43","modified_gmt":"2019-04-07T23:44:43","slug":"candidature-spontanee","status":"publish","type":"page","link":"https:\/\/prograin.ca\/ca\/fr\/carrieres\/candidature-spontanee\/","title":{"rendered":"Candidature spontan\u00e9e"},"content":{"rendered":"\n<div class=\"wp-block-balise-section-block alignfull _sectionblock has-1-columns\">\n<div class=\"\" style=\"color:#ffffff;background-image:url(https:\/\/prograin.ca\/app\/uploads\/2019\/01\/postes_header.jpg);background-size:cover;padding-top:60px;padding-bottom:60px;padding-left:10px;padding-right:10px\"><div class=\"verticalbg\" style=\"background-size:cover\"><\/div><div class=\"inside\" style=\"margin:0 auto\">\n<h3 class=\"is-style-blanc\">Vous \u00eates pr\u00eats \u00e0 relever des d\u00e9fis?<\/h3>\n\n\n\n<p>Nous offrons diverses opportunit\u00e9s de carri\u00e8re dans un environnement dynamique, tant dans le secteur de la production qu\u2019au si\u00e8ge social.<\/p>\n<\/div><\/div>\n<\/div>\n\n\n\n<div class=\"wp-block-balise-section-block alignfull _sectionblock has-2-columns\">\n<div class=\"\" style=\"background-size:cover;padding-top:60px;padding-bottom:60px;padding-left:10px;padding-right:10px\"><div class=\"verticalbg\" style=\"background-size:cover\"><\/div><div class=\"inside\" style=\"margin:0 auto\">\n<p>Remplissez le formulaire ci-dessous afin de nous faire parvenir votre candidature. <\/p>\n<\/div><\/div>\n\n\n\n<div class=\"\" style=\"background-size:cover;padding-top:60px;padding-bottom:60px;padding-left:10px;padding-right:10px\"><div class=\"verticalbg\" style=\"background-size:cover\"><\/div><div class=\"inside\" style=\"margin:0 auto\"><\/div><\/div>\n<\/div>\n\n\n<script type=\"text\/javascript\">var gform;gform||(document.addEventListener(\"gform_main_scripts_loaded\",function(){gform.scriptsLoaded=!0}),window.addEventListener(\"DOMContentLoaded\",function(){gform.domLoaded=!0}),gform={domLoaded:!1,scriptsLoaded:!1,initializeOnLoaded:function(o){gform.domLoaded&&gform.scriptsLoaded?o():!gform.domLoaded&&gform.scriptsLoaded?window.addEventListener(\"DOMContentLoaded\",o):document.addEventListener(\"gform_main_scripts_loaded\",o)},hooks:{action:{},filter:{}},addAction:function(o,n,r,t){gform.addHook(\"action\",o,n,r,t)},addFilter:function(o,n,r,t){gform.addHook(\"filter\",o,n,r,t)},doAction:function(o){gform.doHook(\"action\",o,arguments)},applyFilters:function(o){return gform.doHook(\"filter\",o,arguments)},removeAction:function(o,n){gform.removeHook(\"action\",o,n)},removeFilter:function(o,n,r){gform.removeHook(\"filter\",o,n,r)},addHook:function(o,n,r,t,i){null==gform.hooks[o][n]&&(gform.hooks[o][n]=[]);var e=gform.hooks[o][n];null==i&&(i=n+\"_\"+e.length),gform.hooks[o][n].push({tag:i,callable:r,priority:t=null==t?10:t})},doHook:function(n,o,r){var t;if(r=Array.prototype.slice.call(r,1),null!=gform.hooks[n][o]&&((o=gform.hooks[n][o]).sort(function(o,n){return o.priority-n.priority}),o.forEach(function(o){\"function\"!=typeof(t=o.callable)&&(t=window[t]),\"action\"==n?t.apply(null,r):r[0]=t.apply(null,r)})),\"filter\"==n)return r[0]},removeHook:function(o,n,t,i){var r;null!=gform.hooks[o][n]&&(r=(r=gform.hooks[o][n]).filter(function(o,n,r){return!!(null!=i&&i!=o.tag||null!=t&&t!=o.priority)}),gform.hooks[o][n]=r)}});<\/script>\n                <div class='gf_browser_gecko gform_wrapper gform_legacy_markup_wrapper' id='gform_wrapper_8' >\n                        <div class='gform_heading'>\n                            <h3 class=\"gform_title\">Candidature spontan\u00e9e<\/h3>\n                            <span class='gform_description'><\/span>\n                        <\/div><form method='post' enctype='multipart\/form-data'  id='gform_8'  action='\/ca\/wp-json\/wp\/v2\/pages\/21921' >\n                        <div class='gform_body gform-body'><ul id='gform_fields_8' class='gform_fields top_label form_sublabel_below description_below'><li id=\"field_8_11\"  class=\"gfield gfield--width-full sa-firstname field_sublabel_below field_description_below hidden_label gfield_visibility_visible\"  data-js-reload=\"field_8_11\"><label class='gfield_label' for='input_8_11' >Pr\u00e9nom<\/label><div class='ginput_container ginput_container_text'><input name='input_11' id='input_8_11' type='text' value='' class='large'    placeholder='Pr\u00e9nom'  aria-invalid=\"false\"   \/> <\/div><\/li><li id=\"field_8_2\"  class=\"gfield sa-name field_sublabel_below field_description_below hidden_label gfield_visibility_visible\"  data-js-reload=\"field_8_2\"><label class='gfield_label' for='input_8_2' >Nom<\/label><div class='ginput_container ginput_container_text'><input name='input_2' id='input_8_2' type='text' value='' class='large'    placeholder='Nom'  aria-invalid=\"false\"   \/> <\/div><\/li><li id=\"field_8_3\"  class=\"gfield sa-email field_sublabel_below field_description_below hidden_label gfield_visibility_visible\"  data-js-reload=\"field_8_3\"><label class='gfield_label' for='input_8_3' >Courriel<\/label><div class='ginput_container ginput_container_email'>\n                            <input name='input_3' id='input_8_3' type='text' value='' class='large'   placeholder='Courriel'  aria-invalid=\"false\"  \/>\n                        <\/div><\/li><li id=\"field_8_13\"  class=\"gfield gfield--width-full sa-position gfield_contains_required field_sublabel_below field_description_below hidden_label gfield_visibility_hidden\"  data-js-reload=\"field_8_13\"><div class='admin-hidden-markup'><i class='gform-icon gform-icon--hidden'><\/i><span>Hidden<\/span><\/div><label class='gfield_label' for='input_8_13' >Poste d\u00e9sir\u00e9<span class=\"gfield_required\"><span class=\"gfield_required gfield_required_asterisk\">*<\/span><\/span><\/label><div class='ginput_container ginput_container_text'><input name='input_13' id='input_8_13' type='text' value='24231' class='large'    placeholder='Poste d\u00e9sir\u00e9' aria-required=\"true\" aria-invalid=\"false\"   \/> <\/div><\/li><li id=\"field_8_4\"  class=\"gfield sa-document field_sublabel_below field_description_below gfield_visibility_visible\"  data-js-reload=\"field_8_4\"><label class='gfield_label' for='input_8_4' >Curriculum vitae \/ Lettre de pr\u00e9sentation<\/label><div class='ginput_container ginput_container_fileupload'><input type='hidden' name='MAX_FILE_SIZE' value='8388608' \/><input name='input_4' id='input_8_4' type='file' class='medium' aria-describedby=\"gfield_upload_rules_8_4\" onchange='javascript:gformValidateFileSize( this, 8388608 );'  \/><span class='gform_fileupload_rules' id='gfield_upload_rules_8_4'>Types de fichier accept\u00e9s\u00a0: doc, pdf, docx, Taille maximum des fichiers : 8 MB.<\/span><div class='validation_message validation_message--hidden-on-empty' id='live_validation_message_8_4'><\/div><\/div>            <span class=\"sa-document-value-container\"\n                  style=\"display:none;padding:5px 0 5px 10px;border:1px solid #ff5b00;color:#ff5b00;\"><span\n                        class=\"sa-document-value\" style=\"\">sample.pdf<\/span><span class=\"sa-document-value-delete\"\n                                                                                  style=\"padding:0 7px;margin:0 5px 0 10px;font-size:1em;line-height:1em;cursor: pointer;color:#fff;background:#ff5b00;\">x<\/span><\/span>\n            <script>\n                let gformElement = document.querySelector(\"#gform_8\");\n\n                if (gformElement !== null) {\n                    let gformDocumentElement = gformElement.querySelector(\".sa-document\");\n\n                    if (gformDocumentElement !== null) {\n                        gformDocumentElement.addEventListener(\"change\", function (e) {\n                            let filename = e.target.value.split(\/[\\\\\/]\/).pop();\n\n                            let gformElement = document.querySelector(\"#gform_8\");\n\n                            if (gformElement !== null) {\n                                let gformDocumentValueContainerElement = gformElement.querySelector(\".sa-document-value-container\");\n\n                                if (gformDocumentValueContainerElement !== null) {\n                                    let gformDocumentValueElement = gformDocumentValueContainerElement.querySelector(\".sa-document-value\");\n\n                                    if (gformDocumentValueElement !== null) {\n                                        gformDocumentValueElement.textContent = filename;\n                                    }\n\n                                    gformDocumentValueContainerElement.style.display = 'inline-flex';\n                                }\n                            }\n                        }, {passive: true});\n                    }\n\n                    let gformDocumentValueContainerElement = gformElement.querySelector(\".sa-document-value-container\");\n\n                    if (gformDocumentValueContainerElement !== null) {\n                        let gformDocumentValueDeleteElement = gformDocumentValueContainerElement.querySelector(\".sa-document-value-delete\");\n\n                        if (gformDocumentValueDeleteElement !== null) {\n                            gformDocumentValueDeleteElement.addEventListener(\"click\", function (e) {\n                                let gformElement = document.querySelector(\"#gform_8\");\n\n                                if (gformElement !== null) {\n                                    let gformDocumentElement = gformElement.querySelector(\".sa-document\");\n\n                                    if (gformDocumentElement !== null) {\n                                        gformDocumentElement.value = '';\n                                    }\n\n                                    let gformDocumentValueContainerElement = gformElement.querySelector(\".sa-document-value-container\");\n\n                                    if (gformDocumentValueContainerElement !== null) {\n                                        let gformDocumentValueElement = gformDocumentValueContainerElement.querySelector(\".sa-document-value\");\n\n                                        if (gformDocumentValueElement !== null) {\n                                            gformDocumentValueElement.textContent = '';\n                                        }\n\n                                        gformDocumentValueContainerElement.style.display = 'none';\n                                    }\n                                }\n                            }, {passive: true});\n                        }\n                    }\n                }\n            <\/script>\n            <\/li><li id=\"field_8_5\"  class=\"gfield sa-message field_sublabel_below field_description_below hidden_label gfield_visibility_visible\"  data-js-reload=\"field_8_5\"><label class='gfield_label' for='input_8_5' >Message<\/label><div class='ginput_container ginput_container_textarea'><textarea name='input_5' id='input_8_5' class='textarea large'    placeholder='Message'  aria-invalid=\"false\"   rows='10' cols='50'><\/textarea><\/div><\/li><li id=\"field_8_14\"  class=\"gfield gfield--width-full field_sublabel_below field_description_below hidden_label gfield_visibility_visible\"  data-js-reload=\"field_8_14\"><label class='gfield_label' for='input_8_14' >CAPTCHA<\/label><div id='input_8_14' class='ginput_container ginput_recaptcha' data-sitekey='6LdVrygbAAAAAJJxz5AqatNTPb-5C7HpbBKSDyKm'  data-theme='light' data-tabindex='0'  data-badge=''><\/div><\/li><\/ul><\/div>\n        <div class='gform_footer top_label'> <input type='submit' id='gform_submit_button_8' class='gform_button button' value='Envoyer ma candidature'  onclick='if(window[\"gf_submitting_8\"]){return false;}  window[\"gf_submitting_8\"]=true;  ' onkeypress='if( event.keyCode == 13 ){ if(window[\"gf_submitting_8\"]){return false;} window[\"gf_submitting_8\"]=true;  jQuery(\"#gform_8\").trigger(\"submit\",[true]); }' \/> \n            <input type='hidden' class='gform_hidden' name='is_submit_8' value='1' \/>\n            <input type='hidden' class='gform_hidden' name='gform_submit' value='8' \/>\n            \n            <input type='hidden' class='gform_hidden' name='gform_unique_id' value='' \/>\n            <input type='hidden' class='gform_hidden' name='state_8' value='WyJbXSIsImVjZDc4YWE0MTA1OGFkYzFkZDJjNTdmNzYwZDg2YjI1Il0=' \/>\n            <input type='hidden' class='gform_hidden' name='gform_target_page_number_8' id='gform_target_page_number_8' value='0' \/>\n            <input type='hidden' class='gform_hidden' name='gform_source_page_number_8' id='gform_source_page_number_8' value='1' \/>\n            <input type='hidden' name='gform_field_values' value='' \/>\n            \n        <\/div>\n                        <\/form>\n                        <\/div>","protected":false},"excerpt":{"rendered":"","protected":false},"author":3,"featured_media":0,"parent":19617,"menu_order":2,"comment_status":"closed","ping_status":"closed","template":"","meta":{"advgb_blocks_editor_width":"","advgb_blocks_columns_visual_guide":""},"yoast_head":"<!-- This site is optimized with the Yoast SEO plugin v19.11 - https:\/\/yoast.com\/wordpress\/plugins\/seo\/ -->\n<title>Prograin | Vous \u00eates pr\u00eats \u00e0 relever des d\u00e9fis?<\/title>\n<meta name=\"description\" content=\"Nous offrons diverses opportunit\u00e9s de carri\u00e8re dans un environnement dynamique, tant dans le secteur de la production qu\u2019au si\u00e8ge social.\" \/>\n<meta name=\"robots\" content=\"index, follow, max-snippet:-1, max-image-preview:large, max-video-preview:-1\" \/>\n<link rel=\"canonical\" href=\"https:\/\/prograin.ca\/ca\/fr\/carrieres\/candidature-spontanee\/\" \/>\n<meta property=\"og:locale\" content=\"fr_CA\" \/>\n<meta property=\"og:type\" content=\"article\" \/>\n<meta property=\"og:title\" content=\"Prograin | Vous \u00eates pr\u00eats \u00e0 relever des d\u00e9fis?\" \/>\n<meta property=\"og:description\" content=\"Nous offrons diverses opportunit\u00e9s de carri\u00e8re dans un environnement dynamique, tant dans le secteur de la production qu\u2019au si\u00e8ge social.\" \/>\n<meta property=\"og:url\" content=\"https:\/\/prograin.ca\/ca\/fr\/carrieres\/candidature-spontanee\/\" \/>\n<meta property=\"og:site_name\" content=\"Prograin - Canada\" \/>\n<meta property=\"article:modified_time\" content=\"2019-04-07T23:44:43+00:00\" \/>\n<meta name=\"twitter:card\" content=\"summary_large_image\" \/>\n<script type=\"application\/ld+json\" class=\"yoast-schema-graph\">{\"@context\":\"https:\/\/schema.org\",\"@graph\":[{\"@type\":\"WebPage\",\"@id\":\"https:\/\/prograin.ca\/ca\/fr\/carrieres\/candidature-spontanee\/\",\"url\":\"https:\/\/prograin.ca\/ca\/fr\/carrieres\/candidature-spontanee\/\",\"name\":\"Prograin | Vous \u00eates pr\u00eats \u00e0 relever des d\u00e9fis?\",\"isPartOf\":{\"@id\":\"https:\/\/prograin.ca\/ca\/#website\"},\"datePublished\":\"2019-03-04T14:01:11+00:00\",\"dateModified\":\"2019-04-07T23:44:43+00:00\",\"description\":\"Nous offrons diverses opportunit\u00e9s de carri\u00e8re dans un environnement dynamique, tant dans le secteur de la production qu\u2019au si\u00e8ge social.\",\"breadcrumb\":{\"@id\":\"https:\/\/prograin.ca\/ca\/fr\/carrieres\/candidature-spontanee\/#breadcrumb\"},\"inLanguage\":\"fr-CA\",\"potentialAction\":[{\"@type\":\"ReadAction\",\"target\":[\"https:\/\/prograin.ca\/ca\/fr\/carrieres\/candidature-spontanee\/\"]}]},{\"@type\":\"BreadcrumbList\",\"@id\":\"https:\/\/prograin.ca\/ca\/fr\/carrieres\/candidature-spontanee\/#breadcrumb\",\"itemListElement\":[{\"@type\":\"ListItem\",\"position\":1,\"name\":\"Home\",\"item\":\"https:\/\/prograin.ca\/ca\/fr\/\"},{\"@type\":\"ListItem\",\"position\":2,\"name\":\"Carri\u00e8res\",\"item\":\"https:\/\/prograin.ca\/ca\/fr\/carrieres\/\"},{\"@type\":\"ListItem\",\"position\":3,\"name\":\"Candidature spontan\u00e9e\"}]},{\"@type\":\"WebSite\",\"@id\":\"https:\/\/prograin.ca\/ca\/#website\",\"url\":\"https:\/\/prograin.ca\/ca\/\",\"name\":\"Prograin - Canada\",\"description\":\"Un site utilisant WordPress\",\"publisher\":{\"@id\":\"https:\/\/prograin.ca\/ca\/#organization\"},\"potentialAction\":[{\"@type\":\"SearchAction\",\"target\":{\"@type\":\"EntryPoint\",\"urlTemplate\":\"https:\/\/prograin.ca\/ca\/?s={search_term_string}\"},\"query-input\":\"required name=search_term_string\"}],\"inLanguage\":\"fr-CA\"},{\"@type\":\"Organization\",\"@id\":\"https:\/\/prograin.ca\/ca\/#organization\",\"name\":\"Prograin - Canada\",\"url\":\"https:\/\/prograin.ca\/ca\/\",\"logo\":{\"@type\":\"ImageObject\",\"inLanguage\":\"fr-CA\",\"@id\":\"https:\/\/prograin.ca\/ca\/#\/schema\/logo\/image\/\",\"url\":\"https:\/\/prograin.ca\/app\/uploads\/sites\/3\/2018\/11\/Prograin-logo-1.png\",\"contentUrl\":\"https:\/\/prograin.ca\/app\/uploads\/sites\/3\/2018\/11\/Prograin-logo-1.png\",\"width\":352,\"height\":85,\"caption\":\"Prograin - Canada\"},\"image\":{\"@id\":\"https:\/\/prograin.ca\/ca\/#\/schema\/logo\/image\/\"}}]}<\/script>\n<!-- \/ Yoast SEO plugin. -->","yoast_head_json":{"title":"Prograin | Vous \u00eates pr\u00eats \u00e0 relever des d\u00e9fis?","description":"Nous offrons diverses opportunit\u00e9s de carri\u00e8re dans un environnement dynamique, tant dans le secteur de la production qu\u2019au si\u00e8ge social.","robots":{"index":"index","follow":"follow","max-snippet":"max-snippet:-1","max-image-preview":"max-image-preview:large","max-video-preview":"max-video-preview:-1"},"canonical":"https:\/\/prograin.ca\/ca\/fr\/carrieres\/candidature-spontanee\/","og_locale":"fr_CA","og_type":"article","og_title":"Prograin | Vous \u00eates pr\u00eats \u00e0 relever des d\u00e9fis?","og_description":"Nous offrons diverses opportunit\u00e9s de carri\u00e8re dans un environnement dynamique, tant dans le secteur de la production qu\u2019au si\u00e8ge social.","og_url":"https:\/\/prograin.ca\/ca\/fr\/carrieres\/candidature-spontanee\/","og_site_name":"Prograin - Canada","article_modified_time":"2019-04-07T23:44:43+00:00","twitter_card":"summary_large_image","schema":{"@context":"https:\/\/schema.org","@graph":[{"@type":"WebPage","@id":"https:\/\/prograin.ca\/ca\/fr\/carrieres\/candidature-spontanee\/","url":"https:\/\/prograin.ca\/ca\/fr\/carrieres\/candidature-spontanee\/","name":"Prograin | Vous \u00eates pr\u00eats \u00e0 relever des d\u00e9fis?","isPartOf":{"@id":"https:\/\/prograin.ca\/ca\/#website"},"datePublished":"2019-03-04T14:01:11+00:00","dateModified":"2019-04-07T23:44:43+00:00","description":"Nous offrons diverses opportunit\u00e9s de carri\u00e8re dans un environnement dynamique, tant dans le secteur de la production qu\u2019au si\u00e8ge social.","breadcrumb":{"@id":"https:\/\/prograin.ca\/ca\/fr\/carrieres\/candidature-spontanee\/#breadcrumb"},"inLanguage":"fr-CA","potentialAction":[{"@type":"ReadAction","target":["https:\/\/prograin.ca\/ca\/fr\/carrieres\/candidature-spontanee\/"]}]},{"@type":"BreadcrumbList","@id":"https:\/\/prograin.ca\/ca\/fr\/carrieres\/candidature-spontanee\/#breadcrumb","itemListElement":[{"@type":"ListItem","position":1,"name":"Home","item":"https:\/\/prograin.ca\/ca\/fr\/"},{"@type":"ListItem","position":2,"name":"Carri\u00e8res","item":"https:\/\/prograin.ca\/ca\/fr\/carrieres\/"},{"@type":"ListItem","position":3,"name":"Candidature spontan\u00e9e"}]},{"@type":"WebSite","@id":"https:\/\/prograin.ca\/ca\/#website","url":"https:\/\/prograin.ca\/ca\/","name":"Prograin - Canada","description":"Un site utilisant WordPress","publisher":{"@id":"https:\/\/prograin.ca\/ca\/#organization"},"potentialAction":[{"@type":"SearchAction","target":{"@type":"EntryPoint","urlTemplate":"https:\/\/prograin.ca\/ca\/?s={search_term_string}"},"query-input":"required name=search_term_string"}],"inLanguage":"fr-CA"},{"@type":"Organization","@id":"https:\/\/prograin.ca\/ca\/#organization","name":"Prograin - Canada","url":"https:\/\/prograin.ca\/ca\/","logo":{"@type":"ImageObject","inLanguage":"fr-CA","@id":"https:\/\/prograin.ca\/ca\/#\/schema\/logo\/image\/","url":"https:\/\/prograin.ca\/app\/uploads\/sites\/3\/2018\/11\/Prograin-logo-1.png","contentUrl":"https:\/\/prograin.ca\/app\/uploads\/sites\/3\/2018\/11\/Prograin-logo-1.png","width":352,"height":85,"caption":"Prograin - Canada"},"image":{"@id":"https:\/\/prograin.ca\/ca\/#\/schema\/logo\/image\/"}}]}},"featured_image_urls":{"full":"","thumbnail":"","medium":"","medium_large":"","large":"","1536x1536":"","2048x2048":"","menu-24x24":"","menu-36x36":"","menu-48x48":""},"post_excerpt_stackable":"<p>Vous \u00eates pr\u00eats \u00e0 relever des d\u00e9fis? Nous offrons diverses opportunit\u00e9s de carri\u00e8re dans un environnement dynamique, tant dans le secteur de la production qu\u2019au si\u00e8ge social. Remplissez le formulaire ci-dessous afin de nous faire parvenir votre candidature. Candidature spontan\u00e9e Pr\u00e9nom Nom Courriel HiddenPoste d\u00e9sir\u00e9* Curriculum vitae \/ Lettre de pr\u00e9sentationTypes de fichier accept\u00e9s\u00a0: doc, pdf, docx, Taille maximum des fichiers : 8 MB. sample.pdfx MessageCAPTCHA<\/p>\n","category_list":"","author_info":{"name":"Emilie","url":"https:\/\/prograin.ca\/ca\/author\/emilie\/"},"comments_num":"0 comments","featured_image_urls_v2":{"full":"","thumbnail":"","medium":"","medium_large":"","large":"","1536x1536":"","2048x2048":"","menu-24x24":"","menu-36x36":"","menu-48x48":""},"post_excerpt_stackable_v2":"<p>Vous \u00eates pr\u00eats \u00e0 relever des d\u00e9fis? Nous offrons diverses opportunit\u00e9s de carri\u00e8re dans un environnement dynamique, tant dans le secteur de la production qu\u2019au si\u00e8ge social. Remplissez le formulaire ci-dessous afin de nous faire parvenir votre candidature. Candidature spontan\u00e9e Pr\u00e9nom Nom Courriel HiddenPoste d\u00e9sir\u00e9* Curriculum vitae \/ Lettre de pr\u00e9sentationTypes de fichier accept\u00e9s\u00a0: doc, pdf, docx, Taille maximum des fichiers : 8 MB. sample.pdfx MessageCAPTCHA<\/p>\n","category_list_v2":"","author_info_v2":{"name":"Emilie","url":"https:\/\/prograin.ca\/ca\/author\/emilie\/"},"comments_num_v2":"0 comments","coauthors":[],"author_meta":{"author_link":"https:\/\/prograin.ca\/ca\/author\/emilie\/","display_name":"Emilie"},"relative_dates":{"created":"Posted 7 ann\u00e9es ago","modified":"Updated 7 ann\u00e9es ago"},"absolute_dates":{"created":"Posted on 4 mars 2019","modified":"Updated on 7 avril 2019"},"absolute_dates_time":{"created":"Posted on 4 mars 2019 14 h 01 min","modified":"Updated on 7 avril 2019 23 h 44 min"},"featured_img_caption":"","featured_img":false,"series_order":"","_links":{"self":[{"href":"https:\/\/prograin.ca\/ca\/wp-json\/wp\/v2\/pages\/21921"}],"collection":[{"href":"https:\/\/prograin.ca\/ca\/wp-json\/wp\/v2\/pages"}],"about":[{"href":"https:\/\/prograin.ca\/ca\/wp-json\/wp\/v2\/types\/page"}],"author":[{"embeddable":true,"href":"https:\/\/prograin.ca\/ca\/wp-json\/wp\/v2\/users\/3"}],"replies":[{"embeddable":true,"href":"https:\/\/prograin.ca\/ca\/wp-json\/wp\/v2\/comments?post=21921"}],"version-history":[{"count":13,"href":"https:\/\/prograin.ca\/ca\/wp-json\/wp\/v2\/pages\/21921\/revisions"}],"predecessor-version":[{"id":22611,"href":"https:\/\/prograin.ca\/ca\/wp-json\/wp\/v2\/pages\/21921\/revisions\/22611"}],"up":[{"embeddable":true,"href":"https:\/\/prograin.ca\/ca\/wp-json\/wp\/v2\/pages\/19617"}],"wp:attachment":[{"href":"https:\/\/prograin.ca\/ca\/wp-json\/wp\/v2\/media?parent=21921"}],"curies":[{"name":"wp","href":"https:\/\/api.w.org\/{rel}","templated":true}]}}