
{"id":24097,"date":"2021-02-04T12:58:43","date_gmt":"2021-02-04T12:58:43","guid":{"rendered":"https:\/\/prograin.ca\/ca\/?page_id=24097"},"modified":"2021-02-04T13:05:49","modified_gmt":"2021-02-04T13:05:49","slug":"spontaneous-application","status":"publish","type":"page","link":"https:\/\/prograin.ca\/ca\/en\/careers\/spontaneous-application\/","title":{"rendered":"Spontaneous Application"},"content":{"rendered":"\n<div class=\"wp-block-balise-section-block alignfull _sectionblock has-1-columns\">\n<div class=\"\" style=\"color:#ffffff;background-image:url(https:\/\/prograin.ca\/app\/uploads\/2019\/01\/postes_header.jpg);background-size:cover;padding-top:60px;padding-bottom:60px;padding-left:10px;padding-right:10px\"><div class=\"verticalbg\" style=\"background-size:cover\"><\/div><div class=\"inside\" style=\"margin:0 auto\">\n<h3 class=\"is-style-blanc\">Are you ready to take on challenges?<\/h3>\n\n\n\n<p>We offer various career opportunities in a dynamic environment, both in the production sector and at the head office.<\/p>\n<\/div><\/div>\n<\/div>\n\n\n\n<div class=\"wp-block-balise-section-block alignfull _sectionblock has-2-columns\">\n<div class=\"\" style=\"background-size:cover;padding-top:60px;padding-bottom:60px;padding-left:10px;padding-right:10px\"><div class=\"verticalbg\" style=\"background-size:cover\"><\/div><div class=\"inside\" style=\"margin:0 auto\">\n<p>Fill out the form below to send us your application. <\/p>\n<\/div><\/div>\n\n\n\n<div class=\"\" style=\"background-size:cover;padding-top:60px;padding-bottom:60px;padding-left:10px;padding-right:10px\"><div class=\"verticalbg\" style=\"background-size:cover\"><\/div><div class=\"inside\" style=\"margin:0 auto\"><\/div><\/div>\n<\/div>\n\n\n<script type=\"text\/javascript\">var gform;gform||(document.addEventListener(\"gform_main_scripts_loaded\",function(){gform.scriptsLoaded=!0}),window.addEventListener(\"DOMContentLoaded\",function(){gform.domLoaded=!0}),gform={domLoaded:!1,scriptsLoaded:!1,initializeOnLoaded:function(o){gform.domLoaded&&gform.scriptsLoaded?o():!gform.domLoaded&&gform.scriptsLoaded?window.addEventListener(\"DOMContentLoaded\",o):document.addEventListener(\"gform_main_scripts_loaded\",o)},hooks:{action:{},filter:{}},addAction:function(o,n,r,t){gform.addHook(\"action\",o,n,r,t)},addFilter:function(o,n,r,t){gform.addHook(\"filter\",o,n,r,t)},doAction:function(o){gform.doHook(\"action\",o,arguments)},applyFilters:function(o){return gform.doHook(\"filter\",o,arguments)},removeAction:function(o,n){gform.removeHook(\"action\",o,n)},removeFilter:function(o,n,r){gform.removeHook(\"filter\",o,n,r)},addHook:function(o,n,r,t,i){null==gform.hooks[o][n]&&(gform.hooks[o][n]=[]);var e=gform.hooks[o][n];null==i&&(i=n+\"_\"+e.length),gform.hooks[o][n].push({tag:i,callable:r,priority:t=null==t?10:t})},doHook:function(n,o,r){var t;if(r=Array.prototype.slice.call(r,1),null!=gform.hooks[n][o]&&((o=gform.hooks[n][o]).sort(function(o,n){return o.priority-n.priority}),o.forEach(function(o){\"function\"!=typeof(t=o.callable)&&(t=window[t]),\"action\"==n?t.apply(null,r):r[0]=t.apply(null,r)})),\"filter\"==n)return r[0]},removeHook:function(o,n,t,i){var r;null!=gform.hooks[o][n]&&(r=(r=gform.hooks[o][n]).filter(function(o,n,r){return!!(null!=i&&i!=o.tag||null!=t&&t!=o.priority)}),gform.hooks[o][n]=r)}});<\/script>\n                <div class='gf_browser_gecko gform_wrapper gform_legacy_markup_wrapper' id='gform_wrapper_11' >\n                        <div class='gform_heading'>\n                            <h3 class=\"gform_title\">Spontaneous Application<\/h3>\n                            <span class='gform_description'><\/span>\n                        <\/div><form method='post' enctype='multipart\/form-data'  id='gform_11'  action='\/ca\/wp-json\/wp\/v2\/pages\/24097' >\n                        <div class='gform_body gform-body'><ul id='gform_fields_11' class='gform_fields top_label form_sublabel_below description_below'><li id=\"field_11_11\"  class=\"gfield gfield--width-full sa-firstname field_sublabel_below field_description_below hidden_label gfield_visibility_visible\"  data-js-reload=\"field_11_11\"><label class='gfield_label' for='input_11_11' >Firstname<\/label><div class='ginput_container ginput_container_text'><input name='input_11' id='input_11_11' type='text' value='' class='large'    placeholder='Firstname'  aria-invalid=\"false\"   \/> <\/div><\/li><li id=\"field_11_2\"  class=\"gfield sa-name field_sublabel_below field_description_below hidden_label gfield_visibility_visible\"  data-js-reload=\"field_11_2\"><label class='gfield_label' for='input_11_2' >Name<\/label><div class='ginput_container ginput_container_text'><input name='input_2' id='input_11_2' type='text' value='' class='large'    placeholder='Name'  aria-invalid=\"false\"   \/> <\/div><\/li><li id=\"field_11_3\"  class=\"gfield sa-email field_sublabel_below field_description_below hidden_label gfield_visibility_visible\"  data-js-reload=\"field_11_3\"><label class='gfield_label' for='input_11_3' >Email<\/label><div class='ginput_container ginput_container_email'>\n                            <input name='input_3' id='input_11_3' type='text' value='' class='large'   placeholder='Email'  aria-invalid=\"false\"  \/>\n                        <\/div><\/li><li id=\"field_11_12\"  class=\"gfield gfield--width-full sa-position gfield_contains_required field_sublabel_below field_description_below hidden_label gfield_visibility_hidden\"  data-js-reload=\"field_11_12\"><div class='admin-hidden-markup'><i class='gform-icon gform-icon--hidden'><\/i><span>Hidden<\/span><\/div><label class='gfield_label' for='input_11_12' >Desired position<span class=\"gfield_required\"><span class=\"gfield_required gfield_required_asterisk\">*<\/span><\/span><\/label><div class='ginput_container ginput_container_text'><input name='input_12' id='input_11_12' type='text' value='24233' class='large'     aria-required=\"true\" aria-invalid=\"false\"   \/> <\/div><\/li><li id=\"field_11_4\"  class=\"gfield sa-document field_sublabel_below field_description_below gfield_visibility_visible\"  data-js-reload=\"field_11_4\"><label class='gfield_label' for='input_11_4' >Curriculum vitae \/ Cover letter<\/label><div class='ginput_container ginput_container_fileupload'><input type='hidden' name='MAX_FILE_SIZE' value='8388608' \/><input name='input_4' id='input_11_4' type='file' class='medium' aria-describedby=\"gfield_upload_rules_11_4\" onchange='javascript:gformValidateFileSize( this, 8388608 );'  \/><span class='gform_fileupload_rules' id='gfield_upload_rules_11_4'>Types de fichier accept\u00e9s\u00a0: doc, pdf, docx, Taille maximum des fichiers : 8 MB.<\/span><div class='validation_message validation_message--hidden-on-empty' id='live_validation_message_11_4'><\/div><\/div>            <span class=\"sa-document-value-container\"\n                  style=\"display:none;padding:5px 0 5px 10px;border:1px solid #ff5b00;color:#ff5b00;\"><span\n                        class=\"sa-document-value\" style=\"\">sample.pdf<\/span><span class=\"sa-document-value-delete\"\n                                                                                  style=\"padding:0 7px;margin:0 5px 0 10px;font-size:1em;line-height:1em;cursor: pointer;color:#fff;background:#ff5b00;\">x<\/span><\/span>\n            <script>\n                let gformElement = document.querySelector(\"#gform_11\");\n\n                if (gformElement !== null) {\n                    let gformDocumentElement = gformElement.querySelector(\".sa-document\");\n\n                    if (gformDocumentElement !== null) {\n                        gformDocumentElement.addEventListener(\"change\", function (e) {\n                            let filename = e.target.value.split(\/[\\\\\/]\/).pop();\n\n                            let gformElement = document.querySelector(\"#gform_11\");\n\n                            if (gformElement !== null) {\n                                let gformDocumentValueContainerElement = gformElement.querySelector(\".sa-document-value-container\");\n\n                                if (gformDocumentValueContainerElement !== null) {\n                                    let gformDocumentValueElement = gformDocumentValueContainerElement.querySelector(\".sa-document-value\");\n\n                                    if (gformDocumentValueElement !== null) {\n                                        gformDocumentValueElement.textContent = filename;\n                                    }\n\n                                    gformDocumentValueContainerElement.style.display = 'inline-flex';\n                                }\n                            }\n                        }, {passive: true});\n                    }\n\n                    let gformDocumentValueContainerElement = gformElement.querySelector(\".sa-document-value-container\");\n\n                    if (gformDocumentValueContainerElement !== null) {\n                        let gformDocumentValueDeleteElement = gformDocumentValueContainerElement.querySelector(\".sa-document-value-delete\");\n\n                        if (gformDocumentValueDeleteElement !== null) {\n                            gformDocumentValueDeleteElement.addEventListener(\"click\", function (e) {\n                                let gformElement = document.querySelector(\"#gform_11\");\n\n                                if (gformElement !== null) {\n                                    let gformDocumentElement = gformElement.querySelector(\".sa-document\");\n\n                                    if (gformDocumentElement !== null) {\n                                        gformDocumentElement.value = '';\n                                    }\n\n                                    let gformDocumentValueContainerElement = gformElement.querySelector(\".sa-document-value-container\");\n\n                                    if (gformDocumentValueContainerElement !== null) {\n                                        let gformDocumentValueElement = gformDocumentValueContainerElement.querySelector(\".sa-document-value\");\n\n                                        if (gformDocumentValueElement !== null) {\n                                            gformDocumentValueElement.textContent = '';\n                                        }\n\n                                        gformDocumentValueContainerElement.style.display = 'none';\n                                    }\n                                }\n                            }, {passive: true});\n                        }\n                    }\n                }\n            <\/script>\n            <\/li><li id=\"field_11_5\"  class=\"gfield sa-message field_sublabel_below field_description_below hidden_label gfield_visibility_visible\"  data-js-reload=\"field_11_5\"><label class='gfield_label' for='input_11_5' >Message<\/label><div class='ginput_container ginput_container_textarea'><textarea name='input_5' id='input_11_5' class='textarea large'    placeholder='Message'  aria-invalid=\"false\"   rows='10' cols='50'><\/textarea><\/div><\/li><li id=\"field_11_13\"  class=\"gfield gfield--width-full field_sublabel_below field_description_below hidden_label gfield_visibility_visible\"  data-js-reload=\"field_11_13\"><label class='gfield_label' for='input_11_13' >CAPTCHA<\/label><div id='input_11_13' class='ginput_container ginput_recaptcha' data-sitekey='6LdVrygbAAAAAJJxz5AqatNTPb-5C7HpbBKSDyKm'  data-theme='light' data-tabindex='0'  data-badge=''><\/div><\/li><\/ul><\/div>\n        <div class='gform_footer top_label'> <input type='submit' id='gform_submit_button_11' class='gform_button button' value='Send my application'  onclick='if(window[\"gf_submitting_11\"]){return false;}  window[\"gf_submitting_11\"]=true;  ' onkeypress='if( event.keyCode == 13 ){ if(window[\"gf_submitting_11\"]){return false;} window[\"gf_submitting_11\"]=true;  jQuery(\"#gform_11\").trigger(\"submit\",[true]); }' \/> \n            <input type='hidden' class='gform_hidden' name='is_submit_11' value='1' \/>\n            <input type='hidden' class='gform_hidden' name='gform_submit' value='11' \/>\n            \n            <input type='hidden' class='gform_hidden' name='gform_unique_id' value='' \/>\n            <input type='hidden' class='gform_hidden' name='state_11' value='WyJbXSIsImVjZDc4YWE0MTA1OGFkYzFkZDJjNTdmNzYwZDg2YjI1Il0=' \/>\n            <input type='hidden' class='gform_hidden' name='gform_target_page_number_11' id='gform_target_page_number_11' value='0' \/>\n            <input type='hidden' class='gform_hidden' name='gform_source_page_number_11' id='gform_source_page_number_11' value='1' \/>\n            <input type='hidden' name='gform_field_values' value='' \/>\n            \n        <\/div>\n                        <\/form>\n                        <\/div>","protected":false},"excerpt":{"rendered":"","protected":false},"author":7,"featured_media":0,"parent":19923,"menu_order":2,"comment_status":"closed","ping_status":"closed","template":"","meta":{"advgb_blocks_editor_width":"","advgb_blocks_columns_visual_guide":""},"yoast_head":"<!-- This site is optimized with the Yoast SEO plugin v19.11 - https:\/\/yoast.com\/wordpress\/plugins\/seo\/ -->\n<title>Spontaneous Application - Prograin - Canada<\/title>\n<meta name=\"robots\" content=\"index, follow, max-snippet:-1, max-image-preview:large, max-video-preview:-1\" \/>\n<link rel=\"canonical\" href=\"https:\/\/prograin.ca\/ca\/en\/careers\/spontaneous-application\/\" \/>\n<meta property=\"og:locale\" content=\"fr_CA\" \/>\n<meta property=\"og:type\" content=\"article\" \/>\n<meta property=\"og:title\" content=\"Spontaneous Application - Prograin - Canada\" \/>\n<meta property=\"og:url\" content=\"https:\/\/prograin.ca\/ca\/en\/careers\/spontaneous-application\/\" \/>\n<meta property=\"og:site_name\" content=\"Prograin - Canada\" \/>\n<meta property=\"article:modified_time\" content=\"2021-02-04T13:05:49+00:00\" \/>\n<meta name=\"twitter:card\" content=\"summary_large_image\" \/>\n<meta name=\"twitter:label1\" content=\"Estimation du temps de lecture\" \/>\n\t<meta name=\"twitter:data1\" content=\"1 minute\" \/>\n<script type=\"application\/ld+json\" class=\"yoast-schema-graph\">{\"@context\":\"https:\/\/schema.org\",\"@graph\":[{\"@type\":\"WebPage\",\"@id\":\"https:\/\/prograin.ca\/ca\/en\/careers\/spontaneous-application\/\",\"url\":\"https:\/\/prograin.ca\/ca\/en\/careers\/spontaneous-application\/\",\"name\":\"Spontaneous Application - Prograin - Canada\",\"isPartOf\":{\"@id\":\"https:\/\/prograin.ca\/ca\/#website\"},\"datePublished\":\"2021-02-04T12:58:43+00:00\",\"dateModified\":\"2021-02-04T13:05:49+00:00\",\"breadcrumb\":{\"@id\":\"https:\/\/prograin.ca\/ca\/en\/careers\/spontaneous-application\/#breadcrumb\"},\"inLanguage\":\"fr-CA\",\"potentialAction\":[{\"@type\":\"ReadAction\",\"target\":[\"https:\/\/prograin.ca\/ca\/en\/careers\/spontaneous-application\/\"]}]},{\"@type\":\"BreadcrumbList\",\"@id\":\"https:\/\/prograin.ca\/ca\/en\/careers\/spontaneous-application\/#breadcrumb\",\"itemListElement\":[{\"@type\":\"ListItem\",\"position\":1,\"name\":\"Home\",\"item\":\"https:\/\/prograin.ca\/ca\/fr\/\"},{\"@type\":\"ListItem\",\"position\":2,\"name\":\"Careers\",\"item\":\"https:\/\/prograin.ca\/ca\/en\/careers\/\"},{\"@type\":\"ListItem\",\"position\":3,\"name\":\"Spontaneous Application\"}]},{\"@type\":\"WebSite\",\"@id\":\"https:\/\/prograin.ca\/ca\/#website\",\"url\":\"https:\/\/prograin.ca\/ca\/\",\"name\":\"Prograin - Canada\",\"description\":\"Un site utilisant WordPress\",\"publisher\":{\"@id\":\"https:\/\/prograin.ca\/ca\/#organization\"},\"potentialAction\":[{\"@type\":\"SearchAction\",\"target\":{\"@type\":\"EntryPoint\",\"urlTemplate\":\"https:\/\/prograin.ca\/ca\/?s={search_term_string}\"},\"query-input\":\"required name=search_term_string\"}],\"inLanguage\":\"fr-CA\"},{\"@type\":\"Organization\",\"@id\":\"https:\/\/prograin.ca\/ca\/#organization\",\"name\":\"Prograin - Canada\",\"url\":\"https:\/\/prograin.ca\/ca\/\",\"logo\":{\"@type\":\"ImageObject\",\"inLanguage\":\"fr-CA\",\"@id\":\"https:\/\/prograin.ca\/ca\/#\/schema\/logo\/image\/\",\"url\":\"https:\/\/prograin.ca\/app\/uploads\/sites\/3\/2018\/11\/Prograin-logo-1.png\",\"contentUrl\":\"https:\/\/prograin.ca\/app\/uploads\/sites\/3\/2018\/11\/Prograin-logo-1.png\",\"width\":352,\"height\":85,\"caption\":\"Prograin - Canada\"},\"image\":{\"@id\":\"https:\/\/prograin.ca\/ca\/#\/schema\/logo\/image\/\"}}]}<\/script>\n<!-- \/ Yoast SEO plugin. -->","yoast_head_json":{"title":"Spontaneous Application - Prograin - Canada","robots":{"index":"index","follow":"follow","max-snippet":"max-snippet:-1","max-image-preview":"max-image-preview:large","max-video-preview":"max-video-preview:-1"},"canonical":"https:\/\/prograin.ca\/ca\/en\/careers\/spontaneous-application\/","og_locale":"fr_CA","og_type":"article","og_title":"Spontaneous Application - Prograin - Canada","og_url":"https:\/\/prograin.ca\/ca\/en\/careers\/spontaneous-application\/","og_site_name":"Prograin - Canada","article_modified_time":"2021-02-04T13:05:49+00:00","twitter_card":"summary_large_image","twitter_misc":{"Estimation du temps de lecture":"1 minute"},"schema":{"@context":"https:\/\/schema.org","@graph":[{"@type":"WebPage","@id":"https:\/\/prograin.ca\/ca\/en\/careers\/spontaneous-application\/","url":"https:\/\/prograin.ca\/ca\/en\/careers\/spontaneous-application\/","name":"Spontaneous Application - Prograin - Canada","isPartOf":{"@id":"https:\/\/prograin.ca\/ca\/#website"},"datePublished":"2021-02-04T12:58:43+00:00","dateModified":"2021-02-04T13:05:49+00:00","breadcrumb":{"@id":"https:\/\/prograin.ca\/ca\/en\/careers\/spontaneous-application\/#breadcrumb"},"inLanguage":"fr-CA","potentialAction":[{"@type":"ReadAction","target":["https:\/\/prograin.ca\/ca\/en\/careers\/spontaneous-application\/"]}]},{"@type":"BreadcrumbList","@id":"https:\/\/prograin.ca\/ca\/en\/careers\/spontaneous-application\/#breadcrumb","itemListElement":[{"@type":"ListItem","position":1,"name":"Home","item":"https:\/\/prograin.ca\/ca\/fr\/"},{"@type":"ListItem","position":2,"name":"Careers","item":"https:\/\/prograin.ca\/ca\/en\/careers\/"},{"@type":"ListItem","position":3,"name":"Spontaneous Application"}]},{"@type":"WebSite","@id":"https:\/\/prograin.ca\/ca\/#website","url":"https:\/\/prograin.ca\/ca\/","name":"Prograin - Canada","description":"Un site utilisant WordPress","publisher":{"@id":"https:\/\/prograin.ca\/ca\/#organization"},"potentialAction":[{"@type":"SearchAction","target":{"@type":"EntryPoint","urlTemplate":"https:\/\/prograin.ca\/ca\/?s={search_term_string}"},"query-input":"required name=search_term_string"}],"inLanguage":"fr-CA"},{"@type":"Organization","@id":"https:\/\/prograin.ca\/ca\/#organization","name":"Prograin - Canada","url":"https:\/\/prograin.ca\/ca\/","logo":{"@type":"ImageObject","inLanguage":"fr-CA","@id":"https:\/\/prograin.ca\/ca\/#\/schema\/logo\/image\/","url":"https:\/\/prograin.ca\/app\/uploads\/sites\/3\/2018\/11\/Prograin-logo-1.png","contentUrl":"https:\/\/prograin.ca\/app\/uploads\/sites\/3\/2018\/11\/Prograin-logo-1.png","width":352,"height":85,"caption":"Prograin - Canada"},"image":{"@id":"https:\/\/prograin.ca\/ca\/#\/schema\/logo\/image\/"}}]}},"featured_image_urls":{"full":"","thumbnail":"","medium":"","medium_large":"","large":"","1536x1536":"","2048x2048":"","menu-24x24":"","menu-36x36":"","menu-48x48":""},"post_excerpt_stackable":"<p>Are you ready to take on challenges? We offer various career opportunities in a dynamic environment, both in the production sector and at the head office. Fill out the form below to send us your application. Spontaneous Application Firstname Name Email HiddenDesired position* Curriculum vitae \/ Cover letterTypes de fichier accept\u00e9s\u00a0: doc, pdf, docx, Taille maximum des fichiers : 8 MB. sample.pdfx MessageCAPTCHA<\/p>\n","category_list":"","author_info":{"name":"devmxo","url":"https:\/\/prograin.ca\/ca\/author\/devmxo\/"},"comments_num":"0 comments","featured_image_urls_v2":{"full":"","thumbnail":"","medium":"","medium_large":"","large":"","1536x1536":"","2048x2048":"","menu-24x24":"","menu-36x36":"","menu-48x48":""},"post_excerpt_stackable_v2":"<p>Are you ready to take on challenges? We offer various career opportunities in a dynamic environment, both in the production sector and at the head office. Fill out the form below to send us your application. Spontaneous Application Firstname Name Email HiddenDesired position* Curriculum vitae \/ Cover letterTypes de fichier accept\u00e9s\u00a0: doc, pdf, docx, Taille maximum des fichiers : 8 MB. sample.pdfx MessageCAPTCHA<\/p>\n","category_list_v2":"","author_info_v2":{"name":"devmxo","url":"https:\/\/prograin.ca\/ca\/author\/devmxo\/"},"comments_num_v2":"0 comments","coauthors":[],"author_meta":{"author_link":"https:\/\/prograin.ca\/ca\/author\/devmxo\/","display_name":"devmxo"},"relative_dates":{"created":"Posted 5 ann\u00e9es ago","modified":"Updated 5 ann\u00e9es ago"},"absolute_dates":{"created":"Posted on 4 f\u00e9vrier 2021","modified":"Updated on 4 f\u00e9vrier 2021"},"absolute_dates_time":{"created":"Posted on 4 f\u00e9vrier 2021 12 h 58 min","modified":"Updated on 4 f\u00e9vrier 2021 13 h 05 min"},"featured_img_caption":"","featured_img":false,"series_order":"","_links":{"self":[{"href":"https:\/\/prograin.ca\/ca\/wp-json\/wp\/v2\/pages\/24097"}],"collection":[{"href":"https:\/\/prograin.ca\/ca\/wp-json\/wp\/v2\/pages"}],"about":[{"href":"https:\/\/prograin.ca\/ca\/wp-json\/wp\/v2\/types\/page"}],"author":[{"embeddable":true,"href":"https:\/\/prograin.ca\/ca\/wp-json\/wp\/v2\/users\/7"}],"replies":[{"embeddable":true,"href":"https:\/\/prograin.ca\/ca\/wp-json\/wp\/v2\/comments?post=24097"}],"version-history":[{"count":3,"href":"https:\/\/prograin.ca\/ca\/wp-json\/wp\/v2\/pages\/24097\/revisions"}],"predecessor-version":[{"id":24100,"href":"https:\/\/prograin.ca\/ca\/wp-json\/wp\/v2\/pages\/24097\/revisions\/24100"}],"up":[{"embeddable":true,"href":"https:\/\/prograin.ca\/ca\/wp-json\/wp\/v2\/pages\/19923"}],"wp:attachment":[{"href":"https:\/\/prograin.ca\/ca\/wp-json\/wp\/v2\/media?parent=24097"}],"curies":[{"name":"wp","href":"https:\/\/api.w.org\/{rel}","templated":true}]}}