
{"id":569,"date":"2018-11-26T20:23:10","date_gmt":"2018-11-26T20:23:10","guid":{"rendered":"https:\/\/prograin.ca\/?page_id=569"},"modified":"2023-11-15T15:39:17","modified_gmt":"2023-11-15T15:39:17","slug":"soyas","status":"publish","type":"page","link":"https:\/\/prograin.ca\/ca\/fr\/soyas\/","title":{"rendered":"Soya"},"content":{"rendered":"\n<div class=\"wp-block-prograin-section-block alignfull prograin-home\"><ul class=\"subsection\">\n<li class=\"PageTitle\"><h1>Soya<\/h1><div class=\"prograin-home-slide dark\" style=\"color:#eeeeee;background-image:url(https:\/\/prograin.ca\/app\/uploads\/2018\/11\/section_soyas.jpg);background-size:cover\"><div class=\"verticalbg\" style=\"background-size:cover\"><\/div><div class=\"inside\" style=\"padding-right:15&nbsp;%\">\n<h2>Prograin est une compagnie canadienne ayant la recherche, l\u2019innovation et la qualit\u00e9 au c\u0153ur de son ADN<\/h2>\n\n\n\n<p>Notre soya destin\u00e9 \u00e0 la transformation pour l\u2019alimentation est aussi pris\u00e9 pour ses caract\u00e9ristiques nutritionnelles que pour l\u2019approche humaine et passionn\u00e9e de notre \u00e9quipe.<\/p>\n\n\n\n<div style=\"height:20px\" aria-hidden=\"true\" class=\"wp-block-spacer\"><\/div>\n\n\n\n<div class=\"wp-block-button\"><a class=\"wp-block-button__link\" href=\"https:\/\/prograin.ca\/ca\/soyas\/soya-sans-ogm-nos-varietes\/\">NOS VARI\u00c9T\u00c9S DE SOYA SANS OGM<\/a><\/div>\n\n\n\n<div style=\"height:25px\" aria-hidden=\"true\" class=\"wp-block-spacer\"><\/div>\n\n\n\n<div><div class=\"wp-block-button is-style-squared\"><a class=\"wp-block-button__link\" target=\"_blank\" href=\"https:\/\/www.youtube.com\/watch?v=74-GSKIJx2s&amp;list=PLuCiPuUumhxPn_lDFsJUPmhBXcaZ3TKOu\" rel=\"noopener\">VID\u00c9OS 3D<\/a><\/div><\/div>\n<\/div><\/div><\/li>\n\n\n\n<li><a href=\"https:\/\/prograin.ca\/ca\/fr\/soyas\/soya-sans-ogm-nos-varietes\/\">Sans OGM<\/a><div class=\"prograin-home-slide dark\" style=\"color:#eeeeee;background-image:url(https:\/\/prograin.ca\/app\/uploads\/2019\/01\/soya_sans_ogm.jpg);background-size:cover\"><div class=\"verticalbg\" style=\"background-size:cover\"><\/div><div class=\"inside\" style=\"padding-right:15&nbsp;%\">\n<h2>Sans OGM<\/h2>\n\n\n\n<p>Notre soya permet de nourrir plus de 26 millions de personnes sur la plan\u00e8te. Le tofu est le produit le plus souvent associ\u00e9 au soya, mais il y a de nombreuses autres utilisations qui sont d\u00e9riv\u00e9es de nos r\u00e9coltes. <\/p>\n\n\n\n<div style=\"height:20px\" aria-hidden=\"true\" class=\"wp-block-spacer\"><\/div>\n\n\n\n<div class=\"wp-block-button\"><a class=\"wp-block-button__link\" href=\"https:\/\/prograin.ca\/ca\/soyas\/soya-sans-ogm-nos-varietes\/\">NOS VARI\u00c9T\u00c9S DE SOYA SANS OGM<\/a><\/div>\n<\/div><\/div><\/li>\n\n\n\n<li><a href=\"https:\/\/prograin.ca\/ca\/fr\/soyas\/soya-biologique-nos-varietes\/\">Biologique<\/a><div class=\"prograin-home-slide dark\" style=\"color:#eeeeee;background-image:url(https:\/\/prograin.ca\/app\/uploads\/2019\/01\/soya_bio.jpg);background-size:cover\"><div class=\"verticalbg\" style=\"background-size:cover\"><\/div><div class=\"inside\" style=\"padding-right:15&nbsp;%\">\n<h2>Soya biologique<\/h2>\n\n\n\n<p>Prograin est un acteur de premier plan du soya biologique au Canada. Nos vari\u00e9t\u00e9s en production bio sont s\u00e9lectionn\u00e9es pour la transformation alimentaire.<\/p>\n\n\n\n<div style=\"height:20px\" aria-hidden=\"true\" class=\"wp-block-spacer\"><\/div>\n\n\n\n<div class=\"wp-block-button\"><a class=\"wp-block-button__link\" href=\"https:\/\/prograin.ca\/ca\/soyas\/soya-biologique-nos-varietes\/\">NOS VARI\u00c9T\u00c9S DE SOYA BIOLOGIQUE<\/a><\/div>\n<\/div><\/div><\/li>\n\n\n\n<li><a href=\"https:\/\/prograin.ca\/ca\/fr\/soyas\/approvisionnement\/\">Approvisionnement<\/a><div class=\"prograin-home-slide dark\" style=\"color:#eeeeee;background-image:url(https:\/\/prograin.ca\/app\/uploads\/2019\/01\/soya_appro.jpg);background-size:cover\"><div class=\"verticalbg\" style=\"background-size:cover\"><\/div><div class=\"inside\" style=\"padding-right:15&nbsp;%\">\n<h2>Notre programme de rachat des r\u00e9coltes vous assure la qualit\u00e9 de notre soya<\/h2>\n\n\n\n<p>Gr\u00e2ce \u00e0 notre partenariat avec les agriculteurs, nos approvisionnements sont garantis.<\/p>\n\n\n\n<div style=\"height:20px\" aria-hidden=\"true\" class=\"wp-block-spacer\"><\/div>\n\n\n\n<div class=\"wp-block-button\"><a class=\"wp-block-button__link\" href=\"https:\/\/prograin.ca\/ca\/soyas\/approvisionnement\/\">EN SAVOIR PLUS SUR LE PROGRAMME D&#8217;APPROVISIONNEMENT<\/a><\/div>\n<\/div><\/div><\/li>\n\n\n\n<li><a href=\"https:\/\/prograin.ca\/ca\/fr\/soyas\/tracabilite\/\">Tra\u00e7abilit\u00e9<\/a><div class=\"prograin-home-slide dark\" style=\"color:#eeeeee;background-image:url(https:\/\/prograin.ca\/app\/uploads\/2019\/01\/soya_trac.jpg);background-size:cover\"><div class=\"verticalbg\" style=\"background-size:cover\"><\/div><div class=\"inside\" style=\"padding-right:15&nbsp;%\">\n<h2>Un programme de tra\u00e7abilit\u00e9 complet tout au long du cycle de production<\/h2>\n\n\n\n<p>Nous assurons un encadrement serr\u00e9 tout au long du cycle de production des vari\u00e9t\u00e9s pour une qualit\u00e9 exceptionnelle.<\/p>\n\n\n\n<div style=\"height:20px\" aria-hidden=\"true\" class=\"wp-block-spacer\"><\/div>\n\n\n\n<div class=\"wp-block-button\"><a class=\"wp-block-button__link\" href=\"https:\/\/prograin.ca\/ca\/soyas\/tracabilite\/\">EN SAVOIR PLUS SUR NOS ENGAGEMENTS<\/a><\/div>\n<\/div><\/div><\/li>\n\n\n\n<li><a href=\"https:\/\/prograin.ca\/ca\/fr\/soyas\/conditionnement\/\">Conditionnement<\/a><div class=\"prograin-home-slide dark\" style=\"color:#eeeeee;background-image:url(https:\/\/prograin.ca\/app\/uploads\/2019\/01\/soya_cond.jpg);background-size:cover\"><div class=\"verticalbg\" style=\"background-size:cover\"><\/div><div class=\"inside\" style=\"padding-right:\">\n<h2>Des installations performantes <br>\u00e0 la hauteur de notre r\u00e9putation<\/h2>\n\n\n\n<p>Notre \u00e9quipe d\u2019exp\u00e9rience a constamment \u00e0 c\u0153ur de <br>fournir un produit de qualit\u00e9!<\/p>\n\n\n\n<div style=\"height:20px\" aria-hidden=\"true\" class=\"wp-block-spacer\"><\/div>\n\n\n\n<div class=\"wp-container-3 wp-block-columns has-2-columns\">\n<div class=\"wp-container-1 wp-block-column\">\n<p><\/p>\n<\/div>\n\n\n\n<div class=\"wp-container-2 wp-block-column\">\n<p><\/p>\n<\/div>\n<\/div>\n\n\n\n<div class=\"wp-block-button\"><a class=\"wp-block-button__link\" href=\"https:\/\/prograin.ca\/ca\/soyas\/conditionnement\/\">D\u00c9COUVRIR LES \u00c9TAPES DE CONDITIONNEMENT<\/a><\/div>\n<\/div><\/div><\/li>\n\n\n\n<li><a href=\"https:\/\/prograin.ca\/ca\/fr\/soyas\/articles-soya\/\">Articles<\/a><div class=\"prograin-home-slide dark\" style=\"color:#eeeeee;background-image:url(https:\/\/prograin.ca\/app\/uploads\/2019\/01\/soya_articles.jpg);background-size:cover\"><div class=\"verticalbg\" style=\"background-size:cover\"><\/div><div class=\"inside\" style=\"padding-right:15&nbsp;%\">\n<h2>Articles<\/h2>\n\n\n\n<p> Prograin met \u00e0 votre disposition des documents facilitant le processus d\u2019achat de votre soya. <\/p>\n\n\n\n<div style=\"height:20px\" aria-hidden=\"true\" class=\"wp-block-spacer\"><\/div>\n\n\n\n<div class=\"wp-block-button\"><a class=\"wp-block-button__link\" href=\"https:\/\/prograin.ca\/ca\/fr\/blogue\/\">CONSULTEZ TOUS NOS ARTICLES<\/a><\/div>\n<\/div><\/div><\/li>\n<\/ul><\/div>\n","protected":false},"excerpt":{"rendered":"","protected":false},"author":2,"featured_media":0,"parent":0,"menu_order":10,"comment_status":"closed","ping_status":"closed","template":"accueil","meta":{"advgb_blocks_editor_width":"","advgb_blocks_columns_visual_guide":""},"yoast_head":"<!-- This site is optimized with the Yoast SEO plugin v19.11 - https:\/\/yoast.com\/wordpress\/plugins\/seo\/ -->\n<title>Prograin | Soya de qualit\u00e9 destin\u00e9 \u00e0 l\u2019alimentation<\/title>\n<meta name=\"description\" content=\"Depuis plus de 30 ans, le soya de Prograin est aussi pris\u00e9 pour ses caract\u00e9ristiques nutritionnelles que pour l\u2019approche passionn\u00e9e de son \u00e9quipe. Nous sommes partenaires de votre succ\u00e8s!\" \/>\n<meta name=\"robots\" content=\"index, follow, max-snippet:-1, max-image-preview:large, max-video-preview:-1\" \/>\n<link rel=\"canonical\" href=\"https:\/\/prograin.ca\/ca\/fr\/soyas\/\" \/>\n<meta property=\"og:locale\" content=\"fr_CA\" \/>\n<meta property=\"og:type\" content=\"article\" \/>\n<meta property=\"og:title\" content=\"Prograin | Soya de qualit\u00e9 destin\u00e9 \u00e0 l\u2019alimentation\" \/>\n<meta property=\"og:description\" content=\"Depuis plus de 30 ans, le soya de Prograin est aussi pris\u00e9 pour ses caract\u00e9ristiques nutritionnelles que pour l\u2019approche passionn\u00e9e de son \u00e9quipe. Nous sommes partenaires de votre succ\u00e8s!\" \/>\n<meta property=\"og:url\" content=\"https:\/\/prograin.ca\/ca\/fr\/soyas\/\" \/>\n<meta property=\"og:site_name\" content=\"Prograin - Canada\" \/>\n<meta property=\"article:modified_time\" content=\"2023-11-15T15:39:17+00:00\" \/>\n<meta name=\"twitter:card\" content=\"summary_large_image\" \/>\n<meta name=\"twitter:label1\" content=\"Estimation du temps de lecture\" \/>\n\t<meta name=\"twitter:data1\" content=\"2 minutes\" \/>\n<script type=\"application\/ld+json\" class=\"yoast-schema-graph\">{\"@context\":\"https:\/\/schema.org\",\"@graph\":[{\"@type\":\"WebPage\",\"@id\":\"https:\/\/prograin.ca\/ca\/fr\/soyas\/\",\"url\":\"https:\/\/prograin.ca\/ca\/fr\/soyas\/\",\"name\":\"Prograin | Soya de qualit\u00e9 destin\u00e9 \u00e0 l\u2019alimentation\",\"isPartOf\":{\"@id\":\"https:\/\/prograin.ca\/ca\/#website\"},\"datePublished\":\"2018-11-26T20:23:10+00:00\",\"dateModified\":\"2023-11-15T15:39:17+00:00\",\"description\":\"Depuis plus de 30 ans, le soya de Prograin est aussi pris\u00e9 pour ses caract\u00e9ristiques nutritionnelles que pour l\u2019approche passionn\u00e9e de son \u00e9quipe. Nous sommes partenaires de votre succ\u00e8s!\",\"breadcrumb\":{\"@id\":\"https:\/\/prograin.ca\/ca\/fr\/soyas\/#breadcrumb\"},\"inLanguage\":\"fr-CA\",\"potentialAction\":[{\"@type\":\"ReadAction\",\"target\":[\"https:\/\/prograin.ca\/ca\/fr\/soyas\/\"]}]},{\"@type\":\"BreadcrumbList\",\"@id\":\"https:\/\/prograin.ca\/ca\/fr\/soyas\/#breadcrumb\",\"itemListElement\":[{\"@type\":\"ListItem\",\"position\":1,\"name\":\"Home\",\"item\":\"https:\/\/prograin.ca\/ca\/fr\/\"},{\"@type\":\"ListItem\",\"position\":2,\"name\":\"Soya\"}]},{\"@type\":\"WebSite\",\"@id\":\"https:\/\/prograin.ca\/ca\/#website\",\"url\":\"https:\/\/prograin.ca\/ca\/\",\"name\":\"Prograin - Canada\",\"description\":\"Un site utilisant WordPress\",\"publisher\":{\"@id\":\"https:\/\/prograin.ca\/ca\/#organization\"},\"potentialAction\":[{\"@type\":\"SearchAction\",\"target\":{\"@type\":\"EntryPoint\",\"urlTemplate\":\"https:\/\/prograin.ca\/ca\/?s={search_term_string}\"},\"query-input\":\"required name=search_term_string\"}],\"inLanguage\":\"fr-CA\"},{\"@type\":\"Organization\",\"@id\":\"https:\/\/prograin.ca\/ca\/#organization\",\"name\":\"Prograin - Canada\",\"url\":\"https:\/\/prograin.ca\/ca\/\",\"logo\":{\"@type\":\"ImageObject\",\"inLanguage\":\"fr-CA\",\"@id\":\"https:\/\/prograin.ca\/ca\/#\/schema\/logo\/image\/\",\"url\":\"https:\/\/prograin.ca\/app\/uploads\/sites\/3\/2018\/11\/Prograin-logo-1.png\",\"contentUrl\":\"https:\/\/prograin.ca\/app\/uploads\/sites\/3\/2018\/11\/Prograin-logo-1.png\",\"width\":352,\"height\":85,\"caption\":\"Prograin - Canada\"},\"image\":{\"@id\":\"https:\/\/prograin.ca\/ca\/#\/schema\/logo\/image\/\"}}]}<\/script>\n<!-- \/ Yoast SEO plugin. -->","yoast_head_json":{"title":"Prograin | Soya de qualit\u00e9 destin\u00e9 \u00e0 l\u2019alimentation","description":"Depuis plus de 30 ans, le soya de Prograin est aussi pris\u00e9 pour ses caract\u00e9ristiques nutritionnelles que pour l\u2019approche passionn\u00e9e de son \u00e9quipe. Nous sommes partenaires de votre succ\u00e8s!","robots":{"index":"index","follow":"follow","max-snippet":"max-snippet:-1","max-image-preview":"max-image-preview:large","max-video-preview":"max-video-preview:-1"},"canonical":"https:\/\/prograin.ca\/ca\/fr\/soyas\/","og_locale":"fr_CA","og_type":"article","og_title":"Prograin | Soya de qualit\u00e9 destin\u00e9 \u00e0 l\u2019alimentation","og_description":"Depuis plus de 30 ans, le soya de Prograin est aussi pris\u00e9 pour ses caract\u00e9ristiques nutritionnelles que pour l\u2019approche passionn\u00e9e de son \u00e9quipe. Nous sommes partenaires de votre succ\u00e8s!","og_url":"https:\/\/prograin.ca\/ca\/fr\/soyas\/","og_site_name":"Prograin - Canada","article_modified_time":"2023-11-15T15:39:17+00:00","twitter_card":"summary_large_image","twitter_misc":{"Estimation du temps de lecture":"2 minutes"},"schema":{"@context":"https:\/\/schema.org","@graph":[{"@type":"WebPage","@id":"https:\/\/prograin.ca\/ca\/fr\/soyas\/","url":"https:\/\/prograin.ca\/ca\/fr\/soyas\/","name":"Prograin | Soya de qualit\u00e9 destin\u00e9 \u00e0 l\u2019alimentation","isPartOf":{"@id":"https:\/\/prograin.ca\/ca\/#website"},"datePublished":"2018-11-26T20:23:10+00:00","dateModified":"2023-11-15T15:39:17+00:00","description":"Depuis plus de 30 ans, le soya de Prograin est aussi pris\u00e9 pour ses caract\u00e9ristiques nutritionnelles que pour l\u2019approche passionn\u00e9e de son \u00e9quipe. Nous sommes partenaires de votre succ\u00e8s!","breadcrumb":{"@id":"https:\/\/prograin.ca\/ca\/fr\/soyas\/#breadcrumb"},"inLanguage":"fr-CA","potentialAction":[{"@type":"ReadAction","target":["https:\/\/prograin.ca\/ca\/fr\/soyas\/"]}]},{"@type":"BreadcrumbList","@id":"https:\/\/prograin.ca\/ca\/fr\/soyas\/#breadcrumb","itemListElement":[{"@type":"ListItem","position":1,"name":"Home","item":"https:\/\/prograin.ca\/ca\/fr\/"},{"@type":"ListItem","position":2,"name":"Soya"}]},{"@type":"WebSite","@id":"https:\/\/prograin.ca\/ca\/#website","url":"https:\/\/prograin.ca\/ca\/","name":"Prograin - Canada","description":"Un site utilisant WordPress","publisher":{"@id":"https:\/\/prograin.ca\/ca\/#organization"},"potentialAction":[{"@type":"SearchAction","target":{"@type":"EntryPoint","urlTemplate":"https:\/\/prograin.ca\/ca\/?s={search_term_string}"},"query-input":"required name=search_term_string"}],"inLanguage":"fr-CA"},{"@type":"Organization","@id":"https:\/\/prograin.ca\/ca\/#organization","name":"Prograin - Canada","url":"https:\/\/prograin.ca\/ca\/","logo":{"@type":"ImageObject","inLanguage":"fr-CA","@id":"https:\/\/prograin.ca\/ca\/#\/schema\/logo\/image\/","url":"https:\/\/prograin.ca\/app\/uploads\/sites\/3\/2018\/11\/Prograin-logo-1.png","contentUrl":"https:\/\/prograin.ca\/app\/uploads\/sites\/3\/2018\/11\/Prograin-logo-1.png","width":352,"height":85,"caption":"Prograin - Canada"},"image":{"@id":"https:\/\/prograin.ca\/ca\/#\/schema\/logo\/image\/"}}]}},"featured_image_urls":{"full":"","thumbnail":"","medium":"","medium_large":"","large":"","1536x1536":"","2048x2048":"","menu-24x24":"","menu-36x36":"","menu-48x48":""},"post_excerpt_stackable":"<p>Soya Prograin est une compagnie canadienne ayant la recherche, l\u2019innovation et la qualit\u00e9 au c\u0153ur de son ADN Notre soya destin\u00e9 \u00e0 la transformation pour l\u2019alimentation est aussi pris\u00e9 pour ses caract\u00e9ristiques nutritionnelles que pour l\u2019approche humaine et passionn\u00e9e de notre \u00e9quipe. NOS VARI\u00c9T\u00c9S DE SOYA SANS OGM VID\u00c9OS 3D Sans OGM Sans OGM Notre soya permet de nourrir plus de 26 millions de personnes sur la plan\u00e8te. Le tofu est le produit le plus souvent associ\u00e9 au soya, mais il y a de nombreuses autres utilisations qui sont d\u00e9riv\u00e9es de nos r\u00e9coltes. NOS VARI\u00c9T\u00c9S DE SOYA SANS OGM Biologique&hellip;<\/p>\n","category_list":"","author_info":{"name":"Jean Trudel","url":"https:\/\/prograin.ca\/ca\/author\/amazone\/"},"comments_num":"0 comments","featured_image_urls_v2":{"full":"","thumbnail":"","medium":"","medium_large":"","large":"","1536x1536":"","2048x2048":"","menu-24x24":"","menu-36x36":"","menu-48x48":""},"post_excerpt_stackable_v2":"<p>Soya Prograin est une compagnie canadienne ayant la recherche, l\u2019innovation et la qualit\u00e9 au c\u0153ur de son ADN Notre soya destin\u00e9 \u00e0 la transformation pour l\u2019alimentation est aussi pris\u00e9 pour ses caract\u00e9ristiques nutritionnelles que pour l\u2019approche humaine et passionn\u00e9e de notre \u00e9quipe. NOS VARI\u00c9T\u00c9S DE SOYA SANS OGM VID\u00c9OS 3D Sans OGM Sans OGM Notre soya permet de nourrir plus de 26 millions de personnes sur la plan\u00e8te. Le tofu est le produit le plus souvent associ\u00e9 au soya, mais il y a de nombreuses autres utilisations qui sont d\u00e9riv\u00e9es de nos r\u00e9coltes. NOS VARI\u00c9T\u00c9S DE SOYA SANS OGM Biologique&hellip;<\/p>\n","category_list_v2":"","author_info_v2":{"name":"Jean Trudel","url":"https:\/\/prograin.ca\/ca\/author\/amazone\/"},"comments_num_v2":"0 comments","coauthors":[],"author_meta":{"author_link":"https:\/\/prograin.ca\/ca\/author\/amazone\/","display_name":"Jean Trudel"},"relative_dates":{"created":"Posted 7 ann\u00e9es ago","modified":"Updated 2 ann\u00e9es ago"},"absolute_dates":{"created":"Posted on 26 novembre 2018","modified":"Updated on 15 novembre 2023"},"absolute_dates_time":{"created":"Posted on 26 novembre 2018 20 h 23 min","modified":"Updated on 15 novembre 2023 15 h 39 min"},"featured_img_caption":"","featured_img":false,"series_order":"","_links":{"self":[{"href":"https:\/\/prograin.ca\/ca\/wp-json\/wp\/v2\/pages\/569"}],"collection":[{"href":"https:\/\/prograin.ca\/ca\/wp-json\/wp\/v2\/pages"}],"about":[{"href":"https:\/\/prograin.ca\/ca\/wp-json\/wp\/v2\/types\/page"}],"author":[{"embeddable":true,"href":"https:\/\/prograin.ca\/ca\/wp-json\/wp\/v2\/users\/2"}],"replies":[{"embeddable":true,"href":"https:\/\/prograin.ca\/ca\/wp-json\/wp\/v2\/comments?post=569"}],"version-history":[{"count":94,"href":"https:\/\/prograin.ca\/ca\/wp-json\/wp\/v2\/pages\/569\/revisions"}],"predecessor-version":[{"id":26149,"href":"https:\/\/prograin.ca\/ca\/wp-json\/wp\/v2\/pages\/569\/revisions\/26149"}],"wp:attachment":[{"href":"https:\/\/prograin.ca\/ca\/wp-json\/wp\/v2\/media?parent=569"}],"curies":[{"name":"wp","href":"https:\/\/api.w.org\/{rel}","templated":true}]}}