
{"id":19835,"date":"2019-02-05T15:55:01","date_gmt":"2019-02-05T15:55:01","guid":{"rendered":"https:\/\/prograin.ca\/entreprise-2\/"},"modified":"2019-03-21T20:13:08","modified_gmt":"2019-03-21T20:13:08","slug":"company","status":"publish","type":"page","link":"https:\/\/prograin.ca\/international\/en\/company\/","title":{"rendered":"The Company"},"content":{"rendered":"\n<div class=\"wp-block-prograin-section-block alignfull prograin-home\"><ul class=\"subsection\">\n<li class=\"PageTitle\"><h1>The Company<\/h1><div class=\"prograin-home-slide dark verticalbg\" style=\"color:#eeeeee;background-image:url(https:\/\/prograin.ca\/app\/uploads\/2019\/01\/entreprise_bg.jpg);background-size:cover\"><div class=\"verticalbg\" style=\"background-image:url(https:\/\/prograin.ca\/app\/uploads\/2019\/01\/accueil_entreprise.jpg);background-size:cover\"><\/div><div class=\"inside\" style=\"padding-right:\">\n<h2>Our expertise at your service<\/h2>\n\n\n\n<div class=\"wp-container-3 wp-block-columns has-2-columns\">\n<div class=\"wp-container-1 wp-block-column\">\n<p>Proudly sharing our expertise since 1980. <br>Our company values shape our identity and guide all our decisions. <\/p>\n<\/div>\n\n\n\n<div class=\"wp-container-2 wp-block-column\"><\/div>\n<\/div>\n\n\n\n<div style=\"height:20px\" aria-hidden=\"true\" class=\"wp-block-spacer\"><\/div>\n\n\n\n<div class=\"wp-block-button is-style-squared\"><a class=\"wp-block-button__link\" href=\"https:\/\/prograin.ca\/international\/company\/about-us\/\">FIND OUT MORE<\/a><\/div>\n<\/div><\/div><\/li>\n\n\n\n<li><a href=\"https:\/\/prograin.ca\/international\/en\/company\/about-us\/\">About Us<\/a><div class=\"prograin-home-slide dark\" style=\"color:#eeeeee;background-image:url(https:\/\/prograin.ca\/app\/uploads\/2019\/01\/a-propos_bg.jpg);background-size:cover;background-position:34.008097165991906&nbsp;% 65.18218623481782&nbsp;%\"><div class=\"verticalbg\" style=\"background-size:cover\"><\/div><div class=\"inside\" style=\"padding-right:\">\n<h2>Our mission<\/h2>\n\n\n\n<p>Develop, condition, process, and efficiently market soybeans of superior quality to satisfy the specific needs of our agricultural and commercial customers.<\/p>\n\n\n\n<div style=\"height:20px\" aria-hidden=\"true\" class=\"wp-block-spacer\"><\/div>\n\n\n\n<div class=\"wp-block-button is-style-squared\"><a class=\"wp-block-button__link\" href=\"https:\/\/prograin.ca\/international\/company\/about-us\/\">FIND OUT MORE<\/a><\/div>\n<\/div><\/div><\/li>\n\n\n\n<li><a href=\"https:\/\/prograin.ca\/international\/en\/company\/team\/\">Team<\/a><div class=\"prograin-home-slide dark\" style=\"color:#eeeeee;background-image:url(https:\/\/prograin.ca\/app\/uploads\/2019\/01\/equipe_bg.jpg);background-size:cover;background-position:51.821862348178136&nbsp;% 57.89473684210526&nbsp;%\"><div class=\"verticalbg\" style=\"background-size:cover\"><\/div><div class=\"inside\" style=\"padding-right:\">\n<h2>Team<\/h2>\n\n\n\n<p>Dynamic, proactive, and known for their expertise and professionalism, all members of our big family share a true passion for soybeans.<\/p>\n\n\n\n<div style=\"height:20px\" aria-hidden=\"true\" class=\"wp-block-spacer\"><\/div>\n\n\n\n<div class=\"wp-block-button is-style-squared\"><a class=\"wp-block-button__link\" href=\"https:\/\/prograin.ca\/international\/company\/team\/\">FIND OUT MORE<br><\/a><\/div>\n<\/div><\/div><\/li>\n<\/ul><\/div>\n","protected":false},"excerpt":{"rendered":"","protected":false},"author":1,"featured_media":0,"parent":0,"menu_order":2,"comment_status":"closed","ping_status":"closed","template":"accueil","meta":{"advgb_blocks_editor_width":"","advgb_blocks_columns_visual_guide":""},"yoast_head":"<!-- This site is optimized with the Yoast SEO plugin v19.11 - https:\/\/yoast.com\/wordpress\/plugins\/seo\/ -->\n<title>Prograin | The largest private value-added soybean company in Canada<\/title>\n<meta name=\"description\" content=\"Prograin boasts outstanding expertise and advanced technologies in the development, conditioning, processing, and marketing of superior quality soybeans.\" \/>\n<meta name=\"robots\" content=\"index, follow, max-snippet:-1, max-image-preview:large, max-video-preview:-1\" \/>\n<link rel=\"canonical\" href=\"https:\/\/prograin.ca\/international\/en\/company\/\" \/>\n<meta property=\"og:locale\" content=\"fr_CA\" \/>\n<meta property=\"og:type\" content=\"article\" \/>\n<meta property=\"og:title\" content=\"Prograin | The largest private value-added soybean company in Canada\" \/>\n<meta property=\"og:description\" content=\"Prograin boasts outstanding expertise and advanced technologies in the development, conditioning, processing, and marketing of superior quality soybeans.\" \/>\n<meta property=\"og:url\" content=\"https:\/\/prograin.ca\/international\/en\/company\/\" \/>\n<meta property=\"og:site_name\" content=\"International\" \/>\n<meta property=\"article:modified_time\" content=\"2019-03-21T20:13:08+00:00\" \/>\n<meta name=\"twitter:card\" content=\"summary_large_image\" \/>\n<script type=\"application\/ld+json\" class=\"yoast-schema-graph\">{\"@context\":\"https:\/\/schema.org\",\"@graph\":[{\"@type\":\"WebPage\",\"@id\":\"https:\/\/prograin.ca\/international\/en\/company\/\",\"url\":\"https:\/\/prograin.ca\/international\/en\/company\/\",\"name\":\"Prograin | The largest private value-added soybean company in Canada\",\"isPartOf\":{\"@id\":\"https:\/\/prograin.ca\/international\/#website\"},\"datePublished\":\"2019-02-05T15:55:01+00:00\",\"dateModified\":\"2019-03-21T20:13:08+00:00\",\"description\":\"Prograin boasts outstanding expertise and advanced technologies in the development, conditioning, processing, and marketing of superior quality soybeans.\",\"breadcrumb\":{\"@id\":\"https:\/\/prograin.ca\/international\/en\/company\/#breadcrumb\"},\"inLanguage\":\"fr-CA\",\"potentialAction\":[{\"@type\":\"ReadAction\",\"target\":[\"https:\/\/prograin.ca\/international\/en\/company\/\"]}]},{\"@type\":\"BreadcrumbList\",\"@id\":\"https:\/\/prograin.ca\/international\/en\/company\/#breadcrumb\",\"itemListElement\":[{\"@type\":\"ListItem\",\"position\":1,\"name\":\"Home\",\"item\":\"https:\/\/prograin.ca\/international\/fr\/\"},{\"@type\":\"ListItem\",\"position\":2,\"name\":\"The Company\"}]},{\"@type\":\"WebSite\",\"@id\":\"https:\/\/prograin.ca\/international\/#website\",\"url\":\"https:\/\/prograin.ca\/international\/\",\"name\":\"International\",\"description\":\"Un site utilisant WordPress\",\"publisher\":{\"@id\":\"https:\/\/prograin.ca\/international\/#organization\"},\"potentialAction\":[{\"@type\":\"SearchAction\",\"target\":{\"@type\":\"EntryPoint\",\"urlTemplate\":\"https:\/\/prograin.ca\/international\/?s={search_term_string}\"},\"query-input\":\"required name=search_term_string\"}],\"inLanguage\":\"fr-CA\"},{\"@type\":\"Organization\",\"@id\":\"https:\/\/prograin.ca\/international\/#organization\",\"name\":\"International\",\"url\":\"https:\/\/prograin.ca\/international\/\",\"logo\":{\"@type\":\"ImageObject\",\"inLanguage\":\"fr-CA\",\"@id\":\"https:\/\/prograin.ca\/international\/#\/schema\/logo\/image\/\",\"url\":\"https:\/\/prograin.ca\/app\/uploads\/sites\/5\/2018\/11\/Prograin-logo-1.png\",\"contentUrl\":\"https:\/\/prograin.ca\/app\/uploads\/sites\/5\/2018\/11\/Prograin-logo-1.png\",\"width\":352,\"height\":85,\"caption\":\"International\"},\"image\":{\"@id\":\"https:\/\/prograin.ca\/international\/#\/schema\/logo\/image\/\"}}]}<\/script>\n<!-- \/ Yoast SEO plugin. -->","yoast_head_json":{"title":"Prograin | The largest private value-added soybean company in Canada","description":"Prograin boasts outstanding expertise and advanced technologies in the development, conditioning, processing, and marketing of superior quality soybeans.","robots":{"index":"index","follow":"follow","max-snippet":"max-snippet:-1","max-image-preview":"max-image-preview:large","max-video-preview":"max-video-preview:-1"},"canonical":"https:\/\/prograin.ca\/international\/en\/company\/","og_locale":"fr_CA","og_type":"article","og_title":"Prograin | The largest private value-added soybean company in Canada","og_description":"Prograin boasts outstanding expertise and advanced technologies in the development, conditioning, processing, and marketing of superior quality soybeans.","og_url":"https:\/\/prograin.ca\/international\/en\/company\/","og_site_name":"International","article_modified_time":"2019-03-21T20:13:08+00:00","twitter_card":"summary_large_image","schema":{"@context":"https:\/\/schema.org","@graph":[{"@type":"WebPage","@id":"https:\/\/prograin.ca\/international\/en\/company\/","url":"https:\/\/prograin.ca\/international\/en\/company\/","name":"Prograin | The largest private value-added soybean company in Canada","isPartOf":{"@id":"https:\/\/prograin.ca\/international\/#website"},"datePublished":"2019-02-05T15:55:01+00:00","dateModified":"2019-03-21T20:13:08+00:00","description":"Prograin boasts outstanding expertise and advanced technologies in the development, conditioning, processing, and marketing of superior quality soybeans.","breadcrumb":{"@id":"https:\/\/prograin.ca\/international\/en\/company\/#breadcrumb"},"inLanguage":"fr-CA","potentialAction":[{"@type":"ReadAction","target":["https:\/\/prograin.ca\/international\/en\/company\/"]}]},{"@type":"BreadcrumbList","@id":"https:\/\/prograin.ca\/international\/en\/company\/#breadcrumb","itemListElement":[{"@type":"ListItem","position":1,"name":"Home","item":"https:\/\/prograin.ca\/international\/fr\/"},{"@type":"ListItem","position":2,"name":"The Company"}]},{"@type":"WebSite","@id":"https:\/\/prograin.ca\/international\/#website","url":"https:\/\/prograin.ca\/international\/","name":"International","description":"Un site utilisant WordPress","publisher":{"@id":"https:\/\/prograin.ca\/international\/#organization"},"potentialAction":[{"@type":"SearchAction","target":{"@type":"EntryPoint","urlTemplate":"https:\/\/prograin.ca\/international\/?s={search_term_string}"},"query-input":"required name=search_term_string"}],"inLanguage":"fr-CA"},{"@type":"Organization","@id":"https:\/\/prograin.ca\/international\/#organization","name":"International","url":"https:\/\/prograin.ca\/international\/","logo":{"@type":"ImageObject","inLanguage":"fr-CA","@id":"https:\/\/prograin.ca\/international\/#\/schema\/logo\/image\/","url":"https:\/\/prograin.ca\/app\/uploads\/sites\/5\/2018\/11\/Prograin-logo-1.png","contentUrl":"https:\/\/prograin.ca\/app\/uploads\/sites\/5\/2018\/11\/Prograin-logo-1.png","width":352,"height":85,"caption":"International"},"image":{"@id":"https:\/\/prograin.ca\/international\/#\/schema\/logo\/image\/"}}]}},"featured_image_urls":{"full":"","thumbnail":"","medium":"","medium_large":"","large":"","1536x1536":"","2048x2048":"","menu-24x24":"","menu-36x36":"","menu-48x48":""},"post_excerpt_stackable":"<p>The Company Our expertise at your service Proudly sharing our expertise since 1980. Our company values shape our identity and guide all our decisions. FIND OUT MORE About Us Our mission Develop, condition, process, and efficiently market soybeans of superior quality to satisfy the specific needs of our agricultural and commercial customers. FIND OUT MORE Team Team Dynamic, proactive, and known for their expertise and professionalism, all members of our big family share a true passion for soybeans. FIND OUT MORE<\/p>\n","category_list":"","author_info":{"name":"developpe","url":"https:\/\/prograin.ca\/international\/author\/developpe\/"},"comments_num":"0 comments","featured_image_urls_v2":{"full":"","thumbnail":"","medium":"","medium_large":"","large":"","1536x1536":"","2048x2048":"","menu-24x24":"","menu-36x36":"","menu-48x48":""},"post_excerpt_stackable_v2":"<p>The Company Our expertise at your service Proudly sharing our expertise since 1980. Our company values shape our identity and guide all our decisions. FIND OUT MORE About Us Our mission Develop, condition, process, and efficiently market soybeans of superior quality to satisfy the specific needs of our agricultural and commercial customers. FIND OUT MORE Team Team Dynamic, proactive, and known for their expertise and professionalism, all members of our big family share a true passion for soybeans. FIND OUT MORE<\/p>\n","category_list_v2":"","author_info_v2":{"name":"developpe","url":"https:\/\/prograin.ca\/international\/author\/developpe\/"},"comments_num_v2":"0 comments","coauthors":[],"author_meta":{"author_link":"https:\/\/prograin.ca\/international\/author\/developpe\/","display_name":"developpe"},"relative_dates":{"created":"Posted 7 ann\u00e9es ago","modified":"Updated 7 ann\u00e9es ago"},"absolute_dates":{"created":"Posted on 5 f\u00e9vrier 2019","modified":"Updated on 21 mars 2019"},"absolute_dates_time":{"created":"Posted on 5 f\u00e9vrier 2019 15 h 55 min","modified":"Updated on 21 mars 2019 20 h 13 min"},"featured_img_caption":"","featured_img":false,"series_order":"","_links":{"self":[{"href":"https:\/\/prograin.ca\/international\/wp-json\/wp\/v2\/pages\/19835"}],"collection":[{"href":"https:\/\/prograin.ca\/international\/wp-json\/wp\/v2\/pages"}],"about":[{"href":"https:\/\/prograin.ca\/international\/wp-json\/wp\/v2\/types\/page"}],"author":[{"embeddable":true,"href":"https:\/\/prograin.ca\/international\/wp-json\/wp\/v2\/users\/1"}],"replies":[{"embeddable":true,"href":"https:\/\/prograin.ca\/international\/wp-json\/wp\/v2\/comments?post=19835"}],"version-history":[{"count":18,"href":"https:\/\/prograin.ca\/international\/wp-json\/wp\/v2\/pages\/19835\/revisions"}],"predecessor-version":[{"id":22653,"href":"https:\/\/prograin.ca\/international\/wp-json\/wp\/v2\/pages\/19835\/revisions\/22653"}],"wp:attachment":[{"href":"https:\/\/prograin.ca\/international\/wp-json\/wp\/v2\/media?parent=19835"}],"curies":[{"name":"wp","href":"https:\/\/api.w.org\/{rel}","templated":true}]}}