
{"id":19853,"date":"2019-02-05T16:32:32","date_gmt":"2019-02-05T16:32:32","guid":{"rendered":"https:\/\/prograin.ca\/recherche_et_developpement\/recherche-et-developpement-soya-alimentaire-2\/"},"modified":"2019-03-21T18:23:51","modified_gmt":"2019-03-21T18:23:51","slug":"recherche-et-developpement-soya-alimentaire","status":"publish","type":"page","link":"https:\/\/prograin.ca\/international\/fr\/recherche_et_developpement\/recherche-et-developpement-soya-alimentaire\/","title":{"rendered":"Soya alimentaire"},"content":{"rendered":"\n<div class=\"wp-block-balise-section-block alignfull _sectionblock has-1-columns no-title\">\n<div class=\" verticalbg\" style=\"color:#ffffff;background-image:url(https:\/\/prograin.ca\/app\/uploads\/2019\/01\/Groupe-1454.jpg);background-size:cover;padding-top:60px;padding-bottom:150px;padding-left:10px;padding-right:10px\"><div class=\"verticalbg\" style=\"background-image:url(https:\/\/prograin.ca\/app\/uploads\/2019\/03\/header_soya_alimentaire_vertical.jpg);background-size:cover\"><\/div><div class=\"inside\" style=\"margin:0 auto;max-width:\">\n<h2>La qualit\u00e9 du produit final<\/h2>\n\n\n\n<div class=\"wp-container-3 wp-block-columns has-2-columns\">\n<div class=\"wp-container-1 wp-block-column\">\n<p>\n\n Nous portons une attention particuli\u00e8re \u00e0 la qualit\u00e9 du produit final aupr\u00e8s de nos clients. Dans cette optique, nous avons mis en place un protocole de recherche exclusif qui nous permet de fabriquer du tofu sur une base exp\u00e9rimentale, et ce, dans le respect le plus strict des normes de nos clients. \n\n<\/p>\n<\/div>\n\n\n\n<div class=\"wp-container-2 wp-block-column\">\n<p><\/p>\n<\/div>\n<\/div>\n<\/div><\/div>\n<\/div>\n\n\n\n<div class=\"wp-container-6 wp-block-columns has-2-columns\">\n<div class=\"wp-container-4 wp-block-column\">\n<p><\/p>\n<\/div>\n\n\n\n<div class=\"wp-container-5 wp-block-column\"><\/div>\n<\/div>\n\n\n\n<div class=\"wp-block-balise-section-block alignfull _sectionblock has-1-columns\">\n<div class=\"\" style=\"background-size:cover;padding-top:60px;padding-bottom:60px;padding-left:10px;padding-right:10px\"><div class=\"verticalbg\" style=\"background-size:cover\"><\/div><div class=\"inside\" style=\"margin:0 auto\">\n<div class=\"wp-container-11 wp-block-columns has-4-columns\">\n<div class=\"wp-container-7 wp-block-column\">\n<p>Nous avons mis au point un\nsavoir-faire unique pour tester la boisson et les germes de soya. Nous\nposs\u00e9dons les \u00e9quipements n\u00e9cessaires pour faire des analyses vari\u00e9es sur les\ngrains de soya, la boisson et le tofu comme&nbsp;:<\/p>\n<\/div>\n\n\n\n<div class=\"wp-container-8 wp-block-column\">\n<ul><li>la\nprot\u00e9ine<\/li><li>le sucre<\/li><li>le\nstachyose<\/li><\/ul>\n<\/div>\n\n\n\n<div class=\"wp-container-9 wp-block-column\">\n<ul><li>l&#8217;huile<\/li><li>le degr\u00e9 Brix<\/li><li>la mati\u00e8re s\u00e8che<\/li><\/ul>\n<\/div>\n\n\n\n<div class=\"wp-container-10 wp-block-column\">\n<ul><li>les couleurs (L, a, b)<\/li><li>le taux d\u2019absorption d\u2019eau<\/li><li>le test de trempage<\/li><\/ul>\n<\/div>\n<\/div>\n<\/div><\/div>\n<\/div>\n\n\n\n<div class=\"wp-block-balise-section-block alignfull _sectionblock has-1-columns hide-mobile, hide-tablet\">\n<div class=\"\" style=\"background-size:cover;padding-top:200px;padding-bottom:200px;padding-left:10px;padding-right:10px\"><div class=\"verticalbg\" style=\"background-size:cover\"><\/div><iframe class=\"videobg\" src=\"https:\/\/player.vimeo.com\/video\/323520904?background=1&amp;autoplay=1&amp;byline=0&amp;title=0&amp;muted=1\" frameborder=\"0\" allowfullscreen><\/iframe><div class=\"inside\" style=\"margin:0 auto\">\n<p>        <\/p>\n<\/div><\/div>\n<\/div>\n\n\n\n<div class=\"wp-block-balise-section-block alignfull _sectionblock has-2-columns hide-mobile, hide-tablet\">\n<div class=\"\" style=\"background-size:cover;padding-top:60px;padding-bottom:60px;padding-left:10px;padding-right:10px\"><div class=\"verticalbg\" style=\"background-size:cover\"><\/div><div class=\"inside\" style=\"margin:0 auto\">\n<p>Cette d\u00e9marche essentielle\ncontribue au d\u00e9veloppement des meilleures vari\u00e9t\u00e9s non seulement pour l\u2019agriculteur,\nmais aussi pour satisfaire aux demandes pr\u00e9cises de nos clients qui\ntransforment le soya.<\/p>\n<\/div><\/div>\n\n\n\n<div class=\"\" style=\"background-size:cover;padding-top:60px;padding-bottom:60px;padding-left:10px;padding-right:10px\"><div class=\"verticalbg\" style=\"background-size:cover\"><\/div><div class=\"inside\" style=\"margin:0 auto\"><\/div><\/div>\n<\/div>\n\n\n\n<div class=\"wp-block-balise-section-block alignfull _sectionblock has-1-columns\">\n<div class=\"\" style=\"color:#ffffff;background-image:url(https:\/\/prograin.ca\/app\/uploads\/2019\/01\/recherche_soya_trac-1.jpg);background-size:cover;padding-top:20px;padding-bottom:200px;padding-left:10px;padding-right:10px\"><div class=\"verticalbg\" style=\"background-size:cover\"><\/div><div class=\"inside\" style=\"margin:0 auto\">\n<h3 class=\"is-style-orange\">Importance de la tra\u00e7abilit\u00e9  <\/h3>\n\n\n\n<hr class=\"wp-block-separator\"\/>\n\n\n\n<div class=\"wp-container-14 wp-block-columns has-2-columns\">\n<div class=\"wp-container-12 wp-block-column\">\n<p>Toute l\u2019\u00e9quipe de Prograin est consciente que nos produits sont destin\u00e9s \u00e0 l\u2019alimentation humaine. Nos recherches sont orient\u00e9es afin de toujours proposer plus de qualit\u00e9, plus de performance et plus de satisfaction.<\/p>\n\n\n\n<p><span style=\"color:#ff671a\" class=\"color\"><a href=\"https:\/\/prograin.ca\/international\/soyas\/tracabilite\/\">En savoir plus sur nos engagements en tra\u00e7abilit\u00e9<\/a><\/span><\/p>\n<\/div>\n\n\n\n<div class=\"wp-container-13 wp-block-column\"><\/div>\n<\/div>\n\n\n\n<p><\/p>\n<\/div><\/div>\n<\/div>\n","protected":false},"excerpt":{"rendered":"","protected":false},"author":1,"featured_media":0,"parent":505,"menu_order":1,"comment_status":"closed","ping_status":"closed","template":"","meta":{"advgb_blocks_editor_width":"","advgb_blocks_columns_visual_guide":""},"yoast_head":"<!-- This site is optimized with the Yoast SEO plugin v19.11 - https:\/\/yoast.com\/wordpress\/plugins\/seo\/ -->\n<title>Prograin | La recherche et d\u00e9veloppement en soya alimentaire<\/title>\n<meta name=\"description\" content=\"Le d\u00e9veloppement de nouvelles vari\u00e9t\u00e9s de soya performantes destin\u00e9es \u00e0 l\u2019alimentation humaine pour r\u00e9pondre aux besoins des clients est essentiel pour Prograin. D\u00e9couvrez nos engagements.\" \/>\n<meta name=\"robots\" content=\"index, follow, max-snippet:-1, max-image-preview:large, max-video-preview:-1\" \/>\n<link rel=\"canonical\" href=\"https:\/\/prograin.ca\/international\/fr\/recherche_et_developpement\/recherche-et-developpement-soya-alimentaire\/\" \/>\n<meta property=\"og:locale\" content=\"fr_CA\" \/>\n<meta property=\"og:type\" content=\"article\" \/>\n<meta property=\"og:title\" content=\"Prograin | La recherche et d\u00e9veloppement en soya alimentaire\" \/>\n<meta property=\"og:description\" content=\"Le d\u00e9veloppement de nouvelles vari\u00e9t\u00e9s de soya performantes destin\u00e9es \u00e0 l\u2019alimentation humaine pour r\u00e9pondre aux besoins des clients est essentiel pour Prograin. D\u00e9couvrez nos engagements.\" \/>\n<meta property=\"og:url\" content=\"https:\/\/prograin.ca\/international\/fr\/recherche_et_developpement\/recherche-et-developpement-soya-alimentaire\/\" \/>\n<meta property=\"og:site_name\" content=\"International\" \/>\n<meta property=\"article:modified_time\" content=\"2019-03-21T18:23:51+00:00\" \/>\n<meta name=\"twitter:card\" content=\"summary_large_image\" \/>\n<meta name=\"twitter:label1\" content=\"Estimation du temps de lecture\" \/>\n\t<meta name=\"twitter:data1\" content=\"1 minute\" \/>\n<script type=\"application\/ld+json\" class=\"yoast-schema-graph\">{\"@context\":\"https:\/\/schema.org\",\"@graph\":[{\"@type\":\"WebPage\",\"@id\":\"https:\/\/prograin.ca\/international\/fr\/recherche_et_developpement\/recherche-et-developpement-soya-alimentaire\/\",\"url\":\"https:\/\/prograin.ca\/international\/fr\/recherche_et_developpement\/recherche-et-developpement-soya-alimentaire\/\",\"name\":\"Prograin | La recherche et d\u00e9veloppement en soya alimentaire\",\"isPartOf\":{\"@id\":\"https:\/\/prograin.ca\/international\/#website\"},\"datePublished\":\"2019-02-05T16:32:32+00:00\",\"dateModified\":\"2019-03-21T18:23:51+00:00\",\"description\":\"Le d\u00e9veloppement de nouvelles vari\u00e9t\u00e9s de soya performantes destin\u00e9es \u00e0 l\u2019alimentation humaine pour r\u00e9pondre aux besoins des clients est essentiel pour Prograin. D\u00e9couvrez nos engagements.\",\"breadcrumb\":{\"@id\":\"https:\/\/prograin.ca\/international\/fr\/recherche_et_developpement\/recherche-et-developpement-soya-alimentaire\/#breadcrumb\"},\"inLanguage\":\"fr-CA\",\"potentialAction\":[{\"@type\":\"ReadAction\",\"target\":[\"https:\/\/prograin.ca\/international\/fr\/recherche_et_developpement\/recherche-et-developpement-soya-alimentaire\/\"]}]},{\"@type\":\"BreadcrumbList\",\"@id\":\"https:\/\/prograin.ca\/international\/fr\/recherche_et_developpement\/recherche-et-developpement-soya-alimentaire\/#breadcrumb\",\"itemListElement\":[{\"@type\":\"ListItem\",\"position\":1,\"name\":\"Home\",\"item\":\"https:\/\/prograin.ca\/international\/fr\/\"},{\"@type\":\"ListItem\",\"position\":2,\"name\":\"Recherche et d\u00e9veloppement\",\"item\":\"https:\/\/prograin.ca\/international\/fr\/recherche_et_developpement\/\"},{\"@type\":\"ListItem\",\"position\":3,\"name\":\"Soya alimentaire\"}]},{\"@type\":\"WebSite\",\"@id\":\"https:\/\/prograin.ca\/international\/#website\",\"url\":\"https:\/\/prograin.ca\/international\/\",\"name\":\"International\",\"description\":\"Un site utilisant WordPress\",\"publisher\":{\"@id\":\"https:\/\/prograin.ca\/international\/#organization\"},\"potentialAction\":[{\"@type\":\"SearchAction\",\"target\":{\"@type\":\"EntryPoint\",\"urlTemplate\":\"https:\/\/prograin.ca\/international\/?s={search_term_string}\"},\"query-input\":\"required name=search_term_string\"}],\"inLanguage\":\"fr-CA\"},{\"@type\":\"Organization\",\"@id\":\"https:\/\/prograin.ca\/international\/#organization\",\"name\":\"International\",\"url\":\"https:\/\/prograin.ca\/international\/\",\"logo\":{\"@type\":\"ImageObject\",\"inLanguage\":\"fr-CA\",\"@id\":\"https:\/\/prograin.ca\/international\/#\/schema\/logo\/image\/\",\"url\":\"https:\/\/prograin.ca\/app\/uploads\/sites\/5\/2018\/11\/Prograin-logo-1.png\",\"contentUrl\":\"https:\/\/prograin.ca\/app\/uploads\/sites\/5\/2018\/11\/Prograin-logo-1.png\",\"width\":352,\"height\":85,\"caption\":\"International\"},\"image\":{\"@id\":\"https:\/\/prograin.ca\/international\/#\/schema\/logo\/image\/\"}}]}<\/script>\n<!-- \/ Yoast SEO plugin. -->","yoast_head_json":{"title":"Prograin | La recherche et d\u00e9veloppement en soya alimentaire","description":"Le d\u00e9veloppement de nouvelles vari\u00e9t\u00e9s de soya performantes destin\u00e9es \u00e0 l\u2019alimentation humaine pour r\u00e9pondre aux besoins des clients est essentiel pour Prograin. D\u00e9couvrez nos engagements.","robots":{"index":"index","follow":"follow","max-snippet":"max-snippet:-1","max-image-preview":"max-image-preview:large","max-video-preview":"max-video-preview:-1"},"canonical":"https:\/\/prograin.ca\/international\/fr\/recherche_et_developpement\/recherche-et-developpement-soya-alimentaire\/","og_locale":"fr_CA","og_type":"article","og_title":"Prograin | La recherche et d\u00e9veloppement en soya alimentaire","og_description":"Le d\u00e9veloppement de nouvelles vari\u00e9t\u00e9s de soya performantes destin\u00e9es \u00e0 l\u2019alimentation humaine pour r\u00e9pondre aux besoins des clients est essentiel pour Prograin. D\u00e9couvrez nos engagements.","og_url":"https:\/\/prograin.ca\/international\/fr\/recherche_et_developpement\/recherche-et-developpement-soya-alimentaire\/","og_site_name":"International","article_modified_time":"2019-03-21T18:23:51+00:00","twitter_card":"summary_large_image","twitter_misc":{"Estimation du temps de lecture":"1 minute"},"schema":{"@context":"https:\/\/schema.org","@graph":[{"@type":"WebPage","@id":"https:\/\/prograin.ca\/international\/fr\/recherche_et_developpement\/recherche-et-developpement-soya-alimentaire\/","url":"https:\/\/prograin.ca\/international\/fr\/recherche_et_developpement\/recherche-et-developpement-soya-alimentaire\/","name":"Prograin | La recherche et d\u00e9veloppement en soya alimentaire","isPartOf":{"@id":"https:\/\/prograin.ca\/international\/#website"},"datePublished":"2019-02-05T16:32:32+00:00","dateModified":"2019-03-21T18:23:51+00:00","description":"Le d\u00e9veloppement de nouvelles vari\u00e9t\u00e9s de soya performantes destin\u00e9es \u00e0 l\u2019alimentation humaine pour r\u00e9pondre aux besoins des clients est essentiel pour Prograin. D\u00e9couvrez nos engagements.","breadcrumb":{"@id":"https:\/\/prograin.ca\/international\/fr\/recherche_et_developpement\/recherche-et-developpement-soya-alimentaire\/#breadcrumb"},"inLanguage":"fr-CA","potentialAction":[{"@type":"ReadAction","target":["https:\/\/prograin.ca\/international\/fr\/recherche_et_developpement\/recherche-et-developpement-soya-alimentaire\/"]}]},{"@type":"BreadcrumbList","@id":"https:\/\/prograin.ca\/international\/fr\/recherche_et_developpement\/recherche-et-developpement-soya-alimentaire\/#breadcrumb","itemListElement":[{"@type":"ListItem","position":1,"name":"Home","item":"https:\/\/prograin.ca\/international\/fr\/"},{"@type":"ListItem","position":2,"name":"Recherche et d\u00e9veloppement","item":"https:\/\/prograin.ca\/international\/fr\/recherche_et_developpement\/"},{"@type":"ListItem","position":3,"name":"Soya alimentaire"}]},{"@type":"WebSite","@id":"https:\/\/prograin.ca\/international\/#website","url":"https:\/\/prograin.ca\/international\/","name":"International","description":"Un site utilisant WordPress","publisher":{"@id":"https:\/\/prograin.ca\/international\/#organization"},"potentialAction":[{"@type":"SearchAction","target":{"@type":"EntryPoint","urlTemplate":"https:\/\/prograin.ca\/international\/?s={search_term_string}"},"query-input":"required name=search_term_string"}],"inLanguage":"fr-CA"},{"@type":"Organization","@id":"https:\/\/prograin.ca\/international\/#organization","name":"International","url":"https:\/\/prograin.ca\/international\/","logo":{"@type":"ImageObject","inLanguage":"fr-CA","@id":"https:\/\/prograin.ca\/international\/#\/schema\/logo\/image\/","url":"https:\/\/prograin.ca\/app\/uploads\/sites\/5\/2018\/11\/Prograin-logo-1.png","contentUrl":"https:\/\/prograin.ca\/app\/uploads\/sites\/5\/2018\/11\/Prograin-logo-1.png","width":352,"height":85,"caption":"International"},"image":{"@id":"https:\/\/prograin.ca\/international\/#\/schema\/logo\/image\/"}}]}},"featured_image_urls":{"full":"","thumbnail":"","medium":"","medium_large":"","large":"","1536x1536":"","2048x2048":"","menu-24x24":"","menu-36x36":"","menu-48x48":""},"post_excerpt_stackable":"<p>La qualit\u00e9 du produit final Nous portons une attention particuli\u00e8re \u00e0 la qualit\u00e9 du produit final aupr\u00e8s de nos clients. Dans cette optique, nous avons mis en place un protocole de recherche exclusif qui nous permet de fabriquer du tofu sur une base exp\u00e9rimentale, et ce, dans le respect le plus strict des normes de nos clients. Nous avons mis au point un savoir-faire unique pour tester la boisson et les germes de soya. Nous poss\u00e9dons les \u00e9quipements n\u00e9cessaires pour faire des analyses vari\u00e9es sur les grains de soya, la boisson et le tofu comme&nbsp;: la prot\u00e9inele sucrele stachyose l&#8217;huilele&hellip;<\/p>\n","category_list":"","author_info":{"name":"developpe","url":"https:\/\/prograin.ca\/international\/author\/developpe\/"},"comments_num":"0 comments","featured_image_urls_v2":{"full":"","thumbnail":"","medium":"","medium_large":"","large":"","1536x1536":"","2048x2048":"","menu-24x24":"","menu-36x36":"","menu-48x48":""},"post_excerpt_stackable_v2":"<p>La qualit\u00e9 du produit final Nous portons une attention particuli\u00e8re \u00e0 la qualit\u00e9 du produit final aupr\u00e8s de nos clients. Dans cette optique, nous avons mis en place un protocole de recherche exclusif qui nous permet de fabriquer du tofu sur une base exp\u00e9rimentale, et ce, dans le respect le plus strict des normes de nos clients. Nous avons mis au point un savoir-faire unique pour tester la boisson et les germes de soya. Nous poss\u00e9dons les \u00e9quipements n\u00e9cessaires pour faire des analyses vari\u00e9es sur les grains de soya, la boisson et le tofu comme&nbsp;: la prot\u00e9inele sucrele stachyose l&#8217;huilele&hellip;<\/p>\n","category_list_v2":"","author_info_v2":{"name":"developpe","url":"https:\/\/prograin.ca\/international\/author\/developpe\/"},"comments_num_v2":"0 comments","coauthors":[],"author_meta":{"author_link":"https:\/\/prograin.ca\/international\/author\/developpe\/","display_name":"developpe"},"relative_dates":{"created":"Posted 7 ann\u00e9es ago","modified":"Updated 7 ann\u00e9es ago"},"absolute_dates":{"created":"Posted on 5 f\u00e9vrier 2019","modified":"Updated on 21 mars 2019"},"absolute_dates_time":{"created":"Posted on 5 f\u00e9vrier 2019 16 h 32 min","modified":"Updated on 21 mars 2019 18 h 23 min"},"featured_img_caption":"","featured_img":false,"series_order":"","_links":{"self":[{"href":"https:\/\/prograin.ca\/international\/wp-json\/wp\/v2\/pages\/19853"}],"collection":[{"href":"https:\/\/prograin.ca\/international\/wp-json\/wp\/v2\/pages"}],"about":[{"href":"https:\/\/prograin.ca\/international\/wp-json\/wp\/v2\/types\/page"}],"author":[{"embeddable":true,"href":"https:\/\/prograin.ca\/international\/wp-json\/wp\/v2\/users\/1"}],"replies":[{"embeddable":true,"href":"https:\/\/prograin.ca\/international\/wp-json\/wp\/v2\/comments?post=19853"}],"version-history":[{"count":54,"href":"https:\/\/prograin.ca\/international\/wp-json\/wp\/v2\/pages\/19853\/revisions"}],"predecessor-version":[{"id":22634,"href":"https:\/\/prograin.ca\/international\/wp-json\/wp\/v2\/pages\/19853\/revisions\/22634"}],"up":[{"embeddable":true,"href":"https:\/\/prograin.ca\/international\/wp-json\/wp\/v2\/pages\/505"}],"wp:attachment":[{"href":"https:\/\/prograin.ca\/international\/wp-json\/wp\/v2\/media?parent=19853"}],"curies":[{"name":"wp","href":"https:\/\/api.w.org\/{rel}","templated":true}]}}