
{"id":19894,"date":"2019-02-05T21:42:25","date_gmt":"2019-02-05T21:42:25","guid":{"rendered":"https:\/\/prograin.ca\/soyas-2\/"},"modified":"2025-02-26T18:21:29","modified_gmt":"2025-02-26T18:21:29","slug":"food-grade-soybeans","status":"publish","type":"page","link":"https:\/\/prograin.ca\/international\/en\/food-grade-soybeans\/","title":{"rendered":"Food-grade soybeans"},"content":{"rendered":"\n<div class=\"wp-block-prograin-section-block alignfull prograin-home\"><ul class=\"subsection\">\n<li class=\"PageTitle\"><h1>Food-grade soybeans<\/h1><div class=\"prograin-home-slide dark\" style=\"color:#eeeeee;background-image:url(https:\/\/prograin.ca\/app\/uploads\/2018\/11\/section_soyas.jpg);background-size:cover\"><div class=\"verticalbg\" style=\"background-size:cover\"><\/div><div class=\"inside\" style=\"padding-right:\">\n<h2>Prograin is a Canadian company with research, innovation, and quality at its core.<\/h2>\n\n\n\n<p>Our soybeans intended for human consumption are as valued for their nutritional characteristics as they are for our team\u2019s human and passionate approach.<\/p>\n\n\n\n<div style=\"height:20px\" aria-hidden=\"true\" class=\"wp-block-spacer\"><\/div>\n\n\n\n<div style=\"height:20px\" aria-hidden=\"true\" class=\"wp-block-spacer\"><\/div>\n\n\n\n<div><div class=\"wp-block-button is-style-squared\"><a target=\"_blank\" class=\"wp-block-button__link\" href=\"https:\/\/www.youtube.com\/watch?v=74-GSKIJx2s&amp;list=PLuCiPuUumhxPn_lDFsJUPmhBXcaZ3TKOu\" rel=\"noopener\">3D VIDEOS<br><\/a><\/div><\/div>\n<\/div><\/div><\/li>\n\n\n\n<li><a href=\"https:\/\/prograin.ca\/international\/en\/food-grade-soybeans\/procurement\/\">Procurement<\/a><div class=\"prograin-home-slide dark\" style=\"color:#eeeeee;background-image:url(https:\/\/prograin.ca\/app\/uploads\/2019\/01\/soya_appro.jpg);background-size:cover\"><div class=\"verticalbg\" style=\"background-size:cover\"><\/div><div class=\"inside\" style=\"padding-right:\">\n<h2>A buyback program that ensure the quality of our soybeans<\/h2>\n\n\n\n<p>Through our partnerships with growers, our supplies are secured.<\/p>\n\n\n\n<div style=\"height:20px\" aria-hidden=\"true\" class=\"wp-block-spacer\"><\/div>\n\n\n\n<div class=\"wp-block-button\"><a class=\"wp-block-button__link\" href=\"https:\/\/prograin.ca\/international\/food-grade-soybeans\/procurement\/\">LEARN MORE ABOUT THE PROCUREMENT PROGRAM<br><\/a><\/div>\n<\/div><\/div><\/li>\n\n\n\n<li><a href=\"https:\/\/prograin.ca\/international\/en\/food-grade-soybeans\/conditioning\/\">Conditioning<\/a><div class=\"prograin-home-slide dark\" style=\"color:#eeeeee;background-image:url(https:\/\/prograin.ca\/app\/uploads\/2019\/01\/soya_cond.jpg);background-size:cover\"><div class=\"verticalbg\" style=\"background-size:cover\"><\/div><div class=\"inside\" style=\"padding-right:\">\n<div class=\"wp-container-3 wp-block-columns has-2-columns\">\n<div class=\"wp-container-1 wp-block-column\">\n<h2 id=\"mce_20\">High-performance facilities in keeping with our reputation<\/h2>\n<\/div>\n\n\n\n<div class=\"wp-container-2 wp-block-column\"><\/div>\n<\/div>\n\n\n\n<p>Our experienced team constantly strives to deliver quality products!<\/p>\n\n\n\n<div style=\"height:20px\" aria-hidden=\"true\" class=\"wp-block-spacer\"><\/div>\n\n\n\n<div class=\"wp-block-button\"><a class=\"wp-block-button__link\" href=\"https:\/\/prograin.ca\/international\/food-grade-soybeans\/conditioning\/\">LEARN MORE ABOUT OUR CONDITIONING STEPS<br><\/a><\/div>\n\n\n\n<div style=\"position:absolute; bottom:-35vh; \"><p style=\"font-size:14px\"> Alain L\u00e9tourneau, President and soybean producer <\/p><\/div>\n<\/div><\/div><\/li>\n\n\n\n<li><a href=\"https:\/\/prograin.ca\/international\/en\/food-grade-soybeans\/traceability\/\">Traceability<\/a><div class=\"prograin-home-slide dark\" style=\"color:#eeeeee;background-image:url(https:\/\/prograin.ca\/app\/uploads\/2019\/01\/soya_trac.jpg);background-size:cover\"><div class=\"verticalbg\" style=\"background-size:cover\"><\/div><div class=\"inside\" style=\"padding-right:\">\n<h2>A complete traceability program throughout the production cycle<\/h2>\n\n\n\n<p>We closely monitor the varieties throughout the entire production cycle to ensure exceptional quality.<\/p>\n\n\n\n<div style=\"height:20px\" aria-hidden=\"true\" class=\"wp-block-spacer\"><\/div>\n\n\n\n<div class=\"wp-block-button\"><a class=\"wp-block-button__link\" href=\"https:\/\/prograin.ca\/international\/food-grade-soybeans\/traceability\/\">LEARN MORE ABOUT OUR TRACEABILITY COMMITMENTS<br><\/a><\/div>\n<\/div><\/div><\/li>\n\n\n\n<li><a href=\"https:\/\/prograin.ca\/international\/en\/food-grade-soybeans\/crop-reports\">Crop reports<\/a><div class=\"prograin-home-slide dark\" style=\"color:#eeeeee;background-image:url(https:\/\/prograin.ca\/app\/uploads\/sites\/5\/2019\/03\/bg_prog_rachat.jpg);background-size:cover\"><div class=\"verticalbg\" style=\"background-size:cover\"><\/div><div class=\"inside\" style=\"padding-right:\">\n<h2> To know everything about the planting progress <\/h2>\n\n\n\n<p>For Western Canada, Eastern Ontario,Maritimes, Eastern &amp; Western Quebec<\/p>\n\n\n\n<div style=\"height:60px\" aria-hidden=\"true\" class=\"wp-block-spacer\"><\/div>\n\n\n\n<div class=\"wp-block-button\"><a class=\"wp-block-button__link\" href=\"https:\/\/prograin.ca\/international\/food-grade-soybeans\/crop-reports\">DOWNLOAD THE CROP REPORTS<br><\/a><\/div>\n<\/div><\/div><\/li>\n\n\n\n<li><a href=\"https:\/\/prograin.ca\/international\/en\/food-grade-soybeans\/articles\/\">Articles<\/a><div class=\"prograin-home-slide dark\" style=\"color:#eeeeee;background-image:url(https:\/\/prograin.ca\/app\/uploads\/2019\/01\/soya_articles.jpg);background-size:cover\"><div class=\"verticalbg\" style=\"background-size:cover\"><\/div><div class=\"inside\" style=\"padding-right:\">\n<h2>Articles<\/h2>\n\n\n\n<p>Prograin provides documents that make the process of purchasing soybeans easier. <\/p>\n\n\n\n<div style=\"height:30px\" aria-hidden=\"true\" class=\"wp-block-spacer\"><\/div>\n\n\n\n<div class=\"wp-block-button\"><a class=\"wp-block-button__link\" href=\"https:\/\/prograin.ca\/international\/food-grade-soybeans\/articles\/\">CHECK OUT OUR ARTICLES AND LATEST NEWS<\/a><\/div>\n\n\n\n<p><\/p>\n<\/div><\/div><\/li>\n<\/ul><\/div>\n","protected":false},"excerpt":{"rendered":"","protected":false},"author":1,"featured_media":0,"parent":0,"menu_order":8,"comment_status":"closed","ping_status":"closed","template":"accueil","meta":{"advgb_blocks_editor_width":"","advgb_blocks_columns_visual_guide":""},"yoast_head":"<!-- This site is optimized with the Yoast SEO plugin v19.11 - https:\/\/yoast.com\/wordpress\/plugins\/seo\/ -->\n<title>Prograin | Food-grade soybean research and development<\/title>\n<meta name=\"description\" content=\"The development of new high-performance soybeans intended for human consumption to meet customer needs is of utmost importance to Prograin. Discover our commitments.\" \/>\n<meta name=\"robots\" content=\"index, follow, max-snippet:-1, max-image-preview:large, max-video-preview:-1\" \/>\n<link rel=\"canonical\" href=\"https:\/\/prograin.ca\/international\/en\/food-grade-soybeans\/\" \/>\n<meta property=\"og:locale\" content=\"fr_CA\" \/>\n<meta property=\"og:type\" content=\"article\" \/>\n<meta property=\"og:title\" content=\"Prograin | Food-grade soybean research and development\" \/>\n<meta property=\"og:description\" content=\"The development of new high-performance soybeans intended for human consumption to meet customer needs is of utmost importance to Prograin. Discover our commitments.\" \/>\n<meta property=\"og:url\" content=\"https:\/\/prograin.ca\/international\/en\/food-grade-soybeans\/\" \/>\n<meta property=\"og:site_name\" content=\"International\" \/>\n<meta property=\"article:modified_time\" content=\"2025-02-26T18:21:29+00:00\" \/>\n<meta name=\"twitter:card\" content=\"summary_large_image\" \/>\n<meta name=\"twitter:label1\" content=\"Estimation du temps de lecture\" \/>\n\t<meta name=\"twitter:data1\" content=\"1 minute\" \/>\n<script type=\"application\/ld+json\" class=\"yoast-schema-graph\">{\"@context\":\"https:\/\/schema.org\",\"@graph\":[{\"@type\":\"WebPage\",\"@id\":\"https:\/\/prograin.ca\/international\/en\/food-grade-soybeans\/\",\"url\":\"https:\/\/prograin.ca\/international\/en\/food-grade-soybeans\/\",\"name\":\"Prograin | Food-grade soybean research and development\",\"isPartOf\":{\"@id\":\"https:\/\/prograin.ca\/international\/#website\"},\"datePublished\":\"2019-02-05T21:42:25+00:00\",\"dateModified\":\"2025-02-26T18:21:29+00:00\",\"description\":\"The development of new high-performance soybeans intended for human consumption to meet customer needs is of utmost importance to Prograin. Discover our commitments.\",\"breadcrumb\":{\"@id\":\"https:\/\/prograin.ca\/international\/en\/food-grade-soybeans\/#breadcrumb\"},\"inLanguage\":\"fr-CA\",\"potentialAction\":[{\"@type\":\"ReadAction\",\"target\":[\"https:\/\/prograin.ca\/international\/en\/food-grade-soybeans\/\"]}]},{\"@type\":\"BreadcrumbList\",\"@id\":\"https:\/\/prograin.ca\/international\/en\/food-grade-soybeans\/#breadcrumb\",\"itemListElement\":[{\"@type\":\"ListItem\",\"position\":1,\"name\":\"Home\",\"item\":\"https:\/\/prograin.ca\/international\/fr\/\"},{\"@type\":\"ListItem\",\"position\":2,\"name\":\"Food-grade soybeans\"}]},{\"@type\":\"WebSite\",\"@id\":\"https:\/\/prograin.ca\/international\/#website\",\"url\":\"https:\/\/prograin.ca\/international\/\",\"name\":\"International\",\"description\":\"Un site utilisant WordPress\",\"publisher\":{\"@id\":\"https:\/\/prograin.ca\/international\/#organization\"},\"potentialAction\":[{\"@type\":\"SearchAction\",\"target\":{\"@type\":\"EntryPoint\",\"urlTemplate\":\"https:\/\/prograin.ca\/international\/?s={search_term_string}\"},\"query-input\":\"required name=search_term_string\"}],\"inLanguage\":\"fr-CA\"},{\"@type\":\"Organization\",\"@id\":\"https:\/\/prograin.ca\/international\/#organization\",\"name\":\"International\",\"url\":\"https:\/\/prograin.ca\/international\/\",\"logo\":{\"@type\":\"ImageObject\",\"inLanguage\":\"fr-CA\",\"@id\":\"https:\/\/prograin.ca\/international\/#\/schema\/logo\/image\/\",\"url\":\"https:\/\/prograin.ca\/app\/uploads\/sites\/5\/2018\/11\/Prograin-logo-1.png\",\"contentUrl\":\"https:\/\/prograin.ca\/app\/uploads\/sites\/5\/2018\/11\/Prograin-logo-1.png\",\"width\":352,\"height\":85,\"caption\":\"International\"},\"image\":{\"@id\":\"https:\/\/prograin.ca\/international\/#\/schema\/logo\/image\/\"}}]}<\/script>\n<!-- \/ Yoast SEO plugin. -->","yoast_head_json":{"title":"Prograin | Food-grade soybean research and development","description":"The development of new high-performance soybeans intended for human consumption to meet customer needs is of utmost importance to Prograin. Discover our commitments.","robots":{"index":"index","follow":"follow","max-snippet":"max-snippet:-1","max-image-preview":"max-image-preview:large","max-video-preview":"max-video-preview:-1"},"canonical":"https:\/\/prograin.ca\/international\/en\/food-grade-soybeans\/","og_locale":"fr_CA","og_type":"article","og_title":"Prograin | Food-grade soybean research and development","og_description":"The development of new high-performance soybeans intended for human consumption to meet customer needs is of utmost importance to Prograin. Discover our commitments.","og_url":"https:\/\/prograin.ca\/international\/en\/food-grade-soybeans\/","og_site_name":"International","article_modified_time":"2025-02-26T18:21:29+00:00","twitter_card":"summary_large_image","twitter_misc":{"Estimation du temps de lecture":"1 minute"},"schema":{"@context":"https:\/\/schema.org","@graph":[{"@type":"WebPage","@id":"https:\/\/prograin.ca\/international\/en\/food-grade-soybeans\/","url":"https:\/\/prograin.ca\/international\/en\/food-grade-soybeans\/","name":"Prograin | Food-grade soybean research and development","isPartOf":{"@id":"https:\/\/prograin.ca\/international\/#website"},"datePublished":"2019-02-05T21:42:25+00:00","dateModified":"2025-02-26T18:21:29+00:00","description":"The development of new high-performance soybeans intended for human consumption to meet customer needs is of utmost importance to Prograin. Discover our commitments.","breadcrumb":{"@id":"https:\/\/prograin.ca\/international\/en\/food-grade-soybeans\/#breadcrumb"},"inLanguage":"fr-CA","potentialAction":[{"@type":"ReadAction","target":["https:\/\/prograin.ca\/international\/en\/food-grade-soybeans\/"]}]},{"@type":"BreadcrumbList","@id":"https:\/\/prograin.ca\/international\/en\/food-grade-soybeans\/#breadcrumb","itemListElement":[{"@type":"ListItem","position":1,"name":"Home","item":"https:\/\/prograin.ca\/international\/fr\/"},{"@type":"ListItem","position":2,"name":"Food-grade soybeans"}]},{"@type":"WebSite","@id":"https:\/\/prograin.ca\/international\/#website","url":"https:\/\/prograin.ca\/international\/","name":"International","description":"Un site utilisant WordPress","publisher":{"@id":"https:\/\/prograin.ca\/international\/#organization"},"potentialAction":[{"@type":"SearchAction","target":{"@type":"EntryPoint","urlTemplate":"https:\/\/prograin.ca\/international\/?s={search_term_string}"},"query-input":"required name=search_term_string"}],"inLanguage":"fr-CA"},{"@type":"Organization","@id":"https:\/\/prograin.ca\/international\/#organization","name":"International","url":"https:\/\/prograin.ca\/international\/","logo":{"@type":"ImageObject","inLanguage":"fr-CA","@id":"https:\/\/prograin.ca\/international\/#\/schema\/logo\/image\/","url":"https:\/\/prograin.ca\/app\/uploads\/sites\/5\/2018\/11\/Prograin-logo-1.png","contentUrl":"https:\/\/prograin.ca\/app\/uploads\/sites\/5\/2018\/11\/Prograin-logo-1.png","width":352,"height":85,"caption":"International"},"image":{"@id":"https:\/\/prograin.ca\/international\/#\/schema\/logo\/image\/"}}]}},"featured_image_urls":{"full":"","thumbnail":"","medium":"","medium_large":"","large":"","1536x1536":"","2048x2048":"","menu-24x24":"","menu-36x36":"","menu-48x48":""},"post_excerpt_stackable":"<p>Food-grade soybeans Prograin is a Canadian company with research, innovation, and quality at its core. Our soybeans intended for human consumption are as valued for their nutritional characteristics as they are for our team\u2019s human and passionate approach. 3D VIDEOS Procurement A buyback program that ensure the quality of our soybeans Through our partnerships with growers, our supplies are secured. LEARN MORE ABOUT THE PROCUREMENT PROGRAM Conditioning High-performance facilities in keeping with our reputation Our experienced team constantly strives to deliver quality products! LEARN MORE ABOUT OUR CONDITIONING STEPS Alain L\u00e9tourneau, President and soybean producer Traceability A complete traceability program&hellip;<\/p>\n","category_list":"","author_info":{"name":"developpe","url":"https:\/\/prograin.ca\/international\/author\/developpe\/"},"comments_num":"0 comments","featured_image_urls_v2":{"full":"","thumbnail":"","medium":"","medium_large":"","large":"","1536x1536":"","2048x2048":"","menu-24x24":"","menu-36x36":"","menu-48x48":""},"post_excerpt_stackable_v2":"<p>Food-grade soybeans Prograin is a Canadian company with research, innovation, and quality at its core. Our soybeans intended for human consumption are as valued for their nutritional characteristics as they are for our team\u2019s human and passionate approach. 3D VIDEOS Procurement A buyback program that ensure the quality of our soybeans Through our partnerships with growers, our supplies are secured. LEARN MORE ABOUT THE PROCUREMENT PROGRAM Conditioning High-performance facilities in keeping with our reputation Our experienced team constantly strives to deliver quality products! LEARN MORE ABOUT OUR CONDITIONING STEPS Alain L\u00e9tourneau, President and soybean producer Traceability A complete traceability program&hellip;<\/p>\n","category_list_v2":"","author_info_v2":{"name":"developpe","url":"https:\/\/prograin.ca\/international\/author\/developpe\/"},"comments_num_v2":"0 comments","coauthors":[],"author_meta":{"author_link":"https:\/\/prograin.ca\/international\/author\/developpe\/","display_name":"developpe"},"relative_dates":{"created":"Posted 7 ann\u00e9es ago","modified":"Updated 1 ann\u00e9e ago"},"absolute_dates":{"created":"Posted on 5 f\u00e9vrier 2019","modified":"Updated on 26 f\u00e9vrier 2025"},"absolute_dates_time":{"created":"Posted on 5 f\u00e9vrier 2019 21 h 42 min","modified":"Updated on 26 f\u00e9vrier 2025 18 h 21 min"},"featured_img_caption":"","featured_img":false,"series_order":"","_links":{"self":[{"href":"https:\/\/prograin.ca\/international\/wp-json\/wp\/v2\/pages\/19894"}],"collection":[{"href":"https:\/\/prograin.ca\/international\/wp-json\/wp\/v2\/pages"}],"about":[{"href":"https:\/\/prograin.ca\/international\/wp-json\/wp\/v2\/types\/page"}],"author":[{"embeddable":true,"href":"https:\/\/prograin.ca\/international\/wp-json\/wp\/v2\/users\/1"}],"replies":[{"embeddable":true,"href":"https:\/\/prograin.ca\/international\/wp-json\/wp\/v2\/comments?post=19894"}],"version-history":[{"count":39,"href":"https:\/\/prograin.ca\/international\/wp-json\/wp\/v2\/pages\/19894\/revisions"}],"predecessor-version":[{"id":23411,"href":"https:\/\/prograin.ca\/international\/wp-json\/wp\/v2\/pages\/19894\/revisions\/23411"}],"wp:attachment":[{"href":"https:\/\/prograin.ca\/international\/wp-json\/wp\/v2\/media?parent=19894"}],"curies":[{"name":"wp","href":"https:\/\/api.w.org\/{rel}","templated":true}]}}