
{"id":2,"date":"2018-11-15T21:44:50","date_gmt":"2018-11-15T21:44:50","guid":{"rendered":"https:\/\/prograin.ca\/?page_id=2"},"modified":"2019-04-03T13:40:43","modified_gmt":"2019-04-03T13:40:43","slug":"accueil","status":"publish","type":"page","link":"https:\/\/prograin.ca\/international\/fr\/","title":{"rendered":"Accueil"},"content":{"rendered":"\n<div class=\"wp-block-prograin-section-block alignfull prograin-home\"><ul class=\"home\">\n<li class=\"PageTitle\"><h1>Accueil<\/h1><div class=\"prograin-home-slide dark verticalbg\" style=\"color:#ffffff;background-image:url(https:\/\/prograin.ca\/app\/uploads\/2019\/01\/accueil.jpg);background-size:cover;background-position:77.32406705462348&nbsp;% 44.00520813896661&nbsp;%\"><div class=\"verticalbg\" style=\"background-image:url(https:\/\/prograin.ca\/app\/uploads\/sites\/3\/2019\/01\/a-propos_bg.jpg);background-size:cover\"><\/div><div class=\"inside\" style=\"padding-right:\">\n<div style=\"height:25vh\" aria-hidden=\"true\" class=\"wp-block-spacer\"><\/div>\n\n\n\n<h2>UN MONDE DE SOYA<\/h2>\n\n\n\n<p><\/p>\n<\/div><\/div><\/li>\n\n\n\n<li><a href=\"https:\/\/prograin.ca\/international\/fr\/entreprise\/\">L&#8217;entreprise<\/a><div class=\"prograin-home-slide dark\" style=\"color:#ffffff;background-image:url(https:\/\/prograin.ca\/app\/uploads\/2019\/01\/accueil_entreprise.jpg);background-size:cover;background-position:38.46153846153846&nbsp;% 7.287449392712551&nbsp;%\"><div class=\"verticalbg\" style=\"background-size:cover\"><\/div><div class=\"inside\" style=\"padding-right:\">\n<div style=\"height:25vh\" aria-hidden=\"true\" class=\"wp-block-spacer\"><\/div>\n\n\n\n<h2 class=\"font-size:100px is-style-blanc\">L&#8217;entreprise<\/h2>\n\n\n\n<p>Prograin est la plus importante entreprise priv\u00e9e de soya \u00e0 valeur ajout\u00e9e au Canada.<\/p>\n<\/div><\/div><\/li>\n\n\n\n<li><a href=\"https:\/\/prograin.ca\/international\/fr\/recherche_et_developpement\/\">Recherche et d\u00e9veloppement<\/a><div class=\"prograin-home-slide dark\" style=\"color:#ffffff;background-image:url(https:\/\/prograin.ca\/app\/uploads\/2018\/11\/fond-rd.jpg);background-size:cover;background-position:50.607287449392715&nbsp;% 44.534412955465584&nbsp;%\"><div class=\"verticalbg\" style=\"background-size:cover\"><\/div><div class=\"inside\" style=\"padding-right:\">\n<div style=\"height:25vh\" aria-hidden=\"true\" class=\"wp-block-spacer\"><\/div>\n\n\n\n<h2 class=\"is-style-blanc\">Recherche et d\u00e9veloppement<\/h2>\n\n\n\n<p>Depuis 1980, la recherche est le c\u0153ur de l\u2019entreprise.<\/p>\n<\/div><\/div><\/li>\n\n\n\n<li><a href=\"https:\/\/prograin.ca\/international\/fr\/semences\/\">Semences<\/a><div class=\"prograin-home-slide dark\" style=\"color:#ffffff;background-image:url(https:\/\/prograin.ca\/app\/uploads\/2018\/11\/fond-semence.jpg);background-size:cover;background-position:56.2753036437247&nbsp;% 54.25101214574899&nbsp;%\"><div class=\"verticalbg\" style=\"background-size:cover\"><\/div><div class=\"inside\" style=\"padding-right:\">\n<div style=\"height:25vh\" aria-hidden=\"true\" class=\"wp-block-spacer\"><\/div>\n\n\n\n<h2 class=\"is-style-blanc\">Prograin est partenaire de votre profitabilit\u00e9 <\/h2>\n\n\n\n<p>Nos vari\u00e9t\u00e9s de soya sont exclusives et vous garantissent une rentabilit\u00e9 sup\u00e9rieure.  <\/p>\n\n\n\n<div style=\"height:20px\" aria-hidden=\"true\" class=\"wp-block-spacer\"><\/div>\n<\/div><\/div><\/li>\n\n\n\n<li><a href=\"https:\/\/prograin.ca\/international\/fr\/soyas\/\">Soya alimentaire<\/a><div class=\"prograin-home-slide dark\" style=\"color:#ffffff;background-image:url(https:\/\/prograin.ca\/app\/uploads\/2019\/01\/accueil_soya.jpg);background-size:cover;background-position:13.360323886639677&nbsp;% 50.607287449392715&nbsp;%\"><div class=\"verticalbg\" style=\"background-size:cover\"><\/div><div class=\"inside\" style=\"padding-right:\">\n<div style=\"height:25vh\" aria-hidden=\"true\" class=\"wp-block-spacer\"><\/div>\n\n\n\n<h2 class=\"is-style-blanc\">Le soya d\u2019alimentation humaine Prograin <\/h2>\n\n\n\n<p>La qualit\u00e9 et l\u2019ambition de l\u2019innovation constante.<\/p>\n<\/div><\/div><\/li>\n<\/ul><\/div>\n","protected":false},"excerpt":{"rendered":"","protected":false},"author":1,"featured_media":0,"parent":0,"menu_order":0,"comment_status":"closed","ping_status":"open","template":"accueil","meta":{"advgb_blocks_editor_width":"","advgb_blocks_columns_visual_guide":""},"yoast_head":"<!-- This site is optimized with the Yoast SEO plugin v19.11 - https:\/\/yoast.com\/wordpress\/plugins\/seo\/ -->\n<title>Prograin | Soya de qualit\u00e9 destin\u00e9 \u00e0 l\u2019alimentation<\/title>\n<meta name=\"description\" content=\"Depuis 1980, le soya de Prograin est aussi pris\u00e9 pour ses caract\u00e9ristiques nutritionnelles que pour l\u2019approche passionn\u00e9e de son \u00e9quipe. Nous sommes partenaires de votre succ\u00e8s !\" \/>\n<meta name=\"robots\" content=\"index, follow, max-snippet:-1, max-image-preview:large, max-video-preview:-1\" \/>\n<link rel=\"canonical\" href=\"https:\/\/prograin.ca\/international\/fr\/\" \/>\n<meta property=\"og:locale\" content=\"fr_CA\" \/>\n<meta property=\"og:type\" content=\"article\" \/>\n<meta property=\"og:title\" content=\"Prograin | Soya de qualit\u00e9 destin\u00e9 \u00e0 l\u2019alimentation\" \/>\n<meta property=\"og:description\" content=\"Depuis 1980, le soya de Prograin est aussi pris\u00e9 pour ses caract\u00e9ristiques nutritionnelles que pour l\u2019approche passionn\u00e9e de son \u00e9quipe. Nous sommes partenaires de votre succ\u00e8s !\" \/>\n<meta property=\"og:url\" content=\"https:\/\/prograin.ca\/international\/fr\/\" \/>\n<meta property=\"og:site_name\" content=\"International\" \/>\n<meta property=\"article:modified_time\" content=\"2019-04-03T13:40:43+00:00\" \/>\n<meta name=\"twitter:card\" content=\"summary_large_image\" \/>\n<script type=\"application\/ld+json\" class=\"yoast-schema-graph\">{\"@context\":\"https:\/\/schema.org\",\"@graph\":[{\"@type\":\"WebPage\",\"@id\":\"https:\/\/prograin.ca\/international\/fr\/\",\"url\":\"https:\/\/prograin.ca\/international\/fr\/\",\"name\":\"Prograin | Soya de qualit\u00e9 destin\u00e9 \u00e0 l\u2019alimentation\",\"isPartOf\":{\"@id\":\"https:\/\/prograin.ca\/international\/#website\"},\"datePublished\":\"2018-11-15T21:44:50+00:00\",\"dateModified\":\"2019-04-03T13:40:43+00:00\",\"description\":\"Depuis 1980, le soya de Prograin est aussi pris\u00e9 pour ses caract\u00e9ristiques nutritionnelles que pour l\u2019approche passionn\u00e9e de son \u00e9quipe. Nous sommes partenaires de votre succ\u00e8s !\",\"breadcrumb\":{\"@id\":\"https:\/\/prograin.ca\/international\/fr\/#breadcrumb\"},\"inLanguage\":\"fr-CA\",\"potentialAction\":[{\"@type\":\"ReadAction\",\"target\":[\"https:\/\/prograin.ca\/international\/fr\/\"]}]},{\"@type\":\"BreadcrumbList\",\"@id\":\"https:\/\/prograin.ca\/international\/fr\/#breadcrumb\",\"itemListElement\":[{\"@type\":\"ListItem\",\"position\":1,\"name\":\"Home\",\"item\":\"https:\/\/prograin.ca\/international\/fr\/\"},{\"@type\":\"ListItem\",\"position\":2,\"name\":\"Accueil\"}]},{\"@type\":\"WebSite\",\"@id\":\"https:\/\/prograin.ca\/international\/#website\",\"url\":\"https:\/\/prograin.ca\/international\/\",\"name\":\"International\",\"description\":\"Un site utilisant WordPress\",\"publisher\":{\"@id\":\"https:\/\/prograin.ca\/international\/#organization\"},\"potentialAction\":[{\"@type\":\"SearchAction\",\"target\":{\"@type\":\"EntryPoint\",\"urlTemplate\":\"https:\/\/prograin.ca\/international\/?s={search_term_string}\"},\"query-input\":\"required name=search_term_string\"}],\"inLanguage\":\"fr-CA\"},{\"@type\":\"Organization\",\"@id\":\"https:\/\/prograin.ca\/international\/#organization\",\"name\":\"International\",\"url\":\"https:\/\/prograin.ca\/international\/\",\"logo\":{\"@type\":\"ImageObject\",\"inLanguage\":\"fr-CA\",\"@id\":\"https:\/\/prograin.ca\/international\/#\/schema\/logo\/image\/\",\"url\":\"https:\/\/prograin.ca\/app\/uploads\/sites\/5\/2018\/11\/Prograin-logo-1.png\",\"contentUrl\":\"https:\/\/prograin.ca\/app\/uploads\/sites\/5\/2018\/11\/Prograin-logo-1.png\",\"width\":352,\"height\":85,\"caption\":\"International\"},\"image\":{\"@id\":\"https:\/\/prograin.ca\/international\/#\/schema\/logo\/image\/\"}}]}<\/script>\n<!-- \/ Yoast SEO plugin. -->","yoast_head_json":{"title":"Prograin | Soya de qualit\u00e9 destin\u00e9 \u00e0 l\u2019alimentation","description":"Depuis 1980, le soya de Prograin est aussi pris\u00e9 pour ses caract\u00e9ristiques nutritionnelles que pour l\u2019approche passionn\u00e9e de son \u00e9quipe. Nous sommes partenaires de votre succ\u00e8s !","robots":{"index":"index","follow":"follow","max-snippet":"max-snippet:-1","max-image-preview":"max-image-preview:large","max-video-preview":"max-video-preview:-1"},"canonical":"https:\/\/prograin.ca\/international\/fr\/","og_locale":"fr_CA","og_type":"article","og_title":"Prograin | Soya de qualit\u00e9 destin\u00e9 \u00e0 l\u2019alimentation","og_description":"Depuis 1980, le soya de Prograin est aussi pris\u00e9 pour ses caract\u00e9ristiques nutritionnelles que pour l\u2019approche passionn\u00e9e de son \u00e9quipe. Nous sommes partenaires de votre succ\u00e8s !","og_url":"https:\/\/prograin.ca\/international\/fr\/","og_site_name":"International","article_modified_time":"2019-04-03T13:40:43+00:00","twitter_card":"summary_large_image","schema":{"@context":"https:\/\/schema.org","@graph":[{"@type":"WebPage","@id":"https:\/\/prograin.ca\/international\/fr\/","url":"https:\/\/prograin.ca\/international\/fr\/","name":"Prograin | Soya de qualit\u00e9 destin\u00e9 \u00e0 l\u2019alimentation","isPartOf":{"@id":"https:\/\/prograin.ca\/international\/#website"},"datePublished":"2018-11-15T21:44:50+00:00","dateModified":"2019-04-03T13:40:43+00:00","description":"Depuis 1980, le soya de Prograin est aussi pris\u00e9 pour ses caract\u00e9ristiques nutritionnelles que pour l\u2019approche passionn\u00e9e de son \u00e9quipe. Nous sommes partenaires de votre succ\u00e8s !","breadcrumb":{"@id":"https:\/\/prograin.ca\/international\/fr\/#breadcrumb"},"inLanguage":"fr-CA","potentialAction":[{"@type":"ReadAction","target":["https:\/\/prograin.ca\/international\/fr\/"]}]},{"@type":"BreadcrumbList","@id":"https:\/\/prograin.ca\/international\/fr\/#breadcrumb","itemListElement":[{"@type":"ListItem","position":1,"name":"Home","item":"https:\/\/prograin.ca\/international\/fr\/"},{"@type":"ListItem","position":2,"name":"Accueil"}]},{"@type":"WebSite","@id":"https:\/\/prograin.ca\/international\/#website","url":"https:\/\/prograin.ca\/international\/","name":"International","description":"Un site utilisant WordPress","publisher":{"@id":"https:\/\/prograin.ca\/international\/#organization"},"potentialAction":[{"@type":"SearchAction","target":{"@type":"EntryPoint","urlTemplate":"https:\/\/prograin.ca\/international\/?s={search_term_string}"},"query-input":"required name=search_term_string"}],"inLanguage":"fr-CA"},{"@type":"Organization","@id":"https:\/\/prograin.ca\/international\/#organization","name":"International","url":"https:\/\/prograin.ca\/international\/","logo":{"@type":"ImageObject","inLanguage":"fr-CA","@id":"https:\/\/prograin.ca\/international\/#\/schema\/logo\/image\/","url":"https:\/\/prograin.ca\/app\/uploads\/sites\/5\/2018\/11\/Prograin-logo-1.png","contentUrl":"https:\/\/prograin.ca\/app\/uploads\/sites\/5\/2018\/11\/Prograin-logo-1.png","width":352,"height":85,"caption":"International"},"image":{"@id":"https:\/\/prograin.ca\/international\/#\/schema\/logo\/image\/"}}]}},"featured_image_urls":{"full":"","thumbnail":"","medium":"","medium_large":"","large":"","1536x1536":"","2048x2048":"","menu-24x24":"","menu-36x36":"","menu-48x48":""},"post_excerpt_stackable":"<p>Accueil UN MONDE DE SOYA L&#8217;entreprise L&#8217;entreprise Prograin est la plus importante entreprise priv\u00e9e de soya \u00e0 valeur ajout\u00e9e au Canada. Recherche et d\u00e9veloppement Recherche et d\u00e9veloppement Depuis 1980, la recherche est le c\u0153ur de l\u2019entreprise. Semences Prograin est partenaire de votre profitabilit\u00e9 Nos vari\u00e9t\u00e9s de soya sont exclusives et vous garantissent une rentabilit\u00e9 sup\u00e9rieure. Soya alimentaire Le soya d\u2019alimentation humaine Prograin La qualit\u00e9 et l\u2019ambition de l\u2019innovation constante.<\/p>\n","category_list":"","author_info":{"name":"developpe","url":"https:\/\/prograin.ca\/international\/author\/developpe\/"},"comments_num":"0 comments","featured_image_urls_v2":{"full":"","thumbnail":"","medium":"","medium_large":"","large":"","1536x1536":"","2048x2048":"","menu-24x24":"","menu-36x36":"","menu-48x48":""},"post_excerpt_stackable_v2":"<p>Accueil UN MONDE DE SOYA L&#8217;entreprise L&#8217;entreprise Prograin est la plus importante entreprise priv\u00e9e de soya \u00e0 valeur ajout\u00e9e au Canada. Recherche et d\u00e9veloppement Recherche et d\u00e9veloppement Depuis 1980, la recherche est le c\u0153ur de l\u2019entreprise. Semences Prograin est partenaire de votre profitabilit\u00e9 Nos vari\u00e9t\u00e9s de soya sont exclusives et vous garantissent une rentabilit\u00e9 sup\u00e9rieure. Soya alimentaire Le soya d\u2019alimentation humaine Prograin La qualit\u00e9 et l\u2019ambition de l\u2019innovation constante.<\/p>\n","category_list_v2":"","author_info_v2":{"name":"developpe","url":"https:\/\/prograin.ca\/international\/author\/developpe\/"},"comments_num_v2":"0 comments","coauthors":[],"author_meta":{"author_link":"https:\/\/prograin.ca\/international\/author\/developpe\/","display_name":"developpe"},"relative_dates":{"created":"Posted 7 ann\u00e9es ago","modified":"Updated 7 ann\u00e9es ago"},"absolute_dates":{"created":"Posted on 15 novembre 2018","modified":"Updated on 3 avril 2019"},"absolute_dates_time":{"created":"Posted on 15 novembre 2018 21 h 44 min","modified":"Updated on 3 avril 2019 13 h 40 min"},"featured_img_caption":"","featured_img":false,"series_order":"","_links":{"self":[{"href":"https:\/\/prograin.ca\/international\/wp-json\/wp\/v2\/pages\/2"}],"collection":[{"href":"https:\/\/prograin.ca\/international\/wp-json\/wp\/v2\/pages"}],"about":[{"href":"https:\/\/prograin.ca\/international\/wp-json\/wp\/v2\/types\/page"}],"author":[{"embeddable":true,"href":"https:\/\/prograin.ca\/international\/wp-json\/wp\/v2\/users\/1"}],"replies":[{"embeddable":true,"href":"https:\/\/prograin.ca\/international\/wp-json\/wp\/v2\/comments?post=2"}],"version-history":[{"count":66,"href":"https:\/\/prograin.ca\/international\/wp-json\/wp\/v2\/pages\/2\/revisions"}],"predecessor-version":[{"id":22851,"href":"https:\/\/prograin.ca\/international\/wp-json\/wp\/v2\/pages\/2\/revisions\/22851"}],"wp:attachment":[{"href":"https:\/\/prograin.ca\/international\/wp-json\/wp\/v2\/media?parent=2"}],"curies":[{"name":"wp","href":"https:\/\/api.w.org\/{rel}","templated":true}]}}