
{"id":20228,"date":"2019-02-12T19:02:35","date_gmt":"2019-02-12T19:02:35","guid":{"rendered":"https:\/\/prograin.ca\/semences\/articles-2\/"},"modified":"2019-03-15T20:13:00","modified_gmt":"2019-03-15T20:13:00","slug":"articles","status":"publish","type":"page","link":"https:\/\/prograin.ca\/international\/fr\/semences\/articles\/","title":{"rendered":"Articles"},"content":{"rendered":"\n<div class=\"wp-block-balise-section-block alignfull _sectionblock has-1-columns\">\n<div class=\" verticalbg\" style=\"color:#ffffff;background-image:url(https:\/\/prograin.ca\/app\/uploads\/2019\/01\/soya_articles.jpg);background-size:cover;background-position:50.869565217391305&nbsp;% 75.21739130434783&nbsp;%;padding-top:60px;padding-bottom:60px\"><div class=\"verticalbg\" style=\"background-image:url(https:\/\/prograin.ca\/app\/uploads\/2019\/03\/bg_articles_en-1.jpg);background-size:cover\"><\/div><div class=\"inside\" style=\"margin:0 auto\">\n<div class=\"wp-container-3 wp-block-columns has-2-columns\">\n<div class=\"wp-container-1 wp-block-column\">\n<h3 id=\"mce_20\" class=\"is-style-blanc\">Consultez nos documents d\u2019informations pour la culture et la conservation du soya.<\/h3>\n\n\n\n<p>Consultez nos articles. <\/p>\n<\/div>\n\n\n\n<div class=\"wp-container-2 wp-block-column\"><\/div>\n<\/div>\n<\/div><\/div>\n<\/div>\n","protected":false},"excerpt":{"rendered":"","protected":false},"author":1,"featured_media":0,"parent":539,"menu_order":2,"comment_status":"closed","ping_status":"closed","template":"post-seed","meta":{"advgb_blocks_editor_width":"","advgb_blocks_columns_visual_guide":""},"yoast_head":"<!-- This site is optimized with the Yoast SEO plugin v19.11 - https:\/\/yoast.com\/wordpress\/plugins\/seo\/ -->\n<title>Prograin | Tout savoir sur la culture et la conservation du soya<\/title>\n<meta name=\"description\" content=\"Prograin vous accompagne \u00e0 toutes les \u00e9tapes de la culture et de l\u2019entreposage du soya. Consultez nos articles.\" \/>\n<meta name=\"robots\" content=\"index, follow, max-snippet:-1, max-image-preview:large, max-video-preview:-1\" \/>\n<link rel=\"canonical\" href=\"https:\/\/prograin.ca\/international\/fr\/semences\/articles\/\" \/>\n<meta property=\"og:locale\" content=\"fr_CA\" \/>\n<meta property=\"og:type\" content=\"article\" \/>\n<meta property=\"og:title\" content=\"Prograin | Tout savoir sur la culture et la conservation du soya\" \/>\n<meta property=\"og:description\" content=\"Prograin vous accompagne \u00e0 toutes les \u00e9tapes de la culture et de l\u2019entreposage du soya. Consultez nos articles.\" \/>\n<meta property=\"og:url\" content=\"https:\/\/prograin.ca\/international\/fr\/semences\/articles\/\" \/>\n<meta property=\"og:site_name\" content=\"International\" \/>\n<meta property=\"article:modified_time\" content=\"2019-03-15T20:13:00+00:00\" \/>\n<meta name=\"twitter:card\" content=\"summary_large_image\" \/>\n<script type=\"application\/ld+json\" class=\"yoast-schema-graph\">{\"@context\":\"https:\/\/schema.org\",\"@graph\":[{\"@type\":\"WebPage\",\"@id\":\"https:\/\/prograin.ca\/international\/fr\/semences\/articles\/\",\"url\":\"https:\/\/prograin.ca\/international\/fr\/semences\/articles\/\",\"name\":\"Prograin | Tout savoir sur la culture et la conservation du soya\",\"isPartOf\":{\"@id\":\"https:\/\/prograin.ca\/international\/#website\"},\"datePublished\":\"2019-02-12T19:02:35+00:00\",\"dateModified\":\"2019-03-15T20:13:00+00:00\",\"description\":\"Prograin vous accompagne \u00e0 toutes les \u00e9tapes de la culture et de l\u2019entreposage du soya. Consultez nos articles.\",\"breadcrumb\":{\"@id\":\"https:\/\/prograin.ca\/international\/fr\/semences\/articles\/#breadcrumb\"},\"inLanguage\":\"fr-CA\",\"potentialAction\":[{\"@type\":\"ReadAction\",\"target\":[\"https:\/\/prograin.ca\/international\/fr\/semences\/articles\/\"]}]},{\"@type\":\"BreadcrumbList\",\"@id\":\"https:\/\/prograin.ca\/international\/fr\/semences\/articles\/#breadcrumb\",\"itemListElement\":[{\"@type\":\"ListItem\",\"position\":1,\"name\":\"Home\",\"item\":\"https:\/\/prograin.ca\/international\/fr\/\"},{\"@type\":\"ListItem\",\"position\":2,\"name\":\"Semences\",\"item\":\"https:\/\/prograin.ca\/international\/fr\/semences\/\"},{\"@type\":\"ListItem\",\"position\":3,\"name\":\"Articles\"}]},{\"@type\":\"WebSite\",\"@id\":\"https:\/\/prograin.ca\/international\/#website\",\"url\":\"https:\/\/prograin.ca\/international\/\",\"name\":\"International\",\"description\":\"Un site utilisant WordPress\",\"publisher\":{\"@id\":\"https:\/\/prograin.ca\/international\/#organization\"},\"potentialAction\":[{\"@type\":\"SearchAction\",\"target\":{\"@type\":\"EntryPoint\",\"urlTemplate\":\"https:\/\/prograin.ca\/international\/?s={search_term_string}\"},\"query-input\":\"required name=search_term_string\"}],\"inLanguage\":\"fr-CA\"},{\"@type\":\"Organization\",\"@id\":\"https:\/\/prograin.ca\/international\/#organization\",\"name\":\"International\",\"url\":\"https:\/\/prograin.ca\/international\/\",\"logo\":{\"@type\":\"ImageObject\",\"inLanguage\":\"fr-CA\",\"@id\":\"https:\/\/prograin.ca\/international\/#\/schema\/logo\/image\/\",\"url\":\"https:\/\/prograin.ca\/app\/uploads\/sites\/5\/2018\/11\/Prograin-logo-1.png\",\"contentUrl\":\"https:\/\/prograin.ca\/app\/uploads\/sites\/5\/2018\/11\/Prograin-logo-1.png\",\"width\":352,\"height\":85,\"caption\":\"International\"},\"image\":{\"@id\":\"https:\/\/prograin.ca\/international\/#\/schema\/logo\/image\/\"}}]}<\/script>\n<!-- \/ Yoast SEO plugin. -->","yoast_head_json":{"title":"Prograin | Tout savoir sur la culture et la conservation du soya","description":"Prograin vous accompagne \u00e0 toutes les \u00e9tapes de la culture et de l\u2019entreposage du soya. Consultez nos articles.","robots":{"index":"index","follow":"follow","max-snippet":"max-snippet:-1","max-image-preview":"max-image-preview:large","max-video-preview":"max-video-preview:-1"},"canonical":"https:\/\/prograin.ca\/international\/fr\/semences\/articles\/","og_locale":"fr_CA","og_type":"article","og_title":"Prograin | Tout savoir sur la culture et la conservation du soya","og_description":"Prograin vous accompagne \u00e0 toutes les \u00e9tapes de la culture et de l\u2019entreposage du soya. Consultez nos articles.","og_url":"https:\/\/prograin.ca\/international\/fr\/semences\/articles\/","og_site_name":"International","article_modified_time":"2019-03-15T20:13:00+00:00","twitter_card":"summary_large_image","schema":{"@context":"https:\/\/schema.org","@graph":[{"@type":"WebPage","@id":"https:\/\/prograin.ca\/international\/fr\/semences\/articles\/","url":"https:\/\/prograin.ca\/international\/fr\/semences\/articles\/","name":"Prograin | Tout savoir sur la culture et la conservation du soya","isPartOf":{"@id":"https:\/\/prograin.ca\/international\/#website"},"datePublished":"2019-02-12T19:02:35+00:00","dateModified":"2019-03-15T20:13:00+00:00","description":"Prograin vous accompagne \u00e0 toutes les \u00e9tapes de la culture et de l\u2019entreposage du soya. Consultez nos articles.","breadcrumb":{"@id":"https:\/\/prograin.ca\/international\/fr\/semences\/articles\/#breadcrumb"},"inLanguage":"fr-CA","potentialAction":[{"@type":"ReadAction","target":["https:\/\/prograin.ca\/international\/fr\/semences\/articles\/"]}]},{"@type":"BreadcrumbList","@id":"https:\/\/prograin.ca\/international\/fr\/semences\/articles\/#breadcrumb","itemListElement":[{"@type":"ListItem","position":1,"name":"Home","item":"https:\/\/prograin.ca\/international\/fr\/"},{"@type":"ListItem","position":2,"name":"Semences","item":"https:\/\/prograin.ca\/international\/fr\/semences\/"},{"@type":"ListItem","position":3,"name":"Articles"}]},{"@type":"WebSite","@id":"https:\/\/prograin.ca\/international\/#website","url":"https:\/\/prograin.ca\/international\/","name":"International","description":"Un site utilisant WordPress","publisher":{"@id":"https:\/\/prograin.ca\/international\/#organization"},"potentialAction":[{"@type":"SearchAction","target":{"@type":"EntryPoint","urlTemplate":"https:\/\/prograin.ca\/international\/?s={search_term_string}"},"query-input":"required name=search_term_string"}],"inLanguage":"fr-CA"},{"@type":"Organization","@id":"https:\/\/prograin.ca\/international\/#organization","name":"International","url":"https:\/\/prograin.ca\/international\/","logo":{"@type":"ImageObject","inLanguage":"fr-CA","@id":"https:\/\/prograin.ca\/international\/#\/schema\/logo\/image\/","url":"https:\/\/prograin.ca\/app\/uploads\/sites\/5\/2018\/11\/Prograin-logo-1.png","contentUrl":"https:\/\/prograin.ca\/app\/uploads\/sites\/5\/2018\/11\/Prograin-logo-1.png","width":352,"height":85,"caption":"International"},"image":{"@id":"https:\/\/prograin.ca\/international\/#\/schema\/logo\/image\/"}}]}},"featured_image_urls":{"full":"","thumbnail":"","medium":"","medium_large":"","large":"","1536x1536":"","2048x2048":"","menu-24x24":"","menu-36x36":"","menu-48x48":""},"post_excerpt_stackable":"<p>Consultez nos documents d\u2019informations pour la culture et la conservation du soya. Consultez nos articles.<\/p>\n","category_list":"","author_info":{"name":"developpe","url":"https:\/\/prograin.ca\/international\/author\/developpe\/"},"comments_num":"0 comments","featured_image_urls_v2":{"full":"","thumbnail":"","medium":"","medium_large":"","large":"","1536x1536":"","2048x2048":"","menu-24x24":"","menu-36x36":"","menu-48x48":""},"post_excerpt_stackable_v2":"<p>Consultez nos documents d\u2019informations pour la culture et la conservation du soya. Consultez nos articles.<\/p>\n","category_list_v2":"","author_info_v2":{"name":"developpe","url":"https:\/\/prograin.ca\/international\/author\/developpe\/"},"comments_num_v2":"0 comments","coauthors":[],"author_meta":{"author_link":"https:\/\/prograin.ca\/international\/author\/developpe\/","display_name":"developpe"},"relative_dates":{"created":"Posted 7 ann\u00e9es ago","modified":"Updated 7 ann\u00e9es ago"},"absolute_dates":{"created":"Posted on 12 f\u00e9vrier 2019","modified":"Updated on 15 mars 2019"},"absolute_dates_time":{"created":"Posted on 12 f\u00e9vrier 2019 19 h 02 min","modified":"Updated on 15 mars 2019 20 h 13 min"},"featured_img_caption":"","featured_img":false,"series_order":"","_links":{"self":[{"href":"https:\/\/prograin.ca\/international\/wp-json\/wp\/v2\/pages\/20228"}],"collection":[{"href":"https:\/\/prograin.ca\/international\/wp-json\/wp\/v2\/pages"}],"about":[{"href":"https:\/\/prograin.ca\/international\/wp-json\/wp\/v2\/types\/page"}],"author":[{"embeddable":true,"href":"https:\/\/prograin.ca\/international\/wp-json\/wp\/v2\/users\/1"}],"replies":[{"embeddable":true,"href":"https:\/\/prograin.ca\/international\/wp-json\/wp\/v2\/comments?post=20228"}],"version-history":[{"count":6,"href":"https:\/\/prograin.ca\/international\/wp-json\/wp\/v2\/pages\/20228\/revisions"}],"predecessor-version":[{"id":22514,"href":"https:\/\/prograin.ca\/international\/wp-json\/wp\/v2\/pages\/20228\/revisions\/22514"}],"up":[{"embeddable":true,"href":"https:\/\/prograin.ca\/international\/wp-json\/wp\/v2\/pages\/539"}],"wp:attachment":[{"href":"https:\/\/prograin.ca\/international\/wp-json\/wp\/v2\/media?parent=20228"}],"curies":[{"name":"wp","href":"https:\/\/api.w.org\/{rel}","templated":true}]}}