
{"id":20472,"date":"2019-02-15T14:58:56","date_gmt":"2019-02-15T14:58:56","guid":{"rendered":"https:\/\/prograin.ca\/nous-joindre-2\/"},"modified":"2019-03-26T18:32:03","modified_gmt":"2019-03-26T18:32:03","slug":"contact","status":"publish","type":"page","link":"https:\/\/prograin.ca\/international\/en\/contact\/","title":{"rendered":"Contact"},"content":{"rendered":"\n<h3 class=\"is-style-orange\">Semences Prograin inc.<\/h3>\n\n\n\n<p>145, Rang du Bas de la Rivi\u00e8re Nord<br>Saint-C\u00e9saire, QC  J0L&nbsp;1T0<br>CANADA<\/p>\n\n\n\n<p>T&nbsp;: <strong>450 469-5744     <\/strong><br>T<strong> <\/strong>:<strong> 1 800 817-3732<\/strong><br>F&nbsp;: <strong>450 469-4547<\/strong><\/p>\n\n\n\n<p>Regular business hours<br>Monday to Friday&nbsp;: <strong>7&nbsp;a.m. to 5&nbsp;p.m.<\/strong><\/p>\n\n\n\n<table class=\"wp-block-advgb-table advgb-table-frontend\" style=\"max-width:300px\"><tbody><tr><td style=\"vertical-align:middle;text-align:center\"><img loading=\"lazy\" width=\"18\" height=\"34\" class=\"wp-image-20284\" style=\"width: 18px;\" src=\"https:\/\/prograin.ca\/app\/uploads\/2019\/02\/facebook.png\" alt=\"\" srcset=\"https:\/\/prograin.ca\/app\/uploads\/sites\/5\/2019\/02\/facebook.png 18w, https:\/\/prograin.ca\/app\/uploads\/sites\/5\/2019\/02\/facebook-13x24.png 13w\" sizes=\"(max-width: 18px) 100vw, 18px\" \/><\/td><td style=\"vertical-align:middle\"> Prograin <\/td><\/tr><tr><td style=\"vertical-align:middle;text-align:center\"><img loading=\"lazy\" width=\"25\" height=\"21\" class=\"wp-image-20285\" style=\"width: 25px;\" src=\"https:\/\/prograin.ca\/app\/uploads\/2019\/02\/twitter.png\" alt=\"\" srcset=\"https:\/\/prograin.ca\/app\/uploads\/sites\/5\/2019\/02\/twitter.png 25w, https:\/\/prograin.ca\/app\/uploads\/sites\/5\/2019\/02\/twitter-24x20.png 24w\" sizes=\"(max-width: 25px) 100vw, 25px\" \/><\/td><td style=\"vertical-align:middle\">@prograin_inc <\/td><\/tr><\/tbody><\/table>\n\n\n\n<p><a href=\"mailto:prograin@prograin.qc.ca\">prograin@prograin.qc.ca<\/a><\/p>\n\n\n<script type=\"text\/javascript\">var gform;gform||(document.addEventListener(\"gform_main_scripts_loaded\",function(){gform.scriptsLoaded=!0}),window.addEventListener(\"DOMContentLoaded\",function(){gform.domLoaded=!0}),gform={domLoaded:!1,scriptsLoaded:!1,initializeOnLoaded:function(o){gform.domLoaded&&gform.scriptsLoaded?o():!gform.domLoaded&&gform.scriptsLoaded?window.addEventListener(\"DOMContentLoaded\",o):document.addEventListener(\"gform_main_scripts_loaded\",o)},hooks:{action:{},filter:{}},addAction:function(o,n,r,t){gform.addHook(\"action\",o,n,r,t)},addFilter:function(o,n,r,t){gform.addHook(\"filter\",o,n,r,t)},doAction:function(o){gform.doHook(\"action\",o,arguments)},applyFilters:function(o){return gform.doHook(\"filter\",o,arguments)},removeAction:function(o,n){gform.removeHook(\"action\",o,n)},removeFilter:function(o,n,r){gform.removeHook(\"filter\",o,n,r)},addHook:function(o,n,r,t,i){null==gform.hooks[o][n]&&(gform.hooks[o][n]=[]);var e=gform.hooks[o][n];null==i&&(i=n+\"_\"+e.length),gform.hooks[o][n].push({tag:i,callable:r,priority:t=null==t?10:t})},doHook:function(n,o,r){var t;if(r=Array.prototype.slice.call(r,1),null!=gform.hooks[n][o]&&((o=gform.hooks[n][o]).sort(function(o,n){return o.priority-n.priority}),o.forEach(function(o){\"function\"!=typeof(t=o.callable)&&(t=window[t]),\"action\"==n?t.apply(null,r):r[0]=t.apply(null,r)})),\"filter\"==n)return r[0]},removeHook:function(o,n,t,i){var r;null!=gform.hooks[o][n]&&(r=(r=gform.hooks[o][n]).filter(function(o,n,r){return!!(null!=i&&i!=o.tag||null!=t&&t!=o.priority)}),gform.hooks[o][n]=r)}});<\/script>\n                <div class='gf_browser_gecko gform_wrapper gform_legacy_markup_wrapper' id='gform_wrapper_7' >\n                        <div class='gform_heading'>\n                            <h3 class=\"gform_title\">Contact us<\/h3>\n                            <span class='gform_description'><\/span>\n                        <\/div><form method='post' enctype='multipart\/form-data'  id='gform_7'  action='\/international\/wp-json\/wp\/v2\/pages\/20472' >\n                        <div class='gform_body gform-body'><ul id='gform_fields_7' class='gform_fields top_label form_sublabel_below description_below'><li id=\"field_7_1\"  class=\"gfield gfield_contains_required field_sublabel_below field_description_below hidden_label gfield_visibility_visible\"  data-js-reload=\"field_7_1\"><label class='gfield_label' for='input_7_1' >Name<span class=\"gfield_required\"><span class=\"gfield_required gfield_required_asterisk\">*<\/span><\/span><\/label><div class='ginput_container ginput_container_text'><input name='input_1' id='input_7_1' type='text' value='' class='large'    placeholder='Name' aria-required=\"true\" aria-invalid=\"false\"   \/> <\/div><\/li><li id=\"field_7_2\"  class=\"gfield gfield_contains_required field_sublabel_below field_description_below hidden_label gfield_visibility_visible\"  data-js-reload=\"field_7_2\"><label class='gfield_label' for='input_7_2' >E-mail<span class=\"gfield_required\"><span class=\"gfield_required gfield_required_asterisk\">*<\/span><\/span><\/label><div class='ginput_container ginput_container_email'>\n                            <input name='input_2' id='input_7_2' type='text' value='' class='large'   placeholder='E-mail' aria-required=\"true\" aria-invalid=\"false\"  \/>\n                        <\/div><\/li><li id=\"field_7_3\"  class=\"gfield field_sublabel_below field_description_below hidden_label gfield_visibility_visible\"  data-js-reload=\"field_7_3\"><label class='gfield_label' for='input_7_3' >Phone number<\/label><div class='ginput_container ginput_container_phone'><input name='input_3' id='input_7_3' type='text' value='' class='large'  placeholder='Phone number'  aria-invalid=\"false\"   \/><\/div><\/li><li id=\"field_7_5\"  class=\"gfield field_sublabel_below field_description_below hidden_label gfield_visibility_visible\"  data-js-reload=\"field_7_5\"><label class='gfield_label' for='input_7_5' >Sans titre<\/label><div class='ginput_container ginput_container_textarea'><textarea name='input_5' id='input_7_5' class='textarea medium'    placeholder='Message'  aria-invalid=\"false\"   rows='10' cols='50'><\/textarea><\/div><\/li><\/ul><\/div>\n        <div class='gform_footer top_label'> <input type='submit' id='gform_submit_button_7' class='gform_button button' value='Send'  onclick='if(window[\"gf_submitting_7\"]){return false;}  window[\"gf_submitting_7\"]=true;  ' onkeypress='if( event.keyCode == 13 ){ if(window[\"gf_submitting_7\"]){return false;} window[\"gf_submitting_7\"]=true;  jQuery(\"#gform_7\").trigger(\"submit\",[true]); }' \/> \n            <input type='hidden' class='gform_hidden' name='is_submit_7' value='1' \/>\n            <input type='hidden' class='gform_hidden' name='gform_submit' value='7' \/>\n            \n            <input type='hidden' class='gform_hidden' name='gform_unique_id' value='' \/>\n            <input type='hidden' class='gform_hidden' name='state_7' value='WyJbXSIsImVjZDc4YWE0MTA1OGFkYzFkZDJjNTdmNzYwZDg2YjI1Il0=' \/>\n            <input type='hidden' class='gform_hidden' name='gform_target_page_number_7' id='gform_target_page_number_7' value='0' \/>\n            <input type='hidden' class='gform_hidden' name='gform_source_page_number_7' id='gform_source_page_number_7' value='1' \/>\n            <input type='hidden' name='gform_field_values' value='' \/>\n            \n        <\/div>\n                        <\/form>\n                        <\/div>","protected":false},"excerpt":{"rendered":"<p>Semences Prograin inc. 145, Rang du Bas de la Rivi\u00e8re NordSaint-C\u00e9saire, QC J0L&nbsp;1T0CANADA T&nbsp;: 450 469-5744 T : 1 800 817-3732F&nbsp;: 450 469-4547 Regular business hoursMonday to Friday&nbsp;: 7&nbsp;a.m. to 5&nbsp;p.m. prograin@prograin.qc.ca<\/p>\n","protected":false},"author":1,"featured_media":0,"parent":0,"menu_order":9,"comment_status":"closed","ping_status":"closed","template":"contact","meta":{"advgb_blocks_editor_width":"","advgb_blocks_columns_visual_guide":""},"yoast_head":"<!-- This site is optimized with the Yoast SEO plugin v19.11 - https:\/\/yoast.com\/wordpress\/plugins\/seo\/ -->\n<title>Prograin Contact our experts<\/title>\n<meta name=\"description\" content=\"Our experts are available to answer your questions. Please contact us!\" \/>\n<meta name=\"robots\" content=\"index, follow, max-snippet:-1, max-image-preview:large, max-video-preview:-1\" \/>\n<link rel=\"canonical\" href=\"https:\/\/prograin.ca\/international\/en\/contact\/\" \/>\n<meta property=\"og:locale\" content=\"fr_CA\" \/>\n<meta property=\"og:type\" content=\"article\" \/>\n<meta property=\"og:title\" content=\"Prograin Contact our experts\" \/>\n<meta property=\"og:description\" content=\"Our experts are available to answer your questions. Please contact us!\" \/>\n<meta property=\"og:url\" content=\"https:\/\/prograin.ca\/international\/en\/contact\/\" \/>\n<meta property=\"og:site_name\" content=\"International\" \/>\n<meta property=\"article:modified_time\" content=\"2019-03-26T18:32:03+00:00\" \/>\n<meta property=\"og:image\" content=\"https:\/\/prograin.ca\/app\/uploads\/2019\/02\/facebook.png\" \/>\n<meta name=\"twitter:card\" content=\"summary_large_image\" \/>\n<script type=\"application\/ld+json\" class=\"yoast-schema-graph\">{\"@context\":\"https:\/\/schema.org\",\"@graph\":[{\"@type\":\"WebPage\",\"@id\":\"https:\/\/prograin.ca\/international\/en\/contact\/\",\"url\":\"https:\/\/prograin.ca\/international\/en\/contact\/\",\"name\":\"Prograin Contact our experts\",\"isPartOf\":{\"@id\":\"https:\/\/prograin.ca\/international\/#website\"},\"datePublished\":\"2019-02-15T14:58:56+00:00\",\"dateModified\":\"2019-03-26T18:32:03+00:00\",\"description\":\"Our experts are available to answer your questions. Please contact us!\",\"breadcrumb\":{\"@id\":\"https:\/\/prograin.ca\/international\/en\/contact\/#breadcrumb\"},\"inLanguage\":\"fr-CA\",\"potentialAction\":[{\"@type\":\"ReadAction\",\"target\":[\"https:\/\/prograin.ca\/international\/en\/contact\/\"]}]},{\"@type\":\"BreadcrumbList\",\"@id\":\"https:\/\/prograin.ca\/international\/en\/contact\/#breadcrumb\",\"itemListElement\":[{\"@type\":\"ListItem\",\"position\":1,\"name\":\"Home\",\"item\":\"https:\/\/prograin.ca\/international\/fr\/\"},{\"@type\":\"ListItem\",\"position\":2,\"name\":\"Contact\"}]},{\"@type\":\"WebSite\",\"@id\":\"https:\/\/prograin.ca\/international\/#website\",\"url\":\"https:\/\/prograin.ca\/international\/\",\"name\":\"International\",\"description\":\"Un site utilisant WordPress\",\"publisher\":{\"@id\":\"https:\/\/prograin.ca\/international\/#organization\"},\"potentialAction\":[{\"@type\":\"SearchAction\",\"target\":{\"@type\":\"EntryPoint\",\"urlTemplate\":\"https:\/\/prograin.ca\/international\/?s={search_term_string}\"},\"query-input\":\"required name=search_term_string\"}],\"inLanguage\":\"fr-CA\"},{\"@type\":\"Organization\",\"@id\":\"https:\/\/prograin.ca\/international\/#organization\",\"name\":\"International\",\"url\":\"https:\/\/prograin.ca\/international\/\",\"logo\":{\"@type\":\"ImageObject\",\"inLanguage\":\"fr-CA\",\"@id\":\"https:\/\/prograin.ca\/international\/#\/schema\/logo\/image\/\",\"url\":\"https:\/\/prograin.ca\/app\/uploads\/sites\/5\/2018\/11\/Prograin-logo-1.png\",\"contentUrl\":\"https:\/\/prograin.ca\/app\/uploads\/sites\/5\/2018\/11\/Prograin-logo-1.png\",\"width\":352,\"height\":85,\"caption\":\"International\"},\"image\":{\"@id\":\"https:\/\/prograin.ca\/international\/#\/schema\/logo\/image\/\"}}]}<\/script>\n<!-- \/ Yoast SEO plugin. -->","yoast_head_json":{"title":"Prograin Contact our experts","description":"Our experts are available to answer your questions. Please contact us!","robots":{"index":"index","follow":"follow","max-snippet":"max-snippet:-1","max-image-preview":"max-image-preview:large","max-video-preview":"max-video-preview:-1"},"canonical":"https:\/\/prograin.ca\/international\/en\/contact\/","og_locale":"fr_CA","og_type":"article","og_title":"Prograin Contact our experts","og_description":"Our experts are available to answer your questions. Please contact us!","og_url":"https:\/\/prograin.ca\/international\/en\/contact\/","og_site_name":"International","article_modified_time":"2019-03-26T18:32:03+00:00","og_image":[{"url":"https:\/\/prograin.ca\/app\/uploads\/2019\/02\/facebook.png"}],"twitter_card":"summary_large_image","schema":{"@context":"https:\/\/schema.org","@graph":[{"@type":"WebPage","@id":"https:\/\/prograin.ca\/international\/en\/contact\/","url":"https:\/\/prograin.ca\/international\/en\/contact\/","name":"Prograin Contact our experts","isPartOf":{"@id":"https:\/\/prograin.ca\/international\/#website"},"datePublished":"2019-02-15T14:58:56+00:00","dateModified":"2019-03-26T18:32:03+00:00","description":"Our experts are available to answer your questions. Please contact us!","breadcrumb":{"@id":"https:\/\/prograin.ca\/international\/en\/contact\/#breadcrumb"},"inLanguage":"fr-CA","potentialAction":[{"@type":"ReadAction","target":["https:\/\/prograin.ca\/international\/en\/contact\/"]}]},{"@type":"BreadcrumbList","@id":"https:\/\/prograin.ca\/international\/en\/contact\/#breadcrumb","itemListElement":[{"@type":"ListItem","position":1,"name":"Home","item":"https:\/\/prograin.ca\/international\/fr\/"},{"@type":"ListItem","position":2,"name":"Contact"}]},{"@type":"WebSite","@id":"https:\/\/prograin.ca\/international\/#website","url":"https:\/\/prograin.ca\/international\/","name":"International","description":"Un site utilisant WordPress","publisher":{"@id":"https:\/\/prograin.ca\/international\/#organization"},"potentialAction":[{"@type":"SearchAction","target":{"@type":"EntryPoint","urlTemplate":"https:\/\/prograin.ca\/international\/?s={search_term_string}"},"query-input":"required name=search_term_string"}],"inLanguage":"fr-CA"},{"@type":"Organization","@id":"https:\/\/prograin.ca\/international\/#organization","name":"International","url":"https:\/\/prograin.ca\/international\/","logo":{"@type":"ImageObject","inLanguage":"fr-CA","@id":"https:\/\/prograin.ca\/international\/#\/schema\/logo\/image\/","url":"https:\/\/prograin.ca\/app\/uploads\/sites\/5\/2018\/11\/Prograin-logo-1.png","contentUrl":"https:\/\/prograin.ca\/app\/uploads\/sites\/5\/2018\/11\/Prograin-logo-1.png","width":352,"height":85,"caption":"International"},"image":{"@id":"https:\/\/prograin.ca\/international\/#\/schema\/logo\/image\/"}}]}},"featured_image_urls":{"full":"","thumbnail":"","medium":"","medium_large":"","large":"","1536x1536":"","2048x2048":"","menu-24x24":"","menu-36x36":"","menu-48x48":""},"post_excerpt_stackable":"<p>Semences Prograin inc. 145, Rang du Bas de la Rivi\u00e8re NordSaint-C\u00e9saire, QC J0L&nbsp;1T0CANADA T&nbsp;: 450 469-5744 T : 1 800 817-3732F&nbsp;: 450 469-4547 Regular business hoursMonday to Friday&nbsp;: 7&nbsp;a.m. to 5&nbsp;p.m. Prograin @prograin_inc prograin@prograin.qc.ca Contact us Name* E-mail* Phone numberSans titre<\/p>\n","category_list":"","author_info":{"name":"developpe","url":"https:\/\/prograin.ca\/international\/author\/developpe\/"},"comments_num":"0 comments","featured_image_urls_v2":{"full":"","thumbnail":"","medium":"","medium_large":"","large":"","1536x1536":"","2048x2048":"","menu-24x24":"","menu-36x36":"","menu-48x48":""},"post_excerpt_stackable_v2":"<p>Semences Prograin inc. 145, Rang du Bas de la Rivi\u00e8re NordSaint-C\u00e9saire, QC J0L&nbsp;1T0CANADA T&nbsp;: 450 469-5744 T : 1 800 817-3732F&nbsp;: 450 469-4547 Regular business hoursMonday to Friday&nbsp;: 7&nbsp;a.m. to 5&nbsp;p.m. Prograin @prograin_inc prograin@prograin.qc.ca Contact us Name* E-mail* Phone numberSans titre<\/p>\n","category_list_v2":"","author_info_v2":{"name":"developpe","url":"https:\/\/prograin.ca\/international\/author\/developpe\/"},"comments_num_v2":"0 comments","coauthors":[],"author_meta":{"author_link":"https:\/\/prograin.ca\/international\/author\/developpe\/","display_name":"developpe"},"relative_dates":{"created":"Posted 7 ann\u00e9es ago","modified":"Updated 7 ann\u00e9es ago"},"absolute_dates":{"created":"Posted on 15 f\u00e9vrier 2019","modified":"Updated on 26 mars 2019"},"absolute_dates_time":{"created":"Posted on 15 f\u00e9vrier 2019 14 h 58 min","modified":"Updated on 26 mars 2019 18 h 32 min"},"featured_img_caption":"","featured_img":false,"series_order":"","_links":{"self":[{"href":"https:\/\/prograin.ca\/international\/wp-json\/wp\/v2\/pages\/20472"}],"collection":[{"href":"https:\/\/prograin.ca\/international\/wp-json\/wp\/v2\/pages"}],"about":[{"href":"https:\/\/prograin.ca\/international\/wp-json\/wp\/v2\/types\/page"}],"author":[{"embeddable":true,"href":"https:\/\/prograin.ca\/international\/wp-json\/wp\/v2\/users\/1"}],"replies":[{"embeddable":true,"href":"https:\/\/prograin.ca\/international\/wp-json\/wp\/v2\/comments?post=20472"}],"version-history":[{"count":12,"href":"https:\/\/prograin.ca\/international\/wp-json\/wp\/v2\/pages\/20472\/revisions"}],"predecessor-version":[{"id":23029,"href":"https:\/\/prograin.ca\/international\/wp-json\/wp\/v2\/pages\/20472\/revisions\/23029"}],"wp:attachment":[{"href":"https:\/\/prograin.ca\/international\/wp-json\/wp\/v2\/media?parent=20472"}],"curies":[{"name":"wp","href":"https:\/\/api.w.org\/{rel}","templated":true}]}}