
{"id":22962,"date":"2019-10-03T15:41:38","date_gmt":"2019-10-03T15:41:44","guid":{"rendered":"https:\/\/prograin.ca\/international\/?page_id=22962"},"modified":"2020-02-17T19:16:52","modified_gmt":"2020-02-17T19:16:52","slug":"%e5%85%b3%e4%ba%8e%e5%85%ac%e5%8f%b8","status":"publish","type":"page","link":"https:\/\/prograin.ca\/international\/zh\/%e5%85%b3%e4%ba%8e%e5%85%ac%e5%8f%b8\/","title":{"rendered":"\u5173\u4e8e\u516c\u53f8"},"content":{"rendered":"\n<div class=\"wp-block-prograin-section-block prograin-home\"><ul class=\"subsection\">\n<li class=\"PageTitle\"><h1>\u5173\u4e8e\u516c\u53f8<\/h1><div class=\"prograin-home-slide dark verticalbg\" style=\"background-image:url(https:\/\/prograin.ca\/app\/uploads\/sites\/5\/2019\/01\/entreprise_bg.jpg);background-size:cover\"><div class=\"verticalbg\" style=\"background-image:url(https:\/\/prograin.ca\/app\/uploads\/sites\/5\/2019\/01\/accueil_entreprise.jpg);background-size:cover\"><\/div><div class=\"inside\" style=\"padding-right:\">\n<h2> <span style=\"color:#ffffff\" class=\"color\">\u6211\u4eec\u7684\u4f01\u4e1a\u613f\u4e3a\u60a8\u6548\u52b3 <\/span><\/h2>\n\n\n\n<p><span style=\"color:#ffffff\" class=\"color\"> \u6211\u4eec\u59cb\u4e8e1980\u5e74\uff0c\u5e76\u4e00\u76f4\u4ee5\u6211\u4eec\u7684\u4e13\u4e1a\u7a0b\u5ea6\u800c\u9a84\u50b2\u3002 <br><\/span> <span style=\"color:#ffffff\" class=\"color\">\u4f01\u4e1a\u7684\u4ef7\u503c\u89c2\u4e0d\u65ad\u5851\u9020\u6211\u4eec\u7684\u4e0e\u4f17\u4e0d\u540c\uff0c\u4e5f\u6307\u5f15\u7740\u6211\u4eec\u7684\u51b3\u7b56\u4e0e\u65b9\u5411 <\/span><\/p>\n\n\n\n<div style=\"height:20px\" aria-hidden=\"true\" class=\"wp-block-spacer\"><\/div>\n\n\n\n<div class=\"wp-block-button is-style-squared\"><a class=\"wp-block-button__link\" href=\"https:\/\/prograin.ca\/international\/%e5&nbsp;%85&nbsp;%b3&nbsp;%e4&nbsp;%ba%8e%e5&nbsp;%85&nbsp;%ac%e5&nbsp;%8f%b8\/%e5&nbsp;%85&nbsp;%b3&nbsp;%e4&nbsp;%ba%8e%e6&nbsp;%88&nbsp;%91&nbsp;%e4&nbsp;%bb%ac\/\"> \u4e86\u89e3\u66f4\u591a <\/a><\/div>\n<\/div><\/div><\/li>\n\n\n\n<li><a href=\"https:\/\/prograin.ca\/international\/zh\/%e5&nbsp;%85&nbsp;%b3&nbsp;%e4&nbsp;%ba%8e%e5&nbsp;%85&nbsp;%ac%e5&nbsp;%8f%b8\/%e5&nbsp;%85&nbsp;%b3&nbsp;%e4&nbsp;%ba%8e%e6&nbsp;%88&nbsp;%91&nbsp;%e4&nbsp;%bb%ac\/\">\u5173\u4e8e\u6211\u4eec<\/a><div class=\"prograin-home-slide dark\" style=\"background-image:url(https:\/\/prograin.ca\/app\/uploads\/sites\/5\/2019\/01\/accueil.jpg);background-size:cover\"><div class=\"verticalbg\" style=\"background-size:cover\"><\/div><div class=\"inside\" style=\"padding-right:\">\n<h2> <span style=\"color:#ffffff\" class=\"color\">\u6211\u4eec\u7684\u4f7f\u547d <\/span><\/h2>\n\n\n\n<p><span style=\"color:#ffffff\" class=\"color\"> \u5f00\u53d1\u3001\u6539\u826f\u3001\u52a0\u2f2f\u548c\u9500\u552e\u4f18\u8d28\u2f24\u2f96\uff0c\u4ee5\u6ee1\u2f9c\u519c\u4e1a\u548c\u5546\u4e1a\u9886\u57df\u5ba2\u6237 \u7684\u4e2a\u6027\u9700\u6c42\u3002 <\/span><\/p>\n\n\n\n<div style=\"height:20px\" aria-hidden=\"true\" class=\"wp-block-spacer\"><\/div>\n\n\n\n<div class=\"wp-block-button is-style-squared\"><a class=\"wp-block-button__link\" href=\"https:\/\/prograin.ca\/international\/%e5&nbsp;%85&nbsp;%b3&nbsp;%e4&nbsp;%ba%8e%e5&nbsp;%85&nbsp;%ac%e5&nbsp;%8f%b8\/%e5&nbsp;%85&nbsp;%b3&nbsp;%e4&nbsp;%ba%8e%e6&nbsp;%88&nbsp;%91&nbsp;%e4&nbsp;%bb%ac\/\"> \u4e86\u89e3\u66f4\u591a <\/a><\/div>\n<\/div><\/div><\/li>\n\n\n\n<li><a href=\"https:\/\/prograin.ca\/international\/zh\/%e5&nbsp;%85&nbsp;%b3&nbsp;%e4&nbsp;%ba%8e%e5&nbsp;%85&nbsp;%ac%e5&nbsp;%8f%b8\/%e5&nbsp;%9b%a2&nbsp;%e9&nbsp;%98&nbsp;%9f\/\">\u56e2\u961f<\/a><div class=\"prograin-home-slide dark\" style=\"background-image:url(https:\/\/prograin.ca\/app\/uploads\/sites\/5\/2019\/01\/equipe_bg.jpg);background-size:cover\"><div class=\"verticalbg\" style=\"background-size:cover\"><\/div><div class=\"inside\" style=\"padding-right:\">\n<h2><span style=\"color:#ffffff\" class=\"color\">\u56e2\u961f<\/span><\/h2>\n\n\n\n<p> <span style=\"color:#ffffff\" class=\"color\">\u6211\u4eec\u8fd9\u4e2a\u5927\u5bb6\u5ead\u7684\u6240\u6709\u6210\u5458\u90fd\u5145\u6ee1\u6d3b\u529b\uff0c\u79ef\u6781\u7684\uff0c\u5e76\u4ee5\u4ed6\u4eec\u7684\u4e13\u4e1a\u77e5\u8bc6\u548c\u4e13\u4e1a\u7cbe\u795e\u800c\u95fb\u540d\uff0c\u4ed6\u4eec\u90fd\u5bf9\u5927\u8c46\u6709\u7740\u771f\u6b63\u7684\u70ed\u60c5\u3002 <\/span><\/p>\n\n\n\n<div style=\"height:20px\" aria-hidden=\"true\" class=\"wp-block-spacer\"><\/div>\n\n\n\n<div class=\"wp-block-button is-style-squared\"><a class=\"wp-block-button__link\" href=\"https:\/\/prograin.ca\/international\/zh\/%e5&nbsp;%85&nbsp;%b3&nbsp;%e4&nbsp;%ba%8e%e5&nbsp;%85&nbsp;%ac%e5&nbsp;%8f%b8\/%e5&nbsp;%9b%a2&nbsp;%e9&nbsp;%98&nbsp;%9f\/\"> \u4e86\u89e3\u66f4\u591a <br><\/a><\/div>\n<\/div><\/div><\/li>\n<\/ul><\/div>\n","protected":false},"excerpt":{"rendered":"","protected":false},"author":1,"featured_media":0,"parent":0,"menu_order":1,"comment_status":"closed","ping_status":"closed","template":"accueil","meta":{"advgb_blocks_editor_width":"","advgb_blocks_columns_visual_guide":""},"yoast_head":"<!-- This site is optimized with the Yoast SEO plugin v19.11 - https:\/\/yoast.com\/wordpress\/plugins\/seo\/ -->\n<title>\u5173\u4e8e\u516c\u53f8 - International<\/title>\n<meta name=\"robots\" content=\"index, follow, max-snippet:-1, max-image-preview:large, max-video-preview:-1\" \/>\n<link rel=\"canonical\" href=\"https:\/\/prograin.ca\/international\/zh\/\u5173\u4e8e\u516c\u53f8\/\" \/>\n<meta property=\"og:locale\" content=\"fr_CA\" \/>\n<meta property=\"og:type\" content=\"article\" \/>\n<meta property=\"og:title\" content=\"\u5173\u4e8e\u516c\u53f8 - International\" \/>\n<meta property=\"og:url\" content=\"https:\/\/prograin.ca\/international\/zh\/\u5173\u4e8e\u516c\u53f8\/\" \/>\n<meta property=\"og:site_name\" content=\"International\" \/>\n<meta property=\"article:modified_time\" content=\"2020-02-17T19:16:52+00:00\" \/>\n<meta name=\"twitter:card\" content=\"summary_large_image\" \/>\n<script type=\"application\/ld+json\" class=\"yoast-schema-graph\">{\"@context\":\"https:\/\/schema.org\",\"@graph\":[{\"@type\":\"WebPage\",\"@id\":\"https:\/\/prograin.ca\/international\/zh\/%e5%85%b3%e4%ba%8e%e5%85%ac%e5%8f%b8\/\",\"url\":\"https:\/\/prograin.ca\/international\/zh\/%e5%85%b3%e4%ba%8e%e5%85%ac%e5%8f%b8\/\",\"name\":\"\u5173\u4e8e\u516c\u53f8 - International\",\"isPartOf\":{\"@id\":\"https:\/\/prograin.ca\/international\/#website\"},\"datePublished\":\"2019-10-03T15:41:44+00:00\",\"dateModified\":\"2020-02-17T19:16:52+00:00\",\"breadcrumb\":{\"@id\":\"https:\/\/prograin.ca\/international\/zh\/%e5%85%b3%e4%ba%8e%e5%85%ac%e5%8f%b8\/#breadcrumb\"},\"inLanguage\":\"fr-CA\",\"potentialAction\":[{\"@type\":\"ReadAction\",\"target\":[\"https:\/\/prograin.ca\/international\/zh\/%e5%85%b3%e4%ba%8e%e5%85%ac%e5%8f%b8\/\"]}]},{\"@type\":\"BreadcrumbList\",\"@id\":\"https:\/\/prograin.ca\/international\/zh\/%e5%85%b3%e4%ba%8e%e5%85%ac%e5%8f%b8\/#breadcrumb\",\"itemListElement\":[{\"@type\":\"ListItem\",\"position\":1,\"name\":\"Home\",\"item\":\"https:\/\/prograin.ca\/international\/fr\/\"},{\"@type\":\"ListItem\",\"position\":2,\"name\":\"\u5173\u4e8e\u516c\u53f8\"}]},{\"@type\":\"WebSite\",\"@id\":\"https:\/\/prograin.ca\/international\/#website\",\"url\":\"https:\/\/prograin.ca\/international\/\",\"name\":\"International\",\"description\":\"Un site utilisant WordPress\",\"publisher\":{\"@id\":\"https:\/\/prograin.ca\/international\/#organization\"},\"potentialAction\":[{\"@type\":\"SearchAction\",\"target\":{\"@type\":\"EntryPoint\",\"urlTemplate\":\"https:\/\/prograin.ca\/international\/?s={search_term_string}\"},\"query-input\":\"required name=search_term_string\"}],\"inLanguage\":\"fr-CA\"},{\"@type\":\"Organization\",\"@id\":\"https:\/\/prograin.ca\/international\/#organization\",\"name\":\"International\",\"url\":\"https:\/\/prograin.ca\/international\/\",\"logo\":{\"@type\":\"ImageObject\",\"inLanguage\":\"fr-CA\",\"@id\":\"https:\/\/prograin.ca\/international\/#\/schema\/logo\/image\/\",\"url\":\"https:\/\/prograin.ca\/app\/uploads\/sites\/5\/2018\/11\/Prograin-logo-1.png\",\"contentUrl\":\"https:\/\/prograin.ca\/app\/uploads\/sites\/5\/2018\/11\/Prograin-logo-1.png\",\"width\":352,\"height\":85,\"caption\":\"International\"},\"image\":{\"@id\":\"https:\/\/prograin.ca\/international\/#\/schema\/logo\/image\/\"}}]}<\/script>\n<!-- \/ Yoast SEO plugin. -->","yoast_head_json":{"title":"\u5173\u4e8e\u516c\u53f8 - International","robots":{"index":"index","follow":"follow","max-snippet":"max-snippet:-1","max-image-preview":"max-image-preview:large","max-video-preview":"max-video-preview:-1"},"canonical":"https:\/\/prograin.ca\/international\/zh\/\u5173\u4e8e\u516c\u53f8\/","og_locale":"fr_CA","og_type":"article","og_title":"\u5173\u4e8e\u516c\u53f8 - International","og_url":"https:\/\/prograin.ca\/international\/zh\/\u5173\u4e8e\u516c\u53f8\/","og_site_name":"International","article_modified_time":"2020-02-17T19:16:52+00:00","twitter_card":"summary_large_image","schema":{"@context":"https:\/\/schema.org","@graph":[{"@type":"WebPage","@id":"https:\/\/prograin.ca\/international\/zh\/%e5%85%b3%e4%ba%8e%e5%85%ac%e5%8f%b8\/","url":"https:\/\/prograin.ca\/international\/zh\/%e5%85%b3%e4%ba%8e%e5%85%ac%e5%8f%b8\/","name":"\u5173\u4e8e\u516c\u53f8 - International","isPartOf":{"@id":"https:\/\/prograin.ca\/international\/#website"},"datePublished":"2019-10-03T15:41:44+00:00","dateModified":"2020-02-17T19:16:52+00:00","breadcrumb":{"@id":"https:\/\/prograin.ca\/international\/zh\/%e5%85%b3%e4%ba%8e%e5%85%ac%e5%8f%b8\/#breadcrumb"},"inLanguage":"fr-CA","potentialAction":[{"@type":"ReadAction","target":["https:\/\/prograin.ca\/international\/zh\/%e5%85%b3%e4%ba%8e%e5%85%ac%e5%8f%b8\/"]}]},{"@type":"BreadcrumbList","@id":"https:\/\/prograin.ca\/international\/zh\/%e5%85%b3%e4%ba%8e%e5%85%ac%e5%8f%b8\/#breadcrumb","itemListElement":[{"@type":"ListItem","position":1,"name":"Home","item":"https:\/\/prograin.ca\/international\/fr\/"},{"@type":"ListItem","position":2,"name":"\u5173\u4e8e\u516c\u53f8"}]},{"@type":"WebSite","@id":"https:\/\/prograin.ca\/international\/#website","url":"https:\/\/prograin.ca\/international\/","name":"International","description":"Un site utilisant WordPress","publisher":{"@id":"https:\/\/prograin.ca\/international\/#organization"},"potentialAction":[{"@type":"SearchAction","target":{"@type":"EntryPoint","urlTemplate":"https:\/\/prograin.ca\/international\/?s={search_term_string}"},"query-input":"required name=search_term_string"}],"inLanguage":"fr-CA"},{"@type":"Organization","@id":"https:\/\/prograin.ca\/international\/#organization","name":"International","url":"https:\/\/prograin.ca\/international\/","logo":{"@type":"ImageObject","inLanguage":"fr-CA","@id":"https:\/\/prograin.ca\/international\/#\/schema\/logo\/image\/","url":"https:\/\/prograin.ca\/app\/uploads\/sites\/5\/2018\/11\/Prograin-logo-1.png","contentUrl":"https:\/\/prograin.ca\/app\/uploads\/sites\/5\/2018\/11\/Prograin-logo-1.png","width":352,"height":85,"caption":"International"},"image":{"@id":"https:\/\/prograin.ca\/international\/#\/schema\/logo\/image\/"}}]}},"featured_image_urls":{"full":"","thumbnail":"","medium":"","medium_large":"","large":"","1536x1536":"","2048x2048":"","menu-24x24":"","menu-36x36":"","menu-48x48":""},"post_excerpt_stackable":"<p>\u5173\u4e8e\u516c\u53f8 \u6211\u4eec\u7684\u4f01\u4e1a\u613f\u4e3a\u60a8\u6548\u52b3 \u6211\u4eec\u59cb\u4e8e1980\u5e74\uff0c\u5e76\u4e00\u76f4\u4ee5\u6211\u4eec\u7684\u4e13\u4e1a\u7a0b\u5ea6\u800c\u9a84\u50b2\u3002 \u4f01\u4e1a\u7684\u4ef7\u503c\u89c2\u4e0d\u65ad\u5851\u9020\u6211\u4eec\u7684\u4e0e\u4f17\u4e0d\u540c\uff0c\u4e5f\u6307\u5f15\u7740\u6211\u4eec\u7684\u51b3\u7b56\u4e0e\u65b9\u5411 \u4e86\u89e3\u66f4\u591a \u5173\u4e8e\u6211\u4eec \u6211\u4eec\u7684\u4f7f\u547d \u5f00\u53d1\u3001\u6539\u826f\u3001\u52a0\u2f2f\u548c\u9500\u552e\u4f18\u8d28\u2f24\u2f96\uff0c\u4ee5\u6ee1\u2f9c\u519c\u4e1a\u548c\u5546\u4e1a\u9886\u57df\u5ba2\u6237 \u7684\u4e2a\u6027\u9700\u6c42\u3002 \u4e86\u89e3\u66f4\u591a \u56e2\u961f \u56e2\u961f \u6211\u4eec\u8fd9\u4e2a\u5927\u5bb6\u5ead\u7684\u6240\u6709\u6210\u5458\u90fd\u5145\u6ee1\u6d3b\u529b\uff0c\u79ef\u6781\u7684\uff0c\u5e76\u4ee5\u4ed6\u4eec\u7684\u4e13\u4e1a\u77e5\u8bc6\u548c\u4e13\u4e1a\u7cbe\u795e\u800c\u95fb\u540d\uff0c\u4ed6\u4eec\u90fd\u5bf9\u5927\u8c46\u6709\u7740\u771f\u6b63\u7684\u70ed\u60c5\u3002 \u4e86\u89e3\u66f4\u591a<\/p>\n","category_list":"","author_info":{"name":"developpe","url":"https:\/\/prograin.ca\/international\/author\/developpe\/"},"comments_num":"0 comments","featured_image_urls_v2":{"full":"","thumbnail":"","medium":"","medium_large":"","large":"","1536x1536":"","2048x2048":"","menu-24x24":"","menu-36x36":"","menu-48x48":""},"post_excerpt_stackable_v2":"<p>\u5173\u4e8e\u516c\u53f8 \u6211\u4eec\u7684\u4f01\u4e1a\u613f\u4e3a\u60a8\u6548\u52b3 \u6211\u4eec\u59cb\u4e8e1980\u5e74\uff0c\u5e76\u4e00\u76f4\u4ee5\u6211\u4eec\u7684\u4e13\u4e1a\u7a0b\u5ea6\u800c\u9a84\u50b2\u3002 \u4f01\u4e1a\u7684\u4ef7\u503c\u89c2\u4e0d\u65ad\u5851\u9020\u6211\u4eec\u7684\u4e0e\u4f17\u4e0d\u540c\uff0c\u4e5f\u6307\u5f15\u7740\u6211\u4eec\u7684\u51b3\u7b56\u4e0e\u65b9\u5411 \u4e86\u89e3\u66f4\u591a \u5173\u4e8e\u6211\u4eec \u6211\u4eec\u7684\u4f7f\u547d \u5f00\u53d1\u3001\u6539\u826f\u3001\u52a0\u2f2f\u548c\u9500\u552e\u4f18\u8d28\u2f24\u2f96\uff0c\u4ee5\u6ee1\u2f9c\u519c\u4e1a\u548c\u5546\u4e1a\u9886\u57df\u5ba2\u6237 \u7684\u4e2a\u6027\u9700\u6c42\u3002 \u4e86\u89e3\u66f4\u591a \u56e2\u961f \u56e2\u961f \u6211\u4eec\u8fd9\u4e2a\u5927\u5bb6\u5ead\u7684\u6240\u6709\u6210\u5458\u90fd\u5145\u6ee1\u6d3b\u529b\uff0c\u79ef\u6781\u7684\uff0c\u5e76\u4ee5\u4ed6\u4eec\u7684\u4e13\u4e1a\u77e5\u8bc6\u548c\u4e13\u4e1a\u7cbe\u795e\u800c\u95fb\u540d\uff0c\u4ed6\u4eec\u90fd\u5bf9\u5927\u8c46\u6709\u7740\u771f\u6b63\u7684\u70ed\u60c5\u3002 \u4e86\u89e3\u66f4\u591a<\/p>\n","category_list_v2":"","author_info_v2":{"name":"developpe","url":"https:\/\/prograin.ca\/international\/author\/developpe\/"},"comments_num_v2":"0 comments","coauthors":[],"author_meta":{"author_link":"https:\/\/prograin.ca\/international\/author\/developpe\/","display_name":"developpe"},"relative_dates":{"created":"Posted 7 ann\u00e9es ago","modified":"Updated 6 ann\u00e9es ago"},"absolute_dates":{"created":"Posted on 3 octobre 2019","modified":"Updated on 17 f\u00e9vrier 2020"},"absolute_dates_time":{"created":"Posted on 3 octobre 2019 15 h 41 min","modified":"Updated on 17 f\u00e9vrier 2020 19 h 16 min"},"featured_img_caption":"","featured_img":false,"series_order":"","_links":{"self":[{"href":"https:\/\/prograin.ca\/international\/wp-json\/wp\/v2\/pages\/22962"}],"collection":[{"href":"https:\/\/prograin.ca\/international\/wp-json\/wp\/v2\/pages"}],"about":[{"href":"https:\/\/prograin.ca\/international\/wp-json\/wp\/v2\/types\/page"}],"author":[{"embeddable":true,"href":"https:\/\/prograin.ca\/international\/wp-json\/wp\/v2\/users\/1"}],"replies":[{"embeddable":true,"href":"https:\/\/prograin.ca\/international\/wp-json\/wp\/v2\/comments?post=22962"}],"version-history":[{"count":14,"href":"https:\/\/prograin.ca\/international\/wp-json\/wp\/v2\/pages\/22962\/revisions"}],"predecessor-version":[{"id":23146,"href":"https:\/\/prograin.ca\/international\/wp-json\/wp\/v2\/pages\/22962\/revisions\/23146"}],"wp:attachment":[{"href":"https:\/\/prograin.ca\/international\/wp-json\/wp\/v2\/media?parent=22962"}],"curies":[{"name":"wp","href":"https:\/\/api.w.org\/{rel}","templated":true}]}}