
{"id":22964,"date":"2019-10-03T15:43:38","date_gmt":"2019-10-03T15:43:38","guid":{"rendered":"https:\/\/prograin.ca\/international\/%e7%a7%8d%e5%ad%90\/"},"modified":"2020-02-17T19:17:32","modified_gmt":"2020-02-17T19:17:32","slug":"%e7%a7%8d%e5%ad%90","status":"publish","type":"page","link":"https:\/\/prograin.ca\/international\/zh\/%e7%a7%8d%e5%ad%90\/","title":{"rendered":"\u79cd\u5b50"},"content":{"rendered":"\n<div class=\"wp-block-prograin-section-block prograin-home\"><ul class=\"subsection\">\n<li class=\"PageTitle\"><h1>\u79cd\u5b50<\/h1><div class=\"prograin-home-slide dark\" style=\"background-image:url(https:\/\/prograin.ca\/app\/uploads\/sites\/5\/2019\/03\/323773366.jpg);background-size:cover\"><div class=\"verticalbg\" style=\"background-size:cover\"><\/div><div class=\"inside\" style=\"padding-right:30\">\n<h2><span style=\"color:#ffffff\" class=\"color\"> \u666e\u4e50\u8c37\u81ea1980\u5e74\u4ee5\u6765\u4e00\u76f4\u662f\u5927\u8c46\u5e02\u573a\u7684\u9886\u5bfc\u8005\u3002 <\/span><\/h2>\n\n\n\n<p class=\"has-text-color has-very-light-gray-color\">\u9009\u62e9\u79cd\u690d\u666e\u4e50\u8c37\u5927\u8c46\u5c31\u7b49\u4e8e\u4f60\u9009\u62e9\u4e86\u9ad8\u8d28\u91cf\u3001\u6392\u4ed6\u6027,\u521b\u65b0,\u4ee5\u53ca\u6536\u76ca\u7684\u4fdd\u969c\u3002\u6211\u4eec\u7684\u54c1\u79cd\u5b8c\u5168\u9002\u5408\u5404\u5730\u533a\u3002\u6b64\u5916\uff0c\u6211\u4eec\u627f\u8bfa100&nbsp;%\u56de\u8d2d\u60a8\u7684\u5927\u8c46\uff0c\u4ece\u800c\u7ed9\u60a8100&nbsp;%\u7684\u5b89\u5fc3\u3002 <\/p>\n\n\n\n<div style=\"height:20px\" aria-hidden=\"true\" class=\"wp-block-spacer\"><\/div>\n\n\n\n<div class=\"wp-block-button is-style-squared\"><a class=\"wp-block-button__link\" href=\"https:\/\/prograin.ca\/international\/zh\/%e7&nbsp;%a7&nbsp;%8d%e5&nbsp;%ad%90\/%e6&nbsp;%88&nbsp;%91&nbsp;%e4&nbsp;%bb%ac%e7&nbsp;%9a%84&nbsp;%e5&nbsp;%93&nbsp;%81&nbsp;%e7&nbsp;%a7&nbsp;%8d-%e9&nbsp;%9d%9e%e8&nbsp;%bd%ac%e5&nbsp;%9f%ba%e5&nbsp;%9b%a0&nbsp;%e5&nbsp;%a4&nbsp;%a7&nbsp;%e8&nbsp;%b1&nbsp;%86\/\">\u6211\u4eec\u6240\u6709\u7684\u54c1\u79cd <br><\/a><\/div>\n<\/div><\/div><\/li>\n\n\n\n<li><a href=\"https:\/\/prograin.ca\/international\/zh\/%E7&nbsp;%A7&nbsp;%8D%E5&nbsp;%AD%90\/%E4&nbsp;%BC%A0&nbsp;%E7&nbsp;%BB%9F%E8&nbsp;%82&nbsp;%B2&nbsp;%E7&nbsp;%A7&nbsp;%8D\/\">\u4f20\u7edf\u80b2\u79cd<\/a><div class=\"prograin-home-slide dark\" style=\"background-image:url(https:\/\/prograin.ca\/app\/uploads\/sites\/5\/2018\/11\/semences_sans_ogm_semences.jpg);background-size:cover\"><div class=\"verticalbg\" style=\"background-size:cover\"><\/div><div class=\"inside\" style=\"padding-right:50&nbsp;%\">\n<table class=\"wp-block-advgb-table advgb-table-frontend\" style=\"max-width:277px\"><tbody><tr><td style=\"border-width:1px;border-style:none;text-align:left\"><img loading=\"lazy\" width=\"528\" height=\"131\" class=\"wp-image-21202\" style=\"width: 150px;\" src=\"https:\/\/prograin.ca\/app\/uploads\/2019\/02\/qp_logo.png\" alt=\"\" srcset=\"https:\/\/prograin.ca\/app\/uploads\/sites\/5\/2019\/02\/qp_logo.png 528w, https:\/\/prograin.ca\/app\/uploads\/sites\/5\/2019\/02\/qp_logo-300x74.png 300w, https:\/\/prograin.ca\/app\/uploads\/sites\/5\/2019\/02\/qp_logo-24x6.png 24w, https:\/\/prograin.ca\/app\/uploads\/sites\/5\/2019\/02\/qp_logo-36x9.png 36w, https:\/\/prograin.ca\/app\/uploads\/sites\/5\/2019\/02\/qp_logo-48x12.png 48w\" sizes=\"(max-width: 528px) 100vw, 528px\" \/><\/td><td style=\"border-width:1px;border-style:none;text-align:left\"><img loading=\"lazy\" width=\"115\" height=\"98\" class=\"wp-image-20881\" style=\"width: 115px;\" src=\"https:\/\/prograin.ca\/app\/uploads\/2019\/02\/IP-1.png\" alt=\"\" srcset=\"https:\/\/prograin.ca\/app\/uploads\/sites\/5\/2019\/02\/IP-1.png 115w, https:\/\/prograin.ca\/app\/uploads\/sites\/5\/2019\/02\/IP-1-24x20.png 24w, https:\/\/prograin.ca\/app\/uploads\/sites\/5\/2019\/02\/IP-1-36x31.png 36w, https:\/\/prograin.ca\/app\/uploads\/sites\/5\/2019\/02\/IP-1-48x41.png 48w\" sizes=\"(max-width: 115px) 100vw, 115px\" \/><\/td><\/tr><\/tbody><\/table>\n\n\n\n<h2> <br><span style=\"color:#ffffff\" class=\"color\">\u4f20\u7edf\u80b2\u79cd  <\/span><\/h2>\n\n\n\n<p><span style=\"color:#ffffff\" class=\"color\"> \u666e\u4e50\u8c37\u79cd\u5b50:\u8d28\u91cf\u3001\u521b\u65b0\u548c\u5229\u6da6 <\/span><\/p>\n\n\n\n<div style=\"height:20px\" aria-hidden=\"true\" class=\"wp-block-spacer\"><\/div>\n\n\n\n<div class=\"wp-block-button is-style-squared\"><a class=\"wp-block-button__link\" href=\"https:\/\/prograin.ca\/seeds\/conventional\/\"> \u54c1\u79cd\u5217\u8868 <br><\/a><\/div>\n<\/div><\/div><\/li>\n\n\n\n<li><a href=\"https:\/\/prograin.ca\/international\/zh\/%e7&nbsp;%a7&nbsp;%8d%e5&nbsp;%ad%90\/%e6&nbsp;%99&nbsp;%ae%e4&nbsp;%b9&nbsp;%90&nbsp;%e8&nbsp;%b0&nbsp;%b7&nbsp;%e5&nbsp;%a4&nbsp;%a7&nbsp;%e8&nbsp;%b1&nbsp;%86&nbsp;%e4&nbsp;%b8&nbsp;%93&nbsp;%e5&nbsp;%ae%b6\/\">\u666e\u4e50\u8c37\u5927\u8c46\u4e13\u5bb6<\/a><div class=\"prograin-home-slide dark\" style=\"background-image:url(https:\/\/prograin.ca\/app\/uploads\/sites\/5\/2019\/01\/conseils_header.jpg);background-size:cover\"><div class=\"verticalbg\" style=\"background-size:cover\"><\/div><div class=\"inside\" style=\"padding-right:50&nbsp;%\">\n<h2><span style=\"color:#ffffff\" class=\"color\"> \u5229\u7528\u6211\u4eec\u7684\u8d44\u6e90 <\/span><\/h2>\n\n\n\n<p><span style=\"color:#ffffff\" class=\"color\">\u666e\u4e50\u8c37\u4e13\u5bb6\u53ef\u4ee5\u5728\u4efb\u4f55\u9636\u6bb5\u7684\u751f\u4ea7\u63d0\u4f9b\u5efa\u8bae,\u4ece\u64ad\u79cd\u5230\u6536\u83b7\u3002\u6211\u4eec\u5f88\u9ad8\u5174\u5e2e\u52a9\u60a8\u6700\u5927\u9650\u5ea6\u5730\u63d0\u9ad8\u60a8\u7684\u6536\u5165  <\/span><\/p>\n\n\n\n<div style=\"height:20px\" aria-hidden=\"true\" class=\"wp-block-spacer\"><\/div>\n\n\n\n<div class=\"wp-block-button is-style-squared\"><a class=\"wp-block-button__link\" href=\"https:\/\/prograin.ca\/international\/zh\/%e7&nbsp;%a7&nbsp;%8d%e5&nbsp;%ad%90\/%e6&nbsp;%99&nbsp;%ae%e4&nbsp;%b9&nbsp;%90&nbsp;%e8&nbsp;%b0&nbsp;%b7&nbsp;%e5&nbsp;%a4&nbsp;%a7&nbsp;%e8&nbsp;%b1&nbsp;%86&nbsp;%e4&nbsp;%b8&nbsp;%93&nbsp;%e5&nbsp;%ae%b6\/\">\u8bf7\u9605\u8bfb\u6211\u4eec\u7684\u5efa\u8bae\u3002<br><\/a><\/div>\n<\/div><\/div><\/li>\n\n\n\n<li><a href=\"https:\/\/prograin.ca\/international\/zh\/%e7&nbsp;%a7&nbsp;%8d%e5&nbsp;%ad%90\/%e6&nbsp;%88&nbsp;%91&nbsp;%e4&nbsp;%bb%ac%e7&nbsp;%9a%84&nbsp;%e5&nbsp;%93&nbsp;%81&nbsp;%e7&nbsp;%a7&nbsp;%8d-%e9&nbsp;%9d%9e%e8&nbsp;%bd%ac%e5&nbsp;%9f%ba%e5&nbsp;%9b%a0&nbsp;%e5&nbsp;%a4&nbsp;%a7&nbsp;%e8&nbsp;%b1&nbsp;%86\/\">\u6211\u4eec\u7684\u54c1\u79cd-\u975e\u8f6c\u57fa\u56e0\u5927\u8c46<\/a><div class=\"prograin-home-slide dark\" style=\"background-image:url(https:\/\/prograin.ca\/app\/uploads\/sites\/5\/2019\/01\/soya_sans_ogm.jpg);background-size:cover\"><div class=\"verticalbg\" style=\"background-size:cover\"><\/div><div class=\"inside\" style=\"padding-right:50&nbsp;%\">\n<h2><span style=\"color:#ffffff\" class=\"color\"> \u975e\u8f6c\u57fa\u56e0\u5927\u8c46 <\/span><\/h2>\n\n\n\n<p><span style=\"color:#ffffff\" class=\"color\"> \u6211\u4eec\u7684\u5927\u8c46\u517b\u6d3b\u4e86\u5168\u4e16\u754c1700\u591a\u4e07\u4eba\u3002\u8c46\u8150\u662f\u6700\u5e38\u4e0e\u5927\u8c46\u8054\u7cfb\u5728\u4e00\u8d77\u7684\u4ea7\u54c1\uff0c\u4f46\u6211\u4eec\u7684\u5927\u8c46\u8fd8\u6709\u5f88\u591a\u5176\u4ed6\u7528\u9014\u3002 <\/span><\/p>\n\n\n\n<div style=\"height:20px\" aria-hidden=\"true\" class=\"wp-block-spacer\"><\/div>\n\n\n\n<div class=\"wp-block-button is-style-squared\"><a class=\"wp-block-button__link\" href=\"https:\/\/prograin.ca\/international\/food-grade-soybeans\/non-gmo-soybeans-our-varieties\/\"> \u54c1\u79cd\u5217\u8868\uff08\u2fae\u8f6c\u57fa\u56e0\u2f24\u2f96\uff09 <br><\/a><\/div>\n<\/div><\/div><\/li>\n\n\n\n<li><a href=\"https:\/\/prograin.ca\/international\/zh\/%e7&nbsp;%a7&nbsp;%8d%e5&nbsp;%ad%90\/%e9&nbsp;%97&nbsp;%ae%e4&nbsp;%b8&nbsp;%8e%e7&nbsp;%ad%94\/\">\u95ee\u4e0e\u7b54<\/a><div class=\"prograin-home-slide dark\" style=\"background-image:url(https:\/\/prograin.ca\/app\/uploads\/sites\/5\/2019\/02\/bg_conseils-1.jpg);background-size:cover\"><div class=\"verticalbg\" style=\"background-size:cover\"><\/div><div class=\"inside\" style=\"padding-right:50&nbsp;%\">\n<h2 class=\"is-style-blanc\"> \u95ee\u4e0e\u7b54 <\/h2>\n\n\n\n<p><span style=\"color:#ffffff\" class=\"color\"> \u60a8\u6709\u5173\u4e8e\u5927\u8c46\u7684\u95ee\u9898\u5417? <br>\u4ee5\u4e0b\u662f\u5e38\u89c1\u7684\u95ee\u9898\u4e0e\u7b54\u6848\u5217\u8868\u3002 <\/span><\/p>\n\n\n\n<div style=\"height:20px\" aria-hidden=\"true\" class=\"wp-block-spacer\"><\/div>\n\n\n\n<div class=\"wp-block-button is-style-squared\"><a class=\"wp-block-button__link\" href=\"https:\/\/prograin.ca\/international\/zh\/%e7&nbsp;%a7&nbsp;%8d%e5&nbsp;%ad%90\/%e9&nbsp;%97&nbsp;%ae%e4&nbsp;%b8&nbsp;%8e%e7&nbsp;%ad%94\/\">\u60a8\u7684\u95ee\u9898\u662f? <\/a><\/div>\n<\/div><\/div><\/li>\n<\/ul><\/div>\n","protected":false},"excerpt":{"rendered":"","protected":false},"author":1,"featured_media":0,"parent":0,"menu_order":2,"comment_status":"closed","ping_status":"closed","template":"accueil","meta":{"advgb_blocks_editor_width":"","advgb_blocks_columns_visual_guide":""},"yoast_head":"<!-- This site is optimized with the Yoast SEO plugin v19.11 - https:\/\/yoast.com\/wordpress\/plugins\/seo\/ -->\n<title>\u79cd\u5b50 - International<\/title>\n<meta name=\"robots\" content=\"index, follow, max-snippet:-1, max-image-preview:large, max-video-preview:-1\" \/>\n<link rel=\"canonical\" href=\"https:\/\/prograin.ca\/international\/zh\/\u79cd\u5b50\/\" \/>\n<meta property=\"og:locale\" content=\"fr_CA\" \/>\n<meta property=\"og:type\" content=\"article\" \/>\n<meta property=\"og:title\" content=\"\u79cd\u5b50 - International\" \/>\n<meta property=\"og:url\" content=\"https:\/\/prograin.ca\/international\/zh\/\u79cd\u5b50\/\" \/>\n<meta property=\"og:site_name\" content=\"International\" \/>\n<meta property=\"article:modified_time\" content=\"2020-02-17T19:17:32+00:00\" \/>\n<meta property=\"og:image\" content=\"https:\/\/prograin.ca\/app\/uploads\/2019\/02\/qp_logo.png\" \/>\n<meta name=\"twitter:card\" content=\"summary_large_image\" \/>\n<script type=\"application\/ld+json\" class=\"yoast-schema-graph\">{\"@context\":\"https:\/\/schema.org\",\"@graph\":[{\"@type\":\"WebPage\",\"@id\":\"https:\/\/prograin.ca\/international\/zh\/%e7%a7%8d%e5%ad%90\/\",\"url\":\"https:\/\/prograin.ca\/international\/zh\/%e7%a7%8d%e5%ad%90\/\",\"name\":\"\u79cd\u5b50 - International\",\"isPartOf\":{\"@id\":\"https:\/\/prograin.ca\/international\/#website\"},\"datePublished\":\"2019-10-03T15:43:38+00:00\",\"dateModified\":\"2020-02-17T19:17:32+00:00\",\"breadcrumb\":{\"@id\":\"https:\/\/prograin.ca\/international\/zh\/%e7%a7%8d%e5%ad%90\/#breadcrumb\"},\"inLanguage\":\"fr-CA\",\"potentialAction\":[{\"@type\":\"ReadAction\",\"target\":[\"https:\/\/prograin.ca\/international\/zh\/%e7%a7%8d%e5%ad%90\/\"]}]},{\"@type\":\"BreadcrumbList\",\"@id\":\"https:\/\/prograin.ca\/international\/zh\/%e7%a7%8d%e5%ad%90\/#breadcrumb\",\"itemListElement\":[{\"@type\":\"ListItem\",\"position\":1,\"name\":\"Home\",\"item\":\"https:\/\/prograin.ca\/international\/fr\/\"},{\"@type\":\"ListItem\",\"position\":2,\"name\":\"\u79cd\u5b50\"}]},{\"@type\":\"WebSite\",\"@id\":\"https:\/\/prograin.ca\/international\/#website\",\"url\":\"https:\/\/prograin.ca\/international\/\",\"name\":\"International\",\"description\":\"Un site utilisant WordPress\",\"publisher\":{\"@id\":\"https:\/\/prograin.ca\/international\/#organization\"},\"potentialAction\":[{\"@type\":\"SearchAction\",\"target\":{\"@type\":\"EntryPoint\",\"urlTemplate\":\"https:\/\/prograin.ca\/international\/?s={search_term_string}\"},\"query-input\":\"required name=search_term_string\"}],\"inLanguage\":\"fr-CA\"},{\"@type\":\"Organization\",\"@id\":\"https:\/\/prograin.ca\/international\/#organization\",\"name\":\"International\",\"url\":\"https:\/\/prograin.ca\/international\/\",\"logo\":{\"@type\":\"ImageObject\",\"inLanguage\":\"fr-CA\",\"@id\":\"https:\/\/prograin.ca\/international\/#\/schema\/logo\/image\/\",\"url\":\"https:\/\/prograin.ca\/app\/uploads\/sites\/5\/2018\/11\/Prograin-logo-1.png\",\"contentUrl\":\"https:\/\/prograin.ca\/app\/uploads\/sites\/5\/2018\/11\/Prograin-logo-1.png\",\"width\":352,\"height\":85,\"caption\":\"International\"},\"image\":{\"@id\":\"https:\/\/prograin.ca\/international\/#\/schema\/logo\/image\/\"}}]}<\/script>\n<!-- \/ Yoast SEO plugin. -->","yoast_head_json":{"title":"\u79cd\u5b50 - International","robots":{"index":"index","follow":"follow","max-snippet":"max-snippet:-1","max-image-preview":"max-image-preview:large","max-video-preview":"max-video-preview:-1"},"canonical":"https:\/\/prograin.ca\/international\/zh\/\u79cd\u5b50\/","og_locale":"fr_CA","og_type":"article","og_title":"\u79cd\u5b50 - International","og_url":"https:\/\/prograin.ca\/international\/zh\/\u79cd\u5b50\/","og_site_name":"International","article_modified_time":"2020-02-17T19:17:32+00:00","og_image":[{"url":"https:\/\/prograin.ca\/app\/uploads\/2019\/02\/qp_logo.png"}],"twitter_card":"summary_large_image","schema":{"@context":"https:\/\/schema.org","@graph":[{"@type":"WebPage","@id":"https:\/\/prograin.ca\/international\/zh\/%e7%a7%8d%e5%ad%90\/","url":"https:\/\/prograin.ca\/international\/zh\/%e7%a7%8d%e5%ad%90\/","name":"\u79cd\u5b50 - International","isPartOf":{"@id":"https:\/\/prograin.ca\/international\/#website"},"datePublished":"2019-10-03T15:43:38+00:00","dateModified":"2020-02-17T19:17:32+00:00","breadcrumb":{"@id":"https:\/\/prograin.ca\/international\/zh\/%e7%a7%8d%e5%ad%90\/#breadcrumb"},"inLanguage":"fr-CA","potentialAction":[{"@type":"ReadAction","target":["https:\/\/prograin.ca\/international\/zh\/%e7%a7%8d%e5%ad%90\/"]}]},{"@type":"BreadcrumbList","@id":"https:\/\/prograin.ca\/international\/zh\/%e7%a7%8d%e5%ad%90\/#breadcrumb","itemListElement":[{"@type":"ListItem","position":1,"name":"Home","item":"https:\/\/prograin.ca\/international\/fr\/"},{"@type":"ListItem","position":2,"name":"\u79cd\u5b50"}]},{"@type":"WebSite","@id":"https:\/\/prograin.ca\/international\/#website","url":"https:\/\/prograin.ca\/international\/","name":"International","description":"Un site utilisant WordPress","publisher":{"@id":"https:\/\/prograin.ca\/international\/#organization"},"potentialAction":[{"@type":"SearchAction","target":{"@type":"EntryPoint","urlTemplate":"https:\/\/prograin.ca\/international\/?s={search_term_string}"},"query-input":"required name=search_term_string"}],"inLanguage":"fr-CA"},{"@type":"Organization","@id":"https:\/\/prograin.ca\/international\/#organization","name":"International","url":"https:\/\/prograin.ca\/international\/","logo":{"@type":"ImageObject","inLanguage":"fr-CA","@id":"https:\/\/prograin.ca\/international\/#\/schema\/logo\/image\/","url":"https:\/\/prograin.ca\/app\/uploads\/sites\/5\/2018\/11\/Prograin-logo-1.png","contentUrl":"https:\/\/prograin.ca\/app\/uploads\/sites\/5\/2018\/11\/Prograin-logo-1.png","width":352,"height":85,"caption":"International"},"image":{"@id":"https:\/\/prograin.ca\/international\/#\/schema\/logo\/image\/"}}]}},"featured_image_urls":{"full":"","thumbnail":"","medium":"","medium_large":"","large":"","1536x1536":"","2048x2048":"","menu-24x24":"","menu-36x36":"","menu-48x48":""},"post_excerpt_stackable":"<p>\u79cd\u5b50 \u666e\u4e50\u8c37\u81ea1980\u5e74\u4ee5\u6765\u4e00\u76f4\u662f\u5927\u8c46\u5e02\u573a\u7684\u9886\u5bfc\u8005\u3002 \u9009\u62e9\u79cd\u690d\u666e\u4e50\u8c37\u5927\u8c46\u5c31\u7b49\u4e8e\u4f60\u9009\u62e9\u4e86\u9ad8\u8d28\u91cf\u3001\u6392\u4ed6\u6027,\u521b\u65b0,\u4ee5\u53ca\u6536\u76ca\u7684\u4fdd\u969c\u3002\u6211\u4eec\u7684\u54c1\u79cd\u5b8c\u5168\u9002\u5408\u5404\u5730\u533a\u3002\u6b64\u5916\uff0c\u6211\u4eec\u627f\u8bfa100&nbsp;%\u56de\u8d2d\u60a8\u7684\u5927\u8c46\uff0c\u4ece\u800c\u7ed9\u60a8100&nbsp;%\u7684\u5b89\u5fc3\u3002 \u6211\u4eec\u6240\u6709\u7684\u54c1\u79cd \u4f20\u7edf\u80b2\u79cd \u4f20\u7edf\u80b2\u79cd \u666e\u4e50\u8c37\u79cd\u5b50:\u8d28\u91cf\u3001\u521b\u65b0\u548c\u5229\u6da6 \u54c1\u79cd\u5217\u8868 \u666e\u4e50\u8c37\u5927\u8c46\u4e13\u5bb6 \u5229\u7528\u6211\u4eec\u7684\u8d44\u6e90 \u666e\u4e50\u8c37\u4e13\u5bb6\u53ef\u4ee5\u5728\u4efb\u4f55\u9636\u6bb5\u7684\u751f\u4ea7\u63d0\u4f9b\u5efa\u8bae,\u4ece\u64ad\u79cd\u5230\u6536\u83b7\u3002\u6211\u4eec\u5f88\u9ad8\u5174\u5e2e\u52a9\u60a8\u6700\u5927\u9650\u5ea6\u5730\u63d0\u9ad8\u60a8\u7684\u6536\u5165 \u8bf7\u9605\u8bfb\u6211\u4eec\u7684\u5efa\u8bae\u3002 \u6211\u4eec\u7684\u54c1\u79cd-\u975e\u8f6c\u57fa\u56e0\u5927\u8c46 \u975e\u8f6c\u57fa\u56e0\u5927\u8c46 \u6211\u4eec\u7684\u5927\u8c46\u517b\u6d3b\u4e86\u5168\u4e16\u754c1700\u591a\u4e07\u4eba\u3002\u8c46\u8150\u662f\u6700\u5e38\u4e0e\u5927\u8c46\u8054\u7cfb\u5728\u4e00\u8d77\u7684\u4ea7\u54c1\uff0c\u4f46\u6211\u4eec\u7684\u5927\u8c46\u8fd8\u6709\u5f88\u591a\u5176\u4ed6\u7528\u9014\u3002 \u54c1\u79cd\u5217\u8868\uff08\u2fae\u8f6c\u57fa\u56e0\u2f24\u2f96\uff09 \u95ee\u4e0e\u7b54 \u95ee\u4e0e\u7b54 \u60a8\u6709\u5173\u4e8e\u5927\u8c46\u7684\u95ee\u9898\u5417? \u4ee5\u4e0b\u662f\u5e38\u89c1\u7684\u95ee\u9898\u4e0e\u7b54\u6848\u5217\u8868\u3002 \u60a8\u7684\u95ee\u9898\u662f?<\/p>\n","category_list":"","author_info":{"name":"developpe","url":"https:\/\/prograin.ca\/international\/author\/developpe\/"},"comments_num":"0 comments","featured_image_urls_v2":{"full":"","thumbnail":"","medium":"","medium_large":"","large":"","1536x1536":"","2048x2048":"","menu-24x24":"","menu-36x36":"","menu-48x48":""},"post_excerpt_stackable_v2":"<p>\u79cd\u5b50 \u666e\u4e50\u8c37\u81ea1980\u5e74\u4ee5\u6765\u4e00\u76f4\u662f\u5927\u8c46\u5e02\u573a\u7684\u9886\u5bfc\u8005\u3002 \u9009\u62e9\u79cd\u690d\u666e\u4e50\u8c37\u5927\u8c46\u5c31\u7b49\u4e8e\u4f60\u9009\u62e9\u4e86\u9ad8\u8d28\u91cf\u3001\u6392\u4ed6\u6027,\u521b\u65b0,\u4ee5\u53ca\u6536\u76ca\u7684\u4fdd\u969c\u3002\u6211\u4eec\u7684\u54c1\u79cd\u5b8c\u5168\u9002\u5408\u5404\u5730\u533a\u3002\u6b64\u5916\uff0c\u6211\u4eec\u627f\u8bfa100&nbsp;%\u56de\u8d2d\u60a8\u7684\u5927\u8c46\uff0c\u4ece\u800c\u7ed9\u60a8100&nbsp;%\u7684\u5b89\u5fc3\u3002 \u6211\u4eec\u6240\u6709\u7684\u54c1\u79cd \u4f20\u7edf\u80b2\u79cd \u4f20\u7edf\u80b2\u79cd \u666e\u4e50\u8c37\u79cd\u5b50:\u8d28\u91cf\u3001\u521b\u65b0\u548c\u5229\u6da6 \u54c1\u79cd\u5217\u8868 \u666e\u4e50\u8c37\u5927\u8c46\u4e13\u5bb6 \u5229\u7528\u6211\u4eec\u7684\u8d44\u6e90 \u666e\u4e50\u8c37\u4e13\u5bb6\u53ef\u4ee5\u5728\u4efb\u4f55\u9636\u6bb5\u7684\u751f\u4ea7\u63d0\u4f9b\u5efa\u8bae,\u4ece\u64ad\u79cd\u5230\u6536\u83b7\u3002\u6211\u4eec\u5f88\u9ad8\u5174\u5e2e\u52a9\u60a8\u6700\u5927\u9650\u5ea6\u5730\u63d0\u9ad8\u60a8\u7684\u6536\u5165 \u8bf7\u9605\u8bfb\u6211\u4eec\u7684\u5efa\u8bae\u3002 \u6211\u4eec\u7684\u54c1\u79cd-\u975e\u8f6c\u57fa\u56e0\u5927\u8c46 \u975e\u8f6c\u57fa\u56e0\u5927\u8c46 \u6211\u4eec\u7684\u5927\u8c46\u517b\u6d3b\u4e86\u5168\u4e16\u754c1700\u591a\u4e07\u4eba\u3002\u8c46\u8150\u662f\u6700\u5e38\u4e0e\u5927\u8c46\u8054\u7cfb\u5728\u4e00\u8d77\u7684\u4ea7\u54c1\uff0c\u4f46\u6211\u4eec\u7684\u5927\u8c46\u8fd8\u6709\u5f88\u591a\u5176\u4ed6\u7528\u9014\u3002 \u54c1\u79cd\u5217\u8868\uff08\u2fae\u8f6c\u57fa\u56e0\u2f24\u2f96\uff09 \u95ee\u4e0e\u7b54 \u95ee\u4e0e\u7b54 \u60a8\u6709\u5173\u4e8e\u5927\u8c46\u7684\u95ee\u9898\u5417? \u4ee5\u4e0b\u662f\u5e38\u89c1\u7684\u95ee\u9898\u4e0e\u7b54\u6848\u5217\u8868\u3002 \u60a8\u7684\u95ee\u9898\u662f?<\/p>\n","category_list_v2":"","author_info_v2":{"name":"developpe","url":"https:\/\/prograin.ca\/international\/author\/developpe\/"},"comments_num_v2":"0 comments","coauthors":[],"author_meta":{"author_link":"https:\/\/prograin.ca\/international\/author\/developpe\/","display_name":"developpe"},"relative_dates":{"created":"Posted 7 ann\u00e9es ago","modified":"Updated 6 ann\u00e9es ago"},"absolute_dates":{"created":"Posted on 3 octobre 2019","modified":"Updated on 17 f\u00e9vrier 2020"},"absolute_dates_time":{"created":"Posted on 3 octobre 2019 15 h 43 min","modified":"Updated on 17 f\u00e9vrier 2020 19 h 17 min"},"featured_img_caption":"","featured_img":false,"series_order":"","_links":{"self":[{"href":"https:\/\/prograin.ca\/international\/wp-json\/wp\/v2\/pages\/22964"}],"collection":[{"href":"https:\/\/prograin.ca\/international\/wp-json\/wp\/v2\/pages"}],"about":[{"href":"https:\/\/prograin.ca\/international\/wp-json\/wp\/v2\/types\/page"}],"author":[{"embeddable":true,"href":"https:\/\/prograin.ca\/international\/wp-json\/wp\/v2\/users\/1"}],"replies":[{"embeddable":true,"href":"https:\/\/prograin.ca\/international\/wp-json\/wp\/v2\/comments?post=22964"}],"version-history":[{"count":13,"href":"https:\/\/prograin.ca\/international\/wp-json\/wp\/v2\/pages\/22964\/revisions"}],"predecessor-version":[{"id":23141,"href":"https:\/\/prograin.ca\/international\/wp-json\/wp\/v2\/pages\/22964\/revisions\/23141"}],"wp:attachment":[{"href":"https:\/\/prograin.ca\/international\/wp-json\/wp\/v2\/media?parent=22964"}],"curies":[{"name":"wp","href":"https:\/\/api.w.org\/{rel}","templated":true}]}}