
{"id":22967,"date":"2019-10-03T15:43:38","date_gmt":"2019-10-03T15:43:38","guid":{"rendered":"https:\/\/prograin.ca\/international\/%e8%81%94%e7%b3%bb%e6%88%91%e4%bb%ac\/"},"modified":"2020-02-17T19:18:45","modified_gmt":"2020-02-17T19:18:45","slug":"%e8%81%94%e7%b3%bb%e6%88%91%e4%bb%ac","status":"publish","type":"page","link":"https:\/\/prograin.ca\/international\/zh\/%e8%81%94%e7%b3%bb%e6%88%91%e4%bb%ac\/","title":{"rendered":"\u8054\u7cfb\u6211\u4eec"},"content":{"rendered":"\n<h3><span style=\"color:#ff6900\" class=\"color\"> \u54c8\u5c14\u6ee8\u7cbe\u83fd\u519c\u4e1a\u79d1\u6280\u6709\u9650\u516c\u53f8 <\/span><\/h3>\n\n\n\n<p> \u9ed1\u9f99\u6c5f\u7701\u54c8\u5c14\u6ee8\u5e02\u5357\u5c97\u533a\u7ea2\u65d7\u5927\u8857242\u53f7\u798f\u65af\u7279\u5927\u53a62109\u5ba4 <\/p>\n\n\n\n<hr class=\"wp-block-separator is-style-default\"\/>\n\n\n\n<p><strong>Office manager<\/strong> <strong>\uff1a<\/strong>  <strong>Fu,Jing <\/strong><br>tel \uff1a  13945055853 <br>e-mail \uff1a   153430757@qq.com   <br>wechat \uff1a  fj19890421 <br> \u529e\u516c\u5ba4\u7ecf\u7406\uff1a\u4ed8\u6676 <br>\u7535\u8bdd\uff1a 13945055853  <br>\u7535\u5b50\u90ae\u7bb1\uff1a  153430757@qq.com <br>\u5fae\u4fe1\u53f7\uff1a fj19890421 <\/p>\n\n\n\n<hr class=\"wp-block-separator is-style-default\"\/>\n\n\n\n<p><strong>Agronemy manager: Di, Tiantian <\/strong><br>tel \uff1a 15045050560 <br>e-mail \uff1a tiantian.di@prograin.cn <br>wechat \uff1a ditiantian <br>\u519c\u827a\u7ecf\u7406\uff1a\u90b8\u7530\u7530 <br>\u7535\u8bdd\uff1a15045050560 <br>\u7535\u5b50\u90ae\u7bb1 \uff1a tiantian.di@prograin.cn <br>\u5fae\u4fe1\u53f7 \uff1a ditiantian<\/p>\n\n\n\n<hr class=\"wp-block-separator is-style-default\"\/>\n\n\n\n<p><strong>Sales consultant\uff1aWu,Di <\/strong><br>tel \uff1a 18145633345 <br>e-mail \uff1a chris.wu@prograin.cn <br>wechat \uff1a ditiantian <br>\u9500\u552e\u987e\u95ee\uff1a\u5434\u8fea <br>\u7535\u8bdd\uff1a18145633345 <br>\u7535\u5b50\u90ae\u7bb1 \uff1a tiantian.di@prograin.cn <br>\u5fae\u4fe1\u53f7 \uff1a WL516210<\/p>\n\n\n\n<hr class=\"wp-block-separator is-style-default\"\/>\n\n\n<script type=\"text\/javascript\">var gform;gform||(document.addEventListener(\"gform_main_scripts_loaded\",function(){gform.scriptsLoaded=!0}),window.addEventListener(\"DOMContentLoaded\",function(){gform.domLoaded=!0}),gform={domLoaded:!1,scriptsLoaded:!1,initializeOnLoaded:function(o){gform.domLoaded&&gform.scriptsLoaded?o():!gform.domLoaded&&gform.scriptsLoaded?window.addEventListener(\"DOMContentLoaded\",o):document.addEventListener(\"gform_main_scripts_loaded\",o)},hooks:{action:{},filter:{}},addAction:function(o,n,r,t){gform.addHook(\"action\",o,n,r,t)},addFilter:function(o,n,r,t){gform.addHook(\"filter\",o,n,r,t)},doAction:function(o){gform.doHook(\"action\",o,arguments)},applyFilters:function(o){return gform.doHook(\"filter\",o,arguments)},removeAction:function(o,n){gform.removeHook(\"action\",o,n)},removeFilter:function(o,n,r){gform.removeHook(\"filter\",o,n,r)},addHook:function(o,n,r,t,i){null==gform.hooks[o][n]&&(gform.hooks[o][n]=[]);var e=gform.hooks[o][n];null==i&&(i=n+\"_\"+e.length),gform.hooks[o][n].push({tag:i,callable:r,priority:t=null==t?10:t})},doHook:function(n,o,r){var t;if(r=Array.prototype.slice.call(r,1),null!=gform.hooks[n][o]&&((o=gform.hooks[n][o]).sort(function(o,n){return o.priority-n.priority}),o.forEach(function(o){\"function\"!=typeof(t=o.callable)&&(t=window[t]),\"action\"==n?t.apply(null,r):r[0]=t.apply(null,r)})),\"filter\"==n)return r[0]},removeHook:function(o,n,t,i){var r;null!=gform.hooks[o][n]&&(r=(r=gform.hooks[o][n]).filter(function(o,n,r){return!!(null!=i&&i!=o.tag||null!=t&&t!=o.priority)}),gform.hooks[o][n]=r)}});<\/script>\n                <div class='gf_browser_gecko gform_wrapper gform_legacy_markup_wrapper' id='gform_wrapper_7' >\n                        <div class='gform_heading'>\n                            <h3 class=\"gform_title\">Contact us<\/h3>\n                            <span class='gform_description'><\/span>\n                        <\/div><form method='post' enctype='multipart\/form-data'  id='gform_7'  action='\/international\/wp-json\/wp\/v2\/pages\/22967' >\n                        <div class='gform_body gform-body'><ul id='gform_fields_7' class='gform_fields top_label form_sublabel_below description_below'><li id=\"field_7_1\"  class=\"gfield gfield_contains_required field_sublabel_below field_description_below hidden_label gfield_visibility_visible\"  data-js-reload=\"field_7_1\"><label class='gfield_label' for='input_7_1' >Name<span class=\"gfield_required\"><span class=\"gfield_required gfield_required_asterisk\">*<\/span><\/span><\/label><div class='ginput_container ginput_container_text'><input name='input_1' id='input_7_1' type='text' value='' class='large'    placeholder='Name' aria-required=\"true\" aria-invalid=\"false\"   \/> <\/div><\/li><li id=\"field_7_2\"  class=\"gfield gfield_contains_required field_sublabel_below field_description_below hidden_label gfield_visibility_visible\"  data-js-reload=\"field_7_2\"><label class='gfield_label' for='input_7_2' >E-mail<span class=\"gfield_required\"><span class=\"gfield_required gfield_required_asterisk\">*<\/span><\/span><\/label><div class='ginput_container ginput_container_email'>\n                            <input name='input_2' id='input_7_2' type='text' value='' class='large'   placeholder='E-mail' aria-required=\"true\" aria-invalid=\"false\"  \/>\n                        <\/div><\/li><li id=\"field_7_3\"  class=\"gfield field_sublabel_below field_description_below hidden_label gfield_visibility_visible\"  data-js-reload=\"field_7_3\"><label class='gfield_label' for='input_7_3' >Phone number<\/label><div class='ginput_container ginput_container_phone'><input name='input_3' id='input_7_3' type='text' value='' class='large'  placeholder='Phone number'  aria-invalid=\"false\"   \/><\/div><\/li><li id=\"field_7_5\"  class=\"gfield field_sublabel_below field_description_below hidden_label gfield_visibility_visible\"  data-js-reload=\"field_7_5\"><label class='gfield_label' for='input_7_5' >Sans titre<\/label><div class='ginput_container ginput_container_textarea'><textarea name='input_5' id='input_7_5' class='textarea medium'    placeholder='Message'  aria-invalid=\"false\"   rows='10' cols='50'><\/textarea><\/div><\/li><\/ul><\/div>\n        <div class='gform_footer top_label'> <input type='submit' id='gform_submit_button_7' class='gform_button button' value='Send'  onclick='if(window[\"gf_submitting_7\"]){return false;}  window[\"gf_submitting_7\"]=true;  ' onkeypress='if( event.keyCode == 13 ){ if(window[\"gf_submitting_7\"]){return false;} window[\"gf_submitting_7\"]=true;  jQuery(\"#gform_7\").trigger(\"submit\",[true]); }' \/> \n            <input type='hidden' class='gform_hidden' name='is_submit_7' value='1' \/>\n            <input type='hidden' class='gform_hidden' name='gform_submit' value='7' \/>\n            \n            <input type='hidden' class='gform_hidden' name='gform_unique_id' value='' \/>\n            <input type='hidden' class='gform_hidden' name='state_7' value='WyJbXSIsImVjZDc4YWE0MTA1OGFkYzFkZDJjNTdmNzYwZDg2YjI1Il0=' \/>\n            <input type='hidden' class='gform_hidden' name='gform_target_page_number_7' id='gform_target_page_number_7' value='0' \/>\n            <input type='hidden' class='gform_hidden' name='gform_source_page_number_7' id='gform_source_page_number_7' value='1' \/>\n            <input type='hidden' name='gform_field_values' value='' \/>\n            \n        <\/div>\n                        <\/form>\n                        <\/div>","protected":false},"excerpt":{"rendered":"<p>\u54c8\u5c14\u6ee8\u7cbe\u83fd\u519c\u4e1a\u79d1\u6280\u6709\u9650\u516c\u53f8 \u9ed1\u9f99\u6c5f\u7701\u54c8\u5c14\u6ee8\u5e02\u5357\u5c97\u533a\u7ea2\u65d7\u5927\u8857242\u53f7\u798f\u65af\u7279\u5927\u53a62109\u5ba4 Office manager \uff1a Fu,Jing tel \uff1a 13945055853 e-mail \uff1a 153430757@qq.com wechat \uff1a fj19890421 \u529e\u516c\u5ba4\u7ecf\u7406\uff1a\u4ed8\u6676 \u7535\u8bdd\uff1a 13945055853 \u7535\u5b50\u90ae\u7bb1\uff1a 153430757@qq.com \u5fae\u4fe1\u53f7\uff1a fj19890421 Agronemy manager: Di, Tiantian tel \uff1a 15045050560 e-mail \uff1a tiantian.di@prograin.cn wechat \uff1a ditiantian \u519c\u827a\u7ecf\u7406\uff1a\u90b8\u7530\u7530 \u7535\u8bdd\uff1a15045050560 \u7535\u5b50\u90ae\u7bb1 \uff1a tiantian.di@prograin.cn \u5fae\u4fe1\u53f7 \uff1a ditiantian Sales consultant\uff1aWu,Di tel \uff1a 18145633345 e-mail \uff1a chris.wu@prograin.cn wechat \uff1a ditiantian \u9500\u552e\u987e\u95ee\uff1a\u5434\u8fea [&hellip;]<\/p>\n","protected":false},"author":1,"featured_media":0,"parent":0,"menu_order":4,"comment_status":"closed","ping_status":"closed","template":"contact","meta":{"advgb_blocks_editor_width":"","advgb_blocks_columns_visual_guide":""},"yoast_head":"<!-- This site is optimized with the Yoast SEO plugin v19.11 - https:\/\/yoast.com\/wordpress\/plugins\/seo\/ -->\n<title>\u8054\u7cfb\u6211\u4eec - International<\/title>\n<meta name=\"robots\" content=\"index, follow, max-snippet:-1, max-image-preview:large, max-video-preview:-1\" \/>\n<link rel=\"canonical\" href=\"https:\/\/prograin.ca\/international\/zh\/\u8054\u7cfb\u6211\u4eec\/\" \/>\n<meta property=\"og:locale\" content=\"fr_CA\" \/>\n<meta property=\"og:type\" content=\"article\" \/>\n<meta property=\"og:title\" content=\"\u8054\u7cfb\u6211\u4eec - International\" \/>\n<meta property=\"og:description\" content=\"\u54c8\u5c14\u6ee8\u7cbe\u83fd\u519c\u4e1a\u79d1\u6280\u6709\u9650\u516c\u53f8 \u9ed1\u9f99\u6c5f\u7701\u54c8\u5c14\u6ee8\u5e02\u5357\u5c97\u533a\u7ea2\u65d7\u5927\u8857242\u53f7\u798f\u65af\u7279\u5927\u53a62109\u5ba4 Office manager \uff1a Fu,Jing tel \uff1a 13945055853 e-mail \uff1a 153430757@qq.com wechat \uff1a fj19890421 \u529e\u516c\u5ba4\u7ecf\u7406\uff1a\u4ed8\u6676 \u7535\u8bdd\uff1a 13945055853 \u7535\u5b50\u90ae\u7bb1\uff1a 153430757@qq.com \u5fae\u4fe1\u53f7\uff1a fj19890421 Agronemy manager: Di, Tiantian tel \uff1a 15045050560 e-mail \uff1a tiantian.di@prograin.cn wechat \uff1a ditiantian \u519c\u827a\u7ecf\u7406\uff1a\u90b8\u7530\u7530 \u7535\u8bdd\uff1a15045050560 \u7535\u5b50\u90ae\u7bb1 \uff1a tiantian.di@prograin.cn \u5fae\u4fe1\u53f7 \uff1a ditiantian Sales consultant\uff1aWu,Di tel \uff1a 18145633345 e-mail \uff1a chris.wu@prograin.cn wechat \uff1a ditiantian \u9500\u552e\u987e\u95ee\uff1a\u5434\u8fea [&hellip;]\" \/>\n<meta property=\"og:url\" content=\"https:\/\/prograin.ca\/international\/zh\/\u8054\u7cfb\u6211\u4eec\/\" \/>\n<meta property=\"og:site_name\" content=\"International\" \/>\n<meta property=\"article:modified_time\" content=\"2020-02-17T19:18:45+00:00\" \/>\n<meta name=\"twitter:card\" content=\"summary_large_image\" \/>\n<script type=\"application\/ld+json\" class=\"yoast-schema-graph\">{\"@context\":\"https:\/\/schema.org\",\"@graph\":[{\"@type\":\"WebPage\",\"@id\":\"https:\/\/prograin.ca\/international\/zh\/%e8%81%94%e7%b3%bb%e6%88%91%e4%bb%ac\/\",\"url\":\"https:\/\/prograin.ca\/international\/zh\/%e8%81%94%e7%b3%bb%e6%88%91%e4%bb%ac\/\",\"name\":\"\u8054\u7cfb\u6211\u4eec - International\",\"isPartOf\":{\"@id\":\"https:\/\/prograin.ca\/international\/#website\"},\"datePublished\":\"2019-10-03T15:43:38+00:00\",\"dateModified\":\"2020-02-17T19:18:45+00:00\",\"breadcrumb\":{\"@id\":\"https:\/\/prograin.ca\/international\/zh\/%e8%81%94%e7%b3%bb%e6%88%91%e4%bb%ac\/#breadcrumb\"},\"inLanguage\":\"fr-CA\",\"potentialAction\":[{\"@type\":\"ReadAction\",\"target\":[\"https:\/\/prograin.ca\/international\/zh\/%e8%81%94%e7%b3%bb%e6%88%91%e4%bb%ac\/\"]}]},{\"@type\":\"BreadcrumbList\",\"@id\":\"https:\/\/prograin.ca\/international\/zh\/%e8%81%94%e7%b3%bb%e6%88%91%e4%bb%ac\/#breadcrumb\",\"itemListElement\":[{\"@type\":\"ListItem\",\"position\":1,\"name\":\"Home\",\"item\":\"https:\/\/prograin.ca\/international\/fr\/\"},{\"@type\":\"ListItem\",\"position\":2,\"name\":\"\u8054\u7cfb\u6211\u4eec\"}]},{\"@type\":\"WebSite\",\"@id\":\"https:\/\/prograin.ca\/international\/#website\",\"url\":\"https:\/\/prograin.ca\/international\/\",\"name\":\"International\",\"description\":\"Un site utilisant WordPress\",\"publisher\":{\"@id\":\"https:\/\/prograin.ca\/international\/#organization\"},\"potentialAction\":[{\"@type\":\"SearchAction\",\"target\":{\"@type\":\"EntryPoint\",\"urlTemplate\":\"https:\/\/prograin.ca\/international\/?s={search_term_string}\"},\"query-input\":\"required name=search_term_string\"}],\"inLanguage\":\"fr-CA\"},{\"@type\":\"Organization\",\"@id\":\"https:\/\/prograin.ca\/international\/#organization\",\"name\":\"International\",\"url\":\"https:\/\/prograin.ca\/international\/\",\"logo\":{\"@type\":\"ImageObject\",\"inLanguage\":\"fr-CA\",\"@id\":\"https:\/\/prograin.ca\/international\/#\/schema\/logo\/image\/\",\"url\":\"https:\/\/prograin.ca\/app\/uploads\/sites\/5\/2018\/11\/Prograin-logo-1.png\",\"contentUrl\":\"https:\/\/prograin.ca\/app\/uploads\/sites\/5\/2018\/11\/Prograin-logo-1.png\",\"width\":352,\"height\":85,\"caption\":\"International\"},\"image\":{\"@id\":\"https:\/\/prograin.ca\/international\/#\/schema\/logo\/image\/\"}}]}<\/script>\n<!-- \/ Yoast SEO plugin. -->","yoast_head_json":{"title":"\u8054\u7cfb\u6211\u4eec - International","robots":{"index":"index","follow":"follow","max-snippet":"max-snippet:-1","max-image-preview":"max-image-preview:large","max-video-preview":"max-video-preview:-1"},"canonical":"https:\/\/prograin.ca\/international\/zh\/\u8054\u7cfb\u6211\u4eec\/","og_locale":"fr_CA","og_type":"article","og_title":"\u8054\u7cfb\u6211\u4eec - International","og_description":"\u54c8\u5c14\u6ee8\u7cbe\u83fd\u519c\u4e1a\u79d1\u6280\u6709\u9650\u516c\u53f8 \u9ed1\u9f99\u6c5f\u7701\u54c8\u5c14\u6ee8\u5e02\u5357\u5c97\u533a\u7ea2\u65d7\u5927\u8857242\u53f7\u798f\u65af\u7279\u5927\u53a62109\u5ba4 Office manager \uff1a Fu,Jing tel \uff1a 13945055853 e-mail \uff1a 153430757@qq.com wechat \uff1a fj19890421 \u529e\u516c\u5ba4\u7ecf\u7406\uff1a\u4ed8\u6676 \u7535\u8bdd\uff1a 13945055853 \u7535\u5b50\u90ae\u7bb1\uff1a 153430757@qq.com \u5fae\u4fe1\u53f7\uff1a fj19890421 Agronemy manager: Di, Tiantian tel \uff1a 15045050560 e-mail \uff1a tiantian.di@prograin.cn wechat \uff1a ditiantian \u519c\u827a\u7ecf\u7406\uff1a\u90b8\u7530\u7530 \u7535\u8bdd\uff1a15045050560 \u7535\u5b50\u90ae\u7bb1 \uff1a tiantian.di@prograin.cn \u5fae\u4fe1\u53f7 \uff1a ditiantian Sales consultant\uff1aWu,Di tel \uff1a 18145633345 e-mail \uff1a chris.wu@prograin.cn wechat \uff1a ditiantian \u9500\u552e\u987e\u95ee\uff1a\u5434\u8fea [&hellip;]","og_url":"https:\/\/prograin.ca\/international\/zh\/\u8054\u7cfb\u6211\u4eec\/","og_site_name":"International","article_modified_time":"2020-02-17T19:18:45+00:00","twitter_card":"summary_large_image","schema":{"@context":"https:\/\/schema.org","@graph":[{"@type":"WebPage","@id":"https:\/\/prograin.ca\/international\/zh\/%e8%81%94%e7%b3%bb%e6%88%91%e4%bb%ac\/","url":"https:\/\/prograin.ca\/international\/zh\/%e8%81%94%e7%b3%bb%e6%88%91%e4%bb%ac\/","name":"\u8054\u7cfb\u6211\u4eec - International","isPartOf":{"@id":"https:\/\/prograin.ca\/international\/#website"},"datePublished":"2019-10-03T15:43:38+00:00","dateModified":"2020-02-17T19:18:45+00:00","breadcrumb":{"@id":"https:\/\/prograin.ca\/international\/zh\/%e8%81%94%e7%b3%bb%e6%88%91%e4%bb%ac\/#breadcrumb"},"inLanguage":"fr-CA","potentialAction":[{"@type":"ReadAction","target":["https:\/\/prograin.ca\/international\/zh\/%e8%81%94%e7%b3%bb%e6%88%91%e4%bb%ac\/"]}]},{"@type":"BreadcrumbList","@id":"https:\/\/prograin.ca\/international\/zh\/%e8%81%94%e7%b3%bb%e6%88%91%e4%bb%ac\/#breadcrumb","itemListElement":[{"@type":"ListItem","position":1,"name":"Home","item":"https:\/\/prograin.ca\/international\/fr\/"},{"@type":"ListItem","position":2,"name":"\u8054\u7cfb\u6211\u4eec"}]},{"@type":"WebSite","@id":"https:\/\/prograin.ca\/international\/#website","url":"https:\/\/prograin.ca\/international\/","name":"International","description":"Un site utilisant WordPress","publisher":{"@id":"https:\/\/prograin.ca\/international\/#organization"},"potentialAction":[{"@type":"SearchAction","target":{"@type":"EntryPoint","urlTemplate":"https:\/\/prograin.ca\/international\/?s={search_term_string}"},"query-input":"required name=search_term_string"}],"inLanguage":"fr-CA"},{"@type":"Organization","@id":"https:\/\/prograin.ca\/international\/#organization","name":"International","url":"https:\/\/prograin.ca\/international\/","logo":{"@type":"ImageObject","inLanguage":"fr-CA","@id":"https:\/\/prograin.ca\/international\/#\/schema\/logo\/image\/","url":"https:\/\/prograin.ca\/app\/uploads\/sites\/5\/2018\/11\/Prograin-logo-1.png","contentUrl":"https:\/\/prograin.ca\/app\/uploads\/sites\/5\/2018\/11\/Prograin-logo-1.png","width":352,"height":85,"caption":"International"},"image":{"@id":"https:\/\/prograin.ca\/international\/#\/schema\/logo\/image\/"}}]}},"featured_image_urls":{"full":"","thumbnail":"","medium":"","medium_large":"","large":"","1536x1536":"","2048x2048":"","menu-24x24":"","menu-36x36":"","menu-48x48":""},"post_excerpt_stackable":"<p>\u54c8\u5c14\u6ee8\u7cbe\u83fd\u519c\u4e1a\u79d1\u6280\u6709\u9650\u516c\u53f8 \u9ed1\u9f99\u6c5f\u7701\u54c8\u5c14\u6ee8\u5e02\u5357\u5c97\u533a\u7ea2\u65d7\u5927\u8857242\u53f7\u798f\u65af\u7279\u5927\u53a62109\u5ba4 Office manager \uff1a Fu,Jing tel \uff1a 13945055853 e-mail \uff1a 153430757@qq.com wechat \uff1a fj19890421 \u529e\u516c\u5ba4\u7ecf\u7406\uff1a\u4ed8\u6676 \u7535\u8bdd\uff1a 13945055853 \u7535\u5b50\u90ae\u7bb1\uff1a 153430757@qq.com \u5fae\u4fe1\u53f7\uff1a fj19890421 Agronemy manager: Di, Tiantian tel \uff1a 15045050560 e-mail \uff1a tiantian.di@prograin.cn wechat \uff1a ditiantian \u519c\u827a\u7ecf\u7406\uff1a\u90b8\u7530\u7530 \u7535\u8bdd\uff1a15045050560 \u7535\u5b50\u90ae\u7bb1 \uff1a tiantian.di@prograin.cn \u5fae\u4fe1\u53f7 \uff1a ditiantian Sales consultant\uff1aWu,Di tel \uff1a 18145633345 e-mail \uff1a chris.wu@prograin.cn wechat \uff1a ditiantian \u9500\u552e\u987e\u95ee\uff1a\u5434\u8fea \u7535\u8bdd\uff1a18145633345 \u7535\u5b50\u90ae\u7bb1 \uff1a tiantian.di@prograin.cn \u5fae\u4fe1\u53f7 \uff1a WL516210 Contact us Name* E-mail* Phone numberSans titre<\/p>\n","category_list":"","author_info":{"name":"developpe","url":"https:\/\/prograin.ca\/international\/author\/developpe\/"},"comments_num":"0 comments","featured_image_urls_v2":{"full":"","thumbnail":"","medium":"","medium_large":"","large":"","1536x1536":"","2048x2048":"","menu-24x24":"","menu-36x36":"","menu-48x48":""},"post_excerpt_stackable_v2":"<p>\u54c8\u5c14\u6ee8\u7cbe\u83fd\u519c\u4e1a\u79d1\u6280\u6709\u9650\u516c\u53f8 \u9ed1\u9f99\u6c5f\u7701\u54c8\u5c14\u6ee8\u5e02\u5357\u5c97\u533a\u7ea2\u65d7\u5927\u8857242\u53f7\u798f\u65af\u7279\u5927\u53a62109\u5ba4 Office manager \uff1a Fu,Jing tel \uff1a 13945055853 e-mail \uff1a 153430757@qq.com wechat \uff1a fj19890421 \u529e\u516c\u5ba4\u7ecf\u7406\uff1a\u4ed8\u6676 \u7535\u8bdd\uff1a 13945055853 \u7535\u5b50\u90ae\u7bb1\uff1a 153430757@qq.com \u5fae\u4fe1\u53f7\uff1a fj19890421 Agronemy manager: Di, Tiantian tel \uff1a 15045050560 e-mail \uff1a tiantian.di@prograin.cn wechat \uff1a ditiantian \u519c\u827a\u7ecf\u7406\uff1a\u90b8\u7530\u7530 \u7535\u8bdd\uff1a15045050560 \u7535\u5b50\u90ae\u7bb1 \uff1a tiantian.di@prograin.cn \u5fae\u4fe1\u53f7 \uff1a ditiantian Sales consultant\uff1aWu,Di tel \uff1a 18145633345 e-mail \uff1a chris.wu@prograin.cn wechat \uff1a ditiantian \u9500\u552e\u987e\u95ee\uff1a\u5434\u8fea \u7535\u8bdd\uff1a18145633345 \u7535\u5b50\u90ae\u7bb1 \uff1a tiantian.di@prograin.cn \u5fae\u4fe1\u53f7 \uff1a WL516210 Contact us Name* E-mail* Phone numberSans titre<\/p>\n","category_list_v2":"","author_info_v2":{"name":"developpe","url":"https:\/\/prograin.ca\/international\/author\/developpe\/"},"comments_num_v2":"0 comments","coauthors":[],"author_meta":{"author_link":"https:\/\/prograin.ca\/international\/author\/developpe\/","display_name":"developpe"},"relative_dates":{"created":"Posted 7 ann\u00e9es ago","modified":"Updated 6 ann\u00e9es ago"},"absolute_dates":{"created":"Posted on 3 octobre 2019","modified":"Updated on 17 f\u00e9vrier 2020"},"absolute_dates_time":{"created":"Posted on 3 octobre 2019 15 h 43 min","modified":"Updated on 17 f\u00e9vrier 2020 19 h 18 min"},"featured_img_caption":"","featured_img":false,"series_order":"","_links":{"self":[{"href":"https:\/\/prograin.ca\/international\/wp-json\/wp\/v2\/pages\/22967"}],"collection":[{"href":"https:\/\/prograin.ca\/international\/wp-json\/wp\/v2\/pages"}],"about":[{"href":"https:\/\/prograin.ca\/international\/wp-json\/wp\/v2\/types\/page"}],"author":[{"embeddable":true,"href":"https:\/\/prograin.ca\/international\/wp-json\/wp\/v2\/users\/1"}],"replies":[{"embeddable":true,"href":"https:\/\/prograin.ca\/international\/wp-json\/wp\/v2\/comments?post=22967"}],"version-history":[{"count":22,"href":"https:\/\/prograin.ca\/international\/wp-json\/wp\/v2\/pages\/22967\/revisions"}],"predecessor-version":[{"id":23145,"href":"https:\/\/prograin.ca\/international\/wp-json\/wp\/v2\/pages\/22967\/revisions\/23145"}],"wp:attachment":[{"href":"https:\/\/prograin.ca\/international\/wp-json\/wp\/v2\/media?parent=22967"}],"curies":[{"name":"wp","href":"https:\/\/api.w.org\/{rel}","templated":true}]}}