
{"id":22982,"date":"2019-10-03T15:56:28","date_gmt":"2019-10-03T15:56:28","guid":{"rendered":"https:\/\/prograin.ca\/international\/%e7%a0%94%e5%8f%91\/%e5%a4%a7%e7%94%b0%e7%a0%94%e5%8f%91\/"},"modified":"2020-02-17T19:18:31","modified_gmt":"2020-02-17T19:18:31","slug":"%e5%a4%a7%e7%94%b0%e7%a0%94%e5%8f%91","status":"publish","type":"page","link":"https:\/\/prograin.ca\/international\/zh\/%e7%a0%94%e5%8f%91\/%e5%a4%a7%e7%94%b0%e7%a0%94%e5%8f%91\/","title":{"rendered":"\u5927\u7530\u7814\u53d1"},"content":{"rendered":"\n<div class=\"wp-block-balise-section-block alignfull _sectionblock has-1-columns\">\n<div class=\" verticalbg\" style=\"color:#ffffff;background-image:url(https:\/\/prograin.ca\/app\/uploads\/sites\/3\/2019\/03\/323773112.jpg);background-size:cover;padding-top:60px;padding-bottom:160px;padding-left:10px;padding-right:10px\"><div class=\"verticalbg\" style=\"background-image:url(https:\/\/prograin.ca\/app\/uploads\/2018\/12\/semences_header.jpg);background-size:cover\"><\/div><iframe class=\"videobg\" src=\"https:\/\/player.vimeo.com\/video\/323773112?background=1&amp;autoplay=1&amp;byline=0&amp;title=0&amp;muted=1\" frameborder=\"0\" allowfullscreen><\/iframe><div class=\"inside\" style=\"margin:0 auto\">\n<h3> \u6211\u4eec\u63d0\u4f9b\u6700\u597d\u7684, \u5e76\u52aa\u529b\u6210\u4e3a\u66f4\u597d <br><\/h3>\n\n\n\n<div style=\"height:100px\" aria-hidden=\"true\" class=\"wp-block-spacer\"><\/div>\n\n\n\n<div class=\"wp-container-3 wp-block-columns has-2-columns\">\n<div class=\"wp-container-1 wp-block-column\">\n<p>\u7814\u53d1\u6700\u65b0\u6700\u597d\u7684\u54c1\u79cd\u662f\u516c\u53f8\u7684\u6839\u672c\u76ee\u6807\u4e4b\u4e00\u3002\u81ea1986\u5e74\u4ee5\u6765\uff0c\u6211\u4eec\u5b9e\u65bd\u4e86\u4e00\u9879\u5927\u8c46\u57fa\u56e0\u6539\u826f\u8ba1\u5212\uff0c\u4f7f\u6211\u4eec\u80fd\u591f\u5f00\u53d1\u6211\u4eec\u81ea\u5df1\u7684\u5927\u8c46\u54c1\u79cd\u3002\u8be5\u9879\u76ee\u5df2\u6210\u4e3a\u52a0\u62ff\u5927\u6700\u4f18\u79c0\u7684\u9879\u76ee\u4e4b\u4e00\uff0c\u6211\u4eec\u5728\u5168\u56fd\u548c\u4e16\u754c\u5404\u5730\u62e5\u6709100\u591a\u4e2a\u6ce8\u518c\u54c1\u79cd\u3002 <br><\/p>\n\n\n\n<div style=\"height:20px\" aria-hidden=\"true\" class=\"wp-block-spacer\"><\/div>\n\n\n\n<div class=\"wp-block-button is-style-squared\"><a class=\"wp-block-button__link\" href=\"https:\/\/prograin.ca\/international\/zh\/%e7&nbsp;%a7&nbsp;%8d%e5&nbsp;%ad%90\/%e4&nbsp;%bc%a0&nbsp;%e7&nbsp;%bb%9f%e7&nbsp;%9a%84&nbsp;%e8&nbsp;%82&nbsp;%b2&nbsp;%e7&nbsp;%a7&nbsp;%8d\/\">\u4e86\u89e3\u666e\u4e50\u8c37\u79cd\u5b50 <br> <\/a><\/div>\n<\/div>\n\n\n\n<div class=\"wp-container-2 wp-block-column\">\n<p>\u4f5c\u4e3a\u6211\u4eec\u7684\u7814\u7a76\u548c\u53d1\u5c55\u9879\u76ee\u7684\u4e00\u90e8\u5206,\u6211\u4eec\u96c6\u4e2d\u52aa\u529b\u5728\u7814\u53d1\u519c\u827a\u6027\u72b6\u548c\u53ef\u4f9b\u4eba\u7c7b\u98df\u7528\u4e0a\u9ad8\u5ea6\u4e13\u4e1a\u5316\u7684\u5927\u8c46\u54c1\u79cd\u3002\u6211\u4eec\u7684\u4f18\u52bf\u4e3b\u8981\u5728\u4e8e\u5f00\u53d1\u9ad8\u86cb\u767d\u8d28\u6c34\u5e73\u7684\u9ad8\u6027\u80fd\u65e9\u719f\u54c1\u79cd\u3002 <\/p>\n<\/div>\n<\/div>\n<\/div><\/div>\n<\/div>\n\n\n\n<div class=\"wp-block-balise-section-block alignfull _sectionblock has-1-columns\">\n<div class=\"\" style=\"background-image:url(https:\/\/prograin.ca\/app\/uploads\/2018\/12\/Map.jpg);background-size:100&nbsp;%;background-repeat:no-repeat;background-position:61.30434782608695&nbsp;% 0&nbsp;%;padding-top:80px;padding-bottom:80px;padding-left:10px;padding-right:10px\"><div class=\"verticalbg\"><\/div><div class=\"inside\" style=\"margin:0 auto\">\n<h4 class=\"is-style-orange\"> \u6211\u4eec\u7684\u4e13\u5bb6\u56e2\u961f\u6b63\u5728\u4e3a\u65e9\u719f\u5927\u8c46\u7814\u53d1\u6700\u597d\u7684\u9057\u4f20\u7279\u6027\u3002 <\/h4>\n\n\n\n<hr class=\"wp-block-separator is-style-default\"\/>\n\n\n\n<div class=\"wp-container-6 wp-block-columns has-2-columns\">\n<div class=\"wp-container-4 wp-block-column\">\n<p>\u6bcf\u5e74\uff0c\u6211\u4eec\u90fd\u4f1a\u5728\u6211\u4eec\u4f4d\u4e8e\u9b41\u5317\u514b\u6700\u9ad8\u4ea7\u519c\u7530\u4e2d\u5fc3\u5730\u5e26\u7684\u519c\u573a\uff0c\u5bf9175\u516c\u9877\u571f\u5730\u4e0a\u7684\u6570\u4e07\u4e2a\u54c1\u79cd\u8fdb\u884c\u8bc4\u4f30\u3002\u5728\u8fc7\u53bb\u768415\u5e74\u91cc\uff0c\u6211\u4eec\u4e00\u76f4\u5728\u4f7f\u7528\u5357\u7f8e(\u667a\u5229\u548c\u963f\u6839\u5ef7)\u7684\u80b2\u79cd\u82d7\u5703\u6765\u5c3d\u5feb\u57f9\u80b2\u6211\u4eec\u7684\u54c1\u79cd\u3002 <\/p>\n<\/div>\n\n\n\n<div class=\"wp-container-5 wp-block-column\">\n<p>\u8be5\u9879\u76ee\u5728\u4e16\u754c\u5404\u5730\u7ea630\u4e2a\u5730\u70b9\u8bc4\u4f30\u4e86\u8fd9\u4e9b\u54c1\u79cd\u7684\u9057\u4f20\u7269\u8d28\uff0c\u5305\u62ec\u52a0\u62ff\u5927\u4e1c\u90e8\u548c\u897f\u90e8\u4ee5\u53ca\u4e1c\u6b27\u548c\u897f\u6b27 <\/p>\n\n\n\n<p>\u901a\u8fc7\u4e3a\u6211\u4eec\u63d0\u4f9b\u751f\u7269\u6280\u672f\u8fdb\u6b65\u7684\u6218\u7565\u4f19\u4f34\u5173\u7cfb\uff0c\u6211\u4eec\u5c06\u6700\u65b0\u53d1\u73b0\u5e94\u7528\u4e8e\u6211\u4eec\u7684\u9ad8\u6027\u80fd\u5927\u8c46\u751f\u4ea7\u7ebf\u3002 <\/p>\n<\/div>\n<\/div>\n<\/div><\/div>\n<\/div>\n\n\n\n<div class=\"wp-block-balise-section-block alignfull _sectionblock has-1-columns\">\n<div class=\"\" style=\"color:#ffffff;background-image:url(https:\/\/prograin.ca\/app\/uploads\/2019\/01\/recherche_terrain_labo.jpg);background-size:cover;padding-top:80px;padding-bottom:80px;padding-left:10px;padding-right:10px\"><div class=\"verticalbg\" style=\"background-size:cover\"><\/div><div class=\"inside\" style=\"margin:0 auto\">\n<h2> \u5b9e\u9a8c\u5ba4\u7814\u53d1 <\/h2>\n\n\n\n<h3> \u6211\u4eec\u7684\u524d\u6cbf\u7814\u7a76\u4f7f\u2f64\u6700\u5148\u8fdb\u7684\u8bbe\u5907\u3002 <\/h3>\n\n\n\n<div style=\"height:100px\" aria-hidden=\"true\" class=\"wp-block-spacer\"><\/div>\n\n\n\n<div class=\"wp-container-9 wp-block-columns has-2-columns\">\n<div class=\"wp-container-7 wp-block-column\">\n<p style=\"color:#ffffff\" class=\"has-text-color\">\u6bcf\u5e74\uff0c\u6211\u4eec\u90fd\u4f1a\u8bc4\u4f30\u6210\u5343\u4e0a\u4e07\u7684\u5927\u8c46\u54c1\u79cd\u3002\u4e3a\u6b64\u76ee\u7684\uff0c\u6211\u4eec\u8bbe\u7acb\u4e86\u4e00\u4e2a\u5206\u5b50\u9057\u4f20\u5b66\u5b9e\u9a8c\u5ba4\uff0c\u5177\u6709\u4e0e\u6700\u5927\u7684\u8de8\u56fd\u516c\u53f8\u76f8\u540c\u7684\u8bbe\u5907\u548c\u6807\u51c6\u3002\u6211\u4eec\u76f8\u4fe1\uff0c\u6280\u672f\u610f\u5473\u7740\u4e3a\u519c\u6c11\u63d0\u4f9b\u66f4\u591a\u7684\u4ef7\u503c\uff0c\u6211\u4eec\u6b63\u5728\u5c3d\u4e00\u5207\u52aa\u529b\u4f7f\u7528\u6280\u672f\u4e3a\u4ed6\u4eec\u670d\u52a1\u3002 \u57fa\u56e0\u578b\u68c0\u6d4b\u5141\u8bb8\u6211\u4eec\u8ffd\u8e2a\u611f\u5174\u8da3\u7684\u5927\u8c46\u57fa\u56e0\u3002\u8fd9\u4e00\u7279\u6b8a\u7684\u5de5\u5177\u4f7f\u6211\u4eec\u80fd\u591f\u66f4\u5feb\u3001\u66f4\u6709\u6548\u5730\u57f9\u80b2\u51fa\u5177\u6709\u6240\u9700\u6027\u72b6\u7684\u65b0\u54c1\u79cd\uff0c\u4ece\u800c\u4f7f\u6211\u4eec\u80fd\u591f\u66f4\u5feb\u5730\u5c06\u8fd9\u4e9b\u4f18\u79c0\u7684\u54c1\u79cd\u7279\u6027\u63d0\u4f9b\u7ed9\u519c\u6c11\u3002 <\/p>\n<\/div>\n\n\n\n<div class=\"wp-container-8 wp-block-column\"><\/div>\n<\/div>\n<\/div><\/div>\n<\/div>\n\n\n\n<div class=\"wp-block-balise-section-block alignfull _sectionblock has-1-columns\">\n<div class=\"\" style=\"background-size:cover;padding-top:80px;padding-bottom:80px;padding-left:10px;padding-right:10px\"><div class=\"verticalbg\" style=\"background-size:cover\"><\/div><div class=\"inside\" style=\"margin:0 auto\">\n<div class=\"wp-container-12 wp-block-columns has-2-columns\">\n<div class=\"wp-container-10 wp-block-column\">\n<p>2011\u5e74\uff0c\u6211\u4eec\u5f00\u8bbe\u4e86\u6700\u5148\u8fdb\u7684\u79d1\u7814\u4e2d\u5fc3\uff0c\u6295\u8d44\u989d\u8fbe\u5230130\u4e07\u7f8e\u5143\uff0c\u6211\u4eec\u5171\u5efa\u8bbe\u4e86\u4e00\u4e2a\u57fa\u56e0\u5206\u578b\u5b9e\u9a8c\u5ba4\u3001\u4e00\u4e2a\u98df\u54c1\u8d28\u91cf\u5b9e\u9a8c\u5ba4\u3001\u4e00\u4e2a\u5e72\u71e5\u5b9e\u9a8c\u5ba4\u548c\u4e24\u4e2a\u5ba4\u5185\u751f\u957f\u5ba4\u3002 <\/p>\n<\/div>\n\n\n\n<div class=\"wp-container-11 wp-block-column\">\n<p>\u6211\u4eec\u7684\u57fa\u56e0\u6539\u826f\u4e13\u5bb6\u56e2\u961f\u5c06\u81f4\u529b\u4e8e\u7814\u53d1\u6700\u4f18\u7684\u5927\u8c46\u57fa\u56e0\uff0c\u5305\u62ec\u65e9\u719f\u5927\u8c46\u54c1\u79cd\u3002 <\/p>\n<\/div>\n<\/div>\n<\/div><\/div>\n<\/div>\n","protected":false},"excerpt":{"rendered":"","protected":false},"author":1,"featured_media":0,"parent":22966,"menu_order":0,"comment_status":"closed","ping_status":"closed","template":"","meta":{"advgb_blocks_editor_width":"","advgb_blocks_columns_visual_guide":""},"yoast_head":"<!-- This site is optimized with the Yoast SEO plugin v19.11 - https:\/\/yoast.com\/wordpress\/plugins\/seo\/ -->\n<title>\u5927\u7530\u7814\u53d1 - International<\/title>\n<meta name=\"robots\" content=\"index, follow, max-snippet:-1, max-image-preview:large, max-video-preview:-1\" \/>\n<link rel=\"canonical\" href=\"https:\/\/prograin.ca\/international\/zh\/\u7814\u53d1\/\u5927\u7530\u7814\u53d1\/\" \/>\n<meta property=\"og:locale\" content=\"fr_CA\" \/>\n<meta property=\"og:type\" content=\"article\" \/>\n<meta property=\"og:title\" content=\"\u5927\u7530\u7814\u53d1 - International\" \/>\n<meta property=\"og:url\" content=\"https:\/\/prograin.ca\/international\/zh\/\u7814\u53d1\/\u5927\u7530\u7814\u53d1\/\" \/>\n<meta property=\"og:site_name\" content=\"International\" \/>\n<meta property=\"article:modified_time\" content=\"2020-02-17T19:18:31+00:00\" \/>\n<meta name=\"twitter:card\" content=\"summary_large_image\" \/>\n<script type=\"application\/ld+json\" class=\"yoast-schema-graph\">{\"@context\":\"https:\/\/schema.org\",\"@graph\":[{\"@type\":\"WebPage\",\"@id\":\"https:\/\/prograin.ca\/international\/zh\/%e7%a0%94%e5%8f%91\/%e5%a4%a7%e7%94%b0%e7%a0%94%e5%8f%91\/\",\"url\":\"https:\/\/prograin.ca\/international\/zh\/%e7%a0%94%e5%8f%91\/%e5%a4%a7%e7%94%b0%e7%a0%94%e5%8f%91\/\",\"name\":\"\u5927\u7530\u7814\u53d1 - International\",\"isPartOf\":{\"@id\":\"https:\/\/prograin.ca\/international\/#website\"},\"datePublished\":\"2019-10-03T15:56:28+00:00\",\"dateModified\":\"2020-02-17T19:18:31+00:00\",\"breadcrumb\":{\"@id\":\"https:\/\/prograin.ca\/international\/zh\/%e7%a0%94%e5%8f%91\/%e5%a4%a7%e7%94%b0%e7%a0%94%e5%8f%91\/#breadcrumb\"},\"inLanguage\":\"fr-CA\",\"potentialAction\":[{\"@type\":\"ReadAction\",\"target\":[\"https:\/\/prograin.ca\/international\/zh\/%e7%a0%94%e5%8f%91\/%e5%a4%a7%e7%94%b0%e7%a0%94%e5%8f%91\/\"]}]},{\"@type\":\"BreadcrumbList\",\"@id\":\"https:\/\/prograin.ca\/international\/zh\/%e7%a0%94%e5%8f%91\/%e5%a4%a7%e7%94%b0%e7%a0%94%e5%8f%91\/#breadcrumb\",\"itemListElement\":[{\"@type\":\"ListItem\",\"position\":1,\"name\":\"Home\",\"item\":\"https:\/\/prograin.ca\/international\/fr\/\"},{\"@type\":\"ListItem\",\"position\":2,\"name\":\"\u7814\u53d1\",\"item\":\"https:\/\/prograin.ca\/international\/zh\/%e7%a0%94%e5%8f%91\/\"},{\"@type\":\"ListItem\",\"position\":3,\"name\":\"\u5927\u7530\u7814\u53d1\"}]},{\"@type\":\"WebSite\",\"@id\":\"https:\/\/prograin.ca\/international\/#website\",\"url\":\"https:\/\/prograin.ca\/international\/\",\"name\":\"International\",\"description\":\"Un site utilisant WordPress\",\"publisher\":{\"@id\":\"https:\/\/prograin.ca\/international\/#organization\"},\"potentialAction\":[{\"@type\":\"SearchAction\",\"target\":{\"@type\":\"EntryPoint\",\"urlTemplate\":\"https:\/\/prograin.ca\/international\/?s={search_term_string}\"},\"query-input\":\"required name=search_term_string\"}],\"inLanguage\":\"fr-CA\"},{\"@type\":\"Organization\",\"@id\":\"https:\/\/prograin.ca\/international\/#organization\",\"name\":\"International\",\"url\":\"https:\/\/prograin.ca\/international\/\",\"logo\":{\"@type\":\"ImageObject\",\"inLanguage\":\"fr-CA\",\"@id\":\"https:\/\/prograin.ca\/international\/#\/schema\/logo\/image\/\",\"url\":\"https:\/\/prograin.ca\/app\/uploads\/sites\/5\/2018\/11\/Prograin-logo-1.png\",\"contentUrl\":\"https:\/\/prograin.ca\/app\/uploads\/sites\/5\/2018\/11\/Prograin-logo-1.png\",\"width\":352,\"height\":85,\"caption\":\"International\"},\"image\":{\"@id\":\"https:\/\/prograin.ca\/international\/#\/schema\/logo\/image\/\"}}]}<\/script>\n<!-- \/ Yoast SEO plugin. -->","yoast_head_json":{"title":"\u5927\u7530\u7814\u53d1 - International","robots":{"index":"index","follow":"follow","max-snippet":"max-snippet:-1","max-image-preview":"max-image-preview:large","max-video-preview":"max-video-preview:-1"},"canonical":"https:\/\/prograin.ca\/international\/zh\/\u7814\u53d1\/\u5927\u7530\u7814\u53d1\/","og_locale":"fr_CA","og_type":"article","og_title":"\u5927\u7530\u7814\u53d1 - International","og_url":"https:\/\/prograin.ca\/international\/zh\/\u7814\u53d1\/\u5927\u7530\u7814\u53d1\/","og_site_name":"International","article_modified_time":"2020-02-17T19:18:31+00:00","twitter_card":"summary_large_image","schema":{"@context":"https:\/\/schema.org","@graph":[{"@type":"WebPage","@id":"https:\/\/prograin.ca\/international\/zh\/%e7%a0%94%e5%8f%91\/%e5%a4%a7%e7%94%b0%e7%a0%94%e5%8f%91\/","url":"https:\/\/prograin.ca\/international\/zh\/%e7%a0%94%e5%8f%91\/%e5%a4%a7%e7%94%b0%e7%a0%94%e5%8f%91\/","name":"\u5927\u7530\u7814\u53d1 - International","isPartOf":{"@id":"https:\/\/prograin.ca\/international\/#website"},"datePublished":"2019-10-03T15:56:28+00:00","dateModified":"2020-02-17T19:18:31+00:00","breadcrumb":{"@id":"https:\/\/prograin.ca\/international\/zh\/%e7%a0%94%e5%8f%91\/%e5%a4%a7%e7%94%b0%e7%a0%94%e5%8f%91\/#breadcrumb"},"inLanguage":"fr-CA","potentialAction":[{"@type":"ReadAction","target":["https:\/\/prograin.ca\/international\/zh\/%e7%a0%94%e5%8f%91\/%e5%a4%a7%e7%94%b0%e7%a0%94%e5%8f%91\/"]}]},{"@type":"BreadcrumbList","@id":"https:\/\/prograin.ca\/international\/zh\/%e7%a0%94%e5%8f%91\/%e5%a4%a7%e7%94%b0%e7%a0%94%e5%8f%91\/#breadcrumb","itemListElement":[{"@type":"ListItem","position":1,"name":"Home","item":"https:\/\/prograin.ca\/international\/fr\/"},{"@type":"ListItem","position":2,"name":"\u7814\u53d1","item":"https:\/\/prograin.ca\/international\/zh\/%e7%a0%94%e5%8f%91\/"},{"@type":"ListItem","position":3,"name":"\u5927\u7530\u7814\u53d1"}]},{"@type":"WebSite","@id":"https:\/\/prograin.ca\/international\/#website","url":"https:\/\/prograin.ca\/international\/","name":"International","description":"Un site utilisant WordPress","publisher":{"@id":"https:\/\/prograin.ca\/international\/#organization"},"potentialAction":[{"@type":"SearchAction","target":{"@type":"EntryPoint","urlTemplate":"https:\/\/prograin.ca\/international\/?s={search_term_string}"},"query-input":"required name=search_term_string"}],"inLanguage":"fr-CA"},{"@type":"Organization","@id":"https:\/\/prograin.ca\/international\/#organization","name":"International","url":"https:\/\/prograin.ca\/international\/","logo":{"@type":"ImageObject","inLanguage":"fr-CA","@id":"https:\/\/prograin.ca\/international\/#\/schema\/logo\/image\/","url":"https:\/\/prograin.ca\/app\/uploads\/sites\/5\/2018\/11\/Prograin-logo-1.png","contentUrl":"https:\/\/prograin.ca\/app\/uploads\/sites\/5\/2018\/11\/Prograin-logo-1.png","width":352,"height":85,"caption":"International"},"image":{"@id":"https:\/\/prograin.ca\/international\/#\/schema\/logo\/image\/"}}]}},"featured_image_urls":{"full":"","thumbnail":"","medium":"","medium_large":"","large":"","1536x1536":"","2048x2048":"","menu-24x24":"","menu-36x36":"","menu-48x48":""},"post_excerpt_stackable":"<p>\u6211\u4eec\u63d0\u4f9b\u6700\u597d\u7684, \u5e76\u52aa\u529b\u6210\u4e3a\u66f4\u597d \u7814\u53d1\u6700\u65b0\u6700\u597d\u7684\u54c1\u79cd\u662f\u516c\u53f8\u7684\u6839\u672c\u76ee\u6807\u4e4b\u4e00\u3002\u81ea1986\u5e74\u4ee5\u6765\uff0c\u6211\u4eec\u5b9e\u65bd\u4e86\u4e00\u9879\u5927\u8c46\u57fa\u56e0\u6539\u826f\u8ba1\u5212\uff0c\u4f7f\u6211\u4eec\u80fd\u591f\u5f00\u53d1\u6211\u4eec\u81ea\u5df1\u7684\u5927\u8c46\u54c1\u79cd\u3002\u8be5\u9879\u76ee\u5df2\u6210\u4e3a\u52a0\u62ff\u5927\u6700\u4f18\u79c0\u7684\u9879\u76ee\u4e4b\u4e00\uff0c\u6211\u4eec\u5728\u5168\u56fd\u548c\u4e16\u754c\u5404\u5730\u62e5\u6709100\u591a\u4e2a\u6ce8\u518c\u54c1\u79cd\u3002 \u4e86\u89e3\u666e\u4e50\u8c37\u79cd\u5b50 \u4f5c\u4e3a\u6211\u4eec\u7684\u7814\u7a76\u548c\u53d1\u5c55\u9879\u76ee\u7684\u4e00\u90e8\u5206,\u6211\u4eec\u96c6\u4e2d\u52aa\u529b\u5728\u7814\u53d1\u519c\u827a\u6027\u72b6\u548c\u53ef\u4f9b\u4eba\u7c7b\u98df\u7528\u4e0a\u9ad8\u5ea6\u4e13\u4e1a\u5316\u7684\u5927\u8c46\u54c1\u79cd\u3002\u6211\u4eec\u7684\u4f18\u52bf\u4e3b\u8981\u5728\u4e8e\u5f00\u53d1\u9ad8\u86cb\u767d\u8d28\u6c34\u5e73\u7684\u9ad8\u6027\u80fd\u65e9\u719f\u54c1\u79cd\u3002 \u6211\u4eec\u7684\u4e13\u5bb6\u56e2\u961f\u6b63\u5728\u4e3a\u65e9\u719f\u5927\u8c46\u7814\u53d1\u6700\u597d\u7684\u9057\u4f20\u7279\u6027\u3002 \u6bcf\u5e74\uff0c\u6211\u4eec\u90fd\u4f1a\u5728\u6211\u4eec\u4f4d\u4e8e\u9b41\u5317\u514b\u6700\u9ad8\u4ea7\u519c\u7530\u4e2d\u5fc3\u5730\u5e26\u7684\u519c\u573a\uff0c\u5bf9175\u516c\u9877\u571f\u5730\u4e0a\u7684\u6570\u4e07\u4e2a\u54c1\u79cd\u8fdb\u884c\u8bc4\u4f30\u3002\u5728\u8fc7\u53bb\u768415\u5e74\u91cc\uff0c\u6211\u4eec\u4e00\u76f4\u5728\u4f7f\u7528\u5357\u7f8e(\u667a\u5229\u548c\u963f\u6839\u5ef7)\u7684\u80b2\u79cd\u82d7\u5703\u6765\u5c3d\u5feb\u57f9\u80b2\u6211\u4eec\u7684\u54c1\u79cd\u3002 \u8be5\u9879\u76ee\u5728\u4e16\u754c\u5404\u5730\u7ea630\u4e2a\u5730\u70b9\u8bc4\u4f30\u4e86\u8fd9\u4e9b\u54c1\u79cd\u7684\u9057\u4f20\u7269\u8d28\uff0c\u5305\u62ec\u52a0\u62ff\u5927\u4e1c\u90e8\u548c\u897f\u90e8\u4ee5\u53ca\u4e1c\u6b27\u548c\u897f\u6b27 \u901a\u8fc7\u4e3a\u6211\u4eec\u63d0\u4f9b\u751f\u7269\u6280\u672f\u8fdb\u6b65\u7684\u6218\u7565\u4f19\u4f34\u5173\u7cfb\uff0c\u6211\u4eec\u5c06\u6700\u65b0\u53d1\u73b0\u5e94\u7528\u4e8e\u6211\u4eec\u7684\u9ad8\u6027\u80fd\u5927\u8c46\u751f\u4ea7\u7ebf\u3002 \u5b9e\u9a8c\u5ba4\u7814\u53d1 \u6211\u4eec\u7684\u524d\u6cbf\u7814\u7a76\u4f7f\u2f64\u6700\u5148\u8fdb\u7684\u8bbe\u5907\u3002 \u6bcf\u5e74\uff0c\u6211\u4eec\u90fd\u4f1a\u8bc4\u4f30\u6210\u5343\u4e0a\u4e07\u7684\u5927\u8c46\u54c1\u79cd\u3002\u4e3a\u6b64\u76ee\u7684\uff0c\u6211\u4eec\u8bbe\u7acb\u4e86\u4e00\u4e2a\u5206\u5b50\u9057\u4f20\u5b66\u5b9e\u9a8c\u5ba4\uff0c\u5177\u6709\u4e0e\u6700\u5927\u7684\u8de8\u56fd\u516c\u53f8\u76f8\u540c\u7684\u8bbe\u5907\u548c\u6807\u51c6\u3002\u6211\u4eec\u76f8\u4fe1\uff0c\u6280\u672f\u610f\u5473\u7740\u4e3a\u519c\u6c11\u63d0\u4f9b\u66f4\u591a\u7684\u4ef7\u503c\uff0c\u6211\u4eec\u6b63\u5728\u5c3d\u4e00\u5207\u52aa\u529b\u4f7f\u7528\u6280\u672f\u4e3a\u4ed6\u4eec\u670d\u52a1\u3002 \u57fa\u56e0\u578b\u68c0\u6d4b\u5141\u8bb8\u6211\u4eec\u8ffd\u8e2a\u611f\u5174\u8da3\u7684\u5927\u8c46\u57fa\u56e0\u3002\u8fd9\u4e00\u7279\u6b8a\u7684\u5de5\u5177\u4f7f\u6211\u4eec\u80fd\u591f\u66f4\u5feb\u3001\u66f4\u6709\u6548\u5730\u57f9\u80b2\u51fa\u5177\u6709\u6240\u9700\u6027\u72b6\u7684\u65b0\u54c1\u79cd\uff0c\u4ece\u800c\u4f7f\u6211\u4eec\u80fd\u591f\u66f4\u5feb\u5730\u5c06\u8fd9\u4e9b\u4f18\u79c0\u7684\u54c1\u79cd\u7279\u6027\u63d0\u4f9b\u7ed9\u519c\u6c11\u3002 2011\u5e74\uff0c\u6211\u4eec\u5f00\u8bbe\u4e86\u6700\u5148\u8fdb\u7684\u79d1\u7814\u4e2d\u5fc3\uff0c\u6295\u8d44\u989d\u8fbe\u5230130\u4e07\u7f8e\u5143\uff0c\u6211\u4eec\u5171\u5efa\u8bbe\u4e86\u4e00\u4e2a\u57fa\u56e0\u5206\u578b\u5b9e\u9a8c\u5ba4\u3001\u4e00\u4e2a\u98df\u54c1\u8d28\u91cf\u5b9e\u9a8c\u5ba4\u3001\u4e00\u4e2a\u5e72\u71e5\u5b9e\u9a8c\u5ba4\u548c\u4e24\u4e2a\u5ba4\u5185\u751f\u957f\u5ba4\u3002 \u6211\u4eec\u7684\u57fa\u56e0\u6539\u826f\u4e13\u5bb6\u56e2\u961f\u5c06\u81f4\u529b\u4e8e\u7814\u53d1\u6700\u4f18\u7684\u5927\u8c46\u57fa\u56e0\uff0c\u5305\u62ec\u65e9\u719f\u5927\u8c46\u54c1\u79cd\u3002<\/p>\n","category_list":"","author_info":{"name":"developpe","url":"https:\/\/prograin.ca\/international\/author\/developpe\/"},"comments_num":"0 comments","featured_image_urls_v2":{"full":"","thumbnail":"","medium":"","medium_large":"","large":"","1536x1536":"","2048x2048":"","menu-24x24":"","menu-36x36":"","menu-48x48":""},"post_excerpt_stackable_v2":"<p>\u6211\u4eec\u63d0\u4f9b\u6700\u597d\u7684, \u5e76\u52aa\u529b\u6210\u4e3a\u66f4\u597d \u7814\u53d1\u6700\u65b0\u6700\u597d\u7684\u54c1\u79cd\u662f\u516c\u53f8\u7684\u6839\u672c\u76ee\u6807\u4e4b\u4e00\u3002\u81ea1986\u5e74\u4ee5\u6765\uff0c\u6211\u4eec\u5b9e\u65bd\u4e86\u4e00\u9879\u5927\u8c46\u57fa\u56e0\u6539\u826f\u8ba1\u5212\uff0c\u4f7f\u6211\u4eec\u80fd\u591f\u5f00\u53d1\u6211\u4eec\u81ea\u5df1\u7684\u5927\u8c46\u54c1\u79cd\u3002\u8be5\u9879\u76ee\u5df2\u6210\u4e3a\u52a0\u62ff\u5927\u6700\u4f18\u79c0\u7684\u9879\u76ee\u4e4b\u4e00\uff0c\u6211\u4eec\u5728\u5168\u56fd\u548c\u4e16\u754c\u5404\u5730\u62e5\u6709100\u591a\u4e2a\u6ce8\u518c\u54c1\u79cd\u3002 \u4e86\u89e3\u666e\u4e50\u8c37\u79cd\u5b50 \u4f5c\u4e3a\u6211\u4eec\u7684\u7814\u7a76\u548c\u53d1\u5c55\u9879\u76ee\u7684\u4e00\u90e8\u5206,\u6211\u4eec\u96c6\u4e2d\u52aa\u529b\u5728\u7814\u53d1\u519c\u827a\u6027\u72b6\u548c\u53ef\u4f9b\u4eba\u7c7b\u98df\u7528\u4e0a\u9ad8\u5ea6\u4e13\u4e1a\u5316\u7684\u5927\u8c46\u54c1\u79cd\u3002\u6211\u4eec\u7684\u4f18\u52bf\u4e3b\u8981\u5728\u4e8e\u5f00\u53d1\u9ad8\u86cb\u767d\u8d28\u6c34\u5e73\u7684\u9ad8\u6027\u80fd\u65e9\u719f\u54c1\u79cd\u3002 \u6211\u4eec\u7684\u4e13\u5bb6\u56e2\u961f\u6b63\u5728\u4e3a\u65e9\u719f\u5927\u8c46\u7814\u53d1\u6700\u597d\u7684\u9057\u4f20\u7279\u6027\u3002 \u6bcf\u5e74\uff0c\u6211\u4eec\u90fd\u4f1a\u5728\u6211\u4eec\u4f4d\u4e8e\u9b41\u5317\u514b\u6700\u9ad8\u4ea7\u519c\u7530\u4e2d\u5fc3\u5730\u5e26\u7684\u519c\u573a\uff0c\u5bf9175\u516c\u9877\u571f\u5730\u4e0a\u7684\u6570\u4e07\u4e2a\u54c1\u79cd\u8fdb\u884c\u8bc4\u4f30\u3002\u5728\u8fc7\u53bb\u768415\u5e74\u91cc\uff0c\u6211\u4eec\u4e00\u76f4\u5728\u4f7f\u7528\u5357\u7f8e(\u667a\u5229\u548c\u963f\u6839\u5ef7)\u7684\u80b2\u79cd\u82d7\u5703\u6765\u5c3d\u5feb\u57f9\u80b2\u6211\u4eec\u7684\u54c1\u79cd\u3002 \u8be5\u9879\u76ee\u5728\u4e16\u754c\u5404\u5730\u7ea630\u4e2a\u5730\u70b9\u8bc4\u4f30\u4e86\u8fd9\u4e9b\u54c1\u79cd\u7684\u9057\u4f20\u7269\u8d28\uff0c\u5305\u62ec\u52a0\u62ff\u5927\u4e1c\u90e8\u548c\u897f\u90e8\u4ee5\u53ca\u4e1c\u6b27\u548c\u897f\u6b27 \u901a\u8fc7\u4e3a\u6211\u4eec\u63d0\u4f9b\u751f\u7269\u6280\u672f\u8fdb\u6b65\u7684\u6218\u7565\u4f19\u4f34\u5173\u7cfb\uff0c\u6211\u4eec\u5c06\u6700\u65b0\u53d1\u73b0\u5e94\u7528\u4e8e\u6211\u4eec\u7684\u9ad8\u6027\u80fd\u5927\u8c46\u751f\u4ea7\u7ebf\u3002 \u5b9e\u9a8c\u5ba4\u7814\u53d1 \u6211\u4eec\u7684\u524d\u6cbf\u7814\u7a76\u4f7f\u2f64\u6700\u5148\u8fdb\u7684\u8bbe\u5907\u3002 \u6bcf\u5e74\uff0c\u6211\u4eec\u90fd\u4f1a\u8bc4\u4f30\u6210\u5343\u4e0a\u4e07\u7684\u5927\u8c46\u54c1\u79cd\u3002\u4e3a\u6b64\u76ee\u7684\uff0c\u6211\u4eec\u8bbe\u7acb\u4e86\u4e00\u4e2a\u5206\u5b50\u9057\u4f20\u5b66\u5b9e\u9a8c\u5ba4\uff0c\u5177\u6709\u4e0e\u6700\u5927\u7684\u8de8\u56fd\u516c\u53f8\u76f8\u540c\u7684\u8bbe\u5907\u548c\u6807\u51c6\u3002\u6211\u4eec\u76f8\u4fe1\uff0c\u6280\u672f\u610f\u5473\u7740\u4e3a\u519c\u6c11\u63d0\u4f9b\u66f4\u591a\u7684\u4ef7\u503c\uff0c\u6211\u4eec\u6b63\u5728\u5c3d\u4e00\u5207\u52aa\u529b\u4f7f\u7528\u6280\u672f\u4e3a\u4ed6\u4eec\u670d\u52a1\u3002 \u57fa\u56e0\u578b\u68c0\u6d4b\u5141\u8bb8\u6211\u4eec\u8ffd\u8e2a\u611f\u5174\u8da3\u7684\u5927\u8c46\u57fa\u56e0\u3002\u8fd9\u4e00\u7279\u6b8a\u7684\u5de5\u5177\u4f7f\u6211\u4eec\u80fd\u591f\u66f4\u5feb\u3001\u66f4\u6709\u6548\u5730\u57f9\u80b2\u51fa\u5177\u6709\u6240\u9700\u6027\u72b6\u7684\u65b0\u54c1\u79cd\uff0c\u4ece\u800c\u4f7f\u6211\u4eec\u80fd\u591f\u66f4\u5feb\u5730\u5c06\u8fd9\u4e9b\u4f18\u79c0\u7684\u54c1\u79cd\u7279\u6027\u63d0\u4f9b\u7ed9\u519c\u6c11\u3002 2011\u5e74\uff0c\u6211\u4eec\u5f00\u8bbe\u4e86\u6700\u5148\u8fdb\u7684\u79d1\u7814\u4e2d\u5fc3\uff0c\u6295\u8d44\u989d\u8fbe\u5230130\u4e07\u7f8e\u5143\uff0c\u6211\u4eec\u5171\u5efa\u8bbe\u4e86\u4e00\u4e2a\u57fa\u56e0\u5206\u578b\u5b9e\u9a8c\u5ba4\u3001\u4e00\u4e2a\u98df\u54c1\u8d28\u91cf\u5b9e\u9a8c\u5ba4\u3001\u4e00\u4e2a\u5e72\u71e5\u5b9e\u9a8c\u5ba4\u548c\u4e24\u4e2a\u5ba4\u5185\u751f\u957f\u5ba4\u3002 \u6211\u4eec\u7684\u57fa\u56e0\u6539\u826f\u4e13\u5bb6\u56e2\u961f\u5c06\u81f4\u529b\u4e8e\u7814\u53d1\u6700\u4f18\u7684\u5927\u8c46\u57fa\u56e0\uff0c\u5305\u62ec\u65e9\u719f\u5927\u8c46\u54c1\u79cd\u3002<\/p>\n","category_list_v2":"","author_info_v2":{"name":"developpe","url":"https:\/\/prograin.ca\/international\/author\/developpe\/"},"comments_num_v2":"0 comments","coauthors":[],"author_meta":{"author_link":"https:\/\/prograin.ca\/international\/author\/developpe\/","display_name":"developpe"},"relative_dates":{"created":"Posted 7 ann\u00e9es ago","modified":"Updated 6 ann\u00e9es ago"},"absolute_dates":{"created":"Posted on 3 octobre 2019","modified":"Updated on 17 f\u00e9vrier 2020"},"absolute_dates_time":{"created":"Posted on 3 octobre 2019 15 h 56 min","modified":"Updated on 17 f\u00e9vrier 2020 19 h 18 min"},"featured_img_caption":"","featured_img":false,"series_order":"","_links":{"self":[{"href":"https:\/\/prograin.ca\/international\/wp-json\/wp\/v2\/pages\/22982"}],"collection":[{"href":"https:\/\/prograin.ca\/international\/wp-json\/wp\/v2\/pages"}],"about":[{"href":"https:\/\/prograin.ca\/international\/wp-json\/wp\/v2\/types\/page"}],"author":[{"embeddable":true,"href":"https:\/\/prograin.ca\/international\/wp-json\/wp\/v2\/users\/1"}],"replies":[{"embeddable":true,"href":"https:\/\/prograin.ca\/international\/wp-json\/wp\/v2\/comments?post=22982"}],"version-history":[{"count":8,"href":"https:\/\/prograin.ca\/international\/wp-json\/wp\/v2\/pages\/22982\/revisions"}],"predecessor-version":[{"id":23143,"href":"https:\/\/prograin.ca\/international\/wp-json\/wp\/v2\/pages\/22982\/revisions\/23143"}],"up":[{"embeddable":true,"href":"https:\/\/prograin.ca\/international\/wp-json\/wp\/v2\/pages\/22966"}],"wp:attachment":[{"href":"https:\/\/prograin.ca\/international\/wp-json\/wp\/v2\/media?parent=22982"}],"curies":[{"name":"wp","href":"https:\/\/api.w.org\/{rel}","templated":true}]}}