
{"id":22983,"date":"2019-10-03T15:56:28","date_gmt":"2019-10-03T15:56:28","guid":{"rendered":"https:\/\/prograin.ca\/international\/%e7%a0%94%e5%8f%91\/%e7%bb%88%e7%ab%af%e4%ba%a7%e5%93%81%e8%b4%a8%e9%87%8f\/"},"modified":"2020-02-11T13:55:41","modified_gmt":"2020-02-11T13:55:41","slug":"%e7%bb%88%e7%ab%af%e4%ba%a7%e5%93%81%e8%b4%a8%e9%87%8f","status":"publish","type":"page","link":"https:\/\/prograin.ca\/international\/zh\/%e7%a0%94%e5%8f%91\/%e7%bb%88%e7%ab%af%e4%ba%a7%e5%93%81%e8%b4%a8%e9%87%8f\/","title":{"rendered":"\u7ec8\u7aef\u4ea7\u54c1\u8d28\u91cf"},"content":{"rendered":"\n<div class=\"wp-block-balise-section-block alignfull _sectionblock has-1-columns\">\n<div class=\" verticalbg\" style=\"color:#ffffff;background-image:url(https:\/\/prograin.ca\/app\/uploads\/2019\/01\/Groupe-1454.jpg);background-size:cover;padding-top:60px;padding-bottom:150px;padding-left:10px;padding-right:10px\"><div class=\"verticalbg\" style=\"background-image:url(https:\/\/prograin.ca\/app\/uploads\/2019\/03\/header_soya_alimentaire_vertical.jpg);background-size:cover\"><\/div><div class=\"inside\" style=\"margin:0 auto\">\n<div class=\"wp-container-3 wp-block-columns has-2-columns\">\n<div class=\"wp-container-1 wp-block-column\">\n<p>\u6211\u4eec\u7279\u522b\u6ce8\u91cd\u7ec8\u7aef\u4ea7\u54c1\u7684\u8d28\u91cf\u3002\u8003\u8651\u5230\u8fd9\u4e00\u70b9\uff0c\u6211\u4eec\u65bd\u884c\u4e86\u4e00\u4e2a\u7279\u6b8a\u7684\u7814\u7a76\u65b9\u6848\uff0c\u8fd9\u4f7f\u6211\u4eec\u751f\u4ea7\u7684\u8c46\u8150\u6709\u6807\u51c6\u7684\u5b9e\u9a8c\u57fa\u7840\u652f\u6491\uff0c\u80fd\u591f\u4e25\u683c\u9075\u5b88\u5ba2\u6237\u7684\u6807\u51c6\u3002 <\/p>\n<\/div>\n\n\n\n<div class=\"wp-container-2 wp-block-column\"><\/div>\n<\/div>\n<\/div><\/div>\n<\/div>\n\n\n\n<div class=\"wp-block-balise-section-block alignfull _sectionblock has-1-columns\">\n<div class=\"\" style=\"background-size:cover;padding-top:60px;padding-bottom:60px;padding-left:10px;padding-right:10px\"><div class=\"verticalbg\" style=\"background-size:cover\"><\/div><div class=\"inside\" style=\"margin:0 auto\">\n<div class=\"wp-container-8 wp-block-columns has-4-columns\">\n<div class=\"wp-container-4 wp-block-column\">\n<p>We have developed unique expertise to test soy beverages and soybean sprouts. We have the equipment to perform various analyses on soybean seeds, soy beverages, and tofu, and we can perform analyses regarding:<\/p>\n<\/div>\n\n\n\n<div class=\"wp-container-5 wp-block-column\">\n<ul><li>Protein<\/li><li>Sugar<\/li><li>Stachyose<\/li><\/ul>\n<\/div>\n\n\n\n<div class=\"wp-container-6 wp-block-column\">\n<ul><li>Oil<\/li><li>\u00b0Brix<\/li><li>Dry matter<\/li><\/ul>\n<\/div>\n\n\n\n<div class=\"wp-container-7 wp-block-column\">\n<ul><li>Colours (L, a, b)<\/li><li>Water absorption rate<\/li><li>Dip test<\/li><\/ul>\n<\/div>\n<\/div>\n<\/div><\/div>\n<\/div>\n\n\n\n<div class=\"wp-block-balise-section-block alignfull _sectionblock has-1-columns hide-mobile, hide-tablet\">\n<div class=\"\" style=\"background-size:cover;padding-top:200px;padding-bottom:200px;padding-left:10px;padding-right:10px\"><div class=\"verticalbg\" style=\"background-size:cover\"><\/div><iframe class=\"videobg\" src=\"https:\/\/player.vimeo.com\/video\/323520904?background=1&amp;autoplay=1&amp;byline=0&amp;title=0&amp;muted=1\" frameborder=\"0\" allowfullscreen><\/iframe><div class=\"inside\" style=\"margin:0 auto\"><\/div><\/div>\n<\/div>\n\n\n\n<div class=\"wp-block-balise-section-block alignfull _sectionblock has-2-columns hide-mobile, hide-tablet\">\n<div class=\"\" style=\"background-size:cover;padding-top:60px;padding-bottom:60px;padding-left:10px;padding-right:10px\"><div class=\"verticalbg\" style=\"background-size:cover\"><\/div><div class=\"inside\" style=\"margin:0 auto\">\n<p>\u8fd9\u4e9b\u5fc5\u8981\u7684\u68c0\u6d4b\u7a0b\u5e8f\u6709\u52a9\u4e8e\u4e3a\u751f\u4ea7\u8005\u5f00\u53d1\u51fa\u6700\u597d\u7684\u54c1\u79cd\uff0c\u5e76\u5e2e\u52a9\u6211\u4eec\u6ee1\u8db3\u6539\u9020\u5927\u8c46\u4e70\u5bb6\u7684\u5177\u4f53\u9700\u6c42\u3002 <\/p>\n<\/div><\/div>\n\n\n\n<div class=\"\" style=\"background-size:cover;padding-top:60px;padding-bottom:60px;padding-left:10px;padding-right:10px\"><div class=\"verticalbg\" style=\"background-size:cover\"><\/div><div class=\"inside\" style=\"margin:0 auto\"><\/div><\/div>\n<\/div>\n\n\n\n<div class=\"wp-block-balise-section-block alignfull _sectionblock has-1-columns\">\n<div class=\"\" style=\"color:#ffffff;background-image:url(https:\/\/prograin.ca\/app\/uploads\/2019\/01\/recherche_soya_trac-1.jpg);background-size:cover;padding-top:20px;padding-bottom:200px;padding-left:10px;padding-right:10px\"><div class=\"verticalbg\" style=\"background-size:cover\"><\/div><div class=\"inside\" style=\"margin:0 auto\">\n<h3 class=\"is-style-orange\">\u53ef\u8ffd\u6eaf\u6027\u7684\u91cd\u8981\u6027 <br><\/h3>\n\n\n\n<div class=\"wp-container-11 wp-block-columns has-2-columns\">\n<div class=\"wp-container-9 wp-block-column\">\n<p> \u666e\u4e50\u2f95\u5168\u4f53\u56e2\u961f\u90fd\u61c2\u5f97\u6211\u4eec\u2f24\u2f96\u4ea7\u54c1\u662f\u4f9b\u2f08\u7c7b\u2edd\u2f64\u7684\uff0c\u56e0\u6b64\u6211\u4eec \u7684\u79d1\u7814\u2f6c\u6807\u662f\u59cb\u7ec8\u63d0\u4f9b\u7ed9\u5ba2\u6237\u66f4\u597d\u7684\u54c1\u79cd\u8d28\u91cf\uff0c\u66f4\u591a\u7684\u54c1\u79cd\u7279\u6027\uff0c\u66f4\u2fbc\u7684\u6ee1\u610f\u5ea6\u3002 <\/p>\n\n\n\n<p> \u4e86\u89e3\u66f4\u591a\u5173\u4e8e\u53ef\u8ffd\u6eaf\u6027\u627f\u8bfa\u7684\u4fe1\u606f  <\/p>\n<\/div>\n\n\n\n<div class=\"wp-container-10 wp-block-column\"><\/div>\n<\/div>\n\n\n\n<div style=\"height:100px\" aria-hidden=\"true\" class=\"wp-block-spacer\"><\/div>\n\n\n\n<p><\/p>\n<\/div><\/div>\n<\/div>\n","protected":false},"excerpt":{"rendered":"","protected":false},"author":1,"featured_media":0,"parent":22966,"menu_order":1,"comment_status":"closed","ping_status":"closed","template":"","meta":{"advgb_blocks_editor_width":"","advgb_blocks_columns_visual_guide":""},"yoast_head":"<!-- This site is optimized with the Yoast SEO plugin v19.11 - https:\/\/yoast.com\/wordpress\/plugins\/seo\/ -->\n<title>\u7ec8\u7aef\u4ea7\u54c1\u8d28\u91cf - International<\/title>\n<meta name=\"robots\" content=\"index, follow, max-snippet:-1, max-image-preview:large, max-video-preview:-1\" \/>\n<link rel=\"canonical\" href=\"https:\/\/prograin.ca\/international\/zh\/\u7814\u53d1\/\u7ec8\u7aef\u4ea7\u54c1\u8d28\u91cf\/\" \/>\n<meta property=\"og:locale\" content=\"fr_CA\" \/>\n<meta property=\"og:type\" content=\"article\" \/>\n<meta property=\"og:title\" content=\"\u7ec8\u7aef\u4ea7\u54c1\u8d28\u91cf - International\" \/>\n<meta property=\"og:url\" content=\"https:\/\/prograin.ca\/international\/zh\/\u7814\u53d1\/\u7ec8\u7aef\u4ea7\u54c1\u8d28\u91cf\/\" \/>\n<meta property=\"og:site_name\" content=\"International\" \/>\n<meta property=\"article:modified_time\" content=\"2020-02-11T13:55:41+00:00\" \/>\n<meta name=\"twitter:card\" content=\"summary_large_image\" \/>\n<script type=\"application\/ld+json\" class=\"yoast-schema-graph\">{\"@context\":\"https:\/\/schema.org\",\"@graph\":[{\"@type\":\"WebPage\",\"@id\":\"https:\/\/prograin.ca\/international\/zh\/%e7%a0%94%e5%8f%91\/%e7%bb%88%e7%ab%af%e4%ba%a7%e5%93%81%e8%b4%a8%e9%87%8f\/\",\"url\":\"https:\/\/prograin.ca\/international\/zh\/%e7%a0%94%e5%8f%91\/%e7%bb%88%e7%ab%af%e4%ba%a7%e5%93%81%e8%b4%a8%e9%87%8f\/\",\"name\":\"\u7ec8\u7aef\u4ea7\u54c1\u8d28\u91cf - International\",\"isPartOf\":{\"@id\":\"https:\/\/prograin.ca\/international\/#website\"},\"datePublished\":\"2019-10-03T15:56:28+00:00\",\"dateModified\":\"2020-02-11T13:55:41+00:00\",\"breadcrumb\":{\"@id\":\"https:\/\/prograin.ca\/international\/zh\/%e7%a0%94%e5%8f%91\/%e7%bb%88%e7%ab%af%e4%ba%a7%e5%93%81%e8%b4%a8%e9%87%8f\/#breadcrumb\"},\"inLanguage\":\"fr-CA\",\"potentialAction\":[{\"@type\":\"ReadAction\",\"target\":[\"https:\/\/prograin.ca\/international\/zh\/%e7%a0%94%e5%8f%91\/%e7%bb%88%e7%ab%af%e4%ba%a7%e5%93%81%e8%b4%a8%e9%87%8f\/\"]}]},{\"@type\":\"BreadcrumbList\",\"@id\":\"https:\/\/prograin.ca\/international\/zh\/%e7%a0%94%e5%8f%91\/%e7%bb%88%e7%ab%af%e4%ba%a7%e5%93%81%e8%b4%a8%e9%87%8f\/#breadcrumb\",\"itemListElement\":[{\"@type\":\"ListItem\",\"position\":1,\"name\":\"Home\",\"item\":\"https:\/\/prograin.ca\/international\/fr\/\"},{\"@type\":\"ListItem\",\"position\":2,\"name\":\"\u7814\u53d1\",\"item\":\"https:\/\/prograin.ca\/international\/zh\/%e7%a0%94%e5%8f%91\/\"},{\"@type\":\"ListItem\",\"position\":3,\"name\":\"\u7ec8\u7aef\u4ea7\u54c1\u8d28\u91cf\"}]},{\"@type\":\"WebSite\",\"@id\":\"https:\/\/prograin.ca\/international\/#website\",\"url\":\"https:\/\/prograin.ca\/international\/\",\"name\":\"International\",\"description\":\"Un site utilisant WordPress\",\"publisher\":{\"@id\":\"https:\/\/prograin.ca\/international\/#organization\"},\"potentialAction\":[{\"@type\":\"SearchAction\",\"target\":{\"@type\":\"EntryPoint\",\"urlTemplate\":\"https:\/\/prograin.ca\/international\/?s={search_term_string}\"},\"query-input\":\"required name=search_term_string\"}],\"inLanguage\":\"fr-CA\"},{\"@type\":\"Organization\",\"@id\":\"https:\/\/prograin.ca\/international\/#organization\",\"name\":\"International\",\"url\":\"https:\/\/prograin.ca\/international\/\",\"logo\":{\"@type\":\"ImageObject\",\"inLanguage\":\"fr-CA\",\"@id\":\"https:\/\/prograin.ca\/international\/#\/schema\/logo\/image\/\",\"url\":\"https:\/\/prograin.ca\/app\/uploads\/sites\/5\/2018\/11\/Prograin-logo-1.png\",\"contentUrl\":\"https:\/\/prograin.ca\/app\/uploads\/sites\/5\/2018\/11\/Prograin-logo-1.png\",\"width\":352,\"height\":85,\"caption\":\"International\"},\"image\":{\"@id\":\"https:\/\/prograin.ca\/international\/#\/schema\/logo\/image\/\"}}]}<\/script>\n<!-- \/ Yoast SEO plugin. -->","yoast_head_json":{"title":"\u7ec8\u7aef\u4ea7\u54c1\u8d28\u91cf - International","robots":{"index":"index","follow":"follow","max-snippet":"max-snippet:-1","max-image-preview":"max-image-preview:large","max-video-preview":"max-video-preview:-1"},"canonical":"https:\/\/prograin.ca\/international\/zh\/\u7814\u53d1\/\u7ec8\u7aef\u4ea7\u54c1\u8d28\u91cf\/","og_locale":"fr_CA","og_type":"article","og_title":"\u7ec8\u7aef\u4ea7\u54c1\u8d28\u91cf - International","og_url":"https:\/\/prograin.ca\/international\/zh\/\u7814\u53d1\/\u7ec8\u7aef\u4ea7\u54c1\u8d28\u91cf\/","og_site_name":"International","article_modified_time":"2020-02-11T13:55:41+00:00","twitter_card":"summary_large_image","schema":{"@context":"https:\/\/schema.org","@graph":[{"@type":"WebPage","@id":"https:\/\/prograin.ca\/international\/zh\/%e7%a0%94%e5%8f%91\/%e7%bb%88%e7%ab%af%e4%ba%a7%e5%93%81%e8%b4%a8%e9%87%8f\/","url":"https:\/\/prograin.ca\/international\/zh\/%e7%a0%94%e5%8f%91\/%e7%bb%88%e7%ab%af%e4%ba%a7%e5%93%81%e8%b4%a8%e9%87%8f\/","name":"\u7ec8\u7aef\u4ea7\u54c1\u8d28\u91cf - International","isPartOf":{"@id":"https:\/\/prograin.ca\/international\/#website"},"datePublished":"2019-10-03T15:56:28+00:00","dateModified":"2020-02-11T13:55:41+00:00","breadcrumb":{"@id":"https:\/\/prograin.ca\/international\/zh\/%e7%a0%94%e5%8f%91\/%e7%bb%88%e7%ab%af%e4%ba%a7%e5%93%81%e8%b4%a8%e9%87%8f\/#breadcrumb"},"inLanguage":"fr-CA","potentialAction":[{"@type":"ReadAction","target":["https:\/\/prograin.ca\/international\/zh\/%e7%a0%94%e5%8f%91\/%e7%bb%88%e7%ab%af%e4%ba%a7%e5%93%81%e8%b4%a8%e9%87%8f\/"]}]},{"@type":"BreadcrumbList","@id":"https:\/\/prograin.ca\/international\/zh\/%e7%a0%94%e5%8f%91\/%e7%bb%88%e7%ab%af%e4%ba%a7%e5%93%81%e8%b4%a8%e9%87%8f\/#breadcrumb","itemListElement":[{"@type":"ListItem","position":1,"name":"Home","item":"https:\/\/prograin.ca\/international\/fr\/"},{"@type":"ListItem","position":2,"name":"\u7814\u53d1","item":"https:\/\/prograin.ca\/international\/zh\/%e7%a0%94%e5%8f%91\/"},{"@type":"ListItem","position":3,"name":"\u7ec8\u7aef\u4ea7\u54c1\u8d28\u91cf"}]},{"@type":"WebSite","@id":"https:\/\/prograin.ca\/international\/#website","url":"https:\/\/prograin.ca\/international\/","name":"International","description":"Un site utilisant WordPress","publisher":{"@id":"https:\/\/prograin.ca\/international\/#organization"},"potentialAction":[{"@type":"SearchAction","target":{"@type":"EntryPoint","urlTemplate":"https:\/\/prograin.ca\/international\/?s={search_term_string}"},"query-input":"required name=search_term_string"}],"inLanguage":"fr-CA"},{"@type":"Organization","@id":"https:\/\/prograin.ca\/international\/#organization","name":"International","url":"https:\/\/prograin.ca\/international\/","logo":{"@type":"ImageObject","inLanguage":"fr-CA","@id":"https:\/\/prograin.ca\/international\/#\/schema\/logo\/image\/","url":"https:\/\/prograin.ca\/app\/uploads\/sites\/5\/2018\/11\/Prograin-logo-1.png","contentUrl":"https:\/\/prograin.ca\/app\/uploads\/sites\/5\/2018\/11\/Prograin-logo-1.png","width":352,"height":85,"caption":"International"},"image":{"@id":"https:\/\/prograin.ca\/international\/#\/schema\/logo\/image\/"}}]}},"featured_image_urls":{"full":"","thumbnail":"","medium":"","medium_large":"","large":"","1536x1536":"","2048x2048":"","menu-24x24":"","menu-36x36":"","menu-48x48":""},"post_excerpt_stackable":"<p>\u6211\u4eec\u7279\u522b\u6ce8\u91cd\u7ec8\u7aef\u4ea7\u54c1\u7684\u8d28\u91cf\u3002\u8003\u8651\u5230\u8fd9\u4e00\u70b9\uff0c\u6211\u4eec\u65bd\u884c\u4e86\u4e00\u4e2a\u7279\u6b8a\u7684\u7814\u7a76\u65b9\u6848\uff0c\u8fd9\u4f7f\u6211\u4eec\u751f\u4ea7\u7684\u8c46\u8150\u6709\u6807\u51c6\u7684\u5b9e\u9a8c\u57fa\u7840\u652f\u6491\uff0c\u80fd\u591f\u4e25\u683c\u9075\u5b88\u5ba2\u6237\u7684\u6807\u51c6\u3002 We have developed unique expertise to test soy beverages and soybean sprouts. We have the equipment to perform various analyses on soybean seeds, soy beverages, and tofu, and we can perform analyses regarding: ProteinSugarStachyose Oil\u00b0BrixDry matter Colours (L, a, b)Water absorption rateDip test \u8fd9\u4e9b\u5fc5\u8981\u7684\u68c0\u6d4b\u7a0b\u5e8f\u6709\u52a9\u4e8e\u4e3a\u751f\u4ea7\u8005\u5f00\u53d1\u51fa\u6700\u597d\u7684\u54c1\u79cd\uff0c\u5e76\u5e2e\u52a9\u6211\u4eec\u6ee1\u8db3\u6539\u9020\u5927\u8c46\u4e70\u5bb6\u7684\u5177\u4f53\u9700\u6c42\u3002 \u53ef\u8ffd\u6eaf\u6027\u7684\u91cd\u8981\u6027 \u666e\u4e50\u2f95\u5168\u4f53\u56e2\u961f\u90fd\u61c2\u5f97\u6211\u4eec\u2f24\u2f96\u4ea7\u54c1\u662f\u4f9b\u2f08\u7c7b\u2edd\u2f64\u7684\uff0c\u56e0\u6b64\u6211\u4eec \u7684\u79d1\u7814\u2f6c\u6807\u662f\u59cb\u7ec8\u63d0\u4f9b\u7ed9\u5ba2\u6237\u66f4\u597d\u7684\u54c1\u79cd\u8d28\u91cf\uff0c\u66f4\u591a\u7684\u54c1\u79cd\u7279\u6027\uff0c\u66f4\u2fbc\u7684\u6ee1\u610f\u5ea6\u3002 \u4e86\u89e3\u66f4\u591a\u5173\u4e8e\u53ef\u8ffd\u6eaf\u6027\u627f\u8bfa\u7684\u4fe1\u606f<\/p>\n","category_list":"","author_info":{"name":"developpe","url":"https:\/\/prograin.ca\/international\/author\/developpe\/"},"comments_num":"0 comments","featured_image_urls_v2":{"full":"","thumbnail":"","medium":"","medium_large":"","large":"","1536x1536":"","2048x2048":"","menu-24x24":"","menu-36x36":"","menu-48x48":""},"post_excerpt_stackable_v2":"<p>\u6211\u4eec\u7279\u522b\u6ce8\u91cd\u7ec8\u7aef\u4ea7\u54c1\u7684\u8d28\u91cf\u3002\u8003\u8651\u5230\u8fd9\u4e00\u70b9\uff0c\u6211\u4eec\u65bd\u884c\u4e86\u4e00\u4e2a\u7279\u6b8a\u7684\u7814\u7a76\u65b9\u6848\uff0c\u8fd9\u4f7f\u6211\u4eec\u751f\u4ea7\u7684\u8c46\u8150\u6709\u6807\u51c6\u7684\u5b9e\u9a8c\u57fa\u7840\u652f\u6491\uff0c\u80fd\u591f\u4e25\u683c\u9075\u5b88\u5ba2\u6237\u7684\u6807\u51c6\u3002 We have developed unique expertise to test soy beverages and soybean sprouts. We have the equipment to perform various analyses on soybean seeds, soy beverages, and tofu, and we can perform analyses regarding: ProteinSugarStachyose Oil\u00b0BrixDry matter Colours (L, a, b)Water absorption rateDip test \u8fd9\u4e9b\u5fc5\u8981\u7684\u68c0\u6d4b\u7a0b\u5e8f\u6709\u52a9\u4e8e\u4e3a\u751f\u4ea7\u8005\u5f00\u53d1\u51fa\u6700\u597d\u7684\u54c1\u79cd\uff0c\u5e76\u5e2e\u52a9\u6211\u4eec\u6ee1\u8db3\u6539\u9020\u5927\u8c46\u4e70\u5bb6\u7684\u5177\u4f53\u9700\u6c42\u3002 \u53ef\u8ffd\u6eaf\u6027\u7684\u91cd\u8981\u6027 \u666e\u4e50\u2f95\u5168\u4f53\u56e2\u961f\u90fd\u61c2\u5f97\u6211\u4eec\u2f24\u2f96\u4ea7\u54c1\u662f\u4f9b\u2f08\u7c7b\u2edd\u2f64\u7684\uff0c\u56e0\u6b64\u6211\u4eec \u7684\u79d1\u7814\u2f6c\u6807\u662f\u59cb\u7ec8\u63d0\u4f9b\u7ed9\u5ba2\u6237\u66f4\u597d\u7684\u54c1\u79cd\u8d28\u91cf\uff0c\u66f4\u591a\u7684\u54c1\u79cd\u7279\u6027\uff0c\u66f4\u2fbc\u7684\u6ee1\u610f\u5ea6\u3002 \u4e86\u89e3\u66f4\u591a\u5173\u4e8e\u53ef\u8ffd\u6eaf\u6027\u627f\u8bfa\u7684\u4fe1\u606f<\/p>\n","category_list_v2":"","author_info_v2":{"name":"developpe","url":"https:\/\/prograin.ca\/international\/author\/developpe\/"},"comments_num_v2":"0 comments","coauthors":[],"author_meta":{"author_link":"https:\/\/prograin.ca\/international\/author\/developpe\/","display_name":"developpe"},"relative_dates":{"created":"Posted 7 ann\u00e9es ago","modified":"Updated 6 ann\u00e9es ago"},"absolute_dates":{"created":"Posted on 3 octobre 2019","modified":"Updated on 11 f\u00e9vrier 2020"},"absolute_dates_time":{"created":"Posted on 3 octobre 2019 15 h 56 min","modified":"Updated on 11 f\u00e9vrier 2020 13 h 55 min"},"featured_img_caption":"","featured_img":false,"series_order":"","_links":{"self":[{"href":"https:\/\/prograin.ca\/international\/wp-json\/wp\/v2\/pages\/22983"}],"collection":[{"href":"https:\/\/prograin.ca\/international\/wp-json\/wp\/v2\/pages"}],"about":[{"href":"https:\/\/prograin.ca\/international\/wp-json\/wp\/v2\/types\/page"}],"author":[{"embeddable":true,"href":"https:\/\/prograin.ca\/international\/wp-json\/wp\/v2\/users\/1"}],"replies":[{"embeddable":true,"href":"https:\/\/prograin.ca\/international\/wp-json\/wp\/v2\/comments?post=22983"}],"version-history":[{"count":5,"href":"https:\/\/prograin.ca\/international\/wp-json\/wp\/v2\/pages\/22983\/revisions"}],"predecessor-version":[{"id":23144,"href":"https:\/\/prograin.ca\/international\/wp-json\/wp\/v2\/pages\/22983\/revisions\/23144"}],"up":[{"embeddable":true,"href":"https:\/\/prograin.ca\/international\/wp-json\/wp\/v2\/pages\/22966"}],"wp:attachment":[{"href":"https:\/\/prograin.ca\/international\/wp-json\/wp\/v2\/media?parent=22983"}],"curies":[{"name":"wp","href":"https:\/\/api.w.org\/{rel}","templated":true}]}}