
{"id":505,"date":"2018-11-23T19:12:57","date_gmt":"2018-11-23T19:12:57","guid":{"rendered":"https:\/\/prograin.ca\/?page_id=505"},"modified":"2019-03-21T18:21:04","modified_gmt":"2019-03-21T18:21:04","slug":"recherche_et_developpement","status":"publish","type":"page","link":"https:\/\/prograin.ca\/international\/fr\/recherche_et_developpement\/","title":{"rendered":"Recherche et d\u00e9veloppement"},"content":{"rendered":"\n<p><\/p>\n\n\n\n<div class=\"wp-block-prograin-section-block alignfull prograin-home\"><ul class=\"subsection\">\n<li class=\"PageTitle\"><h1>Recherche et d\u00e9veloppement<\/h1><div class=\"prograin-home-slide dark\" style=\"color:#eeeeee;background-image:url(https:\/\/prograin.ca\/app\/uploads\/2018\/11\/Prograin_recherche_final_2311.jpg);background-size:cover;background-position:13.360323886639677&nbsp;% 91.29554655870446&nbsp;%\"><div class=\"verticalbg\" style=\"background-size:cover\"><\/div><div class=\"inside\" style=\"padding-right:20&nbsp;%\">\n<h2>Recherche et <br>d\u00e9veloppement<\/h2>\n\n\n\n<p style=\"font-size:28px\" class=\"hide-tablet\">Nous poss\u00e9dons un d\u00e9partement de recherche unique, relevant d\u2019une \u00e9quipe d\u2019experts au savoir-faire reconnu. Nos recherches sont centr\u00e9es sur le d\u00e9veloppement de vari\u00e9t\u00e9s adapt\u00e9es aux besoins des producteurs et des transformateurs pour l\u2019alimentation humaine. <\/p>\n\n\n\n<div style=\"height:20px\" aria-hidden=\"true\" class=\"wp-block-spacer\"><\/div>\n\n\n\n<div class=\"wp-block-button is-style-squared\"><a class=\"wp-block-button__link has-background has-luminous-vivid-orange-background-color\" href=\"https:\/\/prograin.ca\/international\/recherche_et_developpement\/recherche-et-developpement-semences\/\">EN SAVOIR PLUS SUR LA RECHERCHE EN SEMENCES<\/a><\/div>\n\n\n\n<div style=\"height:30px\" aria-hidden=\"true\" class=\"wp-block-spacer\"><\/div>\n\n\n\n<div class=\"wp-block-button is-style-squared\"><a class=\"wp-block-button__link has-background has-luminous-vivid-orange-background-color\" href=\"https:\/\/prograin.ca\/international\/recherche_et_developpement\/recherche-et-developpement-soya-alimentaire\/\">EN SAVOIR PLUS SUR LA RECHERCHE EN SOYA ALIMENTAIRE<\/a><\/div>\n<\/div><\/div><\/li>\n\n\n\n<li><a href=\"https:\/\/prograin.ca\/international\/fr\/recherche_et_developpement\/recherche-et-developpement-semences\/\">Semences<\/a><div class=\"prograin-home-slide dark\" style=\"color:#eeeeee;background-image:url(https:\/\/prograin.ca\/app\/uploads\/2018\/11\/recherche_et_developpement_semences.jpg);background-size:cover;background-position:21.86234817813765&nbsp;% 62.75303643724696&nbsp;%\"><div class=\"verticalbg\" style=\"background-size:cover\"><\/div><div class=\"inside\" style=\"padding-right:20&nbsp;%\">\n<h2>La recherche est au coeur de notre entreprise<\/h2>\n\n\n\n<p style=\"font-size:28px\">Nous sommes d\u2019avis que la technologie est synonyme de valeur ajout\u00e9e pour les agriculteurs et nous prenons tous les moyens pour la mettre \u00e0 leur service.<\/p>\n\n\n\n<div style=\"height:20px\" aria-hidden=\"true\" class=\"wp-block-spacer\"><\/div>\n\n\n\n<div class=\"wp-block-button is-style-squared\"><a class=\"wp-block-button__link has-background has-luminous-vivid-orange-background-color\" href=\"https:\/\/prograin.ca\/international\/recherche_et_developpement\/recherche-et-developpement-semences\/\">EN SAVOIR PLUS SUR NOS ENGAGEMENTS EN R&amp;D<br><\/a><\/div>\n<\/div><\/div><\/li>\n\n\n\n<li><a href=\"https:\/\/prograin.ca\/international\/fr\/recherche_et_developpement\/recherche-et-developpement-soya-alimentaire\/\">Soya alimentaire<\/a><div class=\"prograin-home-slide dark\" style=\"color:#eeeeee;background-image:url(https:\/\/prograin.ca\/app\/uploads\/2018\/11\/recherche_et_developpement_soyas.jpg);background-size:cover;background-position:16.59919028340081&nbsp;% 67.61133603238866&nbsp;%\"><div class=\"verticalbg\" style=\"background-size:cover\"><\/div><div class=\"inside\" style=\"padding-right:20&nbsp;%\">\n<h2>D\u00e9velopper les meilleures vari\u00e9t\u00e9s pour r\u00e9pondre aux besoins des clients<\/h2>\n\n\n\n<p style=\"font-size:28px\">La qualit\u00e9 du produit final est essentielle pour Prograin, et nous avons mis en place un protocole de recherche unique qui nous permet de satisfaire aux demandes les plus sp\u00e9cifiques de nos clients. <\/p>\n\n\n\n<div style=\"height:20px\" aria-hidden=\"true\" class=\"wp-block-spacer\"><\/div>\n\n\n\n<div class=\"wp-block-button is-style-squared\"><a class=\"wp-block-button__link has-background has-luminous-vivid-orange-background-color\" href=\"https:\/\/prograin.ca\/international\/recherche_et_developpement\/recherche-et-developpement-soya-alimentaire\/\">EN SAVOIR PLUS SUR NOS ENGAGEMENTS EN R&amp;D&nbsp;<\/a><\/div>\n<\/div><\/div><\/li>\n<\/ul><\/div>\n","protected":false},"excerpt":{"rendered":"","protected":false},"author":2,"featured_media":0,"parent":0,"menu_order":10,"comment_status":"closed","ping_status":"closed","template":"accueil","meta":{"advgb_blocks_editor_width":"","advgb_blocks_columns_visual_guide":""},"yoast_head":"<!-- This site is optimized with the Yoast SEO plugin v19.11 - https:\/\/yoast.com\/wordpress\/plugins\/seo\/ -->\n<title>Prograin | La recherche et d\u00e9veloppement<\/title>\n<meta name=\"description\" content=\"Depuis pr\u00e8s de 30 ans, la recherche et le d\u00e9veloppement sont au c\u0153ur de l\u2019entreprise Prograin. D\u00e9couvrez l\u2019ensemble du travail et de l\u2019ambition de nos chercheurs, ce qui fait de Prograin un chef de file dans son domaine.\" \/>\n<meta name=\"robots\" content=\"index, follow, max-snippet:-1, max-image-preview:large, max-video-preview:-1\" \/>\n<link rel=\"canonical\" href=\"https:\/\/prograin.ca\/international\/fr\/recherche_et_developpement\/\" \/>\n<meta property=\"og:locale\" content=\"fr_CA\" \/>\n<meta property=\"og:type\" content=\"article\" \/>\n<meta property=\"og:title\" content=\"Prograin | La recherche et d\u00e9veloppement\" \/>\n<meta property=\"og:description\" content=\"Depuis pr\u00e8s de 30 ans, la recherche et le d\u00e9veloppement sont au c\u0153ur de l\u2019entreprise Prograin. D\u00e9couvrez l\u2019ensemble du travail et de l\u2019ambition de nos chercheurs, ce qui fait de Prograin un chef de file dans son domaine.\" \/>\n<meta property=\"og:url\" content=\"https:\/\/prograin.ca\/international\/fr\/recherche_et_developpement\/\" \/>\n<meta property=\"og:site_name\" content=\"International\" \/>\n<meta property=\"article:modified_time\" content=\"2019-03-21T18:21:04+00:00\" \/>\n<meta name=\"twitter:card\" content=\"summary_large_image\" \/>\n<meta name=\"twitter:label1\" content=\"Estimation du temps de lecture\" \/>\n\t<meta name=\"twitter:data1\" content=\"1 minute\" \/>\n<script type=\"application\/ld+json\" class=\"yoast-schema-graph\">{\"@context\":\"https:\/\/schema.org\",\"@graph\":[{\"@type\":\"WebPage\",\"@id\":\"https:\/\/prograin.ca\/international\/fr\/recherche_et_developpement\/\",\"url\":\"https:\/\/prograin.ca\/international\/fr\/recherche_et_developpement\/\",\"name\":\"Prograin | La recherche et d\u00e9veloppement\",\"isPartOf\":{\"@id\":\"https:\/\/prograin.ca\/international\/#website\"},\"datePublished\":\"2018-11-23T19:12:57+00:00\",\"dateModified\":\"2019-03-21T18:21:04+00:00\",\"description\":\"Depuis pr\u00e8s de 30 ans, la recherche et le d\u00e9veloppement sont au c\u0153ur de l\u2019entreprise Prograin. D\u00e9couvrez l\u2019ensemble du travail et de l\u2019ambition de nos chercheurs, ce qui fait de Prograin un chef de file dans son domaine.\",\"breadcrumb\":{\"@id\":\"https:\/\/prograin.ca\/international\/fr\/recherche_et_developpement\/#breadcrumb\"},\"inLanguage\":\"fr-CA\",\"potentialAction\":[{\"@type\":\"ReadAction\",\"target\":[\"https:\/\/prograin.ca\/international\/fr\/recherche_et_developpement\/\"]}]},{\"@type\":\"BreadcrumbList\",\"@id\":\"https:\/\/prograin.ca\/international\/fr\/recherche_et_developpement\/#breadcrumb\",\"itemListElement\":[{\"@type\":\"ListItem\",\"position\":1,\"name\":\"Home\",\"item\":\"https:\/\/prograin.ca\/international\/fr\/\"},{\"@type\":\"ListItem\",\"position\":2,\"name\":\"Recherche et d\u00e9veloppement\"}]},{\"@type\":\"WebSite\",\"@id\":\"https:\/\/prograin.ca\/international\/#website\",\"url\":\"https:\/\/prograin.ca\/international\/\",\"name\":\"International\",\"description\":\"Un site utilisant WordPress\",\"publisher\":{\"@id\":\"https:\/\/prograin.ca\/international\/#organization\"},\"potentialAction\":[{\"@type\":\"SearchAction\",\"target\":{\"@type\":\"EntryPoint\",\"urlTemplate\":\"https:\/\/prograin.ca\/international\/?s={search_term_string}\"},\"query-input\":\"required name=search_term_string\"}],\"inLanguage\":\"fr-CA\"},{\"@type\":\"Organization\",\"@id\":\"https:\/\/prograin.ca\/international\/#organization\",\"name\":\"International\",\"url\":\"https:\/\/prograin.ca\/international\/\",\"logo\":{\"@type\":\"ImageObject\",\"inLanguage\":\"fr-CA\",\"@id\":\"https:\/\/prograin.ca\/international\/#\/schema\/logo\/image\/\",\"url\":\"https:\/\/prograin.ca\/app\/uploads\/sites\/5\/2018\/11\/Prograin-logo-1.png\",\"contentUrl\":\"https:\/\/prograin.ca\/app\/uploads\/sites\/5\/2018\/11\/Prograin-logo-1.png\",\"width\":352,\"height\":85,\"caption\":\"International\"},\"image\":{\"@id\":\"https:\/\/prograin.ca\/international\/#\/schema\/logo\/image\/\"}}]}<\/script>\n<!-- \/ Yoast SEO plugin. -->","yoast_head_json":{"title":"Prograin | La recherche et d\u00e9veloppement","description":"Depuis pr\u00e8s de 30 ans, la recherche et le d\u00e9veloppement sont au c\u0153ur de l\u2019entreprise Prograin. D\u00e9couvrez l\u2019ensemble du travail et de l\u2019ambition de nos chercheurs, ce qui fait de Prograin un chef de file dans son domaine.","robots":{"index":"index","follow":"follow","max-snippet":"max-snippet:-1","max-image-preview":"max-image-preview:large","max-video-preview":"max-video-preview:-1"},"canonical":"https:\/\/prograin.ca\/international\/fr\/recherche_et_developpement\/","og_locale":"fr_CA","og_type":"article","og_title":"Prograin | La recherche et d\u00e9veloppement","og_description":"Depuis pr\u00e8s de 30 ans, la recherche et le d\u00e9veloppement sont au c\u0153ur de l\u2019entreprise Prograin. D\u00e9couvrez l\u2019ensemble du travail et de l\u2019ambition de nos chercheurs, ce qui fait de Prograin un chef de file dans son domaine.","og_url":"https:\/\/prograin.ca\/international\/fr\/recherche_et_developpement\/","og_site_name":"International","article_modified_time":"2019-03-21T18:21:04+00:00","twitter_card":"summary_large_image","twitter_misc":{"Estimation du temps de lecture":"1 minute"},"schema":{"@context":"https:\/\/schema.org","@graph":[{"@type":"WebPage","@id":"https:\/\/prograin.ca\/international\/fr\/recherche_et_developpement\/","url":"https:\/\/prograin.ca\/international\/fr\/recherche_et_developpement\/","name":"Prograin | La recherche et d\u00e9veloppement","isPartOf":{"@id":"https:\/\/prograin.ca\/international\/#website"},"datePublished":"2018-11-23T19:12:57+00:00","dateModified":"2019-03-21T18:21:04+00:00","description":"Depuis pr\u00e8s de 30 ans, la recherche et le d\u00e9veloppement sont au c\u0153ur de l\u2019entreprise Prograin. D\u00e9couvrez l\u2019ensemble du travail et de l\u2019ambition de nos chercheurs, ce qui fait de Prograin un chef de file dans son domaine.","breadcrumb":{"@id":"https:\/\/prograin.ca\/international\/fr\/recherche_et_developpement\/#breadcrumb"},"inLanguage":"fr-CA","potentialAction":[{"@type":"ReadAction","target":["https:\/\/prograin.ca\/international\/fr\/recherche_et_developpement\/"]}]},{"@type":"BreadcrumbList","@id":"https:\/\/prograin.ca\/international\/fr\/recherche_et_developpement\/#breadcrumb","itemListElement":[{"@type":"ListItem","position":1,"name":"Home","item":"https:\/\/prograin.ca\/international\/fr\/"},{"@type":"ListItem","position":2,"name":"Recherche et d\u00e9veloppement"}]},{"@type":"WebSite","@id":"https:\/\/prograin.ca\/international\/#website","url":"https:\/\/prograin.ca\/international\/","name":"International","description":"Un site utilisant WordPress","publisher":{"@id":"https:\/\/prograin.ca\/international\/#organization"},"potentialAction":[{"@type":"SearchAction","target":{"@type":"EntryPoint","urlTemplate":"https:\/\/prograin.ca\/international\/?s={search_term_string}"},"query-input":"required name=search_term_string"}],"inLanguage":"fr-CA"},{"@type":"Organization","@id":"https:\/\/prograin.ca\/international\/#organization","name":"International","url":"https:\/\/prograin.ca\/international\/","logo":{"@type":"ImageObject","inLanguage":"fr-CA","@id":"https:\/\/prograin.ca\/international\/#\/schema\/logo\/image\/","url":"https:\/\/prograin.ca\/app\/uploads\/sites\/5\/2018\/11\/Prograin-logo-1.png","contentUrl":"https:\/\/prograin.ca\/app\/uploads\/sites\/5\/2018\/11\/Prograin-logo-1.png","width":352,"height":85,"caption":"International"},"image":{"@id":"https:\/\/prograin.ca\/international\/#\/schema\/logo\/image\/"}}]}},"featured_image_urls":{"full":"","thumbnail":"","medium":"","medium_large":"","large":"","1536x1536":"","2048x2048":"","menu-24x24":"","menu-36x36":"","menu-48x48":""},"post_excerpt_stackable":"<p>Recherche et d\u00e9veloppement Recherche et d\u00e9veloppement Nous poss\u00e9dons un d\u00e9partement de recherche unique, relevant d\u2019une \u00e9quipe d\u2019experts au savoir-faire reconnu. Nos recherches sont centr\u00e9es sur le d\u00e9veloppement de vari\u00e9t\u00e9s adapt\u00e9es aux besoins des producteurs et des transformateurs pour l\u2019alimentation humaine. EN SAVOIR PLUS SUR LA RECHERCHE EN SEMENCES EN SAVOIR PLUS SUR LA RECHERCHE EN SOYA ALIMENTAIRE Semences La recherche est au coeur de notre entreprise Nous sommes d\u2019avis que la technologie est synonyme de valeur ajout\u00e9e pour les agriculteurs et nous prenons tous les moyens pour la mettre \u00e0 leur service. EN SAVOIR PLUS SUR NOS ENGAGEMENTS EN R&amp;D&hellip;<\/p>\n","category_list":"","author_info":{"name":"Jean Trudel","url":"https:\/\/prograin.ca\/international\/author\/amazone\/"},"comments_num":"0 comments","featured_image_urls_v2":{"full":"","thumbnail":"","medium":"","medium_large":"","large":"","1536x1536":"","2048x2048":"","menu-24x24":"","menu-36x36":"","menu-48x48":""},"post_excerpt_stackable_v2":"<p>Recherche et d\u00e9veloppement Recherche et d\u00e9veloppement Nous poss\u00e9dons un d\u00e9partement de recherche unique, relevant d\u2019une \u00e9quipe d\u2019experts au savoir-faire reconnu. Nos recherches sont centr\u00e9es sur le d\u00e9veloppement de vari\u00e9t\u00e9s adapt\u00e9es aux besoins des producteurs et des transformateurs pour l\u2019alimentation humaine. EN SAVOIR PLUS SUR LA RECHERCHE EN SEMENCES EN SAVOIR PLUS SUR LA RECHERCHE EN SOYA ALIMENTAIRE Semences La recherche est au coeur de notre entreprise Nous sommes d\u2019avis que la technologie est synonyme de valeur ajout\u00e9e pour les agriculteurs et nous prenons tous les moyens pour la mettre \u00e0 leur service. EN SAVOIR PLUS SUR NOS ENGAGEMENTS EN R&amp;D&hellip;<\/p>\n","category_list_v2":"","author_info_v2":{"name":"Jean Trudel","url":"https:\/\/prograin.ca\/international\/author\/amazone\/"},"comments_num_v2":"0 comments","coauthors":[],"author_meta":{"author_link":"https:\/\/prograin.ca\/international\/author\/amazone\/","display_name":"Jean Trudel"},"relative_dates":{"created":"Posted 7 ann\u00e9es ago","modified":"Updated 7 ann\u00e9es ago"},"absolute_dates":{"created":"Posted on 23 novembre 2018","modified":"Updated on 21 mars 2019"},"absolute_dates_time":{"created":"Posted on 23 novembre 2018 19 h 12 min","modified":"Updated on 21 mars 2019 18 h 21 min"},"featured_img_caption":"","featured_img":false,"series_order":"","_links":{"self":[{"href":"https:\/\/prograin.ca\/international\/wp-json\/wp\/v2\/pages\/505"}],"collection":[{"href":"https:\/\/prograin.ca\/international\/wp-json\/wp\/v2\/pages"}],"about":[{"href":"https:\/\/prograin.ca\/international\/wp-json\/wp\/v2\/types\/page"}],"author":[{"embeddable":true,"href":"https:\/\/prograin.ca\/international\/wp-json\/wp\/v2\/users\/2"}],"replies":[{"embeddable":true,"href":"https:\/\/prograin.ca\/international\/wp-json\/wp\/v2\/comments?post=505"}],"version-history":[{"count":46,"href":"https:\/\/prograin.ca\/international\/wp-json\/wp\/v2\/pages\/505\/revisions"}],"predecessor-version":[{"id":22632,"href":"https:\/\/prograin.ca\/international\/wp-json\/wp\/v2\/pages\/505\/revisions\/22632"}],"wp:attachment":[{"href":"https:\/\/prograin.ca\/international\/wp-json\/wp\/v2\/media?parent=505"}],"curies":[{"name":"wp","href":"https:\/\/api.w.org\/{rel}","templated":true}]}}