
{"id":539,"date":"2018-11-26T17:07:54","date_gmt":"2018-11-26T17:07:20","guid":{"rendered":"https:\/\/prograin.ca\/?page_id=539"},"modified":"2019-04-09T19:20:58","modified_gmt":"2019-04-09T19:20:58","slug":"semences","status":"publish","type":"page","link":"https:\/\/prograin.ca\/international\/fr\/semences\/","title":{"rendered":"Semences"},"content":{"rendered":"\n<div class=\"wp-block-prograin-section-block alignfull prograin-home\"><ul class=\"subsection\">\n<li class=\"PageTitle\"><h1>Semences<\/h1><div class=\"prograin-home-slide dark verticalbg\" style=\"color:#eeeeee;background-image:url(https:\/\/prograin.ca\/app\/uploads\/sites\/3\/2019\/03\/323773366.jpg);background-size:cover;background-position:55.87044534412956&nbsp;% 68.62348178137651&nbsp;%\"><div class=\"verticalbg\" style=\"background-image:url(https:\/\/prograin.ca\/app\/uploads\/2018\/12\/Header.jpg);background-size:cover\"><\/div><iframe class=\"videobg\" src=\"https:\/\/player.vimeo.com\/video\/323773366?background=1&amp;autoplay=1&amp;byline=0&amp;title=0&amp;muted=1\" frameborder=\"0\" allowfullscreen><\/iframe><div class=\"inside\" style=\"padding-right:15&nbsp;%\">\n<h2>Prograin est le chef de file du march\u00e9 du soya depuis 1980 <\/h2>\n\n\n\n<p class=\"has-text-color has-very-light-gray-color hide-tablet\">En cultivant les semences de soya Prograin, vous choisissez la qualit\u00e9, l\u2019exclusivit\u00e9, l\u2019innovation et les b\u00e9n\u00e9fices assur\u00e9s. Nos vari\u00e9t\u00e9s sont parfaitement adapt\u00e9es \u00e0 votre r\u00e9gion. De plus, vous vous assurez une tranquillit\u00e9 d\u2019esprit, car nous garantissons le rachat de 100&nbsp;% de votre r\u00e9colte.<\/p>\n\n\n\n<div style=\"height:20px\" aria-hidden=\"true\" class=\"wp-block-spacer\"><\/div>\n\n\n\n<div class=\"wp-block-button is-style-squared\"><a class=\"wp-block-button__link\" href=\"https:\/\/prograin.ca\/international\/fr\/semences\/sans-ogm\/\">D\u00c9COUVRIR NOS VARI\u00c9T\u00c9S DE SOYA SANS OGM<\/a><\/div>\n\n\n\n<div style=\"height:30px\" aria-hidden=\"true\" class=\"wp-block-spacer\"><\/div>\n\n\n\n<div class=\"wp-block-button is-style-squared\"><a class=\"wp-block-button__link\" href=\"https:\/\/prograin.ca\/app\/uploads\/2013\/08\/guide_prograin_2019_fr.pdf \" target=\"_blank\">T\u00c9L\u00c9CHARGEZ LE GUIDE SEMENCES 2019<\/a><\/div>\n\n\n\n<p><\/p>\n<\/div><\/div><\/li>\n\n\n\n<li><a href=\"https:\/\/prograin.ca\/international\/fr\/semences\/sans-ogm\/\">Sans OGM<\/a><div class=\"prograin-home-slide dark\" style=\"color:#eeeeee;background-image:url(https:\/\/prograin.ca\/app\/uploads\/2018\/11\/semences_sans_ogm_semences.jpg);background-size:cover\"><div class=\"verticalbg\" style=\"background-size:cover\"><\/div><div class=\"inside\" style=\"padding-right:15&nbsp;%\">\n<table class=\"wp-block-advgb-table advgb-table-frontend\" style=\"max-width:319px\"><tbody><tr><td style=\"vertical-align:bottom;border-style:none\"><img loading=\"lazy\" width=\"237\" height=\"58\" class=\"wp-image-20246\" style=\"width: 150px;\" src=\"https:\/\/prograin.ca\/app\/uploads\/2019\/02\/Quali-Pro-1.png\" alt=\"\" srcset=\"https:\/\/prograin.ca\/app\/uploads\/sites\/5\/2019\/02\/Quali-Pro-1.png 237w, https:\/\/prograin.ca\/app\/uploads\/sites\/5\/2019\/02\/Quali-Pro-1-24x6.png 24w, https:\/\/prograin.ca\/app\/uploads\/sites\/5\/2019\/02\/Quali-Pro-1-36x9.png 36w, https:\/\/prograin.ca\/app\/uploads\/sites\/5\/2019\/02\/Quali-Pro-1-48x12.png 48w\" sizes=\"(max-width: 237px) 100vw, 237px\" \/><\/td><td style=\"border-style:none;vertical-align:bottom\"><img loading=\"lazy\" width=\"115\" height=\"98\" class=\"wp-image-20247\" style=\"width: 115px;\" src=\"https:\/\/prograin.ca\/app\/uploads\/2019\/02\/IP.png\" alt=\"\" srcset=\"https:\/\/prograin.ca\/app\/uploads\/sites\/5\/2019\/02\/IP.png 115w, https:\/\/prograin.ca\/app\/uploads\/sites\/5\/2019\/02\/IP-24x20.png 24w, https:\/\/prograin.ca\/app\/uploads\/sites\/5\/2019\/02\/IP-36x31.png 36w, https:\/\/prograin.ca\/app\/uploads\/sites\/5\/2019\/02\/IP-48x41.png 48w\" sizes=\"(max-width: 115px) 100vw, 115px\" \/><\/td><\/tr><\/tbody><\/table>\n\n\n\n<h2>Sans OGM<\/h2>\n\n\n\n<p class=\"hide-tablet\">Nos semences sans OGM sont exclusives \u00e0 Prograin et sont d\u00e9velopp\u00e9es dans notre centre de recherche \u00e0 Saint-C\u00e9saire au Qu\u00e9bec. Pour combler l\u2019ensemble de vos besoins, nous vous proposons diverses gammes de soya, toutes accompagn\u00e9es d\u2019un programme de rachat vous conf\u00e9rant des avantages concurrentiels et une r\u00e9mun\u00e9ration sans \u00e9gale. <\/p>\n\n\n\n<div style=\"height:20px\" aria-hidden=\"true\" class=\"wp-block-spacer\"><\/div>\n\n\n\n<div class=\"wp-block-button is-style-squared\"><a class=\"wp-block-button__link\" href=\"https:\/\/prograin.ca\/international\/fr\/semences\/sans-ogm\/\">VOIR LA LISTE D\u00c9TAILL\u00c9E DES SEMENCES<\/a><\/div>\n\n\n\n<div style=\"height:30px\" aria-hidden=\"true\" class=\"wp-block-spacer\"><\/div>\n<\/div><\/div><\/li>\n\n\n\n<li><a href=\"https:\/\/prograin.ca\/international\/fr\/semences\/conseils\/\">Conseils<\/a><div class=\"prograin-home-slide dark\" style=\"color:#eeeeee;background-image:url(https:\/\/prograin.ca\/app\/uploads\/2019\/02\/bg_conseils.jpg);background-size:cover\"><div class=\"verticalbg\" style=\"background-size:cover\"><\/div><div class=\"inside\" style=\"padding-right:15&nbsp;%\">\n<h2>Profitez de nos ressources<\/h2>\n\n\n\n<p class=\"hide-tablet\">Nos experts Prograin sont l\u00e0 pour vous conseiller \u00e0 toutes les \u00e9tapes de votre production, du semis \u00e0 la r\u00e9colte. Nous sommes heureux de vous aider \u00e0 maximiser vos revenus. <\/p>\n\n\n\n<div style=\"height:20px\" aria-hidden=\"true\" class=\"wp-block-spacer\"><\/div>\n\n\n\n<div class=\"wp-block-button is-style-squared\"><a class=\"wp-block-button__link\" href=\"https:\/\/prograin.ca\/international\/fr\/semences\/conseils\/\">LIRE NOS CONSEILS<\/a><\/div>\n<\/div><\/div><\/li>\n\n\n\n<li><a href=\"https:\/\/prograin.ca\/international\/fr\/semences\/articles\/\">Articles<\/a><div class=\"prograin-home-slide dark\" style=\"color:#ffffff;background-image:url(https:\/\/prograin.ca\/app\/uploads\/2019\/01\/soya_articles.jpg);background-size:cover\"><div class=\"verticalbg\" style=\"background-size:cover\"><\/div><div class=\"inside\" style=\"padding-right:15&nbsp;%\">\n<h2 class=\"is-style-blanc\">Tout savoir sur la culture et la conservation du soya<\/h2>\n\n\n\n<p class=\"hide-tablet\">Prograin vous accompagne \u00e0 toutes les \u00e9tapes de la culture et de l\u2019entreposage du soya. <\/p>\n\n\n\n<div style=\"height:20px\" aria-hidden=\"true\" class=\"wp-block-spacer\"><\/div>\n\n\n\n<div class=\"wp-block-button is-style-squared\"><a class=\"wp-block-button__link\" href=\"https:\/\/prograin.ca\/international\/fr\/semences\/articles\">CONSULTEZ NOS ARTICLES<\/a><\/div>\n<\/div><\/div><\/li>\n\n\n\n<li><a href=\"https:\/\/prograin.ca\/international\/fr\/semences\/faq-fr\/\">FAQ<\/a><div class=\"prograin-home-slide dark\" style=\"color:#ffffff;background-image:url(https:\/\/prograin.ca\/app\/uploads\/sites\/3\/2019\/01\/conseils_header.jpg);background-size:cover\"><div class=\"verticalbg\" style=\"background-size:cover\"><\/div><div class=\"inside\" style=\"padding-right:15&nbsp;%\">\n<h2 class=\"is-style-blanc\">FAQ<\/h2>\n\n\n\n<p class=\"hide-tablet\">Vous avez des questions? <br>Voici une liste de sujets fr\u00e9quemment abord\u00e9s.  <\/p>\n\n\n\n<div style=\"height:20px\" aria-hidden=\"true\" class=\"wp-block-spacer\"><\/div>\n\n\n\n<div class=\"wp-block-button is-style-squared\"><a class=\"wp-block-button__link\" href=\"https:\/\/prograin.ca\/international\/fr\/semences\/faq-fr\/\">CONSULTER LA LISTE<br><\/a><\/div>\n<\/div><\/div><\/li>\n<\/ul><\/div>\n","protected":false},"excerpt":{"rendered":"","protected":false},"author":2,"featured_media":0,"parent":0,"menu_order":5,"comment_status":"closed","ping_status":"closed","template":"accueil","meta":{"advgb_blocks_editor_width":"","advgb_blocks_columns_visual_guide":""},"yoast_head":"<!-- This site is optimized with the Yoast SEO plugin v19.11 - https:\/\/yoast.com\/wordpress\/plugins\/seo\/ -->\n<title>Prograin | Des semences de soya exclusives pour votre profitabilit\u00e9<\/title>\n<meta name=\"description\" content=\"En cultivant les semences de soya Prograin, vous choisissez la qualit\u00e9, l\u2019exclusivit\u00e9, l\u2019innovation, en plus des b\u00e9n\u00e9fices assur\u00e9s!\" \/>\n<meta name=\"robots\" content=\"index, follow, max-snippet:-1, max-image-preview:large, max-video-preview:-1\" \/>\n<link rel=\"canonical\" href=\"https:\/\/prograin.ca\/international\/fr\/semences\/\" \/>\n<meta property=\"og:locale\" content=\"fr_CA\" \/>\n<meta property=\"og:type\" content=\"article\" \/>\n<meta property=\"og:title\" content=\"Prograin | Des semences de soya exclusives pour votre profitabilit\u00e9\" \/>\n<meta property=\"og:description\" content=\"En cultivant les semences de soya Prograin, vous choisissez la qualit\u00e9, l\u2019exclusivit\u00e9, l\u2019innovation, en plus des b\u00e9n\u00e9fices assur\u00e9s!\" \/>\n<meta property=\"og:url\" content=\"https:\/\/prograin.ca\/international\/fr\/semences\/\" \/>\n<meta property=\"og:site_name\" content=\"International\" \/>\n<meta property=\"article:modified_time\" content=\"2019-04-09T19:20:58+00:00\" \/>\n<meta property=\"og:image\" content=\"https:\/\/prograin.ca\/app\/uploads\/2019\/02\/Quali-Pro-1.png\" \/>\n<meta name=\"twitter:card\" content=\"summary_large_image\" \/>\n<meta name=\"twitter:label1\" content=\"Estimation du temps de lecture\" \/>\n\t<meta name=\"twitter:data1\" content=\"1 minute\" \/>\n<script type=\"application\/ld+json\" class=\"yoast-schema-graph\">{\"@context\":\"https:\/\/schema.org\",\"@graph\":[{\"@type\":\"WebPage\",\"@id\":\"https:\/\/prograin.ca\/international\/fr\/semences\/\",\"url\":\"https:\/\/prograin.ca\/international\/fr\/semences\/\",\"name\":\"Prograin | Des semences de soya exclusives pour votre profitabilit\u00e9\",\"isPartOf\":{\"@id\":\"https:\/\/prograin.ca\/international\/#website\"},\"datePublished\":\"2018-11-26T17:07:20+00:00\",\"dateModified\":\"2019-04-09T19:20:58+00:00\",\"description\":\"En cultivant les semences de soya Prograin, vous choisissez la qualit\u00e9, l\u2019exclusivit\u00e9, l\u2019innovation, en plus des b\u00e9n\u00e9fices assur\u00e9s!\",\"breadcrumb\":{\"@id\":\"https:\/\/prograin.ca\/international\/fr\/semences\/#breadcrumb\"},\"inLanguage\":\"fr-CA\",\"potentialAction\":[{\"@type\":\"ReadAction\",\"target\":[\"https:\/\/prograin.ca\/international\/fr\/semences\/\"]}]},{\"@type\":\"BreadcrumbList\",\"@id\":\"https:\/\/prograin.ca\/international\/fr\/semences\/#breadcrumb\",\"itemListElement\":[{\"@type\":\"ListItem\",\"position\":1,\"name\":\"Home\",\"item\":\"https:\/\/prograin.ca\/international\/fr\/\"},{\"@type\":\"ListItem\",\"position\":2,\"name\":\"Semences\"}]},{\"@type\":\"WebSite\",\"@id\":\"https:\/\/prograin.ca\/international\/#website\",\"url\":\"https:\/\/prograin.ca\/international\/\",\"name\":\"International\",\"description\":\"Un site utilisant WordPress\",\"publisher\":{\"@id\":\"https:\/\/prograin.ca\/international\/#organization\"},\"potentialAction\":[{\"@type\":\"SearchAction\",\"target\":{\"@type\":\"EntryPoint\",\"urlTemplate\":\"https:\/\/prograin.ca\/international\/?s={search_term_string}\"},\"query-input\":\"required name=search_term_string\"}],\"inLanguage\":\"fr-CA\"},{\"@type\":\"Organization\",\"@id\":\"https:\/\/prograin.ca\/international\/#organization\",\"name\":\"International\",\"url\":\"https:\/\/prograin.ca\/international\/\",\"logo\":{\"@type\":\"ImageObject\",\"inLanguage\":\"fr-CA\",\"@id\":\"https:\/\/prograin.ca\/international\/#\/schema\/logo\/image\/\",\"url\":\"https:\/\/prograin.ca\/app\/uploads\/sites\/5\/2018\/11\/Prograin-logo-1.png\",\"contentUrl\":\"https:\/\/prograin.ca\/app\/uploads\/sites\/5\/2018\/11\/Prograin-logo-1.png\",\"width\":352,\"height\":85,\"caption\":\"International\"},\"image\":{\"@id\":\"https:\/\/prograin.ca\/international\/#\/schema\/logo\/image\/\"}}]}<\/script>\n<!-- \/ Yoast SEO plugin. -->","yoast_head_json":{"title":"Prograin | Des semences de soya exclusives pour votre profitabilit\u00e9","description":"En cultivant les semences de soya Prograin, vous choisissez la qualit\u00e9, l\u2019exclusivit\u00e9, l\u2019innovation, en plus des b\u00e9n\u00e9fices assur\u00e9s!","robots":{"index":"index","follow":"follow","max-snippet":"max-snippet:-1","max-image-preview":"max-image-preview:large","max-video-preview":"max-video-preview:-1"},"canonical":"https:\/\/prograin.ca\/international\/fr\/semences\/","og_locale":"fr_CA","og_type":"article","og_title":"Prograin | Des semences de soya exclusives pour votre profitabilit\u00e9","og_description":"En cultivant les semences de soya Prograin, vous choisissez la qualit\u00e9, l\u2019exclusivit\u00e9, l\u2019innovation, en plus des b\u00e9n\u00e9fices assur\u00e9s!","og_url":"https:\/\/prograin.ca\/international\/fr\/semences\/","og_site_name":"International","article_modified_time":"2019-04-09T19:20:58+00:00","og_image":[{"url":"https:\/\/prograin.ca\/app\/uploads\/2019\/02\/Quali-Pro-1.png"}],"twitter_card":"summary_large_image","twitter_misc":{"Estimation du temps de lecture":"1 minute"},"schema":{"@context":"https:\/\/schema.org","@graph":[{"@type":"WebPage","@id":"https:\/\/prograin.ca\/international\/fr\/semences\/","url":"https:\/\/prograin.ca\/international\/fr\/semences\/","name":"Prograin | Des semences de soya exclusives pour votre profitabilit\u00e9","isPartOf":{"@id":"https:\/\/prograin.ca\/international\/#website"},"datePublished":"2018-11-26T17:07:20+00:00","dateModified":"2019-04-09T19:20:58+00:00","description":"En cultivant les semences de soya Prograin, vous choisissez la qualit\u00e9, l\u2019exclusivit\u00e9, l\u2019innovation, en plus des b\u00e9n\u00e9fices assur\u00e9s!","breadcrumb":{"@id":"https:\/\/prograin.ca\/international\/fr\/semences\/#breadcrumb"},"inLanguage":"fr-CA","potentialAction":[{"@type":"ReadAction","target":["https:\/\/prograin.ca\/international\/fr\/semences\/"]}]},{"@type":"BreadcrumbList","@id":"https:\/\/prograin.ca\/international\/fr\/semences\/#breadcrumb","itemListElement":[{"@type":"ListItem","position":1,"name":"Home","item":"https:\/\/prograin.ca\/international\/fr\/"},{"@type":"ListItem","position":2,"name":"Semences"}]},{"@type":"WebSite","@id":"https:\/\/prograin.ca\/international\/#website","url":"https:\/\/prograin.ca\/international\/","name":"International","description":"Un site utilisant WordPress","publisher":{"@id":"https:\/\/prograin.ca\/international\/#organization"},"potentialAction":[{"@type":"SearchAction","target":{"@type":"EntryPoint","urlTemplate":"https:\/\/prograin.ca\/international\/?s={search_term_string}"},"query-input":"required name=search_term_string"}],"inLanguage":"fr-CA"},{"@type":"Organization","@id":"https:\/\/prograin.ca\/international\/#organization","name":"International","url":"https:\/\/prograin.ca\/international\/","logo":{"@type":"ImageObject","inLanguage":"fr-CA","@id":"https:\/\/prograin.ca\/international\/#\/schema\/logo\/image\/","url":"https:\/\/prograin.ca\/app\/uploads\/sites\/5\/2018\/11\/Prograin-logo-1.png","contentUrl":"https:\/\/prograin.ca\/app\/uploads\/sites\/5\/2018\/11\/Prograin-logo-1.png","width":352,"height":85,"caption":"International"},"image":{"@id":"https:\/\/prograin.ca\/international\/#\/schema\/logo\/image\/"}}]}},"featured_image_urls":{"full":"","thumbnail":"","medium":"","medium_large":"","large":"","1536x1536":"","2048x2048":"","menu-24x24":"","menu-36x36":"","menu-48x48":""},"post_excerpt_stackable":"<p>Semences Prograin est le chef de file du march\u00e9 du soya depuis 1980 En cultivant les semences de soya Prograin, vous choisissez la qualit\u00e9, l\u2019exclusivit\u00e9, l\u2019innovation et les b\u00e9n\u00e9fices assur\u00e9s. Nos vari\u00e9t\u00e9s sont parfaitement adapt\u00e9es \u00e0 votre r\u00e9gion. De plus, vous vous assurez une tranquillit\u00e9 d\u2019esprit, car nous garantissons le rachat de 100&nbsp;% de votre r\u00e9colte. D\u00c9COUVRIR NOS VARI\u00c9T\u00c9S DE SOYA SANS OGM T\u00c9L\u00c9CHARGEZ LE GUIDE SEMENCES 2019 Sans OGM Sans OGM Nos semences sans OGM sont exclusives \u00e0 Prograin et sont d\u00e9velopp\u00e9es dans notre centre de recherche \u00e0 Saint-C\u00e9saire au Qu\u00e9bec. Pour combler l\u2019ensemble de vos besoins, nous vous&hellip;<\/p>\n","category_list":"","author_info":{"name":"Jean Trudel","url":"https:\/\/prograin.ca\/international\/author\/amazone\/"},"comments_num":"0 comments","featured_image_urls_v2":{"full":"","thumbnail":"","medium":"","medium_large":"","large":"","1536x1536":"","2048x2048":"","menu-24x24":"","menu-36x36":"","menu-48x48":""},"post_excerpt_stackable_v2":"<p>Semences Prograin est le chef de file du march\u00e9 du soya depuis 1980 En cultivant les semences de soya Prograin, vous choisissez la qualit\u00e9, l\u2019exclusivit\u00e9, l\u2019innovation et les b\u00e9n\u00e9fices assur\u00e9s. Nos vari\u00e9t\u00e9s sont parfaitement adapt\u00e9es \u00e0 votre r\u00e9gion. De plus, vous vous assurez une tranquillit\u00e9 d\u2019esprit, car nous garantissons le rachat de 100&nbsp;% de votre r\u00e9colte. D\u00c9COUVRIR NOS VARI\u00c9T\u00c9S DE SOYA SANS OGM T\u00c9L\u00c9CHARGEZ LE GUIDE SEMENCES 2019 Sans OGM Sans OGM Nos semences sans OGM sont exclusives \u00e0 Prograin et sont d\u00e9velopp\u00e9es dans notre centre de recherche \u00e0 Saint-C\u00e9saire au Qu\u00e9bec. Pour combler l\u2019ensemble de vos besoins, nous vous&hellip;<\/p>\n","category_list_v2":"","author_info_v2":{"name":"Jean Trudel","url":"https:\/\/prograin.ca\/international\/author\/amazone\/"},"comments_num_v2":"0 comments","coauthors":[],"author_meta":{"author_link":"https:\/\/prograin.ca\/international\/author\/amazone\/","display_name":"Jean Trudel"},"relative_dates":{"created":"Posted 7 ann\u00e9es ago","modified":"Updated 7 ann\u00e9es ago"},"absolute_dates":{"created":"Posted on 26 novembre 2018","modified":"Updated on 9 avril 2019"},"absolute_dates_time":{"created":"Posted on 26 novembre 2018 17 h 07 min","modified":"Updated on 9 avril 2019 19 h 20 min"},"featured_img_caption":"","featured_img":false,"series_order":"","_links":{"self":[{"href":"https:\/\/prograin.ca\/international\/wp-json\/wp\/v2\/pages\/539"}],"collection":[{"href":"https:\/\/prograin.ca\/international\/wp-json\/wp\/v2\/pages"}],"about":[{"href":"https:\/\/prograin.ca\/international\/wp-json\/wp\/v2\/types\/page"}],"author":[{"embeddable":true,"href":"https:\/\/prograin.ca\/international\/wp-json\/wp\/v2\/users\/2"}],"replies":[{"embeddable":true,"href":"https:\/\/prograin.ca\/international\/wp-json\/wp\/v2\/comments?post=539"}],"version-history":[{"count":135,"href":"https:\/\/prograin.ca\/international\/wp-json\/wp\/v2\/pages\/539\/revisions"}],"predecessor-version":[{"id":22886,"href":"https:\/\/prograin.ca\/international\/wp-json\/wp\/v2\/pages\/539\/revisions\/22886"}],"wp:attachment":[{"href":"https:\/\/prograin.ca\/international\/wp-json\/wp\/v2\/media?parent=539"}],"curies":[{"name":"wp","href":"https:\/\/api.w.org\/{rel}","templated":true}]}}