
{"id":594,"date":"2018-11-27T15:34:32","date_gmt":"2018-11-27T15:34:32","guid":{"rendered":"https:\/\/prograin.ca\/?page_id=594"},"modified":"2019-03-26T18:42:05","modified_gmt":"2019-03-26T18:42:05","slug":"recherche-et-developpement-semences","status":"publish","type":"page","link":"https:\/\/prograin.ca\/international\/fr\/recherche_et_developpement\/recherche-et-developpement-semences\/","title":{"rendered":"Recherche sur le terrain"},"content":{"rendered":"\n<div class=\"wp-block-balise-section-block alignfull _sectionblock has-1-columns\">\n<div class=\" verticalbg\" style=\"color:#ffffff;background-image:url(https:\/\/prograin.ca\/app\/uploads\/sites\/3\/2019\/03\/323773112.jpg);background-size:cover;padding-top:60px;padding-bottom:160px;padding-left:10px;padding-right:10px\"><div class=\"verticalbg\" style=\"background-image:url(https:\/\/prograin.ca\/app\/uploads\/2018\/12\/semences_header.jpg);background-size:cover\"><\/div><iframe class=\"videobg\" src=\"https:\/\/player.vimeo.com\/video\/323773112?background=1&amp;autoplay=1&amp;byline=0&amp;title=0&amp;muted=1\" frameborder=\"0\" allowfullscreen><\/iframe><div class=\"inside\" style=\"margin:0 auto\">\n<h3>Offrir ce qu\u2019il y a de mieux et toujours l\u2019am\u00e9liorer<\/h3>\n\n\n\n<div style=\"height:100px\" aria-hidden=\"true\" class=\"wp-block-spacer\"><\/div>\n\n\n\n<div class=\"wp-container-3 wp-block-columns has-2-columns\">\n<div class=\"wp-container-1 wp-block-column\">\n<p>Le d\u00e9veloppement de nouveaux cultivars performants figure parmi les pr\u00e9occupations fondamentales de notre entreprise.<\/p>\n\n\n\n<p>Depuis 1986, nous nous sommes dot\u00e9s d\u2019un programme d\u2019am\u00e9lioration g\u00e9n\u00e9tique du soya nous permettant de d\u00e9velopper nos propres vari\u00e9t\u00e9s priv\u00e9es de soya. Ce programme a \u00e9t\u00e9 l\u2019un des plus performants au Canada, avec l\u2019enregistrement de plus d\u2019une centaine de vari\u00e9t\u00e9s enregistr\u00e9es au Canada et partout dans le monde.<\/p>\n<\/div>\n\n\n\n<div class=\"wp-container-2 wp-block-column\">\n<p>Dans le cadre de notre programme de recherche et d\u00e9veloppement, nous orientons nos efforts vers des semences de soya tr\u00e8s sp\u00e9cialis\u00e9es pr\u00e9sentant les caract\u00e9ristiques recherch\u00e9es sur l\u2019aspect agronomique, mais aussi pour l\u2019alimentation humaine. Notre force se situe principalement dans le d\u00e9veloppement de vari\u00e9t\u00e9s \u00e0 maturit\u00e9 h\u00e2tive performantes, avec une teneur \u00e9lev\u00e9e en prot\u00e9ine.<\/p>\n<\/div>\n<\/div>\n\n\n\n<div class=\"wp-block-button is-style-squared\"><a class=\"wp-block-button__link\" href=\"https:\/\/prograin.ca\/fr\/semences\/sans-ogm\/\">D\u00c9COUVREZ LES SEMENCES PROGRAIN<\/a><\/div>\n<\/div><\/div>\n<\/div>\n\n\n\n<div style=\"height:60px\" aria-hidden=\"true\" class=\"wp-block-spacer\"><\/div>\n\n\n\n<div class=\"wp-block-balise-section-block alignfull _sectionblock has-1-columns\">\n<div class=\"\" style=\"background-image:url(https:\/\/prograin.ca\/app\/uploads\/2018\/12\/Map.jpg);background-size:90&nbsp;%;background-repeat:no-repeat;background-position:61.30434782608695&nbsp;% 0&nbsp;%;padding-top:80px;padding-bottom:150px;padding-left:10px;padding-right:10px\"><div class=\"verticalbg\"><\/div><div class=\"inside\" style=\"margin:0 auto\">\n<div class=\"wp-block-balise-section-block _sectionblock has-1-columns\">\n<div class=\"\" style=\"background-size:cover\"><div class=\"verticalbg\" style=\"background-size:cover\"><\/div><div class=\"inside\" style=\"margin:0 20&nbsp;% 0 0\">\n<h3 class=\"is-style-orange\">Gr\u00e2ce \u00e0 notre \u00e9quipe d\u2019experts, nous d\u00e9veloppons la meilleure g\u00e9n\u00e9tique en mati\u00e8re de soya h\u00e2tif.<\/h3>\n<\/div><\/div>\n<\/div>\n\n\n\n<hr class=\"wp-block-separator is-style-default\"\/>\n\n\n\n<div class=\"wp-container-6 wp-block-columns has-2-columns\">\n<div class=\"wp-container-4 wp-block-column\">\n<p>Sur notre ferme de recherche, nous \u00e9valuons chaque ann\u00e9e des dizaines de milliers de vari\u00e9t\u00e9s r\u00e9parties sur 175 hectares d\u00e9di\u00e9s \u00e0 la recherche, au c\u0153ur m\u00eame des terres les plus prosp\u00e8res du Qu\u00e9bec.<\/p>\n\n\n\n<p> Prograin \u00e9value son mat\u00e9riel g\u00e9n\u00e9tique sur une trentaine de sites, partout dans le monde, que ce soit dans l\u2019est du Canada, dans l\u2019ouest canadien ou bien en Europe de l\u2019ouest et de l\u2019est.   <\/p>\n<\/div>\n\n\n\n<div class=\"wp-container-5 wp-block-column\">\n<p>Depuis 15 ans, nous utilisons une p\u00e9pini\u00e8re de s\u00e9lection en Am\u00e9rique du Sud (Chili et Argentine) afin de d\u00e9velopper nos cultivars sur une plus courte p\u00e9riode possible. <\/p>\n\n\n\n<p>Gr\u00e2ce \u00e0 des partenariats strat\u00e9giques nous donnant acc\u00e8s aux avanc\u00e9es biotechnologiques, nous appliquons les plus r\u00e9centes d\u00e9couvertes \u00e0 notre gamme de soya ultra performante.  <\/p>\n<\/div>\n<\/div>\n<\/div><\/div>\n<\/div>\n\n\n\n<div class=\"wp-block-balise-section-block alignfull _sectionblock has-1-columns\">\n<div class=\"\" style=\"color:#ffffff;background-image:url(https:\/\/prograin.ca\/app\/uploads\/2019\/01\/recherche_terrain_labo.jpg);background-size:cover;padding-top:80px;padding-bottom:80px;padding-left:10px;padding-right:10px\"><div class=\"verticalbg\" style=\"background-size:cover\"><\/div><div class=\"inside\" style=\"margin:0 auto\">\n<h2>Recherche en laboratoire<\/h2>\n\n\n\n<div style=\"height:20px\" aria-hidden=\"true\" class=\"wp-block-spacer\"><\/div>\n\n\n\n<h3>La recherche avanc\u00e9e passe par un \u00e9quipement de pointe<\/h3>\n\n\n\n<div style=\"height:100px\" aria-hidden=\"true\" class=\"wp-block-spacer\"><\/div>\n\n\n\n<div class=\"wp-container-9 wp-block-columns has-2-columns\">\n<div class=\"wp-container-7 wp-block-column\">\n<p style=\"color:#ffffff\" class=\"has-text-color\">Nous \u00e9valuons chaque ann\u00e9e des dizaines de milliers de vari\u00e9t\u00e9s de soya. \u00c0 cette fin, nous disposons d\u2019un laboratoire de g\u00e9n\u00e9tique mol\u00e9culaire \u00e9quip\u00e9 des m\u00eames appareils et respectant les m\u00eames normes que les plus grandes entreprises multinationales.<\/p>\n\n\n\n<p>Nous sommes d\u2019avis que la technologie est synonyme de valeur ajout\u00e9e pour les agriculteurs et nous prenons tous les moyens pour la mettre \u00e0 leur service.<\/p>\n<\/div>\n\n\n\n<div class=\"wp-container-8 wp-block-column\">\n<p style=\"color:#ffffff\" class=\"has-text-color\">Le g\u00e9notypage nous permet de suivre les g\u00e8nes d\u2019int\u00e9r\u00eat du soya \u00e0 la trace. Cet outil exceptionnel nous permet de d\u00e9velopper plus rapidement et plus efficacement de nouveaux cultivars performants poss\u00e9dant les traits souhait\u00e9s et de les offrir plus rapidement aux agriculteurs. <\/p>\n<\/div>\n<\/div>\n<\/div><\/div>\n<\/div>\n\n\n\n<div class=\"wp-block-balise-section-block alignfull _sectionblock has-1-columns\">\n<div class=\"\" style=\"background-size:cover;padding-top:100px;padding-bottom:100px;padding-left:10px;padding-right:10px\"><div class=\"verticalbg\" style=\"background-size:cover\"><\/div><div class=\"inside\" style=\"margin:0 auto\">\n<div class=\"wp-container-12 wp-block-columns has-2-columns\">\n<div class=\"wp-container-10 wp-block-column\">\n<p>En 2011, nous avons inaugur\u00e9 notre centre de recherche \u00e0 la fine pointe de la technologie, dans lequel nous avons investi 1,3 million de dollars pour la construction d\u2019un laboratoire de g\u00e9notypage, d\u2019un laboratoire de qualit\u00e9 alimentaire, d\u2019un laboratoire sec et de deux chambres de croissance int\u00e9rieures.<\/p>\n<\/div>\n\n\n\n<div class=\"wp-container-11 wp-block-column\">\n<p>Gr\u00e2ce \u00e0 notre \u00e9quipe d\u2019experts en am\u00e9lioration g\u00e9n\u00e9tique, nous sommes pr\u00eats et d\u00e9termin\u00e9s \u00e0 d\u00e9velopper la meilleure g\u00e9n\u00e9tique en mati\u00e8re de soya, dont les vari\u00e9t\u00e9s \u00e0 maturit\u00e9 h\u00e2tive.<\/p>\n<\/div>\n<\/div>\n<\/div><\/div>\n<\/div>\n","protected":false},"excerpt":{"rendered":"","protected":false},"author":1,"featured_media":0,"parent":505,"menu_order":0,"comment_status":"closed","ping_status":"closed","template":"","meta":{"advgb_blocks_editor_width":"","advgb_blocks_columns_visual_guide":""},"yoast_head":"<!-- This site is optimized with the Yoast SEO plugin v19.11 - https:\/\/yoast.com\/wordpress\/plugins\/seo\/ -->\n<title>Prograin | Recherche et d\u00e9veloppement en semences de soya<\/title>\n<meta name=\"description\" content=\"Le d\u00e9veloppement de nouvelles semences performantes figure parmi les pr\u00e9occupations fondamentales de Prograin. D\u00e9couvrez nos engagements.\" \/>\n<meta name=\"robots\" content=\"index, follow, max-snippet:-1, max-image-preview:large, max-video-preview:-1\" \/>\n<link rel=\"canonical\" href=\"https:\/\/prograin.ca\/international\/fr\/recherche_et_developpement\/recherche-et-developpement-semences\/\" \/>\n<meta property=\"og:locale\" content=\"fr_CA\" \/>\n<meta property=\"og:type\" content=\"article\" \/>\n<meta property=\"og:title\" content=\"Prograin | Recherche et d\u00e9veloppement en semences de soya\" \/>\n<meta property=\"og:description\" content=\"Le d\u00e9veloppement de nouvelles semences performantes figure parmi les pr\u00e9occupations fondamentales de Prograin. D\u00e9couvrez nos engagements.\" \/>\n<meta property=\"og:url\" content=\"https:\/\/prograin.ca\/international\/fr\/recherche_et_developpement\/recherche-et-developpement-semences\/\" \/>\n<meta property=\"og:site_name\" content=\"International\" \/>\n<meta property=\"article:modified_time\" content=\"2019-03-26T18:42:05+00:00\" \/>\n<meta name=\"twitter:card\" content=\"summary_large_image\" \/>\n<meta name=\"twitter:label1\" content=\"Estimation du temps de lecture\" \/>\n\t<meta name=\"twitter:data1\" content=\"3 minutes\" \/>\n<script type=\"application\/ld+json\" class=\"yoast-schema-graph\">{\"@context\":\"https:\/\/schema.org\",\"@graph\":[{\"@type\":\"WebPage\",\"@id\":\"https:\/\/prograin.ca\/international\/fr\/recherche_et_developpement\/recherche-et-developpement-semences\/\",\"url\":\"https:\/\/prograin.ca\/international\/fr\/recherche_et_developpement\/recherche-et-developpement-semences\/\",\"name\":\"Prograin | Recherche et d\u00e9veloppement en semences de soya\",\"isPartOf\":{\"@id\":\"https:\/\/prograin.ca\/international\/#website\"},\"datePublished\":\"2018-11-27T15:34:32+00:00\",\"dateModified\":\"2019-03-26T18:42:05+00:00\",\"description\":\"Le d\u00e9veloppement de nouvelles semences performantes figure parmi les pr\u00e9occupations fondamentales de Prograin. D\u00e9couvrez nos engagements.\",\"breadcrumb\":{\"@id\":\"https:\/\/prograin.ca\/international\/fr\/recherche_et_developpement\/recherche-et-developpement-semences\/#breadcrumb\"},\"inLanguage\":\"fr-CA\",\"potentialAction\":[{\"@type\":\"ReadAction\",\"target\":[\"https:\/\/prograin.ca\/international\/fr\/recherche_et_developpement\/recherche-et-developpement-semences\/\"]}]},{\"@type\":\"BreadcrumbList\",\"@id\":\"https:\/\/prograin.ca\/international\/fr\/recherche_et_developpement\/recherche-et-developpement-semences\/#breadcrumb\",\"itemListElement\":[{\"@type\":\"ListItem\",\"position\":1,\"name\":\"Home\",\"item\":\"https:\/\/prograin.ca\/international\/fr\/\"},{\"@type\":\"ListItem\",\"position\":2,\"name\":\"Recherche et d\u00e9veloppement\",\"item\":\"https:\/\/prograin.ca\/international\/fr\/recherche_et_developpement\/\"},{\"@type\":\"ListItem\",\"position\":3,\"name\":\"Recherche sur le terrain\"}]},{\"@type\":\"WebSite\",\"@id\":\"https:\/\/prograin.ca\/international\/#website\",\"url\":\"https:\/\/prograin.ca\/international\/\",\"name\":\"International\",\"description\":\"Un site utilisant WordPress\",\"publisher\":{\"@id\":\"https:\/\/prograin.ca\/international\/#organization\"},\"potentialAction\":[{\"@type\":\"SearchAction\",\"target\":{\"@type\":\"EntryPoint\",\"urlTemplate\":\"https:\/\/prograin.ca\/international\/?s={search_term_string}\"},\"query-input\":\"required name=search_term_string\"}],\"inLanguage\":\"fr-CA\"},{\"@type\":\"Organization\",\"@id\":\"https:\/\/prograin.ca\/international\/#organization\",\"name\":\"International\",\"url\":\"https:\/\/prograin.ca\/international\/\",\"logo\":{\"@type\":\"ImageObject\",\"inLanguage\":\"fr-CA\",\"@id\":\"https:\/\/prograin.ca\/international\/#\/schema\/logo\/image\/\",\"url\":\"https:\/\/prograin.ca\/app\/uploads\/sites\/5\/2018\/11\/Prograin-logo-1.png\",\"contentUrl\":\"https:\/\/prograin.ca\/app\/uploads\/sites\/5\/2018\/11\/Prograin-logo-1.png\",\"width\":352,\"height\":85,\"caption\":\"International\"},\"image\":{\"@id\":\"https:\/\/prograin.ca\/international\/#\/schema\/logo\/image\/\"}}]}<\/script>\n<!-- \/ Yoast SEO plugin. -->","yoast_head_json":{"title":"Prograin | Recherche et d\u00e9veloppement en semences de soya","description":"Le d\u00e9veloppement de nouvelles semences performantes figure parmi les pr\u00e9occupations fondamentales de Prograin. D\u00e9couvrez nos engagements.","robots":{"index":"index","follow":"follow","max-snippet":"max-snippet:-1","max-image-preview":"max-image-preview:large","max-video-preview":"max-video-preview:-1"},"canonical":"https:\/\/prograin.ca\/international\/fr\/recherche_et_developpement\/recherche-et-developpement-semences\/","og_locale":"fr_CA","og_type":"article","og_title":"Prograin | Recherche et d\u00e9veloppement en semences de soya","og_description":"Le d\u00e9veloppement de nouvelles semences performantes figure parmi les pr\u00e9occupations fondamentales de Prograin. D\u00e9couvrez nos engagements.","og_url":"https:\/\/prograin.ca\/international\/fr\/recherche_et_developpement\/recherche-et-developpement-semences\/","og_site_name":"International","article_modified_time":"2019-03-26T18:42:05+00:00","twitter_card":"summary_large_image","twitter_misc":{"Estimation du temps de lecture":"3 minutes"},"schema":{"@context":"https:\/\/schema.org","@graph":[{"@type":"WebPage","@id":"https:\/\/prograin.ca\/international\/fr\/recherche_et_developpement\/recherche-et-developpement-semences\/","url":"https:\/\/prograin.ca\/international\/fr\/recherche_et_developpement\/recherche-et-developpement-semences\/","name":"Prograin | Recherche et d\u00e9veloppement en semences de soya","isPartOf":{"@id":"https:\/\/prograin.ca\/international\/#website"},"datePublished":"2018-11-27T15:34:32+00:00","dateModified":"2019-03-26T18:42:05+00:00","description":"Le d\u00e9veloppement de nouvelles semences performantes figure parmi les pr\u00e9occupations fondamentales de Prograin. D\u00e9couvrez nos engagements.","breadcrumb":{"@id":"https:\/\/prograin.ca\/international\/fr\/recherche_et_developpement\/recherche-et-developpement-semences\/#breadcrumb"},"inLanguage":"fr-CA","potentialAction":[{"@type":"ReadAction","target":["https:\/\/prograin.ca\/international\/fr\/recherche_et_developpement\/recherche-et-developpement-semences\/"]}]},{"@type":"BreadcrumbList","@id":"https:\/\/prograin.ca\/international\/fr\/recherche_et_developpement\/recherche-et-developpement-semences\/#breadcrumb","itemListElement":[{"@type":"ListItem","position":1,"name":"Home","item":"https:\/\/prograin.ca\/international\/fr\/"},{"@type":"ListItem","position":2,"name":"Recherche et d\u00e9veloppement","item":"https:\/\/prograin.ca\/international\/fr\/recherche_et_developpement\/"},{"@type":"ListItem","position":3,"name":"Recherche sur le terrain"}]},{"@type":"WebSite","@id":"https:\/\/prograin.ca\/international\/#website","url":"https:\/\/prograin.ca\/international\/","name":"International","description":"Un site utilisant WordPress","publisher":{"@id":"https:\/\/prograin.ca\/international\/#organization"},"potentialAction":[{"@type":"SearchAction","target":{"@type":"EntryPoint","urlTemplate":"https:\/\/prograin.ca\/international\/?s={search_term_string}"},"query-input":"required name=search_term_string"}],"inLanguage":"fr-CA"},{"@type":"Organization","@id":"https:\/\/prograin.ca\/international\/#organization","name":"International","url":"https:\/\/prograin.ca\/international\/","logo":{"@type":"ImageObject","inLanguage":"fr-CA","@id":"https:\/\/prograin.ca\/international\/#\/schema\/logo\/image\/","url":"https:\/\/prograin.ca\/app\/uploads\/sites\/5\/2018\/11\/Prograin-logo-1.png","contentUrl":"https:\/\/prograin.ca\/app\/uploads\/sites\/5\/2018\/11\/Prograin-logo-1.png","width":352,"height":85,"caption":"International"},"image":{"@id":"https:\/\/prograin.ca\/international\/#\/schema\/logo\/image\/"}}]}},"featured_image_urls":{"full":"","thumbnail":"","medium":"","medium_large":"","large":"","1536x1536":"","2048x2048":"","menu-24x24":"","menu-36x36":"","menu-48x48":""},"post_excerpt_stackable":"<p>Offrir ce qu\u2019il y a de mieux et toujours l\u2019am\u00e9liorer Le d\u00e9veloppement de nouveaux cultivars performants figure parmi les pr\u00e9occupations fondamentales de notre entreprise. Depuis 1986, nous nous sommes dot\u00e9s d\u2019un programme d\u2019am\u00e9lioration g\u00e9n\u00e9tique du soya nous permettant de d\u00e9velopper nos propres vari\u00e9t\u00e9s priv\u00e9es de soya. Ce programme a \u00e9t\u00e9 l\u2019un des plus performants au Canada, avec l\u2019enregistrement de plus d\u2019une centaine de vari\u00e9t\u00e9s enregistr\u00e9es au Canada et partout dans le monde. Dans le cadre de notre programme de recherche et d\u00e9veloppement, nous orientons nos efforts vers des semences de soya tr\u00e8s sp\u00e9cialis\u00e9es pr\u00e9sentant les caract\u00e9ristiques recherch\u00e9es sur l\u2019aspect agronomique,&hellip;<\/p>\n","category_list":"","author_info":{"name":"developpe","url":"https:\/\/prograin.ca\/international\/author\/developpe\/"},"comments_num":"0 comments","featured_image_urls_v2":{"full":"","thumbnail":"","medium":"","medium_large":"","large":"","1536x1536":"","2048x2048":"","menu-24x24":"","menu-36x36":"","menu-48x48":""},"post_excerpt_stackable_v2":"<p>Offrir ce qu\u2019il y a de mieux et toujours l\u2019am\u00e9liorer Le d\u00e9veloppement de nouveaux cultivars performants figure parmi les pr\u00e9occupations fondamentales de notre entreprise. Depuis 1986, nous nous sommes dot\u00e9s d\u2019un programme d\u2019am\u00e9lioration g\u00e9n\u00e9tique du soya nous permettant de d\u00e9velopper nos propres vari\u00e9t\u00e9s priv\u00e9es de soya. Ce programme a \u00e9t\u00e9 l\u2019un des plus performants au Canada, avec l\u2019enregistrement de plus d\u2019une centaine de vari\u00e9t\u00e9s enregistr\u00e9es au Canada et partout dans le monde. Dans le cadre de notre programme de recherche et d\u00e9veloppement, nous orientons nos efforts vers des semences de soya tr\u00e8s sp\u00e9cialis\u00e9es pr\u00e9sentant les caract\u00e9ristiques recherch\u00e9es sur l\u2019aspect agronomique,&hellip;<\/p>\n","category_list_v2":"","author_info_v2":{"name":"developpe","url":"https:\/\/prograin.ca\/international\/author\/developpe\/"},"comments_num_v2":"0 comments","coauthors":[],"author_meta":{"author_link":"https:\/\/prograin.ca\/international\/author\/developpe\/","display_name":"developpe"},"relative_dates":{"created":"Posted 7 ann\u00e9es ago","modified":"Updated 7 ann\u00e9es ago"},"absolute_dates":{"created":"Posted on 27 novembre 2018","modified":"Updated on 26 mars 2019"},"absolute_dates_time":{"created":"Posted on 27 novembre 2018 15 h 34 min","modified":"Updated on 26 mars 2019 18 h 42 min"},"featured_img_caption":"","featured_img":false,"series_order":"","_links":{"self":[{"href":"https:\/\/prograin.ca\/international\/wp-json\/wp\/v2\/pages\/594"}],"collection":[{"href":"https:\/\/prograin.ca\/international\/wp-json\/wp\/v2\/pages"}],"about":[{"href":"https:\/\/prograin.ca\/international\/wp-json\/wp\/v2\/types\/page"}],"author":[{"embeddable":true,"href":"https:\/\/prograin.ca\/international\/wp-json\/wp\/v2\/users\/1"}],"replies":[{"embeddable":true,"href":"https:\/\/prograin.ca\/international\/wp-json\/wp\/v2\/comments?post=594"}],"version-history":[{"count":79,"href":"https:\/\/prograin.ca\/international\/wp-json\/wp\/v2\/pages\/594\/revisions"}],"predecessor-version":[{"id":22742,"href":"https:\/\/prograin.ca\/international\/wp-json\/wp\/v2\/pages\/594\/revisions\/22742"}],"up":[{"embeddable":true,"href":"https:\/\/prograin.ca\/international\/wp-json\/wp\/v2\/pages\/505"}],"wp:attachment":[{"href":"https:\/\/prograin.ca\/international\/wp-json\/wp\/v2\/media?parent=594"}],"curies":[{"name":"wp","href":"https:\/\/api.w.org\/{rel}","templated":true}]}}