
{"id":19829,"date":"2019-02-04T20:20:30","date_gmt":"2019-02-04T20:20:30","guid":{"rendered":"https:\/\/prograin.ca\/accueil-2\/"},"modified":"2019-04-17T14:34:33","modified_gmt":"2019-04-17T14:34:33","slug":"home","status":"publish","type":"page","link":"https:\/\/prograin.ca\/ru\/en\/","title":{"rendered":"Home"},"content":{"rendered":"\n<div class=\"wp-block-prograin-section-block alignfull prograin-home\"><ul class=\"home\">\n<li class=\"PageTitle\"><h1>Home<\/h1><div class=\"prograin-home-slide dark\" style=\"color:#ffffff;background-image:url(https:\/\/prograin.ca\/app\/uploads\/2019\/01\/accueil.jpg);background-size:cover;background-position:77.32406705462348&nbsp;% 44.00520813896661&nbsp;%\"><div class=\"verticalbg\" style=\"background-size:cover\"><\/div><div class=\"inside\" style=\"padding-right:\">\n<div style=\"height:25vh\" aria-hidden=\"true\" class=\"wp-block-spacer\"><\/div>\n\n\n\n<h2>A WORLD OF SOYBEAN<\/h2>\n\n\n\n<p><\/p>\n<\/div><\/div><\/li>\n\n\n\n<li><a href=\"https:\/\/prograin.ca\/ru\/en\/company\/\">The Company<\/a><div class=\"prograin-home-slide dark\" style=\"color:#ffffff;background-image:url(https:\/\/prograin.ca\/app\/uploads\/2019\/01\/accueil_entreprise.jpg);background-size:cover;background-position:31.57894736842105&nbsp;% 36.43724696356275&nbsp;%\"><div class=\"verticalbg\" style=\"background-size:cover\"><\/div><div class=\"inside\" style=\"padding-right:\">\n<div style=\"height:25vh\" aria-hidden=\"true\" class=\"wp-block-spacer\"><\/div>\n\n\n\n<h2 class=\"font-size:100px is-style-blanc\">The company<\/h2>\n\n\n\n<p>Prograin is the largest private value-added soybean company in Canada.<\/p>\n<\/div><\/div><\/li>\n\n\n\n<li><a href=\"https:\/\/prograin.ca\/ru\/en\/research-and-development\/\">Research &amp; development<\/a><div class=\"prograin-home-slide dark\" style=\"color:#ffffff;background-image:url(https:\/\/prograin.ca\/app\/uploads\/2018\/11\/fond-rd.jpg);background-size:cover;background-position:50.607287449392715&nbsp;% 44.534412955465584&nbsp;%\"><div class=\"verticalbg\" style=\"background-size:cover\"><\/div><div class=\"inside\" style=\"padding-right:\">\n<div style=\"height:25vh\" aria-hidden=\"true\" class=\"wp-block-spacer\"><\/div>\n\n\n\n<h2 class=\"is-style-blanc\">Research and development<\/h2>\n\n\n\n<p>For nearly 30 years, research has been an integral part of our activities.<\/p>\n<\/div><\/div><\/li>\n\n\n\n<li><a href=\"https:\/\/prograin.ca\/ru\/en\/seeds\/\">Seeds<\/a><div class=\"prograin-home-slide dark\" style=\"color:#ffffff;background-image:url(https:\/\/prograin.ca\/app\/uploads\/2018\/11\/fond-semence.jpg);background-size:cover;background-position:56.2753036437247&nbsp;% 54.25101214574899&nbsp;%\"><div class=\"verticalbg\" style=\"background-size:cover\"><\/div><div class=\"inside\" style=\"padding-right:\">\n<div style=\"height:25vh\" aria-hidden=\"true\" class=\"wp-block-spacer\"><\/div>\n\n\n\n<h2 class=\"is-style-blanc\">We are partners in your success<\/h2>\n\n\n\n<p>We offer exclusive soybean varieties that ensure higher returns.<\/p>\n\n\n\n<div style=\"height:20px\" aria-hidden=\"true\" class=\"wp-block-spacer\"><\/div>\n<\/div><\/div><\/li>\n\n\n\n<li><a href=\"https:\/\/prograin.ca\/ru\/en\/food-grade-soybeans\/\">Food-grade soybeans<\/a><div class=\"prograin-home-slide dark\" style=\"color:#ffffff;background-image:url(https:\/\/prograin.ca\/app\/uploads\/2019\/01\/accueil_soya.jpg);background-size:cover;background-position:13.360323886639677&nbsp;% 50.607287449392715&nbsp;%\"><div class=\"verticalbg\" style=\"background-size:cover\"><\/div><div class=\"inside\" style=\"padding-right:\">\n<div style=\"height:25vh\" aria-hidden=\"true\" class=\"wp-block-spacer\"><\/div>\n\n\n\n<h2 class=\"is-style-blanc\">Prograin food-grade soybeans<\/h2>\n\n\n\n<p>Quality, ambition, and constant innovation.<\/p>\n<\/div><\/div><\/li>\n<\/ul><\/div>\n","protected":false},"excerpt":{"rendered":"","protected":false},"author":1,"featured_media":0,"parent":0,"menu_order":0,"comment_status":"closed","ping_status":"open","template":"accueil","meta":{"advgb_blocks_editor_width":"","advgb_blocks_columns_visual_guide":""},"yoast_head":"<!-- This site is optimized with the Yoast SEO plugin v19.11 - https:\/\/yoast.com\/wordpress\/plugins\/seo\/ -->\n<title>Prograin | Quality soybeans intended for human consumption<\/title>\n<meta name=\"description\" content=\"Since 1980, Prograin has been valued for the nutritional characteristics of its soybeans as well as for the passionate dedication of its team. We are partners in your success!\" \/>\n<meta name=\"robots\" content=\"index, follow, max-snippet:-1, max-image-preview:large, max-video-preview:-1\" \/>\n<link rel=\"canonical\" href=\"https:\/\/prograin.ca\/ru\/en\/\" \/>\n<meta property=\"og:locale\" content=\"fr_CA\" \/>\n<meta property=\"og:type\" content=\"article\" \/>\n<meta property=\"og:title\" content=\"Prograin | Quality soybeans intended for human consumption\" \/>\n<meta property=\"og:description\" content=\"Since 1980, Prograin has been valued for the nutritional characteristics of its soybeans as well as for the passionate dedication of its team. We are partners in your success!\" \/>\n<meta property=\"og:url\" content=\"https:\/\/prograin.ca\/ru\/en\/\" \/>\n<meta property=\"og:site_name\" content=\"Russia\" \/>\n<meta property=\"article:modified_time\" content=\"2019-04-17T14:34:33+00:00\" \/>\n<meta name=\"twitter:card\" content=\"summary_large_image\" \/>\n<script type=\"application\/ld+json\" class=\"yoast-schema-graph\">{\"@context\":\"https:\/\/schema.org\",\"@graph\":[{\"@type\":\"WebPage\",\"@id\":\"https:\/\/prograin.ca\/ru\/en\/\",\"url\":\"https:\/\/prograin.ca\/ru\/en\/\",\"name\":\"Prograin | Quality soybeans intended for human consumption\",\"isPartOf\":{\"@id\":\"https:\/\/prograin.ca\/ru\/#website\"},\"datePublished\":\"2019-02-04T20:20:30+00:00\",\"dateModified\":\"2019-04-17T14:34:33+00:00\",\"description\":\"Since 1980, Prograin has been valued for the nutritional characteristics of its soybeans as well as for the passionate dedication of its team. We are partners in your success!\",\"breadcrumb\":{\"@id\":\"https:\/\/prograin.ca\/ru\/en\/#breadcrumb\"},\"inLanguage\":\"fr-CA\",\"potentialAction\":[{\"@type\":\"ReadAction\",\"target\":[\"https:\/\/prograin.ca\/ru\/en\/\"]}]},{\"@type\":\"BreadcrumbList\",\"@id\":\"https:\/\/prograin.ca\/ru\/en\/#breadcrumb\",\"itemListElement\":[{\"@type\":\"ListItem\",\"position\":1,\"name\":\"Home\",\"item\":\"https:\/\/prograin.ca\/ru\/en\/\"},{\"@type\":\"ListItem\",\"position\":2,\"name\":\"Home\"}]},{\"@type\":\"WebSite\",\"@id\":\"https:\/\/prograin.ca\/ru\/#website\",\"url\":\"https:\/\/prograin.ca\/ru\/\",\"name\":\"Russia\",\"description\":\"Un site utilisant WordPress\",\"publisher\":{\"@id\":\"https:\/\/prograin.ca\/ru\/#organization\"},\"potentialAction\":[{\"@type\":\"SearchAction\",\"target\":{\"@type\":\"EntryPoint\",\"urlTemplate\":\"https:\/\/prograin.ca\/ru\/?s={search_term_string}\"},\"query-input\":\"required name=search_term_string\"}],\"inLanguage\":\"fr-CA\"},{\"@type\":\"Organization\",\"@id\":\"https:\/\/prograin.ca\/ru\/#organization\",\"name\":\"Russia\",\"url\":\"https:\/\/prograin.ca\/ru\/\",\"logo\":{\"@type\":\"ImageObject\",\"inLanguage\":\"fr-CA\",\"@id\":\"https:\/\/prograin.ca\/ru\/#\/schema\/logo\/image\/\",\"url\":\"https:\/\/prograin.ca\/app\/uploads\/sites\/6\/2018\/11\/Prograin-logo-1.png\",\"contentUrl\":\"https:\/\/prograin.ca\/app\/uploads\/sites\/6\/2018\/11\/Prograin-logo-1.png\",\"width\":352,\"height\":85,\"caption\":\"Russia\"},\"image\":{\"@id\":\"https:\/\/prograin.ca\/ru\/#\/schema\/logo\/image\/\"}}]}<\/script>\n<!-- \/ Yoast SEO plugin. -->","yoast_head_json":{"title":"Prograin | Quality soybeans intended for human consumption","description":"Since 1980, Prograin has been valued for the nutritional characteristics of its soybeans as well as for the passionate dedication of its team. We are partners in your success!","robots":{"index":"index","follow":"follow","max-snippet":"max-snippet:-1","max-image-preview":"max-image-preview:large","max-video-preview":"max-video-preview:-1"},"canonical":"https:\/\/prograin.ca\/ru\/en\/","og_locale":"fr_CA","og_type":"article","og_title":"Prograin | Quality soybeans intended for human consumption","og_description":"Since 1980, Prograin has been valued for the nutritional characteristics of its soybeans as well as for the passionate dedication of its team. We are partners in your success!","og_url":"https:\/\/prograin.ca\/ru\/en\/","og_site_name":"Russia","article_modified_time":"2019-04-17T14:34:33+00:00","twitter_card":"summary_large_image","schema":{"@context":"https:\/\/schema.org","@graph":[{"@type":"WebPage","@id":"https:\/\/prograin.ca\/ru\/en\/","url":"https:\/\/prograin.ca\/ru\/en\/","name":"Prograin | Quality soybeans intended for human consumption","isPartOf":{"@id":"https:\/\/prograin.ca\/ru\/#website"},"datePublished":"2019-02-04T20:20:30+00:00","dateModified":"2019-04-17T14:34:33+00:00","description":"Since 1980, Prograin has been valued for the nutritional characteristics of its soybeans as well as for the passionate dedication of its team. We are partners in your success!","breadcrumb":{"@id":"https:\/\/prograin.ca\/ru\/en\/#breadcrumb"},"inLanguage":"fr-CA","potentialAction":[{"@type":"ReadAction","target":["https:\/\/prograin.ca\/ru\/en\/"]}]},{"@type":"BreadcrumbList","@id":"https:\/\/prograin.ca\/ru\/en\/#breadcrumb","itemListElement":[{"@type":"ListItem","position":1,"name":"Home","item":"https:\/\/prograin.ca\/ru\/en\/"},{"@type":"ListItem","position":2,"name":"Home"}]},{"@type":"WebSite","@id":"https:\/\/prograin.ca\/ru\/#website","url":"https:\/\/prograin.ca\/ru\/","name":"Russia","description":"Un site utilisant WordPress","publisher":{"@id":"https:\/\/prograin.ca\/ru\/#organization"},"potentialAction":[{"@type":"SearchAction","target":{"@type":"EntryPoint","urlTemplate":"https:\/\/prograin.ca\/ru\/?s={search_term_string}"},"query-input":"required name=search_term_string"}],"inLanguage":"fr-CA"},{"@type":"Organization","@id":"https:\/\/prograin.ca\/ru\/#organization","name":"Russia","url":"https:\/\/prograin.ca\/ru\/","logo":{"@type":"ImageObject","inLanguage":"fr-CA","@id":"https:\/\/prograin.ca\/ru\/#\/schema\/logo\/image\/","url":"https:\/\/prograin.ca\/app\/uploads\/sites\/6\/2018\/11\/Prograin-logo-1.png","contentUrl":"https:\/\/prograin.ca\/app\/uploads\/sites\/6\/2018\/11\/Prograin-logo-1.png","width":352,"height":85,"caption":"Russia"},"image":{"@id":"https:\/\/prograin.ca\/ru\/#\/schema\/logo\/image\/"}}]}},"coauthors":[],"author_meta":{"author_link":"https:\/\/prograin.ca\/ru\/author\/developpe\/","display_name":"developpe"},"relative_dates":{"created":"Posted 7 ann\u00e9es ago","modified":"Updated 7 ann\u00e9es ago"},"absolute_dates":{"created":"Posted on 4 f\u00e9vrier 2019","modified":"Updated on 17 avril 2019"},"absolute_dates_time":{"created":"Posted on 4 f\u00e9vrier 2019 20 h 20 min","modified":"Updated on 17 avril 2019 14 h 34 min"},"featured_img_caption":"","featured_img":false,"series_order":"","_links":{"self":[{"href":"https:\/\/prograin.ca\/ru\/wp-json\/wp\/v2\/pages\/19829"}],"collection":[{"href":"https:\/\/prograin.ca\/ru\/wp-json\/wp\/v2\/pages"}],"about":[{"href":"https:\/\/prograin.ca\/ru\/wp-json\/wp\/v2\/types\/page"}],"author":[{"embeddable":true,"href":"https:\/\/prograin.ca\/ru\/wp-json\/wp\/v2\/users\/1"}],"replies":[{"embeddable":true,"href":"https:\/\/prograin.ca\/ru\/wp-json\/wp\/v2\/comments?post=19829"}],"version-history":[{"count":24,"href":"https:\/\/prograin.ca\/ru\/wp-json\/wp\/v2\/pages\/19829\/revisions"}],"predecessor-version":[{"id":22901,"href":"https:\/\/prograin.ca\/ru\/wp-json\/wp\/v2\/pages\/19829\/revisions\/22901"}],"wp:attachment":[{"href":"https:\/\/prograin.ca\/ru\/wp-json\/wp\/v2\/media?parent=19829"}],"curies":[{"name":"wp","href":"https:\/\/api.w.org\/{rel}","templated":true}]}}