
{"id":19907,"date":"2019-02-06T17:57:37","date_gmt":"2019-02-06T17:57:37","guid":{"rendered":"https:\/\/prograin.ca\/soyas\/conditionnement-2\/"},"modified":"2019-04-29T15:20:51","modified_gmt":"2019-04-29T15:20:51","slug":"conditioning","status":"publish","type":"page","link":"https:\/\/prograin.ca\/ua\/en\/food-grade-soybeans\/conditioning\/","title":{"rendered":"Conditioning"},"content":{"rendered":"\n<div class=\"wp-block-balise-section-block alignfull _sectionblock has-1-columns\">\n<div class=\" verticalbg\" style=\"color:#ffffff;background-image:url(https:\/\/prograin.ca\/app\/uploads\/sites\/3\/2019\/03\/323772911.jpg);background-size:cover;padding-top:60px;padding-bottom:60px;padding-left:10px;padding-right:10px\"><div class=\"verticalbg\" style=\"background-image:url(https:\/\/prograin.ca\/app\/uploads\/2019\/01\/conditionnement_header.jpg);background-size:cover\"><\/div><iframe class=\"videobg\" src=\"https:\/\/player.vimeo.com\/video\/323772911?background=1&amp;autoplay=1&amp;byline=0&amp;title=0&amp;muted=1\" frameborder=\"0\" allowfullscreen><\/iframe><div class=\"inside\" style=\"margin:0 auto\">\n<h3 class=\"is-style-blanc\">All our production steps are designed with quality in mind. Rigorous monitoring is carried out according to specific standards by both the producer and Prograin.<\/h3>\n\n\n\n<div class=\"wp-container-3 wp-block-columns has-2-columns\">\n<div class=\"wp-container-1 wp-block-column\">\n<p>Regardless of the delivery method\u2014bulk or bagged\u2014our customers can be sure to receive what they ordered in the right formats and in compliance with the labelling requirements of the <a href=\"http:\/\/www.inspection.gc.ca\/plants\/eng\/1299162629094\/1299162708850\" target=\"_blank\" rel=\"noreferrer noopener\" aria-label=\"Canadian Food Inspection Agency (CFIA). (opens in a new tab)\">Canadian Food Inspection Agency (CFIA).<\/a><\/p>\n<\/div>\n\n\n\n<div class=\"wp-container-2 wp-block-column\"><\/div>\n<\/div>\n<\/div><\/div>\n<\/div>\n\n\n\n<div class=\"wp-block-balise-section-block alignfull _sectionblock has-1-columns\">\n<div class=\"\" style=\"background-size:cover;padding-top:60px;padding-bottom:60px;padding-left:10px;padding-right:10px\"><div class=\"verticalbg\" style=\"background-size:cover\"><\/div><div class=\"inside\" style=\"margin:0 auto\">\n<h3 class=\"is-style-orange\">Our certifications<\/h3>\n\n\n\n<div class=\"wp-container-7 wp-block-columns has-3-columns\">\n<div class=\"wp-container-4 wp-block-column\">\n<figure class=\"wp-block-image is-resized hide-mobile, hide-tablet\"><img loading=\"lazy\" src=\"https:\/\/prograin.ca\/app\/uploads\/2019\/01\/conditionnement_HAACP@2x.jpg\" alt=\"\" class=\"wp-image-19525\" width=\"191\" height=\"220\" srcset=\"https:\/\/prograin.ca\/app\/uploads\/sites\/7\/2019\/01\/conditionnement_HAACP@2x.jpg 382w, https:\/\/prograin.ca\/app\/uploads\/sites\/7\/2019\/01\/conditionnement_HAACP@2x-260x300.jpg 260w\" sizes=\"(max-width: 191px) 100vw, 191px\" \/><\/figure>\n\n\n\n<p><\/p>\n<\/div>\n\n\n\n<div class=\"wp-container-5 wp-block-column\">\n<p>Our <a href=\"https:\/\/www.mapaq.gouv.qc.ca\/fr\/Transformation\/Qualitedesaliments\/ameliorationqualite\/Pages\/Controlequalite.aspx\" target=\"_blank\" rel=\"noreferrer noopener\" aria-label=\" (opens in a new tab)\">HACCP<\/a> (international food safety standards) certification guarantees the food safety of our soybeans.<\/p>\n<\/div>\n\n\n\n<div class=\"wp-container-6 wp-block-column\">\n<p>Certified by the <a href=\"https:\/\/grainscanada.gc.ca\/en\/industry\/grain-safety\/ciprs-hazard-analysis-critical-point.html\" target=\"_blank\" rel=\"noreferrer noopener\" aria-label=\" (opens in a new tab)\">Canadian Identity Preserved Recognition System (CIPRS),<\/a> we also guarantee the entire production process of identity-preserved soybeans, from the seed grower to our end customers. Prograin documents the complete <a href=\"https:\/\/prograin.ca\/ua\/food-grade-soybeans\/traceability\/\">traceability<\/a> of all its soybean varieties.<\/p>\n<\/div>\n<\/div>\n\n\n\n<div class=\"wp-block-balise-section-block alignfull _sectionblock has-2-columns\">\n<div class=\"\" style=\"background-size:cover;padding-top:60px;padding-bottom:60px;padding-left:10px;padding-right:10px\"><div class=\"verticalbg\" style=\"background-size:cover\"><\/div><div class=\"inside\" style=\"margin:0 auto\">\n<h3 class=\"is-style-orange\">State-of-the-art facilities in keeping with our reputation<\/h3>\n\n\n\n<hr class=\"wp-block-separator\"\/>\n\n\n\n<p>Among the most modern in Canada, our range of equipment includes ultra-efficient cleaners, colour sorters, and robots used to palletize small bags.<\/p>\n\n\n\n<h3 class=\"is-style-orange\">A competent team to provide a product of impeccable quality!<\/h3>\n\n\n\n<hr class=\"wp-block-separator\"\/>\n\n\n\n<p>All Prograin employees are fully aware that the soybeans they handle are intended for human consumption. The quality and safety of our products are a top priority for all our staff.<\/p>\n<\/div><\/div>\n\n\n\n<div class=\"\" style=\"background-image:url(https:\/\/prograin.ca\/app\/uploads\/2019\/01\/conditionnement_1.jpg);background-size:cover;padding-top:250px;padding-bottom:250px\"><div class=\"verticalbg\" style=\"background-size:cover\"><\/div><div class=\"inside\" style=\"margin:0 auto\">\n<p><\/p>\n<\/div><\/div>\n<\/div>\n<\/div><\/div>\n<\/div>\n\n\n\n<div class=\"wp-block-balise-section-block alignfull _sectionblock has-2-columns\">\n<div class=\"\" style=\"background-image:url(https:\/\/prograin.ca\/app\/uploads\/2019\/01\/conditionnement_2.jpg);background-size:cover\"><div class=\"verticalbg\" style=\"background-size:cover\"><\/div><div class=\"inside\" style=\"margin:0 auto\"><\/div><\/div>\n\n\n\n<div class=\"\" style=\"background-size:cover;padding-top:60px;padding-bottom:60px;padding-left:10px;padding-right:10px\"><div class=\"verticalbg\" style=\"background-size:cover\"><\/div><div class=\"inside\" style=\"margin:0 auto\">\n<h3 class=\"is-style-orange\">State-of-the-art cleaning and screening<\/h3>\n\n\n\n<hr class=\"wp-block-separator\"\/>\n\n\n\n<p>All stages are optimized using advanced technology:<\/p>\n\n\n\n<p style=\"background-color:#f7f7f7\" class=\"has-background\">Precleaning<br><br>Calibration<br><br>Roller sorting<br><br>Detection of ferrous and non-ferrous metals<br><br>Sorting with high-performance color sorter to ensure visual quality of soybeans<br><br>Final aspiration<br><br>Magnetizing<\/p>\n<\/div><\/div>\n<\/div>\n\n\n\n<div class=\"wp-block-balise-section-block alignfull _sectionblock has-2-columns\">\n<div class=\"\" style=\"background-size:cover;padding-top:60px;padding-bottom:60px;padding-left:30px;padding-right:30px\"><div class=\"verticalbg\" style=\"background-size:cover\"><\/div><div class=\"inside\" style=\"margin:0 auto\">\n<h3 class=\"is-style-orange\">Automated packaging and storage<\/h3>\n\n\n\n<hr class=\"wp-block-separator\"\/>\n\n\n\n<p>Our new automated bagging and palletizing system ensures the safety and purity of soybeans intended for human consumption.<\/p>\n\n\n\n<h3 class=\"is-style-orange\">Logistics and delivery<\/h3>\n\n\n\n<hr class=\"wp-block-separator\"\/>\n\n\n\n<p><a href=\"https:\/\/prograin.ca\/ua\/contact\/\">We are conveniently located<\/a> (lien vers la page contact) near various port facilities; we can thus easily deliver to any international destination.<\/p>\n\n\n\n<p>We offer delivery by road, sea, rail, or air at highly competitive rates.<\/p>\n\n\n\n<p>Envois de sacs sur palettes solidement ceintur\u00e9s d\u2019un ruban de plastique r\u00e9sistant<\/p>\n\n\n\n<p style=\"background-color:#f7f7f7\" class=\"has-background\">Shipments of bags secured on pallets with strong plastic straps<br><br>Quality controls performed DURING and AFTER loading<br><br>Containers are thoroughly inspected and sealed to guarantee product integrity up to the final destination.<br><br><a href=\"https:\/\/prograin.ca\/ua\/food-grade-soybeans\/traceability\/\">Full traceability of each container<\/a> <\/p>\n<\/div><\/div>\n\n\n\n<div class=\"\" style=\"background-image:url(https:\/\/prograin.ca\/app\/uploads\/2019\/01\/conditionnement_3.jpg);background-size:cover;padding-top:250px;padding-bottom:250px\"><div class=\"verticalbg\" style=\"background-size:cover\"><\/div><div class=\"inside\" style=\"margin:0 auto\">\n<p><\/p>\n<\/div><\/div>\n<\/div>\n\n\n\n<div class=\"wp-block-balise-section-block alignfull _sectionblock has-2-columns\">\n<div class=\"\" style=\"background-size:cover;padding-top:60px;padding-bottom:60px;padding-left:10px;padding-right:10px\"><div class=\"verticalbg\" style=\"background-size:cover\"><\/div><div class=\"inside\" style=\"margin:0 auto\">\n<h3 class=\"is-style-orange\">Our supplies are offered in multiple formats to accommodate our customers\u2019 needs!<\/h3>\n\n\n\n<hr class=\"wp-block-separator is-style-wide\"\/>\n<\/div><\/div>\n\n\n\n<div class=\"\" style=\"background-size:cover;padding-top:60px;padding-bottom:60px;padding-left:10px;padding-right:10px\"><div class=\"verticalbg\" style=\"background-size:cover\"><\/div><div class=\"inside\" style=\"margin:0 auto\">\n<p style=\"background-color:#f7f7f7\" class=\"has-background\">Bulk (container)<br><br>Large bags (totes): 1 and 2 tonnes; 3.0 or 3.3 million seeds<br><br>Bags: 25 kg and 30 kg (food); between 100,000 and 140,000 seeds depending on variety <\/p>\n<\/div><\/div>\n<\/div>\n","protected":false},"excerpt":{"rendered":"","protected":false},"author":1,"featured_media":0,"parent":19894,"menu_order":2,"comment_status":"closed","ping_status":"closed","template":"","meta":{"advgb_blocks_editor_width":"","advgb_blocks_columns_visual_guide":""},"yoast_head":"<!-- This site is optimized with the Yoast SEO plugin v19.11 - https:\/\/yoast.com\/wordpress\/plugins\/seo\/ -->\n<title>Prograin | Production steps designed for quality soybeans<\/title>\n<meta name=\"description\" content=\"Regardless of the delivery method, you are sure to receive the soy production you ordered thanks to Prograin\u2019s rigorous conditioning steps.\" \/>\n<meta name=\"robots\" content=\"index, follow, max-snippet:-1, max-image-preview:large, max-video-preview:-1\" \/>\n<link rel=\"canonical\" href=\"https:\/\/prograin.ca\/ua\/en\/food-grade-soybeans\/conditioning\/\" \/>\n<meta property=\"og:locale\" content=\"fr_CA\" \/>\n<meta property=\"og:type\" content=\"article\" \/>\n<meta property=\"og:title\" content=\"Prograin | Production steps designed for quality soybeans\" \/>\n<meta property=\"og:description\" content=\"Regardless of the delivery method, you are sure to receive the soy production you ordered thanks to Prograin\u2019s rigorous conditioning steps.\" \/>\n<meta property=\"og:url\" content=\"https:\/\/prograin.ca\/ua\/en\/food-grade-soybeans\/conditioning\/\" \/>\n<meta property=\"og:site_name\" content=\"Ukraine\" \/>\n<meta property=\"article:modified_time\" content=\"2019-04-29T15:20:51+00:00\" \/>\n<meta property=\"og:image\" content=\"https:\/\/prograin.ca\/app\/uploads\/2019\/01\/conditionnement_HAACP@2x.jpg\" \/>\n<meta name=\"twitter:card\" content=\"summary_large_image\" \/>\n<meta name=\"twitter:label1\" content=\"Estimation du temps de lecture\" \/>\n\t<meta name=\"twitter:data1\" content=\"2 minutes\" \/>\n<script type=\"application\/ld+json\" class=\"yoast-schema-graph\">{\"@context\":\"https:\/\/schema.org\",\"@graph\":[{\"@type\":\"WebPage\",\"@id\":\"https:\/\/prograin.ca\/ua\/en\/food-grade-soybeans\/conditioning\/\",\"url\":\"https:\/\/prograin.ca\/ua\/en\/food-grade-soybeans\/conditioning\/\",\"name\":\"Prograin | Production steps designed for quality soybeans\",\"isPartOf\":{\"@id\":\"https:\/\/prograin.ca\/ua\/#website\"},\"datePublished\":\"2019-02-06T17:57:37+00:00\",\"dateModified\":\"2019-04-29T15:20:51+00:00\",\"description\":\"Regardless of the delivery method, you are sure to receive the soy production you ordered thanks to Prograin\u2019s rigorous conditioning steps.\",\"breadcrumb\":{\"@id\":\"https:\/\/prograin.ca\/ua\/en\/food-grade-soybeans\/conditioning\/#breadcrumb\"},\"inLanguage\":\"fr-CA\",\"potentialAction\":[{\"@type\":\"ReadAction\",\"target\":[\"https:\/\/prograin.ca\/ua\/en\/food-grade-soybeans\/conditioning\/\"]}]},{\"@type\":\"BreadcrumbList\",\"@id\":\"https:\/\/prograin.ca\/ua\/en\/food-grade-soybeans\/conditioning\/#breadcrumb\",\"itemListElement\":[{\"@type\":\"ListItem\",\"position\":1,\"name\":\"Home\",\"item\":\"https:\/\/prograin.ca\/ua\/en\/\"},{\"@type\":\"ListItem\",\"position\":2,\"name\":\"Food-grade soybeans\",\"item\":\"https:\/\/prograin.ca\/ua\/en\/food-grade-soybeans\/\"},{\"@type\":\"ListItem\",\"position\":3,\"name\":\"Conditioning\"}]},{\"@type\":\"WebSite\",\"@id\":\"https:\/\/prograin.ca\/ua\/#website\",\"url\":\"https:\/\/prograin.ca\/ua\/\",\"name\":\"Ukraine\",\"description\":\"Un site utilisant WordPress\",\"publisher\":{\"@id\":\"https:\/\/prograin.ca\/ua\/#organization\"},\"potentialAction\":[{\"@type\":\"SearchAction\",\"target\":{\"@type\":\"EntryPoint\",\"urlTemplate\":\"https:\/\/prograin.ca\/ua\/?s={search_term_string}\"},\"query-input\":\"required name=search_term_string\"}],\"inLanguage\":\"fr-CA\"},{\"@type\":\"Organization\",\"@id\":\"https:\/\/prograin.ca\/ua\/#organization\",\"name\":\"Ukraine\",\"url\":\"https:\/\/prograin.ca\/ua\/\",\"logo\":{\"@type\":\"ImageObject\",\"inLanguage\":\"fr-CA\",\"@id\":\"https:\/\/prograin.ca\/ua\/#\/schema\/logo\/image\/\",\"url\":\"https:\/\/prograin.ca\/app\/uploads\/sites\/7\/2018\/11\/Prograin-logo-1.png\",\"contentUrl\":\"https:\/\/prograin.ca\/app\/uploads\/sites\/7\/2018\/11\/Prograin-logo-1.png\",\"width\":352,\"height\":85,\"caption\":\"Ukraine\"},\"image\":{\"@id\":\"https:\/\/prograin.ca\/ua\/#\/schema\/logo\/image\/\"}}]}<\/script>\n<!-- \/ Yoast SEO plugin. -->","yoast_head_json":{"title":"Prograin | Production steps designed for quality soybeans","description":"Regardless of the delivery method, you are sure to receive the soy production you ordered thanks to Prograin\u2019s rigorous conditioning steps.","robots":{"index":"index","follow":"follow","max-snippet":"max-snippet:-1","max-image-preview":"max-image-preview:large","max-video-preview":"max-video-preview:-1"},"canonical":"https:\/\/prograin.ca\/ua\/en\/food-grade-soybeans\/conditioning\/","og_locale":"fr_CA","og_type":"article","og_title":"Prograin | Production steps designed for quality soybeans","og_description":"Regardless of the delivery method, you are sure to receive the soy production you ordered thanks to Prograin\u2019s rigorous conditioning steps.","og_url":"https:\/\/prograin.ca\/ua\/en\/food-grade-soybeans\/conditioning\/","og_site_name":"Ukraine","article_modified_time":"2019-04-29T15:20:51+00:00","og_image":[{"url":"https:\/\/prograin.ca\/app\/uploads\/2019\/01\/conditionnement_HAACP@2x.jpg"}],"twitter_card":"summary_large_image","twitter_misc":{"Estimation du temps de lecture":"2 minutes"},"schema":{"@context":"https:\/\/schema.org","@graph":[{"@type":"WebPage","@id":"https:\/\/prograin.ca\/ua\/en\/food-grade-soybeans\/conditioning\/","url":"https:\/\/prograin.ca\/ua\/en\/food-grade-soybeans\/conditioning\/","name":"Prograin | Production steps designed for quality soybeans","isPartOf":{"@id":"https:\/\/prograin.ca\/ua\/#website"},"datePublished":"2019-02-06T17:57:37+00:00","dateModified":"2019-04-29T15:20:51+00:00","description":"Regardless of the delivery method, you are sure to receive the soy production you ordered thanks to Prograin\u2019s rigorous conditioning steps.","breadcrumb":{"@id":"https:\/\/prograin.ca\/ua\/en\/food-grade-soybeans\/conditioning\/#breadcrumb"},"inLanguage":"fr-CA","potentialAction":[{"@type":"ReadAction","target":["https:\/\/prograin.ca\/ua\/en\/food-grade-soybeans\/conditioning\/"]}]},{"@type":"BreadcrumbList","@id":"https:\/\/prograin.ca\/ua\/en\/food-grade-soybeans\/conditioning\/#breadcrumb","itemListElement":[{"@type":"ListItem","position":1,"name":"Home","item":"https:\/\/prograin.ca\/ua\/en\/"},{"@type":"ListItem","position":2,"name":"Food-grade soybeans","item":"https:\/\/prograin.ca\/ua\/en\/food-grade-soybeans\/"},{"@type":"ListItem","position":3,"name":"Conditioning"}]},{"@type":"WebSite","@id":"https:\/\/prograin.ca\/ua\/#website","url":"https:\/\/prograin.ca\/ua\/","name":"Ukraine","description":"Un site utilisant WordPress","publisher":{"@id":"https:\/\/prograin.ca\/ua\/#organization"},"potentialAction":[{"@type":"SearchAction","target":{"@type":"EntryPoint","urlTemplate":"https:\/\/prograin.ca\/ua\/?s={search_term_string}"},"query-input":"required name=search_term_string"}],"inLanguage":"fr-CA"},{"@type":"Organization","@id":"https:\/\/prograin.ca\/ua\/#organization","name":"Ukraine","url":"https:\/\/prograin.ca\/ua\/","logo":{"@type":"ImageObject","inLanguage":"fr-CA","@id":"https:\/\/prograin.ca\/ua\/#\/schema\/logo\/image\/","url":"https:\/\/prograin.ca\/app\/uploads\/sites\/7\/2018\/11\/Prograin-logo-1.png","contentUrl":"https:\/\/prograin.ca\/app\/uploads\/sites\/7\/2018\/11\/Prograin-logo-1.png","width":352,"height":85,"caption":"Ukraine"},"image":{"@id":"https:\/\/prograin.ca\/ua\/#\/schema\/logo\/image\/"}}]}},"coauthors":[],"author_meta":{"author_link":"https:\/\/prograin.ca\/ua\/author\/developpe\/","display_name":"developpe"},"relative_dates":{"created":"Posted 7 ann\u00e9es ago","modified":"Updated 7 ann\u00e9es ago"},"absolute_dates":{"created":"Posted on 6 f\u00e9vrier 2019","modified":"Updated on 29 avril 2019"},"absolute_dates_time":{"created":"Posted on 6 f\u00e9vrier 2019 17 h 57 min","modified":"Updated on 29 avril 2019 15 h 20 min"},"featured_img_caption":"","featured_img":false,"series_order":"","_links":{"self":[{"href":"https:\/\/prograin.ca\/ua\/wp-json\/wp\/v2\/pages\/19907"}],"collection":[{"href":"https:\/\/prograin.ca\/ua\/wp-json\/wp\/v2\/pages"}],"about":[{"href":"https:\/\/prograin.ca\/ua\/wp-json\/wp\/v2\/types\/page"}],"author":[{"embeddable":true,"href":"https:\/\/prograin.ca\/ua\/wp-json\/wp\/v2\/users\/1"}],"replies":[{"embeddable":true,"href":"https:\/\/prograin.ca\/ua\/wp-json\/wp\/v2\/comments?post=19907"}],"version-history":[{"count":18,"href":"https:\/\/prograin.ca\/ua\/wp-json\/wp\/v2\/pages\/19907\/revisions"}],"predecessor-version":[{"id":22909,"href":"https:\/\/prograin.ca\/ua\/wp-json\/wp\/v2\/pages\/19907\/revisions\/22909"}],"up":[{"embeddable":true,"href":"https:\/\/prograin.ca\/ua\/wp-json\/wp\/v2\/pages\/19894"}],"wp:attachment":[{"href":"https:\/\/prograin.ca\/ua\/wp-json\/wp\/v2\/media?parent=19907"}],"curies":[{"name":"wp","href":"https:\/\/api.w.org\/{rel}","templated":true}]}}