
{"id":19920,"date":"2019-02-06T18:08:47","date_gmt":"2019-02-06T18:08:47","guid":{"rendered":"https:\/\/prograin.ca\/soyas\/tracabilite-2\/"},"modified":"2019-02-06T18:10:20","modified_gmt":"2019-02-06T18:10:20","slug":"traceability","status":"publish","type":"page","link":"https:\/\/prograin.ca\/ua\/en\/food-grade-soybeans\/traceability\/","title":{"rendered":"Traceability"},"content":{"rendered":"\n<div class=\"wp-block-balise-section-block alignfull _sectionblock has-1-columns\">\n<div style=\"color:#ffffff;background-image:url(https:\/\/prograin.ca\/app\/uploads\/2019\/01\/tracabilite_header.jpg);background-size:cover;padding-top:60px;padding-bottom:60px;padding-left:10px;padding-right:10px\"><div class=\"inside\" style=\"margin:0 auto\">\n<h3>The producers we work with all have something in common. They share a real passion for farming, professionalism, and quality.<\/h3>\n\n\n\n<div class=\"wp-container-3 wp-block-columns has-2-columns\">\n<div class=\"wp-container-1 wp-block-column\">\n<p>When seeds are sold to a farmer, a production agreement is signed to establish remuneration based on the production of non-GMO soybean varieties. In addition, premiums and rewards are accorded based on compliance with established quality standards.<\/p>\n<\/div>\n\n\n\n<div class=\"wp-container-2 wp-block-column\"><\/div>\n<\/div>\n<\/div><\/div>\n<\/div>\n\n\n\n<div class=\"wp-block-balise-section-block alignfull _sectionblock has-1-columns\">\n<div style=\"background-size:cover;padding-top:60px;padding-bottom:60px;padding-left:10px;padding-right:10px\"><div class=\"inside\" style=\"margin:0 auto\">\n<h3 class=\"is-style-orange\">Close monitoring of farmers for impeccable quality<\/h3>\n\n\n\n<div class=\"wp-container-6 wp-block-columns has-2-columns\">\n<div class=\"wp-container-4 wp-block-column\">\n<p>The farmers we work with are bound by production agreements and are governed by numerous certifications.<\/p>\n\n\n\n<figure class=\"wp-block-image is-resized\"><img loading=\"lazy\" src=\"https:\/\/prograin.ca\/app\/uploads\/2019\/01\/tracabilite_logo_csi@2x.jpg\" alt=\"\" class=\"wp-image-19508\" width=\"409\" height=\"163\" srcset=\"https:\/\/prograin.ca\/app\/uploads\/sites\/7\/2019\/01\/tracabilite_logo_csi@2x.jpg 817w, https:\/\/prograin.ca\/app\/uploads\/sites\/7\/2019\/01\/tracabilite_logo_csi@2x-300x119.jpg 300w, https:\/\/prograin.ca\/app\/uploads\/sites\/7\/2019\/01\/tracabilite_logo_csi@2x-768x306.jpg 768w\" sizes=\"(max-width: 409px) 100vw, 409px\" \/><\/figure>\n<\/div>\n\n\n\n<div class=\"wp-container-5 wp-block-column\">\n<p>Whether it is seed production, identity-preserved soybean crop, or organic production, rigorous monitoring according to precise standards is carried out at various times, from seeding to harvest. Prograin quality is ensured, always!<\/p>\n<\/div>\n<\/div>\n<\/div><\/div>\n<\/div>\n","protected":false},"excerpt":{"rendered":"","protected":false},"author":1,"featured_media":0,"parent":19894,"menu_order":4,"comment_status":"closed","ping_status":"closed","template":"","meta":{"advgb_blocks_editor_width":"","advgb_blocks_columns_visual_guide":""},"yoast_head":"<!-- This site is optimized with the Yoast SEO plugin v19.11 - https:\/\/yoast.com\/wordpress\/plugins\/seo\/ -->\n<title>Prograin | Rigorous monitoring of farmers for superior quality<\/title>\n<meta name=\"description\" content=\"The complete traceability program extends throughout the entire production cycle to ensure exceptional quality.\" \/>\n<meta name=\"robots\" content=\"index, follow, max-snippet:-1, max-image-preview:large, max-video-preview:-1\" \/>\n<link rel=\"canonical\" href=\"https:\/\/prograin.ca\/ua\/en\/food-grade-soybeans\/traceability\/\" \/>\n<meta property=\"og:locale\" content=\"fr_CA\" \/>\n<meta property=\"og:type\" content=\"article\" \/>\n<meta property=\"og:title\" content=\"Prograin | Rigorous monitoring of farmers for superior quality\" \/>\n<meta property=\"og:description\" content=\"The complete traceability program extends throughout the entire production cycle to ensure exceptional quality.\" \/>\n<meta property=\"og:url\" content=\"https:\/\/prograin.ca\/ua\/en\/food-grade-soybeans\/traceability\/\" \/>\n<meta property=\"og:site_name\" content=\"Ukraine\" \/>\n<meta property=\"article:modified_time\" content=\"2019-02-06T18:10:20+00:00\" \/>\n<meta property=\"og:image\" content=\"https:\/\/prograin.ca\/app\/uploads\/2019\/01\/tracabilite_logo_csi@2x.jpg\" \/>\n<meta name=\"twitter:card\" content=\"summary_large_image\" \/>\n<meta name=\"twitter:label1\" content=\"Estimation du temps de lecture\" \/>\n\t<meta name=\"twitter:data1\" content=\"1 minute\" \/>\n<script type=\"application\/ld+json\" class=\"yoast-schema-graph\">{\"@context\":\"https:\/\/schema.org\",\"@graph\":[{\"@type\":\"WebPage\",\"@id\":\"https:\/\/prograin.ca\/ua\/en\/food-grade-soybeans\/traceability\/\",\"url\":\"https:\/\/prograin.ca\/ua\/en\/food-grade-soybeans\/traceability\/\",\"name\":\"Prograin | Rigorous monitoring of farmers for superior quality\",\"isPartOf\":{\"@id\":\"https:\/\/prograin.ca\/ua\/#website\"},\"datePublished\":\"2019-02-06T18:08:47+00:00\",\"dateModified\":\"2019-02-06T18:10:20+00:00\",\"description\":\"The complete traceability program extends throughout the entire production cycle to ensure exceptional quality.\",\"breadcrumb\":{\"@id\":\"https:\/\/prograin.ca\/ua\/en\/food-grade-soybeans\/traceability\/#breadcrumb\"},\"inLanguage\":\"fr-CA\",\"potentialAction\":[{\"@type\":\"ReadAction\",\"target\":[\"https:\/\/prograin.ca\/ua\/en\/food-grade-soybeans\/traceability\/\"]}]},{\"@type\":\"BreadcrumbList\",\"@id\":\"https:\/\/prograin.ca\/ua\/en\/food-grade-soybeans\/traceability\/#breadcrumb\",\"itemListElement\":[{\"@type\":\"ListItem\",\"position\":1,\"name\":\"Home\",\"item\":\"https:\/\/prograin.ca\/ua\/en\/\"},{\"@type\":\"ListItem\",\"position\":2,\"name\":\"Food-grade soybeans\",\"item\":\"https:\/\/prograin.ca\/ua\/en\/food-grade-soybeans\/\"},{\"@type\":\"ListItem\",\"position\":3,\"name\":\"Traceability\"}]},{\"@type\":\"WebSite\",\"@id\":\"https:\/\/prograin.ca\/ua\/#website\",\"url\":\"https:\/\/prograin.ca\/ua\/\",\"name\":\"Ukraine\",\"description\":\"Un site utilisant WordPress\",\"publisher\":{\"@id\":\"https:\/\/prograin.ca\/ua\/#organization\"},\"potentialAction\":[{\"@type\":\"SearchAction\",\"target\":{\"@type\":\"EntryPoint\",\"urlTemplate\":\"https:\/\/prograin.ca\/ua\/?s={search_term_string}\"},\"query-input\":\"required name=search_term_string\"}],\"inLanguage\":\"fr-CA\"},{\"@type\":\"Organization\",\"@id\":\"https:\/\/prograin.ca\/ua\/#organization\",\"name\":\"Ukraine\",\"url\":\"https:\/\/prograin.ca\/ua\/\",\"logo\":{\"@type\":\"ImageObject\",\"inLanguage\":\"fr-CA\",\"@id\":\"https:\/\/prograin.ca\/ua\/#\/schema\/logo\/image\/\",\"url\":\"https:\/\/prograin.ca\/app\/uploads\/sites\/7\/2018\/11\/Prograin-logo-1.png\",\"contentUrl\":\"https:\/\/prograin.ca\/app\/uploads\/sites\/7\/2018\/11\/Prograin-logo-1.png\",\"width\":352,\"height\":85,\"caption\":\"Ukraine\"},\"image\":{\"@id\":\"https:\/\/prograin.ca\/ua\/#\/schema\/logo\/image\/\"}}]}<\/script>\n<!-- \/ Yoast SEO plugin. -->","yoast_head_json":{"title":"Prograin | Rigorous monitoring of farmers for superior quality","description":"The complete traceability program extends throughout the entire production cycle to ensure exceptional quality.","robots":{"index":"index","follow":"follow","max-snippet":"max-snippet:-1","max-image-preview":"max-image-preview:large","max-video-preview":"max-video-preview:-1"},"canonical":"https:\/\/prograin.ca\/ua\/en\/food-grade-soybeans\/traceability\/","og_locale":"fr_CA","og_type":"article","og_title":"Prograin | Rigorous monitoring of farmers for superior quality","og_description":"The complete traceability program extends throughout the entire production cycle to ensure exceptional quality.","og_url":"https:\/\/prograin.ca\/ua\/en\/food-grade-soybeans\/traceability\/","og_site_name":"Ukraine","article_modified_time":"2019-02-06T18:10:20+00:00","og_image":[{"url":"https:\/\/prograin.ca\/app\/uploads\/2019\/01\/tracabilite_logo_csi@2x.jpg"}],"twitter_card":"summary_large_image","twitter_misc":{"Estimation du temps de lecture":"1 minute"},"schema":{"@context":"https:\/\/schema.org","@graph":[{"@type":"WebPage","@id":"https:\/\/prograin.ca\/ua\/en\/food-grade-soybeans\/traceability\/","url":"https:\/\/prograin.ca\/ua\/en\/food-grade-soybeans\/traceability\/","name":"Prograin | Rigorous monitoring of farmers for superior quality","isPartOf":{"@id":"https:\/\/prograin.ca\/ua\/#website"},"datePublished":"2019-02-06T18:08:47+00:00","dateModified":"2019-02-06T18:10:20+00:00","description":"The complete traceability program extends throughout the entire production cycle to ensure exceptional quality.","breadcrumb":{"@id":"https:\/\/prograin.ca\/ua\/en\/food-grade-soybeans\/traceability\/#breadcrumb"},"inLanguage":"fr-CA","potentialAction":[{"@type":"ReadAction","target":["https:\/\/prograin.ca\/ua\/en\/food-grade-soybeans\/traceability\/"]}]},{"@type":"BreadcrumbList","@id":"https:\/\/prograin.ca\/ua\/en\/food-grade-soybeans\/traceability\/#breadcrumb","itemListElement":[{"@type":"ListItem","position":1,"name":"Home","item":"https:\/\/prograin.ca\/ua\/en\/"},{"@type":"ListItem","position":2,"name":"Food-grade soybeans","item":"https:\/\/prograin.ca\/ua\/en\/food-grade-soybeans\/"},{"@type":"ListItem","position":3,"name":"Traceability"}]},{"@type":"WebSite","@id":"https:\/\/prograin.ca\/ua\/#website","url":"https:\/\/prograin.ca\/ua\/","name":"Ukraine","description":"Un site utilisant WordPress","publisher":{"@id":"https:\/\/prograin.ca\/ua\/#organization"},"potentialAction":[{"@type":"SearchAction","target":{"@type":"EntryPoint","urlTemplate":"https:\/\/prograin.ca\/ua\/?s={search_term_string}"},"query-input":"required name=search_term_string"}],"inLanguage":"fr-CA"},{"@type":"Organization","@id":"https:\/\/prograin.ca\/ua\/#organization","name":"Ukraine","url":"https:\/\/prograin.ca\/ua\/","logo":{"@type":"ImageObject","inLanguage":"fr-CA","@id":"https:\/\/prograin.ca\/ua\/#\/schema\/logo\/image\/","url":"https:\/\/prograin.ca\/app\/uploads\/sites\/7\/2018\/11\/Prograin-logo-1.png","contentUrl":"https:\/\/prograin.ca\/app\/uploads\/sites\/7\/2018\/11\/Prograin-logo-1.png","width":352,"height":85,"caption":"Ukraine"},"image":{"@id":"https:\/\/prograin.ca\/ua\/#\/schema\/logo\/image\/"}}]}},"coauthors":[],"author_meta":{"author_link":"https:\/\/prograin.ca\/ua\/author\/developpe\/","display_name":"developpe"},"relative_dates":{"created":"Posted 7 ann\u00e9es ago","modified":"Updated 7 ann\u00e9es ago"},"absolute_dates":{"created":"Posted on 6 f\u00e9vrier 2019","modified":"Updated on 6 f\u00e9vrier 2019"},"absolute_dates_time":{"created":"Posted on 6 f\u00e9vrier 2019 18 h 08 min","modified":"Updated on 6 f\u00e9vrier 2019 18 h 10 min"},"featured_img_caption":"","featured_img":false,"series_order":"","_links":{"self":[{"href":"https:\/\/prograin.ca\/ua\/wp-json\/wp\/v2\/pages\/19920"}],"collection":[{"href":"https:\/\/prograin.ca\/ua\/wp-json\/wp\/v2\/pages"}],"about":[{"href":"https:\/\/prograin.ca\/ua\/wp-json\/wp\/v2\/types\/page"}],"author":[{"embeddable":true,"href":"https:\/\/prograin.ca\/ua\/wp-json\/wp\/v2\/users\/1"}],"replies":[{"embeddable":true,"href":"https:\/\/prograin.ca\/ua\/wp-json\/wp\/v2\/comments?post=19920"}],"version-history":[{"count":1,"href":"https:\/\/prograin.ca\/ua\/wp-json\/wp\/v2\/pages\/19920\/revisions"}],"predecessor-version":[{"id":19922,"href":"https:\/\/prograin.ca\/ua\/wp-json\/wp\/v2\/pages\/19920\/revisions\/19922"}],"up":[{"embeddable":true,"href":"https:\/\/prograin.ca\/ua\/wp-json\/wp\/v2\/pages\/19894"}],"wp:attachment":[{"href":"https:\/\/prograin.ca\/ua\/wp-json\/wp\/v2\/media?parent=19920"}],"curies":[{"name":"wp","href":"https:\/\/api.w.org\/{rel}","templated":true}]}}